{"id":133631,"date":"2024-06-09T16:08:22","date_gmt":"2024-06-09T14:08:22","guid":{"rendered":"https:\/\/cappiello.fr\/copyright\/"},"modified":"2025-04-25T13:33:18","modified_gmt":"2025-04-25T11:33:18","slug":"copyright","status":"publish","type":"page","link":"https:\/\/cappiello.fr\/en\/copyright\/","title":{"rendered":"Copyright"},"content":{"rendered":"<div class=\"fusion-fullwidth fullwidth-box fusion-builder-row-1 fusion-flex-container nonhundred-percent-fullwidth non-hundred-percent-height-scrolling\" style=\"--awb-border-radius-top-left:0px;--awb-border-radius-top-right:0px;--awb-border-radius-bottom-right:0px;--awb-border-radius-bottom-left:0px;--awb-flex-wrap:wrap;\" ><div class=\"fusion-builder-row fusion-row fusion-flex-align-items-flex-start fusion-flex-content-wrap\" style=\"max-width:1268.8px;margin-left: calc(-4% \/ 2 );margin-right: calc(-4% \/ 2 );\"><div class=\"fusion-layout-column fusion_builder_column fusion-builder-column-0 fusion_builder_column_1_1 1_1 fusion-flex-column\" style=\"--awb-bg-blend:overlay;--awb-bg-size:cover;--awb-width-large:100%;--awb-margin-top-large:0px;--awb-spacing-right-large:1.92%;--awb-margin-bottom-large:0px;--awb-spacing-left-large:1.92%;--awb-width-medium:100%;--awb-spacing-right-medium:1.92%;--awb-spacing-left-medium:1.92%;--awb-width-small:100%;--awb-spacing-right-small:1.92%;--awb-spacing-left-small:1.92%;\"><div class=\"fusion-column-wrapper fusion-flex-justify-content-flex-start fusion-content-layout-column\"><div class=\"fusion-text fusion-text-1\" style=\"--awb-font-size:var(--awb-typography4-font-size);--awb-line-height:var(--awb-typography4-line-height);--awb-letter-spacing:var(--awb-typography4-letter-spacing);--awb-text-transform:var(--awb-typography4-text-transform);--awb-text-color:var(--awb-color2);--awb-text-font-family:var(--awb-typography4-font-family);--awb-text-font-weight:var(--awb-typography4-font-weight);--awb-text-font-style:var(--awb-typography4-font-style);\"><p>The following conditions apply unless otherwise stated on the notice associated with each image.<\/p>\n<h2 class=\"fusion-responsive-typography-calculated\" style=\"--fontsize: 50; line-height: 1.2;\" data-fontsize=\"50\" data-lineheight=\"60px\"><span style=\"color: #ffffff;\">Non-commercial use:<\/span><\/h2>\n<p>The photographs presented on this site may be freely used, unmodified, for non-commercial purposes,<br \/>\n&#8211; for private needs,<br \/>\n&#8211; for teaching and research purposes.<br \/>\nIn both cases, a credit indicating the source of the image: \u00ab<a style=\"color: var(--awb-color3);\" href=\"https:\/\/cappiello.fr\/en\/\">cappiello.fr<\/a>\u00bb must be provided.<br \/>\n&#8211; For a website, blog, or social network, provided that each image is accompanied by the hyperlink \u00ab<a style=\"color: var(--awb-color3);\" href=\"https:\/\/cappiello.fr\/en\/\">cappiello.fr<\/a>\u00bb<\/p>\n<h3 class=\"fusion-responsive-typography-calculated\" style=\"--fontsize: 43; line-height: 1.2;\" data-fontsize=\"43\" data-lineheight=\"51.6px\"><span style=\"color: #ffffff;\">Press:<\/span><\/h3>\n<p>The photographs presented on this site, unmodified and used in a newspaper or press review, are free of rights provided that the source of the images is credited: \u00ab<a style=\"color: var(--awb-color3);\" href=\"https:\/\/cappiello.fr\/en\/\">cappiello.fr<\/a>\u00bb<\/p>\n<h3 class=\"fusion-responsive-typography-calculated\" style=\"--fontsize: 43; line-height: 1.2;\" data-fontsize=\"43\" data-lineheight=\"51.6px\"><span style=\"color: #ffffff;\">Other uses:<\/span><\/h3>\n<p>For all other uses, a publication authorization must be obtained by making a request to <a style=\"color: var(--awb-color3);\" href=\"mailto:contact@cappiello.fr\">contact@cappiello.fr<\/a> in French or English.<br \/>\nThis authorization is granted for a single use only. Any additional use or modification related to the initially intended use must be subject to a new authorization.<\/p>\n<p>Most often, we are able to provide a high-definition file of the requested photos.<\/p>\n<h2 class=\"fusion-responsive-typography-calculated\" style=\"--fontsize: 50; line-height: 1.2;\" data-fontsize=\"50\" data-lineheight=\"60px\"><span style=\"color: #ffffff;\">Modification of photographs:<\/span><\/h2>\n<p>The reproduced photographs may not be modified. However, their size may be proportionally reduced, and they may be published in black and white.<\/p>\n<\/div><\/div><\/div><\/div><\/div>\n","protected":false},"excerpt":{"rendered":"","protected":false},"author":1,"featured_media":0,"parent":0,"menu_order":0,"comment_status":"closed","ping_status":"closed","template":"100-width.php","meta":{"_acf_changed":false,"footnotes":""},"class_list":["post-133631","page","type-page","status-publish","hentry"],"acf":[],"yoast_head":"<!-- This site is optimized with the Yoast SEO Premium plugin v27.0 (Yoast SEO v27.4) - https:\/\/yoast.com\/product\/yoast-seo-premium-wordpress\/ -->\n<title>Copyright - Catalogue raisonn\u00e9 de Leonetto Cappiello<\/title>\n<meta name=\"description\" content=\"Copyright on the work of Leonetto Cappiello\" \/>\n<meta name=\"robots\" content=\"index, follow, max-snippet:-1, max-image-preview:large, max-video-preview:-1\" \/>\n<link rel=\"canonical\" href=\"https:\/\/cappiello.fr\/en\/copyright\/\" \/>\n<meta property=\"og:locale\" content=\"en_US\" \/>\n<meta property=\"og:type\" content=\"article\" \/>\n<meta property=\"og:title\" content=\"Copyright\" \/>\n<meta property=\"og:description\" content=\"Copyright on the work of Leonetto Cappiello\" \/>\n<meta property=\"og:url\" content=\"https:\/\/cappiello.fr\/en\/copyright\/\" \/>\n<meta property=\"og:site_name\" content=\"Catalogue raisonn\u00e9 de Leonetto Cappiello\" \/>\n<meta property=\"article:modified_time\" content=\"2025-04-25T11:33:18+00:00\" \/>\n<meta name=\"twitter:card\" content=\"summary_large_image\" \/>\n<meta name=\"twitter:label1\" content=\"Est. reading time\" \/>\n\t<meta name=\"twitter:data1\" content=\"2 minutes\" \/>\n<script type=\"application\/ld+json\" class=\"yoast-schema-graph\">{\"@context\":\"https:\\\/\\\/schema.org\",\"@graph\":[{\"@type\":\"WebPage\",\"@id\":\"https:\\\/\\\/cappiello.fr\\\/en\\\/copyright\\\/\",\"url\":\"https:\\\/\\\/cappiello.fr\\\/en\\\/copyright\\\/\",\"name\":\"Copyright - Catalogue raisonn\u00e9 de Leonetto Cappiello\",\"isPartOf\":{\"@id\":\"https:\\\/\\\/cappiello.fr\\\/en\\\/#website\"},\"datePublished\":\"2024-06-09T14:08:22+00:00\",\"dateModified\":\"2025-04-25T11:33:18+00:00\",\"description\":\"Copyright on the work of Leonetto Cappiello\",\"breadcrumb\":{\"@id\":\"https:\\\/\\\/cappiello.fr\\\/en\\\/copyright\\\/#breadcrumb\"},\"inLanguage\":\"en-US\",\"potentialAction\":[{\"@type\":\"ReadAction\",\"target\":[\"https:\\\/\\\/cappiello.fr\\\/en\\\/copyright\\\/\"]}]},{\"@type\":\"BreadcrumbList\",\"@id\":\"https:\\\/\\\/cappiello.fr\\\/en\\\/copyright\\\/#breadcrumb\",\"itemListElement\":[{\"@type\":\"ListItem\",\"position\":1,\"name\":\"Accueil\",\"item\":\"https:\\\/\\\/cappiello.fr\\\/en\\\/\"},{\"@type\":\"ListItem\",\"position\":2,\"name\":\"Copyright\"}]},{\"@type\":\"WebSite\",\"@id\":\"https:\\\/\\\/cappiello.fr\\\/en\\\/#website\",\"url\":\"https:\\\/\\\/cappiello.fr\\\/en\\\/\",\"name\":\"Catalogue raisonn\u00e9 de Leonetto Cappiello\",\"description\":\"Plongez dans l&#039;univers de Leonetto Cappiello, le p\u00e8re de la publicit\u00e9 moderne\",\"potentialAction\":[{\"@type\":\"SearchAction\",\"target\":{\"@type\":\"EntryPoint\",\"urlTemplate\":\"https:\\\/\\\/cappiello.fr\\\/en\\\/?s={search_term_string}\"},\"query-input\":{\"@type\":\"PropertyValueSpecification\",\"valueRequired\":true,\"valueName\":\"search_term_string\"}}],\"inLanguage\":\"en-US\"}]}<\/script>\n<!-- \/ Yoast SEO Premium plugin. -->","yoast_head_json":{"title":"Copyright - Catalogue raisonn\u00e9 de Leonetto Cappiello","description":"Copyright on the work of Leonetto Cappiello","robots":{"index":"index","follow":"follow","max-snippet":"max-snippet:-1","max-image-preview":"max-image-preview:large","max-video-preview":"max-video-preview:-1"},"canonical":"https:\/\/cappiello.fr\/en\/copyright\/","og_locale":"en_US","og_type":"article","og_title":"Copyright","og_description":"Copyright on the work of Leonetto Cappiello","og_url":"https:\/\/cappiello.fr\/en\/copyright\/","og_site_name":"Catalogue raisonn\u00e9 de Leonetto Cappiello","article_modified_time":"2025-04-25T11:33:18+00:00","twitter_card":"summary_large_image","twitter_misc":{"Est. reading time":"2 minutes"},"schema":{"@context":"https:\/\/schema.org","@graph":[{"@type":"WebPage","@id":"https:\/\/cappiello.fr\/en\/copyright\/","url":"https:\/\/cappiello.fr\/en\/copyright\/","name":"Copyright - Catalogue raisonn\u00e9 de Leonetto Cappiello","isPartOf":{"@id":"https:\/\/cappiello.fr\/en\/#website"},"datePublished":"2024-06-09T14:08:22+00:00","dateModified":"2025-04-25T11:33:18+00:00","description":"Copyright on the work of Leonetto Cappiello","breadcrumb":{"@id":"https:\/\/cappiello.fr\/en\/copyright\/#breadcrumb"},"inLanguage":"en-US","potentialAction":[{"@type":"ReadAction","target":["https:\/\/cappiello.fr\/en\/copyright\/"]}]},{"@type":"BreadcrumbList","@id":"https:\/\/cappiello.fr\/en\/copyright\/#breadcrumb","itemListElement":[{"@type":"ListItem","position":1,"name":"Accueil","item":"https:\/\/cappiello.fr\/en\/"},{"@type":"ListItem","position":2,"name":"Copyright"}]},{"@type":"WebSite","@id":"https:\/\/cappiello.fr\/en\/#website","url":"https:\/\/cappiello.fr\/en\/","name":"Catalogue raisonn\u00e9 de Leonetto Cappiello","description":"Plongez dans l&#039;univers de Leonetto Cappiello, le p\u00e8re de la publicit\u00e9 moderne","potentialAction":[{"@type":"SearchAction","target":{"@type":"EntryPoint","urlTemplate":"https:\/\/cappiello.fr\/en\/?s={search_term_string}"},"query-input":{"@type":"PropertyValueSpecification","valueRequired":true,"valueName":"search_term_string"}}],"inLanguage":"en-US"}]}},"_links":{"self":[{"href":"https:\/\/cappiello.fr\/en\/wp-json\/wp\/v2\/pages\/133631","targetHints":{"allow":["GET"]}}],"collection":[{"href":"https:\/\/cappiello.fr\/en\/wp-json\/wp\/v2\/pages"}],"about":[{"href":"https:\/\/cappiello.fr\/en\/wp-json\/wp\/v2\/types\/page"}],"author":[{"embeddable":true,"href":"https:\/\/cappiello.fr\/en\/wp-json\/wp\/v2\/users\/1"}],"replies":[{"embeddable":true,"href":"https:\/\/cappiello.fr\/en\/wp-json\/wp\/v2\/comments?post=133631"}],"version-history":[{"count":1,"href":"https:\/\/cappiello.fr\/en\/wp-json\/wp\/v2\/pages\/133631\/revisions"}],"predecessor-version":[{"id":133634,"href":"https:\/\/cappiello.fr\/en\/wp-json\/wp\/v2\/pages\/133631\/revisions\/133634"}],"wp:attachment":[{"href":"https:\/\/cappiello.fr\/en\/wp-json\/wp\/v2\/media?parent=133631"}],"curies":[{"name":"wp","href":"https:\/\/api.w.org\/{rel}","templated":true}]}}