{"id":135854,"date":"2025-11-02T13:13:19","date_gmt":"2025-11-02T12:13:19","guid":{"rendered":"https:\/\/cappiello.fr\/portraits\/"},"modified":"2025-11-04T18:06:08","modified_gmt":"2025-11-04T17:06:08","slug":"portraits","status":"publish","type":"page","link":"https:\/\/cappiello.fr\/en\/portraits\/","title":{"rendered":"Portraits"},"content":{"rendered":"<p><div class=\"fusion-bg-parallax\" data-bg-align=\"center top\" data-direction=\"up\" data-mute=\"false\" data-opacity=\"100\" data-velocity=\"-0.3\" data-mobile-enabled=\"false\" data-break_parents=\"0\" data-bg-image=\"https:\/\/cappiello.fr\/wp-content\/uploads\/2025\/11\/Suzanne-Cappiello.jpg\" data-bg-repeat=\"false\" data-bg-color=\"#18352d\" data-bg-gradient-type=\"linear\" data-bg-gradient-angle=\"180\" data-bg-gradient-start-color=\"rgba(24,53,45,0.45)\" data-bg-gradient-start-position=\"71\" data-bg-gradient-end-color=\"#18352d\" data-bg-gradient-end-position=\"100\" data-bg-radial-direction=\"center center\" ><\/div><div class=\"fusion-fullwidth fullwidth-box fusion-builder-row-1 fusion-flex-container has-pattern-background has-mask-background fusion-parallax-up nonhundred-percent-fullwidth non-hundred-percent-height-scrolling lazyload fusion-animated\" style=\"--awb-background-position:center top;--awb-border-sizes-top:0;--awb-border-radius-top-left:0px;--awb-border-radius-top-right:0px;--awb-border-radius-bottom-right:0px;--awb-border-radius-bottom-left:0px;--awb-padding-top:10vw;--awb-padding-bottom:10vw;--awb-margin-top:0px;--awb-margin-bottom:0px;--awb-background-color:#18352d;--awb-background-image:linear-gradient(180deg, rgba(24,53,45,0.45) 71%,#18352d 100%);;--awb-background-size:cover;--awb-flex-wrap:wrap;--awb-animation-color:#18352d;\" data-bg=\"https:\/\/cappiello.fr\/wp-content\/uploads\/2025\/11\/Suzanne-Cappiello.jpg\" data-bg-gradient=\"linear-gradient(180deg, rgba(24,53,45,0.45) 71%,#18352d 100%)\" data-animationType=\"revealInDown\" data-animationDuration=\"1.3\" data-animationOffset=\"top-into-view\" ><div class=\"fusion-builder-row fusion-row fusion-flex-align-items-flex-start fusion-flex-justify-content-center fusion-flex-content-wrap\" style=\"max-width:1268.8px;margin-left: calc(-4% \/ 2 );margin-right: calc(-4% \/ 2 );\"><div class=\"fusion-layout-column fusion_builder_column fusion-builder-column-0 fusion-flex-column\" style=\"--awb-bg-size:cover;--awb-width-large:65%;--awb-margin-top-large:0px;--awb-spacing-right-large:2.9538461538462%;--awb-margin-bottom-large:4vw;--awb-spacing-left-large:2.9538461538462%;--awb-width-medium:65%;--awb-order-medium:0;--awb-spacing-right-medium:2.9538461538462%;--awb-spacing-left-medium:2.9538461538462%;--awb-width-small:100%;--awb-order-small:0;--awb-spacing-right-small:1.92%;--awb-spacing-left-small:1.92%;\"><div class=\"fusion-column-wrapper fusion-column-has-shadow fusion-flex-justify-content-flex-start fusion-content-layout-column\"><div class=\"fusion-title title fusion-title-1 fusion-sep-none fusion-title-center fusion-title-text fusion-title-size-one\" style=\"--awb-text-color:#ffffff;--awb-margin-bottom:20px;--awb-margin-top-small:10px;--awb-margin-right-small:0px;--awb-margin-bottom-small:10px;--awb-margin-left-small:0px;--awb-font-size:55px;\"><h1 class=\"fusion-title-heading title-heading-center fusion-responsive-typography-calculated\" style=\"font-family:&quot;Aboreto&quot;;font-style:normal;font-weight:400;margin:0;text-transform:var(--awb-typography1-text-transform);font-size:1em;--fontSize:55;line-height:1.2;\">Portraits<\/h1><\/div><\/div><\/div><\/div><\/div><div class=\"fusion-fullwidth fullwidth-box fusion-builder-row-2 fusion-flex-container has-pattern-background has-mask-background nonhundred-percent-fullwidth non-hundred-percent-height-scrolling\" style=\"--awb-border-radius-top-left:0px;--awb-border-radius-top-right:0px;--awb-border-radius-bottom-right:0px;--awb-border-radius-bottom-left:0px;--awb-padding-top:50px;--awb-background-color:#fffbf4;--awb-flex-wrap:wrap;\" ><div class=\"fusion-builder-row fusion-row fusion-flex-align-items-flex-start fusion-flex-content-wrap\" style=\"max-width:1268.8px;margin-left: calc(-4% \/ 2 );margin-right: calc(-4% \/ 2 );\"><div class=\"fusion-layout-column fusion_builder_column fusion-builder-column-1 fusion_builder_column_1_1 1_1 fusion-flex-column\" style=\"--awb-bg-size:cover;--awb-width-large:100%;--awb-margin-top-large:0px;--awb-spacing-right-large:1.92%;--awb-margin-bottom-large:20px;--awb-spacing-left-large:1.92%;--awb-width-medium:100%;--awb-order-medium:0;--awb-spacing-right-medium:1.92%;--awb-spacing-left-medium:1.92%;--awb-width-small:100%;--awb-order-small:0;--awb-spacing-right-small:1.92%;--awb-spacing-left-small:1.92%;\"><div class=\"fusion-column-wrapper fusion-column-has-shadow fusion-flex-justify-content-flex-start fusion-content-layout-column\"><div class=\"fusion-text fusion-text-1\"><p align=\"justify\">Cappiello was passionate about painting from an early age. He taught himself, without a teacher. In his early years, he was influenced by the Macchiaioli painters he met.  <\/p>\n<p align=\"justify\">His first known paintings date from 1886. He was just 11 years old. <\/p>\n<p align=\"justify\">These include a number of landscapes and, above all, portraits, often in a landscape setting or interior d\u00e9cor (see table opposite).<\/p>\n<p align=\"justify\">He soon developed a predilection for portraiture and its more synthetic form, <a title=\"Caricatures\" href=\"https:\/\/cappiello.fr\/en\/caricatures\/\">caricature<\/a>. He practiced this genre for around 8 years. From 1904, he stopped doing caricatures. But many famous people continued to ask him to paint their portraits, particularly between 1905 and 1920.   <\/p>\n<p align=\"justify\">Although many of them are marvelous, they are little known because they were rarely exhibited and are kept in families. What&#8217;s more, they&#8217;ve certainly been drowned out by the exceptional ensemble of Cappiello&#8217;s caricatures and <a title=\"Posters\" href=\"https:\/\/cappiello.fr\/catalogue-raisonne-les-oeuvres\/\">posters<\/a>. <\/p>\n<\/div><div class=\"fusion-builder-row fusion-builder-row-inner fusion-row fusion-flex-align-items-flex-start fusion-flex-content-wrap\" style=\"--awb-flex-grow:0;--awb-flex-grow-medium:0;--awb-flex-grow-small:0;--awb-flex-shrink:0;--awb-flex-shrink-medium:0;--awb-flex-shrink-small:0;width:104% !important;max-width:104% !important;margin-left: calc(-4% \/ 2 );margin-right: calc(-4% \/ 2 );\"><div class=\"fusion-layout-column fusion_builder_column_inner fusion-builder-nested-column-0 fusion_builder_column_inner_1_2 1_2 fusion-flex-column fusion-flex-align-self-center\" style=\"--awb-bg-size:cover;--awb-width-large:50%;--awb-margin-top-large:0px;--awb-spacing-right-large:3.84%;--awb-margin-bottom-large:20px;--awb-spacing-left-large:3.84%;--awb-width-medium:50%;--awb-order-medium:0;--awb-spacing-right-medium:3.84%;--awb-spacing-left-medium:3.84%;--awb-width-small:100%;--awb-order-small:0;--awb-spacing-right-small:1.92%;--awb-spacing-left-small:1.92%;\" data-scroll-devices=\"small-visibility,medium-visibility,large-visibility\"><div class=\"fusion-column-wrapper fusion-column-has-shadow fusion-flex-justify-content-flex-start fusion-content-layout-column\"><div class=\"fusion-image-element awb-imageframe-style awb-imageframe-style-below awb-imageframe-style-1\" style=\"text-align:center;--awb-caption-title-font-family:var(--body_typography-font-family);--awb-caption-title-font-weight:var(--body_typography-font-weight);--awb-caption-title-font-style:var(--body_typography-font-style);--awb-caption-title-size:var(--body_typography-font-size);--awb-caption-title-transform:var(--body_typography-text-transform);--awb-caption-title-line-height:var(--body_typography-line-height);--awb-caption-title-letter-spacing:var(--body_typography-letter-spacing);\"><span class=\" fusion-imageframe imageframe-none imageframe-1 hover-type-none\"><img decoding=\"async\" width=\"302\" height=\"465\" alt=\"Woman in an interior (1891) Museo Civico Govanni Fattori - Livorno\" src=\"https:\/\/cappiello.fr\/wp-content\/uploads\/2025\/11\/Signora-in-un-interno-1891.jpg\" data-orig-src=\"https:\/\/cappiello.fr\/wp-content\/uploads\/2025\/11\/Signora-in-un-interno-1891.jpg\" class=\"lazyload img-responsive wp-image-135847\" srcset=\"data:image\/svg+xml,%3Csvg%20xmlns%3D%27http%3A%2F%2Fwww.w3.org%2F2000%2Fsvg%27%20width%3D%27302%27%20height%3D%27465%27%20viewBox%3D%270%200%20302%20465%27%3E%3Crect%20width%3D%27302%27%20height%3D%27465%27%20fill-opacity%3D%220%22%2F%3E%3C%2Fsvg%3E\" data-srcset=\"https:\/\/cappiello.fr\/wp-content\/uploads\/2025\/11\/Signora-in-un-interno-1891-200x308.jpg 200w, https:\/\/cappiello.fr\/wp-content\/uploads\/2025\/11\/Signora-in-un-interno-1891.jpg 302w\" data-sizes=\"auto\" data-orig-sizes=\"(max-width: 640px) 100vw, 302px\" \/><\/span><div class=\"awb-imageframe-caption-container\"><div class=\"awb-imageframe-caption\"><p class=\"awb-imageframe-caption-text\">Woman in an interior (1891)<br>Museo Civico Govanni Fattori - Livorno<\/p><\/div><\/div><\/div><\/div><\/div><div class=\"fusion-layout-column fusion_builder_column_inner fusion-builder-nested-column-1 fusion_builder_column_inner_1_2 1_2 fusion-flex-column fusion-flex-align-self-center\" style=\"--awb-bg-size:cover;--awb-width-large:50%;--awb-margin-top-large:0px;--awb-spacing-right-large:3.84%;--awb-margin-bottom-large:20px;--awb-spacing-left-large:3.84%;--awb-width-medium:50%;--awb-order-medium:0;--awb-spacing-right-medium:3.84%;--awb-spacing-left-medium:3.84%;--awb-width-small:100%;--awb-order-small:0;--awb-spacing-right-small:1.92%;--awb-spacing-left-small:1.92%;\" data-scroll-devices=\"small-visibility,medium-visibility,large-visibility\"><div class=\"fusion-column-wrapper fusion-column-has-shadow fusion-flex-justify-content-flex-start fusion-content-layout-column\"><div class=\"fusion-image-element awb-imageframe-style awb-imageframe-style-below awb-imageframe-style-2\" style=\"text-align:center;--awb-caption-title-font-family:var(--body_typography-font-family);--awb-caption-title-font-weight:var(--body_typography-font-weight);--awb-caption-title-font-style:var(--body_typography-font-style);--awb-caption-title-size:var(--body_typography-font-size);--awb-caption-title-transform:var(--body_typography-text-transform);--awb-caption-title-line-height:var(--body_typography-line-height);--awb-caption-title-letter-spacing:var(--body_typography-letter-spacing);\"><span class=\" fusion-imageframe imageframe-none imageframe-2 hover-type-none\"><img decoding=\"async\" width=\"310\" height=\"400\" alt=\"Fran\u00e7oise Cappiello at 4 months (1902)\" src=\"https:\/\/cappiello.fr\/wp-content\/uploads\/2025\/11\/Francoise.jpg\" data-orig-src=\"https:\/\/cappiello.fr\/wp-content\/uploads\/2025\/11\/Francoise.jpg\" class=\"lazyload img-responsive wp-image-135846\" srcset=\"data:image\/svg+xml,%3Csvg%20xmlns%3D%27http%3A%2F%2Fwww.w3.org%2F2000%2Fsvg%27%20width%3D%27310%27%20height%3D%27400%27%20viewBox%3D%270%200%20310%20400%27%3E%3Crect%20width%3D%27310%27%20height%3D%27400%27%20fill-opacity%3D%220%22%2F%3E%3C%2Fsvg%3E\" data-srcset=\"https:\/\/cappiello.fr\/wp-content\/uploads\/2025\/11\/Francoise-200x258.jpg 200w, https:\/\/cappiello.fr\/wp-content\/uploads\/2025\/11\/Francoise.jpg 310w\" data-sizes=\"auto\" data-orig-sizes=\"(max-width: 640px) 100vw, 310px\" \/><\/span><div class=\"awb-imageframe-caption-container\"><div class=\"awb-imageframe-caption\"><p class=\"awb-imageframe-caption-text\">Fran\u00e7oise Cappiello at 4 months (1902)<\/p><\/div><\/div><\/div><\/div><\/div><\/div><div class=\"fusion-text fusion-text-2\"><p align=\"justify\">In addition to his self-portraits and portraits of his wife and children, other examples include portraits of his sister-in-law Jeanne M\u00fchlfeld, his brother-in-law Paul Adam, Puccini, Madame Jean Stern and Princess Magda Achille Murat disguised as a Thai dancer.<\/p>\n<p align=\"justify\">In his portraits, Cappiello seeks not only plastic, but also psychological resemblance with scrupulous accuracy. His art proceeds by simplification. He says: &#8220;In a face, there are a few features to capture and preserve, and all the others must disappear. The whole work of reflection consists in isolating them&#8221;.  <\/p>\n<p align=\"justify\">Cappiello&#8217;s mastery of line is enough to express who the model is. He no longer needs to present them in their familiar world to give them life, as he did in his early paintings. Here we find the qualities of the caricaturist, but also those of the poster artist: he creates life through movement.  <\/p>\n<p id=\"#regnier\" align=\"justify\">The portrait of Henri de R\u00e9gnier, painted in 1909, is particularly interesting from this point of view. G. Apollinaire, in an article published in L&#8217;Intransigeant on April 3, 1910, writes:<\/p>\n<p align=\"justify\">&#8220;Room III ter. Leonetto Cappiello exhibits a closely resembling portrait of Henri de R\u00e9gnier&#8230; His face, with its drooping moustache, has that disdainful, dreamy expression that gives those who recognize the author of the &#8216;Winged Sandal&#8217; the impression that, while his body is present, his mind is elsewhere.&#8221;<\/p>\n<p align=\"justify\">Another example is &#8220;The Young Spanish Woman&#8221; below. Although her hands on her hips keep her in place, her lively gaze draws us to the left of the canvas. <\/p>\n<p align=\"justify\">For all the qualities of his paintings, it was above all through <a title=\"Caricatures\" href=\"https:\/\/cappiello.fr\/en\/caricatures\/\">caricature<\/a>, and then <a title=\"Posters\" href=\"https:\/\/cappiello.fr\/catalogue-raisonne-les-oeuvres\/\">posters<\/a>, that Cappiello imposed his innovative art.<\/p>\n<\/div><div class=\"fusion-builder-row fusion-builder-row-inner fusion-row fusion-flex-align-items-flex-start fusion-flex-content-wrap\" style=\"--awb-flex-grow:0;--awb-flex-grow-medium:0;--awb-flex-grow-small:0;--awb-flex-shrink:0;--awb-flex-shrink-medium:0;--awb-flex-shrink-small:0;width:104% !important;max-width:104% !important;margin-left: calc(-4% \/ 2 );margin-right: calc(-4% \/ 2 );\"><div class=\"fusion-layout-column fusion_builder_column_inner fusion-builder-nested-column-2 fusion_builder_column_inner_1_2 1_2 fusion-flex-column fusion-flex-align-self-center\" style=\"--awb-bg-size:cover;--awb-width-large:50%;--awb-margin-top-large:0px;--awb-spacing-right-large:3.84%;--awb-margin-bottom-large:20px;--awb-spacing-left-large:3.84%;--awb-width-medium:50%;--awb-order-medium:0;--awb-spacing-right-medium:3.84%;--awb-spacing-left-medium:3.84%;--awb-width-small:100%;--awb-order-small:0;--awb-spacing-right-small:1.92%;--awb-spacing-left-small:1.92%;\" data-scroll-devices=\"small-visibility,medium-visibility,large-visibility\"><div class=\"fusion-column-wrapper fusion-column-has-shadow fusion-flex-justify-content-flex-start fusion-content-layout-column\"><div class=\"fusion-image-element awb-imageframe-style awb-imageframe-style-below awb-imageframe-style-3\" style=\"text-align:center;--awb-caption-title-font-family:var(--body_typography-font-family);--awb-caption-title-font-weight:var(--body_typography-font-weight);--awb-caption-title-font-style:var(--body_typography-font-style);--awb-caption-title-size:var(--body_typography-font-size);--awb-caption-title-transform:var(--body_typography-text-transform);--awb-caption-title-line-height:var(--body_typography-line-height);--awb-caption-title-letter-spacing:var(--body_typography-letter-spacing);\"><span class=\" fusion-imageframe imageframe-none imageframe-3 hover-type-none\"><img decoding=\"async\" width=\"255\" height=\"640\" alt=\"Henri de R\u00e9gnier (1910) Mus\u00e9e d&#039;Orsay- Paris\" src=\"https:\/\/cappiello.fr\/wp-content\/uploads\/2025\/11\/Hderegnier.jpg\" data-orig-src=\"https:\/\/cappiello.fr\/wp-content\/uploads\/2025\/11\/Hderegnier.jpg\" class=\"lazyload img-responsive wp-image-135845\" srcset=\"data:image\/svg+xml,%3Csvg%20xmlns%3D%27http%3A%2F%2Fwww.w3.org%2F2000%2Fsvg%27%20width%3D%27255%27%20height%3D%27640%27%20viewBox%3D%270%200%20255%20640%27%3E%3Crect%20width%3D%27255%27%20height%3D%27640%27%20fill-opacity%3D%220%22%2F%3E%3C%2Fsvg%3E\" data-srcset=\"https:\/\/cappiello.fr\/wp-content\/uploads\/2025\/11\/Hderegnier-200x502.jpg 200w, https:\/\/cappiello.fr\/wp-content\/uploads\/2025\/11\/Hderegnier.jpg 255w\" data-sizes=\"auto\" data-orig-sizes=\"(max-width: 640px) 100vw, 255px\" \/><\/span><div class=\"awb-imageframe-caption-container\"><div class=\"awb-imageframe-caption\"><p class=\"awb-imageframe-caption-text\">Henri de R\u00e9gnier (1910)<br>Mus\u00e9e d'Orsay- Paris<\/p><\/div><\/div><\/div><\/div><\/div><div class=\"fusion-layout-column fusion_builder_column_inner fusion-builder-nested-column-3 fusion_builder_column_inner_1_2 1_2 fusion-flex-column fusion-flex-align-self-center\" style=\"--awb-bg-size:cover;--awb-width-large:50%;--awb-margin-top-large:0px;--awb-spacing-right-large:3.84%;--awb-margin-bottom-large:20px;--awb-spacing-left-large:3.84%;--awb-width-medium:50%;--awb-order-medium:0;--awb-spacing-right-medium:3.84%;--awb-spacing-left-medium:3.84%;--awb-width-small:100%;--awb-order-small:0;--awb-spacing-right-small:1.92%;--awb-spacing-left-small:1.92%;\" data-scroll-devices=\"small-visibility,medium-visibility,large-visibility\"><div class=\"fusion-column-wrapper fusion-column-has-shadow fusion-flex-justify-content-flex-start fusion-content-layout-column\"><div class=\"fusion-image-element awb-imageframe-style awb-imageframe-style-below awb-imageframe-style-4\" style=\"text-align:center;--awb-caption-title-font-family:var(--body_typography-font-family);--awb-caption-title-font-weight:var(--body_typography-font-weight);--awb-caption-title-font-style:var(--body_typography-font-style);--awb-caption-title-size:var(--body_typography-font-size);--awb-caption-title-transform:var(--body_typography-text-transform);--awb-caption-title-line-height:var(--body_typography-line-height);--awb-caption-title-letter-spacing:var(--body_typography-letter-spacing);\"><span class=\" fusion-imageframe imageframe-none imageframe-4 hover-type-none\"><img decoding=\"async\" width=\"260\" height=\"354\" alt=\"Spanish Woman (1917)\" src=\"https:\/\/cappiello.fr\/wp-content\/uploads\/2025\/11\/espagnole.jpg\" data-orig-src=\"https:\/\/cappiello.fr\/wp-content\/uploads\/2025\/11\/espagnole.jpg\" class=\"lazyload img-responsive wp-image-135844\" srcset=\"data:image\/svg+xml,%3Csvg%20xmlns%3D%27http%3A%2F%2Fwww.w3.org%2F2000%2Fsvg%27%20width%3D%27260%27%20height%3D%27354%27%20viewBox%3D%270%200%20260%20354%27%3E%3Crect%20width%3D%27260%27%20height%3D%27354%27%20fill-opacity%3D%220%22%2F%3E%3C%2Fsvg%3E\" data-srcset=\"https:\/\/cappiello.fr\/wp-content\/uploads\/2025\/11\/espagnole-200x272.jpg 200w, https:\/\/cappiello.fr\/wp-content\/uploads\/2025\/11\/espagnole.jpg 260w\" data-sizes=\"auto\" data-orig-sizes=\"(max-width: 640px) 100vw, 260px\" \/><\/span><div class=\"awb-imageframe-caption-container\"><div class=\"awb-imageframe-caption\"><p class=\"awb-imageframe-caption-text\">Spanish Woman (1917)<\/p><\/div><\/div><\/div><\/div><\/div><\/div><\/div><\/div><\/div><\/div><\/p>\n","protected":false},"excerpt":{"rendered":"","protected":false},"author":1,"featured_media":0,"parent":0,"menu_order":0,"comment_status":"closed","ping_status":"closed","template":"100-width.php","meta":{"_acf_changed":false,"footnotes":""},"class_list":["post-135854","page","type-page","status-publish","hentry"],"acf":[],"yoast_head":"<!-- This site is optimized with the Yoast SEO Premium plugin v27.0 (Yoast SEO v27.4) - https:\/\/yoast.com\/product\/yoast-seo-premium-wordpress\/ -->\n<title>Portraits - Catalogue raisonn\u00e9 de Leonetto Cappiello<\/title>\n<meta name=\"robots\" content=\"index, follow, max-snippet:-1, max-image-preview:large, max-video-preview:-1\" \/>\n<link rel=\"canonical\" href=\"https:\/\/cappiello.fr\/en\/portraits\/\" \/>\n<meta property=\"og:locale\" content=\"en_US\" \/>\n<meta property=\"og:type\" content=\"article\" \/>\n<meta property=\"og:title\" content=\"Portraits\" \/>\n<meta property=\"og:url\" content=\"https:\/\/cappiello.fr\/en\/portraits\/\" \/>\n<meta property=\"og:site_name\" content=\"Catalogue raisonn\u00e9 de Leonetto Cappiello\" \/>\n<meta property=\"article:modified_time\" content=\"2025-11-04T17:06:08+00:00\" \/>\n<meta name=\"twitter:card\" content=\"summary_large_image\" \/>\n<meta name=\"twitter:label1\" content=\"Est. reading time\" \/>\n\t<meta name=\"twitter:data1\" content=\"30 minutes\" \/>\n<script type=\"application\/ld+json\" class=\"yoast-schema-graph\">{\"@context\":\"https:\\\/\\\/schema.org\",\"@graph\":[{\"@type\":\"WebPage\",\"@id\":\"https:\\\/\\\/cappiello.fr\\\/en\\\/portraits\\\/\",\"url\":\"https:\\\/\\\/cappiello.fr\\\/en\\\/portraits\\\/\",\"name\":\"Portraits - Catalogue raisonn\u00e9 de Leonetto Cappiello\",\"isPartOf\":{\"@id\":\"https:\\\/\\\/cappiello.fr\\\/en\\\/#website\"},\"datePublished\":\"2025-11-02T12:13:19+00:00\",\"dateModified\":\"2025-11-04T17:06:08+00:00\",\"breadcrumb\":{\"@id\":\"https:\\\/\\\/cappiello.fr\\\/en\\\/portraits\\\/#breadcrumb\"},\"inLanguage\":\"en-US\",\"potentialAction\":[{\"@type\":\"ReadAction\",\"target\":[\"https:\\\/\\\/cappiello.fr\\\/en\\\/portraits\\\/\"]}]},{\"@type\":\"BreadcrumbList\",\"@id\":\"https:\\\/\\\/cappiello.fr\\\/en\\\/portraits\\\/#breadcrumb\",\"itemListElement\":[{\"@type\":\"ListItem\",\"position\":1,\"name\":\"Accueil\",\"item\":\"https:\\\/\\\/cappiello.fr\\\/en\\\/\"},{\"@type\":\"ListItem\",\"position\":2,\"name\":\"Portraits\"}]},{\"@type\":\"WebSite\",\"@id\":\"https:\\\/\\\/cappiello.fr\\\/en\\\/#website\",\"url\":\"https:\\\/\\\/cappiello.fr\\\/en\\\/\",\"name\":\"Catalogue raisonn\u00e9 de Leonetto Cappiello\",\"description\":\"Plongez dans l&#039;univers de Leonetto Cappiello, le p\u00e8re de la publicit\u00e9 moderne\",\"potentialAction\":[{\"@type\":\"SearchAction\",\"target\":{\"@type\":\"EntryPoint\",\"urlTemplate\":\"https:\\\/\\\/cappiello.fr\\\/en\\\/?s={search_term_string}\"},\"query-input\":{\"@type\":\"PropertyValueSpecification\",\"valueRequired\":true,\"valueName\":\"search_term_string\"}}],\"inLanguage\":\"en-US\"}]}<\/script>\n<!-- \/ Yoast SEO Premium plugin. -->","yoast_head_json":{"title":"Portraits - Catalogue raisonn\u00e9 de Leonetto Cappiello","robots":{"index":"index","follow":"follow","max-snippet":"max-snippet:-1","max-image-preview":"max-image-preview:large","max-video-preview":"max-video-preview:-1"},"canonical":"https:\/\/cappiello.fr\/en\/portraits\/","og_locale":"en_US","og_type":"article","og_title":"Portraits","og_url":"https:\/\/cappiello.fr\/en\/portraits\/","og_site_name":"Catalogue raisonn\u00e9 de Leonetto Cappiello","article_modified_time":"2025-11-04T17:06:08+00:00","twitter_card":"summary_large_image","twitter_misc":{"Est. reading time":"30 minutes"},"schema":{"@context":"https:\/\/schema.org","@graph":[{"@type":"WebPage","@id":"https:\/\/cappiello.fr\/en\/portraits\/","url":"https:\/\/cappiello.fr\/en\/portraits\/","name":"Portraits - Catalogue raisonn\u00e9 de Leonetto Cappiello","isPartOf":{"@id":"https:\/\/cappiello.fr\/en\/#website"},"datePublished":"2025-11-02T12:13:19+00:00","dateModified":"2025-11-04T17:06:08+00:00","breadcrumb":{"@id":"https:\/\/cappiello.fr\/en\/portraits\/#breadcrumb"},"inLanguage":"en-US","potentialAction":[{"@type":"ReadAction","target":["https:\/\/cappiello.fr\/en\/portraits\/"]}]},{"@type":"BreadcrumbList","@id":"https:\/\/cappiello.fr\/en\/portraits\/#breadcrumb","itemListElement":[{"@type":"ListItem","position":1,"name":"Accueil","item":"https:\/\/cappiello.fr\/en\/"},{"@type":"ListItem","position":2,"name":"Portraits"}]},{"@type":"WebSite","@id":"https:\/\/cappiello.fr\/en\/#website","url":"https:\/\/cappiello.fr\/en\/","name":"Catalogue raisonn\u00e9 de Leonetto Cappiello","description":"Plongez dans l&#039;univers de Leonetto Cappiello, le p\u00e8re de la publicit\u00e9 moderne","potentialAction":[{"@type":"SearchAction","target":{"@type":"EntryPoint","urlTemplate":"https:\/\/cappiello.fr\/en\/?s={search_term_string}"},"query-input":{"@type":"PropertyValueSpecification","valueRequired":true,"valueName":"search_term_string"}}],"inLanguage":"en-US"}]}},"_links":{"self":[{"href":"https:\/\/cappiello.fr\/en\/wp-json\/wp\/v2\/pages\/135854","targetHints":{"allow":["GET"]}}],"collection":[{"href":"https:\/\/cappiello.fr\/en\/wp-json\/wp\/v2\/pages"}],"about":[{"href":"https:\/\/cappiello.fr\/en\/wp-json\/wp\/v2\/types\/page"}],"author":[{"embeddable":true,"href":"https:\/\/cappiello.fr\/en\/wp-json\/wp\/v2\/users\/1"}],"replies":[{"embeddable":true,"href":"https:\/\/cappiello.fr\/en\/wp-json\/wp\/v2\/comments?post=135854"}],"version-history":[{"count":3,"href":"https:\/\/cappiello.fr\/en\/wp-json\/wp\/v2\/pages\/135854\/revisions"}],"predecessor-version":[{"id":135858,"href":"https:\/\/cappiello.fr\/en\/wp-json\/wp\/v2\/pages\/135854\/revisions\/135858"}],"wp:attachment":[{"href":"https:\/\/cappiello.fr\/en\/wp-json\/wp\/v2\/media?parent=135854"}],"curies":[{"name":"wp","href":"https:\/\/api.w.org\/{rel}","templated":true}]}}