{"id":129303,"date":"1934-01-01T00:00:00","date_gmt":"1934-01-01T00:00:00","guid":{"rendered":"https:\/\/cappiello.fr\/produit\/lingerie\/"},"modified":"2025-07-23T22:58:40","modified_gmt":"2025-07-23T20:58:40","slug":"lingerie","status":"publish","type":"product","link":"https:\/\/cappiello.fr\/en\/produit\/lingerie\/","title":{"rendered":"Lingerie"},"content":{"rendered":"<p>In the lower vignette of 1934020A1, Cappiello imagines a woman in front of an elephant&#8217;s head. But he will prefer to associate a lion&#8217;s head, a woman in underwear, and a parrot that will try to lift her undergarments. He sets his characters on the sheet of paper (upper vignette).<br \/>\nIn vignette 1934020A0, seeing the overall layout better, he refines the drawing.<\/p>\n","protected":false},"excerpt":{"rendered":"<p>Lingerie<\/p>\n","protected":false},"featured_media":129304,"template":"","meta":{"_acf_changed":false},"type-doeuvre":[4057],"product_brand":[],"product_cat":[3303],"product_tag":[3304,3305],"class_list":{"0":"post-129303","1":"product","2":"type-product","3":"status-publish","4":"has-post-thumbnail","6":"type-doeuvre-affiches","7":"product_cat-underwear","8":"product_tag-feline","9":"product_tag-feline-en","10":"pa_periode-1930-1940-en","11":"pa_type-de-contenu-thumbnail","13":"first","14":"instock","15":"virtual","16":"product-type-simple"},"acf":[],"yoast_head":"<!-- This site is optimized with the Yoast SEO Premium plugin v27.0 (Yoast SEO v27.4) - https:\/\/yoast.com\/product\/yoast-seo-premium-wordpress\/ -->\n<title>Lingerie - Catalogue Raisonn\u00e9 de Leonetto Cappiello<\/title>\n<meta name=\"description\" content=\"In the lower vignette of 1934020A1, Cappiello imagines a woman in front of an elephant&#039;s head. But he will prefer to associate a lion&#039;s head, a woman in underwear, and a parrot that will try to lift her undergarments. He sets his characters on the sheet of paper (upper vignette). In vignette 1934020A0, seeing the general layout better, he refines the drawing.\" \/>\n<meta name=\"robots\" content=\"index, follow, max-snippet:-1, max-image-preview:large, max-video-preview:-1\" \/>\n<link rel=\"canonical\" href=\"https:\/\/cappiello.fr\/en\/produit\/lingerie\/\" \/>\n<meta property=\"og:locale\" content=\"en_US\" \/>\n<meta property=\"og:type\" content=\"article\" \/>\n<meta property=\"og:title\" content=\"Lingerie\" \/>\n<meta property=\"og:description\" content=\"In the lower vignette of 1934020A1, Cappiello imagines a woman in front of an elephant&#039;s head. But he will prefer to associate a lion&#039;s head, a woman in underwear, and a parrot that will try to lift her undergarments. He sets his characters on the sheet of paper (upper vignette). In vignette 1934020A0, seeing the general layout better, he refines the drawing.\" \/>\n<meta property=\"og:url\" content=\"https:\/\/cappiello.fr\/en\/produit\/lingerie\/\" \/>\n<meta property=\"og:site_name\" content=\"Catalogue raisonn\u00e9 de Leonetto Cappiello\" \/>\n<meta property=\"article:modified_time\" content=\"2025-07-23T20:58:40+00:00\" \/>\n<meta property=\"og:image\" content=\"https:\/\/cappiello.fr\/wp-content\/uploads\/2024\/10\/Vignette-affiche-publicitaire-lingerie-cappiello-1934.jpg\" \/>\n\t<meta property=\"og:image:width\" content=\"613\" \/>\n\t<meta property=\"og:image:height\" content=\"800\" \/>\n\t<meta property=\"og:image:type\" content=\"image\/jpeg\" \/>\n<meta name=\"twitter:card\" content=\"summary_large_image\" \/>\n<meta name=\"twitter:title\" content=\"Lingerie\" \/>\n<meta name=\"twitter:description\" content=\"In the lower vignette of 1934020A1, Cappiello imagines a woman in front of an elephant&#039;s head. But he will prefer to associate a lion&#039;s head, a woman in underwear, and a parrot that will try to lift her undergarments. He sets his characters on the sheet of paper (upper vignette). In vignette 1934020A0, seeing the general layout better, he refines the drawing.\" \/>\n<meta name=\"twitter:label1\" content=\"Price\" \/>\n\t<meta name=\"twitter:data1\" content=\"\" \/>\n\t<meta name=\"twitter:label2\" content=\"Availability\" \/>\n\t<meta name=\"twitter:data2\" content=\"In stock\" \/>\n<script type=\"application\/ld+json\" class=\"yoast-schema-graph\">{\"@context\":\"https:\\\/\\\/schema.org\",\"@graph\":[{\"@type\":[\"WebPage\",\"ItemPage\"],\"@id\":\"https:\\\/\\\/cappiello.fr\\\/en\\\/produit\\\/lingerie\\\/\",\"url\":\"https:\\\/\\\/cappiello.fr\\\/en\\\/produit\\\/lingerie\\\/\",\"name\":\"Lingerie - Catalogue Raisonn\u00e9 de Leonetto Cappiello\",\"isPartOf\":{\"@id\":\"https:\\\/\\\/cappiello.fr\\\/en\\\/#website\"},\"primaryImageOfPage\":{\"@id\":\"https:\\\/\\\/cappiello.fr\\\/en\\\/produit\\\/lingerie\\\/#primaryimage\"},\"image\":{\"@id\":\"https:\\\/\\\/cappiello.fr\\\/en\\\/produit\\\/lingerie\\\/#primaryimage\"},\"thumbnailUrl\":\"https:\\\/\\\/cappiello.fr\\\/wp-content\\\/uploads\\\/2024\\\/10\\\/Vignette-affiche-publicitaire-lingerie-cappiello-1934.jpg\",\"datePublished\":\"1934-01-01T00:00:00+00:00\",\"dateModified\":\"2025-07-23T20:58:40+00:00\",\"description\":\"In the lower vignette of 1934020A1, Cappiello imagines a woman in front of an elephant's head. But he will prefer to associate a lion's head, a woman in underwear, and a parrot that will try to lift her undergarments. He sets his characters on the sheet of paper (upper vignette). In vignette 1934020A0, seeing the general layout better, he refines the drawing.\",\"breadcrumb\":{\"@id\":\"https:\\\/\\\/cappiello.fr\\\/en\\\/produit\\\/lingerie\\\/#breadcrumb\"},\"inLanguage\":\"en-US\",\"potentialAction\":[{\"@type\":\"ReadAction\",\"target\":[\"https:\\\/\\\/cappiello.fr\\\/en\\\/produit\\\/lingerie\\\/\"]}]},{\"@type\":\"ImageObject\",\"inLanguage\":\"en-US\",\"@id\":\"https:\\\/\\\/cappiello.fr\\\/en\\\/produit\\\/lingerie\\\/#primaryimage\",\"url\":\"https:\\\/\\\/cappiello.fr\\\/wp-content\\\/uploads\\\/2024\\\/10\\\/Vignette-affiche-publicitaire-lingerie-cappiello-1934.jpg\",\"contentUrl\":\"https:\\\/\\\/cappiello.fr\\\/wp-content\\\/uploads\\\/2024\\\/10\\\/Vignette-affiche-publicitaire-lingerie-cappiello-1934.jpg\",\"width\":613,\"height\":800,\"caption\":\"Lingerie\"},{\"@type\":\"BreadcrumbList\",\"@id\":\"https:\\\/\\\/cappiello.fr\\\/en\\\/produit\\\/lingerie\\\/#breadcrumb\",\"itemListElement\":[{\"@type\":\"ListItem\",\"position\":1,\"name\":\"Accueil\",\"item\":\"https:\\\/\\\/cappiello.fr\\\/en\\\/\"},{\"@type\":\"ListItem\",\"position\":2,\"name\":\"The works\",\"item\":\"https:\\\/\\\/cappiello.fr\\\/en\\\/the-works\\\/\"},{\"@type\":\"ListItem\",\"position\":3,\"name\":\"Lingerie\"}]},{\"@type\":\"WebSite\",\"@id\":\"https:\\\/\\\/cappiello.fr\\\/en\\\/#website\",\"url\":\"https:\\\/\\\/cappiello.fr\\\/en\\\/\",\"name\":\"Catalogue raisonn\u00e9 de Leonetto Cappiello\",\"description\":\"Plongez dans l&#039;univers de Leonetto Cappiello, le p\u00e8re de la publicit\u00e9 moderne\",\"potentialAction\":[{\"@type\":\"SearchAction\",\"target\":{\"@type\":\"EntryPoint\",\"urlTemplate\":\"https:\\\/\\\/cappiello.fr\\\/en\\\/?s={search_term_string}\"},\"query-input\":{\"@type\":\"PropertyValueSpecification\",\"valueRequired\":true,\"valueName\":\"search_term_string\"}}],\"inLanguage\":\"en-US\"}]}<\/script>\n<meta property=\"product:price:currency\" content=\"EUR\" \/>\n<meta property=\"og:availability\" content=\"instock\" \/>\n<meta property=\"product:availability\" content=\"instock\" \/>\n<meta property=\"product:retailer_item_id\" content=\"1934020A0 et 1934020A1\" \/>\n<meta property=\"product:condition\" content=\"new\" \/>\n<!-- \/ Yoast SEO Premium plugin. -->","yoast_head_json":{"title":"Lingerie - Catalogue Raisonn\u00e9 de Leonetto Cappiello","description":"In the lower vignette of 1934020A1, Cappiello imagines a woman in front of an elephant's head. But he will prefer to associate a lion's head, a woman in underwear, and a parrot that will try to lift her undergarments. He sets his characters on the sheet of paper (upper vignette). In vignette 1934020A0, seeing the general layout better, he refines the drawing.","robots":{"index":"index","follow":"follow","max-snippet":"max-snippet:-1","max-image-preview":"max-image-preview:large","max-video-preview":"max-video-preview:-1"},"canonical":"https:\/\/cappiello.fr\/en\/produit\/lingerie\/","og_locale":"en_US","og_type":"article","og_title":"Lingerie","og_description":"In the lower vignette of 1934020A1, Cappiello imagines a woman in front of an elephant's head. But he will prefer to associate a lion's head, a woman in underwear, and a parrot that will try to lift her undergarments. He sets his characters on the sheet of paper (upper vignette). In vignette 1934020A0, seeing the general layout better, he refines the drawing.","og_url":"https:\/\/cappiello.fr\/en\/produit\/lingerie\/","og_site_name":"Catalogue raisonn\u00e9 de Leonetto Cappiello","article_modified_time":"2025-07-23T20:58:40+00:00","og_image":[{"width":613,"height":800,"url":"https:\/\/cappiello.fr\/wp-content\/uploads\/2024\/10\/Vignette-affiche-publicitaire-lingerie-cappiello-1934.jpg","type":"image\/jpeg"}],"twitter_card":"summary_large_image","twitter_title":"Lingerie","twitter_description":"In the lower vignette of 1934020A1, Cappiello imagines a woman in front of an elephant's head. But he will prefer to associate a lion's head, a woman in underwear, and a parrot that will try to lift her undergarments. He sets his characters on the sheet of paper (upper vignette). In vignette 1934020A0, seeing the general layout better, he refines the drawing.","twitter_misc":{"Price":"","Availability":"In stock"},"schema":{"@context":"https:\/\/schema.org","@graph":[{"@type":["WebPage","ItemPage"],"@id":"https:\/\/cappiello.fr\/en\/produit\/lingerie\/","url":"https:\/\/cappiello.fr\/en\/produit\/lingerie\/","name":"Lingerie - Catalogue Raisonn\u00e9 de Leonetto Cappiello","isPartOf":{"@id":"https:\/\/cappiello.fr\/en\/#website"},"primaryImageOfPage":{"@id":"https:\/\/cappiello.fr\/en\/produit\/lingerie\/#primaryimage"},"image":{"@id":"https:\/\/cappiello.fr\/en\/produit\/lingerie\/#primaryimage"},"thumbnailUrl":"https:\/\/cappiello.fr\/wp-content\/uploads\/2024\/10\/Vignette-affiche-publicitaire-lingerie-cappiello-1934.jpg","datePublished":"1934-01-01T00:00:00+00:00","dateModified":"2025-07-23T20:58:40+00:00","description":"In the lower vignette of 1934020A1, Cappiello imagines a woman in front of an elephant's head. But he will prefer to associate a lion's head, a woman in underwear, and a parrot that will try to lift her undergarments. He sets his characters on the sheet of paper (upper vignette). In vignette 1934020A0, seeing the general layout better, he refines the drawing.","breadcrumb":{"@id":"https:\/\/cappiello.fr\/en\/produit\/lingerie\/#breadcrumb"},"inLanguage":"en-US","potentialAction":[{"@type":"ReadAction","target":["https:\/\/cappiello.fr\/en\/produit\/lingerie\/"]}]},{"@type":"ImageObject","inLanguage":"en-US","@id":"https:\/\/cappiello.fr\/en\/produit\/lingerie\/#primaryimage","url":"https:\/\/cappiello.fr\/wp-content\/uploads\/2024\/10\/Vignette-affiche-publicitaire-lingerie-cappiello-1934.jpg","contentUrl":"https:\/\/cappiello.fr\/wp-content\/uploads\/2024\/10\/Vignette-affiche-publicitaire-lingerie-cappiello-1934.jpg","width":613,"height":800,"caption":"Lingerie"},{"@type":"BreadcrumbList","@id":"https:\/\/cappiello.fr\/en\/produit\/lingerie\/#breadcrumb","itemListElement":[{"@type":"ListItem","position":1,"name":"Accueil","item":"https:\/\/cappiello.fr\/en\/"},{"@type":"ListItem","position":2,"name":"The works","item":"https:\/\/cappiello.fr\/en\/the-works\/"},{"@type":"ListItem","position":3,"name":"Lingerie"}]},{"@type":"WebSite","@id":"https:\/\/cappiello.fr\/en\/#website","url":"https:\/\/cappiello.fr\/en\/","name":"Catalogue raisonn\u00e9 de Leonetto Cappiello","description":"Plongez dans l&#039;univers de Leonetto Cappiello, le p\u00e8re de la publicit\u00e9 moderne","potentialAction":[{"@type":"SearchAction","target":{"@type":"EntryPoint","urlTemplate":"https:\/\/cappiello.fr\/en\/?s={search_term_string}"},"query-input":{"@type":"PropertyValueSpecification","valueRequired":true,"valueName":"search_term_string"}}],"inLanguage":"en-US"}]},"product_price_currency":"EUR","og_availability":"instock","product_availability":"instock","product_retailer_item_id":"1934020A0 et 1934020A1","product_condition":"new"},"_links":{"self":[{"href":"https:\/\/cappiello.fr\/en\/wp-json\/wp\/v2\/product\/129303","targetHints":{"allow":["GET"]}}],"collection":[{"href":"https:\/\/cappiello.fr\/en\/wp-json\/wp\/v2\/product"}],"about":[{"href":"https:\/\/cappiello.fr\/en\/wp-json\/wp\/v2\/types\/product"}],"wp:featuredmedia":[{"embeddable":true,"href":"https:\/\/cappiello.fr\/en\/wp-json\/wp\/v2\/media\/129304"}],"wp:attachment":[{"href":"https:\/\/cappiello.fr\/en\/wp-json\/wp\/v2\/media?parent=129303"}],"wp:term":[{"taxonomy":"type-doeuvre","embeddable":true,"href":"https:\/\/cappiello.fr\/en\/wp-json\/wp\/v2\/type-doeuvre?post=129303"},{"taxonomy":"product_brand","embeddable":true,"href":"https:\/\/cappiello.fr\/en\/wp-json\/wp\/v2\/product_brand?post=129303"},{"taxonomy":"product_cat","embeddable":true,"href":"https:\/\/cappiello.fr\/en\/wp-json\/wp\/v2\/product_cat?post=129303"},{"taxonomy":"product_tag","embeddable":true,"href":"https:\/\/cappiello.fr\/en\/wp-json\/wp\/v2\/product_tag?post=129303"}],"curies":[{"name":"wp","href":"https:\/\/api.w.org\/{rel}","templated":true}]}}