{"id":129435,"date":"1924-01-01T00:00:00","date_gmt":"1924-01-01T00:00:00","guid":{"rendered":"https:\/\/cappiello.fr\/produit\/margarine-adi\/"},"modified":"2025-06-22T08:53:19","modified_gmt":"2025-06-22T06:53:19","slug":"margarine-adi","status":"publish","type":"product","link":"https:\/\/cappiello.fr\/en\/produit\/margarine-adi\/","title":{"rendered":"Margarine"},"content":{"rendered":"<p>A cook, looking a bit simple-minded, shows that she has put some product from the jar on her tongue and is about to eat it. Implication: it&#8217;s very good!<\/p>\n","protected":false},"excerpt":{"rendered":"<p>Cream. <br \/>The title of this painted photo is different from what it shows. This is a typical example of painted photos: Cappiello failed to sell the <a href=\"https:\/\/cappiello.fr\/en\/produit\/margarine-adi-2\/\">sketch<\/a> for margarine to ADI or SAT, so he takes a black and white photo of the sketch and colors it by adapting it for cream or a similar product.<\/p>\n","protected":false},"featured_media":129436,"template":"","meta":{"_acf_changed":false},"type-doeuvre":[4057],"product_brand":[],"product_cat":[3408],"product_tag":[3416,3415,3417,3418],"class_list":{"0":"post-129435","1":"product","2":"type-product","3":"status-publish","4":"has-post-thumbnail","6":"type-doeuvre-affiches","7":"product_cat-non-dairy-fat","8":"product_tag-hat-en-2","9":"product_tag-hat-en","10":"product_tag-hat-en-3","11":"product_tag-hat-en-4","12":"pa_periode-1919-1929-en","13":"pa_type-de-contenu-painted-photo","15":"first","16":"instock","17":"virtual","18":"product-type-simple"},"acf":[],"yoast_head":"<!-- This site is optimized with the Yoast SEO Premium plugin v27.0 (Yoast SEO v27.4) - https:\/\/yoast.com\/product\/yoast-seo-premium-wordpress\/ -->\n<title>Margarine - Catalogue Raisonn\u00e9 de Leonetto Cappiello<\/title>\n<meta name=\"description\" content=\"A cook, looking a bit simple-minded, shows that she has put some product from the jar on her tongue and is about to eat it. Implication: it&#039;s very good!\" \/>\n<meta name=\"robots\" content=\"index, follow, max-snippet:-1, max-image-preview:large, max-video-preview:-1\" \/>\n<link rel=\"canonical\" href=\"https:\/\/cappiello.fr\/en\/produit\/margarine-adi\/\" \/>\n<meta property=\"og:locale\" content=\"en_US\" \/>\n<meta property=\"og:type\" content=\"article\" \/>\n<meta property=\"og:title\" content=\"Margarine\" \/>\n<meta property=\"og:description\" content=\"A cook, looking a bit simple-minded, shows that she has put some product from the jar on her tongue and is about to eat it. Implication: it&#039;s very good!\" \/>\n<meta property=\"og:url\" content=\"https:\/\/cappiello.fr\/en\/produit\/margarine-adi\/\" \/>\n<meta property=\"og:site_name\" content=\"Catalogue raisonn\u00e9 de Leonetto Cappiello\" \/>\n<meta property=\"article:modified_time\" content=\"2025-06-22T06:53:19+00:00\" \/>\n<meta property=\"og:image\" content=\"https:\/\/cappiello.fr\/wp-content\/uploads\/2024\/10\/Photo-peinte-affiche-publicitaire-margarine-cappiello-1924.jpg\" \/>\n\t<meta property=\"og:image:width\" content=\"562\" \/>\n\t<meta property=\"og:image:height\" content=\"800\" \/>\n\t<meta property=\"og:image:type\" content=\"image\/jpeg\" \/>\n<meta name=\"twitter:card\" content=\"summary_large_image\" \/>\n<meta name=\"twitter:title\" content=\"Margarine\" \/>\n<meta name=\"twitter:description\" content=\"A cook, looking a bit simple-minded, shows that she has put some product from the jar on her tongue and is about to eat it. Implication: it&#039;s very good!\" \/>\n<meta name=\"twitter:label1\" content=\"Price\" \/>\n\t<meta name=\"twitter:data1\" content=\"\" \/>\n\t<meta name=\"twitter:label2\" content=\"Availability\" \/>\n\t<meta name=\"twitter:data2\" content=\"In stock\" \/>\n<script type=\"application\/ld+json\" class=\"yoast-schema-graph\">{\"@context\":\"https:\\\/\\\/schema.org\",\"@graph\":[{\"@type\":[\"WebPage\",\"ItemPage\"],\"@id\":\"https:\\\/\\\/cappiello.fr\\\/en\\\/produit\\\/margarine-adi\\\/\",\"url\":\"https:\\\/\\\/cappiello.fr\\\/en\\\/produit\\\/margarine-adi\\\/\",\"name\":\"Margarine - Catalogue Raisonn\u00e9 de Leonetto Cappiello\",\"isPartOf\":{\"@id\":\"https:\\\/\\\/cappiello.fr\\\/en\\\/#website\"},\"primaryImageOfPage\":{\"@id\":\"https:\\\/\\\/cappiello.fr\\\/en\\\/produit\\\/margarine-adi\\\/#primaryimage\"},\"image\":{\"@id\":\"https:\\\/\\\/cappiello.fr\\\/en\\\/produit\\\/margarine-adi\\\/#primaryimage\"},\"thumbnailUrl\":\"https:\\\/\\\/cappiello.fr\\\/wp-content\\\/uploads\\\/2024\\\/10\\\/Photo-peinte-affiche-publicitaire-margarine-cappiello-1924.jpg\",\"datePublished\":\"1924-01-01T00:00:00+00:00\",\"dateModified\":\"2025-06-22T06:53:19+00:00\",\"description\":\"A cook, looking a bit simple-minded, shows that she has put some product from the jar on her tongue and is about to eat it. Implication: it's very good!\",\"breadcrumb\":{\"@id\":\"https:\\\/\\\/cappiello.fr\\\/en\\\/produit\\\/margarine-adi\\\/#breadcrumb\"},\"inLanguage\":\"en-US\",\"potentialAction\":[{\"@type\":\"ReadAction\",\"target\":[\"https:\\\/\\\/cappiello.fr\\\/en\\\/produit\\\/margarine-adi\\\/\"]}]},{\"@type\":\"ImageObject\",\"inLanguage\":\"en-US\",\"@id\":\"https:\\\/\\\/cappiello.fr\\\/en\\\/produit\\\/margarine-adi\\\/#primaryimage\",\"url\":\"https:\\\/\\\/cappiello.fr\\\/wp-content\\\/uploads\\\/2024\\\/10\\\/Photo-peinte-affiche-publicitaire-margarine-cappiello-1924.jpg\",\"contentUrl\":\"https:\\\/\\\/cappiello.fr\\\/wp-content\\\/uploads\\\/2024\\\/10\\\/Photo-peinte-affiche-publicitaire-margarine-cappiello-1924.jpg\",\"width\":562,\"height\":800,\"caption\":\"Cr\u00e8me. Le titre de cette photo peinte est diff\u00e9rent de ce qu'elle montre. Il s'agit ici d'un exemple typique des photos peintes : Cappiello n'a pas r\u00e9ussi \u00e0 vendre l'esquisse pour de la margarine \u00e0 ADI ou \u00e0 SAT\"},{\"@type\":\"BreadcrumbList\",\"@id\":\"https:\\\/\\\/cappiello.fr\\\/en\\\/produit\\\/margarine-adi\\\/#breadcrumb\",\"itemListElement\":[{\"@type\":\"ListItem\",\"position\":1,\"name\":\"Accueil\",\"item\":\"https:\\\/\\\/cappiello.fr\\\/en\\\/\"},{\"@type\":\"ListItem\",\"position\":2,\"name\":\"The works\",\"item\":\"https:\\\/\\\/cappiello.fr\\\/en\\\/the-works\\\/\"},{\"@type\":\"ListItem\",\"position\":3,\"name\":\"Margarine\"}]},{\"@type\":\"WebSite\",\"@id\":\"https:\\\/\\\/cappiello.fr\\\/en\\\/#website\",\"url\":\"https:\\\/\\\/cappiello.fr\\\/en\\\/\",\"name\":\"Catalogue raisonn\u00e9 de Leonetto Cappiello\",\"description\":\"Plongez dans l&#039;univers de Leonetto Cappiello, le p\u00e8re de la publicit\u00e9 moderne\",\"potentialAction\":[{\"@type\":\"SearchAction\",\"target\":{\"@type\":\"EntryPoint\",\"urlTemplate\":\"https:\\\/\\\/cappiello.fr\\\/en\\\/?s={search_term_string}\"},\"query-input\":{\"@type\":\"PropertyValueSpecification\",\"valueRequired\":true,\"valueName\":\"search_term_string\"}}],\"inLanguage\":\"en-US\"}]}<\/script>\n<meta property=\"product:price:currency\" content=\"EUR\" \/>\n<meta property=\"og:availability\" content=\"instock\" \/>\n<meta property=\"product:availability\" content=\"instock\" \/>\n<meta property=\"product:retailer_item_id\" content=\"1924006F0\" \/>\n<meta property=\"product:condition\" content=\"new\" \/>\n<!-- \/ Yoast SEO Premium plugin. -->","yoast_head_json":{"title":"Margarine - Catalogue Raisonn\u00e9 de Leonetto Cappiello","description":"A cook, looking a bit simple-minded, shows that she has put some product from the jar on her tongue and is about to eat it. Implication: it's very good!","robots":{"index":"index","follow":"follow","max-snippet":"max-snippet:-1","max-image-preview":"max-image-preview:large","max-video-preview":"max-video-preview:-1"},"canonical":"https:\/\/cappiello.fr\/en\/produit\/margarine-adi\/","og_locale":"en_US","og_type":"article","og_title":"Margarine","og_description":"A cook, looking a bit simple-minded, shows that she has put some product from the jar on her tongue and is about to eat it. Implication: it's very good!","og_url":"https:\/\/cappiello.fr\/en\/produit\/margarine-adi\/","og_site_name":"Catalogue raisonn\u00e9 de Leonetto Cappiello","article_modified_time":"2025-06-22T06:53:19+00:00","og_image":[{"width":562,"height":800,"url":"https:\/\/cappiello.fr\/wp-content\/uploads\/2024\/10\/Photo-peinte-affiche-publicitaire-margarine-cappiello-1924.jpg","type":"image\/jpeg"}],"twitter_card":"summary_large_image","twitter_title":"Margarine","twitter_description":"A cook, looking a bit simple-minded, shows that she has put some product from the jar on her tongue and is about to eat it. Implication: it's very good!","twitter_misc":{"Price":"","Availability":"In stock"},"schema":{"@context":"https:\/\/schema.org","@graph":[{"@type":["WebPage","ItemPage"],"@id":"https:\/\/cappiello.fr\/en\/produit\/margarine-adi\/","url":"https:\/\/cappiello.fr\/en\/produit\/margarine-adi\/","name":"Margarine - Catalogue Raisonn\u00e9 de Leonetto Cappiello","isPartOf":{"@id":"https:\/\/cappiello.fr\/en\/#website"},"primaryImageOfPage":{"@id":"https:\/\/cappiello.fr\/en\/produit\/margarine-adi\/#primaryimage"},"image":{"@id":"https:\/\/cappiello.fr\/en\/produit\/margarine-adi\/#primaryimage"},"thumbnailUrl":"https:\/\/cappiello.fr\/wp-content\/uploads\/2024\/10\/Photo-peinte-affiche-publicitaire-margarine-cappiello-1924.jpg","datePublished":"1924-01-01T00:00:00+00:00","dateModified":"2025-06-22T06:53:19+00:00","description":"A cook, looking a bit simple-minded, shows that she has put some product from the jar on her tongue and is about to eat it. Implication: it's very good!","breadcrumb":{"@id":"https:\/\/cappiello.fr\/en\/produit\/margarine-adi\/#breadcrumb"},"inLanguage":"en-US","potentialAction":[{"@type":"ReadAction","target":["https:\/\/cappiello.fr\/en\/produit\/margarine-adi\/"]}]},{"@type":"ImageObject","inLanguage":"en-US","@id":"https:\/\/cappiello.fr\/en\/produit\/margarine-adi\/#primaryimage","url":"https:\/\/cappiello.fr\/wp-content\/uploads\/2024\/10\/Photo-peinte-affiche-publicitaire-margarine-cappiello-1924.jpg","contentUrl":"https:\/\/cappiello.fr\/wp-content\/uploads\/2024\/10\/Photo-peinte-affiche-publicitaire-margarine-cappiello-1924.jpg","width":562,"height":800,"caption":"Cr\u00e8me. Le titre de cette photo peinte est diff\u00e9rent de ce qu'elle montre. Il s'agit ici d'un exemple typique des photos peintes : Cappiello n'a pas r\u00e9ussi \u00e0 vendre l'esquisse pour de la margarine \u00e0 ADI ou \u00e0 SAT"},{"@type":"BreadcrumbList","@id":"https:\/\/cappiello.fr\/en\/produit\/margarine-adi\/#breadcrumb","itemListElement":[{"@type":"ListItem","position":1,"name":"Accueil","item":"https:\/\/cappiello.fr\/en\/"},{"@type":"ListItem","position":2,"name":"The works","item":"https:\/\/cappiello.fr\/en\/the-works\/"},{"@type":"ListItem","position":3,"name":"Margarine"}]},{"@type":"WebSite","@id":"https:\/\/cappiello.fr\/en\/#website","url":"https:\/\/cappiello.fr\/en\/","name":"Catalogue raisonn\u00e9 de Leonetto Cappiello","description":"Plongez dans l&#039;univers de Leonetto Cappiello, le p\u00e8re de la publicit\u00e9 moderne","potentialAction":[{"@type":"SearchAction","target":{"@type":"EntryPoint","urlTemplate":"https:\/\/cappiello.fr\/en\/?s={search_term_string}"},"query-input":{"@type":"PropertyValueSpecification","valueRequired":true,"valueName":"search_term_string"}}],"inLanguage":"en-US"}]},"product_price_currency":"EUR","og_availability":"instock","product_availability":"instock","product_retailer_item_id":"1924006F0","product_condition":"new"},"_links":{"self":[{"href":"https:\/\/cappiello.fr\/en\/wp-json\/wp\/v2\/product\/129435","targetHints":{"allow":["GET"]}}],"collection":[{"href":"https:\/\/cappiello.fr\/en\/wp-json\/wp\/v2\/product"}],"about":[{"href":"https:\/\/cappiello.fr\/en\/wp-json\/wp\/v2\/types\/product"}],"wp:featuredmedia":[{"embeddable":true,"href":"https:\/\/cappiello.fr\/en\/wp-json\/wp\/v2\/media\/129436"}],"wp:attachment":[{"href":"https:\/\/cappiello.fr\/en\/wp-json\/wp\/v2\/media?parent=129435"}],"wp:term":[{"taxonomy":"type-doeuvre","embeddable":true,"href":"https:\/\/cappiello.fr\/en\/wp-json\/wp\/v2\/type-doeuvre?post=129435"},{"taxonomy":"product_brand","embeddable":true,"href":"https:\/\/cappiello.fr\/en\/wp-json\/wp\/v2\/product_brand?post=129435"},{"taxonomy":"product_cat","embeddable":true,"href":"https:\/\/cappiello.fr\/en\/wp-json\/wp\/v2\/product_cat?post=129435"},{"taxonomy":"product_tag","embeddable":true,"href":"https:\/\/cappiello.fr\/en\/wp-json\/wp\/v2\/product_tag?post=129435"}],"curies":[{"name":"wp","href":"https:\/\/api.w.org\/{rel}","templated":true}]}}