{"id":129437,"date":"1924-01-01T00:00:00","date_gmt":"1924-01-01T00:00:00","guid":{"rendered":"https:\/\/cappiello.fr\/produit\/poccardi-aller-chez\/"},"modified":"2025-06-22T08:47:52","modified_gmt":"2025-06-22T06:47:52","slug":"poccardi-aller-chez","status":"publish","type":"product","link":"https:\/\/cappiello.fr\/en\/produit\/poccardi-aller-chez\/","title":{"rendered":"Poccardi \/ Aller chez"},"content":{"rendered":"<p>A man accompanied by three women gets into a taxi to go to one of the chain&#8217;s three addresses.<\/p>\n","protected":false},"excerpt":{"rendered":"<p>Parisian chain of two Italian restaurants and one bar.<br \/>\nCappiello has already created two posters for this company: <a href=\"https:\/\/cappiello.fr\/en\/produit\/poccardi-gds-restaurants\/\">Poccardi \/ Gds. Restaurants <\/a>and <a href=\"https:\/\/cappiello.fr\/en\/produit\/poccardi-aperitif-americano\/\">Poccardi Americano Aperitif<\/a>. In all three posters, the characters going to the restaurant are identical.<\/p>\n","protected":false},"featured_media":129438,"template":"","meta":{"_acf_changed":false},"type-doeuvre":[4057],"product_brand":[],"product_cat":[3348],"product_tag":[3269,3250,3345,3311],"class_list":{"0":"post-129437","1":"product","2":"type-product","3":"status-publish","4":"has-post-thumbnail","6":"type-doeuvre-affiches","7":"product_cat-trade","8":"product_tag-sea","9":"product_tag-hat","10":"product_tag-elegant-en","11":"product_tag-society-woman","12":"pa_periode-1919-1929-en","13":"pa_type-de-contenu-lithography","15":"first","16":"instock","17":"virtual","18":"product-type-simple"},"acf":[],"yoast_head":"<!-- This site is optimized with the Yoast SEO Premium plugin v27.0 (Yoast SEO v27.4) - https:\/\/yoast.com\/product\/yoast-seo-premium-wordpress\/ -->\n<title>Poccardi \/ Aller chez - Catalogue Raisonn\u00e9 de Leonetto Cappiello<\/title>\n<meta name=\"description\" content=\"A man accompanied by three women gets into a taxi to go to one of the chain&#039;s three addresses.\" \/>\n<meta name=\"robots\" content=\"index, follow, max-snippet:-1, max-image-preview:large, max-video-preview:-1\" \/>\n<link rel=\"canonical\" href=\"https:\/\/cappiello.fr\/en\/produit\/poccardi-aller-chez\/\" \/>\n<meta property=\"og:locale\" content=\"en_US\" \/>\n<meta property=\"og:type\" content=\"article\" \/>\n<meta property=\"og:title\" content=\"Poccardi \/ Aller chez\" \/>\n<meta property=\"og:description\" content=\"A man accompanied by three women gets into a taxi to go to one of the chain&#039;s three addresses.\" \/>\n<meta property=\"og:url\" content=\"https:\/\/cappiello.fr\/en\/produit\/poccardi-aller-chez\/\" \/>\n<meta property=\"og:site_name\" content=\"Catalogue raisonn\u00e9 de Leonetto Cappiello\" \/>\n<meta property=\"article:modified_time\" content=\"2025-06-22T06:47:52+00:00\" \/>\n<meta property=\"og:image\" content=\"https:\/\/cappiello.fr\/wp-content\/uploads\/2024\/10\/Lithographie-affiche-publicitaire-poccardi-aller-chez-cappiello-1924.jpg\" \/>\n\t<meta property=\"og:image:width\" content=\"509\" \/>\n\t<meta property=\"og:image:height\" content=\"800\" \/>\n\t<meta property=\"og:image:type\" content=\"image\/jpeg\" \/>\n<meta name=\"twitter:card\" content=\"summary_large_image\" \/>\n<meta name=\"twitter:title\" content=\"Poccardi \/ Aller chez\" \/>\n<meta name=\"twitter:description\" content=\"A man accompanied by three women gets into a taxi to go to one of the chain&#039;s three addresses.\" \/>\n<meta name=\"twitter:label1\" content=\"Price\" \/>\n\t<meta name=\"twitter:data1\" content=\"\" \/>\n\t<meta name=\"twitter:label2\" content=\"Availability\" \/>\n\t<meta name=\"twitter:data2\" content=\"In stock\" \/>\n<script type=\"application\/ld+json\" class=\"yoast-schema-graph\">{\"@context\":\"https:\\\/\\\/schema.org\",\"@graph\":[{\"@type\":[\"WebPage\",\"ItemPage\"],\"@id\":\"https:\\\/\\\/cappiello.fr\\\/en\\\/produit\\\/poccardi-aller-chez\\\/\",\"url\":\"https:\\\/\\\/cappiello.fr\\\/en\\\/produit\\\/poccardi-aller-chez\\\/\",\"name\":\"Poccardi \\\/ Aller chez - Catalogue Raisonn\u00e9 de Leonetto Cappiello\",\"isPartOf\":{\"@id\":\"https:\\\/\\\/cappiello.fr\\\/en\\\/#website\"},\"primaryImageOfPage\":{\"@id\":\"https:\\\/\\\/cappiello.fr\\\/en\\\/produit\\\/poccardi-aller-chez\\\/#primaryimage\"},\"image\":{\"@id\":\"https:\\\/\\\/cappiello.fr\\\/en\\\/produit\\\/poccardi-aller-chez\\\/#primaryimage\"},\"thumbnailUrl\":\"https:\\\/\\\/cappiello.fr\\\/wp-content\\\/uploads\\\/2024\\\/10\\\/Lithographie-affiche-publicitaire-poccardi-aller-chez-cappiello-1924.jpg\",\"datePublished\":\"1924-01-01T00:00:00+00:00\",\"dateModified\":\"2025-06-22T06:47:52+00:00\",\"description\":\"A man accompanied by three women gets into a taxi to go to one of the chain's three addresses.\",\"breadcrumb\":{\"@id\":\"https:\\\/\\\/cappiello.fr\\\/en\\\/produit\\\/poccardi-aller-chez\\\/#breadcrumb\"},\"inLanguage\":\"en-US\",\"potentialAction\":[{\"@type\":\"ReadAction\",\"target\":[\"https:\\\/\\\/cappiello.fr\\\/en\\\/produit\\\/poccardi-aller-chez\\\/\"]}]},{\"@type\":\"ImageObject\",\"inLanguage\":\"en-US\",\"@id\":\"https:\\\/\\\/cappiello.fr\\\/en\\\/produit\\\/poccardi-aller-chez\\\/#primaryimage\",\"url\":\"https:\\\/\\\/cappiello.fr\\\/wp-content\\\/uploads\\\/2024\\\/10\\\/Lithographie-affiche-publicitaire-poccardi-aller-chez-cappiello-1924.jpg\",\"contentUrl\":\"https:\\\/\\\/cappiello.fr\\\/wp-content\\\/uploads\\\/2024\\\/10\\\/Lithographie-affiche-publicitaire-poccardi-aller-chez-cappiello-1924.jpg\",\"width\":509,\"height\":800,\"caption\":\"Cha\u00eene parisienne de deux restaurants italiens et un bar. Cappiello a d\u00e9j\u00e0 fait deux affiches pour cette soci\u00e9t\u00e9 : Poccardi \\\/ Gds. Restaurants et\u00a0Ap\u00e9ritif Americano Poccardi. Dans les trois affiches les personnages qui vont au restaurant sont identiques.\"},{\"@type\":\"BreadcrumbList\",\"@id\":\"https:\\\/\\\/cappiello.fr\\\/en\\\/produit\\\/poccardi-aller-chez\\\/#breadcrumb\",\"itemListElement\":[{\"@type\":\"ListItem\",\"position\":1,\"name\":\"Accueil\",\"item\":\"https:\\\/\\\/cappiello.fr\\\/en\\\/\"},{\"@type\":\"ListItem\",\"position\":2,\"name\":\"The works\",\"item\":\"https:\\\/\\\/cappiello.fr\\\/en\\\/the-works\\\/\"},{\"@type\":\"ListItem\",\"position\":3,\"name\":\"Poccardi \\\/ Aller chez\"}]},{\"@type\":\"WebSite\",\"@id\":\"https:\\\/\\\/cappiello.fr\\\/en\\\/#website\",\"url\":\"https:\\\/\\\/cappiello.fr\\\/en\\\/\",\"name\":\"Catalogue raisonn\u00e9 de Leonetto Cappiello\",\"description\":\"Plongez dans l&#039;univers de Leonetto Cappiello, le p\u00e8re de la publicit\u00e9 moderne\",\"potentialAction\":[{\"@type\":\"SearchAction\",\"target\":{\"@type\":\"EntryPoint\",\"urlTemplate\":\"https:\\\/\\\/cappiello.fr\\\/en\\\/?s={search_term_string}\"},\"query-input\":{\"@type\":\"PropertyValueSpecification\",\"valueRequired\":true,\"valueName\":\"search_term_string\"}}],\"inLanguage\":\"en-US\"}]}<\/script>\n<meta property=\"product:price:currency\" content=\"EUR\" \/>\n<meta property=\"og:availability\" content=\"instock\" \/>\n<meta property=\"product:availability\" content=\"instock\" \/>\n<meta property=\"product:retailer_item_id\" content=\"1924052Z0\" \/>\n<meta property=\"product:condition\" content=\"new\" \/>\n<!-- \/ Yoast SEO Premium plugin. -->","yoast_head_json":{"title":"Poccardi \/ Aller chez - Catalogue Raisonn\u00e9 de Leonetto Cappiello","description":"A man accompanied by three women gets into a taxi to go to one of the chain's three addresses.","robots":{"index":"index","follow":"follow","max-snippet":"max-snippet:-1","max-image-preview":"max-image-preview:large","max-video-preview":"max-video-preview:-1"},"canonical":"https:\/\/cappiello.fr\/en\/produit\/poccardi-aller-chez\/","og_locale":"en_US","og_type":"article","og_title":"Poccardi \/ Aller chez","og_description":"A man accompanied by three women gets into a taxi to go to one of the chain's three addresses.","og_url":"https:\/\/cappiello.fr\/en\/produit\/poccardi-aller-chez\/","og_site_name":"Catalogue raisonn\u00e9 de Leonetto Cappiello","article_modified_time":"2025-06-22T06:47:52+00:00","og_image":[{"width":509,"height":800,"url":"https:\/\/cappiello.fr\/wp-content\/uploads\/2024\/10\/Lithographie-affiche-publicitaire-poccardi-aller-chez-cappiello-1924.jpg","type":"image\/jpeg"}],"twitter_card":"summary_large_image","twitter_title":"Poccardi \/ Aller chez","twitter_description":"A man accompanied by three women gets into a taxi to go to one of the chain's three addresses.","twitter_misc":{"Price":"","Availability":"In stock"},"schema":{"@context":"https:\/\/schema.org","@graph":[{"@type":["WebPage","ItemPage"],"@id":"https:\/\/cappiello.fr\/en\/produit\/poccardi-aller-chez\/","url":"https:\/\/cappiello.fr\/en\/produit\/poccardi-aller-chez\/","name":"Poccardi \/ Aller chez - Catalogue Raisonn\u00e9 de Leonetto Cappiello","isPartOf":{"@id":"https:\/\/cappiello.fr\/en\/#website"},"primaryImageOfPage":{"@id":"https:\/\/cappiello.fr\/en\/produit\/poccardi-aller-chez\/#primaryimage"},"image":{"@id":"https:\/\/cappiello.fr\/en\/produit\/poccardi-aller-chez\/#primaryimage"},"thumbnailUrl":"https:\/\/cappiello.fr\/wp-content\/uploads\/2024\/10\/Lithographie-affiche-publicitaire-poccardi-aller-chez-cappiello-1924.jpg","datePublished":"1924-01-01T00:00:00+00:00","dateModified":"2025-06-22T06:47:52+00:00","description":"A man accompanied by three women gets into a taxi to go to one of the chain's three addresses.","breadcrumb":{"@id":"https:\/\/cappiello.fr\/en\/produit\/poccardi-aller-chez\/#breadcrumb"},"inLanguage":"en-US","potentialAction":[{"@type":"ReadAction","target":["https:\/\/cappiello.fr\/en\/produit\/poccardi-aller-chez\/"]}]},{"@type":"ImageObject","inLanguage":"en-US","@id":"https:\/\/cappiello.fr\/en\/produit\/poccardi-aller-chez\/#primaryimage","url":"https:\/\/cappiello.fr\/wp-content\/uploads\/2024\/10\/Lithographie-affiche-publicitaire-poccardi-aller-chez-cappiello-1924.jpg","contentUrl":"https:\/\/cappiello.fr\/wp-content\/uploads\/2024\/10\/Lithographie-affiche-publicitaire-poccardi-aller-chez-cappiello-1924.jpg","width":509,"height":800,"caption":"Cha\u00eene parisienne de deux restaurants italiens et un bar. Cappiello a d\u00e9j\u00e0 fait deux affiches pour cette soci\u00e9t\u00e9 : Poccardi \/ Gds. Restaurants et\u00a0Ap\u00e9ritif Americano Poccardi. Dans les trois affiches les personnages qui vont au restaurant sont identiques."},{"@type":"BreadcrumbList","@id":"https:\/\/cappiello.fr\/en\/produit\/poccardi-aller-chez\/#breadcrumb","itemListElement":[{"@type":"ListItem","position":1,"name":"Accueil","item":"https:\/\/cappiello.fr\/en\/"},{"@type":"ListItem","position":2,"name":"The works","item":"https:\/\/cappiello.fr\/en\/the-works\/"},{"@type":"ListItem","position":3,"name":"Poccardi \/ Aller chez"}]},{"@type":"WebSite","@id":"https:\/\/cappiello.fr\/en\/#website","url":"https:\/\/cappiello.fr\/en\/","name":"Catalogue raisonn\u00e9 de Leonetto Cappiello","description":"Plongez dans l&#039;univers de Leonetto Cappiello, le p\u00e8re de la publicit\u00e9 moderne","potentialAction":[{"@type":"SearchAction","target":{"@type":"EntryPoint","urlTemplate":"https:\/\/cappiello.fr\/en\/?s={search_term_string}"},"query-input":{"@type":"PropertyValueSpecification","valueRequired":true,"valueName":"search_term_string"}}],"inLanguage":"en-US"}]},"product_price_currency":"EUR","og_availability":"instock","product_availability":"instock","product_retailer_item_id":"1924052Z0","product_condition":"new"},"_links":{"self":[{"href":"https:\/\/cappiello.fr\/en\/wp-json\/wp\/v2\/product\/129437","targetHints":{"allow":["GET"]}}],"collection":[{"href":"https:\/\/cappiello.fr\/en\/wp-json\/wp\/v2\/product"}],"about":[{"href":"https:\/\/cappiello.fr\/en\/wp-json\/wp\/v2\/types\/product"}],"wp:featuredmedia":[{"embeddable":true,"href":"https:\/\/cappiello.fr\/en\/wp-json\/wp\/v2\/media\/129438"}],"wp:attachment":[{"href":"https:\/\/cappiello.fr\/en\/wp-json\/wp\/v2\/media?parent=129437"}],"wp:term":[{"taxonomy":"type-doeuvre","embeddable":true,"href":"https:\/\/cappiello.fr\/en\/wp-json\/wp\/v2\/type-doeuvre?post=129437"},{"taxonomy":"product_brand","embeddable":true,"href":"https:\/\/cappiello.fr\/en\/wp-json\/wp\/v2\/product_brand?post=129437"},{"taxonomy":"product_cat","embeddable":true,"href":"https:\/\/cappiello.fr\/en\/wp-json\/wp\/v2\/product_cat?post=129437"},{"taxonomy":"product_tag","embeddable":true,"href":"https:\/\/cappiello.fr\/en\/wp-json\/wp\/v2\/product_tag?post=129437"}],"curies":[{"name":"wp","href":"https:\/\/api.w.org\/{rel}","templated":true}]}}