{"id":129621,"date":"1934-01-01T00:00:00","date_gmt":"1934-01-01T00:00:00","guid":{"rendered":"https:\/\/cappiello.fr\/produit\/action-combattante-l\/"},"modified":"2025-05-15T07:46:54","modified_gmt":"2025-05-15T05:46:54","slug":"action-combattante-l","status":"publish","type":"product","link":"https:\/\/cappiello.fr\/en\/produit\/action-combattante-l\/","title":{"rendered":"Action Combattante (L&#8217;)"},"content":{"rendered":"<p>A decorated and helmeted war veteran walks, crushing the octopus titled &#8220;Maffia,&#8221; whose tentacles are named: &#8220;Waste,&#8221; &#8220;Scandals,&#8221; &#8220;Corruption.&#8221;<br \/>\nIn the background, French people are building under a blue, white, and red rainbow.  <\/p>\n<p>To understand this poster, one must recall that in early 1934, France was in the midst of an economic and social crisis. Successive governments proved incapable of resolving the difficulties faced by the French people. Anti-parliamentarianism grew in response to numerous political-financial scandals, particularly the Stravinski affair. On February 6, 1934, a riot left 15 dead and over 2,000 injured. It led to the fall of the Daladier government. Among the protesters were the very powerful veterans&#8217; associations, closely tied to the far right, which sought to expand their influence and began engaging in propaganda.<br \/>\nThis poster was reproduced on the back of the Civic Action Program of the War Veterans, published by Combatant Action. In its foreword, it reads: &#8220;To rally the entire country to the ideas of restoring public morale and reestablishing state authority, as voted in the Wagram Hall in October 1933 and largely adopted by the National Confederation of War Veterans on March 25, 1934, the National Union of War Veterans created Combatant Action.<br \/>\nIts Goal:<br \/>\nTo propagate, under the guidance of war veterans, united as on the front lines, a program of reforms whose urgent necessity was made clear to all of France by the tragic events of February 6&#8230;.&#8221;<\/p>\n","protected":false},"excerpt":{"rendered":"<p>Recruitment poster for the Combat Action of the U.N.C. (National Union of Veterans).<\/p>\n","protected":false},"featured_media":129627,"template":"","meta":{"_acf_changed":false},"type-doeuvre":[4057],"product_brand":[],"product_cat":[3510],"product_tag":[3522,3452,3526,3524],"class_list":{"0":"post-129621","1":"product","2":"type-product","3":"status-publish","4":"has-post-thumbnail","6":"type-doeuvre-affiches","7":"product_cat-associative-or-political-movements","8":"product_tag-octopus","9":"product_tag-king-en-2","10":"product_tag-octopus-en-2","11":"product_tag-octopus-en","12":"pa_periode-1930-1940-en","13":"pa_type-de-contenu-lithography","15":"first","16":"instock","17":"virtual","18":"product-type-simple"},"acf":[],"yoast_head":"<!-- This site is optimized with the Yoast SEO Premium plugin v27.0 (Yoast SEO v27.4) - https:\/\/yoast.com\/product\/yoast-seo-premium-wordpress\/ -->\n<title>Action Combattante (L&#039;) - Catalogue Raisonn\u00e9 de Leonetto Cappiello<\/title>\n<meta name=\"description\" content=\"A decorated and helmeted war veteran marches while crushing an octopus labeled &quot;Maffia,&quot; whose tentacles are named: &quot;Waste,&quot; &quot;Scandals,&quot; &quot;Corruption.&quot; In the background, French people are building under a blue, white, and red rainbow. To understand this poster, one must remember that in early 1934, France was in the midst of an economic and social crisis. Successive governments proved incapable of resolving the difficulties faced by the French. Anti-parliamentarianism grew in response to numerous political and financial scandals, particularly the Stravinsky affair. On February 6, 1934, a riot left 15 dead and over 2,000 injured. It led to the fall of the Daladier government. Among the protesters were the very powerful veterans&#039; associations, closely tied to the far right, which sought to expand their influence and began engaging in propaganda. This poster was reproduced on the back of the Civic Action Program of the Veterans, published by Combatant Action. In its foreword, it reads: &quot;To rally the entire country to the ideas of restoring public spirit and reestablishing state authority, as voted in the Wagram Hall in October 1933 and largely adopted by the National Confederation of War Veterans on March 25, 1934, the National Union of Veterans created Combatant Action. Its goal: To promote, under the guidance of war veterans, united as on the front lines, a program of reforms whose imperative necessity was demonstrated to all of France by the tragic events of February 6....&quot;\" \/>\n<meta name=\"robots\" content=\"index, follow, max-snippet:-1, max-image-preview:large, max-video-preview:-1\" \/>\n<link rel=\"canonical\" href=\"https:\/\/cappiello.fr\/en\/produit\/action-combattante-l\/\" \/>\n<meta property=\"og:locale\" content=\"en_US\" \/>\n<meta property=\"og:type\" content=\"article\" \/>\n<meta property=\"og:title\" content=\"Action Combattante (L&#039;)\" \/>\n<meta property=\"og:description\" content=\"A decorated and helmeted war veteran marches while crushing an octopus labeled &quot;Maffia,&quot; whose tentacles are named: &quot;Waste,&quot; &quot;Scandals,&quot; &quot;Corruption.&quot; In the background, French people are building under a blue, white, and red rainbow. To understand this poster, one must remember that in early 1934, France was in the midst of an economic and social crisis. Successive governments proved incapable of resolving the difficulties faced by the French. Anti-parliamentarianism grew in response to numerous political and financial scandals, particularly the Stravinsky affair. On February 6, 1934, a riot left 15 dead and over 2,000 injured. It led to the fall of the Daladier government. Among the protesters were the very powerful veterans&#039; associations, closely tied to the far right, which sought to expand their influence and began engaging in propaganda. This poster was reproduced on the back of the Civic Action Program of the Veterans, published by Combatant Action. In its foreword, it reads: &quot;To rally the entire country to the ideas of restoring public spirit and reestablishing state authority, as voted in the Wagram Hall in October 1933 and largely adopted by the National Confederation of War Veterans on March 25, 1934, the National Union of Veterans created Combatant Action. Its goal: To promote, under the guidance of war veterans, united as on the front lines, a program of reforms whose imperative necessity was demonstrated to all of France by the tragic events of February 6....&quot;\" \/>\n<meta property=\"og:url\" content=\"https:\/\/cappiello.fr\/en\/produit\/action-combattante-l\/\" \/>\n<meta property=\"og:site_name\" content=\"Catalogue raisonn\u00e9 de Leonetto Cappiello\" \/>\n<meta property=\"article:modified_time\" content=\"2025-05-15T05:46:54+00:00\" \/>\n<meta property=\"og:image\" content=\"https:\/\/cappiello.fr\/wp-content\/uploads\/2024\/10\/Lithographie-affiche-publicitaire-action-combattante-l-3-cappiello-Mars.jpg\" \/>\n\t<meta property=\"og:image:width\" content=\"609\" \/>\n\t<meta property=\"og:image:height\" content=\"800\" \/>\n\t<meta property=\"og:image:type\" content=\"image\/jpeg\" \/>\n<meta name=\"twitter:card\" content=\"summary_large_image\" \/>\n<meta name=\"twitter:title\" content=\"Action Combattante (L&#039;)\" \/>\n<meta name=\"twitter:description\" content=\"A decorated and helmeted war veteran marches while crushing an octopus labeled &quot;Maffia,&quot; whose tentacles are named: &quot;Waste,&quot; &quot;Scandals,&quot; &quot;Corruption.&quot; In the background, French people are building under a blue, white, and red rainbow. To understand this poster, one must remember that in early 1934, France was in the midst of an economic and social crisis. Successive governments proved incapable of resolving the difficulties faced by the French. Anti-parliamentarianism grew in response to numerous political and financial scandals, particularly the Stravinsky affair. On February 6, 1934, a riot left 15 dead and over 2,000 injured. It led to the fall of the Daladier government. Among the protesters were the very powerful veterans&#039; associations, closely tied to the far right, which sought to expand their influence and began engaging in propaganda. This poster was reproduced on the back of the Civic Action Program of the Veterans, published by Combatant Action. In its foreword, it reads: &quot;To rally the entire country to the ideas of restoring public spirit and reestablishing state authority, as voted in the Wagram Hall in October 1933 and largely adopted by the National Confederation of War Veterans on March 25, 1934, the National Union of Veterans created Combatant Action. Its goal: To promote, under the guidance of war veterans, united as on the front lines, a program of reforms whose imperative necessity was demonstrated to all of France by the tragic events of February 6....&quot;\" \/>\n<meta name=\"twitter:label1\" content=\"Price\" \/>\n\t<meta name=\"twitter:data1\" content=\"\" \/>\n\t<meta name=\"twitter:label2\" content=\"Availability\" \/>\n\t<meta name=\"twitter:data2\" content=\"In stock\" \/>\n<script type=\"application\/ld+json\" class=\"yoast-schema-graph\">{\"@context\":\"https:\\\/\\\/schema.org\",\"@graph\":[{\"@type\":[\"WebPage\",\"ItemPage\"],\"@id\":\"https:\\\/\\\/cappiello.fr\\\/en\\\/produit\\\/action-combattante-l\\\/\",\"url\":\"https:\\\/\\\/cappiello.fr\\\/en\\\/produit\\\/action-combattante-l\\\/\",\"name\":\"Action Combattante (L') - Catalogue Raisonn\u00e9 de Leonetto Cappiello\",\"isPartOf\":{\"@id\":\"https:\\\/\\\/cappiello.fr\\\/en\\\/#website\"},\"primaryImageOfPage\":{\"@id\":\"https:\\\/\\\/cappiello.fr\\\/en\\\/produit\\\/action-combattante-l\\\/#primaryimage\"},\"image\":{\"@id\":\"https:\\\/\\\/cappiello.fr\\\/en\\\/produit\\\/action-combattante-l\\\/#primaryimage\"},\"thumbnailUrl\":\"https:\\\/\\\/cappiello.fr\\\/wp-content\\\/uploads\\\/2024\\\/10\\\/Lithographie-affiche-publicitaire-action-combattante-l-3-cappiello-Mars.jpg\",\"datePublished\":\"1934-01-01T00:00:00+00:00\",\"dateModified\":\"2025-05-15T05:46:54+00:00\",\"description\":\"A decorated and helmeted war veteran marches while crushing an octopus labeled \\\"Maffia,\\\" whose tentacles are named: \\\"Waste,\\\" \\\"Scandals,\\\" \\\"Corruption.\\\" In the background, French people are building under a blue, white, and red rainbow. To understand this poster, one must remember that in early 1934, France was in the midst of an economic and social crisis. Successive governments proved incapable of resolving the difficulties faced by the French. Anti-parliamentarianism grew in response to numerous political and financial scandals, particularly the Stravinsky affair. On February 6, 1934, a riot left 15 dead and over 2,000 injured. It led to the fall of the Daladier government. Among the protesters were the very powerful veterans' associations, closely tied to the far right, which sought to expand their influence and began engaging in propaganda. This poster was reproduced on the back of the Civic Action Program of the Veterans, published by Combatant Action. In its foreword, it reads: \\\"To rally the entire country to the ideas of restoring public spirit and reestablishing state authority, as voted in the Wagram Hall in October 1933 and largely adopted by the National Confederation of War Veterans on March 25, 1934, the National Union of Veterans created Combatant Action. Its goal: To promote, under the guidance of war veterans, united as on the front lines, a program of reforms whose imperative necessity was demonstrated to all of France by the tragic events of February 6....\\\"\",\"breadcrumb\":{\"@id\":\"https:\\\/\\\/cappiello.fr\\\/en\\\/produit\\\/action-combattante-l\\\/#breadcrumb\"},\"inLanguage\":\"en-US\",\"potentialAction\":[{\"@type\":\"ReadAction\",\"target\":[\"https:\\\/\\\/cappiello.fr\\\/en\\\/produit\\\/action-combattante-l\\\/\"]}]},{\"@type\":\"ImageObject\",\"inLanguage\":\"en-US\",\"@id\":\"https:\\\/\\\/cappiello.fr\\\/en\\\/produit\\\/action-combattante-l\\\/#primaryimage\",\"url\":\"https:\\\/\\\/cappiello.fr\\\/wp-content\\\/uploads\\\/2024\\\/10\\\/Lithographie-affiche-publicitaire-action-combattante-l-3-cappiello-Mars.jpg\",\"contentUrl\":\"https:\\\/\\\/cappiello.fr\\\/wp-content\\\/uploads\\\/2024\\\/10\\\/Lithographie-affiche-publicitaire-action-combattante-l-3-cappiello-Mars.jpg\",\"width\":609,\"height\":800,\"caption\":\"Recruitment of members for the Combat Action of the U.N.C. (National Union of Veterans).\"},{\"@type\":\"BreadcrumbList\",\"@id\":\"https:\\\/\\\/cappiello.fr\\\/en\\\/produit\\\/action-combattante-l\\\/#breadcrumb\",\"itemListElement\":[{\"@type\":\"ListItem\",\"position\":1,\"name\":\"Accueil\",\"item\":\"https:\\\/\\\/cappiello.fr\\\/en\\\/\"},{\"@type\":\"ListItem\",\"position\":2,\"name\":\"The works\",\"item\":\"https:\\\/\\\/cappiello.fr\\\/en\\\/the-works\\\/\"},{\"@type\":\"ListItem\",\"position\":3,\"name\":\"Action Combattante (L&#8217;)\"}]},{\"@type\":\"WebSite\",\"@id\":\"https:\\\/\\\/cappiello.fr\\\/en\\\/#website\",\"url\":\"https:\\\/\\\/cappiello.fr\\\/en\\\/\",\"name\":\"Catalogue raisonn\u00e9 de Leonetto Cappiello\",\"description\":\"Plongez dans l&#039;univers de Leonetto Cappiello, le p\u00e8re de la publicit\u00e9 moderne\",\"potentialAction\":[{\"@type\":\"SearchAction\",\"target\":{\"@type\":\"EntryPoint\",\"urlTemplate\":\"https:\\\/\\\/cappiello.fr\\\/en\\\/?s={search_term_string}\"},\"query-input\":{\"@type\":\"PropertyValueSpecification\",\"valueRequired\":true,\"valueName\":\"search_term_string\"}}],\"inLanguage\":\"en-US\"}]}<\/script>\n<meta property=\"product:price:currency\" content=\"EUR\" \/>\n<meta property=\"og:availability\" content=\"instock\" \/>\n<meta property=\"product:availability\" content=\"instock\" \/>\n<meta property=\"product:retailer_item_id\" content=\"1934009Z0 et 1934009Z1\" \/>\n<meta property=\"product:condition\" content=\"new\" \/>\n<!-- \/ Yoast SEO Premium plugin. -->","yoast_head_json":{"title":"Action Combattante (L') - Catalogue Raisonn\u00e9 de Leonetto Cappiello","description":"A decorated and helmeted war veteran marches while crushing an octopus labeled \"Maffia,\" whose tentacles are named: \"Waste,\" \"Scandals,\" \"Corruption.\" In the background, French people are building under a blue, white, and red rainbow. To understand this poster, one must remember that in early 1934, France was in the midst of an economic and social crisis. Successive governments proved incapable of resolving the difficulties faced by the French. Anti-parliamentarianism grew in response to numerous political and financial scandals, particularly the Stravinsky affair. On February 6, 1934, a riot left 15 dead and over 2,000 injured. It led to the fall of the Daladier government. Among the protesters were the very powerful veterans' associations, closely tied to the far right, which sought to expand their influence and began engaging in propaganda. This poster was reproduced on the back of the Civic Action Program of the Veterans, published by Combatant Action. In its foreword, it reads: \"To rally the entire country to the ideas of restoring public spirit and reestablishing state authority, as voted in the Wagram Hall in October 1933 and largely adopted by the National Confederation of War Veterans on March 25, 1934, the National Union of Veterans created Combatant Action. Its goal: To promote, under the guidance of war veterans, united as on the front lines, a program of reforms whose imperative necessity was demonstrated to all of France by the tragic events of February 6....\"","robots":{"index":"index","follow":"follow","max-snippet":"max-snippet:-1","max-image-preview":"max-image-preview:large","max-video-preview":"max-video-preview:-1"},"canonical":"https:\/\/cappiello.fr\/en\/produit\/action-combattante-l\/","og_locale":"en_US","og_type":"article","og_title":"Action Combattante (L')","og_description":"A decorated and helmeted war veteran marches while crushing an octopus labeled \"Maffia,\" whose tentacles are named: \"Waste,\" \"Scandals,\" \"Corruption.\" In the background, French people are building under a blue, white, and red rainbow. To understand this poster, one must remember that in early 1934, France was in the midst of an economic and social crisis. Successive governments proved incapable of resolving the difficulties faced by the French. Anti-parliamentarianism grew in response to numerous political and financial scandals, particularly the Stravinsky affair. On February 6, 1934, a riot left 15 dead and over 2,000 injured. It led to the fall of the Daladier government. Among the protesters were the very powerful veterans' associations, closely tied to the far right, which sought to expand their influence and began engaging in propaganda. This poster was reproduced on the back of the Civic Action Program of the Veterans, published by Combatant Action. In its foreword, it reads: \"To rally the entire country to the ideas of restoring public spirit and reestablishing state authority, as voted in the Wagram Hall in October 1933 and largely adopted by the National Confederation of War Veterans on March 25, 1934, the National Union of Veterans created Combatant Action. Its goal: To promote, under the guidance of war veterans, united as on the front lines, a program of reforms whose imperative necessity was demonstrated to all of France by the tragic events of February 6....\"","og_url":"https:\/\/cappiello.fr\/en\/produit\/action-combattante-l\/","og_site_name":"Catalogue raisonn\u00e9 de Leonetto Cappiello","article_modified_time":"2025-05-15T05:46:54+00:00","og_image":[{"width":609,"height":800,"url":"https:\/\/cappiello.fr\/wp-content\/uploads\/2024\/10\/Lithographie-affiche-publicitaire-action-combattante-l-3-cappiello-Mars.jpg","type":"image\/jpeg"}],"twitter_card":"summary_large_image","twitter_title":"Action Combattante (L')","twitter_description":"A decorated and helmeted war veteran marches while crushing an octopus labeled \"Maffia,\" whose tentacles are named: \"Waste,\" \"Scandals,\" \"Corruption.\" In the background, French people are building under a blue, white, and red rainbow. To understand this poster, one must remember that in early 1934, France was in the midst of an economic and social crisis. Successive governments proved incapable of resolving the difficulties faced by the French. Anti-parliamentarianism grew in response to numerous political and financial scandals, particularly the Stravinsky affair. On February 6, 1934, a riot left 15 dead and over 2,000 injured. It led to the fall of the Daladier government. Among the protesters were the very powerful veterans' associations, closely tied to the far right, which sought to expand their influence and began engaging in propaganda. This poster was reproduced on the back of the Civic Action Program of the Veterans, published by Combatant Action. In its foreword, it reads: \"To rally the entire country to the ideas of restoring public spirit and reestablishing state authority, as voted in the Wagram Hall in October 1933 and largely adopted by the National Confederation of War Veterans on March 25, 1934, the National Union of Veterans created Combatant Action. Its goal: To promote, under the guidance of war veterans, united as on the front lines, a program of reforms whose imperative necessity was demonstrated to all of France by the tragic events of February 6....\"","twitter_misc":{"Price":"","Availability":"In stock"},"schema":{"@context":"https:\/\/schema.org","@graph":[{"@type":["WebPage","ItemPage"],"@id":"https:\/\/cappiello.fr\/en\/produit\/action-combattante-l\/","url":"https:\/\/cappiello.fr\/en\/produit\/action-combattante-l\/","name":"Action Combattante (L') - Catalogue Raisonn\u00e9 de Leonetto Cappiello","isPartOf":{"@id":"https:\/\/cappiello.fr\/en\/#website"},"primaryImageOfPage":{"@id":"https:\/\/cappiello.fr\/en\/produit\/action-combattante-l\/#primaryimage"},"image":{"@id":"https:\/\/cappiello.fr\/en\/produit\/action-combattante-l\/#primaryimage"},"thumbnailUrl":"https:\/\/cappiello.fr\/wp-content\/uploads\/2024\/10\/Lithographie-affiche-publicitaire-action-combattante-l-3-cappiello-Mars.jpg","datePublished":"1934-01-01T00:00:00+00:00","dateModified":"2025-05-15T05:46:54+00:00","description":"A decorated and helmeted war veteran marches while crushing an octopus labeled \"Maffia,\" whose tentacles are named: \"Waste,\" \"Scandals,\" \"Corruption.\" In the background, French people are building under a blue, white, and red rainbow. To understand this poster, one must remember that in early 1934, France was in the midst of an economic and social crisis. Successive governments proved incapable of resolving the difficulties faced by the French. Anti-parliamentarianism grew in response to numerous political and financial scandals, particularly the Stravinsky affair. On February 6, 1934, a riot left 15 dead and over 2,000 injured. It led to the fall of the Daladier government. Among the protesters were the very powerful veterans' associations, closely tied to the far right, which sought to expand their influence and began engaging in propaganda. This poster was reproduced on the back of the Civic Action Program of the Veterans, published by Combatant Action. In its foreword, it reads: \"To rally the entire country to the ideas of restoring public spirit and reestablishing state authority, as voted in the Wagram Hall in October 1933 and largely adopted by the National Confederation of War Veterans on March 25, 1934, the National Union of Veterans created Combatant Action. Its goal: To promote, under the guidance of war veterans, united as on the front lines, a program of reforms whose imperative necessity was demonstrated to all of France by the tragic events of February 6....\"","breadcrumb":{"@id":"https:\/\/cappiello.fr\/en\/produit\/action-combattante-l\/#breadcrumb"},"inLanguage":"en-US","potentialAction":[{"@type":"ReadAction","target":["https:\/\/cappiello.fr\/en\/produit\/action-combattante-l\/"]}]},{"@type":"ImageObject","inLanguage":"en-US","@id":"https:\/\/cappiello.fr\/en\/produit\/action-combattante-l\/#primaryimage","url":"https:\/\/cappiello.fr\/wp-content\/uploads\/2024\/10\/Lithographie-affiche-publicitaire-action-combattante-l-3-cappiello-Mars.jpg","contentUrl":"https:\/\/cappiello.fr\/wp-content\/uploads\/2024\/10\/Lithographie-affiche-publicitaire-action-combattante-l-3-cappiello-Mars.jpg","width":609,"height":800,"caption":"Recruitment of members for the Combat Action of the U.N.C. (National Union of Veterans)."},{"@type":"BreadcrumbList","@id":"https:\/\/cappiello.fr\/en\/produit\/action-combattante-l\/#breadcrumb","itemListElement":[{"@type":"ListItem","position":1,"name":"Accueil","item":"https:\/\/cappiello.fr\/en\/"},{"@type":"ListItem","position":2,"name":"The works","item":"https:\/\/cappiello.fr\/en\/the-works\/"},{"@type":"ListItem","position":3,"name":"Action Combattante (L&#8217;)"}]},{"@type":"WebSite","@id":"https:\/\/cappiello.fr\/en\/#website","url":"https:\/\/cappiello.fr\/en\/","name":"Catalogue raisonn\u00e9 de Leonetto Cappiello","description":"Plongez dans l&#039;univers de Leonetto Cappiello, le p\u00e8re de la publicit\u00e9 moderne","potentialAction":[{"@type":"SearchAction","target":{"@type":"EntryPoint","urlTemplate":"https:\/\/cappiello.fr\/en\/?s={search_term_string}"},"query-input":{"@type":"PropertyValueSpecification","valueRequired":true,"valueName":"search_term_string"}}],"inLanguage":"en-US"}]},"product_price_currency":"EUR","og_availability":"instock","product_availability":"instock","product_retailer_item_id":"1934009Z0 et 1934009Z1","product_condition":"new"},"_links":{"self":[{"href":"https:\/\/cappiello.fr\/en\/wp-json\/wp\/v2\/product\/129621","targetHints":{"allow":["GET"]}}],"collection":[{"href":"https:\/\/cappiello.fr\/en\/wp-json\/wp\/v2\/product"}],"about":[{"href":"https:\/\/cappiello.fr\/en\/wp-json\/wp\/v2\/types\/product"}],"wp:featuredmedia":[{"embeddable":true,"href":"https:\/\/cappiello.fr\/en\/wp-json\/wp\/v2\/media\/129627"}],"wp:attachment":[{"href":"https:\/\/cappiello.fr\/en\/wp-json\/wp\/v2\/media?parent=129621"}],"wp:term":[{"taxonomy":"type-doeuvre","embeddable":true,"href":"https:\/\/cappiello.fr\/en\/wp-json\/wp\/v2\/type-doeuvre?post=129621"},{"taxonomy":"product_brand","embeddable":true,"href":"https:\/\/cappiello.fr\/en\/wp-json\/wp\/v2\/product_brand?post=129621"},{"taxonomy":"product_cat","embeddable":true,"href":"https:\/\/cappiello.fr\/en\/wp-json\/wp\/v2\/product_cat?post=129621"},{"taxonomy":"product_tag","embeddable":true,"href":"https:\/\/cappiello.fr\/en\/wp-json\/wp\/v2\/product_tag?post=129621"}],"curies":[{"name":"wp","href":"https:\/\/api.w.org\/{rel}","templated":true}]}}