{"id":129666,"date":"1922-01-01T00:00:00","date_gmt":"1922-01-01T00:00:00","guid":{"rendered":"https:\/\/cappiello.fr\/produit\/theatre-de-letoile\/"},"modified":"2025-05-15T07:51:52","modified_gmt":"2025-05-15T05:51:52","slug":"theatre-de-letoile","status":"publish","type":"product","link":"https:\/\/cappiello.fr\/en\/produit\/theatre-de-letoile\/","title":{"rendered":"Th\u00e9"},"content":{"rendered":"<p>The thumbnail clearly indicates the balance of the composition. It specifies the alignment of the teapot, the Annamite&#8217;s head and the top of the lantern. From this basis, Cappiello will have no trouble making his sketch.<\/p>\n","protected":false},"excerpt":{"rendered":"<p>Tea<\/p>\n","protected":false},"featured_media":129678,"template":"","meta":{"_acf_changed":false},"type-doeuvre":[4057],"product_brand":[],"product_cat":[3271],"product_tag":[3291,3544,3316],"class_list":{"0":"post-129666","1":"product","2":"type-product","3":"status-publish","4":"has-post-thumbnail","6":"type-doeuvre-affiches","7":"product_cat-coffees-teas-chocolates","8":"product_tag-mustache-en-2","9":"product_tag-scene-en-2","10":"product_tag-woman","11":"pa_periode-1919-1929-en","12":"pa_type-de-contenu-thumbnail","14":"first","15":"instock","16":"virtual","17":"product-type-simple"},"acf":[],"yoast_head":"<!-- This site is optimized with the Yoast SEO Premium plugin v27.0 (Yoast SEO v27.4) - https:\/\/yoast.com\/product\/yoast-seo-premium-wordpress\/ -->\n<title>Th\u00e9 - Catalogue Raisonn\u00e9 de Leonetto Cappiello<\/title>\n<meta name=\"description\" content=\"The thumbnail clearly defines the balance of the composition. It specifies the alignment of the teapot, the Japanese woman&#039;s head, and the top of the lantern. From this foundation, Cappiello will have no trouble creating his sketch.\" \/>\n<meta name=\"robots\" content=\"index, follow, max-snippet:-1, max-image-preview:large, max-video-preview:-1\" \/>\n<link rel=\"canonical\" href=\"https:\/\/cappiello.fr\/en\/produit\/theatre-de-letoile\/\" \/>\n<meta property=\"og:locale\" content=\"en_US\" \/>\n<meta property=\"og:type\" content=\"article\" \/>\n<meta property=\"og:title\" content=\"Th\u00e9\" \/>\n<meta property=\"og:description\" content=\"The thumbnail clearly defines the balance of the composition. It specifies the alignment of the teapot, the Japanese woman&#039;s head, and the top of the lantern. From this foundation, Cappiello will have no trouble creating his sketch.\" \/>\n<meta property=\"og:url\" content=\"https:\/\/cappiello.fr\/en\/produit\/theatre-de-letoile\/\" \/>\n<meta property=\"og:site_name\" content=\"Catalogue raisonn\u00e9 de Leonetto Cappiello\" \/>\n<meta property=\"article:modified_time\" content=\"2025-05-15T05:51:52+00:00\" \/>\n<meta property=\"og:image\" content=\"https:\/\/cappiello.fr\/wp-content\/uploads\/2024\/10\/Vignette-affiche-publicitaire-the-cappiello-1922.jpg\" \/>\n\t<meta property=\"og:image:width\" content=\"514\" \/>\n\t<meta property=\"og:image:height\" content=\"800\" \/>\n\t<meta property=\"og:image:type\" content=\"image\/jpeg\" \/>\n<meta name=\"twitter:card\" content=\"summary_large_image\" \/>\n<meta name=\"twitter:title\" content=\"Th\u00e9\" \/>\n<meta name=\"twitter:description\" content=\"The thumbnail clearly defines the balance of the composition. It specifies the alignment of the teapot, the Japanese woman&#039;s head, and the top of the lantern. From this foundation, Cappiello will have no trouble creating his sketch.\" \/>\n<meta name=\"twitter:label1\" content=\"Price\" \/>\n\t<meta name=\"twitter:data1\" content=\"\" \/>\n\t<meta name=\"twitter:label2\" content=\"Availability\" \/>\n\t<meta name=\"twitter:data2\" content=\"In stock\" \/>\n<script type=\"application\/ld+json\" class=\"yoast-schema-graph\">{\"@context\":\"https:\\\/\\\/schema.org\",\"@graph\":[{\"@type\":[\"WebPage\",\"ItemPage\"],\"@id\":\"https:\\\/\\\/cappiello.fr\\\/en\\\/produit\\\/theatre-de-letoile\\\/\",\"url\":\"https:\\\/\\\/cappiello.fr\\\/en\\\/produit\\\/theatre-de-letoile\\\/\",\"name\":\"Th\u00e9 - Catalogue Raisonn\u00e9 de Leonetto Cappiello\",\"isPartOf\":{\"@id\":\"https:\\\/\\\/cappiello.fr\\\/en\\\/#website\"},\"primaryImageOfPage\":{\"@id\":\"https:\\\/\\\/cappiello.fr\\\/en\\\/produit\\\/theatre-de-letoile\\\/#primaryimage\"},\"image\":{\"@id\":\"https:\\\/\\\/cappiello.fr\\\/en\\\/produit\\\/theatre-de-letoile\\\/#primaryimage\"},\"thumbnailUrl\":\"https:\\\/\\\/cappiello.fr\\\/wp-content\\\/uploads\\\/2024\\\/10\\\/Vignette-affiche-publicitaire-the-cappiello-1922.jpg\",\"datePublished\":\"1922-01-01T00:00:00+00:00\",\"dateModified\":\"2025-05-15T05:51:52+00:00\",\"description\":\"The thumbnail clearly defines the balance of the composition. It specifies the alignment of the teapot, the Japanese woman's head, and the top of the lantern. From this foundation, Cappiello will have no trouble creating his sketch.\",\"breadcrumb\":{\"@id\":\"https:\\\/\\\/cappiello.fr\\\/en\\\/produit\\\/theatre-de-letoile\\\/#breadcrumb\"},\"inLanguage\":\"en-US\",\"potentialAction\":[{\"@type\":\"ReadAction\",\"target\":[\"https:\\\/\\\/cappiello.fr\\\/en\\\/produit\\\/theatre-de-letoile\\\/\"]}]},{\"@type\":\"ImageObject\",\"inLanguage\":\"en-US\",\"@id\":\"https:\\\/\\\/cappiello.fr\\\/en\\\/produit\\\/theatre-de-letoile\\\/#primaryimage\",\"url\":\"https:\\\/\\\/cappiello.fr\\\/wp-content\\\/uploads\\\/2024\\\/10\\\/Vignette-affiche-publicitaire-the-cappiello-1922.jpg\",\"contentUrl\":\"https:\\\/\\\/cappiello.fr\\\/wp-content\\\/uploads\\\/2024\\\/10\\\/Vignette-affiche-publicitaire-the-cappiello-1922.jpg\",\"width\":514,\"height\":800,\"caption\":\"Presentation of the play with Sacha Guitry and Yvonne Printemps.\"},{\"@type\":\"BreadcrumbList\",\"@id\":\"https:\\\/\\\/cappiello.fr\\\/en\\\/produit\\\/theatre-de-letoile\\\/#breadcrumb\",\"itemListElement\":[{\"@type\":\"ListItem\",\"position\":1,\"name\":\"Accueil\",\"item\":\"https:\\\/\\\/cappiello.fr\\\/en\\\/\"},{\"@type\":\"ListItem\",\"position\":2,\"name\":\"The works\",\"item\":\"https:\\\/\\\/cappiello.fr\\\/en\\\/the-works\\\/\"},{\"@type\":\"ListItem\",\"position\":3,\"name\":\"Th\u00e9\"}]},{\"@type\":\"WebSite\",\"@id\":\"https:\\\/\\\/cappiello.fr\\\/en\\\/#website\",\"url\":\"https:\\\/\\\/cappiello.fr\\\/en\\\/\",\"name\":\"Catalogue raisonn\u00e9 de Leonetto Cappiello\",\"description\":\"Plongez dans l&#039;univers de Leonetto Cappiello, le p\u00e8re de la publicit\u00e9 moderne\",\"potentialAction\":[{\"@type\":\"SearchAction\",\"target\":{\"@type\":\"EntryPoint\",\"urlTemplate\":\"https:\\\/\\\/cappiello.fr\\\/en\\\/?s={search_term_string}\"},\"query-input\":{\"@type\":\"PropertyValueSpecification\",\"valueRequired\":true,\"valueName\":\"search_term_string\"}}],\"inLanguage\":\"en-US\"}]}<\/script>\n<meta property=\"product:price:currency\" content=\"EUR\" \/>\n<meta property=\"og:availability\" content=\"instock\" \/>\n<meta property=\"product:availability\" content=\"instock\" \/>\n<meta property=\"product:retailer_item_id\" content=\"1922013A0\" \/>\n<meta property=\"product:condition\" content=\"new\" \/>\n<!-- \/ Yoast SEO Premium plugin. -->","yoast_head_json":{"title":"Th\u00e9 - Catalogue Raisonn\u00e9 de Leonetto Cappiello","description":"The thumbnail clearly defines the balance of the composition. It specifies the alignment of the teapot, the Japanese woman's head, and the top of the lantern. From this foundation, Cappiello will have no trouble creating his sketch.","robots":{"index":"index","follow":"follow","max-snippet":"max-snippet:-1","max-image-preview":"max-image-preview:large","max-video-preview":"max-video-preview:-1"},"canonical":"https:\/\/cappiello.fr\/en\/produit\/theatre-de-letoile\/","og_locale":"en_US","og_type":"article","og_title":"Th\u00e9","og_description":"The thumbnail clearly defines the balance of the composition. It specifies the alignment of the teapot, the Japanese woman's head, and the top of the lantern. From this foundation, Cappiello will have no trouble creating his sketch.","og_url":"https:\/\/cappiello.fr\/en\/produit\/theatre-de-letoile\/","og_site_name":"Catalogue raisonn\u00e9 de Leonetto Cappiello","article_modified_time":"2025-05-15T05:51:52+00:00","og_image":[{"width":514,"height":800,"url":"https:\/\/cappiello.fr\/wp-content\/uploads\/2024\/10\/Vignette-affiche-publicitaire-the-cappiello-1922.jpg","type":"image\/jpeg"}],"twitter_card":"summary_large_image","twitter_title":"Th\u00e9","twitter_description":"The thumbnail clearly defines the balance of the composition. It specifies the alignment of the teapot, the Japanese woman's head, and the top of the lantern. From this foundation, Cappiello will have no trouble creating his sketch.","twitter_misc":{"Price":"","Availability":"In stock"},"schema":{"@context":"https:\/\/schema.org","@graph":[{"@type":["WebPage","ItemPage"],"@id":"https:\/\/cappiello.fr\/en\/produit\/theatre-de-letoile\/","url":"https:\/\/cappiello.fr\/en\/produit\/theatre-de-letoile\/","name":"Th\u00e9 - Catalogue Raisonn\u00e9 de Leonetto Cappiello","isPartOf":{"@id":"https:\/\/cappiello.fr\/en\/#website"},"primaryImageOfPage":{"@id":"https:\/\/cappiello.fr\/en\/produit\/theatre-de-letoile\/#primaryimage"},"image":{"@id":"https:\/\/cappiello.fr\/en\/produit\/theatre-de-letoile\/#primaryimage"},"thumbnailUrl":"https:\/\/cappiello.fr\/wp-content\/uploads\/2024\/10\/Vignette-affiche-publicitaire-the-cappiello-1922.jpg","datePublished":"1922-01-01T00:00:00+00:00","dateModified":"2025-05-15T05:51:52+00:00","description":"The thumbnail clearly defines the balance of the composition. It specifies the alignment of the teapot, the Japanese woman's head, and the top of the lantern. From this foundation, Cappiello will have no trouble creating his sketch.","breadcrumb":{"@id":"https:\/\/cappiello.fr\/en\/produit\/theatre-de-letoile\/#breadcrumb"},"inLanguage":"en-US","potentialAction":[{"@type":"ReadAction","target":["https:\/\/cappiello.fr\/en\/produit\/theatre-de-letoile\/"]}]},{"@type":"ImageObject","inLanguage":"en-US","@id":"https:\/\/cappiello.fr\/en\/produit\/theatre-de-letoile\/#primaryimage","url":"https:\/\/cappiello.fr\/wp-content\/uploads\/2024\/10\/Vignette-affiche-publicitaire-the-cappiello-1922.jpg","contentUrl":"https:\/\/cappiello.fr\/wp-content\/uploads\/2024\/10\/Vignette-affiche-publicitaire-the-cappiello-1922.jpg","width":514,"height":800,"caption":"Presentation of the play with Sacha Guitry and Yvonne Printemps."},{"@type":"BreadcrumbList","@id":"https:\/\/cappiello.fr\/en\/produit\/theatre-de-letoile\/#breadcrumb","itemListElement":[{"@type":"ListItem","position":1,"name":"Accueil","item":"https:\/\/cappiello.fr\/en\/"},{"@type":"ListItem","position":2,"name":"The works","item":"https:\/\/cappiello.fr\/en\/the-works\/"},{"@type":"ListItem","position":3,"name":"Th\u00e9"}]},{"@type":"WebSite","@id":"https:\/\/cappiello.fr\/en\/#website","url":"https:\/\/cappiello.fr\/en\/","name":"Catalogue raisonn\u00e9 de Leonetto Cappiello","description":"Plongez dans l&#039;univers de Leonetto Cappiello, le p\u00e8re de la publicit\u00e9 moderne","potentialAction":[{"@type":"SearchAction","target":{"@type":"EntryPoint","urlTemplate":"https:\/\/cappiello.fr\/en\/?s={search_term_string}"},"query-input":{"@type":"PropertyValueSpecification","valueRequired":true,"valueName":"search_term_string"}}],"inLanguage":"en-US"}]},"product_price_currency":"EUR","og_availability":"instock","product_availability":"instock","product_retailer_item_id":"1922013A0","product_condition":"new"},"_links":{"self":[{"href":"https:\/\/cappiello.fr\/en\/wp-json\/wp\/v2\/product\/129666","targetHints":{"allow":["GET"]}}],"collection":[{"href":"https:\/\/cappiello.fr\/en\/wp-json\/wp\/v2\/product"}],"about":[{"href":"https:\/\/cappiello.fr\/en\/wp-json\/wp\/v2\/types\/product"}],"wp:featuredmedia":[{"embeddable":true,"href":"https:\/\/cappiello.fr\/en\/wp-json\/wp\/v2\/media\/129678"}],"wp:attachment":[{"href":"https:\/\/cappiello.fr\/en\/wp-json\/wp\/v2\/media?parent=129666"}],"wp:term":[{"taxonomy":"type-doeuvre","embeddable":true,"href":"https:\/\/cappiello.fr\/en\/wp-json\/wp\/v2\/type-doeuvre?post=129666"},{"taxonomy":"product_brand","embeddable":true,"href":"https:\/\/cappiello.fr\/en\/wp-json\/wp\/v2\/product_brand?post=129666"},{"taxonomy":"product_cat","embeddable":true,"href":"https:\/\/cappiello.fr\/en\/wp-json\/wp\/v2\/product_cat?post=129666"},{"taxonomy":"product_tag","embeddable":true,"href":"https:\/\/cappiello.fr\/en\/wp-json\/wp\/v2\/product_tag?post=129666"}],"curies":[{"name":"wp","href":"https:\/\/api.w.org\/{rel}","templated":true}]}}