{"id":129759,"date":"1922-01-01T00:00:00","date_gmt":"1922-01-01T00:00:00","guid":{"rendered":"https:\/\/cappiello.fr\/produit\/costume-canetta\/"},"modified":"2025-05-14T23:31:13","modified_gmt":"2025-05-14T21:31:13","slug":"costume-canetta","status":"publish","type":"product","link":"https:\/\/cappiello.fr\/en\/produit\/costume-canetta\/","title":{"rendered":"Costum\u00e9 Canetta"},"content":{"rendered":"<p>A golden-colored bottle, on a black background, is held by a woman dressed in white. She looks at it happily.<br \/>\nThe contrasts make it so that only the bottle is visible in the poster.<br \/>\nThe initial sketch was made for Eau des Carmes. The bottle was even larger.<\/p>\n","protected":false},"excerpt":{"rendered":"<p>Aperitif<\/p>\n","protected":false},"featured_media":129769,"template":"","meta":{"_acf_changed":false},"type-doeuvre":[4057],"product_brand":[],"product_cat":[3339],"product_tag":[3290,3438,3392,3386],"class_list":{"0":"post-129759","1":"product","2":"type-product","3":"status-publish","4":"has-post-thumbnail","6":"type-doeuvre-affiches","7":"product_cat-aperitifs","8":"product_tag-mustache-en","9":"product_tag-rose-en-2","10":"product_tag-apron","11":"product_tag-head","12":"pa_periode-1919-1929-en","13":"pa_type-de-contenu-maquette-en","15":"first","16":"instock","17":"virtual","18":"product-type-simple"},"acf":[],"yoast_head":"<!-- This site is optimized with the Yoast SEO Premium plugin v27.0 (Yoast SEO v27.4) - https:\/\/yoast.com\/product\/yoast-seo-premium-wordpress\/ -->\n<title>Costum\u00e9 Canetta - Catalogue Raisonn\u00e9 de Leonetto Cappiello<\/title>\n<meta name=\"description\" content=\"A golden-colored bottle, on a black background, is held by a woman dressed in white. She looks at it happily. The contrasts make it so that only the bottle is visible in the poster. The initial sketch was made for Eau des Carmes. The bottle was even bigger.\" \/>\n<meta name=\"robots\" content=\"index, follow, max-snippet:-1, max-image-preview:large, max-video-preview:-1\" \/>\n<link rel=\"canonical\" href=\"https:\/\/cappiello.fr\/en\/produit\/costume-canetta\/\" \/>\n<meta property=\"og:locale\" content=\"en_US\" \/>\n<meta property=\"og:type\" content=\"article\" \/>\n<meta property=\"og:title\" content=\"Costum\u00e9 Canetta\" \/>\n<meta property=\"og:description\" content=\"A golden-colored bottle, on a black background, is held by a woman dressed in white. She looks at it happily. The contrasts make it so that only the bottle is visible in the poster. The initial sketch was made for Eau des Carmes. The bottle was even bigger.\" \/>\n<meta property=\"og:url\" content=\"https:\/\/cappiello.fr\/en\/produit\/costume-canetta\/\" \/>\n<meta property=\"og:site_name\" content=\"Catalogue raisonn\u00e9 de Leonetto Cappiello\" \/>\n<meta property=\"article:modified_time\" content=\"2025-05-14T21:31:13+00:00\" \/>\n<meta property=\"og:image\" content=\"https:\/\/cappiello.fr\/wp-content\/uploads\/2024\/10\/Maquette-affiche-publicitaire-costume-canetta-2-cappiello-1922.jpg\" \/>\n\t<meta property=\"og:image:width\" content=\"573\" \/>\n\t<meta property=\"og:image:height\" content=\"800\" \/>\n\t<meta property=\"og:image:type\" content=\"image\/jpeg\" \/>\n<meta name=\"twitter:card\" content=\"summary_large_image\" \/>\n<meta name=\"twitter:title\" content=\"Costum\u00e9 Canetta\" \/>\n<meta name=\"twitter:description\" content=\"A golden-colored bottle, on a black background, is held by a woman dressed in white. She looks at it happily. The contrasts make it so that only the bottle is visible in the poster. The initial sketch was made for Eau des Carmes. The bottle was even bigger.\" \/>\n<meta name=\"twitter:label1\" content=\"Price\" \/>\n\t<meta name=\"twitter:data1\" content=\"\" \/>\n\t<meta name=\"twitter:label2\" content=\"Availability\" \/>\n\t<meta name=\"twitter:data2\" content=\"In stock\" \/>\n<script type=\"application\/ld+json\" class=\"yoast-schema-graph\">{\"@context\":\"https:\\\/\\\/schema.org\",\"@graph\":[{\"@type\":[\"WebPage\",\"ItemPage\"],\"@id\":\"https:\\\/\\\/cappiello.fr\\\/en\\\/produit\\\/costume-canetta\\\/\",\"url\":\"https:\\\/\\\/cappiello.fr\\\/en\\\/produit\\\/costume-canetta\\\/\",\"name\":\"Costum\u00e9 Canetta - Catalogue Raisonn\u00e9 de Leonetto Cappiello\",\"isPartOf\":{\"@id\":\"https:\\\/\\\/cappiello.fr\\\/en\\\/#website\"},\"primaryImageOfPage\":{\"@id\":\"https:\\\/\\\/cappiello.fr\\\/en\\\/produit\\\/costume-canetta\\\/#primaryimage\"},\"image\":{\"@id\":\"https:\\\/\\\/cappiello.fr\\\/en\\\/produit\\\/costume-canetta\\\/#primaryimage\"},\"thumbnailUrl\":\"https:\\\/\\\/cappiello.fr\\\/wp-content\\\/uploads\\\/2024\\\/10\\\/Maquette-affiche-publicitaire-costume-canetta-2-cappiello-1922.jpg\",\"datePublished\":\"1922-01-01T00:00:00+00:00\",\"dateModified\":\"2025-05-14T21:31:13+00:00\",\"description\":\"A golden-colored bottle, on a black background, is held by a woman dressed in white. She looks at it happily. The contrasts make it so that only the bottle is visible in the poster. The initial sketch was made for Eau des Carmes. The bottle was even bigger.\",\"breadcrumb\":{\"@id\":\"https:\\\/\\\/cappiello.fr\\\/en\\\/produit\\\/costume-canetta\\\/#breadcrumb\"},\"inLanguage\":\"en-US\",\"potentialAction\":[{\"@type\":\"ReadAction\",\"target\":[\"https:\\\/\\\/cappiello.fr\\\/en\\\/produit\\\/costume-canetta\\\/\"]}]},{\"@type\":\"ImageObject\",\"inLanguage\":\"en-US\",\"@id\":\"https:\\\/\\\/cappiello.fr\\\/en\\\/produit\\\/costume-canetta\\\/#primaryimage\",\"url\":\"https:\\\/\\\/cappiello.fr\\\/wp-content\\\/uploads\\\/2024\\\/10\\\/Maquette-affiche-publicitaire-costume-canetta-2-cappiello-1922.jpg\",\"contentUrl\":\"https:\\\/\\\/cappiello.fr\\\/wp-content\\\/uploads\\\/2024\\\/10\\\/Maquette-affiche-publicitaire-costume-canetta-2-cappiello-1922.jpg\",\"width\":573,\"height\":800,\"caption\":\"Aperitif\"},{\"@type\":\"BreadcrumbList\",\"@id\":\"https:\\\/\\\/cappiello.fr\\\/en\\\/produit\\\/costume-canetta\\\/#breadcrumb\",\"itemListElement\":[{\"@type\":\"ListItem\",\"position\":1,\"name\":\"Accueil\",\"item\":\"https:\\\/\\\/cappiello.fr\\\/en\\\/\"},{\"@type\":\"ListItem\",\"position\":2,\"name\":\"The works\",\"item\":\"https:\\\/\\\/cappiello.fr\\\/en\\\/the-works\\\/\"},{\"@type\":\"ListItem\",\"position\":3,\"name\":\"Costum\u00e9 Canetta\"}]},{\"@type\":\"WebSite\",\"@id\":\"https:\\\/\\\/cappiello.fr\\\/en\\\/#website\",\"url\":\"https:\\\/\\\/cappiello.fr\\\/en\\\/\",\"name\":\"Catalogue raisonn\u00e9 de Leonetto Cappiello\",\"description\":\"Plongez dans l&#039;univers de Leonetto Cappiello, le p\u00e8re de la publicit\u00e9 moderne\",\"potentialAction\":[{\"@type\":\"SearchAction\",\"target\":{\"@type\":\"EntryPoint\",\"urlTemplate\":\"https:\\\/\\\/cappiello.fr\\\/en\\\/?s={search_term_string}\"},\"query-input\":{\"@type\":\"PropertyValueSpecification\",\"valueRequired\":true,\"valueName\":\"search_term_string\"}}],\"inLanguage\":\"en-US\"}]}<\/script>\n<meta property=\"product:price:currency\" content=\"EUR\" \/>\n<meta property=\"og:availability\" content=\"instock\" \/>\n<meta property=\"product:availability\" content=\"instock\" \/>\n<meta property=\"product:retailer_item_id\" content=\"1922033M0\" \/>\n<meta property=\"product:condition\" content=\"new\" \/>\n<!-- \/ Yoast SEO Premium plugin. -->","yoast_head_json":{"title":"Costum\u00e9 Canetta - Catalogue Raisonn\u00e9 de Leonetto Cappiello","description":"A golden-colored bottle, on a black background, is held by a woman dressed in white. She looks at it happily. The contrasts make it so that only the bottle is visible in the poster. The initial sketch was made for Eau des Carmes. The bottle was even bigger.","robots":{"index":"index","follow":"follow","max-snippet":"max-snippet:-1","max-image-preview":"max-image-preview:large","max-video-preview":"max-video-preview:-1"},"canonical":"https:\/\/cappiello.fr\/en\/produit\/costume-canetta\/","og_locale":"en_US","og_type":"article","og_title":"Costum\u00e9 Canetta","og_description":"A golden-colored bottle, on a black background, is held by a woman dressed in white. She looks at it happily. The contrasts make it so that only the bottle is visible in the poster. The initial sketch was made for Eau des Carmes. The bottle was even bigger.","og_url":"https:\/\/cappiello.fr\/en\/produit\/costume-canetta\/","og_site_name":"Catalogue raisonn\u00e9 de Leonetto Cappiello","article_modified_time":"2025-05-14T21:31:13+00:00","og_image":[{"width":573,"height":800,"url":"https:\/\/cappiello.fr\/wp-content\/uploads\/2024\/10\/Maquette-affiche-publicitaire-costume-canetta-2-cappiello-1922.jpg","type":"image\/jpeg"}],"twitter_card":"summary_large_image","twitter_title":"Costum\u00e9 Canetta","twitter_description":"A golden-colored bottle, on a black background, is held by a woman dressed in white. She looks at it happily. The contrasts make it so that only the bottle is visible in the poster. The initial sketch was made for Eau des Carmes. The bottle was even bigger.","twitter_misc":{"Price":"","Availability":"In stock"},"schema":{"@context":"https:\/\/schema.org","@graph":[{"@type":["WebPage","ItemPage"],"@id":"https:\/\/cappiello.fr\/en\/produit\/costume-canetta\/","url":"https:\/\/cappiello.fr\/en\/produit\/costume-canetta\/","name":"Costum\u00e9 Canetta - Catalogue Raisonn\u00e9 de Leonetto Cappiello","isPartOf":{"@id":"https:\/\/cappiello.fr\/en\/#website"},"primaryImageOfPage":{"@id":"https:\/\/cappiello.fr\/en\/produit\/costume-canetta\/#primaryimage"},"image":{"@id":"https:\/\/cappiello.fr\/en\/produit\/costume-canetta\/#primaryimage"},"thumbnailUrl":"https:\/\/cappiello.fr\/wp-content\/uploads\/2024\/10\/Maquette-affiche-publicitaire-costume-canetta-2-cappiello-1922.jpg","datePublished":"1922-01-01T00:00:00+00:00","dateModified":"2025-05-14T21:31:13+00:00","description":"A golden-colored bottle, on a black background, is held by a woman dressed in white. She looks at it happily. The contrasts make it so that only the bottle is visible in the poster. The initial sketch was made for Eau des Carmes. The bottle was even bigger.","breadcrumb":{"@id":"https:\/\/cappiello.fr\/en\/produit\/costume-canetta\/#breadcrumb"},"inLanguage":"en-US","potentialAction":[{"@type":"ReadAction","target":["https:\/\/cappiello.fr\/en\/produit\/costume-canetta\/"]}]},{"@type":"ImageObject","inLanguage":"en-US","@id":"https:\/\/cappiello.fr\/en\/produit\/costume-canetta\/#primaryimage","url":"https:\/\/cappiello.fr\/wp-content\/uploads\/2024\/10\/Maquette-affiche-publicitaire-costume-canetta-2-cappiello-1922.jpg","contentUrl":"https:\/\/cappiello.fr\/wp-content\/uploads\/2024\/10\/Maquette-affiche-publicitaire-costume-canetta-2-cappiello-1922.jpg","width":573,"height":800,"caption":"Aperitif"},{"@type":"BreadcrumbList","@id":"https:\/\/cappiello.fr\/en\/produit\/costume-canetta\/#breadcrumb","itemListElement":[{"@type":"ListItem","position":1,"name":"Accueil","item":"https:\/\/cappiello.fr\/en\/"},{"@type":"ListItem","position":2,"name":"The works","item":"https:\/\/cappiello.fr\/en\/the-works\/"},{"@type":"ListItem","position":3,"name":"Costum\u00e9 Canetta"}]},{"@type":"WebSite","@id":"https:\/\/cappiello.fr\/en\/#website","url":"https:\/\/cappiello.fr\/en\/","name":"Catalogue raisonn\u00e9 de Leonetto Cappiello","description":"Plongez dans l&#039;univers de Leonetto Cappiello, le p\u00e8re de la publicit\u00e9 moderne","potentialAction":[{"@type":"SearchAction","target":{"@type":"EntryPoint","urlTemplate":"https:\/\/cappiello.fr\/en\/?s={search_term_string}"},"query-input":{"@type":"PropertyValueSpecification","valueRequired":true,"valueName":"search_term_string"}}],"inLanguage":"en-US"}]},"product_price_currency":"EUR","og_availability":"instock","product_availability":"instock","product_retailer_item_id":"1922033M0","product_condition":"new"},"_links":{"self":[{"href":"https:\/\/cappiello.fr\/en\/wp-json\/wp\/v2\/product\/129759","targetHints":{"allow":["GET"]}}],"collection":[{"href":"https:\/\/cappiello.fr\/en\/wp-json\/wp\/v2\/product"}],"about":[{"href":"https:\/\/cappiello.fr\/en\/wp-json\/wp\/v2\/types\/product"}],"wp:featuredmedia":[{"embeddable":true,"href":"https:\/\/cappiello.fr\/en\/wp-json\/wp\/v2\/media\/129769"}],"wp:attachment":[{"href":"https:\/\/cappiello.fr\/en\/wp-json\/wp\/v2\/media?parent=129759"}],"wp:term":[{"taxonomy":"type-doeuvre","embeddable":true,"href":"https:\/\/cappiello.fr\/en\/wp-json\/wp\/v2\/type-doeuvre?post=129759"},{"taxonomy":"product_brand","embeddable":true,"href":"https:\/\/cappiello.fr\/en\/wp-json\/wp\/v2\/product_brand?post=129759"},{"taxonomy":"product_cat","embeddable":true,"href":"https:\/\/cappiello.fr\/en\/wp-json\/wp\/v2\/product_cat?post=129759"},{"taxonomy":"product_tag","embeddable":true,"href":"https:\/\/cappiello.fr\/en\/wp-json\/wp\/v2\/product_tag?post=129759"}],"curies":[{"name":"wp","href":"https:\/\/api.w.org\/{rel}","templated":true}]}}