{"id":129786,"date":"1921-03-30T09:55:59","date_gmt":"1921-03-30T08:55:59","guid":{"rendered":"https:\/\/cappiello.fr\/produit\/barbier-dauphin\/"},"modified":"2025-07-27T00:52:14","modified_gmt":"2025-07-26T22:52:14","slug":"barbier-dauphin","status":"publish","type":"product","link":"https:\/\/cappiello.fr\/en\/produit\/barbier-dauphin\/","title":{"rendered":"Barbier Dauphin"},"content":{"rendered":"<p>Surrounded by tomato branches, a woman is holding several cans in her arms.<\/p>\n","protected":false},"excerpt":{"rendered":"<p>Tomato canning factory founded in 1868 in Lambesc in the Bouches-du-Rh\u00f4ne department. In 1935, a second factory was built in Meyrargues, a few kilometers away, to expand the fruit and vegetable canning business. <\/p>\n","protected":false},"featured_media":129798,"template":"","meta":{"_acf_changed":false},"type-doeuvre":[4057],"product_brand":[],"product_cat":[3536],"product_tag":[3445,3351,3458,3588,3386],"class_list":{"0":"post-129786","1":"product","2":"type-product","3":"status-publish","4":"has-post-thumbnail","6":"type-doeuvre-affiches","7":"product_cat-canned-goods","8":"product_tag-pre-en","9":"product_tag-plate-en-2","10":"product_tag-hat-en-7","11":"product_tag-tomato","12":"product_tag-head","13":"pa_periode-1919-1929-en","14":"pa_type-de-contenu-maquette-en","16":"first","17":"instock","18":"shipping-taxable","19":"product-type-simple"},"acf":[],"yoast_head":"<!-- This site is optimized with the Yoast SEO Premium plugin v27.0 (Yoast SEO v27.4) - https:\/\/yoast.com\/product\/yoast-seo-premium-wordpress\/ -->\n<title>Barbier Dauphin - Catalogue raisonn\u00e9 de Leonetto Cappiello<\/title>\n<meta name=\"robots\" content=\"index, follow, max-snippet:-1, max-image-preview:large, max-video-preview:-1\" \/>\n<link rel=\"canonical\" href=\"https:\/\/cappiello.fr\/en\/produit\/barbier-dauphin\/\" \/>\n<meta property=\"og:locale\" content=\"en_US\" \/>\n<meta property=\"og:type\" content=\"article\" \/>\n<meta property=\"og:title\" content=\"Barbier Dauphin\" \/>\n<meta property=\"og:description\" content=\"Tomato canning factory founded in 1868 in Lambesc in the Bouches-du-Rh\u00f4ne department. In 1935, a second factory was built in Meyrargues, a few kilometers away, to expand the fruit and vegetable canning business.\" \/>\n<meta property=\"og:url\" content=\"https:\/\/cappiello.fr\/en\/produit\/barbier-dauphin\/\" \/>\n<meta property=\"og:site_name\" content=\"Catalogue raisonn\u00e9 de Leonetto Cappiello\" \/>\n<meta property=\"article:modified_time\" content=\"2025-07-26T22:52:14+00:00\" \/>\n<meta property=\"og:image\" content=\"https:\/\/cappiello.fr\/wp-content\/uploads\/2025\/03\/1946-Maquette-Barbier-Dauphin-affiche-ancienne-cappiello.jpg\" \/>\n\t<meta property=\"og:image:width\" content=\"589\" \/>\n\t<meta property=\"og:image:height\" content=\"800\" \/>\n\t<meta property=\"og:image:type\" content=\"image\/jpeg\" \/>\n<meta name=\"twitter:card\" content=\"summary_large_image\" \/>\n<meta name=\"twitter:label1\" content=\"Price\" \/>\n\t<meta name=\"twitter:data1\" content=\"\" \/>\n\t<meta name=\"twitter:label2\" content=\"Availability\" \/>\n\t<meta name=\"twitter:data2\" content=\"In stock\" \/>\n<script type=\"application\/ld+json\" class=\"yoast-schema-graph\">{\"@context\":\"https:\\\/\\\/schema.org\",\"@graph\":[{\"@type\":[\"WebPage\",\"ItemPage\"],\"@id\":\"https:\\\/\\\/cappiello.fr\\\/en\\\/produit\\\/barbier-dauphin\\\/\",\"url\":\"https:\\\/\\\/cappiello.fr\\\/en\\\/produit\\\/barbier-dauphin\\\/\",\"name\":\"Barbier Dauphin - Catalogue raisonn\u00e9 de Leonetto Cappiello\",\"isPartOf\":{\"@id\":\"https:\\\/\\\/cappiello.fr\\\/en\\\/#website\"},\"primaryImageOfPage\":{\"@id\":\"https:\\\/\\\/cappiello.fr\\\/en\\\/produit\\\/barbier-dauphin\\\/#primaryimage\"},\"image\":{\"@id\":\"https:\\\/\\\/cappiello.fr\\\/en\\\/produit\\\/barbier-dauphin\\\/#primaryimage\"},\"thumbnailUrl\":\"https:\\\/\\\/cappiello.fr\\\/wp-content\\\/uploads\\\/2025\\\/03\\\/1946-Maquette-Barbier-Dauphin-affiche-ancienne-cappiello.jpg\",\"datePublished\":\"1921-03-30T08:55:59+00:00\",\"dateModified\":\"2025-07-26T22:52:14+00:00\",\"breadcrumb\":{\"@id\":\"https:\\\/\\\/cappiello.fr\\\/en\\\/produit\\\/barbier-dauphin\\\/#breadcrumb\"},\"inLanguage\":\"en-US\",\"potentialAction\":[{\"@type\":\"ReadAction\",\"target\":[\"https:\\\/\\\/cappiello.fr\\\/en\\\/produit\\\/barbier-dauphin\\\/\"]}]},{\"@type\":\"ImageObject\",\"inLanguage\":\"en-US\",\"@id\":\"https:\\\/\\\/cappiello.fr\\\/en\\\/produit\\\/barbier-dauphin\\\/#primaryimage\",\"url\":\"https:\\\/\\\/cappiello.fr\\\/wp-content\\\/uploads\\\/2025\\\/03\\\/1946-Maquette-Barbier-Dauphin-affiche-ancienne-cappiello.jpg\",\"contentUrl\":\"https:\\\/\\\/cappiello.fr\\\/wp-content\\\/uploads\\\/2025\\\/03\\\/1946-Maquette-Barbier-Dauphin-affiche-ancienne-cappiello.jpg\",\"width\":589,\"height\":800,\"caption\":\"Tomato preserves\"},{\"@type\":\"BreadcrumbList\",\"@id\":\"https:\\\/\\\/cappiello.fr\\\/en\\\/produit\\\/barbier-dauphin\\\/#breadcrumb\",\"itemListElement\":[{\"@type\":\"ListItem\",\"position\":1,\"name\":\"Accueil\",\"item\":\"https:\\\/\\\/cappiello.fr\\\/en\\\/\"},{\"@type\":\"ListItem\",\"position\":2,\"name\":\"The works\",\"item\":\"https:\\\/\\\/cappiello.fr\\\/en\\\/the-works\\\/\"},{\"@type\":\"ListItem\",\"position\":3,\"name\":\"Barbier Dauphin\"}]},{\"@type\":\"WebSite\",\"@id\":\"https:\\\/\\\/cappiello.fr\\\/en\\\/#website\",\"url\":\"https:\\\/\\\/cappiello.fr\\\/en\\\/\",\"name\":\"Catalogue raisonn\u00e9 de Leonetto Cappiello\",\"description\":\"Plongez dans l&#039;univers de Leonetto Cappiello, le p\u00e8re de la publicit\u00e9 moderne\",\"potentialAction\":[{\"@type\":\"SearchAction\",\"target\":{\"@type\":\"EntryPoint\",\"urlTemplate\":\"https:\\\/\\\/cappiello.fr\\\/en\\\/?s={search_term_string}\"},\"query-input\":{\"@type\":\"PropertyValueSpecification\",\"valueRequired\":true,\"valueName\":\"search_term_string\"}}],\"inLanguage\":\"en-US\"}]}<\/script>\n<meta property=\"product:price:currency\" content=\"EUR\" \/>\n<meta property=\"og:availability\" content=\"instock\" \/>\n<meta property=\"product:availability\" content=\"instock\" \/>\n<meta property=\"product:retailer_item_id\" content=\"1921030M0\" \/>\n<meta property=\"product:condition\" content=\"new\" \/>\n<!-- \/ Yoast SEO Premium plugin. -->","yoast_head_json":{"title":"Barbier Dauphin - Catalogue raisonn\u00e9 de Leonetto Cappiello","robots":{"index":"index","follow":"follow","max-snippet":"max-snippet:-1","max-image-preview":"max-image-preview:large","max-video-preview":"max-video-preview:-1"},"canonical":"https:\/\/cappiello.fr\/en\/produit\/barbier-dauphin\/","og_locale":"en_US","og_type":"article","og_title":"Barbier Dauphin","og_description":"Tomato canning factory founded in 1868 in Lambesc in the Bouches-du-Rh\u00f4ne department. In 1935, a second factory was built in Meyrargues, a few kilometers away, to expand the fruit and vegetable canning business.","og_url":"https:\/\/cappiello.fr\/en\/produit\/barbier-dauphin\/","og_site_name":"Catalogue raisonn\u00e9 de Leonetto Cappiello","article_modified_time":"2025-07-26T22:52:14+00:00","og_image":[{"width":589,"height":800,"url":"https:\/\/cappiello.fr\/wp-content\/uploads\/2025\/03\/1946-Maquette-Barbier-Dauphin-affiche-ancienne-cappiello.jpg","type":"image\/jpeg"}],"twitter_card":"summary_large_image","twitter_misc":{"Price":"","Availability":"In stock"},"schema":{"@context":"https:\/\/schema.org","@graph":[{"@type":["WebPage","ItemPage"],"@id":"https:\/\/cappiello.fr\/en\/produit\/barbier-dauphin\/","url":"https:\/\/cappiello.fr\/en\/produit\/barbier-dauphin\/","name":"Barbier Dauphin - Catalogue raisonn\u00e9 de Leonetto Cappiello","isPartOf":{"@id":"https:\/\/cappiello.fr\/en\/#website"},"primaryImageOfPage":{"@id":"https:\/\/cappiello.fr\/en\/produit\/barbier-dauphin\/#primaryimage"},"image":{"@id":"https:\/\/cappiello.fr\/en\/produit\/barbier-dauphin\/#primaryimage"},"thumbnailUrl":"https:\/\/cappiello.fr\/wp-content\/uploads\/2025\/03\/1946-Maquette-Barbier-Dauphin-affiche-ancienne-cappiello.jpg","datePublished":"1921-03-30T08:55:59+00:00","dateModified":"2025-07-26T22:52:14+00:00","breadcrumb":{"@id":"https:\/\/cappiello.fr\/en\/produit\/barbier-dauphin\/#breadcrumb"},"inLanguage":"en-US","potentialAction":[{"@type":"ReadAction","target":["https:\/\/cappiello.fr\/en\/produit\/barbier-dauphin\/"]}]},{"@type":"ImageObject","inLanguage":"en-US","@id":"https:\/\/cappiello.fr\/en\/produit\/barbier-dauphin\/#primaryimage","url":"https:\/\/cappiello.fr\/wp-content\/uploads\/2025\/03\/1946-Maquette-Barbier-Dauphin-affiche-ancienne-cappiello.jpg","contentUrl":"https:\/\/cappiello.fr\/wp-content\/uploads\/2025\/03\/1946-Maquette-Barbier-Dauphin-affiche-ancienne-cappiello.jpg","width":589,"height":800,"caption":"Tomato preserves"},{"@type":"BreadcrumbList","@id":"https:\/\/cappiello.fr\/en\/produit\/barbier-dauphin\/#breadcrumb","itemListElement":[{"@type":"ListItem","position":1,"name":"Accueil","item":"https:\/\/cappiello.fr\/en\/"},{"@type":"ListItem","position":2,"name":"The works","item":"https:\/\/cappiello.fr\/en\/the-works\/"},{"@type":"ListItem","position":3,"name":"Barbier Dauphin"}]},{"@type":"WebSite","@id":"https:\/\/cappiello.fr\/en\/#website","url":"https:\/\/cappiello.fr\/en\/","name":"Catalogue raisonn\u00e9 de Leonetto Cappiello","description":"Plongez dans l&#039;univers de Leonetto Cappiello, le p\u00e8re de la publicit\u00e9 moderne","potentialAction":[{"@type":"SearchAction","target":{"@type":"EntryPoint","urlTemplate":"https:\/\/cappiello.fr\/en\/?s={search_term_string}"},"query-input":{"@type":"PropertyValueSpecification","valueRequired":true,"valueName":"search_term_string"}}],"inLanguage":"en-US"}]},"product_price_currency":"EUR","og_availability":"instock","product_availability":"instock","product_retailer_item_id":"1921030M0","product_condition":"new"},"_links":{"self":[{"href":"https:\/\/cappiello.fr\/en\/wp-json\/wp\/v2\/product\/129786","targetHints":{"allow":["GET"]}}],"collection":[{"href":"https:\/\/cappiello.fr\/en\/wp-json\/wp\/v2\/product"}],"about":[{"href":"https:\/\/cappiello.fr\/en\/wp-json\/wp\/v2\/types\/product"}],"wp:featuredmedia":[{"embeddable":true,"href":"https:\/\/cappiello.fr\/en\/wp-json\/wp\/v2\/media\/129798"}],"wp:attachment":[{"href":"https:\/\/cappiello.fr\/en\/wp-json\/wp\/v2\/media?parent=129786"}],"wp:term":[{"taxonomy":"type-doeuvre","embeddable":true,"href":"https:\/\/cappiello.fr\/en\/wp-json\/wp\/v2\/type-doeuvre?post=129786"},{"taxonomy":"product_brand","embeddable":true,"href":"https:\/\/cappiello.fr\/en\/wp-json\/wp\/v2\/product_brand?post=129786"},{"taxonomy":"product_cat","embeddable":true,"href":"https:\/\/cappiello.fr\/en\/wp-json\/wp\/v2\/product_cat?post=129786"},{"taxonomy":"product_tag","embeddable":true,"href":"https:\/\/cappiello.fr\/en\/wp-json\/wp\/v2\/product_tag?post=129786"}],"curies":[{"name":"wp","href":"https:\/\/api.w.org\/{rel}","templated":true}]}}