{"id":129901,"date":"1933-01-01T00:00:00","date_gmt":"1933-01-01T00:00:00","guid":{"rendered":"https:\/\/cappiello.fr\/produit\/van-cleef-arpels\/"},"modified":"2025-05-15T07:47:04","modified_gmt":"2025-05-15T05:47:04","slug":"van-cleef-arpels","status":"publish","type":"product","link":"https:\/\/cappiello.fr\/en\/produit\/van-cleef-arpels\/","title":{"rendered":"Van Cleef &#038; Arpels"},"content":{"rendered":"<p>A woman&#8217;s hands demonstrate the use of a minaudi\u00e8re, either to apply lipstick or to check the time.<\/p>\n","protected":false},"excerpt":{"rendered":"<p>The Minaudi\u00e8re by Van Cleef &#038; Arpels was created in 1933; it&#8217;s a sort of vanity-case for society women.<\/p>\n","protected":false},"featured_media":129913,"template":"","meta":{"_acf_changed":false},"type-doeuvre":[4057],"product_brand":[],"product_cat":[3256],"product_tag":[3331,3330,3258],"class_list":{"0":"post-129901","1":"product","2":"type-product","3":"status-publish","4":"has-post-thumbnail","6":"type-doeuvre-affiches","7":"product_cat-watchmaking-jewelry","8":"product_tag-smile-en","9":"product_tag-smile","10":"product_tag-sun-en","11":"pa_periode-1930-1940-en","12":"pa_type-de-contenu-sketch-photo","14":"first","15":"instock","16":"virtual","17":"product-type-simple"},"acf":[],"yoast_head":"<!-- This site is optimized with the Yoast SEO Premium plugin v27.0 (Yoast SEO v27.4) - https:\/\/yoast.com\/product\/yoast-seo-premium-wordpress\/ -->\n<title>Van Cleef &amp; Arpels - Catalogue Raisonn\u00e9 de Leonetto Cappiello<\/title>\n<meta name=\"description\" content=\"A woman&#039;s hands demonstrate the use of a minaudi\u00e8re, either to apply lipstick or to check the time.\" \/>\n<meta name=\"robots\" content=\"index, follow, max-snippet:-1, max-image-preview:large, max-video-preview:-1\" \/>\n<link rel=\"canonical\" href=\"https:\/\/cappiello.fr\/en\/produit\/van-cleef-arpels\/\" \/>\n<meta property=\"og:locale\" content=\"en_US\" \/>\n<meta property=\"og:type\" content=\"article\" \/>\n<meta property=\"og:title\" content=\"Van Cleef &amp; Arpels\" \/>\n<meta property=\"og:description\" content=\"A woman&#039;s hands demonstrate the use of a minaudi\u00e8re, either to apply lipstick or to check the time.\" \/>\n<meta property=\"og:url\" content=\"https:\/\/cappiello.fr\/en\/produit\/van-cleef-arpels\/\" \/>\n<meta property=\"og:site_name\" content=\"Catalogue raisonn\u00e9 de Leonetto Cappiello\" \/>\n<meta property=\"article:modified_time\" content=\"2025-05-15T05:47:04+00:00\" \/>\n<meta property=\"og:image\" content=\"https:\/\/cappiello.fr\/wp-content\/uploads\/2024\/10\/Photo-desquisse-affiche-publicitaire-van-cleef-arpels-cappiello-1933.jpg\" \/>\n\t<meta property=\"og:image:width\" content=\"800\" \/>\n\t<meta property=\"og:image:height\" content=\"332\" \/>\n\t<meta property=\"og:image:type\" content=\"image\/jpeg\" \/>\n<meta name=\"twitter:card\" content=\"summary_large_image\" \/>\n<meta name=\"twitter:title\" content=\"Van Cleef &amp; Arpels\" \/>\n<meta name=\"twitter:description\" content=\"A woman&#039;s hands demonstrate the use of a minaudi\u00e8re, either to apply lipstick or to check the time.\" \/>\n<meta name=\"twitter:label1\" content=\"Price\" \/>\n\t<meta name=\"twitter:data1\" content=\"\" \/>\n\t<meta name=\"twitter:label2\" content=\"Availability\" \/>\n\t<meta name=\"twitter:data2\" content=\"In stock\" \/>\n<script type=\"application\/ld+json\" class=\"yoast-schema-graph\">{\"@context\":\"https:\\\/\\\/schema.org\",\"@graph\":[{\"@type\":[\"WebPage\",\"ItemPage\"],\"@id\":\"https:\\\/\\\/cappiello.fr\\\/en\\\/produit\\\/van-cleef-arpels\\\/\",\"url\":\"https:\\\/\\\/cappiello.fr\\\/en\\\/produit\\\/van-cleef-arpels\\\/\",\"name\":\"Van Cleef & Arpels - Catalogue Raisonn\u00e9 de Leonetto Cappiello\",\"isPartOf\":{\"@id\":\"https:\\\/\\\/cappiello.fr\\\/en\\\/#website\"},\"primaryImageOfPage\":{\"@id\":\"https:\\\/\\\/cappiello.fr\\\/en\\\/produit\\\/van-cleef-arpels\\\/#primaryimage\"},\"image\":{\"@id\":\"https:\\\/\\\/cappiello.fr\\\/en\\\/produit\\\/van-cleef-arpels\\\/#primaryimage\"},\"thumbnailUrl\":\"https:\\\/\\\/cappiello.fr\\\/wp-content\\\/uploads\\\/2024\\\/10\\\/Photo-desquisse-affiche-publicitaire-van-cleef-arpels-cappiello-1933.jpg\",\"datePublished\":\"1933-01-01T00:00:00+00:00\",\"dateModified\":\"2025-05-15T05:47:04+00:00\",\"description\":\"A woman's hands demonstrate the use of a minaudi\u00e8re, either to apply lipstick or to check the time.\",\"breadcrumb\":{\"@id\":\"https:\\\/\\\/cappiello.fr\\\/en\\\/produit\\\/van-cleef-arpels\\\/#breadcrumb\"},\"inLanguage\":\"en-US\",\"potentialAction\":[{\"@type\":\"ReadAction\",\"target\":[\"https:\\\/\\\/cappiello.fr\\\/en\\\/produit\\\/van-cleef-arpels\\\/\"]}]},{\"@type\":\"ImageObject\",\"inLanguage\":\"en-US\",\"@id\":\"https:\\\/\\\/cappiello.fr\\\/en\\\/produit\\\/van-cleef-arpels\\\/#primaryimage\",\"url\":\"https:\\\/\\\/cappiello.fr\\\/wp-content\\\/uploads\\\/2024\\\/10\\\/Photo-desquisse-affiche-publicitaire-van-cleef-arpels-cappiello-1933.jpg\",\"contentUrl\":\"https:\\\/\\\/cappiello.fr\\\/wp-content\\\/uploads\\\/2024\\\/10\\\/Photo-desquisse-affiche-publicitaire-van-cleef-arpels-cappiello-1933.jpg\",\"width\":800,\"height\":332,\"caption\":\"The Minaudi\u00e8re by Van Cleef & Arpels was created in 1933; it is a kind of vanity-case for society women.\"},{\"@type\":\"BreadcrumbList\",\"@id\":\"https:\\\/\\\/cappiello.fr\\\/en\\\/produit\\\/van-cleef-arpels\\\/#breadcrumb\",\"itemListElement\":[{\"@type\":\"ListItem\",\"position\":1,\"name\":\"Accueil\",\"item\":\"https:\\\/\\\/cappiello.fr\\\/en\\\/\"},{\"@type\":\"ListItem\",\"position\":2,\"name\":\"The works\",\"item\":\"https:\\\/\\\/cappiello.fr\\\/en\\\/the-works\\\/\"},{\"@type\":\"ListItem\",\"position\":3,\"name\":\"Van Cleef &#038; Arpels\"}]},{\"@type\":\"WebSite\",\"@id\":\"https:\\\/\\\/cappiello.fr\\\/en\\\/#website\",\"url\":\"https:\\\/\\\/cappiello.fr\\\/en\\\/\",\"name\":\"Catalogue raisonn\u00e9 de Leonetto Cappiello\",\"description\":\"Plongez dans l&#039;univers de Leonetto Cappiello, le p\u00e8re de la publicit\u00e9 moderne\",\"potentialAction\":[{\"@type\":\"SearchAction\",\"target\":{\"@type\":\"EntryPoint\",\"urlTemplate\":\"https:\\\/\\\/cappiello.fr\\\/en\\\/?s={search_term_string}\"},\"query-input\":{\"@type\":\"PropertyValueSpecification\",\"valueRequired\":true,\"valueName\":\"search_term_string\"}}],\"inLanguage\":\"en-US\"}]}<\/script>\n<meta property=\"product:price:currency\" content=\"EUR\" \/>\n<meta property=\"og:availability\" content=\"instock\" \/>\n<meta property=\"product:availability\" content=\"instock\" \/>\n<meta property=\"product:retailer_item_id\" content=\"1933208B0\" \/>\n<meta property=\"product:condition\" content=\"new\" \/>\n<!-- \/ Yoast SEO Premium plugin. -->","yoast_head_json":{"title":"Van Cleef & Arpels - Catalogue Raisonn\u00e9 de Leonetto Cappiello","description":"A woman's hands demonstrate the use of a minaudi\u00e8re, either to apply lipstick or to check the time.","robots":{"index":"index","follow":"follow","max-snippet":"max-snippet:-1","max-image-preview":"max-image-preview:large","max-video-preview":"max-video-preview:-1"},"canonical":"https:\/\/cappiello.fr\/en\/produit\/van-cleef-arpels\/","og_locale":"en_US","og_type":"article","og_title":"Van Cleef & Arpels","og_description":"A woman's hands demonstrate the use of a minaudi\u00e8re, either to apply lipstick or to check the time.","og_url":"https:\/\/cappiello.fr\/en\/produit\/van-cleef-arpels\/","og_site_name":"Catalogue raisonn\u00e9 de Leonetto Cappiello","article_modified_time":"2025-05-15T05:47:04+00:00","og_image":[{"width":800,"height":332,"url":"https:\/\/cappiello.fr\/wp-content\/uploads\/2024\/10\/Photo-desquisse-affiche-publicitaire-van-cleef-arpels-cappiello-1933.jpg","type":"image\/jpeg"}],"twitter_card":"summary_large_image","twitter_title":"Van Cleef & Arpels","twitter_description":"A woman's hands demonstrate the use of a minaudi\u00e8re, either to apply lipstick or to check the time.","twitter_misc":{"Price":"","Availability":"In stock"},"schema":{"@context":"https:\/\/schema.org","@graph":[{"@type":["WebPage","ItemPage"],"@id":"https:\/\/cappiello.fr\/en\/produit\/van-cleef-arpels\/","url":"https:\/\/cappiello.fr\/en\/produit\/van-cleef-arpels\/","name":"Van Cleef & Arpels - Catalogue Raisonn\u00e9 de Leonetto Cappiello","isPartOf":{"@id":"https:\/\/cappiello.fr\/en\/#website"},"primaryImageOfPage":{"@id":"https:\/\/cappiello.fr\/en\/produit\/van-cleef-arpels\/#primaryimage"},"image":{"@id":"https:\/\/cappiello.fr\/en\/produit\/van-cleef-arpels\/#primaryimage"},"thumbnailUrl":"https:\/\/cappiello.fr\/wp-content\/uploads\/2024\/10\/Photo-desquisse-affiche-publicitaire-van-cleef-arpels-cappiello-1933.jpg","datePublished":"1933-01-01T00:00:00+00:00","dateModified":"2025-05-15T05:47:04+00:00","description":"A woman's hands demonstrate the use of a minaudi\u00e8re, either to apply lipstick or to check the time.","breadcrumb":{"@id":"https:\/\/cappiello.fr\/en\/produit\/van-cleef-arpels\/#breadcrumb"},"inLanguage":"en-US","potentialAction":[{"@type":"ReadAction","target":["https:\/\/cappiello.fr\/en\/produit\/van-cleef-arpels\/"]}]},{"@type":"ImageObject","inLanguage":"en-US","@id":"https:\/\/cappiello.fr\/en\/produit\/van-cleef-arpels\/#primaryimage","url":"https:\/\/cappiello.fr\/wp-content\/uploads\/2024\/10\/Photo-desquisse-affiche-publicitaire-van-cleef-arpels-cappiello-1933.jpg","contentUrl":"https:\/\/cappiello.fr\/wp-content\/uploads\/2024\/10\/Photo-desquisse-affiche-publicitaire-van-cleef-arpels-cappiello-1933.jpg","width":800,"height":332,"caption":"The Minaudi\u00e8re by Van Cleef & Arpels was created in 1933; it is a kind of vanity-case for society women."},{"@type":"BreadcrumbList","@id":"https:\/\/cappiello.fr\/en\/produit\/van-cleef-arpels\/#breadcrumb","itemListElement":[{"@type":"ListItem","position":1,"name":"Accueil","item":"https:\/\/cappiello.fr\/en\/"},{"@type":"ListItem","position":2,"name":"The works","item":"https:\/\/cappiello.fr\/en\/the-works\/"},{"@type":"ListItem","position":3,"name":"Van Cleef &#038; Arpels"}]},{"@type":"WebSite","@id":"https:\/\/cappiello.fr\/en\/#website","url":"https:\/\/cappiello.fr\/en\/","name":"Catalogue raisonn\u00e9 de Leonetto Cappiello","description":"Plongez dans l&#039;univers de Leonetto Cappiello, le p\u00e8re de la publicit\u00e9 moderne","potentialAction":[{"@type":"SearchAction","target":{"@type":"EntryPoint","urlTemplate":"https:\/\/cappiello.fr\/en\/?s={search_term_string}"},"query-input":{"@type":"PropertyValueSpecification","valueRequired":true,"valueName":"search_term_string"}}],"inLanguage":"en-US"}]},"product_price_currency":"EUR","og_availability":"instock","product_availability":"instock","product_retailer_item_id":"1933208B0","product_condition":"new"},"_links":{"self":[{"href":"https:\/\/cappiello.fr\/en\/wp-json\/wp\/v2\/product\/129901","targetHints":{"allow":["GET"]}}],"collection":[{"href":"https:\/\/cappiello.fr\/en\/wp-json\/wp\/v2\/product"}],"about":[{"href":"https:\/\/cappiello.fr\/en\/wp-json\/wp\/v2\/types\/product"}],"wp:featuredmedia":[{"embeddable":true,"href":"https:\/\/cappiello.fr\/en\/wp-json\/wp\/v2\/media\/129913"}],"wp:attachment":[{"href":"https:\/\/cappiello.fr\/en\/wp-json\/wp\/v2\/media?parent=129901"}],"wp:term":[{"taxonomy":"type-doeuvre","embeddable":true,"href":"https:\/\/cappiello.fr\/en\/wp-json\/wp\/v2\/type-doeuvre?post=129901"},{"taxonomy":"product_brand","embeddable":true,"href":"https:\/\/cappiello.fr\/en\/wp-json\/wp\/v2\/product_brand?post=129901"},{"taxonomy":"product_cat","embeddable":true,"href":"https:\/\/cappiello.fr\/en\/wp-json\/wp\/v2\/product_cat?post=129901"},{"taxonomy":"product_tag","embeddable":true,"href":"https:\/\/cappiello.fr\/en\/wp-json\/wp\/v2\/product_tag?post=129901"}],"curies":[{"name":"wp","href":"https:\/\/api.w.org\/{rel}","templated":true}]}}