{"id":129914,"date":"1938-01-01T00:00:00","date_gmt":"1938-01-01T00:00:00","guid":{"rendered":"https:\/\/cappiello.fr\/produit\/automoto-byrrh\/"},"modified":"2025-07-27T08:24:18","modified_gmt":"2025-07-27T06:24:18","slug":"automoto-byrrh","status":"publish","type":"product","link":"https:\/\/cappiello.fr\/en\/produit\/automoto-byrrh\/","title":{"rendered":"Byrrh"},"content":{"rendered":"<p>On the left, a woman sings and dances in front of wine vats; on the right, the same woman continues her singing performance surrounded by customers. Everyone is serving Byrrh. <\/p>\n","protected":false},"excerpt":{"rendered":"<p>Advertisement for Byrrh comprising two panels, with the caption on the left reading \u201cfrom vat to wine&#8230;\u201d and on the right \u201cfrom wine to Byrrh&#8230;\u201d This advertisement is similar to <a href=\"https:\/\/cappiello.fr\/produit\/byrrh-4\/\">1938202B0<\/a>. <\/p>\n","protected":false},"featured_media":133786,"template":"","meta":{"_acf_changed":false},"type-doeuvre":[4057],"product_brand":[],"product_cat":[3339],"product_tag":[3561,3290,3333,3433,3317,3341],"class_list":{"0":"post-129914","1":"product","2":"type-product","3":"status-publish","4":"has-post-thumbnail","6":"type-doeuvre-affiches","7":"product_cat-aperitifs","8":"product_tag-barrel-en-2","9":"product_tag-mustache-en","10":"product_tag-dancer-en","11":"product_tag-tire-en-3","12":"product_tag-woman-en","13":"product_tag-barrel-en","14":"pa_periode-1930-1940-en","15":"pa_type-de-contenu-sketch-photo","17":"first","18":"instock","19":"virtual","20":"product-type-simple"},"acf":[],"yoast_head":"<!-- This site is optimized with the Yoast SEO Premium plugin v27.0 (Yoast SEO v27.4) - https:\/\/yoast.com\/product\/yoast-seo-premium-wordpress\/ -->\n<title>Byrrh - Catalogue Raisonn\u00e9 de Leonetto Cappiello<\/title>\n<meta name=\"description\" content=\"On the left, a woman sings and dances in front of wine vats; on the right, the same woman continues her singing performance surrounded by customers. Everyone is serving Byrrh.\" \/>\n<meta name=\"robots\" content=\"index, follow, max-snippet:-1, max-image-preview:large, max-video-preview:-1\" \/>\n<link rel=\"canonical\" href=\"https:\/\/cappiello.fr\/en\/produit\/automoto-byrrh\/\" \/>\n<meta property=\"og:locale\" content=\"en_US\" \/>\n<meta property=\"og:type\" content=\"article\" \/>\n<meta property=\"og:title\" content=\"Byrrh\" \/>\n<meta property=\"og:description\" content=\"On the left, a woman sings and dances in front of wine vats; on the right, the same woman continues her singing performance surrounded by customers. Everyone is serving Byrrh.\" \/>\n<meta property=\"og:url\" content=\"https:\/\/cappiello.fr\/en\/produit\/automoto-byrrh\/\" \/>\n<meta property=\"og:site_name\" content=\"Catalogue raisonn\u00e9 de Leonetto Cappiello\" \/>\n<meta property=\"article:modified_time\" content=\"2025-07-27T06:24:18+00:00\" \/>\n<meta property=\"og:image\" content=\"https:\/\/cappiello.fr\/wp-content\/uploads\/2024\/10\/Photo-desquisse-affiche-publicitaire-byrrh-cappiello-1938.jpg\" \/>\n\t<meta property=\"og:image:width\" content=\"1156\" \/>\n\t<meta property=\"og:image:height\" content=\"800\" \/>\n\t<meta property=\"og:image:type\" content=\"image\/jpeg\" \/>\n<meta name=\"twitter:card\" content=\"summary_large_image\" \/>\n<meta name=\"twitter:title\" content=\"Byrrh\" \/>\n<meta name=\"twitter:description\" content=\"On the left, a woman sings and dances in front of wine vats; on the right, the same woman continues her singing performance surrounded by customers. Everyone is serving Byrrh.\" \/>\n<meta name=\"twitter:label1\" content=\"Price\" \/>\n\t<meta name=\"twitter:data1\" content=\"\" \/>\n\t<meta name=\"twitter:label2\" content=\"Availability\" \/>\n\t<meta name=\"twitter:data2\" content=\"In stock\" \/>\n<script type=\"application\/ld+json\" class=\"yoast-schema-graph\">{\"@context\":\"https:\\\/\\\/schema.org\",\"@graph\":[{\"@type\":[\"WebPage\",\"ItemPage\"],\"@id\":\"https:\\\/\\\/cappiello.fr\\\/en\\\/produit\\\/automoto-byrrh\\\/\",\"url\":\"https:\\\/\\\/cappiello.fr\\\/en\\\/produit\\\/automoto-byrrh\\\/\",\"name\":\"Byrrh - Catalogue Raisonn\u00e9 de Leonetto Cappiello\",\"isPartOf\":{\"@id\":\"https:\\\/\\\/cappiello.fr\\\/en\\\/#website\"},\"primaryImageOfPage\":{\"@id\":\"https:\\\/\\\/cappiello.fr\\\/en\\\/produit\\\/automoto-byrrh\\\/#primaryimage\"},\"image\":{\"@id\":\"https:\\\/\\\/cappiello.fr\\\/en\\\/produit\\\/automoto-byrrh\\\/#primaryimage\"},\"thumbnailUrl\":\"https:\\\/\\\/cappiello.fr\\\/wp-content\\\/uploads\\\/2024\\\/10\\\/Photo-desquisse-affiche-publicitaire-byrrh-cappiello-1938.jpg\",\"datePublished\":\"1938-01-01T00:00:00+00:00\",\"dateModified\":\"2025-07-27T06:24:18+00:00\",\"description\":\"On the left, a woman sings and dances in front of wine vats; on the right, the same woman continues her singing performance surrounded by customers. Everyone is serving Byrrh.\",\"breadcrumb\":{\"@id\":\"https:\\\/\\\/cappiello.fr\\\/en\\\/produit\\\/automoto-byrrh\\\/#breadcrumb\"},\"inLanguage\":\"en-US\",\"potentialAction\":[{\"@type\":\"ReadAction\",\"target\":[\"https:\\\/\\\/cappiello.fr\\\/en\\\/produit\\\/automoto-byrrh\\\/\"]}]},{\"@type\":\"ImageObject\",\"inLanguage\":\"en-US\",\"@id\":\"https:\\\/\\\/cappiello.fr\\\/en\\\/produit\\\/automoto-byrrh\\\/#primaryimage\",\"url\":\"https:\\\/\\\/cappiello.fr\\\/wp-content\\\/uploads\\\/2024\\\/10\\\/Photo-desquisse-affiche-publicitaire-byrrh-cappiello-1938.jpg\",\"contentUrl\":\"https:\\\/\\\/cappiello.fr\\\/wp-content\\\/uploads\\\/2024\\\/10\\\/Photo-desquisse-affiche-publicitaire-byrrh-cappiello-1938.jpg\",\"width\":1156,\"height\":800,\"caption\":\"Projet de publicit\u00e9 pour Byrrh comprenant deux volets\"},{\"@type\":\"BreadcrumbList\",\"@id\":\"https:\\\/\\\/cappiello.fr\\\/en\\\/produit\\\/automoto-byrrh\\\/#breadcrumb\",\"itemListElement\":[{\"@type\":\"ListItem\",\"position\":1,\"name\":\"Accueil\",\"item\":\"https:\\\/\\\/cappiello.fr\\\/en\\\/\"},{\"@type\":\"ListItem\",\"position\":2,\"name\":\"The works\",\"item\":\"https:\\\/\\\/cappiello.fr\\\/en\\\/the-works\\\/\"},{\"@type\":\"ListItem\",\"position\":3,\"name\":\"Byrrh\"}]},{\"@type\":\"WebSite\",\"@id\":\"https:\\\/\\\/cappiello.fr\\\/en\\\/#website\",\"url\":\"https:\\\/\\\/cappiello.fr\\\/en\\\/\",\"name\":\"Catalogue raisonn\u00e9 de Leonetto Cappiello\",\"description\":\"Plongez dans l&#039;univers de Leonetto Cappiello, le p\u00e8re de la publicit\u00e9 moderne\",\"potentialAction\":[{\"@type\":\"SearchAction\",\"target\":{\"@type\":\"EntryPoint\",\"urlTemplate\":\"https:\\\/\\\/cappiello.fr\\\/en\\\/?s={search_term_string}\"},\"query-input\":{\"@type\":\"PropertyValueSpecification\",\"valueRequired\":true,\"valueName\":\"search_term_string\"}}],\"inLanguage\":\"en-US\"}]}<\/script>\n<meta property=\"product:price:currency\" content=\"EUR\" \/>\n<meta property=\"og:availability\" content=\"instock\" \/>\n<meta property=\"product:availability\" content=\"instock\" \/>\n<meta property=\"product:retailer_item_id\" content=\"1938204B0\" \/>\n<meta property=\"product:condition\" content=\"new\" \/>\n<!-- \/ Yoast SEO Premium plugin. -->","yoast_head_json":{"title":"Byrrh - Catalogue Raisonn\u00e9 de Leonetto Cappiello","description":"On the left, a woman sings and dances in front of wine vats; on the right, the same woman continues her singing performance surrounded by customers. Everyone is serving Byrrh.","robots":{"index":"index","follow":"follow","max-snippet":"max-snippet:-1","max-image-preview":"max-image-preview:large","max-video-preview":"max-video-preview:-1"},"canonical":"https:\/\/cappiello.fr\/en\/produit\/automoto-byrrh\/","og_locale":"en_US","og_type":"article","og_title":"Byrrh","og_description":"On the left, a woman sings and dances in front of wine vats; on the right, the same woman continues her singing performance surrounded by customers. Everyone is serving Byrrh.","og_url":"https:\/\/cappiello.fr\/en\/produit\/automoto-byrrh\/","og_site_name":"Catalogue raisonn\u00e9 de Leonetto Cappiello","article_modified_time":"2025-07-27T06:24:18+00:00","og_image":[{"width":1156,"height":800,"url":"https:\/\/cappiello.fr\/wp-content\/uploads\/2024\/10\/Photo-desquisse-affiche-publicitaire-byrrh-cappiello-1938.jpg","type":"image\/jpeg"}],"twitter_card":"summary_large_image","twitter_title":"Byrrh","twitter_description":"On the left, a woman sings and dances in front of wine vats; on the right, the same woman continues her singing performance surrounded by customers. Everyone is serving Byrrh.","twitter_misc":{"Price":"","Availability":"In stock"},"schema":{"@context":"https:\/\/schema.org","@graph":[{"@type":["WebPage","ItemPage"],"@id":"https:\/\/cappiello.fr\/en\/produit\/automoto-byrrh\/","url":"https:\/\/cappiello.fr\/en\/produit\/automoto-byrrh\/","name":"Byrrh - Catalogue Raisonn\u00e9 de Leonetto Cappiello","isPartOf":{"@id":"https:\/\/cappiello.fr\/en\/#website"},"primaryImageOfPage":{"@id":"https:\/\/cappiello.fr\/en\/produit\/automoto-byrrh\/#primaryimage"},"image":{"@id":"https:\/\/cappiello.fr\/en\/produit\/automoto-byrrh\/#primaryimage"},"thumbnailUrl":"https:\/\/cappiello.fr\/wp-content\/uploads\/2024\/10\/Photo-desquisse-affiche-publicitaire-byrrh-cappiello-1938.jpg","datePublished":"1938-01-01T00:00:00+00:00","dateModified":"2025-07-27T06:24:18+00:00","description":"On the left, a woman sings and dances in front of wine vats; on the right, the same woman continues her singing performance surrounded by customers. Everyone is serving Byrrh.","breadcrumb":{"@id":"https:\/\/cappiello.fr\/en\/produit\/automoto-byrrh\/#breadcrumb"},"inLanguage":"en-US","potentialAction":[{"@type":"ReadAction","target":["https:\/\/cappiello.fr\/en\/produit\/automoto-byrrh\/"]}]},{"@type":"ImageObject","inLanguage":"en-US","@id":"https:\/\/cappiello.fr\/en\/produit\/automoto-byrrh\/#primaryimage","url":"https:\/\/cappiello.fr\/wp-content\/uploads\/2024\/10\/Photo-desquisse-affiche-publicitaire-byrrh-cappiello-1938.jpg","contentUrl":"https:\/\/cappiello.fr\/wp-content\/uploads\/2024\/10\/Photo-desquisse-affiche-publicitaire-byrrh-cappiello-1938.jpg","width":1156,"height":800,"caption":"Projet de publicit\u00e9 pour Byrrh comprenant deux volets"},{"@type":"BreadcrumbList","@id":"https:\/\/cappiello.fr\/en\/produit\/automoto-byrrh\/#breadcrumb","itemListElement":[{"@type":"ListItem","position":1,"name":"Accueil","item":"https:\/\/cappiello.fr\/en\/"},{"@type":"ListItem","position":2,"name":"The works","item":"https:\/\/cappiello.fr\/en\/the-works\/"},{"@type":"ListItem","position":3,"name":"Byrrh"}]},{"@type":"WebSite","@id":"https:\/\/cappiello.fr\/en\/#website","url":"https:\/\/cappiello.fr\/en\/","name":"Catalogue raisonn\u00e9 de Leonetto Cappiello","description":"Plongez dans l&#039;univers de Leonetto Cappiello, le p\u00e8re de la publicit\u00e9 moderne","potentialAction":[{"@type":"SearchAction","target":{"@type":"EntryPoint","urlTemplate":"https:\/\/cappiello.fr\/en\/?s={search_term_string}"},"query-input":{"@type":"PropertyValueSpecification","valueRequired":true,"valueName":"search_term_string"}}],"inLanguage":"en-US"}]},"product_price_currency":"EUR","og_availability":"instock","product_availability":"instock","product_retailer_item_id":"1938204B0","product_condition":"new"},"_links":{"self":[{"href":"https:\/\/cappiello.fr\/en\/wp-json\/wp\/v2\/product\/129914","targetHints":{"allow":["GET"]}}],"collection":[{"href":"https:\/\/cappiello.fr\/en\/wp-json\/wp\/v2\/product"}],"about":[{"href":"https:\/\/cappiello.fr\/en\/wp-json\/wp\/v2\/types\/product"}],"wp:featuredmedia":[{"embeddable":true,"href":"https:\/\/cappiello.fr\/en\/wp-json\/wp\/v2\/media\/133786"}],"wp:attachment":[{"href":"https:\/\/cappiello.fr\/en\/wp-json\/wp\/v2\/media?parent=129914"}],"wp:term":[{"taxonomy":"type-doeuvre","embeddable":true,"href":"https:\/\/cappiello.fr\/en\/wp-json\/wp\/v2\/type-doeuvre?post=129914"},{"taxonomy":"product_brand","embeddable":true,"href":"https:\/\/cappiello.fr\/en\/wp-json\/wp\/v2\/product_brand?post=129914"},{"taxonomy":"product_cat","embeddable":true,"href":"https:\/\/cappiello.fr\/en\/wp-json\/wp\/v2\/product_cat?post=129914"},{"taxonomy":"product_tag","embeddable":true,"href":"https:\/\/cappiello.fr\/en\/wp-json\/wp\/v2\/product_tag?post=129914"}],"curies":[{"name":"wp","href":"https:\/\/api.w.org\/{rel}","templated":true}]}}