{"id":130002,"date":"1923-01-01T00:00:00","date_gmt":"1923-01-01T00:00:00","guid":{"rendered":"https:\/\/cappiello.fr\/produit\/sopas-garriga\/"},"modified":"2025-05-15T07:33:30","modified_gmt":"2025-05-15T05:33:30","slug":"sopas-garriga","status":"publish","type":"product","link":"https:\/\/cappiello.fr\/en\/produit\/sopas-garriga\/","title":{"rendered":"Sopas Garriga"},"content":{"rendered":"<p>A woman, in an evening dress, enjoys pasta with pleasure. On the table set with a blue and black triangle-patterned tablecloth, three stemmed glasses show the refinement of the table setting.<\/p>\n","protected":false},"excerpt":{"rendered":"<p>Pasta from the Garriga company in Barcelona.<\/p>\n","protected":false},"featured_media":130018,"template":"","meta":{"_acf_changed":false},"type-doeuvre":[4057],"product_brand":[],"product_cat":[3494],"product_tag":[3542,3442,3642,3317,3640,3572,3373,3441,3641,3311],"class_list":{"0":"post-130002","1":"product","2":"type-product","3":"status-publish","4":"has-post-thumbnail","6":"type-doeuvre-affiches","7":"product_cat-flour-based-products","8":"product_tag-petal","9":"product_tag-cup-en-7","10":"product_tag-glass-en-19","11":"product_tag-woman-en","12":"product_tag-glass-en-17","13":"product_tag-dough","14":"product_tag-clock","15":"product_tag-cup-en-6","16":"product_tag-glass-en-18","17":"product_tag-society-woman","18":"pa_periode-1919-1929-en","19":"pa_type-de-contenu-lithography","21":"first","22":"instock","23":"virtual","24":"product-type-simple"},"acf":[],"yoast_head":"<!-- This site is optimized with the Yoast SEO Premium plugin v27.0 (Yoast SEO v27.4) - https:\/\/yoast.com\/product\/yoast-seo-premium-wordpress\/ -->\n<title>Sopas Garriga - Catalogue Raisonn\u00e9 de Leonetto Cappiello<\/title>\n<meta name=\"description\" content=\"A woman, in an evening dress, enjoys pasta with pleasure. On the table set with a blue and black triangle-patterned tablecloth, three stemmed glasses show the refinement of the place setting.\" \/>\n<meta name=\"robots\" content=\"index, follow, max-snippet:-1, max-image-preview:large, max-video-preview:-1\" \/>\n<link rel=\"canonical\" href=\"https:\/\/cappiello.fr\/en\/produit\/sopas-garriga\/\" \/>\n<meta property=\"og:locale\" content=\"en_US\" \/>\n<meta property=\"og:type\" content=\"article\" \/>\n<meta property=\"og:title\" content=\"Sopas Garriga\" \/>\n<meta property=\"og:description\" content=\"A woman, in an evening dress, enjoys pasta with pleasure. On the table set with a blue and black triangle-patterned tablecloth, three stemmed glasses show the refinement of the place setting.\" \/>\n<meta property=\"og:url\" content=\"https:\/\/cappiello.fr\/en\/produit\/sopas-garriga\/\" \/>\n<meta property=\"og:site_name\" content=\"Catalogue raisonn\u00e9 de Leonetto Cappiello\" \/>\n<meta property=\"article:modified_time\" content=\"2025-05-15T05:33:30+00:00\" \/>\n<meta property=\"og:image\" content=\"https:\/\/cappiello.fr\/wp-content\/uploads\/2024\/10\/Lithographie-affiche-publicitaire-sopas-garriga-cappiello-1923.jpg\" \/>\n\t<meta property=\"og:image:width\" content=\"547\" \/>\n\t<meta property=\"og:image:height\" content=\"800\" \/>\n\t<meta property=\"og:image:type\" content=\"image\/jpeg\" \/>\n<meta name=\"twitter:card\" content=\"summary_large_image\" \/>\n<meta name=\"twitter:title\" content=\"Sopas Garriga\" \/>\n<meta name=\"twitter:description\" content=\"A woman, in an evening dress, enjoys pasta with pleasure. On the table set with a blue and black triangle-patterned tablecloth, three stemmed glasses show the refinement of the place setting.\" \/>\n<meta name=\"twitter:label1\" content=\"Price\" \/>\n\t<meta name=\"twitter:data1\" content=\"\" \/>\n\t<meta name=\"twitter:label2\" content=\"Availability\" \/>\n\t<meta name=\"twitter:data2\" content=\"In stock\" \/>\n<script type=\"application\/ld+json\" class=\"yoast-schema-graph\">{\"@context\":\"https:\\\/\\\/schema.org\",\"@graph\":[{\"@type\":[\"WebPage\",\"ItemPage\"],\"@id\":\"https:\\\/\\\/cappiello.fr\\\/en\\\/produit\\\/sopas-garriga\\\/\",\"url\":\"https:\\\/\\\/cappiello.fr\\\/en\\\/produit\\\/sopas-garriga\\\/\",\"name\":\"Sopas Garriga - Catalogue Raisonn\u00e9 de Leonetto Cappiello\",\"isPartOf\":{\"@id\":\"https:\\\/\\\/cappiello.fr\\\/en\\\/#website\"},\"primaryImageOfPage\":{\"@id\":\"https:\\\/\\\/cappiello.fr\\\/en\\\/produit\\\/sopas-garriga\\\/#primaryimage\"},\"image\":{\"@id\":\"https:\\\/\\\/cappiello.fr\\\/en\\\/produit\\\/sopas-garriga\\\/#primaryimage\"},\"thumbnailUrl\":\"https:\\\/\\\/cappiello.fr\\\/wp-content\\\/uploads\\\/2024\\\/10\\\/Lithographie-affiche-publicitaire-sopas-garriga-cappiello-1923.jpg\",\"datePublished\":\"1923-01-01T00:00:00+00:00\",\"dateModified\":\"2025-05-15T05:33:30+00:00\",\"description\":\"A woman, in an evening dress, enjoys pasta with pleasure. On the table set with a blue and black triangle-patterned tablecloth, three stemmed glasses show the refinement of the place setting.\",\"breadcrumb\":{\"@id\":\"https:\\\/\\\/cappiello.fr\\\/en\\\/produit\\\/sopas-garriga\\\/#breadcrumb\"},\"inLanguage\":\"en-US\",\"potentialAction\":[{\"@type\":\"ReadAction\",\"target\":[\"https:\\\/\\\/cappiello.fr\\\/en\\\/produit\\\/sopas-garriga\\\/\"]}]},{\"@type\":\"ImageObject\",\"inLanguage\":\"en-US\",\"@id\":\"https:\\\/\\\/cappiello.fr\\\/en\\\/produit\\\/sopas-garriga\\\/#primaryimage\",\"url\":\"https:\\\/\\\/cappiello.fr\\\/wp-content\\\/uploads\\\/2024\\\/10\\\/Lithographie-affiche-publicitaire-sopas-garriga-cappiello-1923.jpg\",\"contentUrl\":\"https:\\\/\\\/cappiello.fr\\\/wp-content\\\/uploads\\\/2024\\\/10\\\/Lithographie-affiche-publicitaire-sopas-garriga-cappiello-1923.jpg\",\"width\":547,\"height\":800,\"caption\":\"Pasta from the Garriga company in Barcelona.\"},{\"@type\":\"BreadcrumbList\",\"@id\":\"https:\\\/\\\/cappiello.fr\\\/en\\\/produit\\\/sopas-garriga\\\/#breadcrumb\",\"itemListElement\":[{\"@type\":\"ListItem\",\"position\":1,\"name\":\"Accueil\",\"item\":\"https:\\\/\\\/cappiello.fr\\\/en\\\/\"},{\"@type\":\"ListItem\",\"position\":2,\"name\":\"The works\",\"item\":\"https:\\\/\\\/cappiello.fr\\\/en\\\/the-works\\\/\"},{\"@type\":\"ListItem\",\"position\":3,\"name\":\"Sopas Garriga\"}]},{\"@type\":\"WebSite\",\"@id\":\"https:\\\/\\\/cappiello.fr\\\/en\\\/#website\",\"url\":\"https:\\\/\\\/cappiello.fr\\\/en\\\/\",\"name\":\"Catalogue raisonn\u00e9 de Leonetto Cappiello\",\"description\":\"Plongez dans l&#039;univers de Leonetto Cappiello, le p\u00e8re de la publicit\u00e9 moderne\",\"potentialAction\":[{\"@type\":\"SearchAction\",\"target\":{\"@type\":\"EntryPoint\",\"urlTemplate\":\"https:\\\/\\\/cappiello.fr\\\/en\\\/?s={search_term_string}\"},\"query-input\":{\"@type\":\"PropertyValueSpecification\",\"valueRequired\":true,\"valueName\":\"search_term_string\"}}],\"inLanguage\":\"en-US\"}]}<\/script>\n<meta property=\"product:price:currency\" content=\"EUR\" \/>\n<meta property=\"og:availability\" content=\"instock\" \/>\n<meta property=\"product:availability\" content=\"instock\" \/>\n<meta property=\"product:retailer_item_id\" content=\"1923015Z0\" \/>\n<meta property=\"product:condition\" content=\"new\" \/>\n<!-- \/ Yoast SEO Premium plugin. -->","yoast_head_json":{"title":"Sopas Garriga - Catalogue Raisonn\u00e9 de Leonetto Cappiello","description":"A woman, in an evening dress, enjoys pasta with pleasure. On the table set with a blue and black triangle-patterned tablecloth, three stemmed glasses show the refinement of the place setting.","robots":{"index":"index","follow":"follow","max-snippet":"max-snippet:-1","max-image-preview":"max-image-preview:large","max-video-preview":"max-video-preview:-1"},"canonical":"https:\/\/cappiello.fr\/en\/produit\/sopas-garriga\/","og_locale":"en_US","og_type":"article","og_title":"Sopas Garriga","og_description":"A woman, in an evening dress, enjoys pasta with pleasure. On the table set with a blue and black triangle-patterned tablecloth, three stemmed glasses show the refinement of the place setting.","og_url":"https:\/\/cappiello.fr\/en\/produit\/sopas-garriga\/","og_site_name":"Catalogue raisonn\u00e9 de Leonetto Cappiello","article_modified_time":"2025-05-15T05:33:30+00:00","og_image":[{"width":547,"height":800,"url":"https:\/\/cappiello.fr\/wp-content\/uploads\/2024\/10\/Lithographie-affiche-publicitaire-sopas-garriga-cappiello-1923.jpg","type":"image\/jpeg"}],"twitter_card":"summary_large_image","twitter_title":"Sopas Garriga","twitter_description":"A woman, in an evening dress, enjoys pasta with pleasure. On the table set with a blue and black triangle-patterned tablecloth, three stemmed glasses show the refinement of the place setting.","twitter_misc":{"Price":"","Availability":"In stock"},"schema":{"@context":"https:\/\/schema.org","@graph":[{"@type":["WebPage","ItemPage"],"@id":"https:\/\/cappiello.fr\/en\/produit\/sopas-garriga\/","url":"https:\/\/cappiello.fr\/en\/produit\/sopas-garriga\/","name":"Sopas Garriga - Catalogue Raisonn\u00e9 de Leonetto Cappiello","isPartOf":{"@id":"https:\/\/cappiello.fr\/en\/#website"},"primaryImageOfPage":{"@id":"https:\/\/cappiello.fr\/en\/produit\/sopas-garriga\/#primaryimage"},"image":{"@id":"https:\/\/cappiello.fr\/en\/produit\/sopas-garriga\/#primaryimage"},"thumbnailUrl":"https:\/\/cappiello.fr\/wp-content\/uploads\/2024\/10\/Lithographie-affiche-publicitaire-sopas-garriga-cappiello-1923.jpg","datePublished":"1923-01-01T00:00:00+00:00","dateModified":"2025-05-15T05:33:30+00:00","description":"A woman, in an evening dress, enjoys pasta with pleasure. On the table set with a blue and black triangle-patterned tablecloth, three stemmed glasses show the refinement of the place setting.","breadcrumb":{"@id":"https:\/\/cappiello.fr\/en\/produit\/sopas-garriga\/#breadcrumb"},"inLanguage":"en-US","potentialAction":[{"@type":"ReadAction","target":["https:\/\/cappiello.fr\/en\/produit\/sopas-garriga\/"]}]},{"@type":"ImageObject","inLanguage":"en-US","@id":"https:\/\/cappiello.fr\/en\/produit\/sopas-garriga\/#primaryimage","url":"https:\/\/cappiello.fr\/wp-content\/uploads\/2024\/10\/Lithographie-affiche-publicitaire-sopas-garriga-cappiello-1923.jpg","contentUrl":"https:\/\/cappiello.fr\/wp-content\/uploads\/2024\/10\/Lithographie-affiche-publicitaire-sopas-garriga-cappiello-1923.jpg","width":547,"height":800,"caption":"Pasta from the Garriga company in Barcelona."},{"@type":"BreadcrumbList","@id":"https:\/\/cappiello.fr\/en\/produit\/sopas-garriga\/#breadcrumb","itemListElement":[{"@type":"ListItem","position":1,"name":"Accueil","item":"https:\/\/cappiello.fr\/en\/"},{"@type":"ListItem","position":2,"name":"The works","item":"https:\/\/cappiello.fr\/en\/the-works\/"},{"@type":"ListItem","position":3,"name":"Sopas Garriga"}]},{"@type":"WebSite","@id":"https:\/\/cappiello.fr\/en\/#website","url":"https:\/\/cappiello.fr\/en\/","name":"Catalogue raisonn\u00e9 de Leonetto Cappiello","description":"Plongez dans l&#039;univers de Leonetto Cappiello, le p\u00e8re de la publicit\u00e9 moderne","potentialAction":[{"@type":"SearchAction","target":{"@type":"EntryPoint","urlTemplate":"https:\/\/cappiello.fr\/en\/?s={search_term_string}"},"query-input":{"@type":"PropertyValueSpecification","valueRequired":true,"valueName":"search_term_string"}}],"inLanguage":"en-US"}]},"product_price_currency":"EUR","og_availability":"instock","product_availability":"instock","product_retailer_item_id":"1923015Z0","product_condition":"new"},"_links":{"self":[{"href":"https:\/\/cappiello.fr\/en\/wp-json\/wp\/v2\/product\/130002","targetHints":{"allow":["GET"]}}],"collection":[{"href":"https:\/\/cappiello.fr\/en\/wp-json\/wp\/v2\/product"}],"about":[{"href":"https:\/\/cappiello.fr\/en\/wp-json\/wp\/v2\/types\/product"}],"wp:featuredmedia":[{"embeddable":true,"href":"https:\/\/cappiello.fr\/en\/wp-json\/wp\/v2\/media\/130018"}],"wp:attachment":[{"href":"https:\/\/cappiello.fr\/en\/wp-json\/wp\/v2\/media?parent=130002"}],"wp:term":[{"taxonomy":"type-doeuvre","embeddable":true,"href":"https:\/\/cappiello.fr\/en\/wp-json\/wp\/v2\/type-doeuvre?post=130002"},{"taxonomy":"product_brand","embeddable":true,"href":"https:\/\/cappiello.fr\/en\/wp-json\/wp\/v2\/product_brand?post=130002"},{"taxonomy":"product_cat","embeddable":true,"href":"https:\/\/cappiello.fr\/en\/wp-json\/wp\/v2\/product_cat?post=130002"},{"taxonomy":"product_tag","embeddable":true,"href":"https:\/\/cappiello.fr\/en\/wp-json\/wp\/v2\/product_tag?post=130002"}],"curies":[{"name":"wp","href":"https:\/\/api.w.org\/{rel}","templated":true}]}}