{"id":130065,"date":"1922-01-01T00:00:00","date_gmt":"1922-01-01T00:00:00","guid":{"rendered":"https:\/\/cappiello.fr\/produit\/rustine\/"},"modified":"2025-06-08T09:08:03","modified_gmt":"2025-06-08T07:08:03","slug":"rustine","status":"publish","type":"product","link":"https:\/\/cappiello.fr\/en\/produit\/rustine\/","title":{"rendered":"Rustine"},"content":{"rendered":"<p>Fortuna, goddess of luck, repairs the inner tube of her wheel blindfolded.<br \/>\n<Br>Before the advent of Patches, punctures happened often given the state of the roads and repairs were difficult. Having Patches was a real stroke of luck, especially in competition. Using them was so easy you could even consider doing it blindfolded!<\/p>\n","protected":false},"excerpt":{"rendered":"<p>The examination of this sketch suggests that it concerns the Patches used to repair bicycle tire punctures.<\/p>\n","protected":false},"featured_media":130079,"template":"","meta":{"_acf_changed":false},"type-doeuvre":[4057],"product_brand":[],"product_cat":[3434],"product_tag":[3653,3654],"class_list":{"0":"post-130065","1":"product","2":"type-product","3":"status-publish","4":"has-post-thumbnail","6":"type-doeuvre-affiches","7":"product_cat-cycles-en","8":"product_tag-winged-wheel","9":"product_tag-winged-wheel-en","10":"pa_periode-1919-1929-en","11":"pa_type-de-contenu-esquisse-en","13":"first","14":"instock","15":"virtual","16":"product-type-simple"},"acf":[],"yoast_head":"<!-- This site is optimized with the Yoast SEO Premium plugin v27.0 (Yoast SEO v27.4) - https:\/\/yoast.com\/product\/yoast-seo-premium-wordpress\/ -->\n<title>Rustine - Catalogue Raisonn\u00e9 de Leonetto Cappiello<\/title>\n<meta name=\"description\" content=\"Fortuna, goddess of luck, repairs the inner tube of her wheel blindfolded. Before the advent of Patches, flats happened often given the state of the roads and repairs were difficult. Having Patches was real luck, especially in competition. Using them was so easy you could even consider doing it blindfolded!\" \/>\n<meta name=\"robots\" content=\"index, follow, max-snippet:-1, max-image-preview:large, max-video-preview:-1\" \/>\n<link rel=\"canonical\" href=\"https:\/\/cappiello.fr\/en\/produit\/rustine\/\" \/>\n<meta property=\"og:locale\" content=\"en_US\" \/>\n<meta property=\"og:type\" content=\"article\" \/>\n<meta property=\"og:title\" content=\"Rustine\" \/>\n<meta property=\"og:description\" content=\"Fortuna, goddess of luck, repairs the inner tube of her wheel blindfolded. Before the advent of Patches, flats happened often given the state of the roads and repairs were difficult. Having Patches was real luck, especially in competition. Using them was so easy you could even consider doing it blindfolded!\" \/>\n<meta property=\"og:url\" content=\"https:\/\/cappiello.fr\/en\/produit\/rustine\/\" \/>\n<meta property=\"og:site_name\" content=\"Catalogue raisonn\u00e9 de Leonetto Cappiello\" \/>\n<meta property=\"article:modified_time\" content=\"2025-06-08T07:08:03+00:00\" \/>\n<meta property=\"og:image\" content=\"https:\/\/cappiello.fr\/wp-content\/uploads\/2024\/10\/Esquisse-affiche-publicitaire-rustine-cappiello-1922.jpg\" \/>\n\t<meta property=\"og:image:width\" content=\"562\" \/>\n\t<meta property=\"og:image:height\" content=\"800\" \/>\n\t<meta property=\"og:image:type\" content=\"image\/jpeg\" \/>\n<meta name=\"twitter:card\" content=\"summary_large_image\" \/>\n<meta name=\"twitter:title\" content=\"Rustine\" \/>\n<meta name=\"twitter:description\" content=\"Fortuna, goddess of luck, repairs the inner tube of her wheel blindfolded. Before the advent of Patches, flats happened often given the state of the roads and repairs were difficult. Having Patches was real luck, especially in competition. Using them was so easy you could even consider doing it blindfolded!\" \/>\n<meta name=\"twitter:label1\" content=\"Price\" \/>\n\t<meta name=\"twitter:data1\" content=\"\" \/>\n\t<meta name=\"twitter:label2\" content=\"Availability\" \/>\n\t<meta name=\"twitter:data2\" content=\"In stock\" \/>\n<script type=\"application\/ld+json\" class=\"yoast-schema-graph\">{\"@context\":\"https:\\\/\\\/schema.org\",\"@graph\":[{\"@type\":[\"WebPage\",\"ItemPage\"],\"@id\":\"https:\\\/\\\/cappiello.fr\\\/en\\\/produit\\\/rustine\\\/\",\"url\":\"https:\\\/\\\/cappiello.fr\\\/en\\\/produit\\\/rustine\\\/\",\"name\":\"Rustine - Catalogue Raisonn\u00e9 de Leonetto Cappiello\",\"isPartOf\":{\"@id\":\"https:\\\/\\\/cappiello.fr\\\/en\\\/#website\"},\"primaryImageOfPage\":{\"@id\":\"https:\\\/\\\/cappiello.fr\\\/en\\\/produit\\\/rustine\\\/#primaryimage\"},\"image\":{\"@id\":\"https:\\\/\\\/cappiello.fr\\\/en\\\/produit\\\/rustine\\\/#primaryimage\"},\"thumbnailUrl\":\"https:\\\/\\\/cappiello.fr\\\/wp-content\\\/uploads\\\/2024\\\/10\\\/Esquisse-affiche-publicitaire-rustine-cappiello-1922.jpg\",\"datePublished\":\"1922-01-01T00:00:00+00:00\",\"dateModified\":\"2025-06-08T07:08:03+00:00\",\"description\":\"Fortuna, goddess of luck, repairs the inner tube of her wheel blindfolded. Before the advent of Patches, flats happened often given the state of the roads and repairs were difficult. Having Patches was real luck, especially in competition. Using them was so easy you could even consider doing it blindfolded!\",\"breadcrumb\":{\"@id\":\"https:\\\/\\\/cappiello.fr\\\/en\\\/produit\\\/rustine\\\/#breadcrumb\"},\"inLanguage\":\"en-US\",\"potentialAction\":[{\"@type\":\"ReadAction\",\"target\":[\"https:\\\/\\\/cappiello.fr\\\/en\\\/produit\\\/rustine\\\/\"]}]},{\"@type\":\"ImageObject\",\"inLanguage\":\"en-US\",\"@id\":\"https:\\\/\\\/cappiello.fr\\\/en\\\/produit\\\/rustine\\\/#primaryimage\",\"url\":\"https:\\\/\\\/cappiello.fr\\\/wp-content\\\/uploads\\\/2024\\\/10\\\/Esquisse-affiche-publicitaire-rustine-cappiello-1922.jpg\",\"contentUrl\":\"https:\\\/\\\/cappiello.fr\\\/wp-content\\\/uploads\\\/2024\\\/10\\\/Esquisse-affiche-publicitaire-rustine-cappiello-1922.jpg\",\"width\":562,\"height\":800,\"caption\":\"The examination of this sketch suggests that it concerns the Patches used to repair bicycle tire punctures.\"},{\"@type\":\"BreadcrumbList\",\"@id\":\"https:\\\/\\\/cappiello.fr\\\/en\\\/produit\\\/rustine\\\/#breadcrumb\",\"itemListElement\":[{\"@type\":\"ListItem\",\"position\":1,\"name\":\"Accueil\",\"item\":\"https:\\\/\\\/cappiello.fr\\\/en\\\/\"},{\"@type\":\"ListItem\",\"position\":2,\"name\":\"The works\",\"item\":\"https:\\\/\\\/cappiello.fr\\\/en\\\/the-works\\\/\"},{\"@type\":\"ListItem\",\"position\":3,\"name\":\"Rustine\"}]},{\"@type\":\"WebSite\",\"@id\":\"https:\\\/\\\/cappiello.fr\\\/en\\\/#website\",\"url\":\"https:\\\/\\\/cappiello.fr\\\/en\\\/\",\"name\":\"Catalogue raisonn\u00e9 de Leonetto Cappiello\",\"description\":\"Plongez dans l&#039;univers de Leonetto Cappiello, le p\u00e8re de la publicit\u00e9 moderne\",\"potentialAction\":[{\"@type\":\"SearchAction\",\"target\":{\"@type\":\"EntryPoint\",\"urlTemplate\":\"https:\\\/\\\/cappiello.fr\\\/en\\\/?s={search_term_string}\"},\"query-input\":{\"@type\":\"PropertyValueSpecification\",\"valueRequired\":true,\"valueName\":\"search_term_string\"}}],\"inLanguage\":\"en-US\"}]}<\/script>\n<meta property=\"product:price:currency\" content=\"EUR\" \/>\n<meta property=\"og:availability\" content=\"instock\" \/>\n<meta property=\"product:availability\" content=\"instock\" \/>\n<meta property=\"product:retailer_item_id\" content=\"1922208E0\" \/>\n<meta property=\"product:condition\" content=\"new\" \/>\n<!-- \/ Yoast SEO Premium plugin. -->","yoast_head_json":{"title":"Rustine - Catalogue Raisonn\u00e9 de Leonetto Cappiello","description":"Fortuna, goddess of luck, repairs the inner tube of her wheel blindfolded. Before the advent of Patches, flats happened often given the state of the roads and repairs were difficult. Having Patches was real luck, especially in competition. Using them was so easy you could even consider doing it blindfolded!","robots":{"index":"index","follow":"follow","max-snippet":"max-snippet:-1","max-image-preview":"max-image-preview:large","max-video-preview":"max-video-preview:-1"},"canonical":"https:\/\/cappiello.fr\/en\/produit\/rustine\/","og_locale":"en_US","og_type":"article","og_title":"Rustine","og_description":"Fortuna, goddess of luck, repairs the inner tube of her wheel blindfolded. Before the advent of Patches, flats happened often given the state of the roads and repairs were difficult. Having Patches was real luck, especially in competition. Using them was so easy you could even consider doing it blindfolded!","og_url":"https:\/\/cappiello.fr\/en\/produit\/rustine\/","og_site_name":"Catalogue raisonn\u00e9 de Leonetto Cappiello","article_modified_time":"2025-06-08T07:08:03+00:00","og_image":[{"width":562,"height":800,"url":"https:\/\/cappiello.fr\/wp-content\/uploads\/2024\/10\/Esquisse-affiche-publicitaire-rustine-cappiello-1922.jpg","type":"image\/jpeg"}],"twitter_card":"summary_large_image","twitter_title":"Rustine","twitter_description":"Fortuna, goddess of luck, repairs the inner tube of her wheel blindfolded. Before the advent of Patches, flats happened often given the state of the roads and repairs were difficult. Having Patches was real luck, especially in competition. Using them was so easy you could even consider doing it blindfolded!","twitter_misc":{"Price":"","Availability":"In stock"},"schema":{"@context":"https:\/\/schema.org","@graph":[{"@type":["WebPage","ItemPage"],"@id":"https:\/\/cappiello.fr\/en\/produit\/rustine\/","url":"https:\/\/cappiello.fr\/en\/produit\/rustine\/","name":"Rustine - Catalogue Raisonn\u00e9 de Leonetto Cappiello","isPartOf":{"@id":"https:\/\/cappiello.fr\/en\/#website"},"primaryImageOfPage":{"@id":"https:\/\/cappiello.fr\/en\/produit\/rustine\/#primaryimage"},"image":{"@id":"https:\/\/cappiello.fr\/en\/produit\/rustine\/#primaryimage"},"thumbnailUrl":"https:\/\/cappiello.fr\/wp-content\/uploads\/2024\/10\/Esquisse-affiche-publicitaire-rustine-cappiello-1922.jpg","datePublished":"1922-01-01T00:00:00+00:00","dateModified":"2025-06-08T07:08:03+00:00","description":"Fortuna, goddess of luck, repairs the inner tube of her wheel blindfolded. Before the advent of Patches, flats happened often given the state of the roads and repairs were difficult. Having Patches was real luck, especially in competition. Using them was so easy you could even consider doing it blindfolded!","breadcrumb":{"@id":"https:\/\/cappiello.fr\/en\/produit\/rustine\/#breadcrumb"},"inLanguage":"en-US","potentialAction":[{"@type":"ReadAction","target":["https:\/\/cappiello.fr\/en\/produit\/rustine\/"]}]},{"@type":"ImageObject","inLanguage":"en-US","@id":"https:\/\/cappiello.fr\/en\/produit\/rustine\/#primaryimage","url":"https:\/\/cappiello.fr\/wp-content\/uploads\/2024\/10\/Esquisse-affiche-publicitaire-rustine-cappiello-1922.jpg","contentUrl":"https:\/\/cappiello.fr\/wp-content\/uploads\/2024\/10\/Esquisse-affiche-publicitaire-rustine-cappiello-1922.jpg","width":562,"height":800,"caption":"The examination of this sketch suggests that it concerns the Patches used to repair bicycle tire punctures."},{"@type":"BreadcrumbList","@id":"https:\/\/cappiello.fr\/en\/produit\/rustine\/#breadcrumb","itemListElement":[{"@type":"ListItem","position":1,"name":"Accueil","item":"https:\/\/cappiello.fr\/en\/"},{"@type":"ListItem","position":2,"name":"The works","item":"https:\/\/cappiello.fr\/en\/the-works\/"},{"@type":"ListItem","position":3,"name":"Rustine"}]},{"@type":"WebSite","@id":"https:\/\/cappiello.fr\/en\/#website","url":"https:\/\/cappiello.fr\/en\/","name":"Catalogue raisonn\u00e9 de Leonetto Cappiello","description":"Plongez dans l&#039;univers de Leonetto Cappiello, le p\u00e8re de la publicit\u00e9 moderne","potentialAction":[{"@type":"SearchAction","target":{"@type":"EntryPoint","urlTemplate":"https:\/\/cappiello.fr\/en\/?s={search_term_string}"},"query-input":{"@type":"PropertyValueSpecification","valueRequired":true,"valueName":"search_term_string"}}],"inLanguage":"en-US"}]},"product_price_currency":"EUR","og_availability":"instock","product_availability":"instock","product_retailer_item_id":"1922208E0","product_condition":"new"},"_links":{"self":[{"href":"https:\/\/cappiello.fr\/en\/wp-json\/wp\/v2\/product\/130065","targetHints":{"allow":["GET"]}}],"collection":[{"href":"https:\/\/cappiello.fr\/en\/wp-json\/wp\/v2\/product"}],"about":[{"href":"https:\/\/cappiello.fr\/en\/wp-json\/wp\/v2\/types\/product"}],"wp:featuredmedia":[{"embeddable":true,"href":"https:\/\/cappiello.fr\/en\/wp-json\/wp\/v2\/media\/130079"}],"wp:attachment":[{"href":"https:\/\/cappiello.fr\/en\/wp-json\/wp\/v2\/media?parent=130065"}],"wp:term":[{"taxonomy":"type-doeuvre","embeddable":true,"href":"https:\/\/cappiello.fr\/en\/wp-json\/wp\/v2\/type-doeuvre?post=130065"},{"taxonomy":"product_brand","embeddable":true,"href":"https:\/\/cappiello.fr\/en\/wp-json\/wp\/v2\/product_brand?post=130065"},{"taxonomy":"product_cat","embeddable":true,"href":"https:\/\/cappiello.fr\/en\/wp-json\/wp\/v2\/product_cat?post=130065"},{"taxonomy":"product_tag","embeddable":true,"href":"https:\/\/cappiello.fr\/en\/wp-json\/wp\/v2\/product_tag?post=130065"}],"curies":[{"name":"wp","href":"https:\/\/api.w.org\/{rel}","templated":true}]}}