{"id":130239,"date":"1923-01-01T00:00:00","date_gmt":"1923-01-01T00:00:00","guid":{"rendered":"https:\/\/cappiello.fr\/produit\/ramos-pinto\/"},"modified":"2025-08-05T12:05:51","modified_gmt":"2025-08-05T10:05:51","slug":"ramos-pinto","status":"publish","type":"product","link":"https:\/\/cappiello.fr\/en\/produit\/ramos-pinto\/","title":{"rendered":"Ramos Pinto \/ Quinado"},"content":{"rendered":"<p>A naked man in hand-to-hand combat with a bull in a park. This scene was inspired by Heracles, who captured the bull with his bare hands.<br \/>The preliminary sketch is called &#8220;Cure d&#8217;air&#8221; (See black and white photo). Man&#8217;s strength is no longer given by a tonic wine, but by rest in a healthy place. Dr Luigi Rovetta was a theorist of scientific naturism. In 1920, he founded the Maison des Cures Naturelles Dr. Luigi Rovetta in Ronco di Ghiffa, on the shores of Lake Maggiore. Here, patients could regenerate in an uncontaminated landscape and restore the right balance between body and environment. Cappiello proposed <a href=\"https:\/\/cappiello.fr\/produit\/cure-dair\/\">another project<\/a> to this client       <\/p>\n","protected":false},"excerpt":{"rendered":"<p>Port wine combined with quinine.<\/p>\n","protected":false},"featured_media":130243,"template":"","meta":{"_acf_changed":false},"type-doeuvre":[4057],"product_brand":[],"product_cat":[3339],"product_tag":[3493,3260,3261,3680],"class_list":{"0":"post-130239","1":"product","2":"type-product","3":"status-publish","4":"has-post-thumbnail","6":"type-doeuvre-affiches","7":"product_cat-aperitifs","8":"product_tag-bull","9":"product_tag-sun-en-3","10":"product_tag-sun-en-4","11":"product_tag-garland","12":"pa_periode-1919-1929-en","13":"pa_type-de-contenu-painted-photo","15":"first","16":"instock","17":"virtual","18":"product-type-simple"},"acf":[],"yoast_head":"<!-- This site is optimized with the Yoast SEO Premium plugin v27.0 (Yoast SEO v27.4) - https:\/\/yoast.com\/product\/yoast-seo-premium-wordpress\/ -->\n<title>Ramos Pinto \/ Quinado - Catalogue Raisonn\u00e9 of Leonetto Cappiello<\/title>\n<meta name=\"description\" content=\"A naked man in hand-to-hand combat with a bull in a park. The preliminary sketch is called &quot;Cure d&#039;air&quot; (See black and white photo). Man&#039;s strength is no longer given by a tonic wine, but by rest in a healthy place. Dr Luigi Rovetta was a theorist of scientific naturism. In 1920, he founded the Maison des Cures Naturelles Dr. Luigi Rovetta in Ronco di Ghiffa, on the shores of Lake Maggiore. Here, patients could regenerate in an uncontaminated landscape and restore the right balance between body and environment. Cappiello proposed another project to this client.\" \/>\n<meta name=\"robots\" content=\"index, follow, max-snippet:-1, max-image-preview:large, max-video-preview:-1\" \/>\n<link rel=\"canonical\" href=\"https:\/\/cappiello.fr\/en\/produit\/ramos-pinto\/\" \/>\n<meta property=\"og:locale\" content=\"en_US\" \/>\n<meta property=\"og:type\" content=\"article\" \/>\n<meta property=\"og:title\" content=\"Ramos Pinto \/ Quinado\" \/>\n<meta property=\"og:description\" content=\"A naked man in hand-to-hand combat with a bull in a park. The preliminary sketch is called &quot;Cure d&#039;air&quot; (See black and white photo). Man&#039;s strength is no longer given by a tonic wine, but by rest in a healthy place. Dr Luigi Rovetta was a theorist of scientific naturism. In 1920, he founded the Maison des Cures Naturelles Dr. Luigi Rovetta in Ronco di Ghiffa, on the shores of Lake Maggiore. Here, patients could regenerate in an uncontaminated landscape and restore the right balance between body and environment. Cappiello proposed another project to this client.\" \/>\n<meta property=\"og:url\" content=\"https:\/\/cappiello.fr\/en\/produit\/ramos-pinto\/\" \/>\n<meta property=\"og:site_name\" content=\"Catalogue raisonn\u00e9 de Leonetto Cappiello\" \/>\n<meta property=\"article:modified_time\" content=\"2025-08-05T10:05:51+00:00\" \/>\n<meta property=\"og:image\" content=\"https:\/\/cappiello.fr\/wp-content\/uploads\/2024\/10\/Photo-peinte-affiche-publicitaire-ramos-pinto-quinado-cappiello-1923.jpg\" \/>\n\t<meta property=\"og:image:width\" content=\"519\" \/>\n\t<meta property=\"og:image:height\" content=\"799\" \/>\n\t<meta property=\"og:image:type\" content=\"image\/jpeg\" \/>\n<meta name=\"twitter:card\" content=\"summary_large_image\" \/>\n<meta name=\"twitter:title\" content=\"Ramos Pinto \/ Quinado\" \/>\n<meta name=\"twitter:description\" content=\"A naked man in hand-to-hand combat with a bull in a park. The preliminary sketch is called &quot;Cure d&#039;air&quot; (See black and white photo). Man&#039;s strength is no longer given by a tonic wine, but by rest in a healthy place. Dr Luigi Rovetta was a theorist of scientific naturism. In 1920, he founded the Maison des Cures Naturelles Dr. Luigi Rovetta in Ronco di Ghiffa, on the shores of Lake Maggiore. Here, patients could regenerate in an uncontaminated landscape and restore the right balance between body and environment. Cappiello proposed another project to this client.\" \/>\n<meta name=\"twitter:label1\" content=\"Price\" \/>\n\t<meta name=\"twitter:data1\" content=\"\" \/>\n\t<meta name=\"twitter:label2\" content=\"Availability\" \/>\n\t<meta name=\"twitter:data2\" content=\"In stock\" \/>\n<script type=\"application\/ld+json\" class=\"yoast-schema-graph\">{\"@context\":\"https:\\\/\\\/schema.org\",\"@graph\":[{\"@type\":[\"WebPage\",\"ItemPage\"],\"@id\":\"https:\\\/\\\/cappiello.fr\\\/en\\\/produit\\\/ramos-pinto\\\/\",\"url\":\"https:\\\/\\\/cappiello.fr\\\/en\\\/produit\\\/ramos-pinto\\\/\",\"name\":\"Ramos Pinto \\\/ Quinado - Catalogue Raisonn\u00e9 of Leonetto Cappiello\",\"isPartOf\":{\"@id\":\"https:\\\/\\\/cappiello.fr\\\/en\\\/#website\"},\"primaryImageOfPage\":{\"@id\":\"https:\\\/\\\/cappiello.fr\\\/en\\\/produit\\\/ramos-pinto\\\/#primaryimage\"},\"image\":{\"@id\":\"https:\\\/\\\/cappiello.fr\\\/en\\\/produit\\\/ramos-pinto\\\/#primaryimage\"},\"thumbnailUrl\":\"https:\\\/\\\/cappiello.fr\\\/wp-content\\\/uploads\\\/2024\\\/10\\\/Photo-peinte-affiche-publicitaire-ramos-pinto-quinado-cappiello-1923.jpg\",\"datePublished\":\"1923-01-01T00:00:00+00:00\",\"dateModified\":\"2025-08-05T10:05:51+00:00\",\"description\":\"A naked man in hand-to-hand combat with a bull in a park. The preliminary sketch is called \\\"Cure d'air\\\" (See black and white photo). Man's strength is no longer given by a tonic wine, but by rest in a healthy place. Dr Luigi Rovetta was a theorist of scientific naturism. In 1920, he founded the Maison des Cures Naturelles Dr. Luigi Rovetta in Ronco di Ghiffa, on the shores of Lake Maggiore. Here, patients could regenerate in an uncontaminated landscape and restore the right balance between body and environment. Cappiello proposed another project to this client.\",\"breadcrumb\":{\"@id\":\"https:\\\/\\\/cappiello.fr\\\/en\\\/produit\\\/ramos-pinto\\\/#breadcrumb\"},\"inLanguage\":\"en-US\",\"potentialAction\":[{\"@type\":\"ReadAction\",\"target\":[\"https:\\\/\\\/cappiello.fr\\\/en\\\/produit\\\/ramos-pinto\\\/\"]}]},{\"@type\":\"ImageObject\",\"inLanguage\":\"en-US\",\"@id\":\"https:\\\/\\\/cappiello.fr\\\/en\\\/produit\\\/ramos-pinto\\\/#primaryimage\",\"url\":\"https:\\\/\\\/cappiello.fr\\\/wp-content\\\/uploads\\\/2024\\\/10\\\/Photo-peinte-affiche-publicitaire-ramos-pinto-quinado-cappiello-1923.jpg\",\"contentUrl\":\"https:\\\/\\\/cappiello.fr\\\/wp-content\\\/uploads\\\/2024\\\/10\\\/Photo-peinte-affiche-publicitaire-ramos-pinto-quinado-cappiello-1923.jpg\",\"width\":519,\"height\":799,\"caption\":\"Port wines\"},{\"@type\":\"BreadcrumbList\",\"@id\":\"https:\\\/\\\/cappiello.fr\\\/en\\\/produit\\\/ramos-pinto\\\/#breadcrumb\",\"itemListElement\":[{\"@type\":\"ListItem\",\"position\":1,\"name\":\"Accueil\",\"item\":\"https:\\\/\\\/cappiello.fr\\\/en\\\/\"},{\"@type\":\"ListItem\",\"position\":2,\"name\":\"The works\",\"item\":\"https:\\\/\\\/cappiello.fr\\\/en\\\/the-works\\\/\"},{\"@type\":\"ListItem\",\"position\":3,\"name\":\"Ramos Pinto \\\/ Quinado\"}]},{\"@type\":\"WebSite\",\"@id\":\"https:\\\/\\\/cappiello.fr\\\/en\\\/#website\",\"url\":\"https:\\\/\\\/cappiello.fr\\\/en\\\/\",\"name\":\"Catalogue raisonn\u00e9 de Leonetto Cappiello\",\"description\":\"Plongez dans l&#039;univers de Leonetto Cappiello, le p\u00e8re de la publicit\u00e9 moderne\",\"potentialAction\":[{\"@type\":\"SearchAction\",\"target\":{\"@type\":\"EntryPoint\",\"urlTemplate\":\"https:\\\/\\\/cappiello.fr\\\/en\\\/?s={search_term_string}\"},\"query-input\":{\"@type\":\"PropertyValueSpecification\",\"valueRequired\":true,\"valueName\":\"search_term_string\"}}],\"inLanguage\":\"en-US\"}]}<\/script>\n<meta property=\"product:price:currency\" content=\"EUR\" \/>\n<meta property=\"og:availability\" content=\"instock\" \/>\n<meta property=\"product:availability\" content=\"instock\" \/>\n<meta property=\"product:retailer_item_id\" content=\"1923014F0\" \/>\n<meta property=\"product:condition\" content=\"new\" \/>\n<!-- \/ Yoast SEO Premium plugin. -->","yoast_head_json":{"title":"Ramos Pinto \/ Quinado - Catalogue Raisonn\u00e9 of Leonetto Cappiello","description":"A naked man in hand-to-hand combat with a bull in a park. The preliminary sketch is called \"Cure d'air\" (See black and white photo). Man's strength is no longer given by a tonic wine, but by rest in a healthy place. Dr Luigi Rovetta was a theorist of scientific naturism. In 1920, he founded the Maison des Cures Naturelles Dr. Luigi Rovetta in Ronco di Ghiffa, on the shores of Lake Maggiore. Here, patients could regenerate in an uncontaminated landscape and restore the right balance between body and environment. Cappiello proposed another project to this client.","robots":{"index":"index","follow":"follow","max-snippet":"max-snippet:-1","max-image-preview":"max-image-preview:large","max-video-preview":"max-video-preview:-1"},"canonical":"https:\/\/cappiello.fr\/en\/produit\/ramos-pinto\/","og_locale":"en_US","og_type":"article","og_title":"Ramos Pinto \/ Quinado","og_description":"A naked man in hand-to-hand combat with a bull in a park. The preliminary sketch is called \"Cure d'air\" (See black and white photo). Man's strength is no longer given by a tonic wine, but by rest in a healthy place. Dr Luigi Rovetta was a theorist of scientific naturism. In 1920, he founded the Maison des Cures Naturelles Dr. Luigi Rovetta in Ronco di Ghiffa, on the shores of Lake Maggiore. Here, patients could regenerate in an uncontaminated landscape and restore the right balance between body and environment. Cappiello proposed another project to this client.","og_url":"https:\/\/cappiello.fr\/en\/produit\/ramos-pinto\/","og_site_name":"Catalogue raisonn\u00e9 de Leonetto Cappiello","article_modified_time":"2025-08-05T10:05:51+00:00","og_image":[{"width":519,"height":799,"url":"https:\/\/cappiello.fr\/wp-content\/uploads\/2024\/10\/Photo-peinte-affiche-publicitaire-ramos-pinto-quinado-cappiello-1923.jpg","type":"image\/jpeg"}],"twitter_card":"summary_large_image","twitter_title":"Ramos Pinto \/ Quinado","twitter_description":"A naked man in hand-to-hand combat with a bull in a park. The preliminary sketch is called \"Cure d'air\" (See black and white photo). Man's strength is no longer given by a tonic wine, but by rest in a healthy place. Dr Luigi Rovetta was a theorist of scientific naturism. In 1920, he founded the Maison des Cures Naturelles Dr. Luigi Rovetta in Ronco di Ghiffa, on the shores of Lake Maggiore. Here, patients could regenerate in an uncontaminated landscape and restore the right balance between body and environment. Cappiello proposed another project to this client.","twitter_misc":{"Price":"","Availability":"In stock"},"schema":{"@context":"https:\/\/schema.org","@graph":[{"@type":["WebPage","ItemPage"],"@id":"https:\/\/cappiello.fr\/en\/produit\/ramos-pinto\/","url":"https:\/\/cappiello.fr\/en\/produit\/ramos-pinto\/","name":"Ramos Pinto \/ Quinado - Catalogue Raisonn\u00e9 of Leonetto Cappiello","isPartOf":{"@id":"https:\/\/cappiello.fr\/en\/#website"},"primaryImageOfPage":{"@id":"https:\/\/cappiello.fr\/en\/produit\/ramos-pinto\/#primaryimage"},"image":{"@id":"https:\/\/cappiello.fr\/en\/produit\/ramos-pinto\/#primaryimage"},"thumbnailUrl":"https:\/\/cappiello.fr\/wp-content\/uploads\/2024\/10\/Photo-peinte-affiche-publicitaire-ramos-pinto-quinado-cappiello-1923.jpg","datePublished":"1923-01-01T00:00:00+00:00","dateModified":"2025-08-05T10:05:51+00:00","description":"A naked man in hand-to-hand combat with a bull in a park. The preliminary sketch is called \"Cure d'air\" (See black and white photo). Man's strength is no longer given by a tonic wine, but by rest in a healthy place. Dr Luigi Rovetta was a theorist of scientific naturism. In 1920, he founded the Maison des Cures Naturelles Dr. Luigi Rovetta in Ronco di Ghiffa, on the shores of Lake Maggiore. Here, patients could regenerate in an uncontaminated landscape and restore the right balance between body and environment. Cappiello proposed another project to this client.","breadcrumb":{"@id":"https:\/\/cappiello.fr\/en\/produit\/ramos-pinto\/#breadcrumb"},"inLanguage":"en-US","potentialAction":[{"@type":"ReadAction","target":["https:\/\/cappiello.fr\/en\/produit\/ramos-pinto\/"]}]},{"@type":"ImageObject","inLanguage":"en-US","@id":"https:\/\/cappiello.fr\/en\/produit\/ramos-pinto\/#primaryimage","url":"https:\/\/cappiello.fr\/wp-content\/uploads\/2024\/10\/Photo-peinte-affiche-publicitaire-ramos-pinto-quinado-cappiello-1923.jpg","contentUrl":"https:\/\/cappiello.fr\/wp-content\/uploads\/2024\/10\/Photo-peinte-affiche-publicitaire-ramos-pinto-quinado-cappiello-1923.jpg","width":519,"height":799,"caption":"Port wines"},{"@type":"BreadcrumbList","@id":"https:\/\/cappiello.fr\/en\/produit\/ramos-pinto\/#breadcrumb","itemListElement":[{"@type":"ListItem","position":1,"name":"Accueil","item":"https:\/\/cappiello.fr\/en\/"},{"@type":"ListItem","position":2,"name":"The works","item":"https:\/\/cappiello.fr\/en\/the-works\/"},{"@type":"ListItem","position":3,"name":"Ramos Pinto \/ Quinado"}]},{"@type":"WebSite","@id":"https:\/\/cappiello.fr\/en\/#website","url":"https:\/\/cappiello.fr\/en\/","name":"Catalogue raisonn\u00e9 de Leonetto Cappiello","description":"Plongez dans l&#039;univers de Leonetto Cappiello, le p\u00e8re de la publicit\u00e9 moderne","potentialAction":[{"@type":"SearchAction","target":{"@type":"EntryPoint","urlTemplate":"https:\/\/cappiello.fr\/en\/?s={search_term_string}"},"query-input":{"@type":"PropertyValueSpecification","valueRequired":true,"valueName":"search_term_string"}}],"inLanguage":"en-US"}]},"product_price_currency":"EUR","og_availability":"instock","product_availability":"instock","product_retailer_item_id":"1923014F0","product_condition":"new"},"_links":{"self":[{"href":"https:\/\/cappiello.fr\/en\/wp-json\/wp\/v2\/product\/130239","targetHints":{"allow":["GET"]}}],"collection":[{"href":"https:\/\/cappiello.fr\/en\/wp-json\/wp\/v2\/product"}],"about":[{"href":"https:\/\/cappiello.fr\/en\/wp-json\/wp\/v2\/types\/product"}],"wp:featuredmedia":[{"embeddable":true,"href":"https:\/\/cappiello.fr\/en\/wp-json\/wp\/v2\/media\/130243"}],"wp:attachment":[{"href":"https:\/\/cappiello.fr\/en\/wp-json\/wp\/v2\/media?parent=130239"}],"wp:term":[{"taxonomy":"type-doeuvre","embeddable":true,"href":"https:\/\/cappiello.fr\/en\/wp-json\/wp\/v2\/type-doeuvre?post=130239"},{"taxonomy":"product_brand","embeddable":true,"href":"https:\/\/cappiello.fr\/en\/wp-json\/wp\/v2\/product_brand?post=130239"},{"taxonomy":"product_cat","embeddable":true,"href":"https:\/\/cappiello.fr\/en\/wp-json\/wp\/v2\/product_cat?post=130239"},{"taxonomy":"product_tag","embeddable":true,"href":"https:\/\/cappiello.fr\/en\/wp-json\/wp\/v2\/product_tag?post=130239"}],"curies":[{"name":"wp","href":"https:\/\/api.w.org\/{rel}","templated":true}]}}