{"id":130256,"date":"1923-01-01T00:00:00","date_gmt":"1923-01-01T00:00:00","guid":{"rendered":"https:\/\/cappiello.fr\/produit\/stylo-plume\/"},"modified":"2025-05-15T07:39:51","modified_gmt":"2025-05-15T05:39:51","slug":"stylo-plume","status":"publish","type":"product","link":"https:\/\/cappiello.fr\/en\/produit\/stylo-plume\/","title":{"rendered":"Stylo"},"content":{"rendered":"<p>In front of a large hand, a female writer wearing a feathered hat holds a huge pen.<br \/>\nThe feather on the hat is a small nod to the past, when pens didn&#8217;t exist. The writer couldn&#8217;t bring herself to throw away her old quill, so she turned it into an ornament.<br \/>\nWith this pen, the hand writes on its own. We no longer realize that we need a pen to write.<\/p>\n","protected":false},"excerpt":{"rendered":"<p>Alba pen in Turin<br \/>\nA first sketch had been made for the Camis &#038; Stock medicinal cognac in Trieste (See black and white photo)<\/p>\n","protected":false},"featured_media":130259,"template":"","meta":{"_acf_changed":false},"type-doeuvre":[4057],"product_brand":[],"product_cat":[3334],"product_tag":[3499,3330,3250,3532,3265],"class_list":{"0":"post-130256","1":"product","2":"type-product","3":"status-publish","4":"has-post-thumbnail","6":"type-doeuvre-affiches","7":"product_cat-office-supplies","8":"product_tag-city-en","9":"product_tag-smile","10":"product_tag-hat","11":"product_tag-pen","12":"product_tag-face-en","13":"pa_periode-1919-1929-en","14":"pa_type-de-contenu-esquisse-en","16":"first","17":"instock","18":"virtual","19":"product-type-simple"},"acf":[],"yoast_head":"<!-- This site is optimized with the Yoast SEO Premium plugin v27.0 (Yoast SEO v27.4) - https:\/\/yoast.com\/product\/yoast-seo-premium-wordpress\/ -->\n<title>Stylo - Catalogue Raisonn\u00e9 de Leonetto Cappiello<\/title>\n<meta name=\"description\" content=\"Before a large hand, a writer with a feathered hat holds an enormous pen. The hat&#039;s feather is a small nod to the past, when pens did not exist. The writer couldn&#039;t part with her old quill, so she turned it into an ornament. With this pen, the hand writes on its own. We no longer realize that we need a pen to rewrite.\" \/>\n<meta name=\"robots\" content=\"index, follow, max-snippet:-1, max-image-preview:large, max-video-preview:-1\" \/>\n<link rel=\"canonical\" href=\"https:\/\/cappiello.fr\/en\/produit\/stylo-plume\/\" \/>\n<meta property=\"og:locale\" content=\"en_US\" \/>\n<meta property=\"og:type\" content=\"article\" \/>\n<meta property=\"og:title\" content=\"Stylo\" \/>\n<meta property=\"og:description\" content=\"Before a large hand, a writer with a feathered hat holds an enormous pen. The hat&#039;s feather is a small nod to the past, when pens did not exist. The writer couldn&#039;t part with her old quill, so she turned it into an ornament. With this pen, the hand writes on its own. We no longer realize that we need a pen to rewrite.\" \/>\n<meta property=\"og:url\" content=\"https:\/\/cappiello.fr\/en\/produit\/stylo-plume\/\" \/>\n<meta property=\"og:site_name\" content=\"Catalogue raisonn\u00e9 de Leonetto Cappiello\" \/>\n<meta property=\"article:modified_time\" content=\"2025-05-15T05:39:51+00:00\" \/>\n<meta property=\"og:image\" content=\"https:\/\/cappiello.fr\/wp-content\/uploads\/2024\/10\/Esquisse-affiche-publicitaire-stylo-cappiello-1923.jpg\" \/>\n\t<meta property=\"og:image:width\" content=\"576\" \/>\n\t<meta property=\"og:image:height\" content=\"800\" \/>\n\t<meta property=\"og:image:type\" content=\"image\/jpeg\" \/>\n<meta name=\"twitter:card\" content=\"summary_large_image\" \/>\n<meta name=\"twitter:title\" content=\"Stylo\" \/>\n<meta name=\"twitter:description\" content=\"Before a large hand, a writer with a feathered hat holds an enormous pen. The hat&#039;s feather is a small nod to the past, when pens did not exist. The writer couldn&#039;t part with her old quill, so she turned it into an ornament. With this pen, the hand writes on its own. We no longer realize that we need a pen to rewrite.\" \/>\n<meta name=\"twitter:label1\" content=\"Price\" \/>\n\t<meta name=\"twitter:data1\" content=\"\" \/>\n\t<meta name=\"twitter:label2\" content=\"Availability\" \/>\n\t<meta name=\"twitter:data2\" content=\"In stock\" \/>\n<script type=\"application\/ld+json\" class=\"yoast-schema-graph\">{\"@context\":\"https:\\\/\\\/schema.org\",\"@graph\":[{\"@type\":[\"WebPage\",\"ItemPage\"],\"@id\":\"https:\\\/\\\/cappiello.fr\\\/en\\\/produit\\\/stylo-plume\\\/\",\"url\":\"https:\\\/\\\/cappiello.fr\\\/en\\\/produit\\\/stylo-plume\\\/\",\"name\":\"Stylo - Catalogue Raisonn\u00e9 de Leonetto Cappiello\",\"isPartOf\":{\"@id\":\"https:\\\/\\\/cappiello.fr\\\/en\\\/#website\"},\"primaryImageOfPage\":{\"@id\":\"https:\\\/\\\/cappiello.fr\\\/en\\\/produit\\\/stylo-plume\\\/#primaryimage\"},\"image\":{\"@id\":\"https:\\\/\\\/cappiello.fr\\\/en\\\/produit\\\/stylo-plume\\\/#primaryimage\"},\"thumbnailUrl\":\"https:\\\/\\\/cappiello.fr\\\/wp-content\\\/uploads\\\/2024\\\/10\\\/Esquisse-affiche-publicitaire-stylo-cappiello-1923.jpg\",\"datePublished\":\"1923-01-01T00:00:00+00:00\",\"dateModified\":\"2025-05-15T05:39:51+00:00\",\"description\":\"Before a large hand, a writer with a feathered hat holds an enormous pen. The hat's feather is a small nod to the past, when pens did not exist. The writer couldn't part with her old quill, so she turned it into an ornament. With this pen, the hand writes on its own. We no longer realize that we need a pen to rewrite.\",\"breadcrumb\":{\"@id\":\"https:\\\/\\\/cappiello.fr\\\/en\\\/produit\\\/stylo-plume\\\/#breadcrumb\"},\"inLanguage\":\"en-US\",\"potentialAction\":[{\"@type\":\"ReadAction\",\"target\":[\"https:\\\/\\\/cappiello.fr\\\/en\\\/produit\\\/stylo-plume\\\/\"]}]},{\"@type\":\"ImageObject\",\"inLanguage\":\"en-US\",\"@id\":\"https:\\\/\\\/cappiello.fr\\\/en\\\/produit\\\/stylo-plume\\\/#primaryimage\",\"url\":\"https:\\\/\\\/cappiello.fr\\\/wp-content\\\/uploads\\\/2024\\\/10\\\/Esquisse-affiche-publicitaire-stylo-cappiello-1923.jpg\",\"contentUrl\":\"https:\\\/\\\/cappiello.fr\\\/wp-content\\\/uploads\\\/2024\\\/10\\\/Esquisse-affiche-publicitaire-stylo-cappiello-1923.jpg\",\"width\":576,\"height\":800,\"caption\":\"Fountain pen\"},{\"@type\":\"BreadcrumbList\",\"@id\":\"https:\\\/\\\/cappiello.fr\\\/en\\\/produit\\\/stylo-plume\\\/#breadcrumb\",\"itemListElement\":[{\"@type\":\"ListItem\",\"position\":1,\"name\":\"Accueil\",\"item\":\"https:\\\/\\\/cappiello.fr\\\/en\\\/\"},{\"@type\":\"ListItem\",\"position\":2,\"name\":\"The works\",\"item\":\"https:\\\/\\\/cappiello.fr\\\/en\\\/the-works\\\/\"},{\"@type\":\"ListItem\",\"position\":3,\"name\":\"Stylo\"}]},{\"@type\":\"WebSite\",\"@id\":\"https:\\\/\\\/cappiello.fr\\\/en\\\/#website\",\"url\":\"https:\\\/\\\/cappiello.fr\\\/en\\\/\",\"name\":\"Catalogue raisonn\u00e9 de Leonetto Cappiello\",\"description\":\"Plongez dans l&#039;univers de Leonetto Cappiello, le p\u00e8re de la publicit\u00e9 moderne\",\"potentialAction\":[{\"@type\":\"SearchAction\",\"target\":{\"@type\":\"EntryPoint\",\"urlTemplate\":\"https:\\\/\\\/cappiello.fr\\\/en\\\/?s={search_term_string}\"},\"query-input\":{\"@type\":\"PropertyValueSpecification\",\"valueRequired\":true,\"valueName\":\"search_term_string\"}}],\"inLanguage\":\"en-US\"}]}<\/script>\n<meta property=\"product:price:currency\" content=\"EUR\" \/>\n<meta property=\"og:availability\" content=\"instock\" \/>\n<meta property=\"product:availability\" content=\"instock\" \/>\n<meta property=\"product:retailer_item_id\" content=\"1923060E0\" \/>\n<meta property=\"product:condition\" content=\"new\" \/>\n<!-- \/ Yoast SEO Premium plugin. -->","yoast_head_json":{"title":"Stylo - Catalogue Raisonn\u00e9 de Leonetto Cappiello","description":"Before a large hand, a writer with a feathered hat holds an enormous pen. The hat's feather is a small nod to the past, when pens did not exist. The writer couldn't part with her old quill, so she turned it into an ornament. With this pen, the hand writes on its own. We no longer realize that we need a pen to rewrite.","robots":{"index":"index","follow":"follow","max-snippet":"max-snippet:-1","max-image-preview":"max-image-preview:large","max-video-preview":"max-video-preview:-1"},"canonical":"https:\/\/cappiello.fr\/en\/produit\/stylo-plume\/","og_locale":"en_US","og_type":"article","og_title":"Stylo","og_description":"Before a large hand, a writer with a feathered hat holds an enormous pen. The hat's feather is a small nod to the past, when pens did not exist. The writer couldn't part with her old quill, so she turned it into an ornament. With this pen, the hand writes on its own. We no longer realize that we need a pen to rewrite.","og_url":"https:\/\/cappiello.fr\/en\/produit\/stylo-plume\/","og_site_name":"Catalogue raisonn\u00e9 de Leonetto Cappiello","article_modified_time":"2025-05-15T05:39:51+00:00","og_image":[{"width":576,"height":800,"url":"https:\/\/cappiello.fr\/wp-content\/uploads\/2024\/10\/Esquisse-affiche-publicitaire-stylo-cappiello-1923.jpg","type":"image\/jpeg"}],"twitter_card":"summary_large_image","twitter_title":"Stylo","twitter_description":"Before a large hand, a writer with a feathered hat holds an enormous pen. The hat's feather is a small nod to the past, when pens did not exist. The writer couldn't part with her old quill, so she turned it into an ornament. With this pen, the hand writes on its own. We no longer realize that we need a pen to rewrite.","twitter_misc":{"Price":"","Availability":"In stock"},"schema":{"@context":"https:\/\/schema.org","@graph":[{"@type":["WebPage","ItemPage"],"@id":"https:\/\/cappiello.fr\/en\/produit\/stylo-plume\/","url":"https:\/\/cappiello.fr\/en\/produit\/stylo-plume\/","name":"Stylo - Catalogue Raisonn\u00e9 de Leonetto Cappiello","isPartOf":{"@id":"https:\/\/cappiello.fr\/en\/#website"},"primaryImageOfPage":{"@id":"https:\/\/cappiello.fr\/en\/produit\/stylo-plume\/#primaryimage"},"image":{"@id":"https:\/\/cappiello.fr\/en\/produit\/stylo-plume\/#primaryimage"},"thumbnailUrl":"https:\/\/cappiello.fr\/wp-content\/uploads\/2024\/10\/Esquisse-affiche-publicitaire-stylo-cappiello-1923.jpg","datePublished":"1923-01-01T00:00:00+00:00","dateModified":"2025-05-15T05:39:51+00:00","description":"Before a large hand, a writer with a feathered hat holds an enormous pen. The hat's feather is a small nod to the past, when pens did not exist. The writer couldn't part with her old quill, so she turned it into an ornament. With this pen, the hand writes on its own. We no longer realize that we need a pen to rewrite.","breadcrumb":{"@id":"https:\/\/cappiello.fr\/en\/produit\/stylo-plume\/#breadcrumb"},"inLanguage":"en-US","potentialAction":[{"@type":"ReadAction","target":["https:\/\/cappiello.fr\/en\/produit\/stylo-plume\/"]}]},{"@type":"ImageObject","inLanguage":"en-US","@id":"https:\/\/cappiello.fr\/en\/produit\/stylo-plume\/#primaryimage","url":"https:\/\/cappiello.fr\/wp-content\/uploads\/2024\/10\/Esquisse-affiche-publicitaire-stylo-cappiello-1923.jpg","contentUrl":"https:\/\/cappiello.fr\/wp-content\/uploads\/2024\/10\/Esquisse-affiche-publicitaire-stylo-cappiello-1923.jpg","width":576,"height":800,"caption":"Fountain pen"},{"@type":"BreadcrumbList","@id":"https:\/\/cappiello.fr\/en\/produit\/stylo-plume\/#breadcrumb","itemListElement":[{"@type":"ListItem","position":1,"name":"Accueil","item":"https:\/\/cappiello.fr\/en\/"},{"@type":"ListItem","position":2,"name":"The works","item":"https:\/\/cappiello.fr\/en\/the-works\/"},{"@type":"ListItem","position":3,"name":"Stylo"}]},{"@type":"WebSite","@id":"https:\/\/cappiello.fr\/en\/#website","url":"https:\/\/cappiello.fr\/en\/","name":"Catalogue raisonn\u00e9 de Leonetto Cappiello","description":"Plongez dans l&#039;univers de Leonetto Cappiello, le p\u00e8re de la publicit\u00e9 moderne","potentialAction":[{"@type":"SearchAction","target":{"@type":"EntryPoint","urlTemplate":"https:\/\/cappiello.fr\/en\/?s={search_term_string}"},"query-input":{"@type":"PropertyValueSpecification","valueRequired":true,"valueName":"search_term_string"}}],"inLanguage":"en-US"}]},"product_price_currency":"EUR","og_availability":"instock","product_availability":"instock","product_retailer_item_id":"1923060E0","product_condition":"new"},"_links":{"self":[{"href":"https:\/\/cappiello.fr\/en\/wp-json\/wp\/v2\/product\/130256","targetHints":{"allow":["GET"]}}],"collection":[{"href":"https:\/\/cappiello.fr\/en\/wp-json\/wp\/v2\/product"}],"about":[{"href":"https:\/\/cappiello.fr\/en\/wp-json\/wp\/v2\/types\/product"}],"wp:featuredmedia":[{"embeddable":true,"href":"https:\/\/cappiello.fr\/en\/wp-json\/wp\/v2\/media\/130259"}],"wp:attachment":[{"href":"https:\/\/cappiello.fr\/en\/wp-json\/wp\/v2\/media?parent=130256"}],"wp:term":[{"taxonomy":"type-doeuvre","embeddable":true,"href":"https:\/\/cappiello.fr\/en\/wp-json\/wp\/v2\/type-doeuvre?post=130256"},{"taxonomy":"product_brand","embeddable":true,"href":"https:\/\/cappiello.fr\/en\/wp-json\/wp\/v2\/product_brand?post=130256"},{"taxonomy":"product_cat","embeddable":true,"href":"https:\/\/cappiello.fr\/en\/wp-json\/wp\/v2\/product_cat?post=130256"},{"taxonomy":"product_tag","embeddable":true,"href":"https:\/\/cappiello.fr\/en\/wp-json\/wp\/v2\/product_tag?post=130256"}],"curies":[{"name":"wp","href":"https:\/\/api.w.org\/{rel}","templated":true}]}}