{"id":130258,"date":"1924-01-01T00:00:00","date_gmt":"1924-01-01T00:00:00","guid":{"rendered":"https:\/\/cappiello.fr\/produit\/automobile-4\/"},"modified":"2025-08-05T12:20:46","modified_gmt":"2025-08-05T10:20:46","slug":"automobile-4","status":"publish","type":"product","link":"https:\/\/cappiello.fr\/en\/produit\/automobile-4\/","title":{"rendered":"Automobile Brasier"},"content":{"rendered":"<p>An African, perched on the four-leaf clover that is the brand&#8217;s logo, lifts a simple car that is suitable for the general public. The African doesn&#8217;t stand out much against the dark blue background. However, a flash of lightning catches our eye and links the car to the logo.<br \/>\nCompared to the initial sketch (see black and white photo), produced for the Rosengart brand, the cloverleaf has been added.  <\/p>\n","protected":false},"excerpt":{"rendered":"<p>Brasier cars enjoyed great success before the 14\/18 war. Unfortunately, after the war, Brasier was unable to make the transition from a luxury car reserved for an elite to a more democratic car. Brasier&#8217;s management realised that it had to make this leap, but it was too late and Automobiles Brasier went into receivership in 1924. It was at this time and in this context that this poster project was drawn up.   <\/p>\n","protected":false},"featured_media":130261,"template":"","meta":{"_acf_changed":false},"type-doeuvre":[4057],"product_brand":[],"product_cat":[3268],"product_tag":[3280,3269,3335,3683],"class_list":{"0":"post-130258","1":"product","2":"type-product","3":"status-publish","4":"has-post-thumbnail","6":"type-doeuvre-affiches","7":"product_cat-automobiles","8":"product_tag-turban-en-3","9":"product_tag-sea","10":"product_tag-secretary","11":"product_tag-elegant-en-5","12":"pa_periode-1919-1929-en","13":"pa_type-de-contenu-maquette-en","15":"first","16":"instock","17":"virtual","18":"product-type-simple"},"acf":[],"yoast_head":"<!-- This site is optimized with the Yoast SEO Premium plugin v27.0 (Yoast SEO v27.4) - https:\/\/yoast.com\/product\/yoast-seo-premium-wordpress\/ -->\n<title>Automobile Brasier - Catalogue Raisonn\u00e9 of Leonetto Cappiello<\/title>\n<meta name=\"description\" content=\"An African, perched on the four-leaf clover, the brand&#039;s logo, lifts a simple and affordable car for the general public. The African figure stands out slightly from the dark blue background. However, a lightning bolt catches our eye and connects the car to the logo. Compared to the initial sketch (see black and white photo), created for the Rosengart brand, the clover has been added.\" \/>\n<meta name=\"robots\" content=\"index, follow, max-snippet:-1, max-image-preview:large, max-video-preview:-1\" \/>\n<link rel=\"canonical\" href=\"https:\/\/cappiello.fr\/en\/produit\/automobile-4\/\" \/>\n<meta property=\"og:locale\" content=\"en_US\" \/>\n<meta property=\"og:type\" content=\"article\" \/>\n<meta property=\"og:title\" content=\"Automobile Brasier\" \/>\n<meta property=\"og:description\" content=\"An African, perched on the four-leaf clover, the brand&#039;s logo, lifts a simple and affordable car for the general public. The African figure barely stands out from the dark blue background. However, a lightning bolt catches our eye and connects the car to the logo. Compared to the initial sketch (see black and white photo), created for the Rosengart brand, the clover has been added.\" \/>\n<meta property=\"og:url\" content=\"https:\/\/cappiello.fr\/en\/produit\/automobile-4\/\" \/>\n<meta property=\"og:site_name\" content=\"Catalogue raisonn\u00e9 de Leonetto Cappiello\" \/>\n<meta property=\"article:modified_time\" content=\"2025-08-05T10:20:46+00:00\" \/>\n<meta property=\"og:image\" content=\"https:\/\/cappiello.fr\/wp-content\/uploads\/2024\/10\/Maquette-affiche-publicitaire-automobile-brasier-cappiello-1924.jpg\" \/>\n\t<meta property=\"og:image:width\" content=\"597\" \/>\n\t<meta property=\"og:image:height\" content=\"800\" \/>\n\t<meta property=\"og:image:type\" content=\"image\/jpeg\" \/>\n<meta name=\"twitter:card\" content=\"summary_large_image\" \/>\n<meta name=\"twitter:title\" content=\"Automobile Brasier\" \/>\n<meta name=\"twitter:description\" content=\"An African, perched on the four-leaf clover, the brand&#039;s logo, lifts a simple and affordable car for the general public. The African figure barely stands out from the dark blue background. However, a lightning bolt catches our eye and connects the car to the logo. Compared to the initial sketch (see black and white photo), created for the Rosengart brand, the clover has been added.\" \/>\n<meta name=\"twitter:label1\" content=\"Price\" \/>\n\t<meta name=\"twitter:data1\" content=\"\" \/>\n\t<meta name=\"twitter:label2\" content=\"Availability\" \/>\n\t<meta name=\"twitter:data2\" content=\"In stock\" \/>\n<script type=\"application\/ld+json\" class=\"yoast-schema-graph\">{\"@context\":\"https:\\\/\\\/schema.org\",\"@graph\":[{\"@type\":[\"WebPage\",\"ItemPage\"],\"@id\":\"https:\\\/\\\/cappiello.fr\\\/en\\\/produit\\\/automobile-4\\\/\",\"url\":\"https:\\\/\\\/cappiello.fr\\\/en\\\/produit\\\/automobile-4\\\/\",\"name\":\"Automobile Brasier - Catalogue Raisonn\u00e9 of Leonetto Cappiello\",\"isPartOf\":{\"@id\":\"https:\\\/\\\/cappiello.fr\\\/en\\\/#website\"},\"primaryImageOfPage\":{\"@id\":\"https:\\\/\\\/cappiello.fr\\\/en\\\/produit\\\/automobile-4\\\/#primaryimage\"},\"image\":{\"@id\":\"https:\\\/\\\/cappiello.fr\\\/en\\\/produit\\\/automobile-4\\\/#primaryimage\"},\"thumbnailUrl\":\"https:\\\/\\\/cappiello.fr\\\/wp-content\\\/uploads\\\/2024\\\/10\\\/Maquette-affiche-publicitaire-automobile-brasier-cappiello-1924.jpg\",\"datePublished\":\"1924-01-01T00:00:00+00:00\",\"dateModified\":\"2025-08-05T10:20:46+00:00\",\"description\":\"An African, perched on the four-leaf clover, the brand's logo, lifts a simple and affordable car for the general public. The African figure stands out slightly from the dark blue background. However, a lightning bolt catches our eye and connects the car to the logo. Compared to the initial sketch (see black and white photo), created for the Rosengart brand, the clover has been added.\",\"breadcrumb\":{\"@id\":\"https:\\\/\\\/cappiello.fr\\\/en\\\/produit\\\/automobile-4\\\/#breadcrumb\"},\"inLanguage\":\"en-US\",\"potentialAction\":[{\"@type\":\"ReadAction\",\"target\":[\"https:\\\/\\\/cappiello.fr\\\/en\\\/produit\\\/automobile-4\\\/\"]}]},{\"@type\":\"ImageObject\",\"inLanguage\":\"en-US\",\"@id\":\"https:\\\/\\\/cappiello.fr\\\/en\\\/produit\\\/automobile-4\\\/#primaryimage\",\"url\":\"https:\\\/\\\/cappiello.fr\\\/wp-content\\\/uploads\\\/2024\\\/10\\\/Maquette-affiche-publicitaire-automobile-brasier-cappiello-1924.jpg\",\"contentUrl\":\"https:\\\/\\\/cappiello.fr\\\/wp-content\\\/uploads\\\/2024\\\/10\\\/Maquette-affiche-publicitaire-automobile-brasier-cappiello-1924.jpg\",\"width\":597,\"height\":800,\"caption\":\"This drawing evokes the \\\"Four-leaf clover\\\" of Automobiles Brasier\"},{\"@type\":\"BreadcrumbList\",\"@id\":\"https:\\\/\\\/cappiello.fr\\\/en\\\/produit\\\/automobile-4\\\/#breadcrumb\",\"itemListElement\":[{\"@type\":\"ListItem\",\"position\":1,\"name\":\"Accueil\",\"item\":\"https:\\\/\\\/cappiello.fr\\\/en\\\/\"},{\"@type\":\"ListItem\",\"position\":2,\"name\":\"The works\",\"item\":\"https:\\\/\\\/cappiello.fr\\\/en\\\/the-works\\\/\"},{\"@type\":\"ListItem\",\"position\":3,\"name\":\"Automobile Brasier\"}]},{\"@type\":\"WebSite\",\"@id\":\"https:\\\/\\\/cappiello.fr\\\/en\\\/#website\",\"url\":\"https:\\\/\\\/cappiello.fr\\\/en\\\/\",\"name\":\"Catalogue raisonn\u00e9 de Leonetto Cappiello\",\"description\":\"Plongez dans l&#039;univers de Leonetto Cappiello, le p\u00e8re de la publicit\u00e9 moderne\",\"potentialAction\":[{\"@type\":\"SearchAction\",\"target\":{\"@type\":\"EntryPoint\",\"urlTemplate\":\"https:\\\/\\\/cappiello.fr\\\/en\\\/?s={search_term_string}\"},\"query-input\":{\"@type\":\"PropertyValueSpecification\",\"valueRequired\":true,\"valueName\":\"search_term_string\"}}],\"inLanguage\":\"en-US\"}]}<\/script>\n<meta property=\"product:price:currency\" content=\"EUR\" \/>\n<meta property=\"og:availability\" content=\"instock\" \/>\n<meta property=\"product:availability\" content=\"instock\" \/>\n<meta property=\"product:retailer_item_id\" content=\"1924028M0\" \/>\n<meta property=\"product:condition\" content=\"new\" \/>\n<!-- \/ Yoast SEO Premium plugin. -->","yoast_head_json":{"title":"Automobile Brasier - Catalogue Raisonn\u00e9 of Leonetto Cappiello","description":"An African, perched on the four-leaf clover, the brand's logo, lifts a simple and affordable car for the general public. The African figure stands out slightly from the dark blue background. However, a lightning bolt catches our eye and connects the car to the logo. Compared to the initial sketch (see black and white photo), created for the Rosengart brand, the clover has been added.","robots":{"index":"index","follow":"follow","max-snippet":"max-snippet:-1","max-image-preview":"max-image-preview:large","max-video-preview":"max-video-preview:-1"},"canonical":"https:\/\/cappiello.fr\/en\/produit\/automobile-4\/","og_locale":"en_US","og_type":"article","og_title":"Automobile Brasier","og_description":"An African, perched on the four-leaf clover, the brand's logo, lifts a simple and affordable car for the general public. The African figure barely stands out from the dark blue background. However, a lightning bolt catches our eye and connects the car to the logo. Compared to the initial sketch (see black and white photo), created for the Rosengart brand, the clover has been added.","og_url":"https:\/\/cappiello.fr\/en\/produit\/automobile-4\/","og_site_name":"Catalogue raisonn\u00e9 de Leonetto Cappiello","article_modified_time":"2025-08-05T10:20:46+00:00","og_image":[{"width":597,"height":800,"url":"https:\/\/cappiello.fr\/wp-content\/uploads\/2024\/10\/Maquette-affiche-publicitaire-automobile-brasier-cappiello-1924.jpg","type":"image\/jpeg"}],"twitter_card":"summary_large_image","twitter_title":"Automobile Brasier","twitter_description":"An African, perched on the four-leaf clover, the brand's logo, lifts a simple and affordable car for the general public. The African figure barely stands out from the dark blue background. However, a lightning bolt catches our eye and connects the car to the logo. Compared to the initial sketch (see black and white photo), created for the Rosengart brand, the clover has been added.","twitter_misc":{"Price":"","Availability":"In stock"},"schema":{"@context":"https:\/\/schema.org","@graph":[{"@type":["WebPage","ItemPage"],"@id":"https:\/\/cappiello.fr\/en\/produit\/automobile-4\/","url":"https:\/\/cappiello.fr\/en\/produit\/automobile-4\/","name":"Automobile Brasier - Catalogue Raisonn\u00e9 of Leonetto Cappiello","isPartOf":{"@id":"https:\/\/cappiello.fr\/en\/#website"},"primaryImageOfPage":{"@id":"https:\/\/cappiello.fr\/en\/produit\/automobile-4\/#primaryimage"},"image":{"@id":"https:\/\/cappiello.fr\/en\/produit\/automobile-4\/#primaryimage"},"thumbnailUrl":"https:\/\/cappiello.fr\/wp-content\/uploads\/2024\/10\/Maquette-affiche-publicitaire-automobile-brasier-cappiello-1924.jpg","datePublished":"1924-01-01T00:00:00+00:00","dateModified":"2025-08-05T10:20:46+00:00","description":"An African, perched on the four-leaf clover, the brand's logo, lifts a simple and affordable car for the general public. The African figure stands out slightly from the dark blue background. However, a lightning bolt catches our eye and connects the car to the logo. Compared to the initial sketch (see black and white photo), created for the Rosengart brand, the clover has been added.","breadcrumb":{"@id":"https:\/\/cappiello.fr\/en\/produit\/automobile-4\/#breadcrumb"},"inLanguage":"en-US","potentialAction":[{"@type":"ReadAction","target":["https:\/\/cappiello.fr\/en\/produit\/automobile-4\/"]}]},{"@type":"ImageObject","inLanguage":"en-US","@id":"https:\/\/cappiello.fr\/en\/produit\/automobile-4\/#primaryimage","url":"https:\/\/cappiello.fr\/wp-content\/uploads\/2024\/10\/Maquette-affiche-publicitaire-automobile-brasier-cappiello-1924.jpg","contentUrl":"https:\/\/cappiello.fr\/wp-content\/uploads\/2024\/10\/Maquette-affiche-publicitaire-automobile-brasier-cappiello-1924.jpg","width":597,"height":800,"caption":"This drawing evokes the \"Four-leaf clover\" of Automobiles Brasier"},{"@type":"BreadcrumbList","@id":"https:\/\/cappiello.fr\/en\/produit\/automobile-4\/#breadcrumb","itemListElement":[{"@type":"ListItem","position":1,"name":"Accueil","item":"https:\/\/cappiello.fr\/en\/"},{"@type":"ListItem","position":2,"name":"The works","item":"https:\/\/cappiello.fr\/en\/the-works\/"},{"@type":"ListItem","position":3,"name":"Automobile Brasier"}]},{"@type":"WebSite","@id":"https:\/\/cappiello.fr\/en\/#website","url":"https:\/\/cappiello.fr\/en\/","name":"Catalogue raisonn\u00e9 de Leonetto Cappiello","description":"Plongez dans l&#039;univers de Leonetto Cappiello, le p\u00e8re de la publicit\u00e9 moderne","potentialAction":[{"@type":"SearchAction","target":{"@type":"EntryPoint","urlTemplate":"https:\/\/cappiello.fr\/en\/?s={search_term_string}"},"query-input":{"@type":"PropertyValueSpecification","valueRequired":true,"valueName":"search_term_string"}}],"inLanguage":"en-US"}]},"product_price_currency":"EUR","og_availability":"instock","product_availability":"instock","product_retailer_item_id":"1924028M0","product_condition":"new"},"_links":{"self":[{"href":"https:\/\/cappiello.fr\/en\/wp-json\/wp\/v2\/product\/130258","targetHints":{"allow":["GET"]}}],"collection":[{"href":"https:\/\/cappiello.fr\/en\/wp-json\/wp\/v2\/product"}],"about":[{"href":"https:\/\/cappiello.fr\/en\/wp-json\/wp\/v2\/types\/product"}],"wp:featuredmedia":[{"embeddable":true,"href":"https:\/\/cappiello.fr\/en\/wp-json\/wp\/v2\/media\/130261"}],"wp:attachment":[{"href":"https:\/\/cappiello.fr\/en\/wp-json\/wp\/v2\/media?parent=130258"}],"wp:term":[{"taxonomy":"type-doeuvre","embeddable":true,"href":"https:\/\/cappiello.fr\/en\/wp-json\/wp\/v2\/type-doeuvre?post=130258"},{"taxonomy":"product_brand","embeddable":true,"href":"https:\/\/cappiello.fr\/en\/wp-json\/wp\/v2\/product_brand?post=130258"},{"taxonomy":"product_cat","embeddable":true,"href":"https:\/\/cappiello.fr\/en\/wp-json\/wp\/v2\/product_cat?post=130258"},{"taxonomy":"product_tag","embeddable":true,"href":"https:\/\/cappiello.fr\/en\/wp-json\/wp\/v2\/product_tag?post=130258"}],"curies":[{"name":"wp","href":"https:\/\/api.w.org\/{rel}","templated":true}]}}