{"id":130402,"date":"1919-01-01T00:00:00","date_gmt":"1919-01-01T00:00:00","guid":{"rendered":"https:\/\/cappiello.fr\/produit\/olii-puri-doliva\/"},"modified":"2025-05-15T07:21:06","modified_gmt":"2025-05-15T05:21:06","slug":"olii-puri-doliva","status":"publish","type":"product","link":"https:\/\/cappiello.fr\/en\/produit\/olii-puri-doliva\/","title":{"rendered":"Olii Puri d&#8217;Oliva"},"content":{"rendered":"<p>A centaur escapes from the painting at a gallop. He is brandishing a metal can of olive oil.<\/p>\n","protected":false},"excerpt":{"rendered":"<p>Olive oil produced in Oneglia, a Mediterranean port near the French border.<\/p>\n","protected":false},"featured_media":130408,"template":"","meta":{"_acf_changed":false},"type-doeuvre":[4057],"product_brand":[],"product_cat":[3408],"product_tag":[3290,3715],"class_list":{"0":"post-130402","1":"product","2":"type-product","3":"status-publish","4":"has-post-thumbnail","6":"type-doeuvre-affiches","7":"product_cat-non-dairy-fat","8":"product_tag-mustache-en","9":"product_tag-centaur","10":"pa_periode-1919-1929-en","11":"pa_type-de-contenu-lithography","13":"first","14":"instock","15":"virtual","16":"product-type-simple"},"acf":[],"yoast_head":"<!-- This site is optimized with the Yoast SEO Premium plugin v27.0 (Yoast SEO v27.4) - https:\/\/yoast.com\/product\/yoast-seo-premium-wordpress\/ -->\n<title>Olii Puri d&#039;Oliva - Catalogue Raisonn\u00e9 de Leonetto Cappiello<\/title>\n<meta name=\"description\" content=\"A centaur escapes from the painting at a gallop. He is brandishing a metal can of olive oil.\" \/>\n<meta name=\"robots\" content=\"index, follow, max-snippet:-1, max-image-preview:large, max-video-preview:-1\" \/>\n<link rel=\"canonical\" href=\"https:\/\/cappiello.fr\/en\/produit\/olii-puri-doliva\/\" \/>\n<meta property=\"og:locale\" content=\"en_US\" \/>\n<meta property=\"og:type\" content=\"article\" \/>\n<meta property=\"og:title\" content=\"Olii Puri d&#039;Oliva\" \/>\n<meta property=\"og:description\" content=\"A centaur escapes from the painting at a gallop. He is brandishing a metal can of olive oil.\" \/>\n<meta property=\"og:url\" content=\"https:\/\/cappiello.fr\/en\/produit\/olii-puri-doliva\/\" \/>\n<meta property=\"og:site_name\" content=\"Catalogue raisonn\u00e9 de Leonetto Cappiello\" \/>\n<meta property=\"article:modified_time\" content=\"2025-05-15T05:21:06+00:00\" \/>\n<meta property=\"og:image\" content=\"https:\/\/cappiello.fr\/wp-content\/uploads\/2024\/10\/Lithographie-affiche-publicitaire-olii-puri-doliva-cappiello-1921.jpg\" \/>\n\t<meta property=\"og:image:width\" content=\"571\" \/>\n\t<meta property=\"og:image:height\" content=\"800\" \/>\n\t<meta property=\"og:image:type\" content=\"image\/jpeg\" \/>\n<meta name=\"twitter:card\" content=\"summary_large_image\" \/>\n<meta name=\"twitter:title\" content=\"Olii Puri d&#039;Oliva\" \/>\n<meta name=\"twitter:description\" content=\"A centaur escapes from the painting at a gallop. He is brandishing a metal can of olive oil.\" \/>\n<meta name=\"twitter:label1\" content=\"Price\" \/>\n\t<meta name=\"twitter:data1\" content=\"\" \/>\n\t<meta name=\"twitter:label2\" content=\"Availability\" \/>\n\t<meta name=\"twitter:data2\" content=\"In stock\" \/>\n<script type=\"application\/ld+json\" class=\"yoast-schema-graph\">{\"@context\":\"https:\\\/\\\/schema.org\",\"@graph\":[{\"@type\":[\"WebPage\",\"ItemPage\"],\"@id\":\"https:\\\/\\\/cappiello.fr\\\/en\\\/produit\\\/olii-puri-doliva\\\/\",\"url\":\"https:\\\/\\\/cappiello.fr\\\/en\\\/produit\\\/olii-puri-doliva\\\/\",\"name\":\"Olii Puri d'Oliva - Catalogue Raisonn\u00e9 de Leonetto Cappiello\",\"isPartOf\":{\"@id\":\"https:\\\/\\\/cappiello.fr\\\/en\\\/#website\"},\"primaryImageOfPage\":{\"@id\":\"https:\\\/\\\/cappiello.fr\\\/en\\\/produit\\\/olii-puri-doliva\\\/#primaryimage\"},\"image\":{\"@id\":\"https:\\\/\\\/cappiello.fr\\\/en\\\/produit\\\/olii-puri-doliva\\\/#primaryimage\"},\"thumbnailUrl\":\"https:\\\/\\\/cappiello.fr\\\/wp-content\\\/uploads\\\/2024\\\/10\\\/Lithographie-affiche-publicitaire-olii-puri-doliva-cappiello-1921.jpg\",\"datePublished\":\"1919-01-01T00:00:00+00:00\",\"dateModified\":\"2025-05-15T05:21:06+00:00\",\"description\":\"A centaur escapes from the painting at a gallop. He is brandishing a metal can of olive oil.\",\"breadcrumb\":{\"@id\":\"https:\\\/\\\/cappiello.fr\\\/en\\\/produit\\\/olii-puri-doliva\\\/#breadcrumb\"},\"inLanguage\":\"en-US\",\"potentialAction\":[{\"@type\":\"ReadAction\",\"target\":[\"https:\\\/\\\/cappiello.fr\\\/en\\\/produit\\\/olii-puri-doliva\\\/\"]}]},{\"@type\":\"ImageObject\",\"inLanguage\":\"en-US\",\"@id\":\"https:\\\/\\\/cappiello.fr\\\/en\\\/produit\\\/olii-puri-doliva\\\/#primaryimage\",\"url\":\"https:\\\/\\\/cappiello.fr\\\/wp-content\\\/uploads\\\/2024\\\/10\\\/Lithographie-affiche-publicitaire-olii-puri-doliva-cappiello-1921.jpg\",\"contentUrl\":\"https:\\\/\\\/cappiello.fr\\\/wp-content\\\/uploads\\\/2024\\\/10\\\/Lithographie-affiche-publicitaire-olii-puri-doliva-cappiello-1921.jpg\",\"width\":571,\"height\":800,\"caption\":\"harbor on the mediterranean near the french border.\"},{\"@type\":\"BreadcrumbList\",\"@id\":\"https:\\\/\\\/cappiello.fr\\\/en\\\/produit\\\/olii-puri-doliva\\\/#breadcrumb\",\"itemListElement\":[{\"@type\":\"ListItem\",\"position\":1,\"name\":\"Accueil\",\"item\":\"https:\\\/\\\/cappiello.fr\\\/en\\\/\"},{\"@type\":\"ListItem\",\"position\":2,\"name\":\"The works\",\"item\":\"https:\\\/\\\/cappiello.fr\\\/en\\\/the-works\\\/\"},{\"@type\":\"ListItem\",\"position\":3,\"name\":\"Olii Puri d&rsquo;Oliva\"}]},{\"@type\":\"WebSite\",\"@id\":\"https:\\\/\\\/cappiello.fr\\\/en\\\/#website\",\"url\":\"https:\\\/\\\/cappiello.fr\\\/en\\\/\",\"name\":\"Catalogue raisonn\u00e9 de Leonetto Cappiello\",\"description\":\"Plongez dans l&#039;univers de Leonetto Cappiello, le p\u00e8re de la publicit\u00e9 moderne\",\"potentialAction\":[{\"@type\":\"SearchAction\",\"target\":{\"@type\":\"EntryPoint\",\"urlTemplate\":\"https:\\\/\\\/cappiello.fr\\\/en\\\/?s={search_term_string}\"},\"query-input\":{\"@type\":\"PropertyValueSpecification\",\"valueRequired\":true,\"valueName\":\"search_term_string\"}}],\"inLanguage\":\"en-US\"}]}<\/script>\n<meta property=\"product:price:currency\" content=\"EUR\" \/>\n<meta property=\"og:availability\" content=\"instock\" \/>\n<meta property=\"product:availability\" content=\"instock\" \/>\n<meta property=\"product:retailer_item_id\" content=\"1919065Z0 et 1919065Z1\" \/>\n<meta property=\"product:condition\" content=\"new\" \/>\n<!-- \/ Yoast SEO Premium plugin. -->","yoast_head_json":{"title":"Olii Puri d'Oliva - Catalogue Raisonn\u00e9 de Leonetto Cappiello","description":"A centaur escapes from the painting at a gallop. He is brandishing a metal can of olive oil.","robots":{"index":"index","follow":"follow","max-snippet":"max-snippet:-1","max-image-preview":"max-image-preview:large","max-video-preview":"max-video-preview:-1"},"canonical":"https:\/\/cappiello.fr\/en\/produit\/olii-puri-doliva\/","og_locale":"en_US","og_type":"article","og_title":"Olii Puri d'Oliva","og_description":"A centaur escapes from the painting at a gallop. He is brandishing a metal can of olive oil.","og_url":"https:\/\/cappiello.fr\/en\/produit\/olii-puri-doliva\/","og_site_name":"Catalogue raisonn\u00e9 de Leonetto Cappiello","article_modified_time":"2025-05-15T05:21:06+00:00","og_image":[{"width":571,"height":800,"url":"https:\/\/cappiello.fr\/wp-content\/uploads\/2024\/10\/Lithographie-affiche-publicitaire-olii-puri-doliva-cappiello-1921.jpg","type":"image\/jpeg"}],"twitter_card":"summary_large_image","twitter_title":"Olii Puri d'Oliva","twitter_description":"A centaur escapes from the painting at a gallop. He is brandishing a metal can of olive oil.","twitter_misc":{"Price":"","Availability":"In stock"},"schema":{"@context":"https:\/\/schema.org","@graph":[{"@type":["WebPage","ItemPage"],"@id":"https:\/\/cappiello.fr\/en\/produit\/olii-puri-doliva\/","url":"https:\/\/cappiello.fr\/en\/produit\/olii-puri-doliva\/","name":"Olii Puri d'Oliva - Catalogue Raisonn\u00e9 de Leonetto Cappiello","isPartOf":{"@id":"https:\/\/cappiello.fr\/en\/#website"},"primaryImageOfPage":{"@id":"https:\/\/cappiello.fr\/en\/produit\/olii-puri-doliva\/#primaryimage"},"image":{"@id":"https:\/\/cappiello.fr\/en\/produit\/olii-puri-doliva\/#primaryimage"},"thumbnailUrl":"https:\/\/cappiello.fr\/wp-content\/uploads\/2024\/10\/Lithographie-affiche-publicitaire-olii-puri-doliva-cappiello-1921.jpg","datePublished":"1919-01-01T00:00:00+00:00","dateModified":"2025-05-15T05:21:06+00:00","description":"A centaur escapes from the painting at a gallop. He is brandishing a metal can of olive oil.","breadcrumb":{"@id":"https:\/\/cappiello.fr\/en\/produit\/olii-puri-doliva\/#breadcrumb"},"inLanguage":"en-US","potentialAction":[{"@type":"ReadAction","target":["https:\/\/cappiello.fr\/en\/produit\/olii-puri-doliva\/"]}]},{"@type":"ImageObject","inLanguage":"en-US","@id":"https:\/\/cappiello.fr\/en\/produit\/olii-puri-doliva\/#primaryimage","url":"https:\/\/cappiello.fr\/wp-content\/uploads\/2024\/10\/Lithographie-affiche-publicitaire-olii-puri-doliva-cappiello-1921.jpg","contentUrl":"https:\/\/cappiello.fr\/wp-content\/uploads\/2024\/10\/Lithographie-affiche-publicitaire-olii-puri-doliva-cappiello-1921.jpg","width":571,"height":800,"caption":"harbor on the mediterranean near the french border."},{"@type":"BreadcrumbList","@id":"https:\/\/cappiello.fr\/en\/produit\/olii-puri-doliva\/#breadcrumb","itemListElement":[{"@type":"ListItem","position":1,"name":"Accueil","item":"https:\/\/cappiello.fr\/en\/"},{"@type":"ListItem","position":2,"name":"The works","item":"https:\/\/cappiello.fr\/en\/the-works\/"},{"@type":"ListItem","position":3,"name":"Olii Puri d&rsquo;Oliva"}]},{"@type":"WebSite","@id":"https:\/\/cappiello.fr\/en\/#website","url":"https:\/\/cappiello.fr\/en\/","name":"Catalogue raisonn\u00e9 de Leonetto Cappiello","description":"Plongez dans l&#039;univers de Leonetto Cappiello, le p\u00e8re de la publicit\u00e9 moderne","potentialAction":[{"@type":"SearchAction","target":{"@type":"EntryPoint","urlTemplate":"https:\/\/cappiello.fr\/en\/?s={search_term_string}"},"query-input":{"@type":"PropertyValueSpecification","valueRequired":true,"valueName":"search_term_string"}}],"inLanguage":"en-US"}]},"product_price_currency":"EUR","og_availability":"instock","product_availability":"instock","product_retailer_item_id":"1919065Z0 et 1919065Z1","product_condition":"new"},"_links":{"self":[{"href":"https:\/\/cappiello.fr\/en\/wp-json\/wp\/v2\/product\/130402","targetHints":{"allow":["GET"]}}],"collection":[{"href":"https:\/\/cappiello.fr\/en\/wp-json\/wp\/v2\/product"}],"about":[{"href":"https:\/\/cappiello.fr\/en\/wp-json\/wp\/v2\/types\/product"}],"wp:featuredmedia":[{"embeddable":true,"href":"https:\/\/cappiello.fr\/en\/wp-json\/wp\/v2\/media\/130408"}],"wp:attachment":[{"href":"https:\/\/cappiello.fr\/en\/wp-json\/wp\/v2\/media?parent=130402"}],"wp:term":[{"taxonomy":"type-doeuvre","embeddable":true,"href":"https:\/\/cappiello.fr\/en\/wp-json\/wp\/v2\/type-doeuvre?post=130402"},{"taxonomy":"product_brand","embeddable":true,"href":"https:\/\/cappiello.fr\/en\/wp-json\/wp\/v2\/product_brand?post=130402"},{"taxonomy":"product_cat","embeddable":true,"href":"https:\/\/cappiello.fr\/en\/wp-json\/wp\/v2\/product_cat?post=130402"},{"taxonomy":"product_tag","embeddable":true,"href":"https:\/\/cappiello.fr\/en\/wp-json\/wp\/v2\/product_tag?post=130402"}],"curies":[{"name":"wp","href":"https:\/\/api.w.org\/{rel}","templated":true}]}}