{"id":130530,"date":"1921-01-01T00:00:00","date_gmt":"1921-01-01T00:00:00","guid":{"rendered":"https:\/\/cappiello.fr\/produit\/exposition-coloniale-marseille-1922\/"},"modified":"2025-05-15T07:42:21","modified_gmt":"2025-05-15T05:42:21","slug":"exposition-coloniale-marseille-1922","status":"publish","type":"product","link":"https:\/\/cappiello.fr\/en\/produit\/exposition-coloniale-marseille-1922\/","title":{"rendered":"Exposition Coloniale<br \/> Marseille 1922"},"content":{"rendered":"<p>France draped in blue, white, and red, brings together a Frenchwoman carrying wheat, an Asian woman with fabrics, and an African woman with cotton and fruits.<\/p>\n","protected":false},"excerpt":{"rendered":"<p>Colonial Exhibition<\/p>\n","protected":false},"featured_media":130535,"template":"","meta":{"_acf_changed":false},"type-doeuvre":[4057],"product_brand":[],"product_cat":[3249],"product_tag":[3280,3291,3452,3748,3438,3517,3421,3747,3495],"class_list":{"0":"post-130530","1":"product","2":"type-product","3":"status-publish","4":"has-post-thumbnail","6":"type-doeuvre-affiches","7":"product_cat-events","8":"product_tag-turban-en-3","9":"product_tag-mustache-en-2","10":"product_tag-king-en-2","11":"product_tag-silk-fabric-en","12":"product_tag-rose-en-2","13":"product_tag-marianne-en","14":"product_tag-see-en","15":"product_tag-silk-fabric","16":"product_tag-dress","17":"pa_periode-1919-1929-en","18":"pa_type-de-contenu-lithography","20":"first","21":"instock","22":"virtual","23":"product-type-simple"},"acf":[],"yoast_head":"<!-- This site is optimized with the Yoast SEO Premium plugin v27.0 (Yoast SEO v27.4) - https:\/\/yoast.com\/product\/yoast-seo-premium-wordpress\/ -->\n<title>Exposition Coloniale Marseille 1922 - Catalogue Raisonn\u00e9 de Leonetto Cappiello<\/title>\n<meta name=\"description\" content=\"France draped in blue, white, and red, brings together a Frenchwoman carrying wheat, an Asian woman with fabrics, and an African woman with cotton and fruits.\" \/>\n<meta name=\"robots\" content=\"index, follow, max-snippet:-1, max-image-preview:large, max-video-preview:-1\" \/>\n<link rel=\"canonical\" href=\"https:\/\/cappiello.fr\/en\/produit\/exposition-coloniale-marseille-1922\/\" \/>\n<meta property=\"og:locale\" content=\"en_US\" \/>\n<meta property=\"og:type\" content=\"article\" \/>\n<meta property=\"og:title\" content=\"Exposition Coloniale Marseille 1922\" \/>\n<meta property=\"og:description\" content=\"France draped in blue, white, and red, brings together a Frenchwoman carrying wheat, an Asian woman with fabrics, and an African woman with cotton and fruits.\" \/>\n<meta property=\"og:url\" content=\"https:\/\/cappiello.fr\/en\/produit\/exposition-coloniale-marseille-1922\/\" \/>\n<meta property=\"og:site_name\" content=\"Catalogue raisonn\u00e9 de Leonetto Cappiello\" \/>\n<meta property=\"article:modified_time\" content=\"2025-05-15T05:42:21+00:00\" \/>\n<meta property=\"og:image\" content=\"https:\/\/cappiello.fr\/wp-content\/uploads\/2024\/10\/Lithographie-affiche-publicitaire-exposition-coloniale-marseille-1922-2-cappiello-1922.jpg\" \/>\n\t<meta property=\"og:image:width\" content=\"506\" \/>\n\t<meta property=\"og:image:height\" content=\"800\" \/>\n\t<meta property=\"og:image:type\" content=\"image\/jpeg\" \/>\n<meta name=\"twitter:card\" content=\"summary_large_image\" \/>\n<meta name=\"twitter:title\" content=\"Exposition Coloniale Marseille 1922\" \/>\n<meta name=\"twitter:description\" content=\"France draped in blue, white, and red, brings together a Frenchwoman carrying wheat, an Asian woman with fabrics, and an African woman with cotton and fruits.\" \/>\n<meta name=\"twitter:label1\" content=\"Price\" \/>\n\t<meta name=\"twitter:data1\" content=\"\" \/>\n\t<meta name=\"twitter:label2\" content=\"Availability\" \/>\n\t<meta name=\"twitter:data2\" content=\"In stock\" \/>\n<script type=\"application\/ld+json\" class=\"yoast-schema-graph\">{\"@context\":\"https:\\\/\\\/schema.org\",\"@graph\":[{\"@type\":[\"WebPage\",\"ItemPage\"],\"@id\":\"https:\\\/\\\/cappiello.fr\\\/en\\\/produit\\\/exposition-coloniale-marseille-1922\\\/\",\"url\":\"https:\\\/\\\/cappiello.fr\\\/en\\\/produit\\\/exposition-coloniale-marseille-1922\\\/\",\"name\":\"Exposition Coloniale Marseille 1922 - Catalogue Raisonn\u00e9 de Leonetto Cappiello\",\"isPartOf\":{\"@id\":\"https:\\\/\\\/cappiello.fr\\\/en\\\/#website\"},\"primaryImageOfPage\":{\"@id\":\"https:\\\/\\\/cappiello.fr\\\/en\\\/produit\\\/exposition-coloniale-marseille-1922\\\/#primaryimage\"},\"image\":{\"@id\":\"https:\\\/\\\/cappiello.fr\\\/en\\\/produit\\\/exposition-coloniale-marseille-1922\\\/#primaryimage\"},\"thumbnailUrl\":\"https:\\\/\\\/cappiello.fr\\\/wp-content\\\/uploads\\\/2024\\\/10\\\/Lithographie-affiche-publicitaire-exposition-coloniale-marseille-1922-2-cappiello-1922.jpg\",\"datePublished\":\"1921-01-01T00:00:00+00:00\",\"dateModified\":\"2025-05-15T05:42:21+00:00\",\"description\":\"France draped in blue, white, and red, brings together a Frenchwoman carrying wheat, an Asian woman with fabrics, and an African woman with cotton and fruits.\",\"breadcrumb\":{\"@id\":\"https:\\\/\\\/cappiello.fr\\\/en\\\/produit\\\/exposition-coloniale-marseille-1922\\\/#breadcrumb\"},\"inLanguage\":\"en-US\",\"potentialAction\":[{\"@type\":\"ReadAction\",\"target\":[\"https:\\\/\\\/cappiello.fr\\\/en\\\/produit\\\/exposition-coloniale-marseille-1922\\\/\"]}]},{\"@type\":\"ImageObject\",\"inLanguage\":\"en-US\",\"@id\":\"https:\\\/\\\/cappiello.fr\\\/en\\\/produit\\\/exposition-coloniale-marseille-1922\\\/#primaryimage\",\"url\":\"https:\\\/\\\/cappiello.fr\\\/wp-content\\\/uploads\\\/2024\\\/10\\\/Lithographie-affiche-publicitaire-exposition-coloniale-marseille-1922-2-cappiello-1922.jpg\",\"contentUrl\":\"https:\\\/\\\/cappiello.fr\\\/wp-content\\\/uploads\\\/2024\\\/10\\\/Lithographie-affiche-publicitaire-exposition-coloniale-marseille-1922-2-cappiello-1922.jpg\",\"width\":506,\"height\":800,\"caption\":\"Colonial exhibition of Marseille.\"},{\"@type\":\"BreadcrumbList\",\"@id\":\"https:\\\/\\\/cappiello.fr\\\/en\\\/produit\\\/exposition-coloniale-marseille-1922\\\/#breadcrumb\",\"itemListElement\":[{\"@type\":\"ListItem\",\"position\":1,\"name\":\"Accueil\",\"item\":\"https:\\\/\\\/cappiello.fr\\\/en\\\/\"},{\"@type\":\"ListItem\",\"position\":2,\"name\":\"The works\",\"item\":\"https:\\\/\\\/cappiello.fr\\\/en\\\/the-works\\\/\"},{\"@type\":\"ListItem\",\"position\":3,\"name\":\"Exposition Coloniale Marseille 1922\"}]},{\"@type\":\"WebSite\",\"@id\":\"https:\\\/\\\/cappiello.fr\\\/en\\\/#website\",\"url\":\"https:\\\/\\\/cappiello.fr\\\/en\\\/\",\"name\":\"Catalogue raisonn\u00e9 de Leonetto Cappiello\",\"description\":\"Plongez dans l&#039;univers de Leonetto Cappiello, le p\u00e8re de la publicit\u00e9 moderne\",\"potentialAction\":[{\"@type\":\"SearchAction\",\"target\":{\"@type\":\"EntryPoint\",\"urlTemplate\":\"https:\\\/\\\/cappiello.fr\\\/en\\\/?s={search_term_string}\"},\"query-input\":{\"@type\":\"PropertyValueSpecification\",\"valueRequired\":true,\"valueName\":\"search_term_string\"}}],\"inLanguage\":\"en-US\"}]}<\/script>\n<meta property=\"product:price:currency\" content=\"EUR\" \/>\n<meta property=\"og:availability\" content=\"instock\" \/>\n<meta property=\"product:availability\" content=\"instock\" \/>\n<meta property=\"product:retailer_item_id\" content=\"1921080Z0 et 1921080Z1\" \/>\n<meta property=\"product:condition\" content=\"new\" \/>\n<!-- \/ Yoast SEO Premium plugin. -->","yoast_head_json":{"title":"Exposition Coloniale Marseille 1922 - Catalogue Raisonn\u00e9 de Leonetto Cappiello","description":"France draped in blue, white, and red, brings together a Frenchwoman carrying wheat, an Asian woman with fabrics, and an African woman with cotton and fruits.","robots":{"index":"index","follow":"follow","max-snippet":"max-snippet:-1","max-image-preview":"max-image-preview:large","max-video-preview":"max-video-preview:-1"},"canonical":"https:\/\/cappiello.fr\/en\/produit\/exposition-coloniale-marseille-1922\/","og_locale":"en_US","og_type":"article","og_title":"Exposition Coloniale Marseille 1922","og_description":"France draped in blue, white, and red, brings together a Frenchwoman carrying wheat, an Asian woman with fabrics, and an African woman with cotton and fruits.","og_url":"https:\/\/cappiello.fr\/en\/produit\/exposition-coloniale-marseille-1922\/","og_site_name":"Catalogue raisonn\u00e9 de Leonetto Cappiello","article_modified_time":"2025-05-15T05:42:21+00:00","og_image":[{"width":506,"height":800,"url":"https:\/\/cappiello.fr\/wp-content\/uploads\/2024\/10\/Lithographie-affiche-publicitaire-exposition-coloniale-marseille-1922-2-cappiello-1922.jpg","type":"image\/jpeg"}],"twitter_card":"summary_large_image","twitter_title":"Exposition Coloniale Marseille 1922","twitter_description":"France draped in blue, white, and red, brings together a Frenchwoman carrying wheat, an Asian woman with fabrics, and an African woman with cotton and fruits.","twitter_misc":{"Price":"","Availability":"In stock"},"schema":{"@context":"https:\/\/schema.org","@graph":[{"@type":["WebPage","ItemPage"],"@id":"https:\/\/cappiello.fr\/en\/produit\/exposition-coloniale-marseille-1922\/","url":"https:\/\/cappiello.fr\/en\/produit\/exposition-coloniale-marseille-1922\/","name":"Exposition Coloniale Marseille 1922 - Catalogue Raisonn\u00e9 de Leonetto Cappiello","isPartOf":{"@id":"https:\/\/cappiello.fr\/en\/#website"},"primaryImageOfPage":{"@id":"https:\/\/cappiello.fr\/en\/produit\/exposition-coloniale-marseille-1922\/#primaryimage"},"image":{"@id":"https:\/\/cappiello.fr\/en\/produit\/exposition-coloniale-marseille-1922\/#primaryimage"},"thumbnailUrl":"https:\/\/cappiello.fr\/wp-content\/uploads\/2024\/10\/Lithographie-affiche-publicitaire-exposition-coloniale-marseille-1922-2-cappiello-1922.jpg","datePublished":"1921-01-01T00:00:00+00:00","dateModified":"2025-05-15T05:42:21+00:00","description":"France draped in blue, white, and red, brings together a Frenchwoman carrying wheat, an Asian woman with fabrics, and an African woman with cotton and fruits.","breadcrumb":{"@id":"https:\/\/cappiello.fr\/en\/produit\/exposition-coloniale-marseille-1922\/#breadcrumb"},"inLanguage":"en-US","potentialAction":[{"@type":"ReadAction","target":["https:\/\/cappiello.fr\/en\/produit\/exposition-coloniale-marseille-1922\/"]}]},{"@type":"ImageObject","inLanguage":"en-US","@id":"https:\/\/cappiello.fr\/en\/produit\/exposition-coloniale-marseille-1922\/#primaryimage","url":"https:\/\/cappiello.fr\/wp-content\/uploads\/2024\/10\/Lithographie-affiche-publicitaire-exposition-coloniale-marseille-1922-2-cappiello-1922.jpg","contentUrl":"https:\/\/cappiello.fr\/wp-content\/uploads\/2024\/10\/Lithographie-affiche-publicitaire-exposition-coloniale-marseille-1922-2-cappiello-1922.jpg","width":506,"height":800,"caption":"Colonial exhibition of Marseille."},{"@type":"BreadcrumbList","@id":"https:\/\/cappiello.fr\/en\/produit\/exposition-coloniale-marseille-1922\/#breadcrumb","itemListElement":[{"@type":"ListItem","position":1,"name":"Accueil","item":"https:\/\/cappiello.fr\/en\/"},{"@type":"ListItem","position":2,"name":"The works","item":"https:\/\/cappiello.fr\/en\/the-works\/"},{"@type":"ListItem","position":3,"name":"Exposition Coloniale Marseille 1922"}]},{"@type":"WebSite","@id":"https:\/\/cappiello.fr\/en\/#website","url":"https:\/\/cappiello.fr\/en\/","name":"Catalogue raisonn\u00e9 de Leonetto Cappiello","description":"Plongez dans l&#039;univers de Leonetto Cappiello, le p\u00e8re de la publicit\u00e9 moderne","potentialAction":[{"@type":"SearchAction","target":{"@type":"EntryPoint","urlTemplate":"https:\/\/cappiello.fr\/en\/?s={search_term_string}"},"query-input":{"@type":"PropertyValueSpecification","valueRequired":true,"valueName":"search_term_string"}}],"inLanguage":"en-US"}]},"product_price_currency":"EUR","og_availability":"instock","product_availability":"instock","product_retailer_item_id":"1921080Z0 et 1921080Z1","product_condition":"new"},"_links":{"self":[{"href":"https:\/\/cappiello.fr\/en\/wp-json\/wp\/v2\/product\/130530","targetHints":{"allow":["GET"]}}],"collection":[{"href":"https:\/\/cappiello.fr\/en\/wp-json\/wp\/v2\/product"}],"about":[{"href":"https:\/\/cappiello.fr\/en\/wp-json\/wp\/v2\/types\/product"}],"wp:featuredmedia":[{"embeddable":true,"href":"https:\/\/cappiello.fr\/en\/wp-json\/wp\/v2\/media\/130535"}],"wp:attachment":[{"href":"https:\/\/cappiello.fr\/en\/wp-json\/wp\/v2\/media?parent=130530"}],"wp:term":[{"taxonomy":"type-doeuvre","embeddable":true,"href":"https:\/\/cappiello.fr\/en\/wp-json\/wp\/v2\/type-doeuvre?post=130530"},{"taxonomy":"product_brand","embeddable":true,"href":"https:\/\/cappiello.fr\/en\/wp-json\/wp\/v2\/product_brand?post=130530"},{"taxonomy":"product_cat","embeddable":true,"href":"https:\/\/cappiello.fr\/en\/wp-json\/wp\/v2\/product_cat?post=130530"},{"taxonomy":"product_tag","embeddable":true,"href":"https:\/\/cappiello.fr\/en\/wp-json\/wp\/v2\/product_tag?post=130530"}],"curies":[{"name":"wp","href":"https:\/\/api.w.org\/{rel}","templated":true}]}}