{"id":130774,"date":"1933-01-01T00:00:00","date_gmt":"1933-01-01T00:00:00","guid":{"rendered":"https:\/\/cappiello.fr\/produit\/charles-eneu-johnson-co\/"},"modified":"2025-07-27T09:16:43","modified_gmt":"2025-07-27T07:16:43","slug":"charles-eneu-johnson-co","status":"publish","type":"product","link":"https:\/\/cappiello.fr\/en\/produit\/charles-eneu-johnson-co\/","title":{"rendered":"Johnson"},"content":{"rendered":"<p>Mahatma Gandhi is wearing skates to apply wax to a wooden floor.<br \/>\nIn 1933, the year of this advertisement, Gandhi was the symbol of the defenders of the untouchables and the poor. He had just completed his long salt march.<br \/>\nJohnson Cappiello&#8217;s liquid wax shows that the exhausting work of the domestic staff responsible for maintaining the floors is greatly reduced.<br \/>\nIn terms of advertising, Gandhi&#8217;s image had a definite impact, as he was very popular in France at the time.<br \/>\nThis sketch was originally made for Sapoli wax (see black &amp; white photo). <\/p>\n","protected":false},"excerpt":{"rendered":"<p>Johnson liquid wax for parquet. This sketch was originally made for Sapoli wax (see black &amp; white photo, See Sapoli <a href=\"https:\/\/cappiello.fr\/produit\/sapoli-2\/\">second<\/a> and <a href=\"https:\/\/cappiello.fr\/produit\/sapoli\/\">third<\/a> sketch).  <\/p>\n","protected":false},"featured_media":130775,"template":"","meta":{"_acf_changed":false},"type-doeuvre":[4057],"product_brand":[],"product_cat":[3277],"product_tag":[3332,3300],"class_list":{"0":"post-130774","1":"product","2":"type-product","3":"status-publish","4":"has-post-thumbnail","6":"type-doeuvre-affiches","7":"product_cat-cleaning-products","8":"product_tag-dancer","9":"product_tag-show-en-2","10":"pa_periode-1930-1940-en","11":"pa_type-de-contenu-esquisse-en","13":"first","14":"instock","15":"virtual","16":"product-type-simple"},"acf":[],"yoast_head":"<!-- This site is optimized with the Yoast SEO Premium plugin v27.0 (Yoast SEO v27.4) - https:\/\/yoast.com\/product\/yoast-seo-premium-wordpress\/ -->\n<title>Johnson - Catalogue Raisonn\u00e9 de Leonetto Cappiello<\/title>\n<meta name=\"description\" content=\"Mahatma Gandhi is wearing skates to apply wax to a wooden floor.In 1933, the year of this advertisement, Gandhi was the symbol of the defenders of the untouchables and the poor. He had just completed his long salt march.Johnson Cappiello&#039;s liquid wax shows that the exhausting work of the domestic staff responsible for maintaining the floors is greatly reduced.In terms of advertising, Gandhi&#039;s image had a definite impact, as he was very popular in France at the time.This sketch was originally made for Sapoli wax (see black &amp; white photo).\" \/>\n<meta name=\"robots\" content=\"index, follow, max-snippet:-1, max-image-preview:large, max-video-preview:-1\" \/>\n<link rel=\"canonical\" href=\"https:\/\/cappiello.fr\/en\/produit\/charles-eneu-johnson-co\/\" \/>\n<meta property=\"og:locale\" content=\"en_US\" \/>\n<meta property=\"og:type\" content=\"article\" \/>\n<meta property=\"og:title\" content=\"Johnson\" \/>\n<meta property=\"og:description\" content=\"Mahatma Gandhi is wearing skates to apply wax to a wooden floor.In 1933, the year of this advertisement, Gandhi was the symbol of the defenders of the untouchables and the poor. He had just completed his long salt march.Johnson Cappiello&#039;s liquid wax shows that the exhausting work of the domestic staff responsible for maintaining the floors is greatly reduced.In terms of advertising, Gandhi&#039;s image had a definite impact, as he was very popular in France at the time.This sketch was originally made for Sapoli wax (see black &amp; white photo).\" \/>\n<meta property=\"og:url\" content=\"https:\/\/cappiello.fr\/en\/produit\/charles-eneu-johnson-co\/\" \/>\n<meta property=\"og:site_name\" content=\"Catalogue raisonn\u00e9 de Leonetto Cappiello\" \/>\n<meta property=\"article:modified_time\" content=\"2025-07-27T07:16:43+00:00\" \/>\n<meta property=\"og:image\" content=\"https:\/\/cappiello.fr\/wp-content\/uploads\/2024\/10\/Esquisse-affiche-publicitaire-johnson-cappiello-1933.jpg\" \/>\n\t<meta property=\"og:image:width\" content=\"570\" \/>\n\t<meta property=\"og:image:height\" content=\"800\" \/>\n\t<meta property=\"og:image:type\" content=\"image\/jpeg\" \/>\n<meta name=\"twitter:card\" content=\"summary_large_image\" \/>\n<meta name=\"twitter:title\" content=\"Johnson\" \/>\n<meta name=\"twitter:description\" content=\"Mahatma Gandhi is wearing skates to apply wax to a wooden floor.In 1933, the year of this advertisement, Gandhi was the symbol of the defenders of the untouchables and the poor. He had just completed his long salt march.Johnson Cappiello&#039;s liquid wax shows that the exhausting work of the domestic staff responsible for maintaining the floors is greatly reduced.In terms of advertising, Gandhi&#039;s image had a definite impact, as he was very popular in France at the time.This sketch was originally made for Sapoli wax (see black &amp; white photo).\" \/>\n<meta name=\"twitter:label1\" content=\"Price\" \/>\n\t<meta name=\"twitter:data1\" content=\"\" \/>\n\t<meta name=\"twitter:label2\" content=\"Availability\" \/>\n\t<meta name=\"twitter:data2\" content=\"In stock\" \/>\n<script type=\"application\/ld+json\" class=\"yoast-schema-graph\">{\"@context\":\"https:\\\/\\\/schema.org\",\"@graph\":[{\"@type\":[\"WebPage\",\"ItemPage\"],\"@id\":\"https:\\\/\\\/cappiello.fr\\\/en\\\/produit\\\/charles-eneu-johnson-co\\\/\",\"url\":\"https:\\\/\\\/cappiello.fr\\\/en\\\/produit\\\/charles-eneu-johnson-co\\\/\",\"name\":\"Johnson - Catalogue Raisonn\u00e9 de Leonetto Cappiello\",\"isPartOf\":{\"@id\":\"https:\\\/\\\/cappiello.fr\\\/en\\\/#website\"},\"primaryImageOfPage\":{\"@id\":\"https:\\\/\\\/cappiello.fr\\\/en\\\/produit\\\/charles-eneu-johnson-co\\\/#primaryimage\"},\"image\":{\"@id\":\"https:\\\/\\\/cappiello.fr\\\/en\\\/produit\\\/charles-eneu-johnson-co\\\/#primaryimage\"},\"thumbnailUrl\":\"https:\\\/\\\/cappiello.fr\\\/wp-content\\\/uploads\\\/2024\\\/10\\\/Esquisse-affiche-publicitaire-johnson-cappiello-1933.jpg\",\"datePublished\":\"1933-01-01T00:00:00+00:00\",\"dateModified\":\"2025-07-27T07:16:43+00:00\",\"description\":\"Mahatma Gandhi is wearing skates to apply wax to a wooden floor.In 1933, the year of this advertisement, Gandhi was the symbol of the defenders of the untouchables and the poor. He had just completed his long salt march.Johnson Cappiello's liquid wax shows that the exhausting work of the domestic staff responsible for maintaining the floors is greatly reduced.In terms of advertising, Gandhi's image had a definite impact, as he was very popular in France at the time.This sketch was originally made for Sapoli wax (see black & white photo).\",\"breadcrumb\":{\"@id\":\"https:\\\/\\\/cappiello.fr\\\/en\\\/produit\\\/charles-eneu-johnson-co\\\/#breadcrumb\"},\"inLanguage\":\"en-US\",\"potentialAction\":[{\"@type\":\"ReadAction\",\"target\":[\"https:\\\/\\\/cappiello.fr\\\/en\\\/produit\\\/charles-eneu-johnson-co\\\/\"]}]},{\"@type\":\"ImageObject\",\"inLanguage\":\"en-US\",\"@id\":\"https:\\\/\\\/cappiello.fr\\\/en\\\/produit\\\/charles-eneu-johnson-co\\\/#primaryimage\",\"url\":\"https:\\\/\\\/cappiello.fr\\\/wp-content\\\/uploads\\\/2024\\\/10\\\/Esquisse-affiche-publicitaire-johnson-cappiello-1933.jpg\",\"contentUrl\":\"https:\\\/\\\/cappiello.fr\\\/wp-content\\\/uploads\\\/2024\\\/10\\\/Esquisse-affiche-publicitaire-johnson-cappiello-1933.jpg\",\"width\":570,\"height\":800,\"caption\":\"Printing inks manufactured by Charles Eneu Johnson & Co in Philadelphia, Pennsylvania.\"},{\"@type\":\"BreadcrumbList\",\"@id\":\"https:\\\/\\\/cappiello.fr\\\/en\\\/produit\\\/charles-eneu-johnson-co\\\/#breadcrumb\",\"itemListElement\":[{\"@type\":\"ListItem\",\"position\":1,\"name\":\"Accueil\",\"item\":\"https:\\\/\\\/cappiello.fr\\\/en\\\/\"},{\"@type\":\"ListItem\",\"position\":2,\"name\":\"The works\",\"item\":\"https:\\\/\\\/cappiello.fr\\\/en\\\/the-works\\\/\"},{\"@type\":\"ListItem\",\"position\":3,\"name\":\"Johnson\"}]},{\"@type\":\"WebSite\",\"@id\":\"https:\\\/\\\/cappiello.fr\\\/en\\\/#website\",\"url\":\"https:\\\/\\\/cappiello.fr\\\/en\\\/\",\"name\":\"Catalogue raisonn\u00e9 de Leonetto Cappiello\",\"description\":\"Plongez dans l&#039;univers de Leonetto Cappiello, le p\u00e8re de la publicit\u00e9 moderne\",\"potentialAction\":[{\"@type\":\"SearchAction\",\"target\":{\"@type\":\"EntryPoint\",\"urlTemplate\":\"https:\\\/\\\/cappiello.fr\\\/en\\\/?s={search_term_string}\"},\"query-input\":{\"@type\":\"PropertyValueSpecification\",\"valueRequired\":true,\"valueName\":\"search_term_string\"}}],\"inLanguage\":\"en-US\"}]}<\/script>\n<meta property=\"product:price:currency\" content=\"EUR\" \/>\n<meta property=\"og:availability\" content=\"instock\" \/>\n<meta property=\"product:availability\" content=\"instock\" \/>\n<meta property=\"product:retailer_item_id\" content=\"1933049E0\" \/>\n<meta property=\"product:condition\" content=\"new\" \/>\n<!-- \/ Yoast SEO Premium plugin. -->","yoast_head_json":{"title":"Johnson - Catalogue Raisonn\u00e9 de Leonetto Cappiello","description":"Mahatma Gandhi is wearing skates to apply wax to a wooden floor.In 1933, the year of this advertisement, Gandhi was the symbol of the defenders of the untouchables and the poor. He had just completed his long salt march.Johnson Cappiello's liquid wax shows that the exhausting work of the domestic staff responsible for maintaining the floors is greatly reduced.In terms of advertising, Gandhi's image had a definite impact, as he was very popular in France at the time.This sketch was originally made for Sapoli wax (see black & white photo).","robots":{"index":"index","follow":"follow","max-snippet":"max-snippet:-1","max-image-preview":"max-image-preview:large","max-video-preview":"max-video-preview:-1"},"canonical":"https:\/\/cappiello.fr\/en\/produit\/charles-eneu-johnson-co\/","og_locale":"en_US","og_type":"article","og_title":"Johnson","og_description":"Mahatma Gandhi is wearing skates to apply wax to a wooden floor.In 1933, the year of this advertisement, Gandhi was the symbol of the defenders of the untouchables and the poor. He had just completed his long salt march.Johnson Cappiello's liquid wax shows that the exhausting work of the domestic staff responsible for maintaining the floors is greatly reduced.In terms of advertising, Gandhi's image had a definite impact, as he was very popular in France at the time.This sketch was originally made for Sapoli wax (see black & white photo).","og_url":"https:\/\/cappiello.fr\/en\/produit\/charles-eneu-johnson-co\/","og_site_name":"Catalogue raisonn\u00e9 de Leonetto Cappiello","article_modified_time":"2025-07-27T07:16:43+00:00","og_image":[{"width":570,"height":800,"url":"https:\/\/cappiello.fr\/wp-content\/uploads\/2024\/10\/Esquisse-affiche-publicitaire-johnson-cappiello-1933.jpg","type":"image\/jpeg"}],"twitter_card":"summary_large_image","twitter_title":"Johnson","twitter_description":"Mahatma Gandhi is wearing skates to apply wax to a wooden floor.In 1933, the year of this advertisement, Gandhi was the symbol of the defenders of the untouchables and the poor. He had just completed his long salt march.Johnson Cappiello's liquid wax shows that the exhausting work of the domestic staff responsible for maintaining the floors is greatly reduced.In terms of advertising, Gandhi's image had a definite impact, as he was very popular in France at the time.This sketch was originally made for Sapoli wax (see black & white photo).","twitter_misc":{"Price":"","Availability":"In stock"},"schema":{"@context":"https:\/\/schema.org","@graph":[{"@type":["WebPage","ItemPage"],"@id":"https:\/\/cappiello.fr\/en\/produit\/charles-eneu-johnson-co\/","url":"https:\/\/cappiello.fr\/en\/produit\/charles-eneu-johnson-co\/","name":"Johnson - Catalogue Raisonn\u00e9 de Leonetto Cappiello","isPartOf":{"@id":"https:\/\/cappiello.fr\/en\/#website"},"primaryImageOfPage":{"@id":"https:\/\/cappiello.fr\/en\/produit\/charles-eneu-johnson-co\/#primaryimage"},"image":{"@id":"https:\/\/cappiello.fr\/en\/produit\/charles-eneu-johnson-co\/#primaryimage"},"thumbnailUrl":"https:\/\/cappiello.fr\/wp-content\/uploads\/2024\/10\/Esquisse-affiche-publicitaire-johnson-cappiello-1933.jpg","datePublished":"1933-01-01T00:00:00+00:00","dateModified":"2025-07-27T07:16:43+00:00","description":"Mahatma Gandhi is wearing skates to apply wax to a wooden floor.In 1933, the year of this advertisement, Gandhi was the symbol of the defenders of the untouchables and the poor. He had just completed his long salt march.Johnson Cappiello's liquid wax shows that the exhausting work of the domestic staff responsible for maintaining the floors is greatly reduced.In terms of advertising, Gandhi's image had a definite impact, as he was very popular in France at the time.This sketch was originally made for Sapoli wax (see black & white photo).","breadcrumb":{"@id":"https:\/\/cappiello.fr\/en\/produit\/charles-eneu-johnson-co\/#breadcrumb"},"inLanguage":"en-US","potentialAction":[{"@type":"ReadAction","target":["https:\/\/cappiello.fr\/en\/produit\/charles-eneu-johnson-co\/"]}]},{"@type":"ImageObject","inLanguage":"en-US","@id":"https:\/\/cappiello.fr\/en\/produit\/charles-eneu-johnson-co\/#primaryimage","url":"https:\/\/cappiello.fr\/wp-content\/uploads\/2024\/10\/Esquisse-affiche-publicitaire-johnson-cappiello-1933.jpg","contentUrl":"https:\/\/cappiello.fr\/wp-content\/uploads\/2024\/10\/Esquisse-affiche-publicitaire-johnson-cappiello-1933.jpg","width":570,"height":800,"caption":"Printing inks manufactured by Charles Eneu Johnson & Co in Philadelphia, Pennsylvania."},{"@type":"BreadcrumbList","@id":"https:\/\/cappiello.fr\/en\/produit\/charles-eneu-johnson-co\/#breadcrumb","itemListElement":[{"@type":"ListItem","position":1,"name":"Accueil","item":"https:\/\/cappiello.fr\/en\/"},{"@type":"ListItem","position":2,"name":"The works","item":"https:\/\/cappiello.fr\/en\/the-works\/"},{"@type":"ListItem","position":3,"name":"Johnson"}]},{"@type":"WebSite","@id":"https:\/\/cappiello.fr\/en\/#website","url":"https:\/\/cappiello.fr\/en\/","name":"Catalogue raisonn\u00e9 de Leonetto Cappiello","description":"Plongez dans l&#039;univers de Leonetto Cappiello, le p\u00e8re de la publicit\u00e9 moderne","potentialAction":[{"@type":"SearchAction","target":{"@type":"EntryPoint","urlTemplate":"https:\/\/cappiello.fr\/en\/?s={search_term_string}"},"query-input":{"@type":"PropertyValueSpecification","valueRequired":true,"valueName":"search_term_string"}}],"inLanguage":"en-US"}]},"product_price_currency":"EUR","og_availability":"instock","product_availability":"instock","product_retailer_item_id":"1933049E0","product_condition":"new"},"_links":{"self":[{"href":"https:\/\/cappiello.fr\/en\/wp-json\/wp\/v2\/product\/130774","targetHints":{"allow":["GET"]}}],"collection":[{"href":"https:\/\/cappiello.fr\/en\/wp-json\/wp\/v2\/product"}],"about":[{"href":"https:\/\/cappiello.fr\/en\/wp-json\/wp\/v2\/types\/product"}],"wp:featuredmedia":[{"embeddable":true,"href":"https:\/\/cappiello.fr\/en\/wp-json\/wp\/v2\/media\/130775"}],"wp:attachment":[{"href":"https:\/\/cappiello.fr\/en\/wp-json\/wp\/v2\/media?parent=130774"}],"wp:term":[{"taxonomy":"type-doeuvre","embeddable":true,"href":"https:\/\/cappiello.fr\/en\/wp-json\/wp\/v2\/type-doeuvre?post=130774"},{"taxonomy":"product_brand","embeddable":true,"href":"https:\/\/cappiello.fr\/en\/wp-json\/wp\/v2\/product_brand?post=130774"},{"taxonomy":"product_cat","embeddable":true,"href":"https:\/\/cappiello.fr\/en\/wp-json\/wp\/v2\/product_cat?post=130774"},{"taxonomy":"product_tag","embeddable":true,"href":"https:\/\/cappiello.fr\/en\/wp-json\/wp\/v2\/product_tag?post=130774"}],"curies":[{"name":"wp","href":"https:\/\/api.w.org\/{rel}","templated":true}]}}