{"id":130777,"date":"1917-01-01T00:00:00","date_gmt":"1917-01-01T00:00:00","guid":{"rendered":"https:\/\/cappiello.fr\/produit\/serviette-du-soldat-la\/"},"modified":"2025-05-15T07:18:09","modified_gmt":"2025-05-15T05:18:09","slug":"serviette-du-soldat-la","status":"publish","type":"product","link":"https:\/\/cappiello.fr\/en\/produit\/serviette-du-soldat-la\/","title":{"rendered":"Serviette du Soldat (La)"},"content":{"rendered":"<p>A woman brings dry towels to soldiers showering in the open air.<br \/>\nPoster project featured on the cover of a brochure summarizing the social action of &#8220;The Soldier&#8217;s Towel.&#8221;<\/p>\n","protected":false},"excerpt":{"rendered":"<p>War effort established in May 1915. Its mission is to collect toilet linen to provide it free of charge to soldiers resting from the trenches, so they can dry off after a shower.<br \/>\n<br \/>A chief physician of a regiment writes to the President of La Serviette du Soldat on February 12, 1916: &#8220;I have the honor to report that my regiment is in possession of the portable shower unit from the Committee of Showers for the Front, but we have no towels to allow our soldiers to dry themselves. I would therefore be very grateful if you would agree to send me a stock of towels.&#8221;<\/p>\n","protected":false},"featured_media":130778,"template":"","meta":{"_acf_changed":false},"type-doeuvre":[4057],"product_brand":[],"product_cat":[3510],"product_tag":[3646,3480],"class_list":{"0":"post-130777","1":"product","2":"type-product","3":"status-publish","4":"has-post-thumbnail","6":"type-doeuvre-affiches","7":"product_cat-associative-or-political-movements","8":"product_tag-head-en-3","9":"product_tag-pre-en-3","10":"pa_periode-1900-1918-en","11":"pa_type-de-contenu-lithography","13":"first","14":"instock","15":"virtual","16":"product-type-simple"},"acf":[],"yoast_head":"<!-- This site is optimized with the Yoast SEO Premium plugin v27.0 (Yoast SEO v27.4) - https:\/\/yoast.com\/product\/yoast-seo-premium-wordpress\/ -->\n<title>Serviette du Soldat (La) - Catalogue Raisonn\u00e9 de Leonetto Cappiello<\/title>\n<meta name=\"description\" content=\"A woman brings dry towels to soldiers showering in the open air. Poster project featured on the cover of a brochure summarizing the social action of &quot;The Soldier&#039;s Towel.&quot;\" \/>\n<meta name=\"robots\" content=\"index, follow, max-snippet:-1, max-image-preview:large, max-video-preview:-1\" \/>\n<link rel=\"canonical\" href=\"https:\/\/cappiello.fr\/en\/produit\/serviette-du-soldat-la\/\" \/>\n<meta property=\"og:locale\" content=\"en_US\" \/>\n<meta property=\"og:type\" content=\"article\" \/>\n<meta property=\"og:title\" content=\"Serviette du Soldat (La)\" \/>\n<meta property=\"og:description\" content=\"A woman brings dry towels to soldiers showering in the open air. Poster project featured on the cover of a brochure summarizing the social action of &quot;The Soldier&#039;s Towel.&quot;\" \/>\n<meta property=\"og:url\" content=\"https:\/\/cappiello.fr\/en\/produit\/serviette-du-soldat-la\/\" \/>\n<meta property=\"og:site_name\" content=\"Catalogue raisonn\u00e9 de Leonetto Cappiello\" \/>\n<meta property=\"article:modified_time\" content=\"2025-05-15T05:18:09+00:00\" \/>\n<meta property=\"og:image\" content=\"https:\/\/cappiello.fr\/wp-content\/uploads\/2024\/10\/Lithographie-affiche-publicitaire-serviette-du-soldat-la-cappiello-1917.jpg\" \/>\n\t<meta property=\"og:image:width\" content=\"512\" \/>\n\t<meta property=\"og:image:height\" content=\"800\" \/>\n\t<meta property=\"og:image:type\" content=\"image\/jpeg\" \/>\n<meta name=\"twitter:card\" content=\"summary_large_image\" \/>\n<meta name=\"twitter:title\" content=\"Serviette du Soldat (La)\" \/>\n<meta name=\"twitter:description\" content=\"A woman brings dry towels to soldiers showering in the open air. Poster project featured on the cover of a brochure summarizing the social action of &quot;The Soldier&#039;s Towel.&quot;\" \/>\n<meta name=\"twitter:label1\" content=\"Price\" \/>\n\t<meta name=\"twitter:data1\" content=\"\" \/>\n\t<meta name=\"twitter:label2\" content=\"Availability\" \/>\n\t<meta name=\"twitter:data2\" content=\"In stock\" \/>\n<script type=\"application\/ld+json\" class=\"yoast-schema-graph\">{\"@context\":\"https:\\\/\\\/schema.org\",\"@graph\":[{\"@type\":[\"WebPage\",\"ItemPage\"],\"@id\":\"https:\\\/\\\/cappiello.fr\\\/en\\\/produit\\\/serviette-du-soldat-la\\\/\",\"url\":\"https:\\\/\\\/cappiello.fr\\\/en\\\/produit\\\/serviette-du-soldat-la\\\/\",\"name\":\"Serviette du Soldat (La) - Catalogue Raisonn\u00e9 de Leonetto Cappiello\",\"isPartOf\":{\"@id\":\"https:\\\/\\\/cappiello.fr\\\/en\\\/#website\"},\"primaryImageOfPage\":{\"@id\":\"https:\\\/\\\/cappiello.fr\\\/en\\\/produit\\\/serviette-du-soldat-la\\\/#primaryimage\"},\"image\":{\"@id\":\"https:\\\/\\\/cappiello.fr\\\/en\\\/produit\\\/serviette-du-soldat-la\\\/#primaryimage\"},\"thumbnailUrl\":\"https:\\\/\\\/cappiello.fr\\\/wp-content\\\/uploads\\\/2024\\\/10\\\/Lithographie-affiche-publicitaire-serviette-du-soldat-la-cappiello-1917.jpg\",\"datePublished\":\"1917-01-01T00:00:00+00:00\",\"dateModified\":\"2025-05-15T05:18:09+00:00\",\"description\":\"A woman brings dry towels to soldiers showering in the open air. Poster project featured on the cover of a brochure summarizing the social action of \\\"The Soldier's Towel.\\\"\",\"breadcrumb\":{\"@id\":\"https:\\\/\\\/cappiello.fr\\\/en\\\/produit\\\/serviette-du-soldat-la\\\/#breadcrumb\"},\"inLanguage\":\"en-US\",\"potentialAction\":[{\"@type\":\"ReadAction\",\"target\":[\"https:\\\/\\\/cappiello.fr\\\/en\\\/produit\\\/serviette-du-soldat-la\\\/\"]}]},{\"@type\":\"ImageObject\",\"inLanguage\":\"en-US\",\"@id\":\"https:\\\/\\\/cappiello.fr\\\/en\\\/produit\\\/serviette-du-soldat-la\\\/#primaryimage\",\"url\":\"https:\\\/\\\/cappiello.fr\\\/wp-content\\\/uploads\\\/2024\\\/10\\\/Lithographie-affiche-publicitaire-serviette-du-soldat-la-cappiello-1917.jpg\",\"contentUrl\":\"https:\\\/\\\/cappiello.fr\\\/wp-content\\\/uploads\\\/2024\\\/10\\\/Lithographie-affiche-publicitaire-serviette-du-soldat-la-cappiello-1917.jpg\",\"width\":512,\"height\":800,\"caption\":\"War relief organization founded in May 1915. Its mission is to collect toilet linen to provide it free of charge to soldiers resting from the trenches.\"},{\"@type\":\"BreadcrumbList\",\"@id\":\"https:\\\/\\\/cappiello.fr\\\/en\\\/produit\\\/serviette-du-soldat-la\\\/#breadcrumb\",\"itemListElement\":[{\"@type\":\"ListItem\",\"position\":1,\"name\":\"Accueil\",\"item\":\"https:\\\/\\\/cappiello.fr\\\/en\\\/\"},{\"@type\":\"ListItem\",\"position\":2,\"name\":\"The works\",\"item\":\"https:\\\/\\\/cappiello.fr\\\/en\\\/the-works\\\/\"},{\"@type\":\"ListItem\",\"position\":3,\"name\":\"Serviette du Soldat (La)\"}]},{\"@type\":\"WebSite\",\"@id\":\"https:\\\/\\\/cappiello.fr\\\/en\\\/#website\",\"url\":\"https:\\\/\\\/cappiello.fr\\\/en\\\/\",\"name\":\"Catalogue raisonn\u00e9 de Leonetto Cappiello\",\"description\":\"Plongez dans l&#039;univers de Leonetto Cappiello, le p\u00e8re de la publicit\u00e9 moderne\",\"potentialAction\":[{\"@type\":\"SearchAction\",\"target\":{\"@type\":\"EntryPoint\",\"urlTemplate\":\"https:\\\/\\\/cappiello.fr\\\/en\\\/?s={search_term_string}\"},\"query-input\":{\"@type\":\"PropertyValueSpecification\",\"valueRequired\":true,\"valueName\":\"search_term_string\"}}],\"inLanguage\":\"en-US\"}]}<\/script>\n<meta property=\"product:price:currency\" content=\"EUR\" \/>\n<meta property=\"og:availability\" content=\"instock\" \/>\n<meta property=\"product:availability\" content=\"instock\" \/>\n<meta property=\"product:retailer_item_id\" content=\"1917001B0\" \/>\n<meta property=\"product:condition\" content=\"new\" \/>\n<!-- \/ Yoast SEO Premium plugin. -->","yoast_head_json":{"title":"Serviette du Soldat (La) - Catalogue Raisonn\u00e9 de Leonetto Cappiello","description":"A woman brings dry towels to soldiers showering in the open air. Poster project featured on the cover of a brochure summarizing the social action of \"The Soldier's Towel.\"","robots":{"index":"index","follow":"follow","max-snippet":"max-snippet:-1","max-image-preview":"max-image-preview:large","max-video-preview":"max-video-preview:-1"},"canonical":"https:\/\/cappiello.fr\/en\/produit\/serviette-du-soldat-la\/","og_locale":"en_US","og_type":"article","og_title":"Serviette du Soldat (La)","og_description":"A woman brings dry towels to soldiers showering in the open air. Poster project featured on the cover of a brochure summarizing the social action of \"The Soldier's Towel.\"","og_url":"https:\/\/cappiello.fr\/en\/produit\/serviette-du-soldat-la\/","og_site_name":"Catalogue raisonn\u00e9 de Leonetto Cappiello","article_modified_time":"2025-05-15T05:18:09+00:00","og_image":[{"width":512,"height":800,"url":"https:\/\/cappiello.fr\/wp-content\/uploads\/2024\/10\/Lithographie-affiche-publicitaire-serviette-du-soldat-la-cappiello-1917.jpg","type":"image\/jpeg"}],"twitter_card":"summary_large_image","twitter_title":"Serviette du Soldat (La)","twitter_description":"A woman brings dry towels to soldiers showering in the open air. Poster project featured on the cover of a brochure summarizing the social action of \"The Soldier's Towel.\"","twitter_misc":{"Price":"","Availability":"In stock"},"schema":{"@context":"https:\/\/schema.org","@graph":[{"@type":["WebPage","ItemPage"],"@id":"https:\/\/cappiello.fr\/en\/produit\/serviette-du-soldat-la\/","url":"https:\/\/cappiello.fr\/en\/produit\/serviette-du-soldat-la\/","name":"Serviette du Soldat (La) - Catalogue Raisonn\u00e9 de Leonetto Cappiello","isPartOf":{"@id":"https:\/\/cappiello.fr\/en\/#website"},"primaryImageOfPage":{"@id":"https:\/\/cappiello.fr\/en\/produit\/serviette-du-soldat-la\/#primaryimage"},"image":{"@id":"https:\/\/cappiello.fr\/en\/produit\/serviette-du-soldat-la\/#primaryimage"},"thumbnailUrl":"https:\/\/cappiello.fr\/wp-content\/uploads\/2024\/10\/Lithographie-affiche-publicitaire-serviette-du-soldat-la-cappiello-1917.jpg","datePublished":"1917-01-01T00:00:00+00:00","dateModified":"2025-05-15T05:18:09+00:00","description":"A woman brings dry towels to soldiers showering in the open air. Poster project featured on the cover of a brochure summarizing the social action of \"The Soldier's Towel.\"","breadcrumb":{"@id":"https:\/\/cappiello.fr\/en\/produit\/serviette-du-soldat-la\/#breadcrumb"},"inLanguage":"en-US","potentialAction":[{"@type":"ReadAction","target":["https:\/\/cappiello.fr\/en\/produit\/serviette-du-soldat-la\/"]}]},{"@type":"ImageObject","inLanguage":"en-US","@id":"https:\/\/cappiello.fr\/en\/produit\/serviette-du-soldat-la\/#primaryimage","url":"https:\/\/cappiello.fr\/wp-content\/uploads\/2024\/10\/Lithographie-affiche-publicitaire-serviette-du-soldat-la-cappiello-1917.jpg","contentUrl":"https:\/\/cappiello.fr\/wp-content\/uploads\/2024\/10\/Lithographie-affiche-publicitaire-serviette-du-soldat-la-cappiello-1917.jpg","width":512,"height":800,"caption":"War relief organization founded in May 1915. Its mission is to collect toilet linen to provide it free of charge to soldiers resting from the trenches."},{"@type":"BreadcrumbList","@id":"https:\/\/cappiello.fr\/en\/produit\/serviette-du-soldat-la\/#breadcrumb","itemListElement":[{"@type":"ListItem","position":1,"name":"Accueil","item":"https:\/\/cappiello.fr\/en\/"},{"@type":"ListItem","position":2,"name":"The works","item":"https:\/\/cappiello.fr\/en\/the-works\/"},{"@type":"ListItem","position":3,"name":"Serviette du Soldat (La)"}]},{"@type":"WebSite","@id":"https:\/\/cappiello.fr\/en\/#website","url":"https:\/\/cappiello.fr\/en\/","name":"Catalogue raisonn\u00e9 de Leonetto Cappiello","description":"Plongez dans l&#039;univers de Leonetto Cappiello, le p\u00e8re de la publicit\u00e9 moderne","potentialAction":[{"@type":"SearchAction","target":{"@type":"EntryPoint","urlTemplate":"https:\/\/cappiello.fr\/en\/?s={search_term_string}"},"query-input":{"@type":"PropertyValueSpecification","valueRequired":true,"valueName":"search_term_string"}}],"inLanguage":"en-US"}]},"product_price_currency":"EUR","og_availability":"instock","product_availability":"instock","product_retailer_item_id":"1917001B0","product_condition":"new"},"_links":{"self":[{"href":"https:\/\/cappiello.fr\/en\/wp-json\/wp\/v2\/product\/130777","targetHints":{"allow":["GET"]}}],"collection":[{"href":"https:\/\/cappiello.fr\/en\/wp-json\/wp\/v2\/product"}],"about":[{"href":"https:\/\/cappiello.fr\/en\/wp-json\/wp\/v2\/types\/product"}],"wp:featuredmedia":[{"embeddable":true,"href":"https:\/\/cappiello.fr\/en\/wp-json\/wp\/v2\/media\/130778"}],"wp:attachment":[{"href":"https:\/\/cappiello.fr\/en\/wp-json\/wp\/v2\/media?parent=130777"}],"wp:term":[{"taxonomy":"type-doeuvre","embeddable":true,"href":"https:\/\/cappiello.fr\/en\/wp-json\/wp\/v2\/type-doeuvre?post=130777"},{"taxonomy":"product_brand","embeddable":true,"href":"https:\/\/cappiello.fr\/en\/wp-json\/wp\/v2\/product_brand?post=130777"},{"taxonomy":"product_cat","embeddable":true,"href":"https:\/\/cappiello.fr\/en\/wp-json\/wp\/v2\/product_cat?post=130777"},{"taxonomy":"product_tag","embeddable":true,"href":"https:\/\/cappiello.fr\/en\/wp-json\/wp\/v2\/product_tag?post=130777"}],"curies":[{"name":"wp","href":"https:\/\/api.w.org\/{rel}","templated":true}]}}