{"id":130812,"date":"1908-01-01T00:00:00","date_gmt":"1907-12-31T23:50:39","guid":{"rendered":"https:\/\/cappiello.fr\/produit\/cognac-la-grande-marque\/"},"modified":"2025-05-15T00:00:22","modified_gmt":"2025-05-14T22:00:22","slug":"cognac-la-grande-marque","status":"publish","type":"product","link":"https:\/\/cappiello.fr\/en\/produit\/cognac-la-grande-marque\/","title":{"rendered":"Cognac La Grande Marque"},"content":{"rendered":"<p>A woman dressed as a green ghost holds up two bottles of Cognac.<br \/>\nThis mysterious ghost augurs well for the future of Cognac.<\/p>\n","protected":false},"excerpt":{"rendered":"<p>Camus La Grande Marque, an independent cognac house since 1863. It has been run by the Camus family for 5 generations. <\/p>\n","protected":false},"featured_media":130814,"template":"","meta":{"_acf_changed":false},"type-doeuvre":[4057],"product_brand":[],"product_cat":[3426],"product_tag":[3290,3621,3467],"class_list":{"0":"post-130812","1":"product","2":"type-product","3":"status-publish","4":"has-post-thumbnail","6":"type-doeuvre-affiches","7":"product_cat-eaux-de-vie","8":"product_tag-mustache-en","9":"product_tag-apron-en-5","10":"product_tag-rose-en-5","11":"pa_periode-1900-1918-en","12":"pa_type-de-contenu-lithography","14":"first","15":"instock","16":"virtual","17":"product-type-simple"},"acf":[],"yoast_head":"<!-- This site is optimized with the Yoast SEO Premium plugin v27.0 (Yoast SEO v27.4) - https:\/\/yoast.com\/product\/yoast-seo-premium-wordpress\/ -->\n<title>Cognac La Grande Marque - Catalogue Raisonn\u00e9 of Leonetto Cappiello<\/title>\n<meta name=\"description\" content=\"A woman dressed like a green ghost, wields two bottles of Cognac. This ghost full of mystery makes us foresee the best for this alcohol.\" \/>\n<meta name=\"robots\" content=\"index, follow, max-snippet:-1, max-image-preview:large, max-video-preview:-1\" \/>\n<link rel=\"canonical\" href=\"https:\/\/cappiello.fr\/en\/produit\/cognac-la-grande-marque\/\" \/>\n<meta property=\"og:locale\" content=\"en_US\" \/>\n<meta property=\"og:type\" content=\"article\" \/>\n<meta property=\"og:title\" content=\"Cognac La Grande Marque\" \/>\n<meta property=\"og:description\" content=\"A woman dressed like a green ghost, wields two bottles of Cognac. This ghost full of mystery makes us foresee the best for this alcohol.\" \/>\n<meta property=\"og:url\" content=\"https:\/\/cappiello.fr\/en\/produit\/cognac-la-grande-marque\/\" \/>\n<meta property=\"og:site_name\" content=\"Catalogue raisonn\u00e9 de Leonetto Cappiello\" \/>\n<meta property=\"article:modified_time\" content=\"2025-05-14T22:00:22+00:00\" \/>\n<meta property=\"og:image\" content=\"https:\/\/cappiello.fr\/wp-content\/uploads\/2024\/10\/Lithographie-affiche-publicitaire-cognac-la-grande-marque-cappiello-1908.jpg\" \/>\n\t<meta property=\"og:image:width\" content=\"594\" \/>\n\t<meta property=\"og:image:height\" content=\"800\" \/>\n\t<meta property=\"og:image:type\" content=\"image\/jpeg\" \/>\n<meta name=\"twitter:card\" content=\"summary_large_image\" \/>\n<meta name=\"twitter:title\" content=\"Cognac La Grande Marque\" \/>\n<meta name=\"twitter:description\" content=\"A woman dressed like a green ghost, wields two bottles of Cognac. This ghost full of mystery makes us foresee the best for this alcohol.\" \/>\n<meta name=\"twitter:label1\" content=\"Price\" \/>\n\t<meta name=\"twitter:data1\" content=\"\" \/>\n\t<meta name=\"twitter:label2\" content=\"Availability\" \/>\n\t<meta name=\"twitter:data2\" content=\"In stock\" \/>\n<script type=\"application\/ld+json\" class=\"yoast-schema-graph\">{\"@context\":\"https:\\\/\\\/schema.org\",\"@graph\":[{\"@type\":[\"WebPage\",\"ItemPage\"],\"@id\":\"https:\\\/\\\/cappiello.fr\\\/en\\\/produit\\\/cognac-la-grande-marque\\\/\",\"url\":\"https:\\\/\\\/cappiello.fr\\\/en\\\/produit\\\/cognac-la-grande-marque\\\/\",\"name\":\"Cognac La Grande Marque - Catalogue Raisonn\u00e9 of Leonetto Cappiello\",\"isPartOf\":{\"@id\":\"https:\\\/\\\/cappiello.fr\\\/en\\\/#website\"},\"primaryImageOfPage\":{\"@id\":\"https:\\\/\\\/cappiello.fr\\\/en\\\/produit\\\/cognac-la-grande-marque\\\/#primaryimage\"},\"image\":{\"@id\":\"https:\\\/\\\/cappiello.fr\\\/en\\\/produit\\\/cognac-la-grande-marque\\\/#primaryimage\"},\"thumbnailUrl\":\"https:\\\/\\\/cappiello.fr\\\/wp-content\\\/uploads\\\/2024\\\/10\\\/Lithographie-affiche-publicitaire-cognac-la-grande-marque-cappiello-1908.jpg\",\"datePublished\":\"1907-12-31T23:50:39+00:00\",\"dateModified\":\"2025-05-14T22:00:22+00:00\",\"description\":\"A woman dressed like a green ghost, wields two bottles of Cognac. This ghost full of mystery makes us foresee the best for this alcohol.\",\"breadcrumb\":{\"@id\":\"https:\\\/\\\/cappiello.fr\\\/en\\\/produit\\\/cognac-la-grande-marque\\\/#breadcrumb\"},\"inLanguage\":\"en-US\",\"potentialAction\":[{\"@type\":\"ReadAction\",\"target\":[\"https:\\\/\\\/cappiello.fr\\\/en\\\/produit\\\/cognac-la-grande-marque\\\/\"]}]},{\"@type\":\"ImageObject\",\"inLanguage\":\"en-US\",\"@id\":\"https:\\\/\\\/cappiello.fr\\\/en\\\/produit\\\/cognac-la-grande-marque\\\/#primaryimage\",\"url\":\"https:\\\/\\\/cappiello.fr\\\/wp-content\\\/uploads\\\/2024\\\/10\\\/Lithographie-affiche-publicitaire-cognac-la-grande-marque-cappiello-1908.jpg\",\"contentUrl\":\"https:\\\/\\\/cappiello.fr\\\/wp-content\\\/uploads\\\/2024\\\/10\\\/Lithographie-affiche-publicitaire-cognac-la-grande-marque-cappiello-1908.jpg\",\"width\":594,\"height\":800,\"caption\":\"Camus The Great Brand\"},{\"@type\":\"BreadcrumbList\",\"@id\":\"https:\\\/\\\/cappiello.fr\\\/en\\\/produit\\\/cognac-la-grande-marque\\\/#breadcrumb\",\"itemListElement\":[{\"@type\":\"ListItem\",\"position\":1,\"name\":\"Accueil\",\"item\":\"https:\\\/\\\/cappiello.fr\\\/en\\\/\"},{\"@type\":\"ListItem\",\"position\":2,\"name\":\"The works\",\"item\":\"https:\\\/\\\/cappiello.fr\\\/en\\\/the-works\\\/\"},{\"@type\":\"ListItem\",\"position\":3,\"name\":\"Cognac La Grande Marque\"}]},{\"@type\":\"WebSite\",\"@id\":\"https:\\\/\\\/cappiello.fr\\\/en\\\/#website\",\"url\":\"https:\\\/\\\/cappiello.fr\\\/en\\\/\",\"name\":\"Catalogue raisonn\u00e9 de Leonetto Cappiello\",\"description\":\"Plongez dans l&#039;univers de Leonetto Cappiello, le p\u00e8re de la publicit\u00e9 moderne\",\"potentialAction\":[{\"@type\":\"SearchAction\",\"target\":{\"@type\":\"EntryPoint\",\"urlTemplate\":\"https:\\\/\\\/cappiello.fr\\\/en\\\/?s={search_term_string}\"},\"query-input\":{\"@type\":\"PropertyValueSpecification\",\"valueRequired\":true,\"valueName\":\"search_term_string\"}}],\"inLanguage\":\"en-US\"}]}<\/script>\n<meta property=\"product:price:currency\" content=\"EUR\" \/>\n<meta property=\"og:availability\" content=\"instock\" \/>\n<meta property=\"product:availability\" content=\"instock\" \/>\n<meta property=\"product:retailer_item_id\" content=\"1908001Z0 et 1908001Z0\" \/>\n<meta property=\"product:condition\" content=\"new\" \/>\n<!-- \/ Yoast SEO Premium plugin. -->","yoast_head_json":{"title":"Cognac La Grande Marque - Catalogue Raisonn\u00e9 of Leonetto Cappiello","description":"A woman dressed like a green ghost, wields two bottles of Cognac. This ghost full of mystery makes us foresee the best for this alcohol.","robots":{"index":"index","follow":"follow","max-snippet":"max-snippet:-1","max-image-preview":"max-image-preview:large","max-video-preview":"max-video-preview:-1"},"canonical":"https:\/\/cappiello.fr\/en\/produit\/cognac-la-grande-marque\/","og_locale":"en_US","og_type":"article","og_title":"Cognac La Grande Marque","og_description":"A woman dressed like a green ghost, wields two bottles of Cognac. This ghost full of mystery makes us foresee the best for this alcohol.","og_url":"https:\/\/cappiello.fr\/en\/produit\/cognac-la-grande-marque\/","og_site_name":"Catalogue raisonn\u00e9 de Leonetto Cappiello","article_modified_time":"2025-05-14T22:00:22+00:00","og_image":[{"width":594,"height":800,"url":"https:\/\/cappiello.fr\/wp-content\/uploads\/2024\/10\/Lithographie-affiche-publicitaire-cognac-la-grande-marque-cappiello-1908.jpg","type":"image\/jpeg"}],"twitter_card":"summary_large_image","twitter_title":"Cognac La Grande Marque","twitter_description":"A woman dressed like a green ghost, wields two bottles of Cognac. This ghost full of mystery makes us foresee the best for this alcohol.","twitter_misc":{"Price":"","Availability":"In stock"},"schema":{"@context":"https:\/\/schema.org","@graph":[{"@type":["WebPage","ItemPage"],"@id":"https:\/\/cappiello.fr\/en\/produit\/cognac-la-grande-marque\/","url":"https:\/\/cappiello.fr\/en\/produit\/cognac-la-grande-marque\/","name":"Cognac La Grande Marque - Catalogue Raisonn\u00e9 of Leonetto Cappiello","isPartOf":{"@id":"https:\/\/cappiello.fr\/en\/#website"},"primaryImageOfPage":{"@id":"https:\/\/cappiello.fr\/en\/produit\/cognac-la-grande-marque\/#primaryimage"},"image":{"@id":"https:\/\/cappiello.fr\/en\/produit\/cognac-la-grande-marque\/#primaryimage"},"thumbnailUrl":"https:\/\/cappiello.fr\/wp-content\/uploads\/2024\/10\/Lithographie-affiche-publicitaire-cognac-la-grande-marque-cappiello-1908.jpg","datePublished":"1907-12-31T23:50:39+00:00","dateModified":"2025-05-14T22:00:22+00:00","description":"A woman dressed like a green ghost, wields two bottles of Cognac. This ghost full of mystery makes us foresee the best for this alcohol.","breadcrumb":{"@id":"https:\/\/cappiello.fr\/en\/produit\/cognac-la-grande-marque\/#breadcrumb"},"inLanguage":"en-US","potentialAction":[{"@type":"ReadAction","target":["https:\/\/cappiello.fr\/en\/produit\/cognac-la-grande-marque\/"]}]},{"@type":"ImageObject","inLanguage":"en-US","@id":"https:\/\/cappiello.fr\/en\/produit\/cognac-la-grande-marque\/#primaryimage","url":"https:\/\/cappiello.fr\/wp-content\/uploads\/2024\/10\/Lithographie-affiche-publicitaire-cognac-la-grande-marque-cappiello-1908.jpg","contentUrl":"https:\/\/cappiello.fr\/wp-content\/uploads\/2024\/10\/Lithographie-affiche-publicitaire-cognac-la-grande-marque-cappiello-1908.jpg","width":594,"height":800,"caption":"Camus The Great Brand"},{"@type":"BreadcrumbList","@id":"https:\/\/cappiello.fr\/en\/produit\/cognac-la-grande-marque\/#breadcrumb","itemListElement":[{"@type":"ListItem","position":1,"name":"Accueil","item":"https:\/\/cappiello.fr\/en\/"},{"@type":"ListItem","position":2,"name":"The works","item":"https:\/\/cappiello.fr\/en\/the-works\/"},{"@type":"ListItem","position":3,"name":"Cognac La Grande Marque"}]},{"@type":"WebSite","@id":"https:\/\/cappiello.fr\/en\/#website","url":"https:\/\/cappiello.fr\/en\/","name":"Catalogue raisonn\u00e9 de Leonetto Cappiello","description":"Plongez dans l&#039;univers de Leonetto Cappiello, le p\u00e8re de la publicit\u00e9 moderne","potentialAction":[{"@type":"SearchAction","target":{"@type":"EntryPoint","urlTemplate":"https:\/\/cappiello.fr\/en\/?s={search_term_string}"},"query-input":{"@type":"PropertyValueSpecification","valueRequired":true,"valueName":"search_term_string"}}],"inLanguage":"en-US"}]},"product_price_currency":"EUR","og_availability":"instock","product_availability":"instock","product_retailer_item_id":"1908001Z0 et 1908001Z0","product_condition":"new"},"_links":{"self":[{"href":"https:\/\/cappiello.fr\/en\/wp-json\/wp\/v2\/product\/130812","targetHints":{"allow":["GET"]}}],"collection":[{"href":"https:\/\/cappiello.fr\/en\/wp-json\/wp\/v2\/product"}],"about":[{"href":"https:\/\/cappiello.fr\/en\/wp-json\/wp\/v2\/types\/product"}],"wp:featuredmedia":[{"embeddable":true,"href":"https:\/\/cappiello.fr\/en\/wp-json\/wp\/v2\/media\/130814"}],"wp:attachment":[{"href":"https:\/\/cappiello.fr\/en\/wp-json\/wp\/v2\/media?parent=130812"}],"wp:term":[{"taxonomy":"type-doeuvre","embeddable":true,"href":"https:\/\/cappiello.fr\/en\/wp-json\/wp\/v2\/type-doeuvre?post=130812"},{"taxonomy":"product_brand","embeddable":true,"href":"https:\/\/cappiello.fr\/en\/wp-json\/wp\/v2\/product_brand?post=130812"},{"taxonomy":"product_cat","embeddable":true,"href":"https:\/\/cappiello.fr\/en\/wp-json\/wp\/v2\/product_cat?post=130812"},{"taxonomy":"product_tag","embeddable":true,"href":"https:\/\/cappiello.fr\/en\/wp-json\/wp\/v2\/product_tag?post=130812"}],"curies":[{"name":"wp","href":"https:\/\/api.w.org\/{rel}","templated":true}]}}