{"id":130856,"date":"1909-01-01T00:00:00","date_gmt":"1908-12-31T23:50:39","guid":{"rendered":"https:\/\/cappiello.fr\/produit\/cigarillos-mitre\/"},"modified":"2025-05-21T19:15:24","modified_gmt":"2025-05-21T17:15:24","slug":"cigarillos-mitre","status":"publish","type":"product","link":"https:\/\/cappiello.fr\/en\/produit\/cigarillos-mitre\/","title":{"rendered":"Cigarillos Mitre"},"content":{"rendered":"<p>Two ethereal women smoke a cigarette while displaying the effigy of Bartolom\u00e9 Mitre.<\/p>\n","protected":false},"excerpt":{"rendered":"<p>Cigarettes produced by the Compa\u00f1ia General de Tabacos. The name of this cigarette was given in honor of the general and president of Argentina Bartolom\u00e9 Mitre (1821 &#8211; 1906).<\/p>\n","protected":false},"featured_media":134091,"template":"","meta":{"_acf_changed":false},"type-doeuvre":[4057],"product_brand":[],"product_cat":[3329],"product_tag":[3395,3331,3300,3725,3409],"class_list":{"0":"post-130856","1":"product","2":"type-product","3":"status-publish","4":"has-post-thumbnail","6":"type-doeuvre-affiches","7":"product_cat-tobacco-and-matches","8":"product_tag-flame","9":"product_tag-smile-en","10":"product_tag-show-en-2","11":"product_tag-towel","12":"product_tag-flower","13":"pa_periode-1900-1918-en","14":"pa_type-de-contenu-lithography","16":"first","17":"instock","18":"virtual","19":"product-type-simple"},"acf":[],"yoast_head":"<!-- This site is optimized with the Yoast SEO Premium plugin v27.0 (Yoast SEO v27.4) - https:\/\/yoast.com\/product\/yoast-seo-premium-wordpress\/ -->\n<title>Cigarillos Mitre - Catalogue Raisonn\u00e9 de Leonetto Cappiello<\/title>\n<meta name=\"description\" content=\"Two ethereal women smoke a cigarette while displaying the effigy of Bartolom\u00e9 Mitre.\" \/>\n<meta name=\"robots\" content=\"index, follow, max-snippet:-1, max-image-preview:large, max-video-preview:-1\" \/>\n<link rel=\"canonical\" href=\"https:\/\/cappiello.fr\/en\/produit\/cigarillos-mitre\/\" \/>\n<meta property=\"og:locale\" content=\"en_US\" \/>\n<meta property=\"og:type\" content=\"article\" \/>\n<meta property=\"og:title\" content=\"Cigarillos Mitre\" \/>\n<meta property=\"og:description\" content=\"Two ethereal women smoke a cigarette while displaying the effigy of Bartolom\u00e9 Mitre.\" \/>\n<meta property=\"og:url\" content=\"https:\/\/cappiello.fr\/en\/produit\/cigarillos-mitre\/\" \/>\n<meta property=\"og:site_name\" content=\"Catalogue raisonn\u00e9 de Leonetto Cappiello\" \/>\n<meta property=\"article:modified_time\" content=\"2025-05-21T17:15:24+00:00\" \/>\n<meta property=\"og:image\" content=\"https:\/\/cappiello.fr\/wp-content\/uploads\/2024\/10\/Lithographie-affiche-publicitaire-cigarillos-mitre-cappiello-1909.jpg\" \/>\n\t<meta property=\"og:image:width\" content=\"601\" \/>\n\t<meta property=\"og:image:height\" content=\"800\" \/>\n\t<meta property=\"og:image:type\" content=\"image\/jpeg\" \/>\n<meta name=\"twitter:card\" content=\"summary_large_image\" \/>\n<meta name=\"twitter:title\" content=\"Cigarillos Mitre\" \/>\n<meta name=\"twitter:description\" content=\"Two ethereal women smoke a cigarette while displaying the effigy of Bartolom\u00e9 Mitre.\" \/>\n<meta name=\"twitter:label1\" content=\"Price\" \/>\n\t<meta name=\"twitter:data1\" content=\"\" \/>\n\t<meta name=\"twitter:label2\" content=\"Availability\" \/>\n\t<meta name=\"twitter:data2\" content=\"In stock\" \/>\n<script type=\"application\/ld+json\" class=\"yoast-schema-graph\">{\"@context\":\"https:\\\/\\\/schema.org\",\"@graph\":[{\"@type\":[\"WebPage\",\"ItemPage\"],\"@id\":\"https:\\\/\\\/cappiello.fr\\\/en\\\/produit\\\/cigarillos-mitre\\\/\",\"url\":\"https:\\\/\\\/cappiello.fr\\\/en\\\/produit\\\/cigarillos-mitre\\\/\",\"name\":\"Cigarillos Mitre - Catalogue Raisonn\u00e9 de Leonetto Cappiello\",\"isPartOf\":{\"@id\":\"https:\\\/\\\/cappiello.fr\\\/en\\\/#website\"},\"primaryImageOfPage\":{\"@id\":\"https:\\\/\\\/cappiello.fr\\\/en\\\/produit\\\/cigarillos-mitre\\\/#primaryimage\"},\"image\":{\"@id\":\"https:\\\/\\\/cappiello.fr\\\/en\\\/produit\\\/cigarillos-mitre\\\/#primaryimage\"},\"thumbnailUrl\":\"https:\\\/\\\/cappiello.fr\\\/wp-content\\\/uploads\\\/2024\\\/10\\\/Lithographie-affiche-publicitaire-cigarillos-mitre-cappiello-1909.jpg\",\"datePublished\":\"1908-12-31T23:50:39+00:00\",\"dateModified\":\"2025-05-21T17:15:24+00:00\",\"description\":\"Two ethereal women smoke a cigarette while displaying the effigy of Bartolom\u00e9 Mitre.\",\"breadcrumb\":{\"@id\":\"https:\\\/\\\/cappiello.fr\\\/en\\\/produit\\\/cigarillos-mitre\\\/#breadcrumb\"},\"inLanguage\":\"en-US\",\"potentialAction\":[{\"@type\":\"ReadAction\",\"target\":[\"https:\\\/\\\/cappiello.fr\\\/en\\\/produit\\\/cigarillos-mitre\\\/\"]}]},{\"@type\":\"ImageObject\",\"inLanguage\":\"en-US\",\"@id\":\"https:\\\/\\\/cappiello.fr\\\/en\\\/produit\\\/cigarillos-mitre\\\/#primaryimage\",\"url\":\"https:\\\/\\\/cappiello.fr\\\/wp-content\\\/uploads\\\/2024\\\/10\\\/Lithographie-affiche-publicitaire-cigarillos-mitre-cappiello-1909.jpg\",\"contentUrl\":\"https:\\\/\\\/cappiello.fr\\\/wp-content\\\/uploads\\\/2024\\\/10\\\/Lithographie-affiche-publicitaire-cigarillos-mitre-cappiello-1909.jpg\",\"width\":601,\"height\":800,\"caption\":\"Cigarettes produites par la Compa\u00f1ia General de Tabacos. Le nom de cette cigarette a \u00e9t\u00e9 donn\u00e9 en hommage au g\u00e9n\u00e9ral et pr\u00e9sident de l'Argentine Bartolom\u00e9 Mitre (1821 - 1906).\"},{\"@type\":\"BreadcrumbList\",\"@id\":\"https:\\\/\\\/cappiello.fr\\\/en\\\/produit\\\/cigarillos-mitre\\\/#breadcrumb\",\"itemListElement\":[{\"@type\":\"ListItem\",\"position\":1,\"name\":\"Accueil\",\"item\":\"https:\\\/\\\/cappiello.fr\\\/en\\\/\"},{\"@type\":\"ListItem\",\"position\":2,\"name\":\"The works\",\"item\":\"https:\\\/\\\/cappiello.fr\\\/en\\\/the-works\\\/\"},{\"@type\":\"ListItem\",\"position\":3,\"name\":\"Cigarillos Mitre\"}]},{\"@type\":\"WebSite\",\"@id\":\"https:\\\/\\\/cappiello.fr\\\/en\\\/#website\",\"url\":\"https:\\\/\\\/cappiello.fr\\\/en\\\/\",\"name\":\"Catalogue raisonn\u00e9 de Leonetto Cappiello\",\"description\":\"Plongez dans l&#039;univers de Leonetto Cappiello, le p\u00e8re de la publicit\u00e9 moderne\",\"potentialAction\":[{\"@type\":\"SearchAction\",\"target\":{\"@type\":\"EntryPoint\",\"urlTemplate\":\"https:\\\/\\\/cappiello.fr\\\/en\\\/?s={search_term_string}\"},\"query-input\":{\"@type\":\"PropertyValueSpecification\",\"valueRequired\":true,\"valueName\":\"search_term_string\"}}],\"inLanguage\":\"en-US\"}]}<\/script>\n<meta property=\"product:price:currency\" content=\"EUR\" \/>\n<meta property=\"og:availability\" content=\"instock\" \/>\n<meta property=\"product:availability\" content=\"instock\" \/>\n<meta property=\"product:retailer_item_id\" content=\"1909012Z0 et 1909012Z1\" \/>\n<meta property=\"product:condition\" content=\"new\" \/>\n<!-- \/ Yoast SEO Premium plugin. -->","yoast_head_json":{"title":"Cigarillos Mitre - Catalogue Raisonn\u00e9 de Leonetto Cappiello","description":"Two ethereal women smoke a cigarette while displaying the effigy of Bartolom\u00e9 Mitre.","robots":{"index":"index","follow":"follow","max-snippet":"max-snippet:-1","max-image-preview":"max-image-preview:large","max-video-preview":"max-video-preview:-1"},"canonical":"https:\/\/cappiello.fr\/en\/produit\/cigarillos-mitre\/","og_locale":"en_US","og_type":"article","og_title":"Cigarillos Mitre","og_description":"Two ethereal women smoke a cigarette while displaying the effigy of Bartolom\u00e9 Mitre.","og_url":"https:\/\/cappiello.fr\/en\/produit\/cigarillos-mitre\/","og_site_name":"Catalogue raisonn\u00e9 de Leonetto Cappiello","article_modified_time":"2025-05-21T17:15:24+00:00","og_image":[{"width":601,"height":800,"url":"https:\/\/cappiello.fr\/wp-content\/uploads\/2024\/10\/Lithographie-affiche-publicitaire-cigarillos-mitre-cappiello-1909.jpg","type":"image\/jpeg"}],"twitter_card":"summary_large_image","twitter_title":"Cigarillos Mitre","twitter_description":"Two ethereal women smoke a cigarette while displaying the effigy of Bartolom\u00e9 Mitre.","twitter_misc":{"Price":"","Availability":"In stock"},"schema":{"@context":"https:\/\/schema.org","@graph":[{"@type":["WebPage","ItemPage"],"@id":"https:\/\/cappiello.fr\/en\/produit\/cigarillos-mitre\/","url":"https:\/\/cappiello.fr\/en\/produit\/cigarillos-mitre\/","name":"Cigarillos Mitre - Catalogue Raisonn\u00e9 de Leonetto Cappiello","isPartOf":{"@id":"https:\/\/cappiello.fr\/en\/#website"},"primaryImageOfPage":{"@id":"https:\/\/cappiello.fr\/en\/produit\/cigarillos-mitre\/#primaryimage"},"image":{"@id":"https:\/\/cappiello.fr\/en\/produit\/cigarillos-mitre\/#primaryimage"},"thumbnailUrl":"https:\/\/cappiello.fr\/wp-content\/uploads\/2024\/10\/Lithographie-affiche-publicitaire-cigarillos-mitre-cappiello-1909.jpg","datePublished":"1908-12-31T23:50:39+00:00","dateModified":"2025-05-21T17:15:24+00:00","description":"Two ethereal women smoke a cigarette while displaying the effigy of Bartolom\u00e9 Mitre.","breadcrumb":{"@id":"https:\/\/cappiello.fr\/en\/produit\/cigarillos-mitre\/#breadcrumb"},"inLanguage":"en-US","potentialAction":[{"@type":"ReadAction","target":["https:\/\/cappiello.fr\/en\/produit\/cigarillos-mitre\/"]}]},{"@type":"ImageObject","inLanguage":"en-US","@id":"https:\/\/cappiello.fr\/en\/produit\/cigarillos-mitre\/#primaryimage","url":"https:\/\/cappiello.fr\/wp-content\/uploads\/2024\/10\/Lithographie-affiche-publicitaire-cigarillos-mitre-cappiello-1909.jpg","contentUrl":"https:\/\/cappiello.fr\/wp-content\/uploads\/2024\/10\/Lithographie-affiche-publicitaire-cigarillos-mitre-cappiello-1909.jpg","width":601,"height":800,"caption":"Cigarettes produites par la Compa\u00f1ia General de Tabacos. Le nom de cette cigarette a \u00e9t\u00e9 donn\u00e9 en hommage au g\u00e9n\u00e9ral et pr\u00e9sident de l'Argentine Bartolom\u00e9 Mitre (1821 - 1906)."},{"@type":"BreadcrumbList","@id":"https:\/\/cappiello.fr\/en\/produit\/cigarillos-mitre\/#breadcrumb","itemListElement":[{"@type":"ListItem","position":1,"name":"Accueil","item":"https:\/\/cappiello.fr\/en\/"},{"@type":"ListItem","position":2,"name":"The works","item":"https:\/\/cappiello.fr\/en\/the-works\/"},{"@type":"ListItem","position":3,"name":"Cigarillos Mitre"}]},{"@type":"WebSite","@id":"https:\/\/cappiello.fr\/en\/#website","url":"https:\/\/cappiello.fr\/en\/","name":"Catalogue raisonn\u00e9 de Leonetto Cappiello","description":"Plongez dans l&#039;univers de Leonetto Cappiello, le p\u00e8re de la publicit\u00e9 moderne","potentialAction":[{"@type":"SearchAction","target":{"@type":"EntryPoint","urlTemplate":"https:\/\/cappiello.fr\/en\/?s={search_term_string}"},"query-input":{"@type":"PropertyValueSpecification","valueRequired":true,"valueName":"search_term_string"}}],"inLanguage":"en-US"}]},"product_price_currency":"EUR","og_availability":"instock","product_availability":"instock","product_retailer_item_id":"1909012Z0 et 1909012Z1","product_condition":"new"},"_links":{"self":[{"href":"https:\/\/cappiello.fr\/en\/wp-json\/wp\/v2\/product\/130856","targetHints":{"allow":["GET"]}}],"collection":[{"href":"https:\/\/cappiello.fr\/en\/wp-json\/wp\/v2\/product"}],"about":[{"href":"https:\/\/cappiello.fr\/en\/wp-json\/wp\/v2\/types\/product"}],"wp:featuredmedia":[{"embeddable":true,"href":"https:\/\/cappiello.fr\/en\/wp-json\/wp\/v2\/media\/134091"}],"wp:attachment":[{"href":"https:\/\/cappiello.fr\/en\/wp-json\/wp\/v2\/media?parent=130856"}],"wp:term":[{"taxonomy":"type-doeuvre","embeddable":true,"href":"https:\/\/cappiello.fr\/en\/wp-json\/wp\/v2\/type-doeuvre?post=130856"},{"taxonomy":"product_brand","embeddable":true,"href":"https:\/\/cappiello.fr\/en\/wp-json\/wp\/v2\/product_brand?post=130856"},{"taxonomy":"product_cat","embeddable":true,"href":"https:\/\/cappiello.fr\/en\/wp-json\/wp\/v2\/product_cat?post=130856"},{"taxonomy":"product_tag","embeddable":true,"href":"https:\/\/cappiello.fr\/en\/wp-json\/wp\/v2\/product_tag?post=130856"}],"curies":[{"name":"wp","href":"https:\/\/api.w.org\/{rel}","templated":true}]}}