{"id":130967,"date":"1931-01-01T00:00:00","date_gmt":"1931-01-01T00:00:00","guid":{"rendered":"https:\/\/cappiello.fr\/produit\/toile-davion\/"},"modified":"2025-05-14T23:36:11","modified_gmt":"2025-05-14T21:36:11","slug":"toile-davion","status":"publish","type":"product","link":"https:\/\/cappiello.fr\/en\/produit\/toile-davion\/","title":{"rendered":"Toile d&#8217;avion"},"content":{"rendered":"<p>A woman, wearing a dress adorned with many multicolored flounces, stretches an aircraft canvas above her head. She thus demonstrates the possible color variations and the strength of this fabric.<br \/>\nIn the background, a taking-off airplane is sketched.<\/p>\n","protected":false},"excerpt":{"rendered":"<p>Aircraft fabric &#8211; second sketch (see <a href=\"https:\/\/cappiello.fr\/en\/produit\/toile-davion-3\/\">first<\/a> and <a href=\"https:\/\/cappiello.fr\/en\/produit\/toile-davion-2\/\">third<\/a> sketch).<br \/> During World War I, Marcel Boussac secured the contract for aircraft fabric. In 1919, he bought all the surplus aircraft fabric at a low price and, with this indestructible material, he made blouses, soft-collar shirts, and invented pajamas. He then set up his own stores, &#8220;A la Toile d&#8217;avion,&#8221; which would become successful.<\/p>\n","protected":false},"featured_media":130976,"template":"","meta":{"_acf_changed":false},"type-doeuvre":[4057],"product_brand":[],"product_cat":[3419],"product_tag":[3826,3496,3747,3386],"class_list":{"0":"post-130967","1":"product","2":"type-product","3":"status-publish","4":"has-post-thumbnail","6":"type-doeuvre-affiches","7":"product_cat-fabrics-textile-fibers","8":"product_tag-long-dress-en-5","9":"product_tag-dress-en","10":"product_tag-silk-fabric","11":"product_tag-head","12":"pa_periode-1930-1940-en","13":"pa_type-de-contenu-esquisse-en","15":"first","16":"instock","17":"virtual","18":"product-type-simple"},"acf":[],"yoast_head":"<!-- This site is optimized with the Yoast SEO Premium plugin v27.0 (Yoast SEO v27.4) - https:\/\/yoast.com\/product\/yoast-seo-premium-wordpress\/ -->\n<title>Toile d&#039;avion - Catalogue Raisonn\u00e9 de Leonetto Cappiello<\/title>\n<meta name=\"description\" content=\"A woman, in a dress adorned with many multicolored flounces, stretches an airplane canvas above her head. She thus demonstrates the possible color variations and the strength of this canvas. In the background, an airplane taking off is sketched.\" \/>\n<meta name=\"robots\" content=\"index, follow, max-snippet:-1, max-image-preview:large, max-video-preview:-1\" \/>\n<link rel=\"canonical\" href=\"https:\/\/cappiello.fr\/en\/produit\/toile-davion\/\" \/>\n<meta property=\"og:locale\" content=\"en_US\" \/>\n<meta property=\"og:type\" content=\"article\" \/>\n<meta property=\"og:title\" content=\"Toile d&#039;avion\" \/>\n<meta property=\"og:description\" content=\"A woman, in a dress adorned with many multicolored flounces, stretches an airplane canvas above her head. She thus demonstrates the possible color variations and the strength of this canvas. In the background, an airplane taking off is sketched.\" \/>\n<meta property=\"og:url\" content=\"https:\/\/cappiello.fr\/en\/produit\/toile-davion\/\" \/>\n<meta property=\"og:site_name\" content=\"Catalogue raisonn\u00e9 de Leonetto Cappiello\" \/>\n<meta property=\"article:modified_time\" content=\"2025-05-14T21:36:11+00:00\" \/>\n<meta property=\"og:image\" content=\"https:\/\/cappiello.fr\/wp-content\/uploads\/2024\/10\/Esquisse-affiche-publicitaire-toile-davion-3-cappiello-1931.jpg\" \/>\n\t<meta property=\"og:image:width\" content=\"599\" \/>\n\t<meta property=\"og:image:height\" content=\"800\" \/>\n\t<meta property=\"og:image:type\" content=\"image\/jpeg\" \/>\n<meta name=\"twitter:card\" content=\"summary_large_image\" \/>\n<meta name=\"twitter:title\" content=\"Toile d&#039;avion\" \/>\n<meta name=\"twitter:description\" content=\"A woman, in a dress adorned with many multicolored flounces, stretches an airplane canvas above her head. She thus demonstrates the possible color variations and the strength of this canvas. In the background, an airplane taking off is sketched.\" \/>\n<meta name=\"twitter:label1\" content=\"Price\" \/>\n\t<meta name=\"twitter:data1\" content=\"\" \/>\n\t<meta name=\"twitter:label2\" content=\"Availability\" \/>\n\t<meta name=\"twitter:data2\" content=\"In stock\" \/>\n<script type=\"application\/ld+json\" class=\"yoast-schema-graph\">{\"@context\":\"https:\\\/\\\/schema.org\",\"@graph\":[{\"@type\":[\"WebPage\",\"ItemPage\"],\"@id\":\"https:\\\/\\\/cappiello.fr\\\/en\\\/produit\\\/toile-davion\\\/\",\"url\":\"https:\\\/\\\/cappiello.fr\\\/en\\\/produit\\\/toile-davion\\\/\",\"name\":\"Toile d'avion - Catalogue Raisonn\u00e9 de Leonetto Cappiello\",\"isPartOf\":{\"@id\":\"https:\\\/\\\/cappiello.fr\\\/en\\\/#website\"},\"primaryImageOfPage\":{\"@id\":\"https:\\\/\\\/cappiello.fr\\\/en\\\/produit\\\/toile-davion\\\/#primaryimage\"},\"image\":{\"@id\":\"https:\\\/\\\/cappiello.fr\\\/en\\\/produit\\\/toile-davion\\\/#primaryimage\"},\"thumbnailUrl\":\"https:\\\/\\\/cappiello.fr\\\/wp-content\\\/uploads\\\/2024\\\/10\\\/Esquisse-affiche-publicitaire-toile-davion-3-cappiello-1931.jpg\",\"datePublished\":\"1931-01-01T00:00:00+00:00\",\"dateModified\":\"2025-05-14T21:36:11+00:00\",\"description\":\"A woman, in a dress adorned with many multicolored flounces, stretches an airplane canvas above her head. She thus demonstrates the possible color variations and the strength of this canvas. In the background, an airplane taking off is sketched.\",\"breadcrumb\":{\"@id\":\"https:\\\/\\\/cappiello.fr\\\/en\\\/produit\\\/toile-davion\\\/#breadcrumb\"},\"inLanguage\":\"en-US\",\"potentialAction\":[{\"@type\":\"ReadAction\",\"target\":[\"https:\\\/\\\/cappiello.fr\\\/en\\\/produit\\\/toile-davion\\\/\"]}]},{\"@type\":\"ImageObject\",\"inLanguage\":\"en-US\",\"@id\":\"https:\\\/\\\/cappiello.fr\\\/en\\\/produit\\\/toile-davion\\\/#primaryimage\",\"url\":\"https:\\\/\\\/cappiello.fr\\\/wp-content\\\/uploads\\\/2024\\\/10\\\/Esquisse-affiche-publicitaire-toile-davion-3-cappiello-1931.jpg\",\"contentUrl\":\"https:\\\/\\\/cappiello.fr\\\/wp-content\\\/uploads\\\/2024\\\/10\\\/Esquisse-affiche-publicitaire-toile-davion-3-cappiello-1931.jpg\",\"width\":599,\"height\":800,\"caption\":\"Airplane canvas - third sketch (see first and second sketch). During the First World War Marcel Boussac secured the contract for airplane canvas. In 1919\"},{\"@type\":\"BreadcrumbList\",\"@id\":\"https:\\\/\\\/cappiello.fr\\\/en\\\/produit\\\/toile-davion\\\/#breadcrumb\",\"itemListElement\":[{\"@type\":\"ListItem\",\"position\":1,\"name\":\"Accueil\",\"item\":\"https:\\\/\\\/cappiello.fr\\\/en\\\/\"},{\"@type\":\"ListItem\",\"position\":2,\"name\":\"The works\",\"item\":\"https:\\\/\\\/cappiello.fr\\\/en\\\/the-works\\\/\"},{\"@type\":\"ListItem\",\"position\":3,\"name\":\"Toile d&rsquo;avion\"}]},{\"@type\":\"WebSite\",\"@id\":\"https:\\\/\\\/cappiello.fr\\\/en\\\/#website\",\"url\":\"https:\\\/\\\/cappiello.fr\\\/en\\\/\",\"name\":\"Catalogue raisonn\u00e9 de Leonetto Cappiello\",\"description\":\"Plongez dans l&#039;univers de Leonetto Cappiello, le p\u00e8re de la publicit\u00e9 moderne\",\"potentialAction\":[{\"@type\":\"SearchAction\",\"target\":{\"@type\":\"EntryPoint\",\"urlTemplate\":\"https:\\\/\\\/cappiello.fr\\\/en\\\/?s={search_term_string}\"},\"query-input\":{\"@type\":\"PropertyValueSpecification\",\"valueRequired\":true,\"valueName\":\"search_term_string\"}}],\"inLanguage\":\"en-US\"}]}<\/script>\n<meta property=\"product:price:currency\" content=\"EUR\" \/>\n<meta property=\"og:availability\" content=\"instock\" \/>\n<meta property=\"product:availability\" content=\"instock\" \/>\n<meta property=\"product:retailer_item_id\" content=\"1931006E0\" \/>\n<meta property=\"product:condition\" content=\"new\" \/>\n<!-- \/ Yoast SEO Premium plugin. -->","yoast_head_json":{"title":"Toile d'avion - Catalogue Raisonn\u00e9 de Leonetto Cappiello","description":"A woman, in a dress adorned with many multicolored flounces, stretches an airplane canvas above her head. She thus demonstrates the possible color variations and the strength of this canvas. In the background, an airplane taking off is sketched.","robots":{"index":"index","follow":"follow","max-snippet":"max-snippet:-1","max-image-preview":"max-image-preview:large","max-video-preview":"max-video-preview:-1"},"canonical":"https:\/\/cappiello.fr\/en\/produit\/toile-davion\/","og_locale":"en_US","og_type":"article","og_title":"Toile d'avion","og_description":"A woman, in a dress adorned with many multicolored flounces, stretches an airplane canvas above her head. She thus demonstrates the possible color variations and the strength of this canvas. In the background, an airplane taking off is sketched.","og_url":"https:\/\/cappiello.fr\/en\/produit\/toile-davion\/","og_site_name":"Catalogue raisonn\u00e9 de Leonetto Cappiello","article_modified_time":"2025-05-14T21:36:11+00:00","og_image":[{"width":599,"height":800,"url":"https:\/\/cappiello.fr\/wp-content\/uploads\/2024\/10\/Esquisse-affiche-publicitaire-toile-davion-3-cappiello-1931.jpg","type":"image\/jpeg"}],"twitter_card":"summary_large_image","twitter_title":"Toile d'avion","twitter_description":"A woman, in a dress adorned with many multicolored flounces, stretches an airplane canvas above her head. She thus demonstrates the possible color variations and the strength of this canvas. In the background, an airplane taking off is sketched.","twitter_misc":{"Price":"","Availability":"In stock"},"schema":{"@context":"https:\/\/schema.org","@graph":[{"@type":["WebPage","ItemPage"],"@id":"https:\/\/cappiello.fr\/en\/produit\/toile-davion\/","url":"https:\/\/cappiello.fr\/en\/produit\/toile-davion\/","name":"Toile d'avion - Catalogue Raisonn\u00e9 de Leonetto Cappiello","isPartOf":{"@id":"https:\/\/cappiello.fr\/en\/#website"},"primaryImageOfPage":{"@id":"https:\/\/cappiello.fr\/en\/produit\/toile-davion\/#primaryimage"},"image":{"@id":"https:\/\/cappiello.fr\/en\/produit\/toile-davion\/#primaryimage"},"thumbnailUrl":"https:\/\/cappiello.fr\/wp-content\/uploads\/2024\/10\/Esquisse-affiche-publicitaire-toile-davion-3-cappiello-1931.jpg","datePublished":"1931-01-01T00:00:00+00:00","dateModified":"2025-05-14T21:36:11+00:00","description":"A woman, in a dress adorned with many multicolored flounces, stretches an airplane canvas above her head. She thus demonstrates the possible color variations and the strength of this canvas. In the background, an airplane taking off is sketched.","breadcrumb":{"@id":"https:\/\/cappiello.fr\/en\/produit\/toile-davion\/#breadcrumb"},"inLanguage":"en-US","potentialAction":[{"@type":"ReadAction","target":["https:\/\/cappiello.fr\/en\/produit\/toile-davion\/"]}]},{"@type":"ImageObject","inLanguage":"en-US","@id":"https:\/\/cappiello.fr\/en\/produit\/toile-davion\/#primaryimage","url":"https:\/\/cappiello.fr\/wp-content\/uploads\/2024\/10\/Esquisse-affiche-publicitaire-toile-davion-3-cappiello-1931.jpg","contentUrl":"https:\/\/cappiello.fr\/wp-content\/uploads\/2024\/10\/Esquisse-affiche-publicitaire-toile-davion-3-cappiello-1931.jpg","width":599,"height":800,"caption":"Airplane canvas - third sketch (see first and second sketch). During the First World War Marcel Boussac secured the contract for airplane canvas. In 1919"},{"@type":"BreadcrumbList","@id":"https:\/\/cappiello.fr\/en\/produit\/toile-davion\/#breadcrumb","itemListElement":[{"@type":"ListItem","position":1,"name":"Accueil","item":"https:\/\/cappiello.fr\/en\/"},{"@type":"ListItem","position":2,"name":"The works","item":"https:\/\/cappiello.fr\/en\/the-works\/"},{"@type":"ListItem","position":3,"name":"Toile d&rsquo;avion"}]},{"@type":"WebSite","@id":"https:\/\/cappiello.fr\/en\/#website","url":"https:\/\/cappiello.fr\/en\/","name":"Catalogue raisonn\u00e9 de Leonetto Cappiello","description":"Plongez dans l&#039;univers de Leonetto Cappiello, le p\u00e8re de la publicit\u00e9 moderne","potentialAction":[{"@type":"SearchAction","target":{"@type":"EntryPoint","urlTemplate":"https:\/\/cappiello.fr\/en\/?s={search_term_string}"},"query-input":{"@type":"PropertyValueSpecification","valueRequired":true,"valueName":"search_term_string"}}],"inLanguage":"en-US"}]},"product_price_currency":"EUR","og_availability":"instock","product_availability":"instock","product_retailer_item_id":"1931006E0","product_condition":"new"},"_links":{"self":[{"href":"https:\/\/cappiello.fr\/en\/wp-json\/wp\/v2\/product\/130967","targetHints":{"allow":["GET"]}}],"collection":[{"href":"https:\/\/cappiello.fr\/en\/wp-json\/wp\/v2\/product"}],"about":[{"href":"https:\/\/cappiello.fr\/en\/wp-json\/wp\/v2\/types\/product"}],"wp:featuredmedia":[{"embeddable":true,"href":"https:\/\/cappiello.fr\/en\/wp-json\/wp\/v2\/media\/130976"}],"wp:attachment":[{"href":"https:\/\/cappiello.fr\/en\/wp-json\/wp\/v2\/media?parent=130967"}],"wp:term":[{"taxonomy":"type-doeuvre","embeddable":true,"href":"https:\/\/cappiello.fr\/en\/wp-json\/wp\/v2\/type-doeuvre?post=130967"},{"taxonomy":"product_brand","embeddable":true,"href":"https:\/\/cappiello.fr\/en\/wp-json\/wp\/v2\/product_brand?post=130967"},{"taxonomy":"product_cat","embeddable":true,"href":"https:\/\/cappiello.fr\/en\/wp-json\/wp\/v2\/product_cat?post=130967"},{"taxonomy":"product_tag","embeddable":true,"href":"https:\/\/cappiello.fr\/en\/wp-json\/wp\/v2\/product_tag?post=130967"}],"curies":[{"name":"wp","href":"https:\/\/api.w.org\/{rel}","templated":true}]}}