{"id":130997,"date":"1930-01-01T00:00:00","date_gmt":"1930-01-01T00:00:00","guid":{"rendered":"https:\/\/cappiello.fr\/produit\/nicoton\/"},"modified":"2025-05-14T23:36:56","modified_gmt":"2025-05-14T21:36:56","slug":"nicoton","status":"publish","type":"product","link":"https:\/\/cappiello.fr\/en\/produit\/nicoton\/","title":{"rendered":"Nicoton"},"content":{"rendered":"<p>Two hands roll a cigarette on a cigarette holder.<br \/>\nBelow, in a sort of world map, a bottle of anti-nicotine fluid and black smoker heads representing the five continents.<\/p>\n","protected":false},"excerpt":{"rendered":"<p>Nicoton, through simple contact, denicotinizes tobacco without altering its taste or aroma. Leaves no odor. Nicoton eliminates the effects of nicotine on the heart, throat, stomach, eyesight, and memory. At work or for pleasure, all can enjoy the intimate joys of tobacco smoke, despite laryngitis, palpitations, dyspepsia, or angina pectoris, etc.<br \/>\nA type of cigarette holder sold by \u00c9tablissements Hartmann in Paris<\/p>\n","protected":false},"featured_media":130998,"template":"","meta":{"_acf_changed":false},"type-doeuvre":[4057],"product_brand":[],"product_cat":[3329],"product_tag":[3331,3830,3330,3725,3354],"class_list":{"0":"post-130997","1":"product","2":"type-product","3":"status-publish","4":"has-post-thumbnail","6":"type-doeuvre-affiches","7":"product_cat-tobacco-and-matches","8":"product_tag-smile-en","9":"product_tag-head-en-5","10":"product_tag-smile","11":"product_tag-towel","12":"product_tag-table-en","13":"pa_periode-1919-1929-en","14":"pa_type-de-contenu-maquette-en","16":"first","17":"instock","18":"virtual","19":"product-type-simple"},"acf":[],"yoast_head":"<!-- This site is optimized with the Yoast SEO Premium plugin v27.0 (Yoast SEO v27.4) - https:\/\/yoast.com\/product\/yoast-seo-premium-wordpress\/ -->\n<title>Nicoton - Catalogue Raisonn\u00e9 de Leonetto Cappiello<\/title>\n<meta name=\"description\" content=\"Two hands roll a cigarette on a cigarette holder. Below, in a sort of world map, a bottle of anti-nicotine fluid and black smoker heads representing the five continents.\" \/>\n<meta name=\"robots\" content=\"index, follow, max-snippet:-1, max-image-preview:large, max-video-preview:-1\" \/>\n<link rel=\"canonical\" href=\"https:\/\/cappiello.fr\/en\/produit\/nicoton\/\" \/>\n<meta property=\"og:locale\" content=\"en_US\" \/>\n<meta property=\"og:type\" content=\"article\" \/>\n<meta property=\"og:title\" content=\"Nicoton\" \/>\n<meta property=\"og:description\" content=\"Two hands roll a cigarette on a cigarette holder. Below, in a sort of world map, a bottle of anti-nicotine fluid and black smoker heads representing the five continents.\" \/>\n<meta property=\"og:url\" content=\"https:\/\/cappiello.fr\/en\/produit\/nicoton\/\" \/>\n<meta property=\"og:site_name\" content=\"Catalogue raisonn\u00e9 de Leonetto Cappiello\" \/>\n<meta property=\"article:modified_time\" content=\"2025-05-14T21:36:56+00:00\" \/>\n<meta property=\"og:image\" content=\"https:\/\/cappiello.fr\/wp-content\/uploads\/2024\/10\/Maquette-affiche-publicitaire-nicoton-cappiello-1930.jpg\" \/>\n\t<meta property=\"og:image:width\" content=\"512\" \/>\n\t<meta property=\"og:image:height\" content=\"800\" \/>\n\t<meta property=\"og:image:type\" content=\"image\/jpeg\" \/>\n<meta name=\"twitter:card\" content=\"summary_large_image\" \/>\n<meta name=\"twitter:title\" content=\"Nicoton\" \/>\n<meta name=\"twitter:description\" content=\"Two hands roll a cigarette on a cigarette holder. Below, in a sort of world map, a bottle of anti-nicotine fluid and black smoker heads representing the five continents.\" \/>\n<meta name=\"twitter:label1\" content=\"Price\" \/>\n\t<meta name=\"twitter:data1\" content=\"\" \/>\n\t<meta name=\"twitter:label2\" content=\"Availability\" \/>\n\t<meta name=\"twitter:data2\" content=\"In stock\" \/>\n<script type=\"application\/ld+json\" class=\"yoast-schema-graph\">{\"@context\":\"https:\\\/\\\/schema.org\",\"@graph\":[{\"@type\":[\"WebPage\",\"ItemPage\"],\"@id\":\"https:\\\/\\\/cappiello.fr\\\/en\\\/produit\\\/nicoton\\\/\",\"url\":\"https:\\\/\\\/cappiello.fr\\\/en\\\/produit\\\/nicoton\\\/\",\"name\":\"Nicoton - Catalogue Raisonn\u00e9 de Leonetto Cappiello\",\"isPartOf\":{\"@id\":\"https:\\\/\\\/cappiello.fr\\\/en\\\/#website\"},\"primaryImageOfPage\":{\"@id\":\"https:\\\/\\\/cappiello.fr\\\/en\\\/produit\\\/nicoton\\\/#primaryimage\"},\"image\":{\"@id\":\"https:\\\/\\\/cappiello.fr\\\/en\\\/produit\\\/nicoton\\\/#primaryimage\"},\"thumbnailUrl\":\"https:\\\/\\\/cappiello.fr\\\/wp-content\\\/uploads\\\/2024\\\/10\\\/Maquette-affiche-publicitaire-nicoton-cappiello-1930.jpg\",\"datePublished\":\"1930-01-01T00:00:00+00:00\",\"dateModified\":\"2025-05-14T21:36:56+00:00\",\"description\":\"Two hands roll a cigarette on a cigarette holder. Below, in a sort of world map, a bottle of anti-nicotine fluid and black smoker heads representing the five continents.\",\"breadcrumb\":{\"@id\":\"https:\\\/\\\/cappiello.fr\\\/en\\\/produit\\\/nicoton\\\/#breadcrumb\"},\"inLanguage\":\"en-US\",\"potentialAction\":[{\"@type\":\"ReadAction\",\"target\":[\"https:\\\/\\\/cappiello.fr\\\/en\\\/produit\\\/nicoton\\\/\"]}]},{\"@type\":\"ImageObject\",\"inLanguage\":\"en-US\",\"@id\":\"https:\\\/\\\/cappiello.fr\\\/en\\\/produit\\\/nicoton\\\/#primaryimage\",\"url\":\"https:\\\/\\\/cappiello.fr\\\/wp-content\\\/uploads\\\/2024\\\/10\\\/Maquette-affiche-publicitaire-nicoton-cappiello-1930.jpg\",\"contentUrl\":\"https:\\\/\\\/cappiello.fr\\\/wp-content\\\/uploads\\\/2024\\\/10\\\/Maquette-affiche-publicitaire-nicoton-cappiello-1930.jpg\",\"width\":512,\"height\":800,\"caption\":\"Nicoton\"},{\"@type\":\"BreadcrumbList\",\"@id\":\"https:\\\/\\\/cappiello.fr\\\/en\\\/produit\\\/nicoton\\\/#breadcrumb\",\"itemListElement\":[{\"@type\":\"ListItem\",\"position\":1,\"name\":\"Accueil\",\"item\":\"https:\\\/\\\/cappiello.fr\\\/en\\\/\"},{\"@type\":\"ListItem\",\"position\":2,\"name\":\"The works\",\"item\":\"https:\\\/\\\/cappiello.fr\\\/en\\\/the-works\\\/\"},{\"@type\":\"ListItem\",\"position\":3,\"name\":\"Nicoton\"}]},{\"@type\":\"WebSite\",\"@id\":\"https:\\\/\\\/cappiello.fr\\\/en\\\/#website\",\"url\":\"https:\\\/\\\/cappiello.fr\\\/en\\\/\",\"name\":\"Catalogue raisonn\u00e9 de Leonetto Cappiello\",\"description\":\"Plongez dans l&#039;univers de Leonetto Cappiello, le p\u00e8re de la publicit\u00e9 moderne\",\"potentialAction\":[{\"@type\":\"SearchAction\",\"target\":{\"@type\":\"EntryPoint\",\"urlTemplate\":\"https:\\\/\\\/cappiello.fr\\\/en\\\/?s={search_term_string}\"},\"query-input\":{\"@type\":\"PropertyValueSpecification\",\"valueRequired\":true,\"valueName\":\"search_term_string\"}}],\"inLanguage\":\"en-US\"}]}<\/script>\n<meta property=\"product:price:currency\" content=\"EUR\" \/>\n<meta property=\"og:availability\" content=\"instock\" \/>\n<meta property=\"product:availability\" content=\"instock\" \/>\n<meta property=\"product:retailer_item_id\" content=\"1930042M0\" \/>\n<meta property=\"product:condition\" content=\"new\" \/>\n<!-- \/ Yoast SEO Premium plugin. -->","yoast_head_json":{"title":"Nicoton - Catalogue Raisonn\u00e9 de Leonetto Cappiello","description":"Two hands roll a cigarette on a cigarette holder. Below, in a sort of world map, a bottle of anti-nicotine fluid and black smoker heads representing the five continents.","robots":{"index":"index","follow":"follow","max-snippet":"max-snippet:-1","max-image-preview":"max-image-preview:large","max-video-preview":"max-video-preview:-1"},"canonical":"https:\/\/cappiello.fr\/en\/produit\/nicoton\/","og_locale":"en_US","og_type":"article","og_title":"Nicoton","og_description":"Two hands roll a cigarette on a cigarette holder. Below, in a sort of world map, a bottle of anti-nicotine fluid and black smoker heads representing the five continents.","og_url":"https:\/\/cappiello.fr\/en\/produit\/nicoton\/","og_site_name":"Catalogue raisonn\u00e9 de Leonetto Cappiello","article_modified_time":"2025-05-14T21:36:56+00:00","og_image":[{"width":512,"height":800,"url":"https:\/\/cappiello.fr\/wp-content\/uploads\/2024\/10\/Maquette-affiche-publicitaire-nicoton-cappiello-1930.jpg","type":"image\/jpeg"}],"twitter_card":"summary_large_image","twitter_title":"Nicoton","twitter_description":"Two hands roll a cigarette on a cigarette holder. Below, in a sort of world map, a bottle of anti-nicotine fluid and black smoker heads representing the five continents.","twitter_misc":{"Price":"","Availability":"In stock"},"schema":{"@context":"https:\/\/schema.org","@graph":[{"@type":["WebPage","ItemPage"],"@id":"https:\/\/cappiello.fr\/en\/produit\/nicoton\/","url":"https:\/\/cappiello.fr\/en\/produit\/nicoton\/","name":"Nicoton - Catalogue Raisonn\u00e9 de Leonetto Cappiello","isPartOf":{"@id":"https:\/\/cappiello.fr\/en\/#website"},"primaryImageOfPage":{"@id":"https:\/\/cappiello.fr\/en\/produit\/nicoton\/#primaryimage"},"image":{"@id":"https:\/\/cappiello.fr\/en\/produit\/nicoton\/#primaryimage"},"thumbnailUrl":"https:\/\/cappiello.fr\/wp-content\/uploads\/2024\/10\/Maquette-affiche-publicitaire-nicoton-cappiello-1930.jpg","datePublished":"1930-01-01T00:00:00+00:00","dateModified":"2025-05-14T21:36:56+00:00","description":"Two hands roll a cigarette on a cigarette holder. Below, in a sort of world map, a bottle of anti-nicotine fluid and black smoker heads representing the five continents.","breadcrumb":{"@id":"https:\/\/cappiello.fr\/en\/produit\/nicoton\/#breadcrumb"},"inLanguage":"en-US","potentialAction":[{"@type":"ReadAction","target":["https:\/\/cappiello.fr\/en\/produit\/nicoton\/"]}]},{"@type":"ImageObject","inLanguage":"en-US","@id":"https:\/\/cappiello.fr\/en\/produit\/nicoton\/#primaryimage","url":"https:\/\/cappiello.fr\/wp-content\/uploads\/2024\/10\/Maquette-affiche-publicitaire-nicoton-cappiello-1930.jpg","contentUrl":"https:\/\/cappiello.fr\/wp-content\/uploads\/2024\/10\/Maquette-affiche-publicitaire-nicoton-cappiello-1930.jpg","width":512,"height":800,"caption":"Nicoton"},{"@type":"BreadcrumbList","@id":"https:\/\/cappiello.fr\/en\/produit\/nicoton\/#breadcrumb","itemListElement":[{"@type":"ListItem","position":1,"name":"Accueil","item":"https:\/\/cappiello.fr\/en\/"},{"@type":"ListItem","position":2,"name":"The works","item":"https:\/\/cappiello.fr\/en\/the-works\/"},{"@type":"ListItem","position":3,"name":"Nicoton"}]},{"@type":"WebSite","@id":"https:\/\/cappiello.fr\/en\/#website","url":"https:\/\/cappiello.fr\/en\/","name":"Catalogue raisonn\u00e9 de Leonetto Cappiello","description":"Plongez dans l&#039;univers de Leonetto Cappiello, le p\u00e8re de la publicit\u00e9 moderne","potentialAction":[{"@type":"SearchAction","target":{"@type":"EntryPoint","urlTemplate":"https:\/\/cappiello.fr\/en\/?s={search_term_string}"},"query-input":{"@type":"PropertyValueSpecification","valueRequired":true,"valueName":"search_term_string"}}],"inLanguage":"en-US"}]},"product_price_currency":"EUR","og_availability":"instock","product_availability":"instock","product_retailer_item_id":"1930042M0","product_condition":"new"},"_links":{"self":[{"href":"https:\/\/cappiello.fr\/en\/wp-json\/wp\/v2\/product\/130997","targetHints":{"allow":["GET"]}}],"collection":[{"href":"https:\/\/cappiello.fr\/en\/wp-json\/wp\/v2\/product"}],"about":[{"href":"https:\/\/cappiello.fr\/en\/wp-json\/wp\/v2\/types\/product"}],"wp:featuredmedia":[{"embeddable":true,"href":"https:\/\/cappiello.fr\/en\/wp-json\/wp\/v2\/media\/130998"}],"wp:attachment":[{"href":"https:\/\/cappiello.fr\/en\/wp-json\/wp\/v2\/media?parent=130997"}],"wp:term":[{"taxonomy":"type-doeuvre","embeddable":true,"href":"https:\/\/cappiello.fr\/en\/wp-json\/wp\/v2\/type-doeuvre?post=130997"},{"taxonomy":"product_brand","embeddable":true,"href":"https:\/\/cappiello.fr\/en\/wp-json\/wp\/v2\/product_brand?post=130997"},{"taxonomy":"product_cat","embeddable":true,"href":"https:\/\/cappiello.fr\/en\/wp-json\/wp\/v2\/product_cat?post=130997"},{"taxonomy":"product_tag","embeddable":true,"href":"https:\/\/cappiello.fr\/en\/wp-json\/wp\/v2\/product_tag?post=130997"}],"curies":[{"name":"wp","href":"https:\/\/api.w.org\/{rel}","templated":true}]}}