{"id":131007,"date":"1930-01-01T00:00:00","date_gmt":"1930-01-01T00:00:00","guid":{"rendered":"https:\/\/cappiello.fr\/produit\/poudre-pour-patisserie\/"},"modified":"2025-07-27T09:30:58","modified_gmt":"2025-07-27T07:30:58","slug":"poudre-pour-patisserie","status":"publish","type":"product","link":"https:\/\/cappiello.fr\/en\/produit\/poudre-pour-patisserie\/","title":{"rendered":"Poudre Pour P\u00e2tisserie"},"content":{"rendered":"<p>Dancer R\u00e9my, wearing a chef&#8217;s hat, receives a packet of cooking powder from a little girl dressed in a sailor&#8217;s costume.<br \/>\nThe pairing of the characters is unexpected. This association was repeated in 1932 for \u201c<a href=\"https:\/\/cappiello.fr\/produit\/chaussures-7\/\">Laits concentr\u00e9s Paillaud<\/a>\u201d. <\/p>\n","protected":false},"excerpt":{"rendered":"<p>The dancer dressed in a blue jumpsuit with white stars and playing with a parasol leads us to believe it is a R\u00e9my product.<\/p>\n","protected":false},"featured_media":134130,"template":"","meta":{"_acf_changed":false},"type-doeuvre":[4057],"product_brand":[],"product_cat":[3494],"product_tag":[3535,3251,3585,3704,3525,3657],"class_list":{"0":"post-131007","1":"product","2":"type-product","3":"status-publish","4":"has-post-thumbnail","6":"type-doeuvre-affiches","7":"product_cat-flour-based-products","8":"product_tag-glass-en-11","9":"product_tag-child","10":"product_tag-saleswoman-en-3","11":"product_tag-dancer-en-2","12":"product_tag-rug","13":"product_tag-sun-en-19","14":"pa_periode-1919-1929-en","15":"pa_type-de-contenu-esquisse-en","17":"first","18":"instock","19":"virtual","20":"product-type-simple"},"acf":[],"yoast_head":"<!-- This site is optimized with the Yoast SEO Premium plugin v27.0 (Yoast SEO v27.4) - https:\/\/yoast.com\/product\/yoast-seo-premium-wordpress\/ -->\n<title>Poudre Pour Patisserie - Catalogue Raisonn\u00e9 de Leonetto Cappiello<\/title>\n<meta name=\"description\" content=\"Dancer R\u00e9my, wearing a chef&#039;s hat, receives a packet of cooking powder from a little girl dressed in a sailor&#039;s costume.The pairing of the characters is unexpected. This association was repeated in 1932 for \u201cLaits concentr\u00e9s Paillaud\u201d.\" \/>\n<meta name=\"robots\" content=\"index, follow, max-snippet:-1, max-image-preview:large, max-video-preview:-1\" \/>\n<link rel=\"canonical\" href=\"https:\/\/cappiello.fr\/en\/produit\/poudre-pour-patisserie\/\" \/>\n<meta property=\"og:locale\" content=\"en_US\" \/>\n<meta property=\"og:type\" content=\"article\" \/>\n<meta property=\"og:title\" content=\"Poudre Pour Patisserie\" \/>\n<meta property=\"og:description\" content=\"Dancer R\u00e9my, wearing a chef&#039;s hat, receives a packet of cooking powder from a little girl dressed in a sailor&#039;s costume.The pairing of the characters is unexpected. This association was repeated in 1932 for \u201cLaits concentr\u00e9s Paillaud\u201d.\" \/>\n<meta property=\"og:url\" content=\"https:\/\/cappiello.fr\/en\/produit\/poudre-pour-patisserie\/\" \/>\n<meta property=\"og:site_name\" content=\"Catalogue raisonn\u00e9 de Leonetto Cappiello\" \/>\n<meta property=\"article:modified_time\" content=\"2025-07-27T07:30:58+00:00\" \/>\n<meta property=\"og:image\" content=\"https:\/\/cappiello.fr\/wp-content\/uploads\/2024\/10\/Esquisse-affiche-publicitaire-poudre-pour-patisserie-cappiello-1930.jpg\" \/>\n\t<meta property=\"og:image:width\" content=\"616\" \/>\n\t<meta property=\"og:image:height\" content=\"800\" \/>\n\t<meta property=\"og:image:type\" content=\"image\/jpeg\" \/>\n<meta name=\"twitter:card\" content=\"summary_large_image\" \/>\n<meta name=\"twitter:title\" content=\"Poudre Pour Patisserie\" \/>\n<meta name=\"twitter:description\" content=\"Dancer R\u00e9my, wearing a chef&#039;s hat, receives a packet of cooking powder from a little girl dressed in a sailor&#039;s costume.The pairing of the characters is unexpected. This association was repeated in 1932 for \u201cLaits concentr\u00e9s Paillaud\u201d.\" \/>\n<meta name=\"twitter:label1\" content=\"Price\" \/>\n\t<meta name=\"twitter:data1\" content=\"\" \/>\n\t<meta name=\"twitter:label2\" content=\"Availability\" \/>\n\t<meta name=\"twitter:data2\" content=\"In stock\" \/>\n<script type=\"application\/ld+json\" class=\"yoast-schema-graph\">{\"@context\":\"https:\\\/\\\/schema.org\",\"@graph\":[{\"@type\":[\"WebPage\",\"ItemPage\"],\"@id\":\"https:\\\/\\\/cappiello.fr\\\/en\\\/produit\\\/poudre-pour-patisserie\\\/\",\"url\":\"https:\\\/\\\/cappiello.fr\\\/en\\\/produit\\\/poudre-pour-patisserie\\\/\",\"name\":\"Poudre Pour Patisserie - Catalogue Raisonn\u00e9 de Leonetto Cappiello\",\"isPartOf\":{\"@id\":\"https:\\\/\\\/cappiello.fr\\\/en\\\/#website\"},\"primaryImageOfPage\":{\"@id\":\"https:\\\/\\\/cappiello.fr\\\/en\\\/produit\\\/poudre-pour-patisserie\\\/#primaryimage\"},\"image\":{\"@id\":\"https:\\\/\\\/cappiello.fr\\\/en\\\/produit\\\/poudre-pour-patisserie\\\/#primaryimage\"},\"thumbnailUrl\":\"https:\\\/\\\/cappiello.fr\\\/wp-content\\\/uploads\\\/2024\\\/10\\\/Esquisse-affiche-publicitaire-poudre-pour-patisserie-cappiello-1930.jpg\",\"datePublished\":\"1930-01-01T00:00:00+00:00\",\"dateModified\":\"2025-07-27T07:30:58+00:00\",\"description\":\"Dancer R\u00e9my, wearing a chef's hat, receives a packet of cooking powder from a little girl dressed in a sailor's costume.The pairing of the characters is unexpected. This association was repeated in 1932 for \u201cLaits concentr\u00e9s Paillaud\u201d.\",\"breadcrumb\":{\"@id\":\"https:\\\/\\\/cappiello.fr\\\/en\\\/produit\\\/poudre-pour-patisserie\\\/#breadcrumb\"},\"inLanguage\":\"en-US\",\"potentialAction\":[{\"@type\":\"ReadAction\",\"target\":[\"https:\\\/\\\/cappiello.fr\\\/en\\\/produit\\\/poudre-pour-patisserie\\\/\"]}]},{\"@type\":\"ImageObject\",\"inLanguage\":\"en-US\",\"@id\":\"https:\\\/\\\/cappiello.fr\\\/en\\\/produit\\\/poudre-pour-patisserie\\\/#primaryimage\",\"url\":\"https:\\\/\\\/cappiello.fr\\\/wp-content\\\/uploads\\\/2024\\\/10\\\/Esquisse-affiche-publicitaire-poudre-pour-patisserie-cappiello-1930.jpg\",\"contentUrl\":\"https:\\\/\\\/cappiello.fr\\\/wp-content\\\/uploads\\\/2024\\\/10\\\/Esquisse-affiche-publicitaire-poudre-pour-patisserie-cappiello-1930.jpg\",\"width\":616,\"height\":800,\"caption\":\"Le danseur habill\u00e9 d'une combinaison bleue avec des \u00e9toiles blanches et qui joue avec une ombrelle nous laisse penser qu'il s'agit d'un produit R\u00e9my .\"},{\"@type\":\"BreadcrumbList\",\"@id\":\"https:\\\/\\\/cappiello.fr\\\/en\\\/produit\\\/poudre-pour-patisserie\\\/#breadcrumb\",\"itemListElement\":[{\"@type\":\"ListItem\",\"position\":1,\"name\":\"Accueil\",\"item\":\"https:\\\/\\\/cappiello.fr\\\/en\\\/\"},{\"@type\":\"ListItem\",\"position\":2,\"name\":\"The works\",\"item\":\"https:\\\/\\\/cappiello.fr\\\/en\\\/the-works\\\/\"},{\"@type\":\"ListItem\",\"position\":3,\"name\":\"Poudre Pour P\u00e2tisserie\"}]},{\"@type\":\"WebSite\",\"@id\":\"https:\\\/\\\/cappiello.fr\\\/en\\\/#website\",\"url\":\"https:\\\/\\\/cappiello.fr\\\/en\\\/\",\"name\":\"Catalogue raisonn\u00e9 de Leonetto Cappiello\",\"description\":\"Plongez dans l&#039;univers de Leonetto Cappiello, le p\u00e8re de la publicit\u00e9 moderne\",\"potentialAction\":[{\"@type\":\"SearchAction\",\"target\":{\"@type\":\"EntryPoint\",\"urlTemplate\":\"https:\\\/\\\/cappiello.fr\\\/en\\\/?s={search_term_string}\"},\"query-input\":{\"@type\":\"PropertyValueSpecification\",\"valueRequired\":true,\"valueName\":\"search_term_string\"}}],\"inLanguage\":\"en-US\"}]}<\/script>\n<meta property=\"product:price:currency\" content=\"EUR\" \/>\n<meta property=\"og:availability\" content=\"instock\" \/>\n<meta property=\"product:availability\" content=\"instock\" \/>\n<meta property=\"product:retailer_item_id\" content=\"1930035E0\" \/>\n<meta property=\"product:condition\" content=\"new\" \/>\n<!-- \/ Yoast SEO Premium plugin. -->","yoast_head_json":{"title":"Poudre Pour Patisserie - Catalogue Raisonn\u00e9 de Leonetto Cappiello","description":"Dancer R\u00e9my, wearing a chef's hat, receives a packet of cooking powder from a little girl dressed in a sailor's costume.The pairing of the characters is unexpected. This association was repeated in 1932 for \u201cLaits concentr\u00e9s Paillaud\u201d.","robots":{"index":"index","follow":"follow","max-snippet":"max-snippet:-1","max-image-preview":"max-image-preview:large","max-video-preview":"max-video-preview:-1"},"canonical":"https:\/\/cappiello.fr\/en\/produit\/poudre-pour-patisserie\/","og_locale":"en_US","og_type":"article","og_title":"Poudre Pour Patisserie","og_description":"Dancer R\u00e9my, wearing a chef's hat, receives a packet of cooking powder from a little girl dressed in a sailor's costume.The pairing of the characters is unexpected. This association was repeated in 1932 for \u201cLaits concentr\u00e9s Paillaud\u201d.","og_url":"https:\/\/cappiello.fr\/en\/produit\/poudre-pour-patisserie\/","og_site_name":"Catalogue raisonn\u00e9 de Leonetto Cappiello","article_modified_time":"2025-07-27T07:30:58+00:00","og_image":[{"width":616,"height":800,"url":"https:\/\/cappiello.fr\/wp-content\/uploads\/2024\/10\/Esquisse-affiche-publicitaire-poudre-pour-patisserie-cappiello-1930.jpg","type":"image\/jpeg"}],"twitter_card":"summary_large_image","twitter_title":"Poudre Pour Patisserie","twitter_description":"Dancer R\u00e9my, wearing a chef's hat, receives a packet of cooking powder from a little girl dressed in a sailor's costume.The pairing of the characters is unexpected. This association was repeated in 1932 for \u201cLaits concentr\u00e9s Paillaud\u201d.","twitter_misc":{"Price":"","Availability":"In stock"},"schema":{"@context":"https:\/\/schema.org","@graph":[{"@type":["WebPage","ItemPage"],"@id":"https:\/\/cappiello.fr\/en\/produit\/poudre-pour-patisserie\/","url":"https:\/\/cappiello.fr\/en\/produit\/poudre-pour-patisserie\/","name":"Poudre Pour Patisserie - Catalogue Raisonn\u00e9 de Leonetto Cappiello","isPartOf":{"@id":"https:\/\/cappiello.fr\/en\/#website"},"primaryImageOfPage":{"@id":"https:\/\/cappiello.fr\/en\/produit\/poudre-pour-patisserie\/#primaryimage"},"image":{"@id":"https:\/\/cappiello.fr\/en\/produit\/poudre-pour-patisserie\/#primaryimage"},"thumbnailUrl":"https:\/\/cappiello.fr\/wp-content\/uploads\/2024\/10\/Esquisse-affiche-publicitaire-poudre-pour-patisserie-cappiello-1930.jpg","datePublished":"1930-01-01T00:00:00+00:00","dateModified":"2025-07-27T07:30:58+00:00","description":"Dancer R\u00e9my, wearing a chef's hat, receives a packet of cooking powder from a little girl dressed in a sailor's costume.The pairing of the characters is unexpected. This association was repeated in 1932 for \u201cLaits concentr\u00e9s Paillaud\u201d.","breadcrumb":{"@id":"https:\/\/cappiello.fr\/en\/produit\/poudre-pour-patisserie\/#breadcrumb"},"inLanguage":"en-US","potentialAction":[{"@type":"ReadAction","target":["https:\/\/cappiello.fr\/en\/produit\/poudre-pour-patisserie\/"]}]},{"@type":"ImageObject","inLanguage":"en-US","@id":"https:\/\/cappiello.fr\/en\/produit\/poudre-pour-patisserie\/#primaryimage","url":"https:\/\/cappiello.fr\/wp-content\/uploads\/2024\/10\/Esquisse-affiche-publicitaire-poudre-pour-patisserie-cappiello-1930.jpg","contentUrl":"https:\/\/cappiello.fr\/wp-content\/uploads\/2024\/10\/Esquisse-affiche-publicitaire-poudre-pour-patisserie-cappiello-1930.jpg","width":616,"height":800,"caption":"Le danseur habill\u00e9 d'une combinaison bleue avec des \u00e9toiles blanches et qui joue avec une ombrelle nous laisse penser qu'il s'agit d'un produit R\u00e9my ."},{"@type":"BreadcrumbList","@id":"https:\/\/cappiello.fr\/en\/produit\/poudre-pour-patisserie\/#breadcrumb","itemListElement":[{"@type":"ListItem","position":1,"name":"Accueil","item":"https:\/\/cappiello.fr\/en\/"},{"@type":"ListItem","position":2,"name":"The works","item":"https:\/\/cappiello.fr\/en\/the-works\/"},{"@type":"ListItem","position":3,"name":"Poudre Pour P\u00e2tisserie"}]},{"@type":"WebSite","@id":"https:\/\/cappiello.fr\/en\/#website","url":"https:\/\/cappiello.fr\/en\/","name":"Catalogue raisonn\u00e9 de Leonetto Cappiello","description":"Plongez dans l&#039;univers de Leonetto Cappiello, le p\u00e8re de la publicit\u00e9 moderne","potentialAction":[{"@type":"SearchAction","target":{"@type":"EntryPoint","urlTemplate":"https:\/\/cappiello.fr\/en\/?s={search_term_string}"},"query-input":{"@type":"PropertyValueSpecification","valueRequired":true,"valueName":"search_term_string"}}],"inLanguage":"en-US"}]},"product_price_currency":"EUR","og_availability":"instock","product_availability":"instock","product_retailer_item_id":"1930035E0","product_condition":"new"},"_links":{"self":[{"href":"https:\/\/cappiello.fr\/en\/wp-json\/wp\/v2\/product\/131007","targetHints":{"allow":["GET"]}}],"collection":[{"href":"https:\/\/cappiello.fr\/en\/wp-json\/wp\/v2\/product"}],"about":[{"href":"https:\/\/cappiello.fr\/en\/wp-json\/wp\/v2\/types\/product"}],"wp:featuredmedia":[{"embeddable":true,"href":"https:\/\/cappiello.fr\/en\/wp-json\/wp\/v2\/media\/134130"}],"wp:attachment":[{"href":"https:\/\/cappiello.fr\/en\/wp-json\/wp\/v2\/media?parent=131007"}],"wp:term":[{"taxonomy":"type-doeuvre","embeddable":true,"href":"https:\/\/cappiello.fr\/en\/wp-json\/wp\/v2\/type-doeuvre?post=131007"},{"taxonomy":"product_brand","embeddable":true,"href":"https:\/\/cappiello.fr\/en\/wp-json\/wp\/v2\/product_brand?post=131007"},{"taxonomy":"product_cat","embeddable":true,"href":"https:\/\/cappiello.fr\/en\/wp-json\/wp\/v2\/product_cat?post=131007"},{"taxonomy":"product_tag","embeddable":true,"href":"https:\/\/cappiello.fr\/en\/wp-json\/wp\/v2\/product_tag?post=131007"}],"curies":[{"name":"wp","href":"https:\/\/api.w.org\/{rel}","templated":true}]}}