{"id":131050,"date":"1930-01-01T00:00:00","date_gmt":"1930-01-01T00:00:00","guid":{"rendered":"https:\/\/cappiello.fr\/produit\/france-de-bordeaux-la\/"},"modified":"2025-07-11T16:51:45","modified_gmt":"2025-07-11T14:51:45","slug":"france-de-bordeaux-la","status":"publish","type":"product","link":"https:\/\/cappiello.fr\/en\/produit\/france-de-bordeaux-la\/","title":{"rendered":"France de Bordeaux (La)"},"content":{"rendered":"<p>Marianne wearing a Phrygian cap is placed on copies of the newspaper.<br \/>\n<Br>This poster was created in 1930 for Le Petit Proven\u00e7al (see the black and white sketch photo). But it was only sold in 1933 for La France de Bordeaux et du Sud-Ouest.<\/p>\n","protected":false},"excerpt":{"rendered":"<p>Bordeaux and southwestern France&#8217;s regional daily newspaper.<\/p>\n","protected":false},"featured_media":131054,"template":"","meta":{"_acf_changed":false},"type-doeuvre":[4057],"product_brand":[],"product_cat":[3342],"product_tag":[3517,3343,3746],"class_list":{"0":"post-131050","1":"product","2":"type-product","3":"status-publish","4":"has-post-thumbnail","6":"type-doeuvre-affiches","7":"product_cat-press-publishing","8":"product_tag-marianne-en","9":"product_tag-radiation","10":"product_tag-statue-en","11":"pa_periode-1919-1929-en","12":"pa_type-de-contenu-lithography","14":"first","15":"instock","16":"virtual","17":"product-type-simple"},"acf":[],"yoast_head":"<!-- This site is optimized with the Yoast SEO Premium plugin v27.0 (Yoast SEO v27.4) - https:\/\/yoast.com\/product\/yoast-seo-premium-wordpress\/ -->\n<title>France de Bordeaux (La) - Catalogue Raisonn\u00e9 de Leonetto Cappiello<\/title>\n<meta name=\"description\" content=\"Marianne wearing a Phrygian cap is placed on copies of the newspaper. This poster was created in 1930 for Le Petit Proven\u00e7al (see the black and white sketch photo). However, it was only sold in 1933 for La France de Bordeaux et du Sud-Ouest.\" \/>\n<meta name=\"robots\" content=\"index, follow, max-snippet:-1, max-image-preview:large, max-video-preview:-1\" \/>\n<link rel=\"canonical\" href=\"https:\/\/cappiello.fr\/en\/produit\/france-de-bordeaux-la\/\" \/>\n<meta property=\"og:locale\" content=\"en_US\" \/>\n<meta property=\"og:type\" content=\"article\" \/>\n<meta property=\"og:title\" content=\"France de Bordeaux (La)\" \/>\n<meta property=\"og:description\" content=\"Marianne wearing a Phrygian cap is placed on copies of the newspaper. This poster was created in 1930 for Le Petit Proven\u00e7al (see the black and white sketch photo). However, it was only sold in 1933 for La France de Bordeaux et du Sud-Ouest.\" \/>\n<meta property=\"og:url\" content=\"https:\/\/cappiello.fr\/en\/produit\/france-de-bordeaux-la\/\" \/>\n<meta property=\"og:site_name\" content=\"Catalogue raisonn\u00e9 de Leonetto Cappiello\" \/>\n<meta property=\"article:modified_time\" content=\"2025-07-11T14:51:45+00:00\" \/>\n<meta property=\"og:image\" content=\"https:\/\/cappiello.fr\/wp-content\/uploads\/2024\/10\/Lithographie-affiche-publicitaire-france-de-bordeaux-la-2-cappiello-1933.jpg\" \/>\n\t<meta property=\"og:image:width\" content=\"621\" \/>\n\t<meta property=\"og:image:height\" content=\"800\" \/>\n\t<meta property=\"og:image:type\" content=\"image\/jpeg\" \/>\n<meta name=\"twitter:card\" content=\"summary_large_image\" \/>\n<meta name=\"twitter:title\" content=\"France de Bordeaux (La)\" \/>\n<meta name=\"twitter:description\" content=\"Marianne wearing a Phrygian cap is placed on copies of the newspaper. This poster was created in 1930 for Le Petit Proven\u00e7al (see the black and white sketch photo). However, it was only sold in 1933 for La France de Bordeaux et du Sud-Ouest.\" \/>\n<meta name=\"twitter:label1\" content=\"Price\" \/>\n\t<meta name=\"twitter:data1\" content=\"\" \/>\n\t<meta name=\"twitter:label2\" content=\"Availability\" \/>\n\t<meta name=\"twitter:data2\" content=\"In stock\" \/>\n<script type=\"application\/ld+json\" class=\"yoast-schema-graph\">{\"@context\":\"https:\\\/\\\/schema.org\",\"@graph\":[{\"@type\":[\"WebPage\",\"ItemPage\"],\"@id\":\"https:\\\/\\\/cappiello.fr\\\/en\\\/produit\\\/france-de-bordeaux-la\\\/\",\"url\":\"https:\\\/\\\/cappiello.fr\\\/en\\\/produit\\\/france-de-bordeaux-la\\\/\",\"name\":\"France de Bordeaux (La) - Catalogue Raisonn\u00e9 de Leonetto Cappiello\",\"isPartOf\":{\"@id\":\"https:\\\/\\\/cappiello.fr\\\/en\\\/#website\"},\"primaryImageOfPage\":{\"@id\":\"https:\\\/\\\/cappiello.fr\\\/en\\\/produit\\\/france-de-bordeaux-la\\\/#primaryimage\"},\"image\":{\"@id\":\"https:\\\/\\\/cappiello.fr\\\/en\\\/produit\\\/france-de-bordeaux-la\\\/#primaryimage\"},\"thumbnailUrl\":\"https:\\\/\\\/cappiello.fr\\\/wp-content\\\/uploads\\\/2024\\\/10\\\/Lithographie-affiche-publicitaire-france-de-bordeaux-la-2-cappiello-1933.jpg\",\"datePublished\":\"1930-01-01T00:00:00+00:00\",\"dateModified\":\"2025-07-11T14:51:45+00:00\",\"description\":\"Marianne wearing a Phrygian cap is placed on copies of the newspaper. This poster was created in 1930 for Le Petit Proven\u00e7al (see the black and white sketch photo). However, it was only sold in 1933 for La France de Bordeaux et du Sud-Ouest.\",\"breadcrumb\":{\"@id\":\"https:\\\/\\\/cappiello.fr\\\/en\\\/produit\\\/france-de-bordeaux-la\\\/#breadcrumb\"},\"inLanguage\":\"en-US\",\"potentialAction\":[{\"@type\":\"ReadAction\",\"target\":[\"https:\\\/\\\/cappiello.fr\\\/en\\\/produit\\\/france-de-bordeaux-la\\\/\"]}]},{\"@type\":\"ImageObject\",\"inLanguage\":\"en-US\",\"@id\":\"https:\\\/\\\/cappiello.fr\\\/en\\\/produit\\\/france-de-bordeaux-la\\\/#primaryimage\",\"url\":\"https:\\\/\\\/cappiello.fr\\\/wp-content\\\/uploads\\\/2024\\\/10\\\/Lithographie-affiche-publicitaire-france-de-bordeaux-la-2-cappiello-1933.jpg\",\"contentUrl\":\"https:\\\/\\\/cappiello.fr\\\/wp-content\\\/uploads\\\/2024\\\/10\\\/Lithographie-affiche-publicitaire-france-de-bordeaux-la-2-cappiello-1933.jpg\",\"width\":621,\"height\":800,\"caption\":\"France of Bordeaux and the southwest is a regional daily newspaper.\"},{\"@type\":\"BreadcrumbList\",\"@id\":\"https:\\\/\\\/cappiello.fr\\\/en\\\/produit\\\/france-de-bordeaux-la\\\/#breadcrumb\",\"itemListElement\":[{\"@type\":\"ListItem\",\"position\":1,\"name\":\"Accueil\",\"item\":\"https:\\\/\\\/cappiello.fr\\\/en\\\/\"},{\"@type\":\"ListItem\",\"position\":2,\"name\":\"The works\",\"item\":\"https:\\\/\\\/cappiello.fr\\\/en\\\/the-works\\\/\"},{\"@type\":\"ListItem\",\"position\":3,\"name\":\"France de Bordeaux (La)\"}]},{\"@type\":\"WebSite\",\"@id\":\"https:\\\/\\\/cappiello.fr\\\/en\\\/#website\",\"url\":\"https:\\\/\\\/cappiello.fr\\\/en\\\/\",\"name\":\"Catalogue raisonn\u00e9 de Leonetto Cappiello\",\"description\":\"Plongez dans l&#039;univers de Leonetto Cappiello, le p\u00e8re de la publicit\u00e9 moderne\",\"potentialAction\":[{\"@type\":\"SearchAction\",\"target\":{\"@type\":\"EntryPoint\",\"urlTemplate\":\"https:\\\/\\\/cappiello.fr\\\/en\\\/?s={search_term_string}\"},\"query-input\":{\"@type\":\"PropertyValueSpecification\",\"valueRequired\":true,\"valueName\":\"search_term_string\"}}],\"inLanguage\":\"en-US\"}]}<\/script>\n<meta property=\"product:price:currency\" content=\"EUR\" \/>\n<meta property=\"og:availability\" content=\"instock\" \/>\n<meta property=\"product:availability\" content=\"instock\" \/>\n<meta property=\"product:retailer_item_id\" content=\"1930032Z0\" \/>\n<meta property=\"product:condition\" content=\"new\" \/>\n<!-- \/ Yoast SEO Premium plugin. -->","yoast_head_json":{"title":"France de Bordeaux (La) - Catalogue Raisonn\u00e9 de Leonetto Cappiello","description":"Marianne wearing a Phrygian cap is placed on copies of the newspaper. This poster was created in 1930 for Le Petit Proven\u00e7al (see the black and white sketch photo). However, it was only sold in 1933 for La France de Bordeaux et du Sud-Ouest.","robots":{"index":"index","follow":"follow","max-snippet":"max-snippet:-1","max-image-preview":"max-image-preview:large","max-video-preview":"max-video-preview:-1"},"canonical":"https:\/\/cappiello.fr\/en\/produit\/france-de-bordeaux-la\/","og_locale":"en_US","og_type":"article","og_title":"France de Bordeaux (La)","og_description":"Marianne wearing a Phrygian cap is placed on copies of the newspaper. This poster was created in 1930 for Le Petit Proven\u00e7al (see the black and white sketch photo). However, it was only sold in 1933 for La France de Bordeaux et du Sud-Ouest.","og_url":"https:\/\/cappiello.fr\/en\/produit\/france-de-bordeaux-la\/","og_site_name":"Catalogue raisonn\u00e9 de Leonetto Cappiello","article_modified_time":"2025-07-11T14:51:45+00:00","og_image":[{"width":621,"height":800,"url":"https:\/\/cappiello.fr\/wp-content\/uploads\/2024\/10\/Lithographie-affiche-publicitaire-france-de-bordeaux-la-2-cappiello-1933.jpg","type":"image\/jpeg"}],"twitter_card":"summary_large_image","twitter_title":"France de Bordeaux (La)","twitter_description":"Marianne wearing a Phrygian cap is placed on copies of the newspaper. This poster was created in 1930 for Le Petit Proven\u00e7al (see the black and white sketch photo). However, it was only sold in 1933 for La France de Bordeaux et du Sud-Ouest.","twitter_misc":{"Price":"","Availability":"In stock"},"schema":{"@context":"https:\/\/schema.org","@graph":[{"@type":["WebPage","ItemPage"],"@id":"https:\/\/cappiello.fr\/en\/produit\/france-de-bordeaux-la\/","url":"https:\/\/cappiello.fr\/en\/produit\/france-de-bordeaux-la\/","name":"France de Bordeaux (La) - Catalogue Raisonn\u00e9 de Leonetto Cappiello","isPartOf":{"@id":"https:\/\/cappiello.fr\/en\/#website"},"primaryImageOfPage":{"@id":"https:\/\/cappiello.fr\/en\/produit\/france-de-bordeaux-la\/#primaryimage"},"image":{"@id":"https:\/\/cappiello.fr\/en\/produit\/france-de-bordeaux-la\/#primaryimage"},"thumbnailUrl":"https:\/\/cappiello.fr\/wp-content\/uploads\/2024\/10\/Lithographie-affiche-publicitaire-france-de-bordeaux-la-2-cappiello-1933.jpg","datePublished":"1930-01-01T00:00:00+00:00","dateModified":"2025-07-11T14:51:45+00:00","description":"Marianne wearing a Phrygian cap is placed on copies of the newspaper. This poster was created in 1930 for Le Petit Proven\u00e7al (see the black and white sketch photo). However, it was only sold in 1933 for La France de Bordeaux et du Sud-Ouest.","breadcrumb":{"@id":"https:\/\/cappiello.fr\/en\/produit\/france-de-bordeaux-la\/#breadcrumb"},"inLanguage":"en-US","potentialAction":[{"@type":"ReadAction","target":["https:\/\/cappiello.fr\/en\/produit\/france-de-bordeaux-la\/"]}]},{"@type":"ImageObject","inLanguage":"en-US","@id":"https:\/\/cappiello.fr\/en\/produit\/france-de-bordeaux-la\/#primaryimage","url":"https:\/\/cappiello.fr\/wp-content\/uploads\/2024\/10\/Lithographie-affiche-publicitaire-france-de-bordeaux-la-2-cappiello-1933.jpg","contentUrl":"https:\/\/cappiello.fr\/wp-content\/uploads\/2024\/10\/Lithographie-affiche-publicitaire-france-de-bordeaux-la-2-cappiello-1933.jpg","width":621,"height":800,"caption":"France of Bordeaux and the southwest is a regional daily newspaper."},{"@type":"BreadcrumbList","@id":"https:\/\/cappiello.fr\/en\/produit\/france-de-bordeaux-la\/#breadcrumb","itemListElement":[{"@type":"ListItem","position":1,"name":"Accueil","item":"https:\/\/cappiello.fr\/en\/"},{"@type":"ListItem","position":2,"name":"The works","item":"https:\/\/cappiello.fr\/en\/the-works\/"},{"@type":"ListItem","position":3,"name":"France de Bordeaux (La)"}]},{"@type":"WebSite","@id":"https:\/\/cappiello.fr\/en\/#website","url":"https:\/\/cappiello.fr\/en\/","name":"Catalogue raisonn\u00e9 de Leonetto Cappiello","description":"Plongez dans l&#039;univers de Leonetto Cappiello, le p\u00e8re de la publicit\u00e9 moderne","potentialAction":[{"@type":"SearchAction","target":{"@type":"EntryPoint","urlTemplate":"https:\/\/cappiello.fr\/en\/?s={search_term_string}"},"query-input":{"@type":"PropertyValueSpecification","valueRequired":true,"valueName":"search_term_string"}}],"inLanguage":"en-US"}]},"product_price_currency":"EUR","og_availability":"instock","product_availability":"instock","product_retailer_item_id":"1930032Z0","product_condition":"new"},"_links":{"self":[{"href":"https:\/\/cappiello.fr\/en\/wp-json\/wp\/v2\/product\/131050","targetHints":{"allow":["GET"]}}],"collection":[{"href":"https:\/\/cappiello.fr\/en\/wp-json\/wp\/v2\/product"}],"about":[{"href":"https:\/\/cappiello.fr\/en\/wp-json\/wp\/v2\/types\/product"}],"wp:featuredmedia":[{"embeddable":true,"href":"https:\/\/cappiello.fr\/en\/wp-json\/wp\/v2\/media\/131054"}],"wp:attachment":[{"href":"https:\/\/cappiello.fr\/en\/wp-json\/wp\/v2\/media?parent=131050"}],"wp:term":[{"taxonomy":"type-doeuvre","embeddable":true,"href":"https:\/\/cappiello.fr\/en\/wp-json\/wp\/v2\/type-doeuvre?post=131050"},{"taxonomy":"product_brand","embeddable":true,"href":"https:\/\/cappiello.fr\/en\/wp-json\/wp\/v2\/product_brand?post=131050"},{"taxonomy":"product_cat","embeddable":true,"href":"https:\/\/cappiello.fr\/en\/wp-json\/wp\/v2\/product_cat?post=131050"},{"taxonomy":"product_tag","embeddable":true,"href":"https:\/\/cappiello.fr\/en\/wp-json\/wp\/v2\/product_tag?post=131050"}],"curies":[{"name":"wp","href":"https:\/\/api.w.org\/{rel}","templated":true}]}}