{"id":131093,"date":"1927-01-01T00:00:00","date_gmt":"1927-01-01T00:00:00","guid":{"rendered":"https:\/\/cappiello.fr\/produit\/chaussures-8\/"},"modified":"2025-07-02T08:59:32","modified_gmt":"2025-07-02T06:59:32","slug":"chaussures-8","status":"publish","type":"product","link":"https:\/\/cappiello.fr\/en\/produit\/chaussures-8\/","title":{"rendered":"Chaussures Andr\u00e9"},"content":{"rendered":"<p>A woman holds an ostrich feather in each hand. A shoe is placed on each feather, showcasing the lightness of the item and its price.<br \/>\n<Br>The black and white photo shows the chosen solution for the sketch.<br \/>\n<Br>In the lower square is a study for Smelco <a href=\"https:\/\/cappiello.fr\/en\/produit\/smelco-3\/\">1927031M0<\/a><\/p>\n","protected":false},"excerpt":{"rendered":"<p>The Andr\u00e9 Shoes open their first store in 1903 in Paris.<\/p>\n","protected":false},"featured_media":131094,"template":"","meta":{"_acf_changed":false},"type-doeuvre":[4057],"product_brand":[],"product_cat":[3488],"product_tag":[3389,3278],"class_list":{"0":"post-131093","1":"product","2":"type-product","3":"status-publish","4":"has-post-thumbnail","6":"type-doeuvre-affiches","7":"product_cat-shoes-leather-goods","8":"product_tag-ostrich-feather-en","9":"product_tag-turban-en","10":"pa_periode-1919-1929-en","11":"pa_type-de-contenu-thumbnail","13":"first","14":"instock","15":"virtual","16":"product-type-simple"},"acf":[],"yoast_head":"<!-- This site is optimized with the Yoast SEO Premium plugin v27.0 (Yoast SEO v27.4) - https:\/\/yoast.com\/product\/yoast-seo-premium-wordpress\/ -->\n<title>Chaussures Andr\u00e9 - Catalogue Raisonn\u00e9 de Leonetto Cappiello<\/title>\n<meta name=\"description\" content=\"A woman holds an ostrich feather in each hand. A shoe is placed on each feather, showcasing the lightness of the item and its price. The black and white photo shows the chosen solution for the sketch. In the lower square is a study for Smelco 1927031M0.\" \/>\n<meta name=\"robots\" content=\"index, follow, max-snippet:-1, max-image-preview:large, max-video-preview:-1\" \/>\n<link rel=\"canonical\" href=\"https:\/\/cappiello.fr\/en\/produit\/chaussures-8\/\" \/>\n<meta property=\"og:locale\" content=\"en_US\" \/>\n<meta property=\"og:type\" content=\"article\" \/>\n<meta property=\"og:title\" content=\"Chaussures Andr\u00e9\" \/>\n<meta property=\"og:description\" content=\"A woman holds an ostrich feather in each hand. A shoe is placed on each feather, showcasing the lightness of the item and its price. The black and white photo shows the chosen solution for the sketch. In the lower square is a study for Smelco 1927031M0.\" \/>\n<meta property=\"og:url\" content=\"https:\/\/cappiello.fr\/en\/produit\/chaussures-8\/\" \/>\n<meta property=\"og:site_name\" content=\"Catalogue raisonn\u00e9 de Leonetto Cappiello\" \/>\n<meta property=\"article:modified_time\" content=\"2025-07-02T06:59:32+00:00\" \/>\n<meta property=\"og:image\" content=\"https:\/\/cappiello.fr\/wp-content\/uploads\/2024\/10\/Vignette-affiche-publicitaire-chaussures-andre-4-cappiello-1927.jpg\" \/>\n\t<meta property=\"og:image:width\" content=\"651\" \/>\n\t<meta property=\"og:image:height\" content=\"800\" \/>\n\t<meta property=\"og:image:type\" content=\"image\/jpeg\" \/>\n<meta name=\"twitter:card\" content=\"summary_large_image\" \/>\n<meta name=\"twitter:title\" content=\"Chaussures Andr\u00e9\" \/>\n<meta name=\"twitter:description\" content=\"A woman holds an ostrich feather in each hand. A shoe is placed on each feather, showcasing the lightness of the item and its price. The black and white photo shows the chosen solution for the sketch. In the lower square is a study for Smelco 1927031M0.\" \/>\n<meta name=\"twitter:label1\" content=\"Price\" \/>\n\t<meta name=\"twitter:data1\" content=\"\" \/>\n\t<meta name=\"twitter:label2\" content=\"Availability\" \/>\n\t<meta name=\"twitter:data2\" content=\"In stock\" \/>\n<script type=\"application\/ld+json\" class=\"yoast-schema-graph\">{\"@context\":\"https:\\\/\\\/schema.org\",\"@graph\":[{\"@type\":[\"WebPage\",\"ItemPage\"],\"@id\":\"https:\\\/\\\/cappiello.fr\\\/en\\\/produit\\\/chaussures-8\\\/\",\"url\":\"https:\\\/\\\/cappiello.fr\\\/en\\\/produit\\\/chaussures-8\\\/\",\"name\":\"Chaussures Andr\u00e9 - Catalogue Raisonn\u00e9 de Leonetto Cappiello\",\"isPartOf\":{\"@id\":\"https:\\\/\\\/cappiello.fr\\\/en\\\/#website\"},\"primaryImageOfPage\":{\"@id\":\"https:\\\/\\\/cappiello.fr\\\/en\\\/produit\\\/chaussures-8\\\/#primaryimage\"},\"image\":{\"@id\":\"https:\\\/\\\/cappiello.fr\\\/en\\\/produit\\\/chaussures-8\\\/#primaryimage\"},\"thumbnailUrl\":\"https:\\\/\\\/cappiello.fr\\\/wp-content\\\/uploads\\\/2024\\\/10\\\/Vignette-affiche-publicitaire-chaussures-andre-4-cappiello-1927.jpg\",\"datePublished\":\"1927-01-01T00:00:00+00:00\",\"dateModified\":\"2025-07-02T06:59:32+00:00\",\"description\":\"A woman holds an ostrich feather in each hand. A shoe is placed on each feather, showcasing the lightness of the item and its price. The black and white photo shows the chosen solution for the sketch. In the lower square is a study for Smelco 1927031M0.\",\"breadcrumb\":{\"@id\":\"https:\\\/\\\/cappiello.fr\\\/en\\\/produit\\\/chaussures-8\\\/#breadcrumb\"},\"inLanguage\":\"en-US\",\"potentialAction\":[{\"@type\":\"ReadAction\",\"target\":[\"https:\\\/\\\/cappiello.fr\\\/en\\\/produit\\\/chaussures-8\\\/\"]}]},{\"@type\":\"ImageObject\",\"inLanguage\":\"en-US\",\"@id\":\"https:\\\/\\\/cappiello.fr\\\/en\\\/produit\\\/chaussures-8\\\/#primaryimage\",\"url\":\"https:\\\/\\\/cappiello.fr\\\/wp-content\\\/uploads\\\/2024\\\/10\\\/Vignette-affiche-publicitaire-chaussures-andre-4-cappiello-1927.jpg\",\"contentUrl\":\"https:\\\/\\\/cappiello.fr\\\/wp-content\\\/uploads\\\/2024\\\/10\\\/Vignette-affiche-publicitaire-chaussures-andre-4-cappiello-1927.jpg\",\"width\":651,\"height\":800,\"caption\":\"Project for Raoul shoes\"},{\"@type\":\"BreadcrumbList\",\"@id\":\"https:\\\/\\\/cappiello.fr\\\/en\\\/produit\\\/chaussures-8\\\/#breadcrumb\",\"itemListElement\":[{\"@type\":\"ListItem\",\"position\":1,\"name\":\"Accueil\",\"item\":\"https:\\\/\\\/cappiello.fr\\\/en\\\/\"},{\"@type\":\"ListItem\",\"position\":2,\"name\":\"The works\",\"item\":\"https:\\\/\\\/cappiello.fr\\\/en\\\/the-works\\\/\"},{\"@type\":\"ListItem\",\"position\":3,\"name\":\"Chaussures Andr\u00e9\"}]},{\"@type\":\"WebSite\",\"@id\":\"https:\\\/\\\/cappiello.fr\\\/en\\\/#website\",\"url\":\"https:\\\/\\\/cappiello.fr\\\/en\\\/\",\"name\":\"Catalogue raisonn\u00e9 de Leonetto Cappiello\",\"description\":\"Plongez dans l&#039;univers de Leonetto Cappiello, le p\u00e8re de la publicit\u00e9 moderne\",\"potentialAction\":[{\"@type\":\"SearchAction\",\"target\":{\"@type\":\"EntryPoint\",\"urlTemplate\":\"https:\\\/\\\/cappiello.fr\\\/en\\\/?s={search_term_string}\"},\"query-input\":{\"@type\":\"PropertyValueSpecification\",\"valueRequired\":true,\"valueName\":\"search_term_string\"}}],\"inLanguage\":\"en-US\"}]}<\/script>\n<meta property=\"product:price:currency\" content=\"EUR\" \/>\n<meta property=\"og:availability\" content=\"instock\" \/>\n<meta property=\"product:availability\" content=\"instock\" \/>\n<meta property=\"product:retailer_item_id\" content=\"1927042A0\" \/>\n<meta property=\"product:condition\" content=\"new\" \/>\n<!-- \/ Yoast SEO Premium plugin. -->","yoast_head_json":{"title":"Chaussures Andr\u00e9 - Catalogue Raisonn\u00e9 de Leonetto Cappiello","description":"A woman holds an ostrich feather in each hand. A shoe is placed on each feather, showcasing the lightness of the item and its price. The black and white photo shows the chosen solution for the sketch. In the lower square is a study for Smelco 1927031M0.","robots":{"index":"index","follow":"follow","max-snippet":"max-snippet:-1","max-image-preview":"max-image-preview:large","max-video-preview":"max-video-preview:-1"},"canonical":"https:\/\/cappiello.fr\/en\/produit\/chaussures-8\/","og_locale":"en_US","og_type":"article","og_title":"Chaussures Andr\u00e9","og_description":"A woman holds an ostrich feather in each hand. A shoe is placed on each feather, showcasing the lightness of the item and its price. The black and white photo shows the chosen solution for the sketch. In the lower square is a study for Smelco 1927031M0.","og_url":"https:\/\/cappiello.fr\/en\/produit\/chaussures-8\/","og_site_name":"Catalogue raisonn\u00e9 de Leonetto Cappiello","article_modified_time":"2025-07-02T06:59:32+00:00","og_image":[{"width":651,"height":800,"url":"https:\/\/cappiello.fr\/wp-content\/uploads\/2024\/10\/Vignette-affiche-publicitaire-chaussures-andre-4-cappiello-1927.jpg","type":"image\/jpeg"}],"twitter_card":"summary_large_image","twitter_title":"Chaussures Andr\u00e9","twitter_description":"A woman holds an ostrich feather in each hand. A shoe is placed on each feather, showcasing the lightness of the item and its price. The black and white photo shows the chosen solution for the sketch. In the lower square is a study for Smelco 1927031M0.","twitter_misc":{"Price":"","Availability":"In stock"},"schema":{"@context":"https:\/\/schema.org","@graph":[{"@type":["WebPage","ItemPage"],"@id":"https:\/\/cappiello.fr\/en\/produit\/chaussures-8\/","url":"https:\/\/cappiello.fr\/en\/produit\/chaussures-8\/","name":"Chaussures Andr\u00e9 - Catalogue Raisonn\u00e9 de Leonetto Cappiello","isPartOf":{"@id":"https:\/\/cappiello.fr\/en\/#website"},"primaryImageOfPage":{"@id":"https:\/\/cappiello.fr\/en\/produit\/chaussures-8\/#primaryimage"},"image":{"@id":"https:\/\/cappiello.fr\/en\/produit\/chaussures-8\/#primaryimage"},"thumbnailUrl":"https:\/\/cappiello.fr\/wp-content\/uploads\/2024\/10\/Vignette-affiche-publicitaire-chaussures-andre-4-cappiello-1927.jpg","datePublished":"1927-01-01T00:00:00+00:00","dateModified":"2025-07-02T06:59:32+00:00","description":"A woman holds an ostrich feather in each hand. A shoe is placed on each feather, showcasing the lightness of the item and its price. The black and white photo shows the chosen solution for the sketch. In the lower square is a study for Smelco 1927031M0.","breadcrumb":{"@id":"https:\/\/cappiello.fr\/en\/produit\/chaussures-8\/#breadcrumb"},"inLanguage":"en-US","potentialAction":[{"@type":"ReadAction","target":["https:\/\/cappiello.fr\/en\/produit\/chaussures-8\/"]}]},{"@type":"ImageObject","inLanguage":"en-US","@id":"https:\/\/cappiello.fr\/en\/produit\/chaussures-8\/#primaryimage","url":"https:\/\/cappiello.fr\/wp-content\/uploads\/2024\/10\/Vignette-affiche-publicitaire-chaussures-andre-4-cappiello-1927.jpg","contentUrl":"https:\/\/cappiello.fr\/wp-content\/uploads\/2024\/10\/Vignette-affiche-publicitaire-chaussures-andre-4-cappiello-1927.jpg","width":651,"height":800,"caption":"Project for Raoul shoes"},{"@type":"BreadcrumbList","@id":"https:\/\/cappiello.fr\/en\/produit\/chaussures-8\/#breadcrumb","itemListElement":[{"@type":"ListItem","position":1,"name":"Accueil","item":"https:\/\/cappiello.fr\/en\/"},{"@type":"ListItem","position":2,"name":"The works","item":"https:\/\/cappiello.fr\/en\/the-works\/"},{"@type":"ListItem","position":3,"name":"Chaussures Andr\u00e9"}]},{"@type":"WebSite","@id":"https:\/\/cappiello.fr\/en\/#website","url":"https:\/\/cappiello.fr\/en\/","name":"Catalogue raisonn\u00e9 de Leonetto Cappiello","description":"Plongez dans l&#039;univers de Leonetto Cappiello, le p\u00e8re de la publicit\u00e9 moderne","potentialAction":[{"@type":"SearchAction","target":{"@type":"EntryPoint","urlTemplate":"https:\/\/cappiello.fr\/en\/?s={search_term_string}"},"query-input":{"@type":"PropertyValueSpecification","valueRequired":true,"valueName":"search_term_string"}}],"inLanguage":"en-US"}]},"product_price_currency":"EUR","og_availability":"instock","product_availability":"instock","product_retailer_item_id":"1927042A0","product_condition":"new"},"_links":{"self":[{"href":"https:\/\/cappiello.fr\/en\/wp-json\/wp\/v2\/product\/131093","targetHints":{"allow":["GET"]}}],"collection":[{"href":"https:\/\/cappiello.fr\/en\/wp-json\/wp\/v2\/product"}],"about":[{"href":"https:\/\/cappiello.fr\/en\/wp-json\/wp\/v2\/types\/product"}],"wp:featuredmedia":[{"embeddable":true,"href":"https:\/\/cappiello.fr\/en\/wp-json\/wp\/v2\/media\/131094"}],"wp:attachment":[{"href":"https:\/\/cappiello.fr\/en\/wp-json\/wp\/v2\/media?parent=131093"}],"wp:term":[{"taxonomy":"type-doeuvre","embeddable":true,"href":"https:\/\/cappiello.fr\/en\/wp-json\/wp\/v2\/type-doeuvre?post=131093"},{"taxonomy":"product_brand","embeddable":true,"href":"https:\/\/cappiello.fr\/en\/wp-json\/wp\/v2\/product_brand?post=131093"},{"taxonomy":"product_cat","embeddable":true,"href":"https:\/\/cappiello.fr\/en\/wp-json\/wp\/v2\/product_cat?post=131093"},{"taxonomy":"product_tag","embeddable":true,"href":"https:\/\/cappiello.fr\/en\/wp-json\/wp\/v2\/product_tag?post=131093"}],"curies":[{"name":"wp","href":"https:\/\/api.w.org\/{rel}","templated":true}]}}