{"id":131111,"date":"1929-01-01T00:00:00","date_gmt":"1929-01-01T00:00:00","guid":{"rendered":"https:\/\/cappiello.fr\/produit\/vin-nicolas\/"},"modified":"2025-07-09T09:25:52","modified_gmt":"2025-07-09T07:25:52","slug":"vin-nicolas","status":"publish","type":"product","link":"https:\/\/cappiello.fr\/en\/produit\/vin-nicolas\/","title":{"rendered":"Vins &#8220;Nicolas&#8221;"},"content":{"rendered":"<p>A man in a dressing gown carefully brings up an excellent bottle of wine from the cellar.<br \/>\nIn a variant (Cf. black and white photo) it is Nectar who brings up the bottle. He can be recognized by his saucer-like eyes, his mustache, his cap and his apron.<\/p>\n","protected":false},"excerpt":{"rendered":"<p>Nicolas was founded in 1822. It was the first chain of stores selling bottled wine to take home. In 1922 Nicolas created Nectar, its iconic wine merchant.<\/p>\n","protected":false},"featured_media":134014,"template":"","meta":{"_acf_changed":false},"type-doeuvre":[4057],"product_brand":[],"product_cat":[3571],"product_tag":[3700,3290,3478,3363],"class_list":{"0":"post-131111","1":"product","2":"type-product","3":"status-publish","4":"has-post-thumbnail","6":"type-doeuvre-affiches","7":"product_cat-wines","8":"product_tag-grape-en-5","9":"product_tag-mustache-en","10":"product_tag-old-man-en","11":"product_tag-long-dress-en","12":"pa_periode-1919-1929-en","13":"pa_type-de-contenu-esquisse-en","15":"first","16":"instock","17":"virtual","18":"product-type-simple"},"acf":[],"yoast_head":"<!-- This site is optimized with the Yoast SEO Premium plugin v27.0 (Yoast SEO v27.4) - https:\/\/yoast.com\/product\/yoast-seo-premium-wordpress\/ -->\n<title>Vin &quot;Nicolas&quot; - Catalogue Raisonn\u00e9 de Leonetto Cappiello<\/title>\n<meta name=\"description\" content=\"A man in a dressing gown carefully brings up an excellent bottle of wine from the cellar. In a variant (see black and white photo) it is Nectar who brings up the bottle. He can be recognized by his saucer-like eyes, his mustache, his cap, and his apron.\" \/>\n<meta name=\"robots\" content=\"index, follow, max-snippet:-1, max-image-preview:large, max-video-preview:-1\" \/>\n<link rel=\"canonical\" href=\"https:\/\/cappiello.fr\/en\/produit\/vin-nicolas\/\" \/>\n<meta property=\"og:locale\" content=\"en_US\" \/>\n<meta property=\"og:type\" content=\"article\" \/>\n<meta property=\"og:title\" content=\"Vin &quot;Nicolas&quot;\" \/>\n<meta property=\"og:description\" content=\"A man in a dressing gown carefully brings up an excellent bottle of wine from the cellar. In a variant (see black and white photo) it is Nectar who brings up the bottle. He can be recognized by his saucer-like eyes, his mustache, his cap, and his apron.\" \/>\n<meta property=\"og:url\" content=\"https:\/\/cappiello.fr\/en\/produit\/vin-nicolas\/\" \/>\n<meta property=\"og:site_name\" content=\"Catalogue raisonn\u00e9 de Leonetto Cappiello\" \/>\n<meta property=\"article:modified_time\" content=\"2025-07-09T07:25:52+00:00\" \/>\n<meta property=\"og:image\" content=\"https:\/\/cappiello.fr\/wp-content\/uploads\/2024\/10\/Esquisse-affiche-publicitaire-vin-nicolas-cappiello-1929.jpg\" \/>\n\t<meta property=\"og:image:width\" content=\"589\" \/>\n\t<meta property=\"og:image:height\" content=\"800\" \/>\n\t<meta property=\"og:image:type\" content=\"image\/jpeg\" \/>\n<meta name=\"twitter:card\" content=\"summary_large_image\" \/>\n<meta name=\"twitter:title\" content=\"Vin &quot;Nicolas&quot;\" \/>\n<meta name=\"twitter:description\" content=\"A man in a dressing gown carefully brings up an excellent bottle of wine from the cellar. In a variant (see black and white photo) it is Nectar who brings up the bottle. He can be recognized by his saucer-like eyes, his mustache, his cap, and his apron.\" \/>\n<meta name=\"twitter:label1\" content=\"Price\" \/>\n\t<meta name=\"twitter:data1\" content=\"\" \/>\n\t<meta name=\"twitter:label2\" content=\"Availability\" \/>\n\t<meta name=\"twitter:data2\" content=\"In stock\" \/>\n<script type=\"application\/ld+json\" class=\"yoast-schema-graph\">{\"@context\":\"https:\\\/\\\/schema.org\",\"@graph\":[{\"@type\":[\"WebPage\",\"ItemPage\"],\"@id\":\"https:\\\/\\\/cappiello.fr\\\/en\\\/produit\\\/vin-nicolas\\\/\",\"url\":\"https:\\\/\\\/cappiello.fr\\\/en\\\/produit\\\/vin-nicolas\\\/\",\"name\":\"Vin \\\"Nicolas\\\" - Catalogue Raisonn\u00e9 de Leonetto Cappiello\",\"isPartOf\":{\"@id\":\"https:\\\/\\\/cappiello.fr\\\/en\\\/#website\"},\"primaryImageOfPage\":{\"@id\":\"https:\\\/\\\/cappiello.fr\\\/en\\\/produit\\\/vin-nicolas\\\/#primaryimage\"},\"image\":{\"@id\":\"https:\\\/\\\/cappiello.fr\\\/en\\\/produit\\\/vin-nicolas\\\/#primaryimage\"},\"thumbnailUrl\":\"https:\\\/\\\/cappiello.fr\\\/wp-content\\\/uploads\\\/2024\\\/10\\\/Esquisse-affiche-publicitaire-vin-nicolas-cappiello-1929.jpg\",\"datePublished\":\"1929-01-01T00:00:00+00:00\",\"dateModified\":\"2025-07-09T07:25:52+00:00\",\"description\":\"A man in a dressing gown carefully brings up an excellent bottle of wine from the cellar. In a variant (see black and white photo) it is Nectar who brings up the bottle. He can be recognized by his saucer-like eyes, his mustache, his cap, and his apron.\",\"breadcrumb\":{\"@id\":\"https:\\\/\\\/cappiello.fr\\\/en\\\/produit\\\/vin-nicolas\\\/#breadcrumb\"},\"inLanguage\":\"en-US\",\"potentialAction\":[{\"@type\":\"ReadAction\",\"target\":[\"https:\\\/\\\/cappiello.fr\\\/en\\\/produit\\\/vin-nicolas\\\/\"]}]},{\"@type\":\"ImageObject\",\"inLanguage\":\"en-US\",\"@id\":\"https:\\\/\\\/cappiello.fr\\\/en\\\/produit\\\/vin-nicolas\\\/#primaryimage\",\"url\":\"https:\\\/\\\/cappiello.fr\\\/wp-content\\\/uploads\\\/2024\\\/10\\\/Esquisse-affiche-publicitaire-vin-nicolas-cappiello-1929.jpg\",\"contentUrl\":\"https:\\\/\\\/cappiello.fr\\\/wp-content\\\/uploads\\\/2024\\\/10\\\/Esquisse-affiche-publicitaire-vin-nicolas-cappiello-1929.jpg\",\"width\":589,\"height\":800,\"caption\":\"La Maison Nicolas a \u00e9t\u00e9 cr\u00e9\u00e9e en 1822. Ce fut la premi\u00e8re cha\u00eene de magasins de vente de vin en bouteille \u00e0 emporter chez soi. En 1922 Nicolas cr\u00e9\u00e9 Nectar\"},{\"@type\":\"BreadcrumbList\",\"@id\":\"https:\\\/\\\/cappiello.fr\\\/en\\\/produit\\\/vin-nicolas\\\/#breadcrumb\",\"itemListElement\":[{\"@type\":\"ListItem\",\"position\":1,\"name\":\"Accueil\",\"item\":\"https:\\\/\\\/cappiello.fr\\\/en\\\/\"},{\"@type\":\"ListItem\",\"position\":2,\"name\":\"The works\",\"item\":\"https:\\\/\\\/cappiello.fr\\\/en\\\/the-works\\\/\"},{\"@type\":\"ListItem\",\"position\":3,\"name\":\"Vins &#8220;Nicolas&#8221;\"}]},{\"@type\":\"WebSite\",\"@id\":\"https:\\\/\\\/cappiello.fr\\\/en\\\/#website\",\"url\":\"https:\\\/\\\/cappiello.fr\\\/en\\\/\",\"name\":\"Catalogue raisonn\u00e9 de Leonetto Cappiello\",\"description\":\"Plongez dans l&#039;univers de Leonetto Cappiello, le p\u00e8re de la publicit\u00e9 moderne\",\"potentialAction\":[{\"@type\":\"SearchAction\",\"target\":{\"@type\":\"EntryPoint\",\"urlTemplate\":\"https:\\\/\\\/cappiello.fr\\\/en\\\/?s={search_term_string}\"},\"query-input\":{\"@type\":\"PropertyValueSpecification\",\"valueRequired\":true,\"valueName\":\"search_term_string\"}}],\"inLanguage\":\"en-US\"}]}<\/script>\n<meta property=\"product:price:currency\" content=\"EUR\" \/>\n<meta property=\"og:availability\" content=\"instock\" \/>\n<meta property=\"product:availability\" content=\"instock\" \/>\n<meta property=\"product:retailer_item_id\" content=\"1929041E0\" \/>\n<meta property=\"product:condition\" content=\"new\" \/>\n<!-- \/ Yoast SEO Premium plugin. -->","yoast_head_json":{"title":"Vin \"Nicolas\" - Catalogue Raisonn\u00e9 de Leonetto Cappiello","description":"A man in a dressing gown carefully brings up an excellent bottle of wine from the cellar. In a variant (see black and white photo) it is Nectar who brings up the bottle. He can be recognized by his saucer-like eyes, his mustache, his cap, and his apron.","robots":{"index":"index","follow":"follow","max-snippet":"max-snippet:-1","max-image-preview":"max-image-preview:large","max-video-preview":"max-video-preview:-1"},"canonical":"https:\/\/cappiello.fr\/en\/produit\/vin-nicolas\/","og_locale":"en_US","og_type":"article","og_title":"Vin \"Nicolas\"","og_description":"A man in a dressing gown carefully brings up an excellent bottle of wine from the cellar. In a variant (see black and white photo) it is Nectar who brings up the bottle. He can be recognized by his saucer-like eyes, his mustache, his cap, and his apron.","og_url":"https:\/\/cappiello.fr\/en\/produit\/vin-nicolas\/","og_site_name":"Catalogue raisonn\u00e9 de Leonetto Cappiello","article_modified_time":"2025-07-09T07:25:52+00:00","og_image":[{"width":589,"height":800,"url":"https:\/\/cappiello.fr\/wp-content\/uploads\/2024\/10\/Esquisse-affiche-publicitaire-vin-nicolas-cappiello-1929.jpg","type":"image\/jpeg"}],"twitter_card":"summary_large_image","twitter_title":"Vin \"Nicolas\"","twitter_description":"A man in a dressing gown carefully brings up an excellent bottle of wine from the cellar. In a variant (see black and white photo) it is Nectar who brings up the bottle. He can be recognized by his saucer-like eyes, his mustache, his cap, and his apron.","twitter_misc":{"Price":"","Availability":"In stock"},"schema":{"@context":"https:\/\/schema.org","@graph":[{"@type":["WebPage","ItemPage"],"@id":"https:\/\/cappiello.fr\/en\/produit\/vin-nicolas\/","url":"https:\/\/cappiello.fr\/en\/produit\/vin-nicolas\/","name":"Vin \"Nicolas\" - Catalogue Raisonn\u00e9 de Leonetto Cappiello","isPartOf":{"@id":"https:\/\/cappiello.fr\/en\/#website"},"primaryImageOfPage":{"@id":"https:\/\/cappiello.fr\/en\/produit\/vin-nicolas\/#primaryimage"},"image":{"@id":"https:\/\/cappiello.fr\/en\/produit\/vin-nicolas\/#primaryimage"},"thumbnailUrl":"https:\/\/cappiello.fr\/wp-content\/uploads\/2024\/10\/Esquisse-affiche-publicitaire-vin-nicolas-cappiello-1929.jpg","datePublished":"1929-01-01T00:00:00+00:00","dateModified":"2025-07-09T07:25:52+00:00","description":"A man in a dressing gown carefully brings up an excellent bottle of wine from the cellar. In a variant (see black and white photo) it is Nectar who brings up the bottle. He can be recognized by his saucer-like eyes, his mustache, his cap, and his apron.","breadcrumb":{"@id":"https:\/\/cappiello.fr\/en\/produit\/vin-nicolas\/#breadcrumb"},"inLanguage":"en-US","potentialAction":[{"@type":"ReadAction","target":["https:\/\/cappiello.fr\/en\/produit\/vin-nicolas\/"]}]},{"@type":"ImageObject","inLanguage":"en-US","@id":"https:\/\/cappiello.fr\/en\/produit\/vin-nicolas\/#primaryimage","url":"https:\/\/cappiello.fr\/wp-content\/uploads\/2024\/10\/Esquisse-affiche-publicitaire-vin-nicolas-cappiello-1929.jpg","contentUrl":"https:\/\/cappiello.fr\/wp-content\/uploads\/2024\/10\/Esquisse-affiche-publicitaire-vin-nicolas-cappiello-1929.jpg","width":589,"height":800,"caption":"La Maison Nicolas a \u00e9t\u00e9 cr\u00e9\u00e9e en 1822. Ce fut la premi\u00e8re cha\u00eene de magasins de vente de vin en bouteille \u00e0 emporter chez soi. En 1922 Nicolas cr\u00e9\u00e9 Nectar"},{"@type":"BreadcrumbList","@id":"https:\/\/cappiello.fr\/en\/produit\/vin-nicolas\/#breadcrumb","itemListElement":[{"@type":"ListItem","position":1,"name":"Accueil","item":"https:\/\/cappiello.fr\/en\/"},{"@type":"ListItem","position":2,"name":"The works","item":"https:\/\/cappiello.fr\/en\/the-works\/"},{"@type":"ListItem","position":3,"name":"Vins &#8220;Nicolas&#8221;"}]},{"@type":"WebSite","@id":"https:\/\/cappiello.fr\/en\/#website","url":"https:\/\/cappiello.fr\/en\/","name":"Catalogue raisonn\u00e9 de Leonetto Cappiello","description":"Plongez dans l&#039;univers de Leonetto Cappiello, le p\u00e8re de la publicit\u00e9 moderne","potentialAction":[{"@type":"SearchAction","target":{"@type":"EntryPoint","urlTemplate":"https:\/\/cappiello.fr\/en\/?s={search_term_string}"},"query-input":{"@type":"PropertyValueSpecification","valueRequired":true,"valueName":"search_term_string"}}],"inLanguage":"en-US"}]},"product_price_currency":"EUR","og_availability":"instock","product_availability":"instock","product_retailer_item_id":"1929041E0","product_condition":"new"},"_links":{"self":[{"href":"https:\/\/cappiello.fr\/en\/wp-json\/wp\/v2\/product\/131111","targetHints":{"allow":["GET"]}}],"collection":[{"href":"https:\/\/cappiello.fr\/en\/wp-json\/wp\/v2\/product"}],"about":[{"href":"https:\/\/cappiello.fr\/en\/wp-json\/wp\/v2\/types\/product"}],"wp:featuredmedia":[{"embeddable":true,"href":"https:\/\/cappiello.fr\/en\/wp-json\/wp\/v2\/media\/134014"}],"wp:attachment":[{"href":"https:\/\/cappiello.fr\/en\/wp-json\/wp\/v2\/media?parent=131111"}],"wp:term":[{"taxonomy":"type-doeuvre","embeddable":true,"href":"https:\/\/cappiello.fr\/en\/wp-json\/wp\/v2\/type-doeuvre?post=131111"},{"taxonomy":"product_brand","embeddable":true,"href":"https:\/\/cappiello.fr\/en\/wp-json\/wp\/v2\/product_brand?post=131111"},{"taxonomy":"product_cat","embeddable":true,"href":"https:\/\/cappiello.fr\/en\/wp-json\/wp\/v2\/product_cat?post=131111"},{"taxonomy":"product_tag","embeddable":true,"href":"https:\/\/cappiello.fr\/en\/wp-json\/wp\/v2\/product_tag?post=131111"}],"curies":[{"name":"wp","href":"https:\/\/api.w.org\/{rel}","templated":true}]}}