{"id":131261,"date":"1935-01-01T00:00:00","date_gmt":"1935-01-01T00:00:00","guid":{"rendered":"https:\/\/cappiello.fr\/produit\/chaussures-10\/"},"modified":"2025-07-24T17:11:09","modified_gmt":"2025-07-24T15:11:09","slug":"chaussures-10","status":"publish","type":"product","link":"https:\/\/cappiello.fr\/en\/produit\/chaussures-10\/","title":{"rendered":"Chaussures Pillot"},"content":{"rendered":"<p>An American and a Frenchwoman recognized by their hats, sketch a dance step to show off their beautiful shoes.<br \/>\nThey symbolize the new collection with American technique but French taste.<\/p>\n","protected":false},"excerpt":{"rendered":"<p>Founded in 1932 by Alexandre Aubaut and his son Eug\u00e8ne, the company Chaussures Pillot had 3 factories in Paris and the Paris region by 1935, but only 15 stores, 12 of which were in Paris. They bet on producing at the lowest possible cost using the most modern techniques, but neglected marketing.<br \/>\n<Br>The factory in Paray near Orly was built in 1935 and became the flagship of the company. It had 5 assembly lines spread over 30,000 m2.<br \/>\nAll kinds of rubber-soled shoes were manufactured there: low-cost shoes, work shoes, sandals, sneakers, military boots, and fabric shoes for women. Overbuilt for the actual demand, it was shut down in 1938.<\/p>\n","protected":false},"featured_media":131264,"template":"","meta":{"_acf_changed":false},"type-doeuvre":[4057],"product_brand":[],"product_cat":[3488],"product_tag":[3250,3858,3278],"class_list":{"0":"post-131261","1":"product","2":"type-product","3":"status-publish","4":"has-post-thumbnail","6":"type-doeuvre-affiches","7":"product_cat-shoes-leather-goods","8":"product_tag-hat","9":"product_tag-saw-en","10":"product_tag-turban-en","11":"pa_periode-1930-1940-en","12":"pa_type-de-contenu-esquisse-en","14":"first","15":"instock","16":"virtual","17":"product-type-simple"},"acf":[],"yoast_head":"<!-- This site is optimized with the Yoast SEO Premium plugin v27.0 (Yoast SEO v27.4) - https:\/\/yoast.com\/product\/yoast-seo-premium-wordpress\/ -->\n<title>Chaussures Pillot - Catalogue Raisonn\u00e9 de Leonetto Cappiello<\/title>\n<meta name=\"description\" content=\"Un am\u00e9ricain et une fran\u00e7aise reconnus par leur chapeau, esquissent un pas de danse pour montrer leurs belles chaussures. Ils symbolisent la nouvelle collection \u00e0 la technique am\u00e9ricaine mais au go\u00fbt fran\u00e7ais.\" \/>\n<meta name=\"robots\" content=\"index, follow, max-snippet:-1, max-image-preview:large, max-video-preview:-1\" \/>\n<link rel=\"canonical\" href=\"https:\/\/cappiello.fr\/en\/produit\/chaussures-10\/\" \/>\n<meta property=\"og:locale\" content=\"en_US\" \/>\n<meta property=\"og:type\" content=\"article\" \/>\n<meta property=\"og:title\" content=\"Chaussures Pillot\" \/>\n<meta property=\"og:description\" content=\"Un am\u00e9ricain et une fran\u00e7aise reconnus par leur chapeau, esquissent un pas de danse pour montrer leurs belles chaussures. Ils symbolisent la nouvelle collection \u00e0 la technique am\u00e9ricaine mais au go\u00fbt fran\u00e7ais.\" \/>\n<meta property=\"og:url\" content=\"https:\/\/cappiello.fr\/en\/produit\/chaussures-10\/\" \/>\n<meta property=\"og:site_name\" content=\"Catalogue raisonn\u00e9 de Leonetto Cappiello\" \/>\n<meta property=\"article:modified_time\" content=\"2025-07-24T15:11:09+00:00\" \/>\n<meta property=\"og:image\" content=\"https:\/\/cappiello.fr\/wp-content\/uploads\/2024\/10\/Esquisse-affiche-publicitaire-chaussures-pillot-cappiello-1935.jpg\" \/>\n\t<meta property=\"og:image:width\" content=\"542\" \/>\n\t<meta property=\"og:image:height\" content=\"800\" \/>\n\t<meta property=\"og:image:type\" content=\"image\/jpeg\" \/>\n<meta name=\"twitter:card\" content=\"summary_large_image\" \/>\n<meta name=\"twitter:title\" content=\"Chaussures Pillot\" \/>\n<meta name=\"twitter:description\" content=\"Un am\u00e9ricain et une fran\u00e7aise reconnus par leur chapeau, esquissent un pas de danse pour montrer leurs belles chaussures. Ils symbolisent la nouvelle collection \u00e0 la technique am\u00e9ricaine mais au go\u00fbt fran\u00e7ais.\" \/>\n<meta name=\"twitter:label1\" content=\"Price\" \/>\n\t<meta name=\"twitter:data1\" content=\"\" \/>\n\t<meta name=\"twitter:label2\" content=\"Availability\" \/>\n\t<meta name=\"twitter:data2\" content=\"In stock\" \/>\n<script type=\"application\/ld+json\" class=\"yoast-schema-graph\">{\"@context\":\"https:\\\/\\\/schema.org\",\"@graph\":[{\"@type\":[\"WebPage\",\"ItemPage\"],\"@id\":\"https:\\\/\\\/cappiello.fr\\\/en\\\/produit\\\/chaussures-10\\\/\",\"url\":\"https:\\\/\\\/cappiello.fr\\\/en\\\/produit\\\/chaussures-10\\\/\",\"name\":\"Chaussures Pillot - Catalogue Raisonn\u00e9 de Leonetto Cappiello\",\"isPartOf\":{\"@id\":\"https:\\\/\\\/cappiello.fr\\\/en\\\/#website\"},\"primaryImageOfPage\":{\"@id\":\"https:\\\/\\\/cappiello.fr\\\/en\\\/produit\\\/chaussures-10\\\/#primaryimage\"},\"image\":{\"@id\":\"https:\\\/\\\/cappiello.fr\\\/en\\\/produit\\\/chaussures-10\\\/#primaryimage\"},\"thumbnailUrl\":\"https:\\\/\\\/cappiello.fr\\\/wp-content\\\/uploads\\\/2024\\\/10\\\/Esquisse-affiche-publicitaire-chaussures-pillot-cappiello-1935.jpg\",\"datePublished\":\"1935-01-01T00:00:00+00:00\",\"dateModified\":\"2025-07-24T15:11:09+00:00\",\"description\":\"Un am\u00e9ricain et une fran\u00e7aise reconnus par leur chapeau, esquissent un pas de danse pour montrer leurs belles chaussures. Ils symbolisent la nouvelle collection \u00e0 la technique am\u00e9ricaine mais au go\u00fbt fran\u00e7ais.\",\"breadcrumb\":{\"@id\":\"https:\\\/\\\/cappiello.fr\\\/en\\\/produit\\\/chaussures-10\\\/#breadcrumb\"},\"inLanguage\":\"en-US\",\"potentialAction\":[{\"@type\":\"ReadAction\",\"target\":[\"https:\\\/\\\/cappiello.fr\\\/en\\\/produit\\\/chaussures-10\\\/\"]}]},{\"@type\":\"ImageObject\",\"inLanguage\":\"en-US\",\"@id\":\"https:\\\/\\\/cappiello.fr\\\/en\\\/produit\\\/chaussures-10\\\/#primaryimage\",\"url\":\"https:\\\/\\\/cappiello.fr\\\/wp-content\\\/uploads\\\/2024\\\/10\\\/Esquisse-affiche-publicitaire-chaussures-pillot-cappiello-1935.jpg\",\"contentUrl\":\"https:\\\/\\\/cappiello.fr\\\/wp-content\\\/uploads\\\/2024\\\/10\\\/Esquisse-affiche-publicitaire-chaussures-pillot-cappiello-1935.jpg\",\"width\":542,\"height\":800,\"caption\":\"Project for Raoul shoes\"},{\"@type\":\"BreadcrumbList\",\"@id\":\"https:\\\/\\\/cappiello.fr\\\/en\\\/produit\\\/chaussures-10\\\/#breadcrumb\",\"itemListElement\":[{\"@type\":\"ListItem\",\"position\":1,\"name\":\"Accueil\",\"item\":\"https:\\\/\\\/cappiello.fr\\\/en\\\/\"},{\"@type\":\"ListItem\",\"position\":2,\"name\":\"The works\",\"item\":\"https:\\\/\\\/cappiello.fr\\\/en\\\/the-works\\\/\"},{\"@type\":\"ListItem\",\"position\":3,\"name\":\"Chaussures Pillot\"}]},{\"@type\":\"WebSite\",\"@id\":\"https:\\\/\\\/cappiello.fr\\\/en\\\/#website\",\"url\":\"https:\\\/\\\/cappiello.fr\\\/en\\\/\",\"name\":\"Catalogue raisonn\u00e9 de Leonetto Cappiello\",\"description\":\"Plongez dans l&#039;univers de Leonetto Cappiello, le p\u00e8re de la publicit\u00e9 moderne\",\"potentialAction\":[{\"@type\":\"SearchAction\",\"target\":{\"@type\":\"EntryPoint\",\"urlTemplate\":\"https:\\\/\\\/cappiello.fr\\\/en\\\/?s={search_term_string}\"},\"query-input\":{\"@type\":\"PropertyValueSpecification\",\"valueRequired\":true,\"valueName\":\"search_term_string\"}}],\"inLanguage\":\"en-US\"}]}<\/script>\n<meta property=\"product:price:currency\" content=\"EUR\" \/>\n<meta property=\"og:availability\" content=\"instock\" \/>\n<meta property=\"product:availability\" content=\"instock\" \/>\n<meta property=\"product:retailer_item_id\" content=\"1935205E0\" \/>\n<meta property=\"product:condition\" content=\"new\" \/>\n<!-- \/ Yoast SEO Premium plugin. -->","yoast_head_json":{"title":"Chaussures Pillot - Catalogue Raisonn\u00e9 de Leonetto Cappiello","description":"Un am\u00e9ricain et une fran\u00e7aise reconnus par leur chapeau, esquissent un pas de danse pour montrer leurs belles chaussures. Ils symbolisent la nouvelle collection \u00e0 la technique am\u00e9ricaine mais au go\u00fbt fran\u00e7ais.","robots":{"index":"index","follow":"follow","max-snippet":"max-snippet:-1","max-image-preview":"max-image-preview:large","max-video-preview":"max-video-preview:-1"},"canonical":"https:\/\/cappiello.fr\/en\/produit\/chaussures-10\/","og_locale":"en_US","og_type":"article","og_title":"Chaussures Pillot","og_description":"Un am\u00e9ricain et une fran\u00e7aise reconnus par leur chapeau, esquissent un pas de danse pour montrer leurs belles chaussures. Ils symbolisent la nouvelle collection \u00e0 la technique am\u00e9ricaine mais au go\u00fbt fran\u00e7ais.","og_url":"https:\/\/cappiello.fr\/en\/produit\/chaussures-10\/","og_site_name":"Catalogue raisonn\u00e9 de Leonetto Cappiello","article_modified_time":"2025-07-24T15:11:09+00:00","og_image":[{"width":542,"height":800,"url":"https:\/\/cappiello.fr\/wp-content\/uploads\/2024\/10\/Esquisse-affiche-publicitaire-chaussures-pillot-cappiello-1935.jpg","type":"image\/jpeg"}],"twitter_card":"summary_large_image","twitter_title":"Chaussures Pillot","twitter_description":"Un am\u00e9ricain et une fran\u00e7aise reconnus par leur chapeau, esquissent un pas de danse pour montrer leurs belles chaussures. Ils symbolisent la nouvelle collection \u00e0 la technique am\u00e9ricaine mais au go\u00fbt fran\u00e7ais.","twitter_misc":{"Price":"","Availability":"In stock"},"schema":{"@context":"https:\/\/schema.org","@graph":[{"@type":["WebPage","ItemPage"],"@id":"https:\/\/cappiello.fr\/en\/produit\/chaussures-10\/","url":"https:\/\/cappiello.fr\/en\/produit\/chaussures-10\/","name":"Chaussures Pillot - Catalogue Raisonn\u00e9 de Leonetto Cappiello","isPartOf":{"@id":"https:\/\/cappiello.fr\/en\/#website"},"primaryImageOfPage":{"@id":"https:\/\/cappiello.fr\/en\/produit\/chaussures-10\/#primaryimage"},"image":{"@id":"https:\/\/cappiello.fr\/en\/produit\/chaussures-10\/#primaryimage"},"thumbnailUrl":"https:\/\/cappiello.fr\/wp-content\/uploads\/2024\/10\/Esquisse-affiche-publicitaire-chaussures-pillot-cappiello-1935.jpg","datePublished":"1935-01-01T00:00:00+00:00","dateModified":"2025-07-24T15:11:09+00:00","description":"Un am\u00e9ricain et une fran\u00e7aise reconnus par leur chapeau, esquissent un pas de danse pour montrer leurs belles chaussures. Ils symbolisent la nouvelle collection \u00e0 la technique am\u00e9ricaine mais au go\u00fbt fran\u00e7ais.","breadcrumb":{"@id":"https:\/\/cappiello.fr\/en\/produit\/chaussures-10\/#breadcrumb"},"inLanguage":"en-US","potentialAction":[{"@type":"ReadAction","target":["https:\/\/cappiello.fr\/en\/produit\/chaussures-10\/"]}]},{"@type":"ImageObject","inLanguage":"en-US","@id":"https:\/\/cappiello.fr\/en\/produit\/chaussures-10\/#primaryimage","url":"https:\/\/cappiello.fr\/wp-content\/uploads\/2024\/10\/Esquisse-affiche-publicitaire-chaussures-pillot-cappiello-1935.jpg","contentUrl":"https:\/\/cappiello.fr\/wp-content\/uploads\/2024\/10\/Esquisse-affiche-publicitaire-chaussures-pillot-cappiello-1935.jpg","width":542,"height":800,"caption":"Project for Raoul shoes"},{"@type":"BreadcrumbList","@id":"https:\/\/cappiello.fr\/en\/produit\/chaussures-10\/#breadcrumb","itemListElement":[{"@type":"ListItem","position":1,"name":"Accueil","item":"https:\/\/cappiello.fr\/en\/"},{"@type":"ListItem","position":2,"name":"The works","item":"https:\/\/cappiello.fr\/en\/the-works\/"},{"@type":"ListItem","position":3,"name":"Chaussures Pillot"}]},{"@type":"WebSite","@id":"https:\/\/cappiello.fr\/en\/#website","url":"https:\/\/cappiello.fr\/en\/","name":"Catalogue raisonn\u00e9 de Leonetto Cappiello","description":"Plongez dans l&#039;univers de Leonetto Cappiello, le p\u00e8re de la publicit\u00e9 moderne","potentialAction":[{"@type":"SearchAction","target":{"@type":"EntryPoint","urlTemplate":"https:\/\/cappiello.fr\/en\/?s={search_term_string}"},"query-input":{"@type":"PropertyValueSpecification","valueRequired":true,"valueName":"search_term_string"}}],"inLanguage":"en-US"}]},"product_price_currency":"EUR","og_availability":"instock","product_availability":"instock","product_retailer_item_id":"1935205E0","product_condition":"new"},"_links":{"self":[{"href":"https:\/\/cappiello.fr\/en\/wp-json\/wp\/v2\/product\/131261","targetHints":{"allow":["GET"]}}],"collection":[{"href":"https:\/\/cappiello.fr\/en\/wp-json\/wp\/v2\/product"}],"about":[{"href":"https:\/\/cappiello.fr\/en\/wp-json\/wp\/v2\/types\/product"}],"wp:featuredmedia":[{"embeddable":true,"href":"https:\/\/cappiello.fr\/en\/wp-json\/wp\/v2\/media\/131264"}],"wp:attachment":[{"href":"https:\/\/cappiello.fr\/en\/wp-json\/wp\/v2\/media?parent=131261"}],"wp:term":[{"taxonomy":"type-doeuvre","embeddable":true,"href":"https:\/\/cappiello.fr\/en\/wp-json\/wp\/v2\/type-doeuvre?post=131261"},{"taxonomy":"product_brand","embeddable":true,"href":"https:\/\/cappiello.fr\/en\/wp-json\/wp\/v2\/product_brand?post=131261"},{"taxonomy":"product_cat","embeddable":true,"href":"https:\/\/cappiello.fr\/en\/wp-json\/wp\/v2\/product_cat?post=131261"},{"taxonomy":"product_tag","embeddable":true,"href":"https:\/\/cappiello.fr\/en\/wp-json\/wp\/v2\/product_tag?post=131261"}],"curies":[{"name":"wp","href":"https:\/\/api.w.org\/{rel}","templated":true}]}}