{"id":131420,"date":"1927-01-01T00:00:00","date_gmt":"1927-01-01T00:00:00","guid":{"rendered":"https:\/\/cappiello.fr\/produit\/boite-de-cirage\/"},"modified":"2025-05-14T23:27:30","modified_gmt":"2025-05-14T21:27:30","slug":"boite-de-cirage","status":"publish","type":"product","link":"https:\/\/cappiello.fr\/en\/produit\/boite-de-cirage\/","title":{"rendered":"Bo\u00eete de cirage"},"content":{"rendered":"<p>Two women are in opposition. One white woman is delighted to be able to easily open her shoe polish box thanks to the small butterfly on the side, the other black woman with glasses is unhappy with the opening system.<\/p>\n","protected":false},"excerpt":{"rendered":"<p>Polishing box &#8220;goes on its own&#8221;<\/p>\n","protected":false},"featured_media":131423,"template":"","meta":{"_acf_changed":false},"type-doeuvre":[4057],"product_brand":[],"product_cat":[3277],"product_tag":[3332,3292],"class_list":{"0":"post-131420","1":"product","2":"type-product","3":"status-publish","4":"has-post-thumbnail","6":"type-doeuvre-affiches","7":"product_cat-cleaning-products","8":"product_tag-dancer","9":"product_tag-mustache-en-3","10":"pa_periode-1919-1929-en","11":"pa_type-de-contenu-sketch-photo","13":"first","14":"instock","15":"virtual","16":"product-type-simple"},"acf":[],"yoast_head":"<!-- This site is optimized with the Yoast SEO Premium plugin v27.0 (Yoast SEO v27.4) - https:\/\/yoast.com\/product\/yoast-seo-premium-wordpress\/ -->\n<title>Boite \u00e0 cirage - Catalogue Raisonn\u00e9 de Leonetto Cappiello<\/title>\n<meta name=\"description\" content=\"Two women are in opposition. One white woman is delighted to easily open her shoe polish tin thanks to the small butterfly on the side, the other black woman with glasses is unhappy with the opening system.\" \/>\n<meta name=\"robots\" content=\"index, follow, max-snippet:-1, max-image-preview:large, max-video-preview:-1\" \/>\n<link rel=\"canonical\" href=\"https:\/\/cappiello.fr\/en\/produit\/boite-de-cirage\/\" \/>\n<meta property=\"og:locale\" content=\"en_US\" \/>\n<meta property=\"og:type\" content=\"article\" \/>\n<meta property=\"og:title\" content=\"Boite \u00e0 cirage\" \/>\n<meta property=\"og:description\" content=\"Two women are in opposition. One white woman is delighted to easily open her shoe polish tin thanks to the small butterfly on the side, the other black woman with glasses is unhappy with the opening system.\" \/>\n<meta property=\"og:url\" content=\"https:\/\/cappiello.fr\/en\/produit\/boite-de-cirage\/\" \/>\n<meta property=\"og:site_name\" content=\"Catalogue raisonn\u00e9 de Leonetto Cappiello\" \/>\n<meta property=\"article:modified_time\" content=\"2025-05-14T21:27:30+00:00\" \/>\n<meta property=\"og:image\" content=\"https:\/\/cappiello.fr\/wp-content\/uploads\/2024\/10\/Photo-desquisse-affiche-publicitaire-boite-a-cirage-cappiello-1927.jpg\" \/>\n\t<meta property=\"og:image:width\" content=\"617\" \/>\n\t<meta property=\"og:image:height\" content=\"800\" \/>\n\t<meta property=\"og:image:type\" content=\"image\/jpeg\" \/>\n<meta name=\"twitter:card\" content=\"summary_large_image\" \/>\n<meta name=\"twitter:title\" content=\"Boite \u00e0 cirage\" \/>\n<meta name=\"twitter:description\" content=\"Two women are in opposition. One white woman is delighted to easily open her shoe polish tin thanks to the small butterfly on the side, the other black woman with glasses is unhappy with the opening system.\" \/>\n<meta name=\"twitter:label1\" content=\"Price\" \/>\n\t<meta name=\"twitter:data1\" content=\"\" \/>\n\t<meta name=\"twitter:label2\" content=\"Availability\" \/>\n\t<meta name=\"twitter:data2\" content=\"In stock\" \/>\n<script type=\"application\/ld+json\" class=\"yoast-schema-graph\">{\"@context\":\"https:\\\/\\\/schema.org\",\"@graph\":[{\"@type\":[\"WebPage\",\"ItemPage\"],\"@id\":\"https:\\\/\\\/cappiello.fr\\\/en\\\/produit\\\/boite-de-cirage\\\/\",\"url\":\"https:\\\/\\\/cappiello.fr\\\/en\\\/produit\\\/boite-de-cirage\\\/\",\"name\":\"Boite \u00e0 cirage - Catalogue Raisonn\u00e9 de Leonetto Cappiello\",\"isPartOf\":{\"@id\":\"https:\\\/\\\/cappiello.fr\\\/en\\\/#website\"},\"primaryImageOfPage\":{\"@id\":\"https:\\\/\\\/cappiello.fr\\\/en\\\/produit\\\/boite-de-cirage\\\/#primaryimage\"},\"image\":{\"@id\":\"https:\\\/\\\/cappiello.fr\\\/en\\\/produit\\\/boite-de-cirage\\\/#primaryimage\"},\"thumbnailUrl\":\"https:\\\/\\\/cappiello.fr\\\/wp-content\\\/uploads\\\/2024\\\/10\\\/Photo-desquisse-affiche-publicitaire-boite-a-cirage-cappiello-1927.jpg\",\"datePublished\":\"1927-01-01T00:00:00+00:00\",\"dateModified\":\"2025-05-14T21:27:30+00:00\",\"description\":\"Two women are in opposition. One white woman is delighted to easily open her shoe polish tin thanks to the small butterfly on the side, the other black woman with glasses is unhappy with the opening system.\",\"breadcrumb\":{\"@id\":\"https:\\\/\\\/cappiello.fr\\\/en\\\/produit\\\/boite-de-cirage\\\/#breadcrumb\"},\"inLanguage\":\"en-US\",\"potentialAction\":[{\"@type\":\"ReadAction\",\"target\":[\"https:\\\/\\\/cappiello.fr\\\/en\\\/produit\\\/boite-de-cirage\\\/\"]}]},{\"@type\":\"ImageObject\",\"inLanguage\":\"en-US\",\"@id\":\"https:\\\/\\\/cappiello.fr\\\/en\\\/produit\\\/boite-de-cirage\\\/#primaryimage\",\"url\":\"https:\\\/\\\/cappiello.fr\\\/wp-content\\\/uploads\\\/2024\\\/10\\\/Photo-desquisse-affiche-publicitaire-boite-a-cirage-cappiello-1927.jpg\",\"contentUrl\":\"https:\\\/\\\/cappiello.fr\\\/wp-content\\\/uploads\\\/2024\\\/10\\\/Photo-desquisse-affiche-publicitaire-boite-a-cirage-cappiello-1927.jpg\",\"width\":617,\"height\":800,\"caption\":\"Shoe polish box \\\"self-service\\\"\"},{\"@type\":\"BreadcrumbList\",\"@id\":\"https:\\\/\\\/cappiello.fr\\\/en\\\/produit\\\/boite-de-cirage\\\/#breadcrumb\",\"itemListElement\":[{\"@type\":\"ListItem\",\"position\":1,\"name\":\"Accueil\",\"item\":\"https:\\\/\\\/cappiello.fr\\\/en\\\/\"},{\"@type\":\"ListItem\",\"position\":2,\"name\":\"The works\",\"item\":\"https:\\\/\\\/cappiello.fr\\\/en\\\/the-works\\\/\"},{\"@type\":\"ListItem\",\"position\":3,\"name\":\"Bo\u00eete de cirage\"}]},{\"@type\":\"WebSite\",\"@id\":\"https:\\\/\\\/cappiello.fr\\\/en\\\/#website\",\"url\":\"https:\\\/\\\/cappiello.fr\\\/en\\\/\",\"name\":\"Catalogue raisonn\u00e9 de Leonetto Cappiello\",\"description\":\"Plongez dans l&#039;univers de Leonetto Cappiello, le p\u00e8re de la publicit\u00e9 moderne\",\"potentialAction\":[{\"@type\":\"SearchAction\",\"target\":{\"@type\":\"EntryPoint\",\"urlTemplate\":\"https:\\\/\\\/cappiello.fr\\\/en\\\/?s={search_term_string}\"},\"query-input\":{\"@type\":\"PropertyValueSpecification\",\"valueRequired\":true,\"valueName\":\"search_term_string\"}}],\"inLanguage\":\"en-US\"}]}<\/script>\n<meta property=\"product:price:currency\" content=\"EUR\" \/>\n<meta property=\"og:availability\" content=\"instock\" \/>\n<meta property=\"product:availability\" content=\"instock\" \/>\n<meta property=\"product:retailer_item_id\" content=\"1927060B0\" \/>\n<meta property=\"product:condition\" content=\"new\" \/>\n<!-- \/ Yoast SEO Premium plugin. -->","yoast_head_json":{"title":"Boite \u00e0 cirage - Catalogue Raisonn\u00e9 de Leonetto Cappiello","description":"Two women are in opposition. One white woman is delighted to easily open her shoe polish tin thanks to the small butterfly on the side, the other black woman with glasses is unhappy with the opening system.","robots":{"index":"index","follow":"follow","max-snippet":"max-snippet:-1","max-image-preview":"max-image-preview:large","max-video-preview":"max-video-preview:-1"},"canonical":"https:\/\/cappiello.fr\/en\/produit\/boite-de-cirage\/","og_locale":"en_US","og_type":"article","og_title":"Boite \u00e0 cirage","og_description":"Two women are in opposition. One white woman is delighted to easily open her shoe polish tin thanks to the small butterfly on the side, the other black woman with glasses is unhappy with the opening system.","og_url":"https:\/\/cappiello.fr\/en\/produit\/boite-de-cirage\/","og_site_name":"Catalogue raisonn\u00e9 de Leonetto Cappiello","article_modified_time":"2025-05-14T21:27:30+00:00","og_image":[{"width":617,"height":800,"url":"https:\/\/cappiello.fr\/wp-content\/uploads\/2024\/10\/Photo-desquisse-affiche-publicitaire-boite-a-cirage-cappiello-1927.jpg","type":"image\/jpeg"}],"twitter_card":"summary_large_image","twitter_title":"Boite \u00e0 cirage","twitter_description":"Two women are in opposition. One white woman is delighted to easily open her shoe polish tin thanks to the small butterfly on the side, the other black woman with glasses is unhappy with the opening system.","twitter_misc":{"Price":"","Availability":"In stock"},"schema":{"@context":"https:\/\/schema.org","@graph":[{"@type":["WebPage","ItemPage"],"@id":"https:\/\/cappiello.fr\/en\/produit\/boite-de-cirage\/","url":"https:\/\/cappiello.fr\/en\/produit\/boite-de-cirage\/","name":"Boite \u00e0 cirage - Catalogue Raisonn\u00e9 de Leonetto Cappiello","isPartOf":{"@id":"https:\/\/cappiello.fr\/en\/#website"},"primaryImageOfPage":{"@id":"https:\/\/cappiello.fr\/en\/produit\/boite-de-cirage\/#primaryimage"},"image":{"@id":"https:\/\/cappiello.fr\/en\/produit\/boite-de-cirage\/#primaryimage"},"thumbnailUrl":"https:\/\/cappiello.fr\/wp-content\/uploads\/2024\/10\/Photo-desquisse-affiche-publicitaire-boite-a-cirage-cappiello-1927.jpg","datePublished":"1927-01-01T00:00:00+00:00","dateModified":"2025-05-14T21:27:30+00:00","description":"Two women are in opposition. One white woman is delighted to easily open her shoe polish tin thanks to the small butterfly on the side, the other black woman with glasses is unhappy with the opening system.","breadcrumb":{"@id":"https:\/\/cappiello.fr\/en\/produit\/boite-de-cirage\/#breadcrumb"},"inLanguage":"en-US","potentialAction":[{"@type":"ReadAction","target":["https:\/\/cappiello.fr\/en\/produit\/boite-de-cirage\/"]}]},{"@type":"ImageObject","inLanguage":"en-US","@id":"https:\/\/cappiello.fr\/en\/produit\/boite-de-cirage\/#primaryimage","url":"https:\/\/cappiello.fr\/wp-content\/uploads\/2024\/10\/Photo-desquisse-affiche-publicitaire-boite-a-cirage-cappiello-1927.jpg","contentUrl":"https:\/\/cappiello.fr\/wp-content\/uploads\/2024\/10\/Photo-desquisse-affiche-publicitaire-boite-a-cirage-cappiello-1927.jpg","width":617,"height":800,"caption":"Shoe polish box \"self-service\""},{"@type":"BreadcrumbList","@id":"https:\/\/cappiello.fr\/en\/produit\/boite-de-cirage\/#breadcrumb","itemListElement":[{"@type":"ListItem","position":1,"name":"Accueil","item":"https:\/\/cappiello.fr\/en\/"},{"@type":"ListItem","position":2,"name":"The works","item":"https:\/\/cappiello.fr\/en\/the-works\/"},{"@type":"ListItem","position":3,"name":"Bo\u00eete de cirage"}]},{"@type":"WebSite","@id":"https:\/\/cappiello.fr\/en\/#website","url":"https:\/\/cappiello.fr\/en\/","name":"Catalogue raisonn\u00e9 de Leonetto Cappiello","description":"Plongez dans l&#039;univers de Leonetto Cappiello, le p\u00e8re de la publicit\u00e9 moderne","potentialAction":[{"@type":"SearchAction","target":{"@type":"EntryPoint","urlTemplate":"https:\/\/cappiello.fr\/en\/?s={search_term_string}"},"query-input":{"@type":"PropertyValueSpecification","valueRequired":true,"valueName":"search_term_string"}}],"inLanguage":"en-US"}]},"product_price_currency":"EUR","og_availability":"instock","product_availability":"instock","product_retailer_item_id":"1927060B0","product_condition":"new"},"_links":{"self":[{"href":"https:\/\/cappiello.fr\/en\/wp-json\/wp\/v2\/product\/131420","targetHints":{"allow":["GET"]}}],"collection":[{"href":"https:\/\/cappiello.fr\/en\/wp-json\/wp\/v2\/product"}],"about":[{"href":"https:\/\/cappiello.fr\/en\/wp-json\/wp\/v2\/types\/product"}],"wp:featuredmedia":[{"embeddable":true,"href":"https:\/\/cappiello.fr\/en\/wp-json\/wp\/v2\/media\/131423"}],"wp:attachment":[{"href":"https:\/\/cappiello.fr\/en\/wp-json\/wp\/v2\/media?parent=131420"}],"wp:term":[{"taxonomy":"type-doeuvre","embeddable":true,"href":"https:\/\/cappiello.fr\/en\/wp-json\/wp\/v2\/type-doeuvre?post=131420"},{"taxonomy":"product_brand","embeddable":true,"href":"https:\/\/cappiello.fr\/en\/wp-json\/wp\/v2\/product_brand?post=131420"},{"taxonomy":"product_cat","embeddable":true,"href":"https:\/\/cappiello.fr\/en\/wp-json\/wp\/v2\/product_cat?post=131420"},{"taxonomy":"product_tag","embeddable":true,"href":"https:\/\/cappiello.fr\/en\/wp-json\/wp\/v2\/product_tag?post=131420"}],"curies":[{"name":"wp","href":"https:\/\/api.w.org\/{rel}","templated":true}]}}