{"id":131438,"date":"1925-01-01T00:00:00","date_gmt":"1925-01-01T00:00:00","guid":{"rendered":"https:\/\/cappiello.fr\/produit\/bourdou\/"},"modified":"2025-06-26T18:59:27","modified_gmt":"2025-06-26T16:59:27","slug":"bourdou","status":"publish","type":"product","link":"https:\/\/cappiello.fr\/en\/produit\/bourdou\/","title":{"rendered":"Vin Bourdou"},"content":{"rendered":"<p>A green elephant carries a bottle of Bourdou wine on its back. To create this sketch, Cappiello starts by making the drawing in charcoal 1926004E1. Some time later, he retrieves this drawing to paint on its back the sketch &#8220;Agricultural Products&#8221; Inventory No.: <a href=\"https:\/\/cappiello.fr\/en\/produit\/produits-agricoles\/\">1926201E0<\/a>. Since the paper was too small, he adds complementary strips by gluing them.<\/p>\n","protected":false},"excerpt":{"rendered":"<p>Quinine aperitif wine<\/p>\n","protected":false},"featured_media":131439,"template":"","meta":{"_acf_changed":false},"type-doeuvre":[4057],"product_brand":[],"product_cat":[3339],"product_tag":[3290,3304],"class_list":{"0":"post-131438","1":"product","2":"type-product","3":"status-publish","4":"has-post-thumbnail","6":"type-doeuvre-affiches","7":"product_cat-aperitifs","8":"product_tag-mustache-en","9":"product_tag-feline","10":"pa_periode-1919-1929-en","11":"pa_type-de-contenu-esquisse-en","13":"first","14":"instock","15":"virtual","16":"product-type-simple"},"acf":[],"yoast_head":"<!-- This site is optimized with the Yoast SEO Premium plugin v27.0 (Yoast SEO v27.4) - https:\/\/yoast.com\/product\/yoast-seo-premium-wordpress\/ -->\n<title>Vin Bourdou - Catalogue Raisonn\u00e9 de Leonetto Cappiello<\/title>\n<meta name=\"description\" content=\"A green elephant carries a bottle of Bourdou wine on its back. To create this sketch, Cappiello starts by drawing with charcoal 1926004E1. Some time later, he retrieves this drawing to paint on the back the sketch &quot;Agricultural Products&quot; Inventory No.: 1926201E0. Since the paper was too small, he adds complementary strips by gluing them.\" \/>\n<meta name=\"robots\" content=\"index, follow, max-snippet:-1, max-image-preview:large, max-video-preview:-1\" \/>\n<link rel=\"canonical\" href=\"https:\/\/cappiello.fr\/en\/produit\/bourdou\/\" \/>\n<meta property=\"og:locale\" content=\"en_US\" \/>\n<meta property=\"og:type\" content=\"article\" \/>\n<meta property=\"og:title\" content=\"Vin Bourdou\" \/>\n<meta property=\"og:description\" content=\"A green elephant carries a bottle of Bourdou wine on its back. To create this sketch, Cappiello starts by drawing with charcoal 1926004E1. Some time later, he retrieves this drawing to paint on the back the sketch &quot;Agricultural Products&quot; Inventory No.: 1926201E0. Since the paper was too small, he adds complementary strips by gluing them.\" \/>\n<meta property=\"og:url\" content=\"https:\/\/cappiello.fr\/en\/produit\/bourdou\/\" \/>\n<meta property=\"og:site_name\" content=\"Catalogue raisonn\u00e9 de Leonetto Cappiello\" \/>\n<meta property=\"article:modified_time\" content=\"2025-06-26T16:59:27+00:00\" \/>\n<meta property=\"og:image\" content=\"https:\/\/cappiello.fr\/wp-content\/uploads\/2024\/10\/Esquisse-affiche-publicitaire-vin-bourdou-cappiello-1925.jpg\" \/>\n\t<meta property=\"og:image:width\" content=\"614\" \/>\n\t<meta property=\"og:image:height\" content=\"800\" \/>\n\t<meta property=\"og:image:type\" content=\"image\/jpeg\" \/>\n<meta name=\"twitter:card\" content=\"summary_large_image\" \/>\n<meta name=\"twitter:title\" content=\"Vin Bourdou\" \/>\n<meta name=\"twitter:description\" content=\"A green elephant carries a bottle of Bourdou wine on its back. To create this sketch, Cappiello starts by drawing with charcoal 1926004E1. Some time later, he retrieves this drawing to paint on the back the sketch &quot;Agricultural Products&quot; Inventory No.: 1926201E0. Since the paper was too small, he adds complementary strips by gluing them.\" \/>\n<meta name=\"twitter:label1\" content=\"Price\" \/>\n\t<meta name=\"twitter:data1\" content=\"\" \/>\n\t<meta name=\"twitter:label2\" content=\"Availability\" \/>\n\t<meta name=\"twitter:data2\" content=\"In stock\" \/>\n<script type=\"application\/ld+json\" class=\"yoast-schema-graph\">{\"@context\":\"https:\\\/\\\/schema.org\",\"@graph\":[{\"@type\":[\"WebPage\",\"ItemPage\"],\"@id\":\"https:\\\/\\\/cappiello.fr\\\/en\\\/produit\\\/bourdou\\\/\",\"url\":\"https:\\\/\\\/cappiello.fr\\\/en\\\/produit\\\/bourdou\\\/\",\"name\":\"Vin Bourdou - Catalogue Raisonn\u00e9 de Leonetto Cappiello\",\"isPartOf\":{\"@id\":\"https:\\\/\\\/cappiello.fr\\\/en\\\/#website\"},\"primaryImageOfPage\":{\"@id\":\"https:\\\/\\\/cappiello.fr\\\/en\\\/produit\\\/bourdou\\\/#primaryimage\"},\"image\":{\"@id\":\"https:\\\/\\\/cappiello.fr\\\/en\\\/produit\\\/bourdou\\\/#primaryimage\"},\"thumbnailUrl\":\"https:\\\/\\\/cappiello.fr\\\/wp-content\\\/uploads\\\/2024\\\/10\\\/Esquisse-affiche-publicitaire-vin-bourdou-cappiello-1925.jpg\",\"datePublished\":\"1925-01-01T00:00:00+00:00\",\"dateModified\":\"2025-06-26T16:59:27+00:00\",\"description\":\"A green elephant carries a bottle of Bourdou wine on its back. To create this sketch, Cappiello starts by drawing with charcoal 1926004E1. Some time later, he retrieves this drawing to paint on the back the sketch \\\"Agricultural Products\\\" Inventory No.: 1926201E0. Since the paper was too small, he adds complementary strips by gluing them.\",\"breadcrumb\":{\"@id\":\"https:\\\/\\\/cappiello.fr\\\/en\\\/produit\\\/bourdou\\\/#breadcrumb\"},\"inLanguage\":\"en-US\",\"potentialAction\":[{\"@type\":\"ReadAction\",\"target\":[\"https:\\\/\\\/cappiello.fr\\\/en\\\/produit\\\/bourdou\\\/\"]}]},{\"@type\":\"ImageObject\",\"inLanguage\":\"en-US\",\"@id\":\"https:\\\/\\\/cappiello.fr\\\/en\\\/produit\\\/bourdou\\\/#primaryimage\",\"url\":\"https:\\\/\\\/cappiello.fr\\\/wp-content\\\/uploads\\\/2024\\\/10\\\/Esquisse-affiche-publicitaire-vin-bourdou-cappiello-1925.jpg\",\"contentUrl\":\"https:\\\/\\\/cappiello.fr\\\/wp-content\\\/uploads\\\/2024\\\/10\\\/Esquisse-affiche-publicitaire-vin-bourdou-cappiello-1925.jpg\",\"width\":614,\"height\":800,\"caption\":\"Quinine wine aperitif\"},{\"@type\":\"BreadcrumbList\",\"@id\":\"https:\\\/\\\/cappiello.fr\\\/en\\\/produit\\\/bourdou\\\/#breadcrumb\",\"itemListElement\":[{\"@type\":\"ListItem\",\"position\":1,\"name\":\"Accueil\",\"item\":\"https:\\\/\\\/cappiello.fr\\\/en\\\/\"},{\"@type\":\"ListItem\",\"position\":2,\"name\":\"The works\",\"item\":\"https:\\\/\\\/cappiello.fr\\\/en\\\/the-works\\\/\"},{\"@type\":\"ListItem\",\"position\":3,\"name\":\"Vin Bourdou\"}]},{\"@type\":\"WebSite\",\"@id\":\"https:\\\/\\\/cappiello.fr\\\/en\\\/#website\",\"url\":\"https:\\\/\\\/cappiello.fr\\\/en\\\/\",\"name\":\"Catalogue raisonn\u00e9 de Leonetto Cappiello\",\"description\":\"Plongez dans l&#039;univers de Leonetto Cappiello, le p\u00e8re de la publicit\u00e9 moderne\",\"potentialAction\":[{\"@type\":\"SearchAction\",\"target\":{\"@type\":\"EntryPoint\",\"urlTemplate\":\"https:\\\/\\\/cappiello.fr\\\/en\\\/?s={search_term_string}\"},\"query-input\":{\"@type\":\"PropertyValueSpecification\",\"valueRequired\":true,\"valueName\":\"search_term_string\"}}],\"inLanguage\":\"en-US\"}]}<\/script>\n<meta property=\"product:price:currency\" content=\"EUR\" \/>\n<meta property=\"og:availability\" content=\"instock\" \/>\n<meta property=\"product:availability\" content=\"instock\" \/>\n<meta property=\"product:retailer_item_id\" content=\"1925037E0 et 1925037E1\" \/>\n<meta property=\"product:condition\" content=\"new\" \/>\n<!-- \/ Yoast SEO Premium plugin. -->","yoast_head_json":{"title":"Vin Bourdou - Catalogue Raisonn\u00e9 de Leonetto Cappiello","description":"A green elephant carries a bottle of Bourdou wine on its back. To create this sketch, Cappiello starts by drawing with charcoal 1926004E1. Some time later, he retrieves this drawing to paint on the back the sketch \"Agricultural Products\" Inventory No.: 1926201E0. Since the paper was too small, he adds complementary strips by gluing them.","robots":{"index":"index","follow":"follow","max-snippet":"max-snippet:-1","max-image-preview":"max-image-preview:large","max-video-preview":"max-video-preview:-1"},"canonical":"https:\/\/cappiello.fr\/en\/produit\/bourdou\/","og_locale":"en_US","og_type":"article","og_title":"Vin Bourdou","og_description":"A green elephant carries a bottle of Bourdou wine on its back. To create this sketch, Cappiello starts by drawing with charcoal 1926004E1. Some time later, he retrieves this drawing to paint on the back the sketch \"Agricultural Products\" Inventory No.: 1926201E0. Since the paper was too small, he adds complementary strips by gluing them.","og_url":"https:\/\/cappiello.fr\/en\/produit\/bourdou\/","og_site_name":"Catalogue raisonn\u00e9 de Leonetto Cappiello","article_modified_time":"2025-06-26T16:59:27+00:00","og_image":[{"width":614,"height":800,"url":"https:\/\/cappiello.fr\/wp-content\/uploads\/2024\/10\/Esquisse-affiche-publicitaire-vin-bourdou-cappiello-1925.jpg","type":"image\/jpeg"}],"twitter_card":"summary_large_image","twitter_title":"Vin Bourdou","twitter_description":"A green elephant carries a bottle of Bourdou wine on its back. To create this sketch, Cappiello starts by drawing with charcoal 1926004E1. Some time later, he retrieves this drawing to paint on the back the sketch \"Agricultural Products\" Inventory No.: 1926201E0. Since the paper was too small, he adds complementary strips by gluing them.","twitter_misc":{"Price":"","Availability":"In stock"},"schema":{"@context":"https:\/\/schema.org","@graph":[{"@type":["WebPage","ItemPage"],"@id":"https:\/\/cappiello.fr\/en\/produit\/bourdou\/","url":"https:\/\/cappiello.fr\/en\/produit\/bourdou\/","name":"Vin Bourdou - Catalogue Raisonn\u00e9 de Leonetto Cappiello","isPartOf":{"@id":"https:\/\/cappiello.fr\/en\/#website"},"primaryImageOfPage":{"@id":"https:\/\/cappiello.fr\/en\/produit\/bourdou\/#primaryimage"},"image":{"@id":"https:\/\/cappiello.fr\/en\/produit\/bourdou\/#primaryimage"},"thumbnailUrl":"https:\/\/cappiello.fr\/wp-content\/uploads\/2024\/10\/Esquisse-affiche-publicitaire-vin-bourdou-cappiello-1925.jpg","datePublished":"1925-01-01T00:00:00+00:00","dateModified":"2025-06-26T16:59:27+00:00","description":"A green elephant carries a bottle of Bourdou wine on its back. To create this sketch, Cappiello starts by drawing with charcoal 1926004E1. Some time later, he retrieves this drawing to paint on the back the sketch \"Agricultural Products\" Inventory No.: 1926201E0. Since the paper was too small, he adds complementary strips by gluing them.","breadcrumb":{"@id":"https:\/\/cappiello.fr\/en\/produit\/bourdou\/#breadcrumb"},"inLanguage":"en-US","potentialAction":[{"@type":"ReadAction","target":["https:\/\/cappiello.fr\/en\/produit\/bourdou\/"]}]},{"@type":"ImageObject","inLanguage":"en-US","@id":"https:\/\/cappiello.fr\/en\/produit\/bourdou\/#primaryimage","url":"https:\/\/cappiello.fr\/wp-content\/uploads\/2024\/10\/Esquisse-affiche-publicitaire-vin-bourdou-cappiello-1925.jpg","contentUrl":"https:\/\/cappiello.fr\/wp-content\/uploads\/2024\/10\/Esquisse-affiche-publicitaire-vin-bourdou-cappiello-1925.jpg","width":614,"height":800,"caption":"Quinine wine aperitif"},{"@type":"BreadcrumbList","@id":"https:\/\/cappiello.fr\/en\/produit\/bourdou\/#breadcrumb","itemListElement":[{"@type":"ListItem","position":1,"name":"Accueil","item":"https:\/\/cappiello.fr\/en\/"},{"@type":"ListItem","position":2,"name":"The works","item":"https:\/\/cappiello.fr\/en\/the-works\/"},{"@type":"ListItem","position":3,"name":"Vin Bourdou"}]},{"@type":"WebSite","@id":"https:\/\/cappiello.fr\/en\/#website","url":"https:\/\/cappiello.fr\/en\/","name":"Catalogue raisonn\u00e9 de Leonetto Cappiello","description":"Plongez dans l&#039;univers de Leonetto Cappiello, le p\u00e8re de la publicit\u00e9 moderne","potentialAction":[{"@type":"SearchAction","target":{"@type":"EntryPoint","urlTemplate":"https:\/\/cappiello.fr\/en\/?s={search_term_string}"},"query-input":{"@type":"PropertyValueSpecification","valueRequired":true,"valueName":"search_term_string"}}],"inLanguage":"en-US"}]},"product_price_currency":"EUR","og_availability":"instock","product_availability":"instock","product_retailer_item_id":"1925037E0 et 1925037E1","product_condition":"new"},"_links":{"self":[{"href":"https:\/\/cappiello.fr\/en\/wp-json\/wp\/v2\/product\/131438","targetHints":{"allow":["GET"]}}],"collection":[{"href":"https:\/\/cappiello.fr\/en\/wp-json\/wp\/v2\/product"}],"about":[{"href":"https:\/\/cappiello.fr\/en\/wp-json\/wp\/v2\/types\/product"}],"wp:featuredmedia":[{"embeddable":true,"href":"https:\/\/cappiello.fr\/en\/wp-json\/wp\/v2\/media\/131439"}],"wp:attachment":[{"href":"https:\/\/cappiello.fr\/en\/wp-json\/wp\/v2\/media?parent=131438"}],"wp:term":[{"taxonomy":"type-doeuvre","embeddable":true,"href":"https:\/\/cappiello.fr\/en\/wp-json\/wp\/v2\/type-doeuvre?post=131438"},{"taxonomy":"product_brand","embeddable":true,"href":"https:\/\/cappiello.fr\/en\/wp-json\/wp\/v2\/product_brand?post=131438"},{"taxonomy":"product_cat","embeddable":true,"href":"https:\/\/cappiello.fr\/en\/wp-json\/wp\/v2\/product_cat?post=131438"},{"taxonomy":"product_tag","embeddable":true,"href":"https:\/\/cappiello.fr\/en\/wp-json\/wp\/v2\/product_tag?post=131438"}],"curies":[{"name":"wp","href":"https:\/\/api.w.org\/{rel}","templated":true}]}}