{"id":131530,"date":"1925-01-01T00:00:00","date_gmt":"1925-01-01T00:00:00","guid":{"rendered":"https:\/\/cappiello.fr\/produit\/brio\/"},"modified":"2025-06-26T17:45:11","modified_gmt":"2025-06-26T15:45:11","slug":"brio","status":"publish","type":"product","link":"https:\/\/cappiello.fr\/en\/produit\/brio\/","title":{"rendered":"Brio"},"content":{"rendered":"<p>In 1910 Cappiello had very successfully used a zebra for Cinzano Vermouth.<br \/>\nIn 1925, he created a sketch for Brio featuring two zebras with a bottle carried by a rider.<br \/>\nIn 1930 he revisited the same theme for the merger of Florio and Cinzano. He removed the rider and added two bottles. It could only be a success.<br \/>\nThe first sketch presented (1925027E0) comes from a more refined sketch (Cf. Black and white photo).<\/p>\n","protected":false},"excerpt":{"rendered":"<p>Florio Marsala wine and Cinzano aperitif<\/p>\n","protected":false},"featured_media":131532,"template":"","meta":{"_acf_changed":false},"type-doeuvre":[4057],"product_brand":[],"product_cat":[3339],"product_tag":[3290,3553],"class_list":{"0":"post-131530","1":"product","2":"type-product","3":"status-publish","4":"has-post-thumbnail","6":"type-doeuvre-affiches","7":"product_cat-aperitifs","8":"product_tag-mustache-en","9":"product_tag-zebra","10":"pa_periode-1919-1929-en","11":"pa_type-de-contenu-esquisse-en","13":"first","14":"instock","15":"virtual","16":"product-type-simple"},"acf":[],"yoast_head":"<!-- This site is optimized with the Yoast SEO Premium plugin v27.0 (Yoast SEO v27.4) - https:\/\/yoast.com\/product\/yoast-seo-premium-wordpress\/ -->\n<title>Brio - Catalogue Raisonn\u00e9 de Leonetto Cappiello<\/title>\n<meta name=\"description\" content=\"In 1910 Cappiello had used a zebra with great success for Cinzano Vermouth. In 1925, he created a sketch for Brio featuring two zebras with a bottle carried by a rider. In 1930, he revisited the same theme for the merger of Florio and Cinzano companies. He removed the rider and added two bottles. It could only succeed. The first sketch presented (1925027E0) comes from a more refined sketch (Cf. Black and white photo).\" \/>\n<meta name=\"robots\" content=\"index, follow, max-snippet:-1, max-image-preview:large, max-video-preview:-1\" \/>\n<link rel=\"canonical\" href=\"https:\/\/cappiello.fr\/en\/produit\/brio\/\" \/>\n<meta property=\"og:locale\" content=\"en_US\" \/>\n<meta property=\"og:type\" content=\"article\" \/>\n<meta property=\"og:title\" content=\"Brio\" \/>\n<meta property=\"og:description\" content=\"In 1910 Cappiello had used a zebra with great success for Cinzano Vermouth. In 1925, he created a sketch for Brio featuring two zebras with a bottle carried by a rider. In 1930, he revisited the same theme for the merger of Florio and Cinzano companies. He removed the rider and added two bottles. It could only succeed. The first sketch presented (1925027E0) comes from a more refined sketch (Cf. Black and white photo).\" \/>\n<meta property=\"og:url\" content=\"https:\/\/cappiello.fr\/en\/produit\/brio\/\" \/>\n<meta property=\"og:site_name\" content=\"Catalogue raisonn\u00e9 de Leonetto Cappiello\" \/>\n<meta property=\"article:modified_time\" content=\"2025-06-26T15:45:11+00:00\" \/>\n<meta property=\"og:image\" content=\"https:\/\/cappiello.fr\/wp-content\/uploads\/2024\/10\/Esquisse-affiche-publicitaire-brio-cappiello-1925.jpg\" \/>\n\t<meta property=\"og:image:width\" content=\"755\" \/>\n\t<meta property=\"og:image:height\" content=\"800\" \/>\n\t<meta property=\"og:image:type\" content=\"image\/jpeg\" \/>\n<meta name=\"twitter:card\" content=\"summary_large_image\" \/>\n<meta name=\"twitter:title\" content=\"Brio\" \/>\n<meta name=\"twitter:description\" content=\"In 1910 Cappiello had used a zebra with great success for Cinzano Vermouth. In 1925, he created a sketch for Brio featuring two zebras with a bottle carried by a rider. In 1930, he revisited the same theme for the merger of Florio and Cinzano companies. He removed the rider and added two bottles. It could only succeed. The first sketch presented (1925027E0) comes from a more refined sketch (Cf. Black and white photo).\" \/>\n<meta name=\"twitter:label1\" content=\"Price\" \/>\n\t<meta name=\"twitter:data1\" content=\"\" \/>\n\t<meta name=\"twitter:label2\" content=\"Availability\" \/>\n\t<meta name=\"twitter:data2\" content=\"In stock\" \/>\n<script type=\"application\/ld+json\" class=\"yoast-schema-graph\">{\"@context\":\"https:\\\/\\\/schema.org\",\"@graph\":[{\"@type\":[\"WebPage\",\"ItemPage\"],\"@id\":\"https:\\\/\\\/cappiello.fr\\\/en\\\/produit\\\/brio\\\/\",\"url\":\"https:\\\/\\\/cappiello.fr\\\/en\\\/produit\\\/brio\\\/\",\"name\":\"Brio - Catalogue Raisonn\u00e9 de Leonetto Cappiello\",\"isPartOf\":{\"@id\":\"https:\\\/\\\/cappiello.fr\\\/en\\\/#website\"},\"primaryImageOfPage\":{\"@id\":\"https:\\\/\\\/cappiello.fr\\\/en\\\/produit\\\/brio\\\/#primaryimage\"},\"image\":{\"@id\":\"https:\\\/\\\/cappiello.fr\\\/en\\\/produit\\\/brio\\\/#primaryimage\"},\"thumbnailUrl\":\"https:\\\/\\\/cappiello.fr\\\/wp-content\\\/uploads\\\/2024\\\/10\\\/Esquisse-affiche-publicitaire-brio-cappiello-1925.jpg\",\"datePublished\":\"1925-01-01T00:00:00+00:00\",\"dateModified\":\"2025-06-26T15:45:11+00:00\",\"description\":\"In 1910 Cappiello had used a zebra with great success for Cinzano Vermouth. In 1925, he created a sketch for Brio featuring two zebras with a bottle carried by a rider. In 1930, he revisited the same theme for the merger of Florio and Cinzano companies. He removed the rider and added two bottles. It could only succeed. The first sketch presented (1925027E0) comes from a more refined sketch (Cf. Black and white photo).\",\"breadcrumb\":{\"@id\":\"https:\\\/\\\/cappiello.fr\\\/en\\\/produit\\\/brio\\\/#breadcrumb\"},\"inLanguage\":\"en-US\",\"potentialAction\":[{\"@type\":\"ReadAction\",\"target\":[\"https:\\\/\\\/cappiello.fr\\\/en\\\/produit\\\/brio\\\/\"]}]},{\"@type\":\"ImageObject\",\"inLanguage\":\"en-US\",\"@id\":\"https:\\\/\\\/cappiello.fr\\\/en\\\/produit\\\/brio\\\/#primaryimage\",\"url\":\"https:\\\/\\\/cappiello.fr\\\/wp-content\\\/uploads\\\/2024\\\/10\\\/Esquisse-affiche-publicitaire-brio-cappiello-1925.jpg\",\"contentUrl\":\"https:\\\/\\\/cappiello.fr\\\/wp-content\\\/uploads\\\/2024\\\/10\\\/Esquisse-affiche-publicitaire-brio-cappiello-1925.jpg\",\"width\":755,\"height\":800,\"caption\":\"Florio Marsala wine and Cinzano aperitif\"},{\"@type\":\"BreadcrumbList\",\"@id\":\"https:\\\/\\\/cappiello.fr\\\/en\\\/produit\\\/brio\\\/#breadcrumb\",\"itemListElement\":[{\"@type\":\"ListItem\",\"position\":1,\"name\":\"Accueil\",\"item\":\"https:\\\/\\\/cappiello.fr\\\/en\\\/\"},{\"@type\":\"ListItem\",\"position\":2,\"name\":\"The works\",\"item\":\"https:\\\/\\\/cappiello.fr\\\/en\\\/the-works\\\/\"},{\"@type\":\"ListItem\",\"position\":3,\"name\":\"Brio\"}]},{\"@type\":\"WebSite\",\"@id\":\"https:\\\/\\\/cappiello.fr\\\/en\\\/#website\",\"url\":\"https:\\\/\\\/cappiello.fr\\\/en\\\/\",\"name\":\"Catalogue raisonn\u00e9 de Leonetto Cappiello\",\"description\":\"Plongez dans l&#039;univers de Leonetto Cappiello, le p\u00e8re de la publicit\u00e9 moderne\",\"potentialAction\":[{\"@type\":\"SearchAction\",\"target\":{\"@type\":\"EntryPoint\",\"urlTemplate\":\"https:\\\/\\\/cappiello.fr\\\/en\\\/?s={search_term_string}\"},\"query-input\":{\"@type\":\"PropertyValueSpecification\",\"valueRequired\":true,\"valueName\":\"search_term_string\"}}],\"inLanguage\":\"en-US\"}]}<\/script>\n<meta property=\"product:price:currency\" content=\"EUR\" \/>\n<meta property=\"og:availability\" content=\"instock\" \/>\n<meta property=\"product:availability\" content=\"instock\" \/>\n<meta property=\"product:retailer_item_id\" content=\"1925027E0 et 1925027E1\" \/>\n<meta property=\"product:condition\" content=\"new\" \/>\n<!-- \/ Yoast SEO Premium plugin. -->","yoast_head_json":{"title":"Brio - Catalogue Raisonn\u00e9 de Leonetto Cappiello","description":"In 1910 Cappiello had used a zebra with great success for Cinzano Vermouth. In 1925, he created a sketch for Brio featuring two zebras with a bottle carried by a rider. In 1930, he revisited the same theme for the merger of Florio and Cinzano companies. He removed the rider and added two bottles. It could only succeed. The first sketch presented (1925027E0) comes from a more refined sketch (Cf. Black and white photo).","robots":{"index":"index","follow":"follow","max-snippet":"max-snippet:-1","max-image-preview":"max-image-preview:large","max-video-preview":"max-video-preview:-1"},"canonical":"https:\/\/cappiello.fr\/en\/produit\/brio\/","og_locale":"en_US","og_type":"article","og_title":"Brio","og_description":"In 1910 Cappiello had used a zebra with great success for Cinzano Vermouth. In 1925, he created a sketch for Brio featuring two zebras with a bottle carried by a rider. In 1930, he revisited the same theme for the merger of Florio and Cinzano companies. He removed the rider and added two bottles. It could only succeed. The first sketch presented (1925027E0) comes from a more refined sketch (Cf. Black and white photo).","og_url":"https:\/\/cappiello.fr\/en\/produit\/brio\/","og_site_name":"Catalogue raisonn\u00e9 de Leonetto Cappiello","article_modified_time":"2025-06-26T15:45:11+00:00","og_image":[{"width":755,"height":800,"url":"https:\/\/cappiello.fr\/wp-content\/uploads\/2024\/10\/Esquisse-affiche-publicitaire-brio-cappiello-1925.jpg","type":"image\/jpeg"}],"twitter_card":"summary_large_image","twitter_title":"Brio","twitter_description":"In 1910 Cappiello had used a zebra with great success for Cinzano Vermouth. In 1925, he created a sketch for Brio featuring two zebras with a bottle carried by a rider. In 1930, he revisited the same theme for the merger of Florio and Cinzano companies. He removed the rider and added two bottles. It could only succeed. The first sketch presented (1925027E0) comes from a more refined sketch (Cf. Black and white photo).","twitter_misc":{"Price":"","Availability":"In stock"},"schema":{"@context":"https:\/\/schema.org","@graph":[{"@type":["WebPage","ItemPage"],"@id":"https:\/\/cappiello.fr\/en\/produit\/brio\/","url":"https:\/\/cappiello.fr\/en\/produit\/brio\/","name":"Brio - Catalogue Raisonn\u00e9 de Leonetto Cappiello","isPartOf":{"@id":"https:\/\/cappiello.fr\/en\/#website"},"primaryImageOfPage":{"@id":"https:\/\/cappiello.fr\/en\/produit\/brio\/#primaryimage"},"image":{"@id":"https:\/\/cappiello.fr\/en\/produit\/brio\/#primaryimage"},"thumbnailUrl":"https:\/\/cappiello.fr\/wp-content\/uploads\/2024\/10\/Esquisse-affiche-publicitaire-brio-cappiello-1925.jpg","datePublished":"1925-01-01T00:00:00+00:00","dateModified":"2025-06-26T15:45:11+00:00","description":"In 1910 Cappiello had used a zebra with great success for Cinzano Vermouth. In 1925, he created a sketch for Brio featuring two zebras with a bottle carried by a rider. In 1930, he revisited the same theme for the merger of Florio and Cinzano companies. He removed the rider and added two bottles. It could only succeed. The first sketch presented (1925027E0) comes from a more refined sketch (Cf. Black and white photo).","breadcrumb":{"@id":"https:\/\/cappiello.fr\/en\/produit\/brio\/#breadcrumb"},"inLanguage":"en-US","potentialAction":[{"@type":"ReadAction","target":["https:\/\/cappiello.fr\/en\/produit\/brio\/"]}]},{"@type":"ImageObject","inLanguage":"en-US","@id":"https:\/\/cappiello.fr\/en\/produit\/brio\/#primaryimage","url":"https:\/\/cappiello.fr\/wp-content\/uploads\/2024\/10\/Esquisse-affiche-publicitaire-brio-cappiello-1925.jpg","contentUrl":"https:\/\/cappiello.fr\/wp-content\/uploads\/2024\/10\/Esquisse-affiche-publicitaire-brio-cappiello-1925.jpg","width":755,"height":800,"caption":"Florio Marsala wine and Cinzano aperitif"},{"@type":"BreadcrumbList","@id":"https:\/\/cappiello.fr\/en\/produit\/brio\/#breadcrumb","itemListElement":[{"@type":"ListItem","position":1,"name":"Accueil","item":"https:\/\/cappiello.fr\/en\/"},{"@type":"ListItem","position":2,"name":"The works","item":"https:\/\/cappiello.fr\/en\/the-works\/"},{"@type":"ListItem","position":3,"name":"Brio"}]},{"@type":"WebSite","@id":"https:\/\/cappiello.fr\/en\/#website","url":"https:\/\/cappiello.fr\/en\/","name":"Catalogue raisonn\u00e9 de Leonetto Cappiello","description":"Plongez dans l&#039;univers de Leonetto Cappiello, le p\u00e8re de la publicit\u00e9 moderne","potentialAction":[{"@type":"SearchAction","target":{"@type":"EntryPoint","urlTemplate":"https:\/\/cappiello.fr\/en\/?s={search_term_string}"},"query-input":{"@type":"PropertyValueSpecification","valueRequired":true,"valueName":"search_term_string"}}],"inLanguage":"en-US"}]},"product_price_currency":"EUR","og_availability":"instock","product_availability":"instock","product_retailer_item_id":"1925027E0 et 1925027E1","product_condition":"new"},"_links":{"self":[{"href":"https:\/\/cappiello.fr\/en\/wp-json\/wp\/v2\/product\/131530","targetHints":{"allow":["GET"]}}],"collection":[{"href":"https:\/\/cappiello.fr\/en\/wp-json\/wp\/v2\/product"}],"about":[{"href":"https:\/\/cappiello.fr\/en\/wp-json\/wp\/v2\/types\/product"}],"wp:featuredmedia":[{"embeddable":true,"href":"https:\/\/cappiello.fr\/en\/wp-json\/wp\/v2\/media\/131532"}],"wp:attachment":[{"href":"https:\/\/cappiello.fr\/en\/wp-json\/wp\/v2\/media?parent=131530"}],"wp:term":[{"taxonomy":"type-doeuvre","embeddable":true,"href":"https:\/\/cappiello.fr\/en\/wp-json\/wp\/v2\/type-doeuvre?post=131530"},{"taxonomy":"product_brand","embeddable":true,"href":"https:\/\/cappiello.fr\/en\/wp-json\/wp\/v2\/product_brand?post=131530"},{"taxonomy":"product_cat","embeddable":true,"href":"https:\/\/cappiello.fr\/en\/wp-json\/wp\/v2\/product_cat?post=131530"},{"taxonomy":"product_tag","embeddable":true,"href":"https:\/\/cappiello.fr\/en\/wp-json\/wp\/v2\/product_tag?post=131530"}],"curies":[{"name":"wp","href":"https:\/\/api.w.org\/{rel}","templated":true}]}}