{"id":131629,"date":"1928-01-01T00:00:00","date_gmt":"1928-01-01T00:00:00","guid":{"rendered":"https:\/\/cappiello.fr\/produit\/chaussures-13\/"},"modified":"2025-05-14T23:43:53","modified_gmt":"2025-05-14T21:43:53","slug":"chaussures-13","status":"publish","type":"product","link":"https:\/\/cappiello.fr\/en\/produit\/chaussures-13\/","title":{"rendered":"Chaussures"},"content":{"rendered":"<p>Cappiello wants to associate the factory, the customer and the flow of shoes between the two. His study focuses mainly on the customer&#8217;s position and the path of the shoes. Note that 1928031A2 also concerns the <a href=\"https:\/\/cappiello.fr\/en\/produit\/chaussures-12\/\">Chaussures Andr\u00e9<\/a> which were certainly designed at the same time since they were drawn on the same sheet of paper;<\/p>\n","protected":false},"excerpt":{"rendered":"<p>Shoes<\/p>\n","protected":false},"featured_media":131630,"template":"","meta":{"_acf_changed":false},"type-doeuvre":[4057],"product_brand":[],"product_cat":[3488],"product_tag":[3613,3589,3278],"class_list":{"0":"post-131629","1":"product","2":"type-product","3":"status-publish","4":"has-post-thumbnail","6":"type-doeuvre-affiches","7":"product_cat-shoes-leather-goods","8":"product_tag-table-en-6","9":"product_tag-trumpet-en-2","10":"product_tag-turban-en","11":"pa_periode-1919-1929-en","12":"pa_type-de-contenu-thumbnail","14":"first","15":"instock","16":"virtual","17":"product-type-simple"},"acf":[],"yoast_head":"<!-- This site is optimized with the Yoast SEO Premium plugin v27.0 (Yoast SEO v27.4) - https:\/\/yoast.com\/product\/yoast-seo-premium-wordpress\/ -->\n<title>Chaussures - Catalogue Raisonn\u00e9 de Leonetto Cappiello<\/title>\n<meta name=\"description\" content=\"Cappiello wants to connect the factory, the customer, and the flow of shoes between the two. His study focuses mainly on the customer&#039;s position and the path of the shoes. Note that 1928031A2 also concerns Andr\u00e9 Shoes, which were likely designed at the same time since they were drawn on the same sheet of paper.\" \/>\n<meta name=\"robots\" content=\"index, follow, max-snippet:-1, max-image-preview:large, max-video-preview:-1\" \/>\n<link rel=\"canonical\" href=\"https:\/\/cappiello.fr\/en\/produit\/chaussures-13\/\" \/>\n<meta property=\"og:locale\" content=\"en_US\" \/>\n<meta property=\"og:type\" content=\"article\" \/>\n<meta property=\"og:title\" content=\"Chaussures\" \/>\n<meta property=\"og:description\" content=\"Cappiello wants to connect the factory, the customer, and the flow of shoes between the two. His study focuses mainly on the customer&#039;s position and the path of the shoes. Note that 1928031A2 also concerns Andr\u00e9 Shoes, which were likely designed at the same time since they were drawn on the same sheet of paper.\" \/>\n<meta property=\"og:url\" content=\"https:\/\/cappiello.fr\/en\/produit\/chaussures-13\/\" \/>\n<meta property=\"og:site_name\" content=\"Catalogue raisonn\u00e9 de Leonetto Cappiello\" \/>\n<meta property=\"article:modified_time\" content=\"2025-05-14T21:43:53+00:00\" \/>\n<meta property=\"og:image\" content=\"https:\/\/cappiello.fr\/wp-content\/uploads\/2024\/10\/Vignette-affiche-publicitaire-chaussures-3-cappiello-1928.jpg\" \/>\n\t<meta property=\"og:image:width\" content=\"612\" \/>\n\t<meta property=\"og:image:height\" content=\"800\" \/>\n\t<meta property=\"og:image:type\" content=\"image\/jpeg\" \/>\n<meta name=\"twitter:card\" content=\"summary_large_image\" \/>\n<meta name=\"twitter:title\" content=\"Chaussures\" \/>\n<meta name=\"twitter:description\" content=\"Cappiello wants to connect the factory, the customer, and the flow of shoes between the two. His study focuses mainly on the customer&#039;s position and the path of the shoes. Note that 1928031A2 also concerns Andr\u00e9 Shoes, which were likely designed at the same time since they were drawn on the same sheet of paper.\" \/>\n<meta name=\"twitter:label1\" content=\"Price\" \/>\n\t<meta name=\"twitter:data1\" content=\"\" \/>\n\t<meta name=\"twitter:label2\" content=\"Availability\" \/>\n\t<meta name=\"twitter:data2\" content=\"In stock\" \/>\n<script type=\"application\/ld+json\" class=\"yoast-schema-graph\">{\"@context\":\"https:\\\/\\\/schema.org\",\"@graph\":[{\"@type\":[\"WebPage\",\"ItemPage\"],\"@id\":\"https:\\\/\\\/cappiello.fr\\\/en\\\/produit\\\/chaussures-13\\\/\",\"url\":\"https:\\\/\\\/cappiello.fr\\\/en\\\/produit\\\/chaussures-13\\\/\",\"name\":\"Chaussures - Catalogue Raisonn\u00e9 de Leonetto Cappiello\",\"isPartOf\":{\"@id\":\"https:\\\/\\\/cappiello.fr\\\/en\\\/#website\"},\"primaryImageOfPage\":{\"@id\":\"https:\\\/\\\/cappiello.fr\\\/en\\\/produit\\\/chaussures-13\\\/#primaryimage\"},\"image\":{\"@id\":\"https:\\\/\\\/cappiello.fr\\\/en\\\/produit\\\/chaussures-13\\\/#primaryimage\"},\"thumbnailUrl\":\"https:\\\/\\\/cappiello.fr\\\/wp-content\\\/uploads\\\/2024\\\/10\\\/Vignette-affiche-publicitaire-chaussures-3-cappiello-1928.jpg\",\"datePublished\":\"1928-01-01T00:00:00+00:00\",\"dateModified\":\"2025-05-14T21:43:53+00:00\",\"description\":\"Cappiello wants to connect the factory, the customer, and the flow of shoes between the two. His study focuses mainly on the customer's position and the path of the shoes. Note that 1928031A2 also concerns Andr\u00e9 Shoes, which were likely designed at the same time since they were drawn on the same sheet of paper.\",\"breadcrumb\":{\"@id\":\"https:\\\/\\\/cappiello.fr\\\/en\\\/produit\\\/chaussures-13\\\/#breadcrumb\"},\"inLanguage\":\"en-US\",\"potentialAction\":[{\"@type\":\"ReadAction\",\"target\":[\"https:\\\/\\\/cappiello.fr\\\/en\\\/produit\\\/chaussures-13\\\/\"]}]},{\"@type\":\"ImageObject\",\"inLanguage\":\"en-US\",\"@id\":\"https:\\\/\\\/cappiello.fr\\\/en\\\/produit\\\/chaussures-13\\\/#primaryimage\",\"url\":\"https:\\\/\\\/cappiello.fr\\\/wp-content\\\/uploads\\\/2024\\\/10\\\/Vignette-affiche-publicitaire-chaussures-3-cappiello-1928.jpg\",\"contentUrl\":\"https:\\\/\\\/cappiello.fr\\\/wp-content\\\/uploads\\\/2024\\\/10\\\/Vignette-affiche-publicitaire-chaussures-3-cappiello-1928.jpg\",\"width\":612,\"height\":800,\"caption\":\"Project for Raoul shoes\"},{\"@type\":\"BreadcrumbList\",\"@id\":\"https:\\\/\\\/cappiello.fr\\\/en\\\/produit\\\/chaussures-13\\\/#breadcrumb\",\"itemListElement\":[{\"@type\":\"ListItem\",\"position\":1,\"name\":\"Accueil\",\"item\":\"https:\\\/\\\/cappiello.fr\\\/en\\\/\"},{\"@type\":\"ListItem\",\"position\":2,\"name\":\"The works\",\"item\":\"https:\\\/\\\/cappiello.fr\\\/en\\\/the-works\\\/\"},{\"@type\":\"ListItem\",\"position\":3,\"name\":\"Chaussures\"}]},{\"@type\":\"WebSite\",\"@id\":\"https:\\\/\\\/cappiello.fr\\\/en\\\/#website\",\"url\":\"https:\\\/\\\/cappiello.fr\\\/en\\\/\",\"name\":\"Catalogue raisonn\u00e9 de Leonetto Cappiello\",\"description\":\"Plongez dans l&#039;univers de Leonetto Cappiello, le p\u00e8re de la publicit\u00e9 moderne\",\"potentialAction\":[{\"@type\":\"SearchAction\",\"target\":{\"@type\":\"EntryPoint\",\"urlTemplate\":\"https:\\\/\\\/cappiello.fr\\\/en\\\/?s={search_term_string}\"},\"query-input\":{\"@type\":\"PropertyValueSpecification\",\"valueRequired\":true,\"valueName\":\"search_term_string\"}}],\"inLanguage\":\"en-US\"}]}<\/script>\n<meta property=\"product:price:currency\" content=\"EUR\" \/>\n<meta property=\"og:availability\" content=\"instock\" \/>\n<meta property=\"product:availability\" content=\"instock\" \/>\n<meta property=\"product:retailer_item_id\" content=\"1928031A0, 1928031A1 et 1928031A2\" \/>\n<meta property=\"product:condition\" content=\"new\" \/>\n<!-- \/ Yoast SEO Premium plugin. -->","yoast_head_json":{"title":"Chaussures - Catalogue Raisonn\u00e9 de Leonetto Cappiello","description":"Cappiello wants to connect the factory, the customer, and the flow of shoes between the two. His study focuses mainly on the customer's position and the path of the shoes. Note that 1928031A2 also concerns Andr\u00e9 Shoes, which were likely designed at the same time since they were drawn on the same sheet of paper.","robots":{"index":"index","follow":"follow","max-snippet":"max-snippet:-1","max-image-preview":"max-image-preview:large","max-video-preview":"max-video-preview:-1"},"canonical":"https:\/\/cappiello.fr\/en\/produit\/chaussures-13\/","og_locale":"en_US","og_type":"article","og_title":"Chaussures","og_description":"Cappiello wants to connect the factory, the customer, and the flow of shoes between the two. His study focuses mainly on the customer's position and the path of the shoes. Note that 1928031A2 also concerns Andr\u00e9 Shoes, which were likely designed at the same time since they were drawn on the same sheet of paper.","og_url":"https:\/\/cappiello.fr\/en\/produit\/chaussures-13\/","og_site_name":"Catalogue raisonn\u00e9 de Leonetto Cappiello","article_modified_time":"2025-05-14T21:43:53+00:00","og_image":[{"width":612,"height":800,"url":"https:\/\/cappiello.fr\/wp-content\/uploads\/2024\/10\/Vignette-affiche-publicitaire-chaussures-3-cappiello-1928.jpg","type":"image\/jpeg"}],"twitter_card":"summary_large_image","twitter_title":"Chaussures","twitter_description":"Cappiello wants to connect the factory, the customer, and the flow of shoes between the two. His study focuses mainly on the customer's position and the path of the shoes. Note that 1928031A2 also concerns Andr\u00e9 Shoes, which were likely designed at the same time since they were drawn on the same sheet of paper.","twitter_misc":{"Price":"","Availability":"In stock"},"schema":{"@context":"https:\/\/schema.org","@graph":[{"@type":["WebPage","ItemPage"],"@id":"https:\/\/cappiello.fr\/en\/produit\/chaussures-13\/","url":"https:\/\/cappiello.fr\/en\/produit\/chaussures-13\/","name":"Chaussures - Catalogue Raisonn\u00e9 de Leonetto Cappiello","isPartOf":{"@id":"https:\/\/cappiello.fr\/en\/#website"},"primaryImageOfPage":{"@id":"https:\/\/cappiello.fr\/en\/produit\/chaussures-13\/#primaryimage"},"image":{"@id":"https:\/\/cappiello.fr\/en\/produit\/chaussures-13\/#primaryimage"},"thumbnailUrl":"https:\/\/cappiello.fr\/wp-content\/uploads\/2024\/10\/Vignette-affiche-publicitaire-chaussures-3-cappiello-1928.jpg","datePublished":"1928-01-01T00:00:00+00:00","dateModified":"2025-05-14T21:43:53+00:00","description":"Cappiello wants to connect the factory, the customer, and the flow of shoes between the two. His study focuses mainly on the customer's position and the path of the shoes. Note that 1928031A2 also concerns Andr\u00e9 Shoes, which were likely designed at the same time since they were drawn on the same sheet of paper.","breadcrumb":{"@id":"https:\/\/cappiello.fr\/en\/produit\/chaussures-13\/#breadcrumb"},"inLanguage":"en-US","potentialAction":[{"@type":"ReadAction","target":["https:\/\/cappiello.fr\/en\/produit\/chaussures-13\/"]}]},{"@type":"ImageObject","inLanguage":"en-US","@id":"https:\/\/cappiello.fr\/en\/produit\/chaussures-13\/#primaryimage","url":"https:\/\/cappiello.fr\/wp-content\/uploads\/2024\/10\/Vignette-affiche-publicitaire-chaussures-3-cappiello-1928.jpg","contentUrl":"https:\/\/cappiello.fr\/wp-content\/uploads\/2024\/10\/Vignette-affiche-publicitaire-chaussures-3-cappiello-1928.jpg","width":612,"height":800,"caption":"Project for Raoul shoes"},{"@type":"BreadcrumbList","@id":"https:\/\/cappiello.fr\/en\/produit\/chaussures-13\/#breadcrumb","itemListElement":[{"@type":"ListItem","position":1,"name":"Accueil","item":"https:\/\/cappiello.fr\/en\/"},{"@type":"ListItem","position":2,"name":"The works","item":"https:\/\/cappiello.fr\/en\/the-works\/"},{"@type":"ListItem","position":3,"name":"Chaussures"}]},{"@type":"WebSite","@id":"https:\/\/cappiello.fr\/en\/#website","url":"https:\/\/cappiello.fr\/en\/","name":"Catalogue raisonn\u00e9 de Leonetto Cappiello","description":"Plongez dans l&#039;univers de Leonetto Cappiello, le p\u00e8re de la publicit\u00e9 moderne","potentialAction":[{"@type":"SearchAction","target":{"@type":"EntryPoint","urlTemplate":"https:\/\/cappiello.fr\/en\/?s={search_term_string}"},"query-input":{"@type":"PropertyValueSpecification","valueRequired":true,"valueName":"search_term_string"}}],"inLanguage":"en-US"}]},"product_price_currency":"EUR","og_availability":"instock","product_availability":"instock","product_retailer_item_id":"1928031A0, 1928031A1 et 1928031A2","product_condition":"new"},"_links":{"self":[{"href":"https:\/\/cappiello.fr\/en\/wp-json\/wp\/v2\/product\/131629","targetHints":{"allow":["GET"]}}],"collection":[{"href":"https:\/\/cappiello.fr\/en\/wp-json\/wp\/v2\/product"}],"about":[{"href":"https:\/\/cappiello.fr\/en\/wp-json\/wp\/v2\/types\/product"}],"wp:featuredmedia":[{"embeddable":true,"href":"https:\/\/cappiello.fr\/en\/wp-json\/wp\/v2\/media\/131630"}],"wp:attachment":[{"href":"https:\/\/cappiello.fr\/en\/wp-json\/wp\/v2\/media?parent=131629"}],"wp:term":[{"taxonomy":"type-doeuvre","embeddable":true,"href":"https:\/\/cappiello.fr\/en\/wp-json\/wp\/v2\/type-doeuvre?post=131629"},{"taxonomy":"product_brand","embeddable":true,"href":"https:\/\/cappiello.fr\/en\/wp-json\/wp\/v2\/product_brand?post=131629"},{"taxonomy":"product_cat","embeddable":true,"href":"https:\/\/cappiello.fr\/en\/wp-json\/wp\/v2\/product_cat?post=131629"},{"taxonomy":"product_tag","embeddable":true,"href":"https:\/\/cappiello.fr\/en\/wp-json\/wp\/v2\/product_tag?post=131629"}],"curies":[{"name":"wp","href":"https:\/\/api.w.org\/{rel}","templated":true}]}}