{"id":131638,"date":"1928-01-01T00:00:00","date_gmt":"1928-01-01T00:00:00","guid":{"rendered":"https:\/\/cappiello.fr\/produit\/biere-6\/"},"modified":"2025-07-15T08:49:25","modified_gmt":"2025-07-15T06:49:25","slug":"biere-6","status":"publish","type":"product","link":"https:\/\/cappiello.fr\/en\/produit\/biere-6\/","title":{"rendered":"Bi\u00e8res du Fort-Carr\u00e9"},"content":{"rendered":"<p>A cheerful drinker, sprawled on barrels with the effigy of Francis I in the background, holds three overflowing mugs in each hand.<\/p>\n","protected":false},"excerpt":{"rendered":"<p>A first draft was made for the Belgian beer Haecht. The drawing, after modifying the shirt, was proposed to Bi\u00e8res Paillette in Le Havre (see black and white photos). Finally, it was proposed to Bi\u00e8res du Fort-Carr\u00e9 in Saint-Dizier (Haute-Marne) after adapting the barrels.<\/p>\n","protected":false},"featured_media":134548,"template":"","meta":{"_acf_changed":false},"type-doeuvre":[4057],"product_brand":[],"product_cat":[3385],"product_tag":[3561,3726,3727,3300,3592],"class_list":{"0":"post-131638","1":"product","2":"type-product","3":"status-publish","4":"has-post-thumbnail","6":"type-doeuvre-affiches","7":"product_cat-beers-ciders","8":"product_tag-barrel-en-2","9":"product_tag-smile-en-16","10":"product_tag-smile-en-17","11":"product_tag-show-en-2","12":"product_tag-smile-en-8","13":"pa_periode-1919-1929-en","14":"pa_type-de-contenu-esquisse-en","16":"first","17":"instock","18":"virtual","19":"product-type-simple"},"acf":[],"yoast_head":"<!-- This site is optimized with the Yoast SEO Premium plugin v27.0 (Yoast SEO v27.4) - https:\/\/yoast.com\/product\/yoast-seo-premium-wordpress\/ -->\n<title>Bi\u00e8res du Fort-Carr\u00e9 - Catalogue Raisonn\u00e9 de Leonetto Cappiello<\/title>\n<meta name=\"description\" content=\"A cheerful drinker, sprawled on barrels with the effigy of Francis I in the background, holds three overflowing mugs in each hand.\" \/>\n<meta name=\"robots\" content=\"index, follow, max-snippet:-1, max-image-preview:large, max-video-preview:-1\" \/>\n<link rel=\"canonical\" href=\"https:\/\/cappiello.fr\/en\/produit\/biere-6\/\" \/>\n<meta property=\"og:locale\" content=\"en_US\" \/>\n<meta property=\"og:type\" content=\"article\" \/>\n<meta property=\"og:title\" content=\"Bi\u00e8res du Fort-Carr\u00e9\" \/>\n<meta property=\"og:description\" content=\"A cheerful drinker, sprawled on barrels with the effigy of Francis I in the background, holds three overflowing mugs in each hand.\" \/>\n<meta property=\"og:url\" content=\"https:\/\/cappiello.fr\/en\/produit\/biere-6\/\" \/>\n<meta property=\"og:site_name\" content=\"Catalogue raisonn\u00e9 de Leonetto Cappiello\" \/>\n<meta property=\"article:modified_time\" content=\"2025-07-15T06:49:25+00:00\" \/>\n<meta property=\"og:image\" content=\"https:\/\/cappiello.fr\/wp-content\/uploads\/2024\/10\/Esquisse-affiche-publicitaire-bieres-du-fort-carre-cappiello-1928.jpg\" \/>\n\t<meta property=\"og:image:width\" content=\"601\" \/>\n\t<meta property=\"og:image:height\" content=\"799\" \/>\n\t<meta property=\"og:image:type\" content=\"image\/jpeg\" \/>\n<meta name=\"twitter:card\" content=\"summary_large_image\" \/>\n<meta name=\"twitter:title\" content=\"Bi\u00e8res du Fort-Carr\u00e9\" \/>\n<meta name=\"twitter:description\" content=\"A cheerful drinker, sprawled on barrels with the effigy of Francis I in the background, holds three overflowing mugs in each hand.\" \/>\n<meta name=\"twitter:label1\" content=\"Price\" \/>\n\t<meta name=\"twitter:data1\" content=\"\" \/>\n\t<meta name=\"twitter:label2\" content=\"Availability\" \/>\n\t<meta name=\"twitter:data2\" content=\"In stock\" \/>\n<script type=\"application\/ld+json\" class=\"yoast-schema-graph\">{\"@context\":\"https:\\\/\\\/schema.org\",\"@graph\":[{\"@type\":[\"WebPage\",\"ItemPage\"],\"@id\":\"https:\\\/\\\/cappiello.fr\\\/en\\\/produit\\\/biere-6\\\/\",\"url\":\"https:\\\/\\\/cappiello.fr\\\/en\\\/produit\\\/biere-6\\\/\",\"name\":\"Bi\u00e8res du Fort-Carr\u00e9 - Catalogue Raisonn\u00e9 de Leonetto Cappiello\",\"isPartOf\":{\"@id\":\"https:\\\/\\\/cappiello.fr\\\/en\\\/#website\"},\"primaryImageOfPage\":{\"@id\":\"https:\\\/\\\/cappiello.fr\\\/en\\\/produit\\\/biere-6\\\/#primaryimage\"},\"image\":{\"@id\":\"https:\\\/\\\/cappiello.fr\\\/en\\\/produit\\\/biere-6\\\/#primaryimage\"},\"thumbnailUrl\":\"https:\\\/\\\/cappiello.fr\\\/wp-content\\\/uploads\\\/2024\\\/10\\\/Esquisse-affiche-publicitaire-bieres-du-fort-carre-cappiello-1928.jpg\",\"datePublished\":\"1928-01-01T00:00:00+00:00\",\"dateModified\":\"2025-07-15T06:49:25+00:00\",\"description\":\"A cheerful drinker, sprawled on barrels with the effigy of Francis I in the background, holds three overflowing mugs in each hand.\",\"breadcrumb\":{\"@id\":\"https:\\\/\\\/cappiello.fr\\\/en\\\/produit\\\/biere-6\\\/#breadcrumb\"},\"inLanguage\":\"en-US\",\"potentialAction\":[{\"@type\":\"ReadAction\",\"target\":[\"https:\\\/\\\/cappiello.fr\\\/en\\\/produit\\\/biere-6\\\/\"]}]},{\"@type\":\"ImageObject\",\"inLanguage\":\"en-US\",\"@id\":\"https:\\\/\\\/cappiello.fr\\\/en\\\/produit\\\/biere-6\\\/#primaryimage\",\"url\":\"https:\\\/\\\/cappiello.fr\\\/wp-content\\\/uploads\\\/2024\\\/10\\\/Esquisse-affiche-publicitaire-bieres-du-fort-carre-cappiello-1928.jpg\",\"contentUrl\":\"https:\\\/\\\/cappiello.fr\\\/wp-content\\\/uploads\\\/2024\\\/10\\\/Esquisse-affiche-publicitaire-bieres-du-fort-carre-cappiello-1928.jpg\",\"width\":601,\"height\":799,\"caption\":\"Une premi\u00e8re esquisse a \u00e9t\u00e9 faite pour la bi\u00e8re belge Haecht. Le dessin\"},{\"@type\":\"BreadcrumbList\",\"@id\":\"https:\\\/\\\/cappiello.fr\\\/en\\\/produit\\\/biere-6\\\/#breadcrumb\",\"itemListElement\":[{\"@type\":\"ListItem\",\"position\":1,\"name\":\"Accueil\",\"item\":\"https:\\\/\\\/cappiello.fr\\\/en\\\/\"},{\"@type\":\"ListItem\",\"position\":2,\"name\":\"The works\",\"item\":\"https:\\\/\\\/cappiello.fr\\\/en\\\/the-works\\\/\"},{\"@type\":\"ListItem\",\"position\":3,\"name\":\"Bi\u00e8res du Fort-Carr\u00e9\"}]},{\"@type\":\"WebSite\",\"@id\":\"https:\\\/\\\/cappiello.fr\\\/en\\\/#website\",\"url\":\"https:\\\/\\\/cappiello.fr\\\/en\\\/\",\"name\":\"Catalogue raisonn\u00e9 de Leonetto Cappiello\",\"description\":\"Plongez dans l&#039;univers de Leonetto Cappiello, le p\u00e8re de la publicit\u00e9 moderne\",\"potentialAction\":[{\"@type\":\"SearchAction\",\"target\":{\"@type\":\"EntryPoint\",\"urlTemplate\":\"https:\\\/\\\/cappiello.fr\\\/en\\\/?s={search_term_string}\"},\"query-input\":{\"@type\":\"PropertyValueSpecification\",\"valueRequired\":true,\"valueName\":\"search_term_string\"}}],\"inLanguage\":\"en-US\"}]}<\/script>\n<meta property=\"product:price:currency\" content=\"EUR\" \/>\n<meta property=\"og:availability\" content=\"instock\" \/>\n<meta property=\"product:availability\" content=\"instock\" \/>\n<meta property=\"product:retailer_item_id\" content=\"1928034E0\" \/>\n<meta property=\"product:condition\" content=\"new\" \/>\n<!-- \/ Yoast SEO Premium plugin. -->","yoast_head_json":{"title":"Bi\u00e8res du Fort-Carr\u00e9 - Catalogue Raisonn\u00e9 de Leonetto Cappiello","description":"A cheerful drinker, sprawled on barrels with the effigy of Francis I in the background, holds three overflowing mugs in each hand.","robots":{"index":"index","follow":"follow","max-snippet":"max-snippet:-1","max-image-preview":"max-image-preview:large","max-video-preview":"max-video-preview:-1"},"canonical":"https:\/\/cappiello.fr\/en\/produit\/biere-6\/","og_locale":"en_US","og_type":"article","og_title":"Bi\u00e8res du Fort-Carr\u00e9","og_description":"A cheerful drinker, sprawled on barrels with the effigy of Francis I in the background, holds three overflowing mugs in each hand.","og_url":"https:\/\/cappiello.fr\/en\/produit\/biere-6\/","og_site_name":"Catalogue raisonn\u00e9 de Leonetto Cappiello","article_modified_time":"2025-07-15T06:49:25+00:00","og_image":[{"width":601,"height":799,"url":"https:\/\/cappiello.fr\/wp-content\/uploads\/2024\/10\/Esquisse-affiche-publicitaire-bieres-du-fort-carre-cappiello-1928.jpg","type":"image\/jpeg"}],"twitter_card":"summary_large_image","twitter_title":"Bi\u00e8res du Fort-Carr\u00e9","twitter_description":"A cheerful drinker, sprawled on barrels with the effigy of Francis I in the background, holds three overflowing mugs in each hand.","twitter_misc":{"Price":"","Availability":"In stock"},"schema":{"@context":"https:\/\/schema.org","@graph":[{"@type":["WebPage","ItemPage"],"@id":"https:\/\/cappiello.fr\/en\/produit\/biere-6\/","url":"https:\/\/cappiello.fr\/en\/produit\/biere-6\/","name":"Bi\u00e8res du Fort-Carr\u00e9 - Catalogue Raisonn\u00e9 de Leonetto Cappiello","isPartOf":{"@id":"https:\/\/cappiello.fr\/en\/#website"},"primaryImageOfPage":{"@id":"https:\/\/cappiello.fr\/en\/produit\/biere-6\/#primaryimage"},"image":{"@id":"https:\/\/cappiello.fr\/en\/produit\/biere-6\/#primaryimage"},"thumbnailUrl":"https:\/\/cappiello.fr\/wp-content\/uploads\/2024\/10\/Esquisse-affiche-publicitaire-bieres-du-fort-carre-cappiello-1928.jpg","datePublished":"1928-01-01T00:00:00+00:00","dateModified":"2025-07-15T06:49:25+00:00","description":"A cheerful drinker, sprawled on barrels with the effigy of Francis I in the background, holds three overflowing mugs in each hand.","breadcrumb":{"@id":"https:\/\/cappiello.fr\/en\/produit\/biere-6\/#breadcrumb"},"inLanguage":"en-US","potentialAction":[{"@type":"ReadAction","target":["https:\/\/cappiello.fr\/en\/produit\/biere-6\/"]}]},{"@type":"ImageObject","inLanguage":"en-US","@id":"https:\/\/cappiello.fr\/en\/produit\/biere-6\/#primaryimage","url":"https:\/\/cappiello.fr\/wp-content\/uploads\/2024\/10\/Esquisse-affiche-publicitaire-bieres-du-fort-carre-cappiello-1928.jpg","contentUrl":"https:\/\/cappiello.fr\/wp-content\/uploads\/2024\/10\/Esquisse-affiche-publicitaire-bieres-du-fort-carre-cappiello-1928.jpg","width":601,"height":799,"caption":"Une premi\u00e8re esquisse a \u00e9t\u00e9 faite pour la bi\u00e8re belge Haecht. Le dessin"},{"@type":"BreadcrumbList","@id":"https:\/\/cappiello.fr\/en\/produit\/biere-6\/#breadcrumb","itemListElement":[{"@type":"ListItem","position":1,"name":"Accueil","item":"https:\/\/cappiello.fr\/en\/"},{"@type":"ListItem","position":2,"name":"The works","item":"https:\/\/cappiello.fr\/en\/the-works\/"},{"@type":"ListItem","position":3,"name":"Bi\u00e8res du Fort-Carr\u00e9"}]},{"@type":"WebSite","@id":"https:\/\/cappiello.fr\/en\/#website","url":"https:\/\/cappiello.fr\/en\/","name":"Catalogue raisonn\u00e9 de Leonetto Cappiello","description":"Plongez dans l&#039;univers de Leonetto Cappiello, le p\u00e8re de la publicit\u00e9 moderne","potentialAction":[{"@type":"SearchAction","target":{"@type":"EntryPoint","urlTemplate":"https:\/\/cappiello.fr\/en\/?s={search_term_string}"},"query-input":{"@type":"PropertyValueSpecification","valueRequired":true,"valueName":"search_term_string"}}],"inLanguage":"en-US"}]},"product_price_currency":"EUR","og_availability":"instock","product_availability":"instock","product_retailer_item_id":"1928034E0","product_condition":"new"},"_links":{"self":[{"href":"https:\/\/cappiello.fr\/en\/wp-json\/wp\/v2\/product\/131638","targetHints":{"allow":["GET"]}}],"collection":[{"href":"https:\/\/cappiello.fr\/en\/wp-json\/wp\/v2\/product"}],"about":[{"href":"https:\/\/cappiello.fr\/en\/wp-json\/wp\/v2\/types\/product"}],"wp:featuredmedia":[{"embeddable":true,"href":"https:\/\/cappiello.fr\/en\/wp-json\/wp\/v2\/media\/134548"}],"wp:attachment":[{"href":"https:\/\/cappiello.fr\/en\/wp-json\/wp\/v2\/media?parent=131638"}],"wp:term":[{"taxonomy":"type-doeuvre","embeddable":true,"href":"https:\/\/cappiello.fr\/en\/wp-json\/wp\/v2\/type-doeuvre?post=131638"},{"taxonomy":"product_brand","embeddable":true,"href":"https:\/\/cappiello.fr\/en\/wp-json\/wp\/v2\/product_brand?post=131638"},{"taxonomy":"product_cat","embeddable":true,"href":"https:\/\/cappiello.fr\/en\/wp-json\/wp\/v2\/product_cat?post=131638"},{"taxonomy":"product_tag","embeddable":true,"href":"https:\/\/cappiello.fr\/en\/wp-json\/wp\/v2\/product_tag?post=131638"}],"curies":[{"name":"wp","href":"https:\/\/api.w.org\/{rel}","templated":true}]}}