{"id":131657,"date":"1928-01-01T00:00:00","date_gmt":"1928-01-01T00:00:00","guid":{"rendered":"https:\/\/cappiello.fr\/produit\/ca-bloc-deuxieme-esquisse-2\/"},"modified":"2025-07-04T08:46:06","modified_gmt":"2025-07-04T06:46:06","slug":"ca-bloc-deuxieme-esquisse-2","status":"publish","type":"product","link":"https:\/\/cappiello.fr\/en\/produit\/ca-bloc-deuxieme-esquisse-2\/","title":{"rendered":"\u00c7a-Bloc (deuxi\u00e8me esquisse)"},"content":{"rendered":"<p>A car moves forward. It is abruptly stopped by cables stretched across its path.<\/p>\n","protected":false},"excerpt":{"rendered":"<p>Brake linings manufactured by the company H Douha-dor in Jemeppe sur Meuse, Belgium. Cappiello made two other sketches for this brand (<a href=\"https:\/\/cappiello.fr\/en\/produit\/ca-bloc-deuxieme-esquisse\/\">Sketch 1<\/a>, <a href=\"https:\/\/cappiello.fr\/en\/produit\/ca-bloc-troisieme-esquisse\/\">sketch 3<\/a>). The third one was chosen for the lithograph.<\/p>\n","protected":false},"featured_media":134621,"template":"","meta":{"_acf_changed":false},"type-doeuvre":[4057],"product_brand":[],"product_cat":[3268],"product_tag":[3269],"class_list":{"0":"post-131657","1":"product","2":"type-product","3":"status-publish","4":"has-post-thumbnail","6":"type-doeuvre-affiches","7":"product_cat-automobiles","8":"product_tag-sea","9":"pa_periode-1919-1929-en","10":"pa_type-de-contenu-esquisse-en","12":"first","13":"instock","14":"virtual","15":"product-type-simple"},"acf":[],"yoast_head":"<!-- This site is optimized with the Yoast SEO Premium plugin v27.0 (Yoast SEO v27.4) - https:\/\/yoast.com\/product\/yoast-seo-premium-wordpress\/ -->\n<title>\u00c7a-Bloc (deuxi\u00e8me esquisse) - Catalogue Raisonn\u00e9 de Leonetto Cappiello<\/title>\n<meta name=\"description\" content=\"A car moves forward. It is abruptly stopped by cables stretched across its path.\" \/>\n<meta name=\"robots\" content=\"index, follow, max-snippet:-1, max-image-preview:large, max-video-preview:-1\" \/>\n<link rel=\"canonical\" href=\"https:\/\/cappiello.fr\/en\/produit\/ca-bloc-deuxieme-esquisse-2\/\" \/>\n<meta property=\"og:locale\" content=\"en_US\" \/>\n<meta property=\"og:type\" content=\"article\" \/>\n<meta property=\"og:title\" content=\"\u00c7a-Bloc (deuxi\u00e8me esquisse)\" \/>\n<meta property=\"og:description\" content=\"A car moves forward. It is abruptly stopped by cables stretched across its path.\" \/>\n<meta property=\"og:url\" content=\"https:\/\/cappiello.fr\/en\/produit\/ca-bloc-deuxieme-esquisse-2\/\" \/>\n<meta property=\"og:site_name\" content=\"Catalogue raisonn\u00e9 de Leonetto Cappiello\" \/>\n<meta property=\"article:modified_time\" content=\"2025-07-04T06:46:06+00:00\" \/>\n<meta property=\"og:image\" content=\"https:\/\/cappiello.fr\/wp-content\/uploads\/2024\/10\/Esquisse-affiche-publicitaire-ca-bloc-deuxieme-esquisse-cappiello-1928.jpg\" \/>\n\t<meta property=\"og:image:width\" content=\"592\" \/>\n\t<meta property=\"og:image:height\" content=\"799\" \/>\n\t<meta property=\"og:image:type\" content=\"image\/jpeg\" \/>\n<meta name=\"twitter:card\" content=\"summary_large_image\" \/>\n<meta name=\"twitter:title\" content=\"\u00c7a-Bloc (deuxi\u00e8me esquisse)\" \/>\n<meta name=\"twitter:description\" content=\"A car moves forward. It is abruptly stopped by cables stretched across its path.\" \/>\n<meta name=\"twitter:label1\" content=\"Price\" \/>\n\t<meta name=\"twitter:data1\" content=\"\" \/>\n\t<meta name=\"twitter:label2\" content=\"Availability\" \/>\n\t<meta name=\"twitter:data2\" content=\"In stock\" \/>\n<script type=\"application\/ld+json\" class=\"yoast-schema-graph\">{\"@context\":\"https:\\\/\\\/schema.org\",\"@graph\":[{\"@type\":[\"WebPage\",\"ItemPage\"],\"@id\":\"https:\\\/\\\/cappiello.fr\\\/en\\\/produit\\\/ca-bloc-deuxieme-esquisse-2\\\/\",\"url\":\"https:\\\/\\\/cappiello.fr\\\/en\\\/produit\\\/ca-bloc-deuxieme-esquisse-2\\\/\",\"name\":\"\u00c7a-Bloc (deuxi\u00e8me esquisse) - Catalogue Raisonn\u00e9 de Leonetto Cappiello\",\"isPartOf\":{\"@id\":\"https:\\\/\\\/cappiello.fr\\\/en\\\/#website\"},\"primaryImageOfPage\":{\"@id\":\"https:\\\/\\\/cappiello.fr\\\/en\\\/produit\\\/ca-bloc-deuxieme-esquisse-2\\\/#primaryimage\"},\"image\":{\"@id\":\"https:\\\/\\\/cappiello.fr\\\/en\\\/produit\\\/ca-bloc-deuxieme-esquisse-2\\\/#primaryimage\"},\"thumbnailUrl\":\"https:\\\/\\\/cappiello.fr\\\/wp-content\\\/uploads\\\/2024\\\/10\\\/Esquisse-affiche-publicitaire-ca-bloc-deuxieme-esquisse-cappiello-1928.jpg\",\"datePublished\":\"1928-01-01T00:00:00+00:00\",\"dateModified\":\"2025-07-04T06:46:06+00:00\",\"description\":\"A car moves forward. It is abruptly stopped by cables stretched across its path.\",\"breadcrumb\":{\"@id\":\"https:\\\/\\\/cappiello.fr\\\/en\\\/produit\\\/ca-bloc-deuxieme-esquisse-2\\\/#breadcrumb\"},\"inLanguage\":\"en-US\",\"potentialAction\":[{\"@type\":\"ReadAction\",\"target\":[\"https:\\\/\\\/cappiello.fr\\\/en\\\/produit\\\/ca-bloc-deuxieme-esquisse-2\\\/\"]}]},{\"@type\":\"ImageObject\",\"inLanguage\":\"en-US\",\"@id\":\"https:\\\/\\\/cappiello.fr\\\/en\\\/produit\\\/ca-bloc-deuxieme-esquisse-2\\\/#primaryimage\",\"url\":\"https:\\\/\\\/cappiello.fr\\\/wp-content\\\/uploads\\\/2024\\\/10\\\/Esquisse-affiche-publicitaire-ca-bloc-deuxieme-esquisse-cappiello-1928.jpg\",\"contentUrl\":\"https:\\\/\\\/cappiello.fr\\\/wp-content\\\/uploads\\\/2024\\\/10\\\/Esquisse-affiche-publicitaire-ca-bloc-deuxieme-esquisse-cappiello-1928.jpg\",\"width\":592,\"height\":799,\"caption\":\"Garnitures de frein fabriqu\u00e9es par la soci\u00e9t\u00e9 H Douha-dor \u00e0 Jemeppe sur Meuse en Belgique. Cappiello a fait deux autres esquisses pour cette marque (Esquisse 1\"},{\"@type\":\"BreadcrumbList\",\"@id\":\"https:\\\/\\\/cappiello.fr\\\/en\\\/produit\\\/ca-bloc-deuxieme-esquisse-2\\\/#breadcrumb\",\"itemListElement\":[{\"@type\":\"ListItem\",\"position\":1,\"name\":\"Accueil\",\"item\":\"https:\\\/\\\/cappiello.fr\\\/en\\\/\"},{\"@type\":\"ListItem\",\"position\":2,\"name\":\"The works\",\"item\":\"https:\\\/\\\/cappiello.fr\\\/en\\\/the-works\\\/\"},{\"@type\":\"ListItem\",\"position\":3,\"name\":\"\u00c7a-Bloc (deuxi\u00e8me esquisse)\"}]},{\"@type\":\"WebSite\",\"@id\":\"https:\\\/\\\/cappiello.fr\\\/en\\\/#website\",\"url\":\"https:\\\/\\\/cappiello.fr\\\/en\\\/\",\"name\":\"Catalogue raisonn\u00e9 de Leonetto Cappiello\",\"description\":\"Plongez dans l&#039;univers de Leonetto Cappiello, le p\u00e8re de la publicit\u00e9 moderne\",\"potentialAction\":[{\"@type\":\"SearchAction\",\"target\":{\"@type\":\"EntryPoint\",\"urlTemplate\":\"https:\\\/\\\/cappiello.fr\\\/en\\\/?s={search_term_string}\"},\"query-input\":{\"@type\":\"PropertyValueSpecification\",\"valueRequired\":true,\"valueName\":\"search_term_string\"}}],\"inLanguage\":\"en-US\"}]}<\/script>\n<meta property=\"product:price:currency\" content=\"EUR\" \/>\n<meta property=\"og:availability\" content=\"instock\" \/>\n<meta property=\"product:availability\" content=\"instock\" \/>\n<meta property=\"product:retailer_item_id\" content=\"1928048E0\" \/>\n<meta property=\"product:condition\" content=\"new\" \/>\n<!-- \/ Yoast SEO Premium plugin. -->","yoast_head_json":{"title":"\u00c7a-Bloc (deuxi\u00e8me esquisse) - Catalogue Raisonn\u00e9 de Leonetto Cappiello","description":"A car moves forward. It is abruptly stopped by cables stretched across its path.","robots":{"index":"index","follow":"follow","max-snippet":"max-snippet:-1","max-image-preview":"max-image-preview:large","max-video-preview":"max-video-preview:-1"},"canonical":"https:\/\/cappiello.fr\/en\/produit\/ca-bloc-deuxieme-esquisse-2\/","og_locale":"en_US","og_type":"article","og_title":"\u00c7a-Bloc (deuxi\u00e8me esquisse)","og_description":"A car moves forward. It is abruptly stopped by cables stretched across its path.","og_url":"https:\/\/cappiello.fr\/en\/produit\/ca-bloc-deuxieme-esquisse-2\/","og_site_name":"Catalogue raisonn\u00e9 de Leonetto Cappiello","article_modified_time":"2025-07-04T06:46:06+00:00","og_image":[{"width":592,"height":799,"url":"https:\/\/cappiello.fr\/wp-content\/uploads\/2024\/10\/Esquisse-affiche-publicitaire-ca-bloc-deuxieme-esquisse-cappiello-1928.jpg","type":"image\/jpeg"}],"twitter_card":"summary_large_image","twitter_title":"\u00c7a-Bloc (deuxi\u00e8me esquisse)","twitter_description":"A car moves forward. It is abruptly stopped by cables stretched across its path.","twitter_misc":{"Price":"","Availability":"In stock"},"schema":{"@context":"https:\/\/schema.org","@graph":[{"@type":["WebPage","ItemPage"],"@id":"https:\/\/cappiello.fr\/en\/produit\/ca-bloc-deuxieme-esquisse-2\/","url":"https:\/\/cappiello.fr\/en\/produit\/ca-bloc-deuxieme-esquisse-2\/","name":"\u00c7a-Bloc (deuxi\u00e8me esquisse) - Catalogue Raisonn\u00e9 de Leonetto Cappiello","isPartOf":{"@id":"https:\/\/cappiello.fr\/en\/#website"},"primaryImageOfPage":{"@id":"https:\/\/cappiello.fr\/en\/produit\/ca-bloc-deuxieme-esquisse-2\/#primaryimage"},"image":{"@id":"https:\/\/cappiello.fr\/en\/produit\/ca-bloc-deuxieme-esquisse-2\/#primaryimage"},"thumbnailUrl":"https:\/\/cappiello.fr\/wp-content\/uploads\/2024\/10\/Esquisse-affiche-publicitaire-ca-bloc-deuxieme-esquisse-cappiello-1928.jpg","datePublished":"1928-01-01T00:00:00+00:00","dateModified":"2025-07-04T06:46:06+00:00","description":"A car moves forward. It is abruptly stopped by cables stretched across its path.","breadcrumb":{"@id":"https:\/\/cappiello.fr\/en\/produit\/ca-bloc-deuxieme-esquisse-2\/#breadcrumb"},"inLanguage":"en-US","potentialAction":[{"@type":"ReadAction","target":["https:\/\/cappiello.fr\/en\/produit\/ca-bloc-deuxieme-esquisse-2\/"]}]},{"@type":"ImageObject","inLanguage":"en-US","@id":"https:\/\/cappiello.fr\/en\/produit\/ca-bloc-deuxieme-esquisse-2\/#primaryimage","url":"https:\/\/cappiello.fr\/wp-content\/uploads\/2024\/10\/Esquisse-affiche-publicitaire-ca-bloc-deuxieme-esquisse-cappiello-1928.jpg","contentUrl":"https:\/\/cappiello.fr\/wp-content\/uploads\/2024\/10\/Esquisse-affiche-publicitaire-ca-bloc-deuxieme-esquisse-cappiello-1928.jpg","width":592,"height":799,"caption":"Garnitures de frein fabriqu\u00e9es par la soci\u00e9t\u00e9 H Douha-dor \u00e0 Jemeppe sur Meuse en Belgique. Cappiello a fait deux autres esquisses pour cette marque (Esquisse 1"},{"@type":"BreadcrumbList","@id":"https:\/\/cappiello.fr\/en\/produit\/ca-bloc-deuxieme-esquisse-2\/#breadcrumb","itemListElement":[{"@type":"ListItem","position":1,"name":"Accueil","item":"https:\/\/cappiello.fr\/en\/"},{"@type":"ListItem","position":2,"name":"The works","item":"https:\/\/cappiello.fr\/en\/the-works\/"},{"@type":"ListItem","position":3,"name":"\u00c7a-Bloc (deuxi\u00e8me esquisse)"}]},{"@type":"WebSite","@id":"https:\/\/cappiello.fr\/en\/#website","url":"https:\/\/cappiello.fr\/en\/","name":"Catalogue raisonn\u00e9 de Leonetto Cappiello","description":"Plongez dans l&#039;univers de Leonetto Cappiello, le p\u00e8re de la publicit\u00e9 moderne","potentialAction":[{"@type":"SearchAction","target":{"@type":"EntryPoint","urlTemplate":"https:\/\/cappiello.fr\/en\/?s={search_term_string}"},"query-input":{"@type":"PropertyValueSpecification","valueRequired":true,"valueName":"search_term_string"}}],"inLanguage":"en-US"}]},"product_price_currency":"EUR","og_availability":"instock","product_availability":"instock","product_retailer_item_id":"1928048E0","product_condition":"new"},"_links":{"self":[{"href":"https:\/\/cappiello.fr\/en\/wp-json\/wp\/v2\/product\/131657","targetHints":{"allow":["GET"]}}],"collection":[{"href":"https:\/\/cappiello.fr\/en\/wp-json\/wp\/v2\/product"}],"about":[{"href":"https:\/\/cappiello.fr\/en\/wp-json\/wp\/v2\/types\/product"}],"wp:featuredmedia":[{"embeddable":true,"href":"https:\/\/cappiello.fr\/en\/wp-json\/wp\/v2\/media\/134621"}],"wp:attachment":[{"href":"https:\/\/cappiello.fr\/en\/wp-json\/wp\/v2\/media?parent=131657"}],"wp:term":[{"taxonomy":"type-doeuvre","embeddable":true,"href":"https:\/\/cappiello.fr\/en\/wp-json\/wp\/v2\/type-doeuvre?post=131657"},{"taxonomy":"product_brand","embeddable":true,"href":"https:\/\/cappiello.fr\/en\/wp-json\/wp\/v2\/product_brand?post=131657"},{"taxonomy":"product_cat","embeddable":true,"href":"https:\/\/cappiello.fr\/en\/wp-json\/wp\/v2\/product_cat?post=131657"},{"taxonomy":"product_tag","embeddable":true,"href":"https:\/\/cappiello.fr\/en\/wp-json\/wp\/v2\/product_tag?post=131657"}],"curies":[{"name":"wp","href":"https:\/\/api.w.org\/{rel}","templated":true}]}}