{"id":131662,"date":"1928-01-01T00:00:00","date_gmt":"1928-01-01T00:00:00","guid":{"rendered":"https:\/\/cappiello.fr\/produit\/ami-du-peuple-l-3\/"},"modified":"2025-07-03T09:25:08","modified_gmt":"2025-07-03T07:25:08","slug":"ami-du-peuple-l-3","status":"publish","type":"product","link":"https:\/\/cappiello.fr\/en\/produit\/ami-du-peuple-l-3\/","title":{"rendered":"Ami du Peuple (L&#8217;)"},"content":{"rendered":"<p>Two men walk away from the viewer. One, dressed in a black suit, places his arm on the shoulder of the other, who is wearing work clothes.<br \/>\nFran\u00e7ois Coty, perfumer and politician, understood that the Press is an essential communication tool for his political career. He founded the newspaper in 1928.<br \/>\n<Br>On this poster, he could be seen from the back, guiding the People!<\/p>\n","protected":false},"excerpt":{"rendered":"<p>Far-right, xenophobic and anti-Semitic newspaper.<\/p>\n","protected":false},"featured_media":134668,"template":"","meta":{"_acf_changed":false},"type-doeuvre":[4057],"product_brand":[],"product_cat":[3342],"product_tag":[3250,3260,3662],"class_list":{"0":"post-131662","1":"product","2":"type-product","3":"status-publish","4":"has-post-thumbnail","6":"type-doeuvre-affiches","7":"product_cat-press-publishing","8":"product_tag-hat","9":"product_tag-sun-en-3","10":"product_tag-pot-en","11":"pa_periode-1919-1929-en","12":"pa_type-de-contenu-maquette-en","14":"first","15":"instock","16":"virtual","17":"product-type-simple"},"acf":[],"yoast_head":"<!-- This site is optimized with the Yoast SEO Premium plugin v27.0 (Yoast SEO v27.4) - https:\/\/yoast.com\/product\/yoast-seo-premium-wordpress\/ -->\n<title>Ami du Peuple (L&#039;) - Catalogue Raisonn\u00e9 de Leonetto Cappiello<\/title>\n<meta name=\"description\" content=\"Two men walk away from the viewer. One, dressed in a black suit, places his arm on the shoulder of the other, who is wearing work clothes. Fran\u00e7ois Coty, perfumer and politician, understood that the press is an essential communication tool for his political career. He founded the newspaper in 1928. On this poster, we might see him from the back, walking alongside the People!\" \/>\n<meta name=\"robots\" content=\"index, follow, max-snippet:-1, max-image-preview:large, max-video-preview:-1\" \/>\n<link rel=\"canonical\" href=\"https:\/\/cappiello.fr\/en\/produit\/ami-du-peuple-l-3\/\" \/>\n<meta property=\"og:locale\" content=\"en_US\" \/>\n<meta property=\"og:type\" content=\"article\" \/>\n<meta property=\"og:title\" content=\"Ami du Peuple (L&#039;)\" \/>\n<meta property=\"og:description\" content=\"Two men walk away from the viewer. One, dressed in a black suit, places his arm on the shoulder of the other, who is wearing work clothes. Fran\u00e7ois Coty, perfumer and politician, understood that the press is an essential communication tool for his political career. He founded the newspaper in 1928. On this poster, we might see him from the back, walking alongside the People!\" \/>\n<meta property=\"og:url\" content=\"https:\/\/cappiello.fr\/en\/produit\/ami-du-peuple-l-3\/\" \/>\n<meta property=\"og:site_name\" content=\"Catalogue raisonn\u00e9 de Leonetto Cappiello\" \/>\n<meta property=\"article:modified_time\" content=\"2025-07-03T07:25:08+00:00\" \/>\n<meta property=\"og:image\" content=\"https:\/\/cappiello.fr\/wp-content\/uploads\/2024\/10\/Maquette-affiche-publicitaire-ami-du-peuple-l-cappiello-1928.jpg\" \/>\n\t<meta property=\"og:image:width\" content=\"800\" \/>\n\t<meta property=\"og:image:height\" content=\"530\" \/>\n\t<meta property=\"og:image:type\" content=\"image\/jpeg\" \/>\n<meta name=\"twitter:card\" content=\"summary_large_image\" \/>\n<meta name=\"twitter:title\" content=\"Ami du Peuple (L&#039;)\" \/>\n<meta name=\"twitter:description\" content=\"Two men walk away from the viewer. One, dressed in a black suit, places his arm on the shoulder of the other, who is wearing work clothes. Fran\u00e7ois Coty, perfumer and politician, understood that the press is an essential communication tool for his political career. He founded the newspaper in 1928. On this poster, we might see him from the back, walking alongside the People!\" \/>\n<meta name=\"twitter:label1\" content=\"Price\" \/>\n\t<meta name=\"twitter:data1\" content=\"\" \/>\n\t<meta name=\"twitter:label2\" content=\"Availability\" \/>\n\t<meta name=\"twitter:data2\" content=\"In stock\" \/>\n<script type=\"application\/ld+json\" class=\"yoast-schema-graph\">{\"@context\":\"https:\\\/\\\/schema.org\",\"@graph\":[{\"@type\":[\"WebPage\",\"ItemPage\"],\"@id\":\"https:\\\/\\\/cappiello.fr\\\/en\\\/produit\\\/ami-du-peuple-l-3\\\/\",\"url\":\"https:\\\/\\\/cappiello.fr\\\/en\\\/produit\\\/ami-du-peuple-l-3\\\/\",\"name\":\"Ami du Peuple (L') - Catalogue Raisonn\u00e9 de Leonetto Cappiello\",\"isPartOf\":{\"@id\":\"https:\\\/\\\/cappiello.fr\\\/en\\\/#website\"},\"primaryImageOfPage\":{\"@id\":\"https:\\\/\\\/cappiello.fr\\\/en\\\/produit\\\/ami-du-peuple-l-3\\\/#primaryimage\"},\"image\":{\"@id\":\"https:\\\/\\\/cappiello.fr\\\/en\\\/produit\\\/ami-du-peuple-l-3\\\/#primaryimage\"},\"thumbnailUrl\":\"https:\\\/\\\/cappiello.fr\\\/wp-content\\\/uploads\\\/2024\\\/10\\\/Maquette-affiche-publicitaire-ami-du-peuple-l-cappiello-1928.jpg\",\"datePublished\":\"1928-01-01T00:00:00+00:00\",\"dateModified\":\"2025-07-03T07:25:08+00:00\",\"description\":\"Two men walk away from the viewer. One, dressed in a black suit, places his arm on the shoulder of the other, who is wearing work clothes. Fran\u00e7ois Coty, perfumer and politician, understood that the press is an essential communication tool for his political career. He founded the newspaper in 1928. On this poster, we might see him from the back, walking alongside the People!\",\"breadcrumb\":{\"@id\":\"https:\\\/\\\/cappiello.fr\\\/en\\\/produit\\\/ami-du-peuple-l-3\\\/#breadcrumb\"},\"inLanguage\":\"en-US\",\"potentialAction\":[{\"@type\":\"ReadAction\",\"target\":[\"https:\\\/\\\/cappiello.fr\\\/en\\\/produit\\\/ami-du-peuple-l-3\\\/\"]}]},{\"@type\":\"ImageObject\",\"inLanguage\":\"en-US\",\"@id\":\"https:\\\/\\\/cappiello.fr\\\/en\\\/produit\\\/ami-du-peuple-l-3\\\/#primaryimage\",\"url\":\"https:\\\/\\\/cappiello.fr\\\/wp-content\\\/uploads\\\/2024\\\/10\\\/Maquette-affiche-publicitaire-ami-du-peuple-l-cappiello-1928.jpg\",\"contentUrl\":\"https:\\\/\\\/cappiello.fr\\\/wp-content\\\/uploads\\\/2024\\\/10\\\/Maquette-affiche-publicitaire-ami-du-peuple-l-cappiello-1928.jpg\",\"width\":800,\"height\":530,\"caption\":\"Journal d\u2019extr\u00eame droite\"},{\"@type\":\"BreadcrumbList\",\"@id\":\"https:\\\/\\\/cappiello.fr\\\/en\\\/produit\\\/ami-du-peuple-l-3\\\/#breadcrumb\",\"itemListElement\":[{\"@type\":\"ListItem\",\"position\":1,\"name\":\"Accueil\",\"item\":\"https:\\\/\\\/cappiello.fr\\\/en\\\/\"},{\"@type\":\"ListItem\",\"position\":2,\"name\":\"The works\",\"item\":\"https:\\\/\\\/cappiello.fr\\\/en\\\/the-works\\\/\"},{\"@type\":\"ListItem\",\"position\":3,\"name\":\"Ami du Peuple (L&#8217;)\"}]},{\"@type\":\"WebSite\",\"@id\":\"https:\\\/\\\/cappiello.fr\\\/en\\\/#website\",\"url\":\"https:\\\/\\\/cappiello.fr\\\/en\\\/\",\"name\":\"Catalogue raisonn\u00e9 de Leonetto Cappiello\",\"description\":\"Plongez dans l&#039;univers de Leonetto Cappiello, le p\u00e8re de la publicit\u00e9 moderne\",\"potentialAction\":[{\"@type\":\"SearchAction\",\"target\":{\"@type\":\"EntryPoint\",\"urlTemplate\":\"https:\\\/\\\/cappiello.fr\\\/en\\\/?s={search_term_string}\"},\"query-input\":{\"@type\":\"PropertyValueSpecification\",\"valueRequired\":true,\"valueName\":\"search_term_string\"}}],\"inLanguage\":\"en-US\"}]}<\/script>\n<meta property=\"product:price:currency\" content=\"EUR\" \/>\n<meta property=\"og:availability\" content=\"instock\" \/>\n<meta property=\"product:availability\" content=\"instock\" \/>\n<meta property=\"product:retailer_item_id\" content=\"1928001M0\" \/>\n<meta property=\"product:condition\" content=\"new\" \/>\n<!-- \/ Yoast SEO Premium plugin. -->","yoast_head_json":{"title":"Ami du Peuple (L') - Catalogue Raisonn\u00e9 de Leonetto Cappiello","description":"Two men walk away from the viewer. One, dressed in a black suit, places his arm on the shoulder of the other, who is wearing work clothes. Fran\u00e7ois Coty, perfumer and politician, understood that the press is an essential communication tool for his political career. He founded the newspaper in 1928. On this poster, we might see him from the back, walking alongside the People!","robots":{"index":"index","follow":"follow","max-snippet":"max-snippet:-1","max-image-preview":"max-image-preview:large","max-video-preview":"max-video-preview:-1"},"canonical":"https:\/\/cappiello.fr\/en\/produit\/ami-du-peuple-l-3\/","og_locale":"en_US","og_type":"article","og_title":"Ami du Peuple (L')","og_description":"Two men walk away from the viewer. One, dressed in a black suit, places his arm on the shoulder of the other, who is wearing work clothes. Fran\u00e7ois Coty, perfumer and politician, understood that the press is an essential communication tool for his political career. He founded the newspaper in 1928. On this poster, we might see him from the back, walking alongside the People!","og_url":"https:\/\/cappiello.fr\/en\/produit\/ami-du-peuple-l-3\/","og_site_name":"Catalogue raisonn\u00e9 de Leonetto Cappiello","article_modified_time":"2025-07-03T07:25:08+00:00","og_image":[{"width":800,"height":530,"url":"https:\/\/cappiello.fr\/wp-content\/uploads\/2024\/10\/Maquette-affiche-publicitaire-ami-du-peuple-l-cappiello-1928.jpg","type":"image\/jpeg"}],"twitter_card":"summary_large_image","twitter_title":"Ami du Peuple (L')","twitter_description":"Two men walk away from the viewer. One, dressed in a black suit, places his arm on the shoulder of the other, who is wearing work clothes. Fran\u00e7ois Coty, perfumer and politician, understood that the press is an essential communication tool for his political career. He founded the newspaper in 1928. On this poster, we might see him from the back, walking alongside the People!","twitter_misc":{"Price":"","Availability":"In stock"},"schema":{"@context":"https:\/\/schema.org","@graph":[{"@type":["WebPage","ItemPage"],"@id":"https:\/\/cappiello.fr\/en\/produit\/ami-du-peuple-l-3\/","url":"https:\/\/cappiello.fr\/en\/produit\/ami-du-peuple-l-3\/","name":"Ami du Peuple (L') - Catalogue Raisonn\u00e9 de Leonetto Cappiello","isPartOf":{"@id":"https:\/\/cappiello.fr\/en\/#website"},"primaryImageOfPage":{"@id":"https:\/\/cappiello.fr\/en\/produit\/ami-du-peuple-l-3\/#primaryimage"},"image":{"@id":"https:\/\/cappiello.fr\/en\/produit\/ami-du-peuple-l-3\/#primaryimage"},"thumbnailUrl":"https:\/\/cappiello.fr\/wp-content\/uploads\/2024\/10\/Maquette-affiche-publicitaire-ami-du-peuple-l-cappiello-1928.jpg","datePublished":"1928-01-01T00:00:00+00:00","dateModified":"2025-07-03T07:25:08+00:00","description":"Two men walk away from the viewer. One, dressed in a black suit, places his arm on the shoulder of the other, who is wearing work clothes. Fran\u00e7ois Coty, perfumer and politician, understood that the press is an essential communication tool for his political career. He founded the newspaper in 1928. On this poster, we might see him from the back, walking alongside the People!","breadcrumb":{"@id":"https:\/\/cappiello.fr\/en\/produit\/ami-du-peuple-l-3\/#breadcrumb"},"inLanguage":"en-US","potentialAction":[{"@type":"ReadAction","target":["https:\/\/cappiello.fr\/en\/produit\/ami-du-peuple-l-3\/"]}]},{"@type":"ImageObject","inLanguage":"en-US","@id":"https:\/\/cappiello.fr\/en\/produit\/ami-du-peuple-l-3\/#primaryimage","url":"https:\/\/cappiello.fr\/wp-content\/uploads\/2024\/10\/Maquette-affiche-publicitaire-ami-du-peuple-l-cappiello-1928.jpg","contentUrl":"https:\/\/cappiello.fr\/wp-content\/uploads\/2024\/10\/Maquette-affiche-publicitaire-ami-du-peuple-l-cappiello-1928.jpg","width":800,"height":530,"caption":"Journal d\u2019extr\u00eame droite"},{"@type":"BreadcrumbList","@id":"https:\/\/cappiello.fr\/en\/produit\/ami-du-peuple-l-3\/#breadcrumb","itemListElement":[{"@type":"ListItem","position":1,"name":"Accueil","item":"https:\/\/cappiello.fr\/en\/"},{"@type":"ListItem","position":2,"name":"The works","item":"https:\/\/cappiello.fr\/en\/the-works\/"},{"@type":"ListItem","position":3,"name":"Ami du Peuple (L&#8217;)"}]},{"@type":"WebSite","@id":"https:\/\/cappiello.fr\/en\/#website","url":"https:\/\/cappiello.fr\/en\/","name":"Catalogue raisonn\u00e9 de Leonetto Cappiello","description":"Plongez dans l&#039;univers de Leonetto Cappiello, le p\u00e8re de la publicit\u00e9 moderne","potentialAction":[{"@type":"SearchAction","target":{"@type":"EntryPoint","urlTemplate":"https:\/\/cappiello.fr\/en\/?s={search_term_string}"},"query-input":{"@type":"PropertyValueSpecification","valueRequired":true,"valueName":"search_term_string"}}],"inLanguage":"en-US"}]},"product_price_currency":"EUR","og_availability":"instock","product_availability":"instock","product_retailer_item_id":"1928001M0","product_condition":"new"},"_links":{"self":[{"href":"https:\/\/cappiello.fr\/en\/wp-json\/wp\/v2\/product\/131662","targetHints":{"allow":["GET"]}}],"collection":[{"href":"https:\/\/cappiello.fr\/en\/wp-json\/wp\/v2\/product"}],"about":[{"href":"https:\/\/cappiello.fr\/en\/wp-json\/wp\/v2\/types\/product"}],"wp:featuredmedia":[{"embeddable":true,"href":"https:\/\/cappiello.fr\/en\/wp-json\/wp\/v2\/media\/134668"}],"wp:attachment":[{"href":"https:\/\/cappiello.fr\/en\/wp-json\/wp\/v2\/media?parent=131662"}],"wp:term":[{"taxonomy":"type-doeuvre","embeddable":true,"href":"https:\/\/cappiello.fr\/en\/wp-json\/wp\/v2\/type-doeuvre?post=131662"},{"taxonomy":"product_brand","embeddable":true,"href":"https:\/\/cappiello.fr\/en\/wp-json\/wp\/v2\/product_brand?post=131662"},{"taxonomy":"product_cat","embeddable":true,"href":"https:\/\/cappiello.fr\/en\/wp-json\/wp\/v2\/product_cat?post=131662"},{"taxonomy":"product_tag","embeddable":true,"href":"https:\/\/cappiello.fr\/en\/wp-json\/wp\/v2\/product_tag?post=131662"}],"curies":[{"name":"wp","href":"https:\/\/api.w.org\/{rel}","templated":true}]}}