{"id":131797,"date":"1932-01-01T00:00:00","date_gmt":"1932-01-01T00:00:00","guid":{"rendered":"https:\/\/cappiello.fr\/produit\/saint-raphael\/"},"modified":"2025-07-16T18:14:21","modified_gmt":"2025-07-16T16:14:21","slug":"saint-raphael","status":"publish","type":"product","link":"https:\/\/cappiello.fr\/en\/produit\/saint-raphael\/","title":{"rendered":"Saint-Rapha\u00ebl"},"content":{"rendered":"<p>Two characters sitting on two stools are drinking a Saint-Rapha\u00eal. One is in white, the other in red. They recall the two possible colors for this aperitif.<br \/>\n<Br>The theme of the &#8220;Twins&#8221; appeared at that time in Saint-Rapha\u00eal advertisements.<br \/>\n<Br>In the variant for Pippermint Get the characters are in white and green.<\/p>\n","protected":false},"excerpt":{"rendered":"<p>Aperitif made from either red mistelle or white mistelle and aromatic plants.<br \/>\nA variant was made for Pippermint Get, a mint liqueur.<\/p>\n","protected":false},"featured_media":131798,"template":"","meta":{"_acf_changed":false},"type-doeuvre":[4057],"product_brand":[],"product_cat":[3339],"product_tag":[3290,3364,3317,3656],"class_list":{"0":"post-131797","1":"product","2":"type-product","3":"status-publish","4":"has-post-thumbnail","6":"type-doeuvre-affiches","7":"product_cat-aperitifs","8":"product_tag-mustache-en","9":"product_tag-long-dress-en-2","10":"product_tag-woman-en","11":"product_tag-stool","12":"pa_periode-1930-1940-en","13":"pa_type-de-contenu-esquisse-en","15":"first","16":"instock","17":"virtual","18":"product-type-simple"},"acf":[],"yoast_head":"<!-- This site is optimized with the Yoast SEO Premium plugin v27.0 (Yoast SEO v27.4) - https:\/\/yoast.com\/product\/yoast-seo-premium-wordpress\/ -->\n<title>Saint-Rapha\u00ebl - Catalogue Raisonn\u00e9 de Leonetto Cappiello<\/title>\n<meta name=\"description\" content=\"Two characters sitting on two stools are drinking a Saint-Rapha\u00eal. One is in white, the other in red. They recall the two possible colors for this aperitif. The theme of the &quot;Twins&quot; appeared at that time in Saint-Rapha\u00eal advertisements. In the variant for Pippermint Get the characters are in white and green.\" \/>\n<meta name=\"robots\" content=\"index, follow, max-snippet:-1, max-image-preview:large, max-video-preview:-1\" \/>\n<link rel=\"canonical\" href=\"https:\/\/cappiello.fr\/en\/produit\/saint-raphael\/\" \/>\n<meta property=\"og:locale\" content=\"en_US\" \/>\n<meta property=\"og:type\" content=\"article\" \/>\n<meta property=\"og:title\" content=\"Saint-Rapha\u00ebl\" \/>\n<meta property=\"og:description\" content=\"Two characters sitting on two stools are drinking a Saint-Rapha\u00eal. One is in white, the other in red. They recall the two possible colors for this aperitif. The theme of the &quot;Twins&quot; appeared at that time in Saint-Rapha\u00eal advertisements. In the variant for Pippermint Get the characters are in white and green.\" \/>\n<meta property=\"og:url\" content=\"https:\/\/cappiello.fr\/en\/produit\/saint-raphael\/\" \/>\n<meta property=\"og:site_name\" content=\"Catalogue raisonn\u00e9 de Leonetto Cappiello\" \/>\n<meta property=\"article:modified_time\" content=\"2025-07-16T16:14:21+00:00\" \/>\n<meta property=\"og:image\" content=\"https:\/\/cappiello.fr\/wp-content\/uploads\/2024\/10\/Esquisse-affiche-publicitaire-saint-raphael-cappiello-1932.jpg\" \/>\n\t<meta property=\"og:image:width\" content=\"638\" \/>\n\t<meta property=\"og:image:height\" content=\"800\" \/>\n\t<meta property=\"og:image:type\" content=\"image\/jpeg\" \/>\n<meta name=\"twitter:card\" content=\"summary_large_image\" \/>\n<meta name=\"twitter:title\" content=\"Saint-Rapha\u00ebl\" \/>\n<meta name=\"twitter:description\" content=\"Two characters sitting on two stools are drinking a Saint-Rapha\u00eal. One is in white, the other in red. They recall the two possible colors for this aperitif. The theme of the &quot;Twins&quot; appeared at that time in Saint-Rapha\u00eal advertisements. In the variant for Pippermint Get the characters are in white and green.\" \/>\n<meta name=\"twitter:label1\" content=\"Price\" \/>\n\t<meta name=\"twitter:data1\" content=\"\" \/>\n\t<meta name=\"twitter:label2\" content=\"Availability\" \/>\n\t<meta name=\"twitter:data2\" content=\"In stock\" \/>\n<script type=\"application\/ld+json\" class=\"yoast-schema-graph\">{\"@context\":\"https:\\\/\\\/schema.org\",\"@graph\":[{\"@type\":[\"WebPage\",\"ItemPage\"],\"@id\":\"https:\\\/\\\/cappiello.fr\\\/en\\\/produit\\\/saint-raphael\\\/\",\"url\":\"https:\\\/\\\/cappiello.fr\\\/en\\\/produit\\\/saint-raphael\\\/\",\"name\":\"Saint-Rapha\u00ebl - Catalogue Raisonn\u00e9 de Leonetto Cappiello\",\"isPartOf\":{\"@id\":\"https:\\\/\\\/cappiello.fr\\\/en\\\/#website\"},\"primaryImageOfPage\":{\"@id\":\"https:\\\/\\\/cappiello.fr\\\/en\\\/produit\\\/saint-raphael\\\/#primaryimage\"},\"image\":{\"@id\":\"https:\\\/\\\/cappiello.fr\\\/en\\\/produit\\\/saint-raphael\\\/#primaryimage\"},\"thumbnailUrl\":\"https:\\\/\\\/cappiello.fr\\\/wp-content\\\/uploads\\\/2024\\\/10\\\/Esquisse-affiche-publicitaire-saint-raphael-cappiello-1932.jpg\",\"datePublished\":\"1932-01-01T00:00:00+00:00\",\"dateModified\":\"2025-07-16T16:14:21+00:00\",\"description\":\"Two characters sitting on two stools are drinking a Saint-Rapha\u00eal. One is in white, the other in red. They recall the two possible colors for this aperitif. The theme of the \\\"Twins\\\" appeared at that time in Saint-Rapha\u00eal advertisements. In the variant for Pippermint Get the characters are in white and green.\",\"breadcrumb\":{\"@id\":\"https:\\\/\\\/cappiello.fr\\\/en\\\/produit\\\/saint-raphael\\\/#breadcrumb\"},\"inLanguage\":\"en-US\",\"potentialAction\":[{\"@type\":\"ReadAction\",\"target\":[\"https:\\\/\\\/cappiello.fr\\\/en\\\/produit\\\/saint-raphael\\\/\"]}]},{\"@type\":\"ImageObject\",\"inLanguage\":\"en-US\",\"@id\":\"https:\\\/\\\/cappiello.fr\\\/en\\\/produit\\\/saint-raphael\\\/#primaryimage\",\"url\":\"https:\\\/\\\/cappiello.fr\\\/wp-content\\\/uploads\\\/2024\\\/10\\\/Esquisse-affiche-publicitaire-saint-raphael-cappiello-1932.jpg\",\"contentUrl\":\"https:\\\/\\\/cappiello.fr\\\/wp-content\\\/uploads\\\/2024\\\/10\\\/Esquisse-affiche-publicitaire-saint-raphael-cappiello-1932.jpg\",\"width\":638,\"height\":800,\"caption\":\"either white mistelle or aromatic plants.\"},{\"@type\":\"BreadcrumbList\",\"@id\":\"https:\\\/\\\/cappiello.fr\\\/en\\\/produit\\\/saint-raphael\\\/#breadcrumb\",\"itemListElement\":[{\"@type\":\"ListItem\",\"position\":1,\"name\":\"Accueil\",\"item\":\"https:\\\/\\\/cappiello.fr\\\/en\\\/\"},{\"@type\":\"ListItem\",\"position\":2,\"name\":\"The works\",\"item\":\"https:\\\/\\\/cappiello.fr\\\/en\\\/the-works\\\/\"},{\"@type\":\"ListItem\",\"position\":3,\"name\":\"Saint-Rapha\u00ebl\"}]},{\"@type\":\"WebSite\",\"@id\":\"https:\\\/\\\/cappiello.fr\\\/en\\\/#website\",\"url\":\"https:\\\/\\\/cappiello.fr\\\/en\\\/\",\"name\":\"Catalogue raisonn\u00e9 de Leonetto Cappiello\",\"description\":\"Plongez dans l&#039;univers de Leonetto Cappiello, le p\u00e8re de la publicit\u00e9 moderne\",\"potentialAction\":[{\"@type\":\"SearchAction\",\"target\":{\"@type\":\"EntryPoint\",\"urlTemplate\":\"https:\\\/\\\/cappiello.fr\\\/en\\\/?s={search_term_string}\"},\"query-input\":{\"@type\":\"PropertyValueSpecification\",\"valueRequired\":true,\"valueName\":\"search_term_string\"}}],\"inLanguage\":\"en-US\"}]}<\/script>\n<meta property=\"product:price:currency\" content=\"EUR\" \/>\n<meta property=\"og:availability\" content=\"instock\" \/>\n<meta property=\"product:availability\" content=\"instock\" \/>\n<meta property=\"product:retailer_item_id\" content=\"1932005E0\" \/>\n<meta property=\"product:condition\" content=\"new\" \/>\n<!-- \/ Yoast SEO Premium plugin. -->","yoast_head_json":{"title":"Saint-Rapha\u00ebl - Catalogue Raisonn\u00e9 de Leonetto Cappiello","description":"Two characters sitting on two stools are drinking a Saint-Rapha\u00eal. One is in white, the other in red. They recall the two possible colors for this aperitif. The theme of the \"Twins\" appeared at that time in Saint-Rapha\u00eal advertisements. In the variant for Pippermint Get the characters are in white and green.","robots":{"index":"index","follow":"follow","max-snippet":"max-snippet:-1","max-image-preview":"max-image-preview:large","max-video-preview":"max-video-preview:-1"},"canonical":"https:\/\/cappiello.fr\/en\/produit\/saint-raphael\/","og_locale":"en_US","og_type":"article","og_title":"Saint-Rapha\u00ebl","og_description":"Two characters sitting on two stools are drinking a Saint-Rapha\u00eal. One is in white, the other in red. They recall the two possible colors for this aperitif. The theme of the \"Twins\" appeared at that time in Saint-Rapha\u00eal advertisements. In the variant for Pippermint Get the characters are in white and green.","og_url":"https:\/\/cappiello.fr\/en\/produit\/saint-raphael\/","og_site_name":"Catalogue raisonn\u00e9 de Leonetto Cappiello","article_modified_time":"2025-07-16T16:14:21+00:00","og_image":[{"width":638,"height":800,"url":"https:\/\/cappiello.fr\/wp-content\/uploads\/2024\/10\/Esquisse-affiche-publicitaire-saint-raphael-cappiello-1932.jpg","type":"image\/jpeg"}],"twitter_card":"summary_large_image","twitter_title":"Saint-Rapha\u00ebl","twitter_description":"Two characters sitting on two stools are drinking a Saint-Rapha\u00eal. One is in white, the other in red. They recall the two possible colors for this aperitif. The theme of the \"Twins\" appeared at that time in Saint-Rapha\u00eal advertisements. In the variant for Pippermint Get the characters are in white and green.","twitter_misc":{"Price":"","Availability":"In stock"},"schema":{"@context":"https:\/\/schema.org","@graph":[{"@type":["WebPage","ItemPage"],"@id":"https:\/\/cappiello.fr\/en\/produit\/saint-raphael\/","url":"https:\/\/cappiello.fr\/en\/produit\/saint-raphael\/","name":"Saint-Rapha\u00ebl - Catalogue Raisonn\u00e9 de Leonetto Cappiello","isPartOf":{"@id":"https:\/\/cappiello.fr\/en\/#website"},"primaryImageOfPage":{"@id":"https:\/\/cappiello.fr\/en\/produit\/saint-raphael\/#primaryimage"},"image":{"@id":"https:\/\/cappiello.fr\/en\/produit\/saint-raphael\/#primaryimage"},"thumbnailUrl":"https:\/\/cappiello.fr\/wp-content\/uploads\/2024\/10\/Esquisse-affiche-publicitaire-saint-raphael-cappiello-1932.jpg","datePublished":"1932-01-01T00:00:00+00:00","dateModified":"2025-07-16T16:14:21+00:00","description":"Two characters sitting on two stools are drinking a Saint-Rapha\u00eal. One is in white, the other in red. They recall the two possible colors for this aperitif. The theme of the \"Twins\" appeared at that time in Saint-Rapha\u00eal advertisements. In the variant for Pippermint Get the characters are in white and green.","breadcrumb":{"@id":"https:\/\/cappiello.fr\/en\/produit\/saint-raphael\/#breadcrumb"},"inLanguage":"en-US","potentialAction":[{"@type":"ReadAction","target":["https:\/\/cappiello.fr\/en\/produit\/saint-raphael\/"]}]},{"@type":"ImageObject","inLanguage":"en-US","@id":"https:\/\/cappiello.fr\/en\/produit\/saint-raphael\/#primaryimage","url":"https:\/\/cappiello.fr\/wp-content\/uploads\/2024\/10\/Esquisse-affiche-publicitaire-saint-raphael-cappiello-1932.jpg","contentUrl":"https:\/\/cappiello.fr\/wp-content\/uploads\/2024\/10\/Esquisse-affiche-publicitaire-saint-raphael-cappiello-1932.jpg","width":638,"height":800,"caption":"either white mistelle or aromatic plants."},{"@type":"BreadcrumbList","@id":"https:\/\/cappiello.fr\/en\/produit\/saint-raphael\/#breadcrumb","itemListElement":[{"@type":"ListItem","position":1,"name":"Accueil","item":"https:\/\/cappiello.fr\/en\/"},{"@type":"ListItem","position":2,"name":"The works","item":"https:\/\/cappiello.fr\/en\/the-works\/"},{"@type":"ListItem","position":3,"name":"Saint-Rapha\u00ebl"}]},{"@type":"WebSite","@id":"https:\/\/cappiello.fr\/en\/#website","url":"https:\/\/cappiello.fr\/en\/","name":"Catalogue raisonn\u00e9 de Leonetto Cappiello","description":"Plongez dans l&#039;univers de Leonetto Cappiello, le p\u00e8re de la publicit\u00e9 moderne","potentialAction":[{"@type":"SearchAction","target":{"@type":"EntryPoint","urlTemplate":"https:\/\/cappiello.fr\/en\/?s={search_term_string}"},"query-input":{"@type":"PropertyValueSpecification","valueRequired":true,"valueName":"search_term_string"}}],"inLanguage":"en-US"}]},"product_price_currency":"EUR","og_availability":"instock","product_availability":"instock","product_retailer_item_id":"1932005E0","product_condition":"new"},"_links":{"self":[{"href":"https:\/\/cappiello.fr\/en\/wp-json\/wp\/v2\/product\/131797","targetHints":{"allow":["GET"]}}],"collection":[{"href":"https:\/\/cappiello.fr\/en\/wp-json\/wp\/v2\/product"}],"about":[{"href":"https:\/\/cappiello.fr\/en\/wp-json\/wp\/v2\/types\/product"}],"wp:featuredmedia":[{"embeddable":true,"href":"https:\/\/cappiello.fr\/en\/wp-json\/wp\/v2\/media\/131798"}],"wp:attachment":[{"href":"https:\/\/cappiello.fr\/en\/wp-json\/wp\/v2\/media?parent=131797"}],"wp:term":[{"taxonomy":"type-doeuvre","embeddable":true,"href":"https:\/\/cappiello.fr\/en\/wp-json\/wp\/v2\/type-doeuvre?post=131797"},{"taxonomy":"product_brand","embeddable":true,"href":"https:\/\/cappiello.fr\/en\/wp-json\/wp\/v2\/product_brand?post=131797"},{"taxonomy":"product_cat","embeddable":true,"href":"https:\/\/cappiello.fr\/en\/wp-json\/wp\/v2\/product_cat?post=131797"},{"taxonomy":"product_tag","embeddable":true,"href":"https:\/\/cappiello.fr\/en\/wp-json\/wp\/v2\/product_tag?post=131797"}],"curies":[{"name":"wp","href":"https:\/\/api.w.org\/{rel}","templated":true}]}}