{"id":131836,"date":"1932-01-01T00:00:00","date_gmt":"1932-01-01T00:00:00","guid":{"rendered":"https:\/\/cappiello.fr\/produit\/bally-lyon\/"},"modified":"2025-07-16T14:06:19","modified_gmt":"2025-07-16T12:06:19","slug":"bally-lyon","status":"publish","type":"product","link":"https:\/\/cappiello.fr\/en\/produit\/bally-lyon\/","title":{"rendered":"Bally Lyon"},"content":{"rendered":"<p>Two hands highlight, on one side a man&#8217;s shoe, on the other a woman&#8217;s shoe.<\/p>\n<p><Br>&#8220;Who hasn&#8217;t loved, more recently, the poem of beautiful feminine hands, modeled with such aristocratic love and holding the shoe with such grace, that one felt like asking the invisible yet dazzling saleswoman, not only for the Bally pump, but&#8230;her hand. The great difficulty lies in making the presentation of a strictly utilitarian object aesthetic. As uninspiring as a mustard bottle or a margarine packet may be, it is nonetheless from them that one must start. Here, the artist&#8217;s gift comes into play. Two paths are open to them. First, an almost &#8216;literal&#8217; approach where, through close-up, the letter and the product are presented with striking relief. Even for Bally shoes, where two shoes take center stage, Cappiello cannot confine himself to such a strict interpretation. With subtle imagination, he doesn&#8217;t even add feet to the shoes; but, with unmatched elegance, he places his shoe on a silk palm and has his pump held by fingers worthy of handling works of art.&#8221; [in Leonetto Cappiello or the living arabesque. Gu\u00e9guen. AMG, no. 39, 1934]<\/p>\n","protected":false},"excerpt":{"rendered":"<p>Shoe<\/p>\n","protected":false},"featured_media":131837,"template":"","meta":{"_acf_changed":false},"type-doeuvre":[4057],"product_brand":[],"product_cat":[3488],"product_tag":[3330,3278],"class_list":{"0":"post-131836","1":"product","2":"type-product","3":"status-publish","4":"has-post-thumbnail","6":"type-doeuvre-affiches","7":"product_cat-shoes-leather-goods","8":"product_tag-smile","9":"product_tag-turban-en","10":"pa_periode-1930-1940-en","11":"pa_type-de-contenu-lithography","13":"first","14":"instock","15":"virtual","16":"product-type-simple"},"acf":[],"yoast_head":"<!-- This site is optimized with the Yoast SEO Premium plugin v27.0 (Yoast SEO v27.4) - https:\/\/yoast.com\/product\/yoast-seo-premium-wordpress\/ -->\n<title>Bally Lyon - Catalogue Raisonn\u00e9 de Leonetto Cappiello<\/title>\n<meta name=\"description\" content=\"Two hands highlight, on one side a man&#039;s shoe, on the other a woman&#039;s shoe. &quot;Who hasn&#039;t loved, more recently, the poem of beautiful feminine hands, modeled with such aristocratic love and holding the shoe with such grace, that one felt tempted to ask the invisible yet dazzling saleswoman not only for the Bally pump but...her hand. The great challenge is to make the presentation of a strictly utilitarian object aesthetic. As uninspiring as a mustard bottle or a margarine packet may be, it is from these that one must start. Here, the artist&#039;s gift comes into play. Two paths are open to them. First, an almost &#039;literal&#039; approach where, using close-up, the letter and the product are presented with striking relief. Even for Bally shoes, where two shoes take center stage, Cappiello cannot confine himself to such a strict interpretation. With subtle imagination, he doesn&#039;t even add feet to the shoes; but, with unmatched elegance, he places his shoe on a silk palm and has his pump held by fingers worthy of handling works of art.&quot; [in Leonetto Cappiello or the living arabesque. Gu\u00e9guen. AMG, no. 39, 1934]\" \/>\n<meta name=\"robots\" content=\"index, follow, max-snippet:-1, max-image-preview:large, max-video-preview:-1\" \/>\n<link rel=\"canonical\" href=\"https:\/\/cappiello.fr\/en\/produit\/bally-lyon\/\" \/>\n<meta property=\"og:locale\" content=\"en_US\" \/>\n<meta property=\"og:type\" content=\"article\" \/>\n<meta property=\"og:title\" content=\"Bally Lyon\" \/>\n<meta property=\"og:description\" content=\"Two hands highlight, on one side a man&#039;s shoe, on the other a woman&#039;s shoe. &quot;Who hasn&#039;t loved, more recently, the poem of beautiful feminine hands, modeled with such aristocratic love and holding the shoe with such grace, that one felt tempted to ask the invisible yet dazzling saleswoman not only for the Bally pump but...her hand. The great challenge is to make the presentation of a strictly utilitarian object aesthetic. As uninspiring as a mustard bottle or a margarine packet may be, it is from these that one must start. Here, the artist&#039;s gift comes into play. Two paths are open to them. First, an almost &#039;literal&#039; approach where, using close-up, the letter and the product are presented with striking relief. Even for Bally shoes, where two shoes take center stage, Cappiello cannot confine himself to such a strict interpretation. With subtle imagination, he doesn&#039;t even add feet to the shoes; but, with unmatched elegance, he places his shoe on a silk palm and has his pump held by fingers worthy of handling works of art.&quot; [in Leonetto Cappiello or the living arabesque. Gu\u00e9guen. AMG, no. 39, 1934]\" \/>\n<meta property=\"og:url\" content=\"https:\/\/cappiello.fr\/en\/produit\/bally-lyon\/\" \/>\n<meta property=\"og:site_name\" content=\"Catalogue raisonn\u00e9 de Leonetto Cappiello\" \/>\n<meta property=\"article:modified_time\" content=\"2025-07-16T12:06:19+00:00\" \/>\n<meta property=\"og:image\" content=\"https:\/\/cappiello.fr\/wp-content\/uploads\/2024\/10\/Lithographie-affiche-publicitaire-bally-lyon-2-cappiello-1933.jpg\" \/>\n\t<meta property=\"og:image:width\" content=\"577\" \/>\n\t<meta property=\"og:image:height\" content=\"800\" \/>\n\t<meta property=\"og:image:type\" content=\"image\/jpeg\" \/>\n<meta name=\"twitter:card\" content=\"summary_large_image\" \/>\n<meta name=\"twitter:title\" content=\"Bally Lyon\" \/>\n<meta name=\"twitter:description\" content=\"Two hands highlight, on one side a man&#039;s shoe, on the other a woman&#039;s shoe. &quot;Who hasn&#039;t loved, more recently, the poem of beautiful feminine hands, modeled with such aristocratic love and holding the shoe with such grace, that one felt tempted to ask the invisible yet dazzling saleswoman not only for the Bally pump but...her hand. The great challenge is to make the presentation of a strictly utilitarian object aesthetic. As uninspiring as a mustard bottle or a margarine packet may be, it is from these that one must start. Here, the artist&#039;s gift comes into play. Two paths are open to them. First, an almost &#039;literal&#039; approach where, using close-up, the letter and the product are presented with striking relief. Even for Bally shoes, where two shoes take center stage, Cappiello cannot confine himself to such a strict interpretation. With subtle imagination, he doesn&#039;t even add feet to the shoes; but, with unmatched elegance, he places his shoe on a silk palm and has his pump held by fingers worthy of handling works of art.&quot; [in Leonetto Cappiello or the living arabesque. Gu\u00e9guen. AMG, no. 39, 1934]\" \/>\n<meta name=\"twitter:label1\" content=\"Price\" \/>\n\t<meta name=\"twitter:data1\" content=\"\" \/>\n\t<meta name=\"twitter:label2\" content=\"Availability\" \/>\n\t<meta name=\"twitter:data2\" content=\"In stock\" \/>\n<script type=\"application\/ld+json\" class=\"yoast-schema-graph\">{\"@context\":\"https:\\\/\\\/schema.org\",\"@graph\":[{\"@type\":[\"WebPage\",\"ItemPage\"],\"@id\":\"https:\\\/\\\/cappiello.fr\\\/en\\\/produit\\\/bally-lyon\\\/\",\"url\":\"https:\\\/\\\/cappiello.fr\\\/en\\\/produit\\\/bally-lyon\\\/\",\"name\":\"Bally Lyon - Catalogue Raisonn\u00e9 de Leonetto Cappiello\",\"isPartOf\":{\"@id\":\"https:\\\/\\\/cappiello.fr\\\/en\\\/#website\"},\"primaryImageOfPage\":{\"@id\":\"https:\\\/\\\/cappiello.fr\\\/en\\\/produit\\\/bally-lyon\\\/#primaryimage\"},\"image\":{\"@id\":\"https:\\\/\\\/cappiello.fr\\\/en\\\/produit\\\/bally-lyon\\\/#primaryimage\"},\"thumbnailUrl\":\"https:\\\/\\\/cappiello.fr\\\/wp-content\\\/uploads\\\/2024\\\/10\\\/Lithographie-affiche-publicitaire-bally-lyon-2-cappiello-1933.jpg\",\"datePublished\":\"1932-01-01T00:00:00+00:00\",\"dateModified\":\"2025-07-16T12:06:19+00:00\",\"description\":\"Two hands highlight, on one side a man's shoe, on the other a woman's shoe. \\\"Who hasn't loved, more recently, the poem of beautiful feminine hands, modeled with such aristocratic love and holding the shoe with such grace, that one felt tempted to ask the invisible yet dazzling saleswoman not only for the Bally pump but...her hand. The great challenge is to make the presentation of a strictly utilitarian object aesthetic. As uninspiring as a mustard bottle or a margarine packet may be, it is from these that one must start. Here, the artist's gift comes into play. Two paths are open to them. First, an almost 'literal' approach where, using close-up, the letter and the product are presented with striking relief. Even for Bally shoes, where two shoes take center stage, Cappiello cannot confine himself to such a strict interpretation. With subtle imagination, he doesn't even add feet to the shoes; but, with unmatched elegance, he places his shoe on a silk palm and has his pump held by fingers worthy of handling works of art.\\\" [in Leonetto Cappiello or the living arabesque. Gu\u00e9guen. AMG, no. 39, 1934]\",\"breadcrumb\":{\"@id\":\"https:\\\/\\\/cappiello.fr\\\/en\\\/produit\\\/bally-lyon\\\/#breadcrumb\"},\"inLanguage\":\"en-US\",\"potentialAction\":[{\"@type\":\"ReadAction\",\"target\":[\"https:\\\/\\\/cappiello.fr\\\/en\\\/produit\\\/bally-lyon\\\/\"]}]},{\"@type\":\"ImageObject\",\"inLanguage\":\"en-US\",\"@id\":\"https:\\\/\\\/cappiello.fr\\\/en\\\/produit\\\/bally-lyon\\\/#primaryimage\",\"url\":\"https:\\\/\\\/cappiello.fr\\\/wp-content\\\/uploads\\\/2024\\\/10\\\/Lithographie-affiche-publicitaire-bally-lyon-2-cappiello-1933.jpg\",\"contentUrl\":\"https:\\\/\\\/cappiello.fr\\\/wp-content\\\/uploads\\\/2024\\\/10\\\/Lithographie-affiche-publicitaire-bally-lyon-2-cappiello-1933.jpg\",\"width\":577,\"height\":800,\"caption\":\"Shoes\"},{\"@type\":\"BreadcrumbList\",\"@id\":\"https:\\\/\\\/cappiello.fr\\\/en\\\/produit\\\/bally-lyon\\\/#breadcrumb\",\"itemListElement\":[{\"@type\":\"ListItem\",\"position\":1,\"name\":\"Accueil\",\"item\":\"https:\\\/\\\/cappiello.fr\\\/en\\\/\"},{\"@type\":\"ListItem\",\"position\":2,\"name\":\"The works\",\"item\":\"https:\\\/\\\/cappiello.fr\\\/en\\\/the-works\\\/\"},{\"@type\":\"ListItem\",\"position\":3,\"name\":\"Bally Lyon\"}]},{\"@type\":\"WebSite\",\"@id\":\"https:\\\/\\\/cappiello.fr\\\/en\\\/#website\",\"url\":\"https:\\\/\\\/cappiello.fr\\\/en\\\/\",\"name\":\"Catalogue raisonn\u00e9 de Leonetto Cappiello\",\"description\":\"Plongez dans l&#039;univers de Leonetto Cappiello, le p\u00e8re de la publicit\u00e9 moderne\",\"potentialAction\":[{\"@type\":\"SearchAction\",\"target\":{\"@type\":\"EntryPoint\",\"urlTemplate\":\"https:\\\/\\\/cappiello.fr\\\/en\\\/?s={search_term_string}\"},\"query-input\":{\"@type\":\"PropertyValueSpecification\",\"valueRequired\":true,\"valueName\":\"search_term_string\"}}],\"inLanguage\":\"en-US\"}]}<\/script>\n<meta property=\"product:price:currency\" content=\"EUR\" \/>\n<meta property=\"og:availability\" content=\"instock\" \/>\n<meta property=\"product:availability\" content=\"instock\" \/>\n<meta property=\"product:retailer_item_id\" content=\"1932038Z0, 1932038Z1, 1932038Z2 et 1932038Z3\" \/>\n<meta property=\"product:condition\" content=\"new\" \/>\n<!-- \/ Yoast SEO Premium plugin. -->","yoast_head_json":{"title":"Bally Lyon - Catalogue Raisonn\u00e9 de Leonetto Cappiello","description":"Two hands highlight, on one side a man's shoe, on the other a woman's shoe. \"Who hasn't loved, more recently, the poem of beautiful feminine hands, modeled with such aristocratic love and holding the shoe with such grace, that one felt tempted to ask the invisible yet dazzling saleswoman not only for the Bally pump but...her hand. The great challenge is to make the presentation of a strictly utilitarian object aesthetic. As uninspiring as a mustard bottle or a margarine packet may be, it is from these that one must start. Here, the artist's gift comes into play. Two paths are open to them. First, an almost 'literal' approach where, using close-up, the letter and the product are presented with striking relief. Even for Bally shoes, where two shoes take center stage, Cappiello cannot confine himself to such a strict interpretation. With subtle imagination, he doesn't even add feet to the shoes; but, with unmatched elegance, he places his shoe on a silk palm and has his pump held by fingers worthy of handling works of art.\" [in Leonetto Cappiello or the living arabesque. Gu\u00e9guen. AMG, no. 39, 1934]","robots":{"index":"index","follow":"follow","max-snippet":"max-snippet:-1","max-image-preview":"max-image-preview:large","max-video-preview":"max-video-preview:-1"},"canonical":"https:\/\/cappiello.fr\/en\/produit\/bally-lyon\/","og_locale":"en_US","og_type":"article","og_title":"Bally Lyon","og_description":"Two hands highlight, on one side a man's shoe, on the other a woman's shoe. \"Who hasn't loved, more recently, the poem of beautiful feminine hands, modeled with such aristocratic love and holding the shoe with such grace, that one felt tempted to ask the invisible yet dazzling saleswoman not only for the Bally pump but...her hand. The great challenge is to make the presentation of a strictly utilitarian object aesthetic. As uninspiring as a mustard bottle or a margarine packet may be, it is from these that one must start. Here, the artist's gift comes into play. Two paths are open to them. First, an almost 'literal' approach where, using close-up, the letter and the product are presented with striking relief. Even for Bally shoes, where two shoes take center stage, Cappiello cannot confine himself to such a strict interpretation. With subtle imagination, he doesn't even add feet to the shoes; but, with unmatched elegance, he places his shoe on a silk palm and has his pump held by fingers worthy of handling works of art.\" [in Leonetto Cappiello or the living arabesque. Gu\u00e9guen. AMG, no. 39, 1934]","og_url":"https:\/\/cappiello.fr\/en\/produit\/bally-lyon\/","og_site_name":"Catalogue raisonn\u00e9 de Leonetto Cappiello","article_modified_time":"2025-07-16T12:06:19+00:00","og_image":[{"width":577,"height":800,"url":"https:\/\/cappiello.fr\/wp-content\/uploads\/2024\/10\/Lithographie-affiche-publicitaire-bally-lyon-2-cappiello-1933.jpg","type":"image\/jpeg"}],"twitter_card":"summary_large_image","twitter_title":"Bally Lyon","twitter_description":"Two hands highlight, on one side a man's shoe, on the other a woman's shoe. \"Who hasn't loved, more recently, the poem of beautiful feminine hands, modeled with such aristocratic love and holding the shoe with such grace, that one felt tempted to ask the invisible yet dazzling saleswoman not only for the Bally pump but...her hand. The great challenge is to make the presentation of a strictly utilitarian object aesthetic. As uninspiring as a mustard bottle or a margarine packet may be, it is from these that one must start. Here, the artist's gift comes into play. Two paths are open to them. First, an almost 'literal' approach where, using close-up, the letter and the product are presented with striking relief. Even for Bally shoes, where two shoes take center stage, Cappiello cannot confine himself to such a strict interpretation. With subtle imagination, he doesn't even add feet to the shoes; but, with unmatched elegance, he places his shoe on a silk palm and has his pump held by fingers worthy of handling works of art.\" [in Leonetto Cappiello or the living arabesque. Gu\u00e9guen. AMG, no. 39, 1934]","twitter_misc":{"Price":"","Availability":"In stock"},"schema":{"@context":"https:\/\/schema.org","@graph":[{"@type":["WebPage","ItemPage"],"@id":"https:\/\/cappiello.fr\/en\/produit\/bally-lyon\/","url":"https:\/\/cappiello.fr\/en\/produit\/bally-lyon\/","name":"Bally Lyon - Catalogue Raisonn\u00e9 de Leonetto Cappiello","isPartOf":{"@id":"https:\/\/cappiello.fr\/en\/#website"},"primaryImageOfPage":{"@id":"https:\/\/cappiello.fr\/en\/produit\/bally-lyon\/#primaryimage"},"image":{"@id":"https:\/\/cappiello.fr\/en\/produit\/bally-lyon\/#primaryimage"},"thumbnailUrl":"https:\/\/cappiello.fr\/wp-content\/uploads\/2024\/10\/Lithographie-affiche-publicitaire-bally-lyon-2-cappiello-1933.jpg","datePublished":"1932-01-01T00:00:00+00:00","dateModified":"2025-07-16T12:06:19+00:00","description":"Two hands highlight, on one side a man's shoe, on the other a woman's shoe. \"Who hasn't loved, more recently, the poem of beautiful feminine hands, modeled with such aristocratic love and holding the shoe with such grace, that one felt tempted to ask the invisible yet dazzling saleswoman not only for the Bally pump but...her hand. The great challenge is to make the presentation of a strictly utilitarian object aesthetic. As uninspiring as a mustard bottle or a margarine packet may be, it is from these that one must start. Here, the artist's gift comes into play. Two paths are open to them. First, an almost 'literal' approach where, using close-up, the letter and the product are presented with striking relief. Even for Bally shoes, where two shoes take center stage, Cappiello cannot confine himself to such a strict interpretation. With subtle imagination, he doesn't even add feet to the shoes; but, with unmatched elegance, he places his shoe on a silk palm and has his pump held by fingers worthy of handling works of art.\" [in Leonetto Cappiello or the living arabesque. Gu\u00e9guen. AMG, no. 39, 1934]","breadcrumb":{"@id":"https:\/\/cappiello.fr\/en\/produit\/bally-lyon\/#breadcrumb"},"inLanguage":"en-US","potentialAction":[{"@type":"ReadAction","target":["https:\/\/cappiello.fr\/en\/produit\/bally-lyon\/"]}]},{"@type":"ImageObject","inLanguage":"en-US","@id":"https:\/\/cappiello.fr\/en\/produit\/bally-lyon\/#primaryimage","url":"https:\/\/cappiello.fr\/wp-content\/uploads\/2024\/10\/Lithographie-affiche-publicitaire-bally-lyon-2-cappiello-1933.jpg","contentUrl":"https:\/\/cappiello.fr\/wp-content\/uploads\/2024\/10\/Lithographie-affiche-publicitaire-bally-lyon-2-cappiello-1933.jpg","width":577,"height":800,"caption":"Shoes"},{"@type":"BreadcrumbList","@id":"https:\/\/cappiello.fr\/en\/produit\/bally-lyon\/#breadcrumb","itemListElement":[{"@type":"ListItem","position":1,"name":"Accueil","item":"https:\/\/cappiello.fr\/en\/"},{"@type":"ListItem","position":2,"name":"The works","item":"https:\/\/cappiello.fr\/en\/the-works\/"},{"@type":"ListItem","position":3,"name":"Bally Lyon"}]},{"@type":"WebSite","@id":"https:\/\/cappiello.fr\/en\/#website","url":"https:\/\/cappiello.fr\/en\/","name":"Catalogue raisonn\u00e9 de Leonetto Cappiello","description":"Plongez dans l&#039;univers de Leonetto Cappiello, le p\u00e8re de la publicit\u00e9 moderne","potentialAction":[{"@type":"SearchAction","target":{"@type":"EntryPoint","urlTemplate":"https:\/\/cappiello.fr\/en\/?s={search_term_string}"},"query-input":{"@type":"PropertyValueSpecification","valueRequired":true,"valueName":"search_term_string"}}],"inLanguage":"en-US"}]},"product_price_currency":"EUR","og_availability":"instock","product_availability":"instock","product_retailer_item_id":"1932038Z0, 1932038Z1, 1932038Z2 et 1932038Z3","product_condition":"new"},"_links":{"self":[{"href":"https:\/\/cappiello.fr\/en\/wp-json\/wp\/v2\/product\/131836","targetHints":{"allow":["GET"]}}],"collection":[{"href":"https:\/\/cappiello.fr\/en\/wp-json\/wp\/v2\/product"}],"about":[{"href":"https:\/\/cappiello.fr\/en\/wp-json\/wp\/v2\/types\/product"}],"wp:featuredmedia":[{"embeddable":true,"href":"https:\/\/cappiello.fr\/en\/wp-json\/wp\/v2\/media\/131837"}],"wp:attachment":[{"href":"https:\/\/cappiello.fr\/en\/wp-json\/wp\/v2\/media?parent=131836"}],"wp:term":[{"taxonomy":"type-doeuvre","embeddable":true,"href":"https:\/\/cappiello.fr\/en\/wp-json\/wp\/v2\/type-doeuvre?post=131836"},{"taxonomy":"product_brand","embeddable":true,"href":"https:\/\/cappiello.fr\/en\/wp-json\/wp\/v2\/product_brand?post=131836"},{"taxonomy":"product_cat","embeddable":true,"href":"https:\/\/cappiello.fr\/en\/wp-json\/wp\/v2\/product_cat?post=131836"},{"taxonomy":"product_tag","embeddable":true,"href":"https:\/\/cappiello.fr\/en\/wp-json\/wp\/v2\/product_tag?post=131836"}],"curies":[{"name":"wp","href":"https:\/\/api.w.org\/{rel}","templated":true}]}}