{"id":131864,"date":"1901-01-01T00:00:00","date_gmt":"1900-12-31T23:50:39","guid":{"rendered":"https:\/\/cappiello.fr\/produit\/charbon-chimique-rubaudo\/"},"modified":"2025-05-15T00:02:13","modified_gmt":"2025-05-14T22:02:13","slug":"charbon-chimique-rubaudo","status":"publish","type":"product","link":"https:\/\/cappiello.fr\/en\/produit\/charbon-chimique-rubaudo\/","title":{"rendered":"Charbon Chimique Rubaudo"},"content":{"rendered":"<p>A woman lights a Rubaudo briquette presented to her by her maid on a tray,<\/p>\n","protected":false},"excerpt":{"rendered":"<p>Combustible briquettes to be placed in a stove or fireplace<\/p>\n","protected":false},"featured_media":134475,"template":"","meta":{"_acf_changed":false},"type-doeuvre":[4057],"product_brand":[],"product_cat":[3283],"product_tag":[3370,3382,3265,3316,3528,3311],"class_list":{"0":"post-131864","1":"product","2":"type-product","3":"status-publish","4":"has-post-thumbnail","6":"type-doeuvre-affiches","7":"product_cat-combustibles","8":"product_tag-packet","9":"product_tag-face-en-3","10":"product_tag-face-en","11":"product_tag-woman","12":"product_tag-rug-en","13":"product_tag-society-woman","14":"pa_periode-1900-1918-en","15":"pa_type-de-contenu-lithography","17":"first","18":"instock","19":"virtual","20":"product-type-simple"},"acf":[],"yoast_head":"<!-- This site is optimized with the Yoast SEO Premium plugin v27.0 (Yoast SEO v27.4) - https:\/\/yoast.com\/product\/yoast-seo-premium-wordpress\/ -->\n<title>Charbon Chimique Rubaudo - Catalogue Raisonn\u00e9 de Leonetto Cappiello<\/title>\n<meta name=\"description\" content=\"A woman lights a Rubaudo briquette presented to her by her maid on a tray,\" \/>\n<meta name=\"robots\" content=\"index, follow, max-snippet:-1, max-image-preview:large, max-video-preview:-1\" \/>\n<link rel=\"canonical\" href=\"https:\/\/cappiello.fr\/en\/produit\/charbon-chimique-rubaudo\/\" \/>\n<meta property=\"og:locale\" content=\"en_US\" \/>\n<meta property=\"og:type\" content=\"article\" \/>\n<meta property=\"og:title\" content=\"Charbon Chimique Rubaudo\" \/>\n<meta property=\"og:description\" content=\"A woman lights a Rubaudo briquette presented to her by her maid on a tray,\" \/>\n<meta property=\"og:url\" content=\"https:\/\/cappiello.fr\/en\/produit\/charbon-chimique-rubaudo\/\" \/>\n<meta property=\"og:site_name\" content=\"Catalogue raisonn\u00e9 de Leonetto Cappiello\" \/>\n<meta property=\"article:modified_time\" content=\"2025-05-14T22:02:13+00:00\" \/>\n<meta property=\"og:image\" content=\"https:\/\/cappiello.fr\/wp-content\/uploads\/2024\/10\/Lithographie-affiche-publicitaire-charbon-chimique-rubaudo-cappiello-1901.jpg\" \/>\n\t<meta property=\"og:image:width\" content=\"601\" \/>\n\t<meta property=\"og:image:height\" content=\"800\" \/>\n\t<meta property=\"og:image:type\" content=\"image\/jpeg\" \/>\n<meta name=\"twitter:card\" content=\"summary_large_image\" \/>\n<meta name=\"twitter:title\" content=\"Charbon Chimique Rubaudo\" \/>\n<meta name=\"twitter:description\" content=\"A woman lights a Rubaudo briquette presented to her by her maid on a tray,\" \/>\n<meta name=\"twitter:label1\" content=\"Price\" \/>\n\t<meta name=\"twitter:data1\" content=\"\" \/>\n\t<meta name=\"twitter:label2\" content=\"Availability\" \/>\n\t<meta name=\"twitter:data2\" content=\"In stock\" \/>\n<script type=\"application\/ld+json\" class=\"yoast-schema-graph\">{\"@context\":\"https:\\\/\\\/schema.org\",\"@graph\":[{\"@type\":[\"WebPage\",\"ItemPage\"],\"@id\":\"https:\\\/\\\/cappiello.fr\\\/en\\\/produit\\\/charbon-chimique-rubaudo\\\/\",\"url\":\"https:\\\/\\\/cappiello.fr\\\/en\\\/produit\\\/charbon-chimique-rubaudo\\\/\",\"name\":\"Charbon Chimique Rubaudo - Catalogue Raisonn\u00e9 de Leonetto Cappiello\",\"isPartOf\":{\"@id\":\"https:\\\/\\\/cappiello.fr\\\/en\\\/#website\"},\"primaryImageOfPage\":{\"@id\":\"https:\\\/\\\/cappiello.fr\\\/en\\\/produit\\\/charbon-chimique-rubaudo\\\/#primaryimage\"},\"image\":{\"@id\":\"https:\\\/\\\/cappiello.fr\\\/en\\\/produit\\\/charbon-chimique-rubaudo\\\/#primaryimage\"},\"thumbnailUrl\":\"https:\\\/\\\/cappiello.fr\\\/wp-content\\\/uploads\\\/2024\\\/10\\\/Lithographie-affiche-publicitaire-charbon-chimique-rubaudo-cappiello-1901.jpg\",\"datePublished\":\"1900-12-31T23:50:39+00:00\",\"dateModified\":\"2025-05-14T22:02:13+00:00\",\"description\":\"A woman lights a Rubaudo briquette presented to her by her maid on a tray,\",\"breadcrumb\":{\"@id\":\"https:\\\/\\\/cappiello.fr\\\/en\\\/produit\\\/charbon-chimique-rubaudo\\\/#breadcrumb\"},\"inLanguage\":\"en-US\",\"potentialAction\":[{\"@type\":\"ReadAction\",\"target\":[\"https:\\\/\\\/cappiello.fr\\\/en\\\/produit\\\/charbon-chimique-rubaudo\\\/\"]}]},{\"@type\":\"ImageObject\",\"inLanguage\":\"en-US\",\"@id\":\"https:\\\/\\\/cappiello.fr\\\/en\\\/produit\\\/charbon-chimique-rubaudo\\\/#primaryimage\",\"url\":\"https:\\\/\\\/cappiello.fr\\\/wp-content\\\/uploads\\\/2024\\\/10\\\/Lithographie-affiche-publicitaire-charbon-chimique-rubaudo-cappiello-1901.jpg\",\"contentUrl\":\"https:\\\/\\\/cappiello.fr\\\/wp-content\\\/uploads\\\/2024\\\/10\\\/Lithographie-affiche-publicitaire-charbon-chimique-rubaudo-cappiello-1901.jpg\",\"width\":601,\"height\":800,\"caption\":\"Briquettes combustibles \u00e0 mettre dans un po\u00eale ou une chemin\u00e9e\"},{\"@type\":\"BreadcrumbList\",\"@id\":\"https:\\\/\\\/cappiello.fr\\\/en\\\/produit\\\/charbon-chimique-rubaudo\\\/#breadcrumb\",\"itemListElement\":[{\"@type\":\"ListItem\",\"position\":1,\"name\":\"Accueil\",\"item\":\"https:\\\/\\\/cappiello.fr\\\/en\\\/\"},{\"@type\":\"ListItem\",\"position\":2,\"name\":\"The works\",\"item\":\"https:\\\/\\\/cappiello.fr\\\/en\\\/the-works\\\/\"},{\"@type\":\"ListItem\",\"position\":3,\"name\":\"Charbon Chimique Rubaudo\"}]},{\"@type\":\"WebSite\",\"@id\":\"https:\\\/\\\/cappiello.fr\\\/en\\\/#website\",\"url\":\"https:\\\/\\\/cappiello.fr\\\/en\\\/\",\"name\":\"Catalogue raisonn\u00e9 de Leonetto Cappiello\",\"description\":\"Plongez dans l&#039;univers de Leonetto Cappiello, le p\u00e8re de la publicit\u00e9 moderne\",\"potentialAction\":[{\"@type\":\"SearchAction\",\"target\":{\"@type\":\"EntryPoint\",\"urlTemplate\":\"https:\\\/\\\/cappiello.fr\\\/en\\\/?s={search_term_string}\"},\"query-input\":{\"@type\":\"PropertyValueSpecification\",\"valueRequired\":true,\"valueName\":\"search_term_string\"}}],\"inLanguage\":\"en-US\"}]}<\/script>\n<meta property=\"product:price:currency\" content=\"EUR\" \/>\n<meta property=\"og:availability\" content=\"instock\" \/>\n<meta property=\"product:availability\" content=\"instock\" \/>\n<meta property=\"product:retailer_item_id\" content=\"1901008Z0\" \/>\n<meta property=\"product:condition\" content=\"new\" \/>\n<!-- \/ Yoast SEO Premium plugin. -->","yoast_head_json":{"title":"Charbon Chimique Rubaudo - Catalogue Raisonn\u00e9 de Leonetto Cappiello","description":"A woman lights a Rubaudo briquette presented to her by her maid on a tray,","robots":{"index":"index","follow":"follow","max-snippet":"max-snippet:-1","max-image-preview":"max-image-preview:large","max-video-preview":"max-video-preview:-1"},"canonical":"https:\/\/cappiello.fr\/en\/produit\/charbon-chimique-rubaudo\/","og_locale":"en_US","og_type":"article","og_title":"Charbon Chimique Rubaudo","og_description":"A woman lights a Rubaudo briquette presented to her by her maid on a tray,","og_url":"https:\/\/cappiello.fr\/en\/produit\/charbon-chimique-rubaudo\/","og_site_name":"Catalogue raisonn\u00e9 de Leonetto Cappiello","article_modified_time":"2025-05-14T22:02:13+00:00","og_image":[{"width":601,"height":800,"url":"https:\/\/cappiello.fr\/wp-content\/uploads\/2024\/10\/Lithographie-affiche-publicitaire-charbon-chimique-rubaudo-cappiello-1901.jpg","type":"image\/jpeg"}],"twitter_card":"summary_large_image","twitter_title":"Charbon Chimique Rubaudo","twitter_description":"A woman lights a Rubaudo briquette presented to her by her maid on a tray,","twitter_misc":{"Price":"","Availability":"In stock"},"schema":{"@context":"https:\/\/schema.org","@graph":[{"@type":["WebPage","ItemPage"],"@id":"https:\/\/cappiello.fr\/en\/produit\/charbon-chimique-rubaudo\/","url":"https:\/\/cappiello.fr\/en\/produit\/charbon-chimique-rubaudo\/","name":"Charbon Chimique Rubaudo - Catalogue Raisonn\u00e9 de Leonetto Cappiello","isPartOf":{"@id":"https:\/\/cappiello.fr\/en\/#website"},"primaryImageOfPage":{"@id":"https:\/\/cappiello.fr\/en\/produit\/charbon-chimique-rubaudo\/#primaryimage"},"image":{"@id":"https:\/\/cappiello.fr\/en\/produit\/charbon-chimique-rubaudo\/#primaryimage"},"thumbnailUrl":"https:\/\/cappiello.fr\/wp-content\/uploads\/2024\/10\/Lithographie-affiche-publicitaire-charbon-chimique-rubaudo-cappiello-1901.jpg","datePublished":"1900-12-31T23:50:39+00:00","dateModified":"2025-05-14T22:02:13+00:00","description":"A woman lights a Rubaudo briquette presented to her by her maid on a tray,","breadcrumb":{"@id":"https:\/\/cappiello.fr\/en\/produit\/charbon-chimique-rubaudo\/#breadcrumb"},"inLanguage":"en-US","potentialAction":[{"@type":"ReadAction","target":["https:\/\/cappiello.fr\/en\/produit\/charbon-chimique-rubaudo\/"]}]},{"@type":"ImageObject","inLanguage":"en-US","@id":"https:\/\/cappiello.fr\/en\/produit\/charbon-chimique-rubaudo\/#primaryimage","url":"https:\/\/cappiello.fr\/wp-content\/uploads\/2024\/10\/Lithographie-affiche-publicitaire-charbon-chimique-rubaudo-cappiello-1901.jpg","contentUrl":"https:\/\/cappiello.fr\/wp-content\/uploads\/2024\/10\/Lithographie-affiche-publicitaire-charbon-chimique-rubaudo-cappiello-1901.jpg","width":601,"height":800,"caption":"Briquettes combustibles \u00e0 mettre dans un po\u00eale ou une chemin\u00e9e"},{"@type":"BreadcrumbList","@id":"https:\/\/cappiello.fr\/en\/produit\/charbon-chimique-rubaudo\/#breadcrumb","itemListElement":[{"@type":"ListItem","position":1,"name":"Accueil","item":"https:\/\/cappiello.fr\/en\/"},{"@type":"ListItem","position":2,"name":"The works","item":"https:\/\/cappiello.fr\/en\/the-works\/"},{"@type":"ListItem","position":3,"name":"Charbon Chimique Rubaudo"}]},{"@type":"WebSite","@id":"https:\/\/cappiello.fr\/en\/#website","url":"https:\/\/cappiello.fr\/en\/","name":"Catalogue raisonn\u00e9 de Leonetto Cappiello","description":"Plongez dans l&#039;univers de Leonetto Cappiello, le p\u00e8re de la publicit\u00e9 moderne","potentialAction":[{"@type":"SearchAction","target":{"@type":"EntryPoint","urlTemplate":"https:\/\/cappiello.fr\/en\/?s={search_term_string}"},"query-input":{"@type":"PropertyValueSpecification","valueRequired":true,"valueName":"search_term_string"}}],"inLanguage":"en-US"}]},"product_price_currency":"EUR","og_availability":"instock","product_availability":"instock","product_retailer_item_id":"1901008Z0","product_condition":"new"},"_links":{"self":[{"href":"https:\/\/cappiello.fr\/en\/wp-json\/wp\/v2\/product\/131864","targetHints":{"allow":["GET"]}}],"collection":[{"href":"https:\/\/cappiello.fr\/en\/wp-json\/wp\/v2\/product"}],"about":[{"href":"https:\/\/cappiello.fr\/en\/wp-json\/wp\/v2\/types\/product"}],"wp:featuredmedia":[{"embeddable":true,"href":"https:\/\/cappiello.fr\/en\/wp-json\/wp\/v2\/media\/134475"}],"wp:attachment":[{"href":"https:\/\/cappiello.fr\/en\/wp-json\/wp\/v2\/media?parent=131864"}],"wp:term":[{"taxonomy":"type-doeuvre","embeddable":true,"href":"https:\/\/cappiello.fr\/en\/wp-json\/wp\/v2\/type-doeuvre?post=131864"},{"taxonomy":"product_brand","embeddable":true,"href":"https:\/\/cappiello.fr\/en\/wp-json\/wp\/v2\/product_brand?post=131864"},{"taxonomy":"product_cat","embeddable":true,"href":"https:\/\/cappiello.fr\/en\/wp-json\/wp\/v2\/product_cat?post=131864"},{"taxonomy":"product_tag","embeddable":true,"href":"https:\/\/cappiello.fr\/en\/wp-json\/wp\/v2\/product_tag?post=131864"}],"curies":[{"name":"wp","href":"https:\/\/api.w.org\/{rel}","templated":true}]}}