{"id":131870,"date":"1901-01-01T00:00:00","date_gmt":"1900-12-31T23:50:39","guid":{"rendered":"https:\/\/cappiello.fr\/produit\/petit-coquin-le\/"},"modified":"2025-05-15T00:02:19","modified_gmt":"2025-05-14T22:02:19","slug":"petit-coquin-le","status":"publish","type":"product","link":"https:\/\/cappiello.fr\/en\/produit\/petit-coquin-le\/","title":{"rendered":"Petit Coquin (Le)"},"content":{"rendered":"<p>A little girl enjoys a biscuit under the watchful eye of a parrot on its perch. It waits for the right moment to steal it from her.<br \/>\n<br \/>&#8220;This exquisite composition by the highly personal and talented artist L. Cappiello greatly contributed to the &#8216;Petit Coquin&#8217; making its mark worldwide. The artwork showcases craftsmanship and study only a master can deliver, and the tasteful printer Vercasson, through meticulous reproduction, did not diminish the subject&#8217;s value in any way. The reach of this poster in terms of advertising was highly productive; &#8216;Les Desserts Coquin&#8217; owes much of its current success to it.&#8221; Albert Coquin, director of the Troyes-based Desserts Coquin factory, June 7, 1903, to Monsieur Vercasson.<\/p>\n","protected":false},"excerpt":{"rendered":"<p>Children&#8217;s biscuits made by the biscuit factory Les Desserts Coquin in Sainte Savine near Troyes.<br \/>\n<br \/>A<a href=\"https:\/\/cappiello.fr\/en\/produit\/fillette-avec-des-boites\/\"> preparatory drawing<\/a> was most likely made.<\/p>\n","protected":false},"featured_media":131871,"template":"","meta":{"_acf_changed":false},"type-doeuvre":[4057],"product_brand":[],"product_cat":[3494],"product_tag":[3614,3562,3502,3635],"class_list":{"0":"post-131870","1":"product","2":"type-product","3":"status-publish","4":"has-post-thumbnail","6":"type-doeuvre-affiches","7":"product_cat-flour-based-products","8":"product_tag-table-en-7","9":"product_tag-soap-en","10":"product_tag-dress-en-2","11":"product_tag-node","12":"pa_periode-1900-1918-en","13":"pa_type-de-contenu-lithography","15":"first","16":"instock","17":"virtual","18":"product-type-simple"},"acf":[],"yoast_head":"<!-- This site is optimized with the Yoast SEO Premium plugin v27.0 (Yoast SEO v27.4) - https:\/\/yoast.com\/product\/yoast-seo-premium-wordpress\/ -->\n<title>Petit Coquin (Le) - Catalogue Raisonn\u00e9 de Leonetto Cappiello<\/title>\n<meta name=\"description\" content=\"A little girl enjoys a biscuit under the watchful eye of a parrot perched above. The bird waits for the right moment to steal it from her. &quot;This exquisite composition by the uniquely talented artist L. Cappiello powerfully aided &#039;Petit Coquin&#039; in its global debut. The artwork, crafted with the skill and study only a master can provide, was further enhanced by the tasteful printer Vercasson, whose meticulous reproduction in no way diminished the subject&#039;s value. The impact of this poster in terms of advertising was highly productive; &#039;Les Desserts Coquin&#039; owes much of its current success to it.&quot; Albert Coquin, Director of the Troyes-based Desserts Coquin factory, June 7, 1903, to Monsieur Vercasson.\" \/>\n<meta name=\"robots\" content=\"index, follow, max-snippet:-1, max-image-preview:large, max-video-preview:-1\" \/>\n<link rel=\"canonical\" href=\"https:\/\/cappiello.fr\/en\/produit\/petit-coquin-le\/\" \/>\n<meta property=\"og:locale\" content=\"en_US\" \/>\n<meta property=\"og:type\" content=\"article\" \/>\n<meta property=\"og:title\" content=\"Petit Coquin (Le)\" \/>\n<meta property=\"og:description\" content=\"A little girl enjoys a biscuit under the watchful eye of a parrot perched above. The bird waits for the right moment to steal it from her. &quot;This exquisite composition by the uniquely talented artist L. Cappiello powerfully aided &#039;Petit Coquin&#039; in its global debut. The artwork, crafted with the skill and study only a master can provide, was further enhanced by the tasteful printer Vercasson, whose meticulous reproduction in no way diminished the subject&#039;s value. The impact of this poster in terms of advertising was highly productive; &#039;Les Desserts Coquin&#039; owes much of its current success to it.&quot; Albert Coquin, Director of the Troyes-based Desserts Coquin factory, June 7, 1903, to Monsieur Vercasson.\" \/>\n<meta property=\"og:url\" content=\"https:\/\/cappiello.fr\/en\/produit\/petit-coquin-le\/\" \/>\n<meta property=\"og:site_name\" content=\"Catalogue raisonn\u00e9 de Leonetto Cappiello\" \/>\n<meta property=\"article:modified_time\" content=\"2025-05-14T22:02:19+00:00\" \/>\n<meta property=\"og:image\" content=\"https:\/\/cappiello.fr\/wp-content\/uploads\/2024\/10\/Lithographie-affiche-publicitaire-petit-coquin-le-2-cappiello-1901.jpg\" \/>\n\t<meta property=\"og:image:width\" content=\"570\" \/>\n\t<meta property=\"og:image:height\" content=\"800\" \/>\n\t<meta property=\"og:image:type\" content=\"image\/jpeg\" \/>\n<meta name=\"twitter:card\" content=\"summary_large_image\" \/>\n<meta name=\"twitter:title\" content=\"Petit Coquin (Le)\" \/>\n<meta name=\"twitter:description\" content=\"A little girl enjoys a biscuit under the watchful eye of a parrot perched above. The bird waits for the right moment to steal it from her. &quot;This exquisite composition by the uniquely talented artist L. Cappiello powerfully aided &#039;Petit Coquin&#039; in its global debut. The artwork, crafted with the skill and study only a master can provide, was further enhanced by the tasteful printer Vercasson, whose meticulous reproduction in no way diminished the subject&#039;s value. The impact of this poster in terms of advertising was highly productive; &#039;Les Desserts Coquin&#039; owes much of its current success to it.&quot; Albert Coquin, Director of the Troyes-based Desserts Coquin factory, June 7, 1903, to Monsieur Vercasson.\" \/>\n<meta name=\"twitter:label1\" content=\"Price\" \/>\n\t<meta name=\"twitter:data1\" content=\"\" \/>\n\t<meta name=\"twitter:label2\" content=\"Availability\" \/>\n\t<meta name=\"twitter:data2\" content=\"In stock\" \/>\n<script type=\"application\/ld+json\" class=\"yoast-schema-graph\">{\"@context\":\"https:\\\/\\\/schema.org\",\"@graph\":[{\"@type\":[\"WebPage\",\"ItemPage\"],\"@id\":\"https:\\\/\\\/cappiello.fr\\\/en\\\/produit\\\/petit-coquin-le\\\/\",\"url\":\"https:\\\/\\\/cappiello.fr\\\/en\\\/produit\\\/petit-coquin-le\\\/\",\"name\":\"Petit Coquin (Le) - Catalogue Raisonn\u00e9 de Leonetto Cappiello\",\"isPartOf\":{\"@id\":\"https:\\\/\\\/cappiello.fr\\\/en\\\/#website\"},\"primaryImageOfPage\":{\"@id\":\"https:\\\/\\\/cappiello.fr\\\/en\\\/produit\\\/petit-coquin-le\\\/#primaryimage\"},\"image\":{\"@id\":\"https:\\\/\\\/cappiello.fr\\\/en\\\/produit\\\/petit-coquin-le\\\/#primaryimage\"},\"thumbnailUrl\":\"https:\\\/\\\/cappiello.fr\\\/wp-content\\\/uploads\\\/2024\\\/10\\\/Lithographie-affiche-publicitaire-petit-coquin-le-2-cappiello-1901.jpg\",\"datePublished\":\"1900-12-31T23:50:39+00:00\",\"dateModified\":\"2025-05-14T22:02:19+00:00\",\"description\":\"A little girl enjoys a biscuit under the watchful eye of a parrot perched above. The bird waits for the right moment to steal it from her. \\\"This exquisite composition by the uniquely talented artist L. Cappiello powerfully aided 'Petit Coquin' in its global debut. The artwork, crafted with the skill and study only a master can provide, was further enhanced by the tasteful printer Vercasson, whose meticulous reproduction in no way diminished the subject's value. The impact of this poster in terms of advertising was highly productive; 'Les Desserts Coquin' owes much of its current success to it.\\\" Albert Coquin, Director of the Troyes-based Desserts Coquin factory, June 7, 1903, to Monsieur Vercasson.\",\"breadcrumb\":{\"@id\":\"https:\\\/\\\/cappiello.fr\\\/en\\\/produit\\\/petit-coquin-le\\\/#breadcrumb\"},\"inLanguage\":\"en-US\",\"potentialAction\":[{\"@type\":\"ReadAction\",\"target\":[\"https:\\\/\\\/cappiello.fr\\\/en\\\/produit\\\/petit-coquin-le\\\/\"]}]},{\"@type\":\"ImageObject\",\"inLanguage\":\"en-US\",\"@id\":\"https:\\\/\\\/cappiello.fr\\\/en\\\/produit\\\/petit-coquin-le\\\/#primaryimage\",\"url\":\"https:\\\/\\\/cappiello.fr\\\/wp-content\\\/uploads\\\/2024\\\/10\\\/Lithographie-affiche-publicitaire-petit-coquin-le-2-cappiello-1901.jpg\",\"contentUrl\":\"https:\\\/\\\/cappiello.fr\\\/wp-content\\\/uploads\\\/2024\\\/10\\\/Lithographie-affiche-publicitaire-petit-coquin-le-2-cappiello-1901.jpg\",\"width\":570,\"height\":800,\"caption\":\"Children's biscuits made\"},{\"@type\":\"BreadcrumbList\",\"@id\":\"https:\\\/\\\/cappiello.fr\\\/en\\\/produit\\\/petit-coquin-le\\\/#breadcrumb\",\"itemListElement\":[{\"@type\":\"ListItem\",\"position\":1,\"name\":\"Accueil\",\"item\":\"https:\\\/\\\/cappiello.fr\\\/en\\\/\"},{\"@type\":\"ListItem\",\"position\":2,\"name\":\"The works\",\"item\":\"https:\\\/\\\/cappiello.fr\\\/en\\\/the-works\\\/\"},{\"@type\":\"ListItem\",\"position\":3,\"name\":\"Petit Coquin (Le)\"}]},{\"@type\":\"WebSite\",\"@id\":\"https:\\\/\\\/cappiello.fr\\\/en\\\/#website\",\"url\":\"https:\\\/\\\/cappiello.fr\\\/en\\\/\",\"name\":\"Catalogue raisonn\u00e9 de Leonetto Cappiello\",\"description\":\"Plongez dans l&#039;univers de Leonetto Cappiello, le p\u00e8re de la publicit\u00e9 moderne\",\"potentialAction\":[{\"@type\":\"SearchAction\",\"target\":{\"@type\":\"EntryPoint\",\"urlTemplate\":\"https:\\\/\\\/cappiello.fr\\\/en\\\/?s={search_term_string}\"},\"query-input\":{\"@type\":\"PropertyValueSpecification\",\"valueRequired\":true,\"valueName\":\"search_term_string\"}}],\"inLanguage\":\"en-US\"}]}<\/script>\n<meta property=\"product:price:currency\" content=\"EUR\" \/>\n<meta property=\"og:availability\" content=\"instock\" \/>\n<meta property=\"product:availability\" content=\"instock\" \/>\n<meta property=\"product:retailer_item_id\" content=\"1901012Z0\" \/>\n<meta property=\"product:condition\" content=\"new\" \/>\n<!-- \/ Yoast SEO Premium plugin. -->","yoast_head_json":{"title":"Petit Coquin (Le) - Catalogue Raisonn\u00e9 de Leonetto Cappiello","description":"A little girl enjoys a biscuit under the watchful eye of a parrot perched above. The bird waits for the right moment to steal it from her. \"This exquisite composition by the uniquely talented artist L. Cappiello powerfully aided 'Petit Coquin' in its global debut. The artwork, crafted with the skill and study only a master can provide, was further enhanced by the tasteful printer Vercasson, whose meticulous reproduction in no way diminished the subject's value. The impact of this poster in terms of advertising was highly productive; 'Les Desserts Coquin' owes much of its current success to it.\" Albert Coquin, Director of the Troyes-based Desserts Coquin factory, June 7, 1903, to Monsieur Vercasson.","robots":{"index":"index","follow":"follow","max-snippet":"max-snippet:-1","max-image-preview":"max-image-preview:large","max-video-preview":"max-video-preview:-1"},"canonical":"https:\/\/cappiello.fr\/en\/produit\/petit-coquin-le\/","og_locale":"en_US","og_type":"article","og_title":"Petit Coquin (Le)","og_description":"A little girl enjoys a biscuit under the watchful eye of a parrot perched above. The bird waits for the right moment to steal it from her. \"This exquisite composition by the uniquely talented artist L. Cappiello powerfully aided 'Petit Coquin' in its global debut. The artwork, crafted with the skill and study only a master can provide, was further enhanced by the tasteful printer Vercasson, whose meticulous reproduction in no way diminished the subject's value. The impact of this poster in terms of advertising was highly productive; 'Les Desserts Coquin' owes much of its current success to it.\" Albert Coquin, Director of the Troyes-based Desserts Coquin factory, June 7, 1903, to Monsieur Vercasson.","og_url":"https:\/\/cappiello.fr\/en\/produit\/petit-coquin-le\/","og_site_name":"Catalogue raisonn\u00e9 de Leonetto Cappiello","article_modified_time":"2025-05-14T22:02:19+00:00","og_image":[{"width":570,"height":800,"url":"https:\/\/cappiello.fr\/wp-content\/uploads\/2024\/10\/Lithographie-affiche-publicitaire-petit-coquin-le-2-cappiello-1901.jpg","type":"image\/jpeg"}],"twitter_card":"summary_large_image","twitter_title":"Petit Coquin (Le)","twitter_description":"A little girl enjoys a biscuit under the watchful eye of a parrot perched above. The bird waits for the right moment to steal it from her. \"This exquisite composition by the uniquely talented artist L. Cappiello powerfully aided 'Petit Coquin' in its global debut. The artwork, crafted with the skill and study only a master can provide, was further enhanced by the tasteful printer Vercasson, whose meticulous reproduction in no way diminished the subject's value. The impact of this poster in terms of advertising was highly productive; 'Les Desserts Coquin' owes much of its current success to it.\" Albert Coquin, Director of the Troyes-based Desserts Coquin factory, June 7, 1903, to Monsieur Vercasson.","twitter_misc":{"Price":"","Availability":"In stock"},"schema":{"@context":"https:\/\/schema.org","@graph":[{"@type":["WebPage","ItemPage"],"@id":"https:\/\/cappiello.fr\/en\/produit\/petit-coquin-le\/","url":"https:\/\/cappiello.fr\/en\/produit\/petit-coquin-le\/","name":"Petit Coquin (Le) - Catalogue Raisonn\u00e9 de Leonetto Cappiello","isPartOf":{"@id":"https:\/\/cappiello.fr\/en\/#website"},"primaryImageOfPage":{"@id":"https:\/\/cappiello.fr\/en\/produit\/petit-coquin-le\/#primaryimage"},"image":{"@id":"https:\/\/cappiello.fr\/en\/produit\/petit-coquin-le\/#primaryimage"},"thumbnailUrl":"https:\/\/cappiello.fr\/wp-content\/uploads\/2024\/10\/Lithographie-affiche-publicitaire-petit-coquin-le-2-cappiello-1901.jpg","datePublished":"1900-12-31T23:50:39+00:00","dateModified":"2025-05-14T22:02:19+00:00","description":"A little girl enjoys a biscuit under the watchful eye of a parrot perched above. The bird waits for the right moment to steal it from her. \"This exquisite composition by the uniquely talented artist L. Cappiello powerfully aided 'Petit Coquin' in its global debut. The artwork, crafted with the skill and study only a master can provide, was further enhanced by the tasteful printer Vercasson, whose meticulous reproduction in no way diminished the subject's value. The impact of this poster in terms of advertising was highly productive; 'Les Desserts Coquin' owes much of its current success to it.\" Albert Coquin, Director of the Troyes-based Desserts Coquin factory, June 7, 1903, to Monsieur Vercasson.","breadcrumb":{"@id":"https:\/\/cappiello.fr\/en\/produit\/petit-coquin-le\/#breadcrumb"},"inLanguage":"en-US","potentialAction":[{"@type":"ReadAction","target":["https:\/\/cappiello.fr\/en\/produit\/petit-coquin-le\/"]}]},{"@type":"ImageObject","inLanguage":"en-US","@id":"https:\/\/cappiello.fr\/en\/produit\/petit-coquin-le\/#primaryimage","url":"https:\/\/cappiello.fr\/wp-content\/uploads\/2024\/10\/Lithographie-affiche-publicitaire-petit-coquin-le-2-cappiello-1901.jpg","contentUrl":"https:\/\/cappiello.fr\/wp-content\/uploads\/2024\/10\/Lithographie-affiche-publicitaire-petit-coquin-le-2-cappiello-1901.jpg","width":570,"height":800,"caption":"Children's biscuits made"},{"@type":"BreadcrumbList","@id":"https:\/\/cappiello.fr\/en\/produit\/petit-coquin-le\/#breadcrumb","itemListElement":[{"@type":"ListItem","position":1,"name":"Accueil","item":"https:\/\/cappiello.fr\/en\/"},{"@type":"ListItem","position":2,"name":"The works","item":"https:\/\/cappiello.fr\/en\/the-works\/"},{"@type":"ListItem","position":3,"name":"Petit Coquin (Le)"}]},{"@type":"WebSite","@id":"https:\/\/cappiello.fr\/en\/#website","url":"https:\/\/cappiello.fr\/en\/","name":"Catalogue raisonn\u00e9 de Leonetto Cappiello","description":"Plongez dans l&#039;univers de Leonetto Cappiello, le p\u00e8re de la publicit\u00e9 moderne","potentialAction":[{"@type":"SearchAction","target":{"@type":"EntryPoint","urlTemplate":"https:\/\/cappiello.fr\/en\/?s={search_term_string}"},"query-input":{"@type":"PropertyValueSpecification","valueRequired":true,"valueName":"search_term_string"}}],"inLanguage":"en-US"}]},"product_price_currency":"EUR","og_availability":"instock","product_availability":"instock","product_retailer_item_id":"1901012Z0","product_condition":"new"},"_links":{"self":[{"href":"https:\/\/cappiello.fr\/en\/wp-json\/wp\/v2\/product\/131870","targetHints":{"allow":["GET"]}}],"collection":[{"href":"https:\/\/cappiello.fr\/en\/wp-json\/wp\/v2\/product"}],"about":[{"href":"https:\/\/cappiello.fr\/en\/wp-json\/wp\/v2\/types\/product"}],"wp:featuredmedia":[{"embeddable":true,"href":"https:\/\/cappiello.fr\/en\/wp-json\/wp\/v2\/media\/131871"}],"wp:attachment":[{"href":"https:\/\/cappiello.fr\/en\/wp-json\/wp\/v2\/media?parent=131870"}],"wp:term":[{"taxonomy":"type-doeuvre","embeddable":true,"href":"https:\/\/cappiello.fr\/en\/wp-json\/wp\/v2\/type-doeuvre?post=131870"},{"taxonomy":"product_brand","embeddable":true,"href":"https:\/\/cappiello.fr\/en\/wp-json\/wp\/v2\/product_brand?post=131870"},{"taxonomy":"product_cat","embeddable":true,"href":"https:\/\/cappiello.fr\/en\/wp-json\/wp\/v2\/product_cat?post=131870"},{"taxonomy":"product_tag","embeddable":true,"href":"https:\/\/cappiello.fr\/en\/wp-json\/wp\/v2\/product_tag?post=131870"}],"curies":[{"name":"wp","href":"https:\/\/api.w.org\/{rel}","templated":true}]}}