{"id":131872,"date":"1901-01-01T00:00:00","date_gmt":"1900-12-31T23:50:39","guid":{"rendered":"https:\/\/cappiello.fr\/produit\/segol-fils-l\/"},"modified":"2025-05-15T00:02:21","modified_gmt":"2025-05-14T22:02:21","slug":"segol-fils-l","status":"publish","type":"product","link":"https:\/\/cappiello.fr\/en\/produit\/segol-fils-l\/","title":{"rendered":"Segol Fils (L.)"},"content":{"rendered":"<p>The actor Albert Brasseur, dressed as a ma\u00eetre d&#8217;h\u00f4tel, pours wine into the glass of the actress Jeanne Granier.<br \/>\nThrough their presence, these actors endorse the brand.<\/p>\n","protected":false},"excerpt":{"rendered":"<p>Wine from the Grands Chais du M\u00e9doc L. Segol Fils.<\/p>\n","protected":false},"featured_media":131873,"template":"","meta":{"_acf_changed":false},"type-doeuvre":[4057],"product_brand":[],"product_cat":[3571],"product_tag":[3460,3825,3290,3300,3317,3381,3362,3502,3316],"class_list":{"0":"post-131872","1":"product","2":"type-product","3":"status-publish","4":"has-post-thumbnail","6":"type-doeuvre-affiches","7":"product_cat-wines","8":"product_tag-plate-en-4","9":"product_tag-actress","10":"product_tag-mustache-en","11":"product_tag-show-en-2","12":"product_tag-woman-en","13":"product_tag-ostrich-feather","14":"product_tag-long-dress","15":"product_tag-dress-en-2","16":"product_tag-woman","17":"pa_periode-1900-1918-en","18":"pa_type-de-contenu-lithography","20":"first","21":"instock","22":"virtual","23":"product-type-simple"},"acf":[],"yoast_head":"<!-- This site is optimized with the Yoast SEO Premium plugin v27.0 (Yoast SEO v27.4) - https:\/\/yoast.com\/product\/yoast-seo-premium-wordpress\/ -->\n<title>Segol Fils (L.) - Catalogue Raisonn\u00e9 de Leonetto Cappiello<\/title>\n<meta name=\"description\" content=\"The actor Albert Brasseur, dressed as a ma\u00eetre d&#039;h\u00f4tel, pours wine into the glass of the actress Jeanne Granier. Through their presence, these actors endorse the brand. &quot;This poster, featuring Jeanne Granier and Albert Brasseur, marks Cappiello&#039;s first attempt at using highly famous artists as endorsers for advertising purposes unrelated to their performances. The manager of S\u00e9gol speaks of his &#039;elite clientele,&#039; which aligns with the elite of the theater, and this poster, with its refined and blended colors, exuding the intimate, hushed atmosphere of a private room, is designed to appeal to them.&quot; [in Cappiello. Caricatures Posters Paintings. 1981] &quot;The poster you created for us, signed Cappiello, has been met with the greatest success among our elite clientele. It is true that from the standpoint of design and printing, it is impeccable. Given the numerous requests we receive daily, the 100,000 copies you delivered will soon be exhausted. Therefore, we hope to soon enlist your expertise again for a larger print run.&quot; excerpt from a letter dated June 5, 1903, from Mr. L. S\u00e9gol Fils, managing director, to Mr. Vercasson [printer] [in Cappiello. Caricatures Posters Paintings. 1981]\" \/>\n<meta name=\"robots\" content=\"index, follow, max-snippet:-1, max-image-preview:large, max-video-preview:-1\" \/>\n<link rel=\"canonical\" href=\"https:\/\/cappiello.fr\/en\/produit\/segol-fils-l\/\" \/>\n<meta property=\"og:locale\" content=\"en_US\" \/>\n<meta property=\"og:type\" content=\"article\" \/>\n<meta property=\"og:title\" content=\"Segol Fils (L.)\" \/>\n<meta property=\"og:description\" content=\"The actor Albert Brasseur, dressed as a ma\u00eetre d&#039;h\u00f4tel, pours wine into the glass of the actress Jeanne Granier. Through their presence, these actors endorse the brand. &quot;This poster, featuring Jeanne Granier and Albert Brasseur, marks Cappiello&#039;s first attempt at using highly famous artists as endorsers for advertising purposes unrelated to their performances. The manager of S\u00e9gol speaks of his &#039;elite clientele,&#039; which aligns with the elite of the theater, and this poster, with its refined and blended colors, exuding the intimate, hushed atmosphere of a private room, is designed to appeal to them.&quot; [in Cappiello. Caricatures Posters Paintings. 1981] &quot;The poster you created for us, signed Cappiello, has been met with the greatest success among our elite clientele. It is true that from the standpoint of design and printing, it is impeccable. Given the numerous requests we receive daily, the 100,000 copies you delivered will soon be exhausted. Therefore, we hope to soon enlist your expertise again for a larger print run.&quot; excerpt from a letter dated June 5, 1903, from Mr. L. S\u00e9gol Fils, managing director, to Mr. Vercasson [printer] [in Cappiello. Caricatures Posters Paintings. 1981]\" \/>\n<meta property=\"og:url\" content=\"https:\/\/cappiello.fr\/en\/produit\/segol-fils-l\/\" \/>\n<meta property=\"og:site_name\" content=\"Catalogue raisonn\u00e9 de Leonetto Cappiello\" \/>\n<meta property=\"article:modified_time\" content=\"2025-05-14T22:02:21+00:00\" \/>\n<meta property=\"og:image\" content=\"https:\/\/cappiello.fr\/wp-content\/uploads\/2024\/10\/Lithographie-affiche-publicitaire-segol-fils-l-2-cappiello-1901.jpg\" \/>\n\t<meta property=\"og:image:width\" content=\"588\" \/>\n\t<meta property=\"og:image:height\" content=\"800\" \/>\n\t<meta property=\"og:image:type\" content=\"image\/jpeg\" \/>\n<meta name=\"twitter:card\" content=\"summary_large_image\" \/>\n<meta name=\"twitter:title\" content=\"Segol Fils (L.)\" \/>\n<meta name=\"twitter:description\" content=\"The actor Albert Brasseur, dressed as a ma\u00eetre d&#039;h\u00f4tel, pours wine into the glass of the actress Jeanne Granier. Through their presence, these actors endorse the brand. &quot;This poster, featuring Jeanne Granier and Albert Brasseur, marks Cappiello&#039;s first attempt at using highly famous artists as endorsers for advertising purposes unrelated to their performances. The manager of S\u00e9gol speaks of his &#039;elite clientele,&#039; which aligns with the elite of the theater, and this poster, with its refined and blended colors, exuding the intimate, hushed atmosphere of a private room, is designed to appeal to them.&quot; [in Cappiello. Caricatures Posters Paintings. 1981] &quot;The poster you created for us, signed Cappiello, has been met with the greatest success among our elite clientele. It is true that from the standpoint of design and printing, it is impeccable. Given the numerous requests we receive daily, the 100,000 copies you delivered will soon be exhausted. Therefore, we hope to soon enlist your expertise again for a larger print run.&quot; excerpt from a letter dated June 5, 1903, from Mr. L. S\u00e9gol Fils, managing director, to Mr. Vercasson [printer] [in Cappiello. Caricatures Posters Paintings. 1981]\" \/>\n<meta name=\"twitter:label1\" content=\"Price\" \/>\n\t<meta name=\"twitter:data1\" content=\"\" \/>\n\t<meta name=\"twitter:label2\" content=\"Availability\" \/>\n\t<meta name=\"twitter:data2\" content=\"In stock\" \/>\n<script type=\"application\/ld+json\" class=\"yoast-schema-graph\">{\"@context\":\"https:\\\/\\\/schema.org\",\"@graph\":[{\"@type\":[\"WebPage\",\"ItemPage\"],\"@id\":\"https:\\\/\\\/cappiello.fr\\\/en\\\/produit\\\/segol-fils-l\\\/\",\"url\":\"https:\\\/\\\/cappiello.fr\\\/en\\\/produit\\\/segol-fils-l\\\/\",\"name\":\"Segol Fils (L.) - Catalogue Raisonn\u00e9 de Leonetto Cappiello\",\"isPartOf\":{\"@id\":\"https:\\\/\\\/cappiello.fr\\\/en\\\/#website\"},\"primaryImageOfPage\":{\"@id\":\"https:\\\/\\\/cappiello.fr\\\/en\\\/produit\\\/segol-fils-l\\\/#primaryimage\"},\"image\":{\"@id\":\"https:\\\/\\\/cappiello.fr\\\/en\\\/produit\\\/segol-fils-l\\\/#primaryimage\"},\"thumbnailUrl\":\"https:\\\/\\\/cappiello.fr\\\/wp-content\\\/uploads\\\/2024\\\/10\\\/Lithographie-affiche-publicitaire-segol-fils-l-2-cappiello-1901.jpg\",\"datePublished\":\"1900-12-31T23:50:39+00:00\",\"dateModified\":\"2025-05-14T22:02:21+00:00\",\"description\":\"The actor Albert Brasseur, dressed as a ma\u00eetre d'h\u00f4tel, pours wine into the glass of the actress Jeanne Granier. Through their presence, these actors endorse the brand. \\\"This poster, featuring Jeanne Granier and Albert Brasseur, marks Cappiello's first attempt at using highly famous artists as endorsers for advertising purposes unrelated to their performances. The manager of S\u00e9gol speaks of his 'elite clientele,' which aligns with the elite of the theater, and this poster, with its refined and blended colors, exuding the intimate, hushed atmosphere of a private room, is designed to appeal to them.\\\" [in Cappiello. Caricatures Posters Paintings. 1981] \\\"The poster you created for us, signed Cappiello, has been met with the greatest success among our elite clientele. It is true that from the standpoint of design and printing, it is impeccable. Given the numerous requests we receive daily, the 100,000 copies you delivered will soon be exhausted. Therefore, we hope to soon enlist your expertise again for a larger print run.\\\" excerpt from a letter dated June 5, 1903, from Mr. L. S\u00e9gol Fils, managing director, to Mr. Vercasson [printer] [in Cappiello. Caricatures Posters Paintings. 1981]\",\"breadcrumb\":{\"@id\":\"https:\\\/\\\/cappiello.fr\\\/en\\\/produit\\\/segol-fils-l\\\/#breadcrumb\"},\"inLanguage\":\"en-US\",\"potentialAction\":[{\"@type\":\"ReadAction\",\"target\":[\"https:\\\/\\\/cappiello.fr\\\/en\\\/produit\\\/segol-fils-l\\\/\"]}]},{\"@type\":\"ImageObject\",\"inLanguage\":\"en-US\",\"@id\":\"https:\\\/\\\/cappiello.fr\\\/en\\\/produit\\\/segol-fils-l\\\/#primaryimage\",\"url\":\"https:\\\/\\\/cappiello.fr\\\/wp-content\\\/uploads\\\/2024\\\/10\\\/Lithographie-affiche-publicitaire-segol-fils-l-2-cappiello-1901.jpg\",\"contentUrl\":\"https:\\\/\\\/cappiello.fr\\\/wp-content\\\/uploads\\\/2024\\\/10\\\/Lithographie-affiche-publicitaire-segol-fils-l-2-cappiello-1901.jpg\",\"width\":588,\"height\":800,\"caption\":\"Wine from the Grands Chais du M\u00e9doc L. Segol Fils.\"},{\"@type\":\"BreadcrumbList\",\"@id\":\"https:\\\/\\\/cappiello.fr\\\/en\\\/produit\\\/segol-fils-l\\\/#breadcrumb\",\"itemListElement\":[{\"@type\":\"ListItem\",\"position\":1,\"name\":\"Accueil\",\"item\":\"https:\\\/\\\/cappiello.fr\\\/en\\\/\"},{\"@type\":\"ListItem\",\"position\":2,\"name\":\"The works\",\"item\":\"https:\\\/\\\/cappiello.fr\\\/en\\\/the-works\\\/\"},{\"@type\":\"ListItem\",\"position\":3,\"name\":\"Segol Fils (L.)\"}]},{\"@type\":\"WebSite\",\"@id\":\"https:\\\/\\\/cappiello.fr\\\/en\\\/#website\",\"url\":\"https:\\\/\\\/cappiello.fr\\\/en\\\/\",\"name\":\"Catalogue raisonn\u00e9 de Leonetto Cappiello\",\"description\":\"Plongez dans l&#039;univers de Leonetto Cappiello, le p\u00e8re de la publicit\u00e9 moderne\",\"potentialAction\":[{\"@type\":\"SearchAction\",\"target\":{\"@type\":\"EntryPoint\",\"urlTemplate\":\"https:\\\/\\\/cappiello.fr\\\/en\\\/?s={search_term_string}\"},\"query-input\":{\"@type\":\"PropertyValueSpecification\",\"valueRequired\":true,\"valueName\":\"search_term_string\"}}],\"inLanguage\":\"en-US\"}]}<\/script>\n<meta property=\"product:price:currency\" content=\"EUR\" \/>\n<meta property=\"og:availability\" content=\"instock\" \/>\n<meta property=\"product:availability\" content=\"instock\" \/>\n<meta property=\"product:retailer_item_id\" content=\"1901011Z0, 1901011Z1, 1901011Z2 et 1901011Z3\" \/>\n<meta property=\"product:condition\" content=\"new\" \/>\n<!-- \/ Yoast SEO Premium plugin. -->","yoast_head_json":{"title":"Segol Fils (L.) - Catalogue Raisonn\u00e9 de Leonetto Cappiello","description":"The actor Albert Brasseur, dressed as a ma\u00eetre d'h\u00f4tel, pours wine into the glass of the actress Jeanne Granier. Through their presence, these actors endorse the brand. \"This poster, featuring Jeanne Granier and Albert Brasseur, marks Cappiello's first attempt at using highly famous artists as endorsers for advertising purposes unrelated to their performances. The manager of S\u00e9gol speaks of his 'elite clientele,' which aligns with the elite of the theater, and this poster, with its refined and blended colors, exuding the intimate, hushed atmosphere of a private room, is designed to appeal to them.\" [in Cappiello. Caricatures Posters Paintings. 1981] \"The poster you created for us, signed Cappiello, has been met with the greatest success among our elite clientele. It is true that from the standpoint of design and printing, it is impeccable. Given the numerous requests we receive daily, the 100,000 copies you delivered will soon be exhausted. Therefore, we hope to soon enlist your expertise again for a larger print run.\" excerpt from a letter dated June 5, 1903, from Mr. L. S\u00e9gol Fils, managing director, to Mr. Vercasson [printer] [in Cappiello. Caricatures Posters Paintings. 1981]","robots":{"index":"index","follow":"follow","max-snippet":"max-snippet:-1","max-image-preview":"max-image-preview:large","max-video-preview":"max-video-preview:-1"},"canonical":"https:\/\/cappiello.fr\/en\/produit\/segol-fils-l\/","og_locale":"en_US","og_type":"article","og_title":"Segol Fils (L.)","og_description":"The actor Albert Brasseur, dressed as a ma\u00eetre d'h\u00f4tel, pours wine into the glass of the actress Jeanne Granier. Through their presence, these actors endorse the brand. \"This poster, featuring Jeanne Granier and Albert Brasseur, marks Cappiello's first attempt at using highly famous artists as endorsers for advertising purposes unrelated to their performances. The manager of S\u00e9gol speaks of his 'elite clientele,' which aligns with the elite of the theater, and this poster, with its refined and blended colors, exuding the intimate, hushed atmosphere of a private room, is designed to appeal to them.\" [in Cappiello. Caricatures Posters Paintings. 1981] \"The poster you created for us, signed Cappiello, has been met with the greatest success among our elite clientele. It is true that from the standpoint of design and printing, it is impeccable. Given the numerous requests we receive daily, the 100,000 copies you delivered will soon be exhausted. Therefore, we hope to soon enlist your expertise again for a larger print run.\" excerpt from a letter dated June 5, 1903, from Mr. L. S\u00e9gol Fils, managing director, to Mr. Vercasson [printer] [in Cappiello. Caricatures Posters Paintings. 1981]","og_url":"https:\/\/cappiello.fr\/en\/produit\/segol-fils-l\/","og_site_name":"Catalogue raisonn\u00e9 de Leonetto Cappiello","article_modified_time":"2025-05-14T22:02:21+00:00","og_image":[{"width":588,"height":800,"url":"https:\/\/cappiello.fr\/wp-content\/uploads\/2024\/10\/Lithographie-affiche-publicitaire-segol-fils-l-2-cappiello-1901.jpg","type":"image\/jpeg"}],"twitter_card":"summary_large_image","twitter_title":"Segol Fils (L.)","twitter_description":"The actor Albert Brasseur, dressed as a ma\u00eetre d'h\u00f4tel, pours wine into the glass of the actress Jeanne Granier. Through their presence, these actors endorse the brand. \"This poster, featuring Jeanne Granier and Albert Brasseur, marks Cappiello's first attempt at using highly famous artists as endorsers for advertising purposes unrelated to their performances. The manager of S\u00e9gol speaks of his 'elite clientele,' which aligns with the elite of the theater, and this poster, with its refined and blended colors, exuding the intimate, hushed atmosphere of a private room, is designed to appeal to them.\" [in Cappiello. Caricatures Posters Paintings. 1981] \"The poster you created for us, signed Cappiello, has been met with the greatest success among our elite clientele. It is true that from the standpoint of design and printing, it is impeccable. Given the numerous requests we receive daily, the 100,000 copies you delivered will soon be exhausted. Therefore, we hope to soon enlist your expertise again for a larger print run.\" excerpt from a letter dated June 5, 1903, from Mr. L. S\u00e9gol Fils, managing director, to Mr. Vercasson [printer] [in Cappiello. Caricatures Posters Paintings. 1981]","twitter_misc":{"Price":"","Availability":"In stock"},"schema":{"@context":"https:\/\/schema.org","@graph":[{"@type":["WebPage","ItemPage"],"@id":"https:\/\/cappiello.fr\/en\/produit\/segol-fils-l\/","url":"https:\/\/cappiello.fr\/en\/produit\/segol-fils-l\/","name":"Segol Fils (L.) - Catalogue Raisonn\u00e9 de Leonetto Cappiello","isPartOf":{"@id":"https:\/\/cappiello.fr\/en\/#website"},"primaryImageOfPage":{"@id":"https:\/\/cappiello.fr\/en\/produit\/segol-fils-l\/#primaryimage"},"image":{"@id":"https:\/\/cappiello.fr\/en\/produit\/segol-fils-l\/#primaryimage"},"thumbnailUrl":"https:\/\/cappiello.fr\/wp-content\/uploads\/2024\/10\/Lithographie-affiche-publicitaire-segol-fils-l-2-cappiello-1901.jpg","datePublished":"1900-12-31T23:50:39+00:00","dateModified":"2025-05-14T22:02:21+00:00","description":"The actor Albert Brasseur, dressed as a ma\u00eetre d'h\u00f4tel, pours wine into the glass of the actress Jeanne Granier. Through their presence, these actors endorse the brand. \"This poster, featuring Jeanne Granier and Albert Brasseur, marks Cappiello's first attempt at using highly famous artists as endorsers for advertising purposes unrelated to their performances. The manager of S\u00e9gol speaks of his 'elite clientele,' which aligns with the elite of the theater, and this poster, with its refined and blended colors, exuding the intimate, hushed atmosphere of a private room, is designed to appeal to them.\" [in Cappiello. Caricatures Posters Paintings. 1981] \"The poster you created for us, signed Cappiello, has been met with the greatest success among our elite clientele. It is true that from the standpoint of design and printing, it is impeccable. Given the numerous requests we receive daily, the 100,000 copies you delivered will soon be exhausted. Therefore, we hope to soon enlist your expertise again for a larger print run.\" excerpt from a letter dated June 5, 1903, from Mr. L. S\u00e9gol Fils, managing director, to Mr. Vercasson [printer] [in Cappiello. Caricatures Posters Paintings. 1981]","breadcrumb":{"@id":"https:\/\/cappiello.fr\/en\/produit\/segol-fils-l\/#breadcrumb"},"inLanguage":"en-US","potentialAction":[{"@type":"ReadAction","target":["https:\/\/cappiello.fr\/en\/produit\/segol-fils-l\/"]}]},{"@type":"ImageObject","inLanguage":"en-US","@id":"https:\/\/cappiello.fr\/en\/produit\/segol-fils-l\/#primaryimage","url":"https:\/\/cappiello.fr\/wp-content\/uploads\/2024\/10\/Lithographie-affiche-publicitaire-segol-fils-l-2-cappiello-1901.jpg","contentUrl":"https:\/\/cappiello.fr\/wp-content\/uploads\/2024\/10\/Lithographie-affiche-publicitaire-segol-fils-l-2-cappiello-1901.jpg","width":588,"height":800,"caption":"Wine from the Grands Chais du M\u00e9doc L. Segol Fils."},{"@type":"BreadcrumbList","@id":"https:\/\/cappiello.fr\/en\/produit\/segol-fils-l\/#breadcrumb","itemListElement":[{"@type":"ListItem","position":1,"name":"Accueil","item":"https:\/\/cappiello.fr\/en\/"},{"@type":"ListItem","position":2,"name":"The works","item":"https:\/\/cappiello.fr\/en\/the-works\/"},{"@type":"ListItem","position":3,"name":"Segol Fils (L.)"}]},{"@type":"WebSite","@id":"https:\/\/cappiello.fr\/en\/#website","url":"https:\/\/cappiello.fr\/en\/","name":"Catalogue raisonn\u00e9 de Leonetto Cappiello","description":"Plongez dans l&#039;univers de Leonetto Cappiello, le p\u00e8re de la publicit\u00e9 moderne","potentialAction":[{"@type":"SearchAction","target":{"@type":"EntryPoint","urlTemplate":"https:\/\/cappiello.fr\/en\/?s={search_term_string}"},"query-input":{"@type":"PropertyValueSpecification","valueRequired":true,"valueName":"search_term_string"}}],"inLanguage":"en-US"}]},"product_price_currency":"EUR","og_availability":"instock","product_availability":"instock","product_retailer_item_id":"1901011Z0, 1901011Z1, 1901011Z2 et 1901011Z3","product_condition":"new"},"_links":{"self":[{"href":"https:\/\/cappiello.fr\/en\/wp-json\/wp\/v2\/product\/131872","targetHints":{"allow":["GET"]}}],"collection":[{"href":"https:\/\/cappiello.fr\/en\/wp-json\/wp\/v2\/product"}],"about":[{"href":"https:\/\/cappiello.fr\/en\/wp-json\/wp\/v2\/types\/product"}],"wp:featuredmedia":[{"embeddable":true,"href":"https:\/\/cappiello.fr\/en\/wp-json\/wp\/v2\/media\/131873"}],"wp:attachment":[{"href":"https:\/\/cappiello.fr\/en\/wp-json\/wp\/v2\/media?parent=131872"}],"wp:term":[{"taxonomy":"type-doeuvre","embeddable":true,"href":"https:\/\/cappiello.fr\/en\/wp-json\/wp\/v2\/type-doeuvre?post=131872"},{"taxonomy":"product_brand","embeddable":true,"href":"https:\/\/cappiello.fr\/en\/wp-json\/wp\/v2\/product_brand?post=131872"},{"taxonomy":"product_cat","embeddable":true,"href":"https:\/\/cappiello.fr\/en\/wp-json\/wp\/v2\/product_cat?post=131872"},{"taxonomy":"product_tag","embeddable":true,"href":"https:\/\/cappiello.fr\/en\/wp-json\/wp\/v2\/product_tag?post=131872"}],"curies":[{"name":"wp","href":"https:\/\/api.w.org\/{rel}","templated":true}]}}