{"id":131895,"date":"1901-01-01T00:00:00","date_gmt":"1900-12-31T23:50:39","guid":{"rendered":"https:\/\/cappiello.fr\/produit\/corset-le-furet-2\/"},"modified":"2025-05-14T07:56:23","modified_gmt":"2025-05-14T05:56:23","slug":"corset-le-furet-2","status":"publish","type":"product","link":"https:\/\/cappiello.fr\/en\/produit\/corset-le-furet-2\/","title":{"rendered":"Corset Le Furet"},"content":{"rendered":"<p>A blonde woman enjoys tightening her corset to have a slim waist.<\/p>\n<p>&#8220;You ask for my opinion on our poster, perhaps for the thousandth time\u2014I have just looked at it and cannot help but think that I will look at it many more times with the same admiring devotion. Cappiello exceeded our expectations. Never have French suppleness and grace been better captured than by the undulating lines of this body and the delightful smile of this woman\u2019s face, happy to have reconciled the demands of fashion with the prescriptions of medicine. This, gentlemen, is truly the work of a master. I frankly and conscientiously consider our poster to be one of the finest ever produced by the artist\u2019s hand, and so I cannot resist the pleasure of sharing the opinion of a collector who, upon requesting a poster from us, wrote verbatim: &#8216;It is one of the most graceful posters published in a long time.&#8217; As for the printing, though I am rather a layman in this matter, I gladly declare that it is entirely to the credit of your firm, and it is no small merit to conscientiously reproduce an artist\u2019s work\u2014I would even say it is more than a merit, it is a talent. We do not hesitate to declare that the commercial impact of our poster was very significant. It contributed to the popularization of our brand and secured it the place it deserved among so many others, both from a technical and a hygienic standpoint.&#8221; M. Giry, Malfille, Giry &#038; Tramasset successors. 192, rue Ste. Catherine, Bordeaux, June 17, 1903, to Mr. Vercasson [in Cappiello. Caricatures Posters Paintings. Grand Palais 1981]<\/p>\n","protected":false},"excerpt":{"rendered":"<p>Corset from the Le Furet factory located in the town of Le Tourne in Gironde.<\/p>\n","protected":false},"featured_media":131896,"template":"","meta":{"_acf_changed":false},"type-doeuvre":[4057],"product_brand":[],"product_cat":[3303],"product_tag":[3611,3357,3386],"class_list":{"0":"post-131895","1":"product","2":"type-product","3":"status-publish","4":"has-post-thumbnail","6":"type-doeuvre-affiches","7":"product_cat-underwear","8":"product_tag-show-en-5","9":"product_tag-pannier-dress-en","10":"product_tag-head","11":"pa_periode-1900-1918-en","12":"pa_type-de-contenu-lithography","14":"first","15":"instock","16":"virtual","17":"product-type-simple"},"acf":[],"yoast_head":"<!-- This site is optimized with the Yoast SEO Premium plugin v27.0 (Yoast SEO v27.4) - https:\/\/yoast.com\/product\/yoast-seo-premium-wordpress\/ -->\n<title>Corset Le Furet - Catalogue Raisonn\u00e9 de Leonetto Cappiello<\/title>\n<meta name=\"description\" content=\"A blonde woman takes pleasure in tightening her corset to achieve a slim waist. &quot;You ask for my opinion on our poster, perhaps for the thousandth time. I have just looked at it, and I cannot help but think that I will look at it many more times with the same admiring devotion. Cappiello exceeded our expectations. Never have French suppleness and grace been better captured than by the undulating lines of this body and the delightful smile of this woman\u2019s face, happy to have reconciled the demands of fashion with the prescriptions of medicine. This, gentlemen, is truly the work of a master. I consider our poster frankly and in all conscience to be one of the finest ever produced by the artist\u2019s hand. Thus, I cannot resist the pleasure of sharing the opinion of a collector who, upon requesting a poster from us, wrote verbatim: &#039;It is one of the most graceful to have been published in a long time.&#039; As for the printing, though rather unversed in the matter, I gladly declare that it is entirely to the credit of your firm, and it is no small merit to faithfully reproduce an artist\u2019s work\u2014indeed, I would say it is more than a merit, it is a talent. We do not hesitate to declare that the commercial impact of our poster was immense. It contributed to the popularization of our brand and secured it the place it deserved among so many others, both from a technical and hygienic standpoint.&quot; M. Giry, Malfille, Giry &amp; Tramasset successors. 192, rue Ste Catherine, Bordeaux, June 17, 1903, to Mr. Vercasson [in Cappiello. Caricatures Posters Paintings. Grand Palais 1981]\" \/>\n<meta name=\"robots\" content=\"index, follow, max-snippet:-1, max-image-preview:large, max-video-preview:-1\" \/>\n<link rel=\"canonical\" href=\"https:\/\/cappiello.fr\/en\/produit\/corset-le-furet-2\/\" \/>\n<meta property=\"og:locale\" content=\"en_US\" \/>\n<meta property=\"og:type\" content=\"article\" \/>\n<meta property=\"og:title\" content=\"Corset Le Furet\" \/>\n<meta property=\"og:description\" content=\"A blonde woman enjoys tightening her corset to achieve a slender waist. &quot;You ask for my opinion on our poster, perhaps for the thousandth time\u2014I have just looked at it again and cannot help but think that I will gaze upon it many more times with the same admiring devotion. Cappiello exceeded our expectations. Never have French suppleness and grace been better captured than by the undulating lines of this body and the delightful smile of this woman\u2019s face, happy to have reconciled the demands of fashion with the prescriptions of academia. This, gentlemen, is truly the work of a master. I consider our poster, frankly and in all conscience, one of the finest ever produced by the artist\u2019s hand. Thus, I cannot resist the pleasure of sharing the appraisal of a collector who, while requesting a poster from us, wrote verbatim: &#039;It is one of the most graceful to have been published in a long time.&#039; As for the printing, though rather unversed in the matter, I gladly declare it entirely to the credit of your firm\u2014and it is no small merit to faithfully reproduce an artist\u2019s work with care. I would even say it is more than a merit; it is a talent. We do not hesitate to declare that the commercial impact of our poster was immense. It contributed to the popularization of our brand and secured the place it deserved among so many others, both in terms of technique and hygiene.&quot; \u2014M. Giry, Malfille, Giry &amp; Tramasset, successors. 192, rue Ste Catherine, Bordeaux, June 17, 1903, to Mr. Vercasson [in Cappiello. Caricatures Posters Paintings. Grand Palais 1981]\" \/>\n<meta property=\"og:url\" content=\"https:\/\/cappiello.fr\/en\/produit\/corset-le-furet-2\/\" \/>\n<meta property=\"og:site_name\" content=\"Catalogue raisonn\u00e9 de Leonetto Cappiello\" \/>\n<meta property=\"article:modified_time\" content=\"2025-05-14T05:56:23+00:00\" \/>\n<meta property=\"og:image\" content=\"https:\/\/cappiello.fr\/wp-content\/uploads\/2024\/10\/Lithographie-affiche-publicitaire-corset-le-furet-3-cappiello-1901.jpg\" \/>\n\t<meta property=\"og:image:width\" content=\"571\" \/>\n\t<meta property=\"og:image:height\" content=\"800\" \/>\n\t<meta property=\"og:image:type\" content=\"image\/jpeg\" \/>\n<meta name=\"twitter:card\" content=\"summary_large_image\" \/>\n<meta name=\"twitter:title\" content=\"Corset Le Furet\" \/>\n<meta name=\"twitter:description\" content=\"A blonde woman takes pleasure in tightening her corset to achieve a slim waist. &quot;You ask for my opinion on our poster, perhaps for the thousandth time\u2014I have just looked at it, and I cannot help but think that I will look at it many more times with the same admiring devotion. Cappiello exceeded our expectations. Never have French suppleness and grace been better captured than by the undulating lines of this body and the delightful smile of this woman&#039;s face, happy to have reconciled the demands of fashion with the prescriptions of science. This, gentlemen, is truly the work of a master. I consider our poster frankly and in all conscience to be one of the finest ever produced by the artist&#039;s hand, and so I cannot resist the pleasure of sharing the opinion of a collector who, upon requesting a poster from us, wrote verbatim: &#039;It is one of the most graceful to have been published in a long time.&#039; As for the printing, though rather unversed in such matters, I gladly declare that it is entirely to the credit of your firm, and it is no small merit to faithfully reproduce an artist&#039;s work\u2014indeed, I would say it is more than a merit, it is a talent. We do not hesitate to declare that the commercial impact of our poster was immense. It contributed to the popularization of our brand and secured it the place it deserved among so many others, both from a technical standpoint and in terms of hygiene.&quot; M. Giry, Malfille, Giry &amp; Tramasset successors. 192, rue Ste Catherine, Bordeaux, June 17, 1903, to Mr. Vercasson [in Cappiello. Caricatures posters paintings. Grand Palais 1981]\" \/>\n<meta name=\"twitter:label1\" content=\"Price\" \/>\n\t<meta name=\"twitter:data1\" content=\"\" \/>\n\t<meta name=\"twitter:label2\" content=\"Availability\" \/>\n\t<meta name=\"twitter:data2\" content=\"In stock\" \/>\n<script type=\"application\/ld+json\" class=\"yoast-schema-graph\">{\"@context\":\"https:\\\/\\\/schema.org\",\"@graph\":[{\"@type\":[\"WebPage\",\"ItemPage\"],\"@id\":\"https:\\\/\\\/cappiello.fr\\\/en\\\/produit\\\/corset-le-furet-2\\\/\",\"url\":\"https:\\\/\\\/cappiello.fr\\\/en\\\/produit\\\/corset-le-furet-2\\\/\",\"name\":\"Corset Le Furet - Catalogue Raisonn\u00e9 de Leonetto Cappiello\",\"isPartOf\":{\"@id\":\"https:\\\/\\\/cappiello.fr\\\/en\\\/#website\"},\"primaryImageOfPage\":{\"@id\":\"https:\\\/\\\/cappiello.fr\\\/en\\\/produit\\\/corset-le-furet-2\\\/#primaryimage\"},\"image\":{\"@id\":\"https:\\\/\\\/cappiello.fr\\\/en\\\/produit\\\/corset-le-furet-2\\\/#primaryimage\"},\"thumbnailUrl\":\"https:\\\/\\\/cappiello.fr\\\/wp-content\\\/uploads\\\/2024\\\/10\\\/Lithographie-affiche-publicitaire-corset-le-furet-3-cappiello-1901.jpg\",\"datePublished\":\"1900-12-31T23:50:39+00:00\",\"dateModified\":\"2025-05-14T05:56:23+00:00\",\"description\":\"A blonde woman takes pleasure in tightening her corset to achieve a slim waist. \\\"You ask for my opinion on our poster, perhaps for the thousandth time. I have just looked at it, and I cannot help but think that I will look at it many more times with the same admiring devotion. Cappiello exceeded our expectations. Never have French suppleness and grace been better captured than by the undulating lines of this body and the delightful smile of this woman\u2019s face, happy to have reconciled the demands of fashion with the prescriptions of medicine. This, gentlemen, is truly the work of a master. I consider our poster frankly and in all conscience to be one of the finest ever produced by the artist\u2019s hand. Thus, I cannot resist the pleasure of sharing the opinion of a collector who, upon requesting a poster from us, wrote verbatim: 'It is one of the most graceful to have been published in a long time.' As for the printing, though rather unversed in the matter, I gladly declare that it is entirely to the credit of your firm, and it is no small merit to faithfully reproduce an artist\u2019s work\u2014indeed, I would say it is more than a merit, it is a talent. We do not hesitate to declare that the commercial impact of our poster was immense. It contributed to the popularization of our brand and secured it the place it deserved among so many others, both from a technical and hygienic standpoint.\\\" M. Giry, Malfille, Giry & Tramasset successors. 192, rue Ste Catherine, Bordeaux, June 17, 1903, to Mr. Vercasson [in Cappiello. Caricatures Posters Paintings. Grand Palais 1981]\",\"breadcrumb\":{\"@id\":\"https:\\\/\\\/cappiello.fr\\\/en\\\/produit\\\/corset-le-furet-2\\\/#breadcrumb\"},\"inLanguage\":\"en-US\",\"potentialAction\":[{\"@type\":\"ReadAction\",\"target\":[\"https:\\\/\\\/cappiello.fr\\\/en\\\/produit\\\/corset-le-furet-2\\\/\"]}]},{\"@type\":\"ImageObject\",\"inLanguage\":\"en-US\",\"@id\":\"https:\\\/\\\/cappiello.fr\\\/en\\\/produit\\\/corset-le-furet-2\\\/#primaryimage\",\"url\":\"https:\\\/\\\/cappiello.fr\\\/wp-content\\\/uploads\\\/2024\\\/10\\\/Lithographie-affiche-publicitaire-corset-le-furet-3-cappiello-1901.jpg\",\"contentUrl\":\"https:\\\/\\\/cappiello.fr\\\/wp-content\\\/uploads\\\/2024\\\/10\\\/Lithographie-affiche-publicitaire-corset-le-furet-3-cappiello-1901.jpg\",\"width\":571,\"height\":800,\"caption\":\"Corset\"},{\"@type\":\"BreadcrumbList\",\"@id\":\"https:\\\/\\\/cappiello.fr\\\/en\\\/produit\\\/corset-le-furet-2\\\/#breadcrumb\",\"itemListElement\":[{\"@type\":\"ListItem\",\"position\":1,\"name\":\"Accueil\",\"item\":\"https:\\\/\\\/cappiello.fr\\\/en\\\/\"},{\"@type\":\"ListItem\",\"position\":2,\"name\":\"The works\",\"item\":\"https:\\\/\\\/cappiello.fr\\\/en\\\/the-works\\\/\"},{\"@type\":\"ListItem\",\"position\":3,\"name\":\"Corset Le Furet\"}]},{\"@type\":\"WebSite\",\"@id\":\"https:\\\/\\\/cappiello.fr\\\/en\\\/#website\",\"url\":\"https:\\\/\\\/cappiello.fr\\\/en\\\/\",\"name\":\"Catalogue raisonn\u00e9 de Leonetto Cappiello\",\"description\":\"Plongez dans l&#039;univers de Leonetto Cappiello, le p\u00e8re de la publicit\u00e9 moderne\",\"potentialAction\":[{\"@type\":\"SearchAction\",\"target\":{\"@type\":\"EntryPoint\",\"urlTemplate\":\"https:\\\/\\\/cappiello.fr\\\/en\\\/?s={search_term_string}\"},\"query-input\":{\"@type\":\"PropertyValueSpecification\",\"valueRequired\":true,\"valueName\":\"search_term_string\"}}],\"inLanguage\":\"en-US\"}]}<\/script>\n<meta property=\"product:price:currency\" content=\"EUR\" \/>\n<meta property=\"og:availability\" content=\"instock\" \/>\n<meta property=\"product:availability\" content=\"instock\" \/>\n<meta property=\"product:retailer_item_id\" content=\"1901002Z0 et 1901002Z1\" \/>\n<meta property=\"product:condition\" content=\"new\" \/>\n<!-- \/ Yoast SEO Premium plugin. -->","yoast_head_json":{"title":"Corset Le Furet - Catalogue Raisonn\u00e9 de Leonetto Cappiello","description":"A blonde woman takes pleasure in tightening her corset to achieve a slim waist. \"You ask for my opinion on our poster, perhaps for the thousandth time. I have just looked at it, and I cannot help but think that I will look at it many more times with the same admiring devotion. Cappiello exceeded our expectations. Never have French suppleness and grace been better captured than by the undulating lines of this body and the delightful smile of this woman\u2019s face, happy to have reconciled the demands of fashion with the prescriptions of medicine. This, gentlemen, is truly the work of a master. I consider our poster frankly and in all conscience to be one of the finest ever produced by the artist\u2019s hand. Thus, I cannot resist the pleasure of sharing the opinion of a collector who, upon requesting a poster from us, wrote verbatim: 'It is one of the most graceful to have been published in a long time.' As for the printing, though rather unversed in the matter, I gladly declare that it is entirely to the credit of your firm, and it is no small merit to faithfully reproduce an artist\u2019s work\u2014indeed, I would say it is more than a merit, it is a talent. We do not hesitate to declare that the commercial impact of our poster was immense. It contributed to the popularization of our brand and secured it the place it deserved among so many others, both from a technical and hygienic standpoint.\" M. Giry, Malfille, Giry & Tramasset successors. 192, rue Ste Catherine, Bordeaux, June 17, 1903, to Mr. Vercasson [in Cappiello. Caricatures Posters Paintings. Grand Palais 1981]","robots":{"index":"index","follow":"follow","max-snippet":"max-snippet:-1","max-image-preview":"max-image-preview:large","max-video-preview":"max-video-preview:-1"},"canonical":"https:\/\/cappiello.fr\/en\/produit\/corset-le-furet-2\/","og_locale":"en_US","og_type":"article","og_title":"Corset Le Furet","og_description":"A blonde woman enjoys tightening her corset to achieve a slender waist. \"You ask for my opinion on our poster, perhaps for the thousandth time\u2014I have just looked at it again and cannot help but think that I will gaze upon it many more times with the same admiring devotion. Cappiello exceeded our expectations. Never have French suppleness and grace been better captured than by the undulating lines of this body and the delightful smile of this woman\u2019s face, happy to have reconciled the demands of fashion with the prescriptions of academia. This, gentlemen, is truly the work of a master. I consider our poster, frankly and in all conscience, one of the finest ever produced by the artist\u2019s hand. Thus, I cannot resist the pleasure of sharing the appraisal of a collector who, while requesting a poster from us, wrote verbatim: 'It is one of the most graceful to have been published in a long time.' As for the printing, though rather unversed in the matter, I gladly declare it entirely to the credit of your firm\u2014and it is no small merit to faithfully reproduce an artist\u2019s work with care. I would even say it is more than a merit; it is a talent. We do not hesitate to declare that the commercial impact of our poster was immense. It contributed to the popularization of our brand and secured the place it deserved among so many others, both in terms of technique and hygiene.\" \u2014M. Giry, Malfille, Giry & Tramasset, successors. 192, rue Ste Catherine, Bordeaux, June 17, 1903, to Mr. Vercasson [in Cappiello. Caricatures Posters Paintings. Grand Palais 1981]","og_url":"https:\/\/cappiello.fr\/en\/produit\/corset-le-furet-2\/","og_site_name":"Catalogue raisonn\u00e9 de Leonetto Cappiello","article_modified_time":"2025-05-14T05:56:23+00:00","og_image":[{"width":571,"height":800,"url":"https:\/\/cappiello.fr\/wp-content\/uploads\/2024\/10\/Lithographie-affiche-publicitaire-corset-le-furet-3-cappiello-1901.jpg","type":"image\/jpeg"}],"twitter_card":"summary_large_image","twitter_title":"Corset Le Furet","twitter_description":"A blonde woman takes pleasure in tightening her corset to achieve a slim waist. \"You ask for my opinion on our poster, perhaps for the thousandth time\u2014I have just looked at it, and I cannot help but think that I will look at it many more times with the same admiring devotion. Cappiello exceeded our expectations. Never have French suppleness and grace been better captured than by the undulating lines of this body and the delightful smile of this woman's face, happy to have reconciled the demands of fashion with the prescriptions of science. This, gentlemen, is truly the work of a master. I consider our poster frankly and in all conscience to be one of the finest ever produced by the artist's hand, and so I cannot resist the pleasure of sharing the opinion of a collector who, upon requesting a poster from us, wrote verbatim: 'It is one of the most graceful to have been published in a long time.' As for the printing, though rather unversed in such matters, I gladly declare that it is entirely to the credit of your firm, and it is no small merit to faithfully reproduce an artist's work\u2014indeed, I would say it is more than a merit, it is a talent. We do not hesitate to declare that the commercial impact of our poster was immense. It contributed to the popularization of our brand and secured it the place it deserved among so many others, both from a technical standpoint and in terms of hygiene.\" M. Giry, Malfille, Giry & Tramasset successors. 192, rue Ste Catherine, Bordeaux, June 17, 1903, to Mr. Vercasson [in Cappiello. Caricatures posters paintings. Grand Palais 1981]","twitter_misc":{"Price":"","Availability":"In stock"},"schema":{"@context":"https:\/\/schema.org","@graph":[{"@type":["WebPage","ItemPage"],"@id":"https:\/\/cappiello.fr\/en\/produit\/corset-le-furet-2\/","url":"https:\/\/cappiello.fr\/en\/produit\/corset-le-furet-2\/","name":"Corset Le Furet - Catalogue Raisonn\u00e9 de Leonetto Cappiello","isPartOf":{"@id":"https:\/\/cappiello.fr\/en\/#website"},"primaryImageOfPage":{"@id":"https:\/\/cappiello.fr\/en\/produit\/corset-le-furet-2\/#primaryimage"},"image":{"@id":"https:\/\/cappiello.fr\/en\/produit\/corset-le-furet-2\/#primaryimage"},"thumbnailUrl":"https:\/\/cappiello.fr\/wp-content\/uploads\/2024\/10\/Lithographie-affiche-publicitaire-corset-le-furet-3-cappiello-1901.jpg","datePublished":"1900-12-31T23:50:39+00:00","dateModified":"2025-05-14T05:56:23+00:00","description":"A blonde woman takes pleasure in tightening her corset to achieve a slim waist. \"You ask for my opinion on our poster, perhaps for the thousandth time. I have just looked at it, and I cannot help but think that I will look at it many more times with the same admiring devotion. Cappiello exceeded our expectations. Never have French suppleness and grace been better captured than by the undulating lines of this body and the delightful smile of this woman\u2019s face, happy to have reconciled the demands of fashion with the prescriptions of medicine. This, gentlemen, is truly the work of a master. I consider our poster frankly and in all conscience to be one of the finest ever produced by the artist\u2019s hand. Thus, I cannot resist the pleasure of sharing the opinion of a collector who, upon requesting a poster from us, wrote verbatim: 'It is one of the most graceful to have been published in a long time.' As for the printing, though rather unversed in the matter, I gladly declare that it is entirely to the credit of your firm, and it is no small merit to faithfully reproduce an artist\u2019s work\u2014indeed, I would say it is more than a merit, it is a talent. We do not hesitate to declare that the commercial impact of our poster was immense. It contributed to the popularization of our brand and secured it the place it deserved among so many others, both from a technical and hygienic standpoint.\" M. Giry, Malfille, Giry & Tramasset successors. 192, rue Ste Catherine, Bordeaux, June 17, 1903, to Mr. Vercasson [in Cappiello. Caricatures Posters Paintings. Grand Palais 1981]","breadcrumb":{"@id":"https:\/\/cappiello.fr\/en\/produit\/corset-le-furet-2\/#breadcrumb"},"inLanguage":"en-US","potentialAction":[{"@type":"ReadAction","target":["https:\/\/cappiello.fr\/en\/produit\/corset-le-furet-2\/"]}]},{"@type":"ImageObject","inLanguage":"en-US","@id":"https:\/\/cappiello.fr\/en\/produit\/corset-le-furet-2\/#primaryimage","url":"https:\/\/cappiello.fr\/wp-content\/uploads\/2024\/10\/Lithographie-affiche-publicitaire-corset-le-furet-3-cappiello-1901.jpg","contentUrl":"https:\/\/cappiello.fr\/wp-content\/uploads\/2024\/10\/Lithographie-affiche-publicitaire-corset-le-furet-3-cappiello-1901.jpg","width":571,"height":800,"caption":"Corset"},{"@type":"BreadcrumbList","@id":"https:\/\/cappiello.fr\/en\/produit\/corset-le-furet-2\/#breadcrumb","itemListElement":[{"@type":"ListItem","position":1,"name":"Accueil","item":"https:\/\/cappiello.fr\/en\/"},{"@type":"ListItem","position":2,"name":"The works","item":"https:\/\/cappiello.fr\/en\/the-works\/"},{"@type":"ListItem","position":3,"name":"Corset Le Furet"}]},{"@type":"WebSite","@id":"https:\/\/cappiello.fr\/en\/#website","url":"https:\/\/cappiello.fr\/en\/","name":"Catalogue raisonn\u00e9 de Leonetto Cappiello","description":"Plongez dans l&#039;univers de Leonetto Cappiello, le p\u00e8re de la publicit\u00e9 moderne","potentialAction":[{"@type":"SearchAction","target":{"@type":"EntryPoint","urlTemplate":"https:\/\/cappiello.fr\/en\/?s={search_term_string}"},"query-input":{"@type":"PropertyValueSpecification","valueRequired":true,"valueName":"search_term_string"}}],"inLanguage":"en-US"}]},"product_price_currency":"EUR","og_availability":"instock","product_availability":"instock","product_retailer_item_id":"1901002Z0 et 1901002Z1","product_condition":"new"},"_links":{"self":[{"href":"https:\/\/cappiello.fr\/en\/wp-json\/wp\/v2\/product\/131895","targetHints":{"allow":["GET"]}}],"collection":[{"href":"https:\/\/cappiello.fr\/en\/wp-json\/wp\/v2\/product"}],"about":[{"href":"https:\/\/cappiello.fr\/en\/wp-json\/wp\/v2\/types\/product"}],"wp:featuredmedia":[{"embeddable":true,"href":"https:\/\/cappiello.fr\/en\/wp-json\/wp\/v2\/media\/131896"}],"wp:attachment":[{"href":"https:\/\/cappiello.fr\/en\/wp-json\/wp\/v2\/media?parent=131895"}],"wp:term":[{"taxonomy":"type-doeuvre","embeddable":true,"href":"https:\/\/cappiello.fr\/en\/wp-json\/wp\/v2\/type-doeuvre?post=131895"},{"taxonomy":"product_brand","embeddable":true,"href":"https:\/\/cappiello.fr\/en\/wp-json\/wp\/v2\/product_brand?post=131895"},{"taxonomy":"product_cat","embeddable":true,"href":"https:\/\/cappiello.fr\/en\/wp-json\/wp\/v2\/product_cat?post=131895"},{"taxonomy":"product_tag","embeddable":true,"href":"https:\/\/cappiello.fr\/en\/wp-json\/wp\/v2\/product_tag?post=131895"}],"curies":[{"name":"wp","href":"https:\/\/api.w.org\/{rel}","templated":true}]}}