{"id":131900,"date":"1901-01-01T00:00:00","date_gmt":"1900-12-31T23:50:39","guid":{"rendered":"https:\/\/cappiello.fr\/produit\/bec-regina\/"},"modified":"2025-05-15T00:02:31","modified_gmt":"2025-05-14T22:02:31","slug":"bec-regina","status":"publish","type":"product","link":"https:\/\/cappiello.fr\/en\/produit\/bec-regina\/","title":{"rendered":"Bec Regina"},"content":{"rendered":"<p>In the darkness, a woman is dazzled by the light of an incandescent lamp. She shields her eyes with her hand. <\/p>\n<p>&#8220;Sketch made in October 1901 and paid 500 F to the artist. <br \/>\u00ab<em>As you requested in your letter of the 8th of this month, I make no effort to deny that the Cappiello poster delivered by you for the &#8216;Bec Regina&#8217; was highly noted for its artistic character. I must add that it certainly contributed significantly to the current growth in sales of our alcohol burners.<\/em>\u00bb <br \/>Mr. E de Chabaneix, Lighting and Heating by Alcohol, &#8216;Le Richelieu,&#8217; June 1903, to Mr. Vercasson.&#8221;<br \/>[in Cappiello 1875-1942: Caricatures, Posters, Paintings, and Decorative Projects, 1981]<\/p>\n","protected":false},"excerpt":{"rendered":"<p>Incandescent lamp<\/p>\n","protected":false},"featured_media":131901,"template":"","meta":{"_acf_changed":false},"type-doeuvre":[4057],"product_brand":[],"product_cat":[3376],"product_tag":[3815,3829,3828,3386],"class_list":{"0":"post-131900","1":"product","2":"type-product","3":"status-publish","4":"has-post-thumbnail","6":"type-doeuvre-affiches","7":"product_cat-all-other-industrial-products","8":"product_tag-city-en-3","9":"product_tag-incandescent-lamp-en","10":"product_tag-incandescent-lamp","11":"product_tag-head","12":"pa_periode-1900-1918-en","13":"pa_type-de-contenu-lithography","15":"first","16":"instock","17":"virtual","18":"product-type-simple"},"acf":[],"yoast_head":"<!-- This site is optimized with the Yoast SEO Premium plugin v27.0 (Yoast SEO v27.4) - https:\/\/yoast.com\/product\/yoast-seo-premium-wordpress\/ -->\n<title>Bec Regina - Catalogue Raisonn\u00e9 de Leonetto Cappiello<\/title>\n<meta name=\"description\" content=\"In the darkness, a woman is dazzled by the light of an incandescent lamp. She shields her eyes with her hand. &quot;Sketch made in October 1901 and paid 500 F to the artist. As you requested in your letter of the 8th of this month, I make no effort to deny that the poster by Cappiello delivered by you for the &#039;Bec Regina&#039; was highly noted for its artistic character. I must add that it certainly contributed greatly to the current growth in sales of our alcohol burners.&quot; Mr. E de Chabaneix, Lighting and Heating by Alcohol, &#039;Le Richelieu,&#039; June 1903, to Mr. Vercasson. [in Cappiello 1875-1942: Caricatures, Posters, Paintings and Decorative Projects, 1981]\" \/>\n<meta name=\"robots\" content=\"index, follow, max-snippet:-1, max-image-preview:large, max-video-preview:-1\" \/>\n<link rel=\"canonical\" href=\"https:\/\/cappiello.fr\/en\/produit\/bec-regina\/\" \/>\n<meta property=\"og:locale\" content=\"en_US\" \/>\n<meta property=\"og:type\" content=\"article\" \/>\n<meta property=\"og:title\" content=\"Bec Regina\" \/>\n<meta property=\"og:description\" content=\"In the darkness, a woman is dazzled by the light of an incandescent lamp. She shields her eyes with her hand. &quot;Sketch made in October 1901 and paid 500 F to the artist. As you requested in your letter of the 8th of this month, I make no effort to deny that the poster by Cappiello delivered by you for the &#039;Bec Regina&#039; was highly noted for its artistic character. I must add that it certainly contributed greatly to the current growth in sales of our alcohol burners.&quot; Mr. E de Chabaneix, Lighting and Heating by Alcohol, &#039;Le Richelieu,&#039; June 1903, to Mr. Vercasson. [in Cappiello 1875-1942: Caricatures, Posters, Paintings and Decorative Projects, 1981]\" \/>\n<meta property=\"og:url\" content=\"https:\/\/cappiello.fr\/en\/produit\/bec-regina\/\" \/>\n<meta property=\"og:site_name\" content=\"Catalogue raisonn\u00e9 de Leonetto Cappiello\" \/>\n<meta property=\"article:modified_time\" content=\"2025-05-14T22:02:31+00:00\" \/>\n<meta property=\"og:image\" content=\"https:\/\/cappiello.fr\/wp-content\/uploads\/2024\/10\/Lithographie-affiche-publicitaire-bec-regina-2-cappiello-1901.jpg\" \/>\n\t<meta property=\"og:image:width\" content=\"570\" \/>\n\t<meta property=\"og:image:height\" content=\"800\" \/>\n\t<meta property=\"og:image:type\" content=\"image\/jpeg\" \/>\n<meta name=\"twitter:card\" content=\"summary_large_image\" \/>\n<meta name=\"twitter:title\" content=\"Bec Regina\" \/>\n<meta name=\"twitter:description\" content=\"In the darkness, a woman is dazzled by the light of an incandescent lamp. She shields her eyes with her hand. &quot;Sketch made in October 1901 and paid 500 F to the artist. As you requested in your letter of the 8th of this month, I make no effort to deny that the poster by Cappiello delivered by you for the &#039;Bec Regina&#039; was highly noted for its artistic character. I must add that it certainly contributed greatly to the current growth in sales of our alcohol burners.&quot; Mr. E de Chabaneix, Lighting and Heating by Alcohol, &#039;Le Richelieu,&#039; June 1903, to Mr. Vercasson. [in Cappiello 1875-1942: Caricatures, Posters, Paintings and Decorative Projects, 1981]\" \/>\n<meta name=\"twitter:label1\" content=\"Price\" \/>\n\t<meta name=\"twitter:data1\" content=\"\" \/>\n\t<meta name=\"twitter:label2\" content=\"Availability\" \/>\n\t<meta name=\"twitter:data2\" content=\"In stock\" \/>\n<script type=\"application\/ld+json\" class=\"yoast-schema-graph\">{\"@context\":\"https:\\\/\\\/schema.org\",\"@graph\":[{\"@type\":[\"WebPage\",\"ItemPage\"],\"@id\":\"https:\\\/\\\/cappiello.fr\\\/en\\\/produit\\\/bec-regina\\\/\",\"url\":\"https:\\\/\\\/cappiello.fr\\\/en\\\/produit\\\/bec-regina\\\/\",\"name\":\"Bec Regina - Catalogue Raisonn\u00e9 de Leonetto Cappiello\",\"isPartOf\":{\"@id\":\"https:\\\/\\\/cappiello.fr\\\/en\\\/#website\"},\"primaryImageOfPage\":{\"@id\":\"https:\\\/\\\/cappiello.fr\\\/en\\\/produit\\\/bec-regina\\\/#primaryimage\"},\"image\":{\"@id\":\"https:\\\/\\\/cappiello.fr\\\/en\\\/produit\\\/bec-regina\\\/#primaryimage\"},\"thumbnailUrl\":\"https:\\\/\\\/cappiello.fr\\\/wp-content\\\/uploads\\\/2024\\\/10\\\/Lithographie-affiche-publicitaire-bec-regina-2-cappiello-1901.jpg\",\"datePublished\":\"1900-12-31T23:50:39+00:00\",\"dateModified\":\"2025-05-14T22:02:31+00:00\",\"description\":\"In the darkness, a woman is dazzled by the light of an incandescent lamp. She shields her eyes with her hand. \\\"Sketch made in October 1901 and paid 500 F to the artist. As you requested in your letter of the 8th of this month, I make no effort to deny that the poster by Cappiello delivered by you for the 'Bec Regina' was highly noted for its artistic character. I must add that it certainly contributed greatly to the current growth in sales of our alcohol burners.\\\" Mr. E de Chabaneix, Lighting and Heating by Alcohol, 'Le Richelieu,' June 1903, to Mr. Vercasson. [in Cappiello 1875-1942: Caricatures, Posters, Paintings and Decorative Projects, 1981]\",\"breadcrumb\":{\"@id\":\"https:\\\/\\\/cappiello.fr\\\/en\\\/produit\\\/bec-regina\\\/#breadcrumb\"},\"inLanguage\":\"en-US\",\"potentialAction\":[{\"@type\":\"ReadAction\",\"target\":[\"https:\\\/\\\/cappiello.fr\\\/en\\\/produit\\\/bec-regina\\\/\"]}]},{\"@type\":\"ImageObject\",\"inLanguage\":\"en-US\",\"@id\":\"https:\\\/\\\/cappiello.fr\\\/en\\\/produit\\\/bec-regina\\\/#primaryimage\",\"url\":\"https:\\\/\\\/cappiello.fr\\\/wp-content\\\/uploads\\\/2024\\\/10\\\/Lithographie-affiche-publicitaire-bec-regina-2-cappiello-1901.jpg\",\"contentUrl\":\"https:\\\/\\\/cappiello.fr\\\/wp-content\\\/uploads\\\/2024\\\/10\\\/Lithographie-affiche-publicitaire-bec-regina-2-cappiello-1901.jpg\",\"width\":570,\"height\":800,\"caption\":\"Incandescent lamp\"},{\"@type\":\"BreadcrumbList\",\"@id\":\"https:\\\/\\\/cappiello.fr\\\/en\\\/produit\\\/bec-regina\\\/#breadcrumb\",\"itemListElement\":[{\"@type\":\"ListItem\",\"position\":1,\"name\":\"Accueil\",\"item\":\"https:\\\/\\\/cappiello.fr\\\/en\\\/\"},{\"@type\":\"ListItem\",\"position\":2,\"name\":\"The works\",\"item\":\"https:\\\/\\\/cappiello.fr\\\/en\\\/the-works\\\/\"},{\"@type\":\"ListItem\",\"position\":3,\"name\":\"Bec Regina\"}]},{\"@type\":\"WebSite\",\"@id\":\"https:\\\/\\\/cappiello.fr\\\/en\\\/#website\",\"url\":\"https:\\\/\\\/cappiello.fr\\\/en\\\/\",\"name\":\"Catalogue raisonn\u00e9 de Leonetto Cappiello\",\"description\":\"Plongez dans l&#039;univers de Leonetto Cappiello, le p\u00e8re de la publicit\u00e9 moderne\",\"potentialAction\":[{\"@type\":\"SearchAction\",\"target\":{\"@type\":\"EntryPoint\",\"urlTemplate\":\"https:\\\/\\\/cappiello.fr\\\/en\\\/?s={search_term_string}\"},\"query-input\":{\"@type\":\"PropertyValueSpecification\",\"valueRequired\":true,\"valueName\":\"search_term_string\"}}],\"inLanguage\":\"en-US\"}]}<\/script>\n<meta property=\"product:price:currency\" content=\"EUR\" \/>\n<meta property=\"og:availability\" content=\"instock\" \/>\n<meta property=\"product:availability\" content=\"instock\" \/>\n<meta property=\"product:retailer_item_id\" content=\"1901006Z0\" \/>\n<meta property=\"product:condition\" content=\"new\" \/>\n<!-- \/ Yoast SEO Premium plugin. -->","yoast_head_json":{"title":"Bec Regina - Catalogue Raisonn\u00e9 de Leonetto Cappiello","description":"In the darkness, a woman is dazzled by the light of an incandescent lamp. She shields her eyes with her hand. \"Sketch made in October 1901 and paid 500 F to the artist. As you requested in your letter of the 8th of this month, I make no effort to deny that the poster by Cappiello delivered by you for the 'Bec Regina' was highly noted for its artistic character. I must add that it certainly contributed greatly to the current growth in sales of our alcohol burners.\" Mr. E de Chabaneix, Lighting and Heating by Alcohol, 'Le Richelieu,' June 1903, to Mr. Vercasson. [in Cappiello 1875-1942: Caricatures, Posters, Paintings and Decorative Projects, 1981]","robots":{"index":"index","follow":"follow","max-snippet":"max-snippet:-1","max-image-preview":"max-image-preview:large","max-video-preview":"max-video-preview:-1"},"canonical":"https:\/\/cappiello.fr\/en\/produit\/bec-regina\/","og_locale":"en_US","og_type":"article","og_title":"Bec Regina","og_description":"In the darkness, a woman is dazzled by the light of an incandescent lamp. She shields her eyes with her hand. \"Sketch made in October 1901 and paid 500 F to the artist. As you requested in your letter of the 8th of this month, I make no effort to deny that the poster by Cappiello delivered by you for the 'Bec Regina' was highly noted for its artistic character. I must add that it certainly contributed greatly to the current growth in sales of our alcohol burners.\" Mr. E de Chabaneix, Lighting and Heating by Alcohol, 'Le Richelieu,' June 1903, to Mr. Vercasson. [in Cappiello 1875-1942: Caricatures, Posters, Paintings and Decorative Projects, 1981]","og_url":"https:\/\/cappiello.fr\/en\/produit\/bec-regina\/","og_site_name":"Catalogue raisonn\u00e9 de Leonetto Cappiello","article_modified_time":"2025-05-14T22:02:31+00:00","og_image":[{"width":570,"height":800,"url":"https:\/\/cappiello.fr\/wp-content\/uploads\/2024\/10\/Lithographie-affiche-publicitaire-bec-regina-2-cappiello-1901.jpg","type":"image\/jpeg"}],"twitter_card":"summary_large_image","twitter_title":"Bec Regina","twitter_description":"In the darkness, a woman is dazzled by the light of an incandescent lamp. She shields her eyes with her hand. \"Sketch made in October 1901 and paid 500 F to the artist. As you requested in your letter of the 8th of this month, I make no effort to deny that the poster by Cappiello delivered by you for the 'Bec Regina' was highly noted for its artistic character. I must add that it certainly contributed greatly to the current growth in sales of our alcohol burners.\" Mr. E de Chabaneix, Lighting and Heating by Alcohol, 'Le Richelieu,' June 1903, to Mr. Vercasson. [in Cappiello 1875-1942: Caricatures, Posters, Paintings and Decorative Projects, 1981]","twitter_misc":{"Price":"","Availability":"In stock"},"schema":{"@context":"https:\/\/schema.org","@graph":[{"@type":["WebPage","ItemPage"],"@id":"https:\/\/cappiello.fr\/en\/produit\/bec-regina\/","url":"https:\/\/cappiello.fr\/en\/produit\/bec-regina\/","name":"Bec Regina - Catalogue Raisonn\u00e9 de Leonetto Cappiello","isPartOf":{"@id":"https:\/\/cappiello.fr\/en\/#website"},"primaryImageOfPage":{"@id":"https:\/\/cappiello.fr\/en\/produit\/bec-regina\/#primaryimage"},"image":{"@id":"https:\/\/cappiello.fr\/en\/produit\/bec-regina\/#primaryimage"},"thumbnailUrl":"https:\/\/cappiello.fr\/wp-content\/uploads\/2024\/10\/Lithographie-affiche-publicitaire-bec-regina-2-cappiello-1901.jpg","datePublished":"1900-12-31T23:50:39+00:00","dateModified":"2025-05-14T22:02:31+00:00","description":"In the darkness, a woman is dazzled by the light of an incandescent lamp. She shields her eyes with her hand. \"Sketch made in October 1901 and paid 500 F to the artist. As you requested in your letter of the 8th of this month, I make no effort to deny that the poster by Cappiello delivered by you for the 'Bec Regina' was highly noted for its artistic character. I must add that it certainly contributed greatly to the current growth in sales of our alcohol burners.\" Mr. E de Chabaneix, Lighting and Heating by Alcohol, 'Le Richelieu,' June 1903, to Mr. Vercasson. [in Cappiello 1875-1942: Caricatures, Posters, Paintings and Decorative Projects, 1981]","breadcrumb":{"@id":"https:\/\/cappiello.fr\/en\/produit\/bec-regina\/#breadcrumb"},"inLanguage":"en-US","potentialAction":[{"@type":"ReadAction","target":["https:\/\/cappiello.fr\/en\/produit\/bec-regina\/"]}]},{"@type":"ImageObject","inLanguage":"en-US","@id":"https:\/\/cappiello.fr\/en\/produit\/bec-regina\/#primaryimage","url":"https:\/\/cappiello.fr\/wp-content\/uploads\/2024\/10\/Lithographie-affiche-publicitaire-bec-regina-2-cappiello-1901.jpg","contentUrl":"https:\/\/cappiello.fr\/wp-content\/uploads\/2024\/10\/Lithographie-affiche-publicitaire-bec-regina-2-cappiello-1901.jpg","width":570,"height":800,"caption":"Incandescent lamp"},{"@type":"BreadcrumbList","@id":"https:\/\/cappiello.fr\/en\/produit\/bec-regina\/#breadcrumb","itemListElement":[{"@type":"ListItem","position":1,"name":"Accueil","item":"https:\/\/cappiello.fr\/en\/"},{"@type":"ListItem","position":2,"name":"The works","item":"https:\/\/cappiello.fr\/en\/the-works\/"},{"@type":"ListItem","position":3,"name":"Bec Regina"}]},{"@type":"WebSite","@id":"https:\/\/cappiello.fr\/en\/#website","url":"https:\/\/cappiello.fr\/en\/","name":"Catalogue raisonn\u00e9 de Leonetto Cappiello","description":"Plongez dans l&#039;univers de Leonetto Cappiello, le p\u00e8re de la publicit\u00e9 moderne","potentialAction":[{"@type":"SearchAction","target":{"@type":"EntryPoint","urlTemplate":"https:\/\/cappiello.fr\/en\/?s={search_term_string}"},"query-input":{"@type":"PropertyValueSpecification","valueRequired":true,"valueName":"search_term_string"}}],"inLanguage":"en-US"}]},"product_price_currency":"EUR","og_availability":"instock","product_availability":"instock","product_retailer_item_id":"1901006Z0","product_condition":"new"},"_links":{"self":[{"href":"https:\/\/cappiello.fr\/en\/wp-json\/wp\/v2\/product\/131900","targetHints":{"allow":["GET"]}}],"collection":[{"href":"https:\/\/cappiello.fr\/en\/wp-json\/wp\/v2\/product"}],"about":[{"href":"https:\/\/cappiello.fr\/en\/wp-json\/wp\/v2\/types\/product"}],"wp:featuredmedia":[{"embeddable":true,"href":"https:\/\/cappiello.fr\/en\/wp-json\/wp\/v2\/media\/131901"}],"wp:attachment":[{"href":"https:\/\/cappiello.fr\/en\/wp-json\/wp\/v2\/media?parent=131900"}],"wp:term":[{"taxonomy":"type-doeuvre","embeddable":true,"href":"https:\/\/cappiello.fr\/en\/wp-json\/wp\/v2\/type-doeuvre?post=131900"},{"taxonomy":"product_brand","embeddable":true,"href":"https:\/\/cappiello.fr\/en\/wp-json\/wp\/v2\/product_brand?post=131900"},{"taxonomy":"product_cat","embeddable":true,"href":"https:\/\/cappiello.fr\/en\/wp-json\/wp\/v2\/product_cat?post=131900"},{"taxonomy":"product_tag","embeddable":true,"href":"https:\/\/cappiello.fr\/en\/wp-json\/wp\/v2\/product_tag?post=131900"}],"curies":[{"name":"wp","href":"https:\/\/api.w.org\/{rel}","templated":true}]}}