{"id":131902,"date":"1901-01-01T00:00:00","date_gmt":"1900-12-31T23:50:39","guid":{"rendered":"https:\/\/cappiello.fr\/produit\/the-6\/"},"modified":"2025-05-15T00:02:33","modified_gmt":"2025-05-14T22:02:33","slug":"the-6","status":"publish","type":"product","link":"https:\/\/cappiello.fr\/en\/produit\/the-6\/","title":{"rendered":"Absinthe Ducros Fils"},"content":{"rendered":"<p>An elegant and joyful woman holds up a bottle of absinthe with a charming smile.<br \/>\n&#8220;He began by drawing our dearest actresses with an artificial and sharp line; his success was assured. Now he lavishes posters on our walls. Absinthes, biscuits, corsets, cakes, Cappiello&#8217;s laughing women &#8216;launch&#8217; all the novelties on every billboard; they are Parisians with smiling lashes, their eyes close voluptuously, their lips part to reveal dazzling teeth, their tiny waists arch&#8230;, and their brilliance lasts as long as a downpour&#8230;&#8221;<br \/>\nMartin Gale, La Presse, October 16, 1902.<\/p>\n","protected":false},"excerpt":{"rendered":"<p>Absinthe liqueur produced by Maison Ducros Fils in Valence sur Rh\u00f4ne in the Dr\u00f4me.<\/p>\n","protected":false},"featured_media":131903,"template":"","meta":{"_acf_changed":false},"type-doeuvre":[4057],"product_brand":[],"product_cat":[3326],"product_tag":[3290,3366,3250,3502,3537,3265,3467,3528,3311],"class_list":{"0":"post-131902","1":"product","2":"type-product","3":"status-publish","4":"has-post-thumbnail","6":"type-doeuvre-affiches","7":"product_cat-liqueurs","8":"product_tag-mustache-en","9":"product_tag-beach","10":"product_tag-hat","11":"product_tag-dress-en-2","12":"product_tag-smile-en-2","13":"product_tag-face-en","14":"product_tag-rose-en-5","15":"product_tag-rug-en","16":"product_tag-society-woman","17":"pa_periode-1900-1918-en","18":"pa_type-de-contenu-lithography","20":"first","21":"instock","22":"virtual","23":"product-type-simple"},"acf":[],"yoast_head":"<!-- This site is optimized with the Yoast SEO Premium plugin v27.0 (Yoast SEO v27.4) - https:\/\/yoast.com\/product\/yoast-seo-premium-wordpress\/ -->\n<title>Absinthe Ducros Fils - Catalogue Raisonn\u00e9 de Leonetto Cappiello<\/title>\n<meta name=\"description\" content=\"An elegant and joyful woman waves a bottle of absinthe with a charming smile. &quot;He began by drawing our dearest actresses with an artificial and sharp line; his success was assured. Here he is, plastering posters on our walls. Absinthes, biscuits, corsets, cakes, Cappiello&#039;s laughing women &#039;launch&#039; all the novelties on every billboard; they are Parisian women with smiling lashes, their eyes close voluptuously, their lips part to reveal dazzling teeth, their slender waists arch..., and their brilliance lasts as long as a downpour...&quot; Martin Gale, La Presse, October 16, 1902.\" \/>\n<meta name=\"robots\" content=\"index, follow, max-snippet:-1, max-image-preview:large, max-video-preview:-1\" \/>\n<link rel=\"canonical\" href=\"https:\/\/cappiello.fr\/en\/produit\/the-6\/\" \/>\n<meta property=\"og:locale\" content=\"en_US\" \/>\n<meta property=\"og:type\" content=\"article\" \/>\n<meta property=\"og:title\" content=\"Absinthe Ducros Fils\" \/>\n<meta property=\"og:description\" content=\"An elegant and joyful woman waves a bottle of absinthe with a charming smile. &quot;He began by drawing our dearest actresses with an artificial and sharp line; his success was assured. Here he is, plastering posters on our walls. Absinthes, biscuits, corsets, cakes, Cappiello&#039;s laughing women &#039;launch&#039; all the novelties on every billboard; they are Parisian women with smiling lashes, their eyes close voluptuously, their lips part to reveal dazzling teeth, their slender waists arch..., and their brilliance lasts as long as a downpour...&quot; Martin Gale, La Presse, October 16, 1902.\" \/>\n<meta property=\"og:url\" content=\"https:\/\/cappiello.fr\/en\/produit\/the-6\/\" \/>\n<meta property=\"og:site_name\" content=\"Catalogue raisonn\u00e9 de Leonetto Cappiello\" \/>\n<meta property=\"article:modified_time\" content=\"2025-05-14T22:02:33+00:00\" \/>\n<meta property=\"og:image\" content=\"https:\/\/cappiello.fr\/wp-content\/uploads\/2024\/10\/Lithographie-affiche-publicitaire-absinthe-ducros-fils-cappiello-1901.jpg\" \/>\n\t<meta property=\"og:image:width\" content=\"576\" \/>\n\t<meta property=\"og:image:height\" content=\"798\" \/>\n\t<meta property=\"og:image:type\" content=\"image\/jpeg\" \/>\n<meta name=\"twitter:card\" content=\"summary_large_image\" \/>\n<meta name=\"twitter:title\" content=\"Absinthe Ducros Fils\" \/>\n<meta name=\"twitter:description\" content=\"An elegant and joyful woman waves a bottle of absinthe with a charming smile. &quot;He began by drawing our dearest actresses with an artificial and sharp line; his success was assured. Here he is, plastering posters on our walls. Absinthes, biscuits, corsets, cakes, Cappiello&#039;s laughing women &#039;launch&#039; all the novelties on every billboard; they are Parisian women with smiling lashes, their eyes close voluptuously, their lips part to reveal dazzling teeth, their slender waists arch..., and their brilliance lasts as long as a downpour...&quot; Martin Gale, La Presse, October 16, 1902.\" \/>\n<meta name=\"twitter:label1\" content=\"Price\" \/>\n\t<meta name=\"twitter:data1\" content=\"\" \/>\n\t<meta name=\"twitter:label2\" content=\"Availability\" \/>\n\t<meta name=\"twitter:data2\" content=\"In stock\" \/>\n<script type=\"application\/ld+json\" class=\"yoast-schema-graph\">{\"@context\":\"https:\\\/\\\/schema.org\",\"@graph\":[{\"@type\":[\"WebPage\",\"ItemPage\"],\"@id\":\"https:\\\/\\\/cappiello.fr\\\/en\\\/produit\\\/the-6\\\/\",\"url\":\"https:\\\/\\\/cappiello.fr\\\/en\\\/produit\\\/the-6\\\/\",\"name\":\"Absinthe Ducros Fils - Catalogue Raisonn\u00e9 de Leonetto Cappiello\",\"isPartOf\":{\"@id\":\"https:\\\/\\\/cappiello.fr\\\/en\\\/#website\"},\"primaryImageOfPage\":{\"@id\":\"https:\\\/\\\/cappiello.fr\\\/en\\\/produit\\\/the-6\\\/#primaryimage\"},\"image\":{\"@id\":\"https:\\\/\\\/cappiello.fr\\\/en\\\/produit\\\/the-6\\\/#primaryimage\"},\"thumbnailUrl\":\"https:\\\/\\\/cappiello.fr\\\/wp-content\\\/uploads\\\/2024\\\/10\\\/Lithographie-affiche-publicitaire-absinthe-ducros-fils-cappiello-1901.jpg\",\"datePublished\":\"1900-12-31T23:50:39+00:00\",\"dateModified\":\"2025-05-14T22:02:33+00:00\",\"description\":\"An elegant and joyful woman waves a bottle of absinthe with a charming smile. \\\"He began by drawing our dearest actresses with an artificial and sharp line; his success was assured. Here he is, plastering posters on our walls. Absinthes, biscuits, corsets, cakes, Cappiello's laughing women 'launch' all the novelties on every billboard; they are Parisian women with smiling lashes, their eyes close voluptuously, their lips part to reveal dazzling teeth, their slender waists arch..., and their brilliance lasts as long as a downpour...\\\" Martin Gale, La Presse, October 16, 1902.\",\"breadcrumb\":{\"@id\":\"https:\\\/\\\/cappiello.fr\\\/en\\\/produit\\\/the-6\\\/#breadcrumb\"},\"inLanguage\":\"en-US\",\"potentialAction\":[{\"@type\":\"ReadAction\",\"target\":[\"https:\\\/\\\/cappiello.fr\\\/en\\\/produit\\\/the-6\\\/\"]}]},{\"@type\":\"ImageObject\",\"inLanguage\":\"en-US\",\"@id\":\"https:\\\/\\\/cappiello.fr\\\/en\\\/produit\\\/the-6\\\/#primaryimage\",\"url\":\"https:\\\/\\\/cappiello.fr\\\/wp-content\\\/uploads\\\/2024\\\/10\\\/Lithographie-affiche-publicitaire-absinthe-ducros-fils-cappiello-1901.jpg\",\"contentUrl\":\"https:\\\/\\\/cappiello.fr\\\/wp-content\\\/uploads\\\/2024\\\/10\\\/Lithographie-affiche-publicitaire-absinthe-ducros-fils-cappiello-1901.jpg\",\"width\":576,\"height\":798,\"caption\":\"The\"},{\"@type\":\"BreadcrumbList\",\"@id\":\"https:\\\/\\\/cappiello.fr\\\/en\\\/produit\\\/the-6\\\/#breadcrumb\",\"itemListElement\":[{\"@type\":\"ListItem\",\"position\":1,\"name\":\"Accueil\",\"item\":\"https:\\\/\\\/cappiello.fr\\\/en\\\/\"},{\"@type\":\"ListItem\",\"position\":2,\"name\":\"The works\",\"item\":\"https:\\\/\\\/cappiello.fr\\\/en\\\/the-works\\\/\"},{\"@type\":\"ListItem\",\"position\":3,\"name\":\"Absinthe Ducros Fils\"}]},{\"@type\":\"WebSite\",\"@id\":\"https:\\\/\\\/cappiello.fr\\\/en\\\/#website\",\"url\":\"https:\\\/\\\/cappiello.fr\\\/en\\\/\",\"name\":\"Catalogue raisonn\u00e9 de Leonetto Cappiello\",\"description\":\"Plongez dans l&#039;univers de Leonetto Cappiello, le p\u00e8re de la publicit\u00e9 moderne\",\"potentialAction\":[{\"@type\":\"SearchAction\",\"target\":{\"@type\":\"EntryPoint\",\"urlTemplate\":\"https:\\\/\\\/cappiello.fr\\\/en\\\/?s={search_term_string}\"},\"query-input\":{\"@type\":\"PropertyValueSpecification\",\"valueRequired\":true,\"valueName\":\"search_term_string\"}}],\"inLanguage\":\"en-US\"}]}<\/script>\n<meta property=\"product:price:currency\" content=\"EUR\" \/>\n<meta property=\"og:availability\" content=\"instock\" \/>\n<meta property=\"product:availability\" content=\"instock\" \/>\n<meta property=\"product:retailer_item_id\" content=\"1901003Z0\" \/>\n<meta property=\"product:condition\" content=\"new\" \/>\n<!-- \/ Yoast SEO Premium plugin. -->","yoast_head_json":{"title":"Absinthe Ducros Fils - Catalogue Raisonn\u00e9 de Leonetto Cappiello","description":"An elegant and joyful woman waves a bottle of absinthe with a charming smile. \"He began by drawing our dearest actresses with an artificial and sharp line; his success was assured. Here he is, plastering posters on our walls. Absinthes, biscuits, corsets, cakes, Cappiello's laughing women 'launch' all the novelties on every billboard; they are Parisian women with smiling lashes, their eyes close voluptuously, their lips part to reveal dazzling teeth, their slender waists arch..., and their brilliance lasts as long as a downpour...\" Martin Gale, La Presse, October 16, 1902.","robots":{"index":"index","follow":"follow","max-snippet":"max-snippet:-1","max-image-preview":"max-image-preview:large","max-video-preview":"max-video-preview:-1"},"canonical":"https:\/\/cappiello.fr\/en\/produit\/the-6\/","og_locale":"en_US","og_type":"article","og_title":"Absinthe Ducros Fils","og_description":"An elegant and joyful woman waves a bottle of absinthe with a charming smile. \"He began by drawing our dearest actresses with an artificial and sharp line; his success was assured. Here he is, plastering posters on our walls. Absinthes, biscuits, corsets, cakes, Cappiello's laughing women 'launch' all the novelties on every billboard; they are Parisian women with smiling lashes, their eyes close voluptuously, their lips part to reveal dazzling teeth, their slender waists arch..., and their brilliance lasts as long as a downpour...\" Martin Gale, La Presse, October 16, 1902.","og_url":"https:\/\/cappiello.fr\/en\/produit\/the-6\/","og_site_name":"Catalogue raisonn\u00e9 de Leonetto Cappiello","article_modified_time":"2025-05-14T22:02:33+00:00","og_image":[{"width":576,"height":798,"url":"https:\/\/cappiello.fr\/wp-content\/uploads\/2024\/10\/Lithographie-affiche-publicitaire-absinthe-ducros-fils-cappiello-1901.jpg","type":"image\/jpeg"}],"twitter_card":"summary_large_image","twitter_title":"Absinthe Ducros Fils","twitter_description":"An elegant and joyful woman waves a bottle of absinthe with a charming smile. \"He began by drawing our dearest actresses with an artificial and sharp line; his success was assured. Here he is, plastering posters on our walls. Absinthes, biscuits, corsets, cakes, Cappiello's laughing women 'launch' all the novelties on every billboard; they are Parisian women with smiling lashes, their eyes close voluptuously, their lips part to reveal dazzling teeth, their slender waists arch..., and their brilliance lasts as long as a downpour...\" Martin Gale, La Presse, October 16, 1902.","twitter_misc":{"Price":"","Availability":"In stock"},"schema":{"@context":"https:\/\/schema.org","@graph":[{"@type":["WebPage","ItemPage"],"@id":"https:\/\/cappiello.fr\/en\/produit\/the-6\/","url":"https:\/\/cappiello.fr\/en\/produit\/the-6\/","name":"Absinthe Ducros Fils - Catalogue Raisonn\u00e9 de Leonetto Cappiello","isPartOf":{"@id":"https:\/\/cappiello.fr\/en\/#website"},"primaryImageOfPage":{"@id":"https:\/\/cappiello.fr\/en\/produit\/the-6\/#primaryimage"},"image":{"@id":"https:\/\/cappiello.fr\/en\/produit\/the-6\/#primaryimage"},"thumbnailUrl":"https:\/\/cappiello.fr\/wp-content\/uploads\/2024\/10\/Lithographie-affiche-publicitaire-absinthe-ducros-fils-cappiello-1901.jpg","datePublished":"1900-12-31T23:50:39+00:00","dateModified":"2025-05-14T22:02:33+00:00","description":"An elegant and joyful woman waves a bottle of absinthe with a charming smile. \"He began by drawing our dearest actresses with an artificial and sharp line; his success was assured. Here he is, plastering posters on our walls. Absinthes, biscuits, corsets, cakes, Cappiello's laughing women 'launch' all the novelties on every billboard; they are Parisian women with smiling lashes, their eyes close voluptuously, their lips part to reveal dazzling teeth, their slender waists arch..., and their brilliance lasts as long as a downpour...\" Martin Gale, La Presse, October 16, 1902.","breadcrumb":{"@id":"https:\/\/cappiello.fr\/en\/produit\/the-6\/#breadcrumb"},"inLanguage":"en-US","potentialAction":[{"@type":"ReadAction","target":["https:\/\/cappiello.fr\/en\/produit\/the-6\/"]}]},{"@type":"ImageObject","inLanguage":"en-US","@id":"https:\/\/cappiello.fr\/en\/produit\/the-6\/#primaryimage","url":"https:\/\/cappiello.fr\/wp-content\/uploads\/2024\/10\/Lithographie-affiche-publicitaire-absinthe-ducros-fils-cappiello-1901.jpg","contentUrl":"https:\/\/cappiello.fr\/wp-content\/uploads\/2024\/10\/Lithographie-affiche-publicitaire-absinthe-ducros-fils-cappiello-1901.jpg","width":576,"height":798,"caption":"The"},{"@type":"BreadcrumbList","@id":"https:\/\/cappiello.fr\/en\/produit\/the-6\/#breadcrumb","itemListElement":[{"@type":"ListItem","position":1,"name":"Accueil","item":"https:\/\/cappiello.fr\/en\/"},{"@type":"ListItem","position":2,"name":"The works","item":"https:\/\/cappiello.fr\/en\/the-works\/"},{"@type":"ListItem","position":3,"name":"Absinthe Ducros Fils"}]},{"@type":"WebSite","@id":"https:\/\/cappiello.fr\/en\/#website","url":"https:\/\/cappiello.fr\/en\/","name":"Catalogue raisonn\u00e9 de Leonetto Cappiello","description":"Plongez dans l&#039;univers de Leonetto Cappiello, le p\u00e8re de la publicit\u00e9 moderne","potentialAction":[{"@type":"SearchAction","target":{"@type":"EntryPoint","urlTemplate":"https:\/\/cappiello.fr\/en\/?s={search_term_string}"},"query-input":{"@type":"PropertyValueSpecification","valueRequired":true,"valueName":"search_term_string"}}],"inLanguage":"en-US"}]},"product_price_currency":"EUR","og_availability":"instock","product_availability":"instock","product_retailer_item_id":"1901003Z0","product_condition":"new"},"_links":{"self":[{"href":"https:\/\/cappiello.fr\/en\/wp-json\/wp\/v2\/product\/131902","targetHints":{"allow":["GET"]}}],"collection":[{"href":"https:\/\/cappiello.fr\/en\/wp-json\/wp\/v2\/product"}],"about":[{"href":"https:\/\/cappiello.fr\/en\/wp-json\/wp\/v2\/types\/product"}],"wp:featuredmedia":[{"embeddable":true,"href":"https:\/\/cappiello.fr\/en\/wp-json\/wp\/v2\/media\/131903"}],"wp:attachment":[{"href":"https:\/\/cappiello.fr\/en\/wp-json\/wp\/v2\/media?parent=131902"}],"wp:term":[{"taxonomy":"type-doeuvre","embeddable":true,"href":"https:\/\/cappiello.fr\/en\/wp-json\/wp\/v2\/type-doeuvre?post=131902"},{"taxonomy":"product_brand","embeddable":true,"href":"https:\/\/cappiello.fr\/en\/wp-json\/wp\/v2\/product_brand?post=131902"},{"taxonomy":"product_cat","embeddable":true,"href":"https:\/\/cappiello.fr\/en\/wp-json\/wp\/v2\/product_cat?post=131902"},{"taxonomy":"product_tag","embeddable":true,"href":"https:\/\/cappiello.fr\/en\/wp-json\/wp\/v2\/product_tag?post=131902"}],"curies":[{"name":"wp","href":"https:\/\/api.w.org\/{rel}","templated":true}]}}