{"id":131914,"date":"1900-01-01T00:00:00","date_gmt":"1899-12-31T23:50:39","guid":{"rendered":"https:\/\/cappiello.fr\/produit\/madame-de-latude\/"},"modified":"2025-07-27T16:04:08","modified_gmt":"2025-07-27T14:04:08","slug":"madame-de-latude","status":"publish","type":"product","link":"https:\/\/cappiello.fr\/en\/produit\/madame-de-latude\/","title":{"rendered":"Madame de Latude"},"content":{"rendered":"<p>Portrait of Gyp strolling through a forest.<br \/>\nThe tree decor is very Art Nouveau.<\/p>\n","protected":false},"excerpt":{"rendered":"<p>Novel written by Sibylle-Gabrielle-Marie-Antoinette de Riquetti de Mirabeau, comtesse de Martel de Janville, known as Gyp.<br \/>\nThis drawing had been published in Le Rire n\u00b0290 on May 26, 1900 with the title: \u201cMadame de Latude (Gyp) (ou trente-cinq minutes de captivit\u00e9)\u201d.<br \/>\nAccording to her statement to the police, Gyp was abducted on Friday May 11, 1900, at around 9 p.m. in the rue d&#8217;Al\u00e9sia and taken to a ch\u00e2teau near a railroad bridge, 500 m above sea level. She was found limping on Saturday at around 3 a.m. in Paris, on the Pont de Bercy, with her clothes in disarray. Unable to verify her story, the police concluded that she was hallucinating.<br \/>\nLe Rire&#8217;s journalist compares the event to that of Monsieur Latude, who was made famous by 35 years of captivity in the castles of Vincennes, the Bastille and Bic\u00eatre for clumsily approaching the Marquise de Pompadour.  <\/p>\n","protected":false},"featured_media":134101,"template":"","meta":{"_acf_changed":false},"type-doeuvre":[4057],"product_brand":[],"product_cat":[3342],"product_tag":[3782],"class_list":{"0":"post-131914","1":"product","2":"type-product","3":"status-publish","4":"has-post-thumbnail","6":"type-doeuvre-affiches","7":"product_cat-press-publishing","8":"product_tag-long-dress-en-4","9":"pa_periode-1900-1918-en","10":"pa_type-de-contenu-esquisse-en","12":"first","13":"instock","14":"virtual","15":"product-type-simple"},"acf":[],"yoast_head":"<!-- This site is optimized with the Yoast SEO Premium plugin v27.0 (Yoast SEO v27.4) - https:\/\/yoast.com\/product\/yoast-seo-premium-wordpress\/ -->\n<title>Madame de Latude - Catalogue Raisonn\u00e9 de Leonetto Cappiello<\/title>\n<meta name=\"description\" content=\"Portrait of Gyp strolling through a forest.The tree decor is very Art Nouveau.\" \/>\n<meta name=\"robots\" content=\"index, follow, max-snippet:-1, max-image-preview:large, max-video-preview:-1\" \/>\n<link rel=\"canonical\" href=\"https:\/\/cappiello.fr\/en\/produit\/madame-de-latude\/\" \/>\n<meta property=\"og:locale\" content=\"en_US\" \/>\n<meta property=\"og:type\" content=\"article\" \/>\n<meta property=\"og:title\" content=\"Madame de Latude\" \/>\n<meta property=\"og:description\" content=\"Portrait of Gyp strolling through a forest.The tree decor is very Art Nouveau.\" \/>\n<meta property=\"og:url\" content=\"https:\/\/cappiello.fr\/en\/produit\/madame-de-latude\/\" \/>\n<meta property=\"og:site_name\" content=\"Catalogue raisonn\u00e9 de Leonetto Cappiello\" \/>\n<meta property=\"article:modified_time\" content=\"2025-07-27T14:04:08+00:00\" \/>\n<meta property=\"og:image\" content=\"https:\/\/cappiello.fr\/wp-content\/uploads\/2024\/10\/Esquisse-affiche-publicitaire-madame-de-latude-cappiello-1900.jpg\" \/>\n\t<meta property=\"og:image:width\" content=\"529\" \/>\n\t<meta property=\"og:image:height\" content=\"800\" \/>\n\t<meta property=\"og:image:type\" content=\"image\/jpeg\" \/>\n<meta name=\"twitter:card\" content=\"summary_large_image\" \/>\n<meta name=\"twitter:title\" content=\"Madame de Latude\" \/>\n<meta name=\"twitter:description\" content=\"Portrait of Gyp strolling through a forest.The tree decor is very Art Nouveau.\" \/>\n<meta name=\"twitter:label1\" content=\"Price\" \/>\n\t<meta name=\"twitter:data1\" content=\"\" \/>\n\t<meta name=\"twitter:label2\" content=\"Availability\" \/>\n\t<meta name=\"twitter:data2\" content=\"In stock\" \/>\n<script type=\"application\/ld+json\" class=\"yoast-schema-graph\">{\"@context\":\"https:\\\/\\\/schema.org\",\"@graph\":[{\"@type\":[\"WebPage\",\"ItemPage\"],\"@id\":\"https:\\\/\\\/cappiello.fr\\\/en\\\/produit\\\/madame-de-latude\\\/\",\"url\":\"https:\\\/\\\/cappiello.fr\\\/en\\\/produit\\\/madame-de-latude\\\/\",\"name\":\"Madame de Latude - Catalogue Raisonn\u00e9 de Leonetto Cappiello\",\"isPartOf\":{\"@id\":\"https:\\\/\\\/cappiello.fr\\\/en\\\/#website\"},\"primaryImageOfPage\":{\"@id\":\"https:\\\/\\\/cappiello.fr\\\/en\\\/produit\\\/madame-de-latude\\\/#primaryimage\"},\"image\":{\"@id\":\"https:\\\/\\\/cappiello.fr\\\/en\\\/produit\\\/madame-de-latude\\\/#primaryimage\"},\"thumbnailUrl\":\"https:\\\/\\\/cappiello.fr\\\/wp-content\\\/uploads\\\/2024\\\/10\\\/Esquisse-affiche-publicitaire-madame-de-latude-cappiello-1900.jpg\",\"datePublished\":\"1899-12-31T23:50:39+00:00\",\"dateModified\":\"2025-07-27T14:04:08+00:00\",\"description\":\"Portrait of Gyp strolling through a forest.The tree decor is very Art Nouveau.\",\"breadcrumb\":{\"@id\":\"https:\\\/\\\/cappiello.fr\\\/en\\\/produit\\\/madame-de-latude\\\/#breadcrumb\"},\"inLanguage\":\"en-US\",\"potentialAction\":[{\"@type\":\"ReadAction\",\"target\":[\"https:\\\/\\\/cappiello.fr\\\/en\\\/produit\\\/madame-de-latude\\\/\"]}]},{\"@type\":\"ImageObject\",\"inLanguage\":\"en-US\",\"@id\":\"https:\\\/\\\/cappiello.fr\\\/en\\\/produit\\\/madame-de-latude\\\/#primaryimage\",\"url\":\"https:\\\/\\\/cappiello.fr\\\/wp-content\\\/uploads\\\/2024\\\/10\\\/Esquisse-affiche-publicitaire-madame-de-latude-cappiello-1900.jpg\",\"contentUrl\":\"https:\\\/\\\/cappiello.fr\\\/wp-content\\\/uploads\\\/2024\\\/10\\\/Esquisse-affiche-publicitaire-madame-de-latude-cappiello-1900.jpg\",\"width\":529,\"height\":800,\"caption\":\"Roman \u00e9crit par la Sibylle-Gabrielle-Marie-Antoinette de Riquetti de Mirabeau\"},{\"@type\":\"BreadcrumbList\",\"@id\":\"https:\\\/\\\/cappiello.fr\\\/en\\\/produit\\\/madame-de-latude\\\/#breadcrumb\",\"itemListElement\":[{\"@type\":\"ListItem\",\"position\":1,\"name\":\"Accueil\",\"item\":\"https:\\\/\\\/cappiello.fr\\\/en\\\/\"},{\"@type\":\"ListItem\",\"position\":2,\"name\":\"The works\",\"item\":\"https:\\\/\\\/cappiello.fr\\\/en\\\/the-works\\\/\"},{\"@type\":\"ListItem\",\"position\":3,\"name\":\"Madame de Latude\"}]},{\"@type\":\"WebSite\",\"@id\":\"https:\\\/\\\/cappiello.fr\\\/en\\\/#website\",\"url\":\"https:\\\/\\\/cappiello.fr\\\/en\\\/\",\"name\":\"Catalogue raisonn\u00e9 de Leonetto Cappiello\",\"description\":\"Plongez dans l&#039;univers de Leonetto Cappiello, le p\u00e8re de la publicit\u00e9 moderne\",\"potentialAction\":[{\"@type\":\"SearchAction\",\"target\":{\"@type\":\"EntryPoint\",\"urlTemplate\":\"https:\\\/\\\/cappiello.fr\\\/en\\\/?s={search_term_string}\"},\"query-input\":{\"@type\":\"PropertyValueSpecification\",\"valueRequired\":true,\"valueName\":\"search_term_string\"}}],\"inLanguage\":\"en-US\"}]}<\/script>\n<meta property=\"product:price:currency\" content=\"EUR\" \/>\n<meta property=\"og:availability\" content=\"instock\" \/>\n<meta property=\"product:availability\" content=\"instock\" \/>\n<meta property=\"product:retailer_item_id\" content=\"1900006E0\" \/>\n<meta property=\"product:condition\" content=\"new\" \/>\n<!-- \/ Yoast SEO Premium plugin. -->","yoast_head_json":{"title":"Madame de Latude - Catalogue Raisonn\u00e9 de Leonetto Cappiello","description":"Portrait of Gyp strolling through a forest.The tree decor is very Art Nouveau.","robots":{"index":"index","follow":"follow","max-snippet":"max-snippet:-1","max-image-preview":"max-image-preview:large","max-video-preview":"max-video-preview:-1"},"canonical":"https:\/\/cappiello.fr\/en\/produit\/madame-de-latude\/","og_locale":"en_US","og_type":"article","og_title":"Madame de Latude","og_description":"Portrait of Gyp strolling through a forest.The tree decor is very Art Nouveau.","og_url":"https:\/\/cappiello.fr\/en\/produit\/madame-de-latude\/","og_site_name":"Catalogue raisonn\u00e9 de Leonetto Cappiello","article_modified_time":"2025-07-27T14:04:08+00:00","og_image":[{"width":529,"height":800,"url":"https:\/\/cappiello.fr\/wp-content\/uploads\/2024\/10\/Esquisse-affiche-publicitaire-madame-de-latude-cappiello-1900.jpg","type":"image\/jpeg"}],"twitter_card":"summary_large_image","twitter_title":"Madame de Latude","twitter_description":"Portrait of Gyp strolling through a forest.The tree decor is very Art Nouveau.","twitter_misc":{"Price":"","Availability":"In stock"},"schema":{"@context":"https:\/\/schema.org","@graph":[{"@type":["WebPage","ItemPage"],"@id":"https:\/\/cappiello.fr\/en\/produit\/madame-de-latude\/","url":"https:\/\/cappiello.fr\/en\/produit\/madame-de-latude\/","name":"Madame de Latude - Catalogue Raisonn\u00e9 de Leonetto Cappiello","isPartOf":{"@id":"https:\/\/cappiello.fr\/en\/#website"},"primaryImageOfPage":{"@id":"https:\/\/cappiello.fr\/en\/produit\/madame-de-latude\/#primaryimage"},"image":{"@id":"https:\/\/cappiello.fr\/en\/produit\/madame-de-latude\/#primaryimage"},"thumbnailUrl":"https:\/\/cappiello.fr\/wp-content\/uploads\/2024\/10\/Esquisse-affiche-publicitaire-madame-de-latude-cappiello-1900.jpg","datePublished":"1899-12-31T23:50:39+00:00","dateModified":"2025-07-27T14:04:08+00:00","description":"Portrait of Gyp strolling through a forest.The tree decor is very Art Nouveau.","breadcrumb":{"@id":"https:\/\/cappiello.fr\/en\/produit\/madame-de-latude\/#breadcrumb"},"inLanguage":"en-US","potentialAction":[{"@type":"ReadAction","target":["https:\/\/cappiello.fr\/en\/produit\/madame-de-latude\/"]}]},{"@type":"ImageObject","inLanguage":"en-US","@id":"https:\/\/cappiello.fr\/en\/produit\/madame-de-latude\/#primaryimage","url":"https:\/\/cappiello.fr\/wp-content\/uploads\/2024\/10\/Esquisse-affiche-publicitaire-madame-de-latude-cappiello-1900.jpg","contentUrl":"https:\/\/cappiello.fr\/wp-content\/uploads\/2024\/10\/Esquisse-affiche-publicitaire-madame-de-latude-cappiello-1900.jpg","width":529,"height":800,"caption":"Roman \u00e9crit par la Sibylle-Gabrielle-Marie-Antoinette de Riquetti de Mirabeau"},{"@type":"BreadcrumbList","@id":"https:\/\/cappiello.fr\/en\/produit\/madame-de-latude\/#breadcrumb","itemListElement":[{"@type":"ListItem","position":1,"name":"Accueil","item":"https:\/\/cappiello.fr\/en\/"},{"@type":"ListItem","position":2,"name":"The works","item":"https:\/\/cappiello.fr\/en\/the-works\/"},{"@type":"ListItem","position":3,"name":"Madame de Latude"}]},{"@type":"WebSite","@id":"https:\/\/cappiello.fr\/en\/#website","url":"https:\/\/cappiello.fr\/en\/","name":"Catalogue raisonn\u00e9 de Leonetto Cappiello","description":"Plongez dans l&#039;univers de Leonetto Cappiello, le p\u00e8re de la publicit\u00e9 moderne","potentialAction":[{"@type":"SearchAction","target":{"@type":"EntryPoint","urlTemplate":"https:\/\/cappiello.fr\/en\/?s={search_term_string}"},"query-input":{"@type":"PropertyValueSpecification","valueRequired":true,"valueName":"search_term_string"}}],"inLanguage":"en-US"}]},"product_price_currency":"EUR","og_availability":"instock","product_availability":"instock","product_retailer_item_id":"1900006E0","product_condition":"new"},"_links":{"self":[{"href":"https:\/\/cappiello.fr\/en\/wp-json\/wp\/v2\/product\/131914","targetHints":{"allow":["GET"]}}],"collection":[{"href":"https:\/\/cappiello.fr\/en\/wp-json\/wp\/v2\/product"}],"about":[{"href":"https:\/\/cappiello.fr\/en\/wp-json\/wp\/v2\/types\/product"}],"wp:featuredmedia":[{"embeddable":true,"href":"https:\/\/cappiello.fr\/en\/wp-json\/wp\/v2\/media\/134101"}],"wp:attachment":[{"href":"https:\/\/cappiello.fr\/en\/wp-json\/wp\/v2\/media?parent=131914"}],"wp:term":[{"taxonomy":"type-doeuvre","embeddable":true,"href":"https:\/\/cappiello.fr\/en\/wp-json\/wp\/v2\/type-doeuvre?post=131914"},{"taxonomy":"product_brand","embeddable":true,"href":"https:\/\/cappiello.fr\/en\/wp-json\/wp\/v2\/product_brand?post=131914"},{"taxonomy":"product_cat","embeddable":true,"href":"https:\/\/cappiello.fr\/en\/wp-json\/wp\/v2\/product_cat?post=131914"},{"taxonomy":"product_tag","embeddable":true,"href":"https:\/\/cappiello.fr\/en\/wp-json\/wp\/v2\/product_tag?post=131914"}],"curies":[{"name":"wp","href":"https:\/\/api.w.org\/{rel}","templated":true}]}}