{"id":131920,"date":"1900-01-01T00:00:00","date_gmt":"1899-12-31T23:50:39","guid":{"rendered":"https:\/\/cappiello.fr\/produit\/amandines-de-provence\/"},"modified":"2025-05-15T00:02:47","modified_gmt":"2025-05-14T22:02:47","slug":"amandines-de-provence","status":"publish","type":"product","link":"https:\/\/cappiello.fr\/en\/produit\/amandines-de-provence\/","title":{"rendered":"Amandines de Provence"},"content":{"rendered":"<p>A blonde woman, wearing a wide hat and a low-cut dress with an extravagant ribbon, is enjoying some Amandines. On the table, a vase of flowers.<\/p>\n","protected":false},"excerpt":{"rendered":"<p>The Amandines de Provence from Biscuiterie H. Lalo were almond-shaped wafers filled with a refined-tasting fondant.<\/p>\n","protected":false},"featured_media":131921,"template":"","meta":{"_acf_changed":false},"type-doeuvre":[4057],"product_brand":[],"product_cat":[3494],"product_tag":[3332,3647,3355,3317,3671,3250,3502,3373,3265,3564],"class_list":{"0":"post-131920","1":"product","2":"type-product","3":"status-publish","4":"has-post-thumbnail","6":"type-doeuvre-affiches","7":"product_cat-flour-based-products","8":"product_tag-dancer","9":"product_tag-table-en-8","10":"product_tag-table-en-2","11":"product_tag-woman-en","12":"product_tag-glass-en-24","13":"product_tag-hat","14":"product_tag-dress-en-2","15":"product_tag-clock","16":"product_tag-face-en","17":"product_tag-glass-en-12","18":"pa_periode-1900-1918-en","19":"pa_type-de-contenu-esquisse-en","21":"first","22":"instock","23":"virtual","24":"product-type-simple"},"acf":[],"yoast_head":"<!-- This site is optimized with the Yoast SEO Premium plugin v27.0 (Yoast SEO v27.4) - https:\/\/yoast.com\/product\/yoast-seo-premium-wordpress\/ -->\n<title>Amandines de Provence - Catalogue Raisonn\u00e9 de Leonetto Cappiello<\/title>\n<meta name=\"description\" content=\"A blonde woman, wearing a wide hat and a low-cut dress with an extravagant ribbon, is enjoying some Amandines. On the table, a vase of flowers.\" \/>\n<meta name=\"robots\" content=\"index, follow, max-snippet:-1, max-image-preview:large, max-video-preview:-1\" \/>\n<link rel=\"canonical\" href=\"https:\/\/cappiello.fr\/en\/produit\/amandines-de-provence\/\" \/>\n<meta property=\"og:locale\" content=\"en_US\" \/>\n<meta property=\"og:type\" content=\"article\" \/>\n<meta property=\"og:title\" content=\"Amandines de Provence\" \/>\n<meta property=\"og:description\" content=\"A blonde woman, wearing a wide hat and a low-cut dress with an extravagant ribbon, is enjoying some Amandines. On the table, a vase of flowers.\" \/>\n<meta property=\"og:url\" content=\"https:\/\/cappiello.fr\/en\/produit\/amandines-de-provence\/\" \/>\n<meta property=\"og:site_name\" content=\"Catalogue raisonn\u00e9 de Leonetto Cappiello\" \/>\n<meta property=\"article:modified_time\" content=\"2025-05-14T22:02:47+00:00\" \/>\n<meta property=\"og:image\" content=\"https:\/\/cappiello.fr\/wp-content\/uploads\/2024\/10\/Esquisse-affiche-publicitaire-amandines-de-provence-cappiello-1900.jpg\" \/>\n\t<meta property=\"og:image:width\" content=\"604\" \/>\n\t<meta property=\"og:image:height\" content=\"800\" \/>\n\t<meta property=\"og:image:type\" content=\"image\/jpeg\" \/>\n<meta name=\"twitter:card\" content=\"summary_large_image\" \/>\n<meta name=\"twitter:title\" content=\"Amandines de Provence\" \/>\n<meta name=\"twitter:description\" content=\"A blonde woman, wearing a wide hat and a low-cut dress with an extravagant ribbon, is enjoying some Amandines. On the table, a vase of flowers.\" \/>\n<meta name=\"twitter:label1\" content=\"Price\" \/>\n\t<meta name=\"twitter:data1\" content=\"\" \/>\n\t<meta name=\"twitter:label2\" content=\"Availability\" \/>\n\t<meta name=\"twitter:data2\" content=\"In stock\" \/>\n<script type=\"application\/ld+json\" class=\"yoast-schema-graph\">{\"@context\":\"https:\\\/\\\/schema.org\",\"@graph\":[{\"@type\":[\"WebPage\",\"ItemPage\"],\"@id\":\"https:\\\/\\\/cappiello.fr\\\/en\\\/produit\\\/amandines-de-provence\\\/\",\"url\":\"https:\\\/\\\/cappiello.fr\\\/en\\\/produit\\\/amandines-de-provence\\\/\",\"name\":\"Amandines de Provence - Catalogue Raisonn\u00e9 de Leonetto Cappiello\",\"isPartOf\":{\"@id\":\"https:\\\/\\\/cappiello.fr\\\/en\\\/#website\"},\"primaryImageOfPage\":{\"@id\":\"https:\\\/\\\/cappiello.fr\\\/en\\\/produit\\\/amandines-de-provence\\\/#primaryimage\"},\"image\":{\"@id\":\"https:\\\/\\\/cappiello.fr\\\/en\\\/produit\\\/amandines-de-provence\\\/#primaryimage\"},\"thumbnailUrl\":\"https:\\\/\\\/cappiello.fr\\\/wp-content\\\/uploads\\\/2024\\\/10\\\/Esquisse-affiche-publicitaire-amandines-de-provence-cappiello-1900.jpg\",\"datePublished\":\"1899-12-31T23:50:39+00:00\",\"dateModified\":\"2025-05-14T22:02:47+00:00\",\"description\":\"A blonde woman, wearing a wide hat and a low-cut dress with an extravagant ribbon, is enjoying some Amandines. On the table, a vase of flowers.\",\"breadcrumb\":{\"@id\":\"https:\\\/\\\/cappiello.fr\\\/en\\\/produit\\\/amandines-de-provence\\\/#breadcrumb\"},\"inLanguage\":\"en-US\",\"potentialAction\":[{\"@type\":\"ReadAction\",\"target\":[\"https:\\\/\\\/cappiello.fr\\\/en\\\/produit\\\/amandines-de-provence\\\/\"]}]},{\"@type\":\"ImageObject\",\"inLanguage\":\"en-US\",\"@id\":\"https:\\\/\\\/cappiello.fr\\\/en\\\/produit\\\/amandines-de-provence\\\/#primaryimage\",\"url\":\"https:\\\/\\\/cappiello.fr\\\/wp-content\\\/uploads\\\/2024\\\/10\\\/Esquisse-affiche-publicitaire-amandines-de-provence-cappiello-1900.jpg\",\"contentUrl\":\"https:\\\/\\\/cappiello.fr\\\/wp-content\\\/uploads\\\/2024\\\/10\\\/Esquisse-affiche-publicitaire-amandines-de-provence-cappiello-1900.jpg\",\"width\":604,\"height\":800,\"caption\":\"Pernot Biscuits buys the H. Lalo biscuit factory in l'Ile-sur-Sorgues. Pernot will take over the flagship Lalo biscuit product \\\"l'Amandine de Provence\\\" under its brand.\"},{\"@type\":\"BreadcrumbList\",\"@id\":\"https:\\\/\\\/cappiello.fr\\\/en\\\/produit\\\/amandines-de-provence\\\/#breadcrumb\",\"itemListElement\":[{\"@type\":\"ListItem\",\"position\":1,\"name\":\"Accueil\",\"item\":\"https:\\\/\\\/cappiello.fr\\\/en\\\/\"},{\"@type\":\"ListItem\",\"position\":2,\"name\":\"The works\",\"item\":\"https:\\\/\\\/cappiello.fr\\\/en\\\/the-works\\\/\"},{\"@type\":\"ListItem\",\"position\":3,\"name\":\"Amandines de Provence\"}]},{\"@type\":\"WebSite\",\"@id\":\"https:\\\/\\\/cappiello.fr\\\/en\\\/#website\",\"url\":\"https:\\\/\\\/cappiello.fr\\\/en\\\/\",\"name\":\"Catalogue raisonn\u00e9 de Leonetto Cappiello\",\"description\":\"Plongez dans l&#039;univers de Leonetto Cappiello, le p\u00e8re de la publicit\u00e9 moderne\",\"potentialAction\":[{\"@type\":\"SearchAction\",\"target\":{\"@type\":\"EntryPoint\",\"urlTemplate\":\"https:\\\/\\\/cappiello.fr\\\/en\\\/?s={search_term_string}\"},\"query-input\":{\"@type\":\"PropertyValueSpecification\",\"valueRequired\":true,\"valueName\":\"search_term_string\"}}],\"inLanguage\":\"en-US\"}]}<\/script>\n<meta property=\"product:price:currency\" content=\"EUR\" \/>\n<meta property=\"og:availability\" content=\"instock\" \/>\n<meta property=\"product:availability\" content=\"instock\" \/>\n<meta property=\"product:retailer_item_id\" content=\"1900001E0\" \/>\n<meta property=\"product:condition\" content=\"new\" \/>\n<!-- \/ Yoast SEO Premium plugin. -->","yoast_head_json":{"title":"Amandines de Provence - Catalogue Raisonn\u00e9 de Leonetto Cappiello","description":"A blonde woman, wearing a wide hat and a low-cut dress with an extravagant ribbon, is enjoying some Amandines. On the table, a vase of flowers.","robots":{"index":"index","follow":"follow","max-snippet":"max-snippet:-1","max-image-preview":"max-image-preview:large","max-video-preview":"max-video-preview:-1"},"canonical":"https:\/\/cappiello.fr\/en\/produit\/amandines-de-provence\/","og_locale":"en_US","og_type":"article","og_title":"Amandines de Provence","og_description":"A blonde woman, wearing a wide hat and a low-cut dress with an extravagant ribbon, is enjoying some Amandines. On the table, a vase of flowers.","og_url":"https:\/\/cappiello.fr\/en\/produit\/amandines-de-provence\/","og_site_name":"Catalogue raisonn\u00e9 de Leonetto Cappiello","article_modified_time":"2025-05-14T22:02:47+00:00","og_image":[{"width":604,"height":800,"url":"https:\/\/cappiello.fr\/wp-content\/uploads\/2024\/10\/Esquisse-affiche-publicitaire-amandines-de-provence-cappiello-1900.jpg","type":"image\/jpeg"}],"twitter_card":"summary_large_image","twitter_title":"Amandines de Provence","twitter_description":"A blonde woman, wearing a wide hat and a low-cut dress with an extravagant ribbon, is enjoying some Amandines. On the table, a vase of flowers.","twitter_misc":{"Price":"","Availability":"In stock"},"schema":{"@context":"https:\/\/schema.org","@graph":[{"@type":["WebPage","ItemPage"],"@id":"https:\/\/cappiello.fr\/en\/produit\/amandines-de-provence\/","url":"https:\/\/cappiello.fr\/en\/produit\/amandines-de-provence\/","name":"Amandines de Provence - Catalogue Raisonn\u00e9 de Leonetto Cappiello","isPartOf":{"@id":"https:\/\/cappiello.fr\/en\/#website"},"primaryImageOfPage":{"@id":"https:\/\/cappiello.fr\/en\/produit\/amandines-de-provence\/#primaryimage"},"image":{"@id":"https:\/\/cappiello.fr\/en\/produit\/amandines-de-provence\/#primaryimage"},"thumbnailUrl":"https:\/\/cappiello.fr\/wp-content\/uploads\/2024\/10\/Esquisse-affiche-publicitaire-amandines-de-provence-cappiello-1900.jpg","datePublished":"1899-12-31T23:50:39+00:00","dateModified":"2025-05-14T22:02:47+00:00","description":"A blonde woman, wearing a wide hat and a low-cut dress with an extravagant ribbon, is enjoying some Amandines. On the table, a vase of flowers.","breadcrumb":{"@id":"https:\/\/cappiello.fr\/en\/produit\/amandines-de-provence\/#breadcrumb"},"inLanguage":"en-US","potentialAction":[{"@type":"ReadAction","target":["https:\/\/cappiello.fr\/en\/produit\/amandines-de-provence\/"]}]},{"@type":"ImageObject","inLanguage":"en-US","@id":"https:\/\/cappiello.fr\/en\/produit\/amandines-de-provence\/#primaryimage","url":"https:\/\/cappiello.fr\/wp-content\/uploads\/2024\/10\/Esquisse-affiche-publicitaire-amandines-de-provence-cappiello-1900.jpg","contentUrl":"https:\/\/cappiello.fr\/wp-content\/uploads\/2024\/10\/Esquisse-affiche-publicitaire-amandines-de-provence-cappiello-1900.jpg","width":604,"height":800,"caption":"Pernot Biscuits buys the H. Lalo biscuit factory in l'Ile-sur-Sorgues. Pernot will take over the flagship Lalo biscuit product \"l'Amandine de Provence\" under its brand."},{"@type":"BreadcrumbList","@id":"https:\/\/cappiello.fr\/en\/produit\/amandines-de-provence\/#breadcrumb","itemListElement":[{"@type":"ListItem","position":1,"name":"Accueil","item":"https:\/\/cappiello.fr\/en\/"},{"@type":"ListItem","position":2,"name":"The works","item":"https:\/\/cappiello.fr\/en\/the-works\/"},{"@type":"ListItem","position":3,"name":"Amandines de Provence"}]},{"@type":"WebSite","@id":"https:\/\/cappiello.fr\/en\/#website","url":"https:\/\/cappiello.fr\/en\/","name":"Catalogue raisonn\u00e9 de Leonetto Cappiello","description":"Plongez dans l&#039;univers de Leonetto Cappiello, le p\u00e8re de la publicit\u00e9 moderne","potentialAction":[{"@type":"SearchAction","target":{"@type":"EntryPoint","urlTemplate":"https:\/\/cappiello.fr\/en\/?s={search_term_string}"},"query-input":{"@type":"PropertyValueSpecification","valueRequired":true,"valueName":"search_term_string"}}],"inLanguage":"en-US"}]},"product_price_currency":"EUR","og_availability":"instock","product_availability":"instock","product_retailer_item_id":"1900001E0","product_condition":"new"},"_links":{"self":[{"href":"https:\/\/cappiello.fr\/en\/wp-json\/wp\/v2\/product\/131920","targetHints":{"allow":["GET"]}}],"collection":[{"href":"https:\/\/cappiello.fr\/en\/wp-json\/wp\/v2\/product"}],"about":[{"href":"https:\/\/cappiello.fr\/en\/wp-json\/wp\/v2\/types\/product"}],"wp:featuredmedia":[{"embeddable":true,"href":"https:\/\/cappiello.fr\/en\/wp-json\/wp\/v2\/media\/131921"}],"wp:attachment":[{"href":"https:\/\/cappiello.fr\/en\/wp-json\/wp\/v2\/media?parent=131920"}],"wp:term":[{"taxonomy":"type-doeuvre","embeddable":true,"href":"https:\/\/cappiello.fr\/en\/wp-json\/wp\/v2\/type-doeuvre?post=131920"},{"taxonomy":"product_brand","embeddable":true,"href":"https:\/\/cappiello.fr\/en\/wp-json\/wp\/v2\/product_brand?post=131920"},{"taxonomy":"product_cat","embeddable":true,"href":"https:\/\/cappiello.fr\/en\/wp-json\/wp\/v2\/product_cat?post=131920"},{"taxonomy":"product_tag","embeddable":true,"href":"https:\/\/cappiello.fr\/en\/wp-json\/wp\/v2\/product_tag?post=131920"}],"curies":[{"name":"wp","href":"https:\/\/api.w.org\/{rel}","templated":true}]}}