{"id":131922,"date":"1900-01-01T00:00:00","date_gmt":"1899-12-31T23:50:39","guid":{"rendered":"https:\/\/cappiello.fr\/produit\/cachou-lajaunie-2\/"},"modified":"2025-08-09T16:32:28","modified_gmt":"2025-08-09T14:32:28","slug":"cachou-lajaunie-2","status":"publish","type":"product","link":"https:\/\/cappiello.fr\/en\/produit\/cachou-lajaunie-2\/","title":{"rendered":"Cachou Lajaunie"},"content":{"rendered":"<p>A woman dressed in a refined gown with a black feathered hat, holds a lit cigarette in one hand and a tin of cachou to eliminate bad breath in the other.<br \/>\n&#8220;When you submitted the design for my poster by Cappiello, I simply expressed my satisfaction; I liked it because it stood out from the ordinary, and I accepted it. Today, I appreciate it even more for the originality of its design and the choice of colors. This poster has contributed to the growing success of my Cachou. Many collectors in France and abroad have ordered a copy from me, which proves to me the favor the poster has gained with the public and connoisseurs.&#8221;<br \/>\nMonsieur Lajaunie to Monsieur Vercasson, June 24, 1903.<\/p>\n","protected":false},"excerpt":{"rendered":"<p>The Cachou Lajaunie was created and manufactured in 1880 by the pharmacist of the same name. <\/p>\n","protected":false},"featured_media":134986,"template":"","meta":{"_acf_changed":false},"type-doeuvre":[4057],"product_brand":[],"product_cat":[3288],"product_tag":[3331,3496,3250,3502,3409],"class_list":{"0":"post-131922","1":"product","2":"type-product","3":"status-publish","4":"has-post-thumbnail","6":"type-doeuvre-affiches","7":"product_cat-pharmaceutical-products","8":"product_tag-smile-en","9":"product_tag-dress-en","10":"product_tag-hat","11":"product_tag-dress-en-2","12":"product_tag-flower","13":"pa_periode-1900-1918-en","14":"pa_type-de-contenu-lithography","16":"first","17":"instock","18":"virtual","19":"product-type-simple"},"acf":[],"yoast_head":"<!-- This site is optimized with the Yoast SEO Premium plugin v27.0 (Yoast SEO v27.4) - https:\/\/yoast.com\/product\/yoast-seo-premium-wordpress\/ -->\n<title>Cachou Lajaunie - Catalogue Raisonn\u00e9 de Leonetto Cappiello<\/title>\n<meta name=\"description\" content=\"A woman dressed in a refined gown with a black feathered hat, holds a lit cigarette in one hand and a tin of cachou to eliminate bad breath in the other.\" \/>\n<meta name=\"robots\" content=\"index, follow, max-snippet:-1, max-image-preview:large, max-video-preview:-1\" \/>\n<link rel=\"canonical\" href=\"https:\/\/cappiello.fr\/en\/produit\/cachou-lajaunie-2\/\" \/>\n<meta property=\"og:locale\" content=\"en_US\" \/>\n<meta property=\"og:type\" content=\"article\" \/>\n<meta property=\"og:title\" content=\"Cachou Lajaunie\" \/>\n<meta property=\"og:description\" content=\"A woman dressed in a refined gown with a black feathered hat, holds a lit cigarette in one hand and a tin of cachou to eliminate bad breath in the other.\" \/>\n<meta property=\"og:url\" content=\"https:\/\/cappiello.fr\/en\/produit\/cachou-lajaunie-2\/\" \/>\n<meta property=\"og:site_name\" content=\"Catalogue raisonn\u00e9 de Leonetto Cappiello\" \/>\n<meta property=\"article:modified_time\" content=\"2025-08-09T14:32:28+00:00\" \/>\n<meta property=\"og:image\" content=\"https:\/\/cappiello.fr\/wp-content\/uploads\/2024\/10\/Lithographie-affiche-publicitaire-cachou-lajaunie-cappiello-1900.jpg\" \/>\n\t<meta property=\"og:image:width\" content=\"567\" \/>\n\t<meta property=\"og:image:height\" content=\"800\" \/>\n\t<meta property=\"og:image:type\" content=\"image\/jpeg\" \/>\n<meta name=\"twitter:card\" content=\"summary_large_image\" \/>\n<meta name=\"twitter:title\" content=\"Cachou Lajaunie\" \/>\n<meta name=\"twitter:description\" content=\"A woman dressed in a refined gown with a black feathered hat, holds a lit cigarette in one hand and a tin of cachou to eliminate bad breath in the other.\" \/>\n<meta name=\"twitter:label1\" content=\"Price\" \/>\n\t<meta name=\"twitter:data1\" content=\"\" \/>\n\t<meta name=\"twitter:label2\" content=\"Availability\" \/>\n\t<meta name=\"twitter:data2\" content=\"In stock\" \/>\n<script type=\"application\/ld+json\" class=\"yoast-schema-graph\">{\"@context\":\"https:\\\/\\\/schema.org\",\"@graph\":[{\"@type\":[\"WebPage\",\"ItemPage\"],\"@id\":\"https:\\\/\\\/cappiello.fr\\\/en\\\/produit\\\/cachou-lajaunie-2\\\/\",\"url\":\"https:\\\/\\\/cappiello.fr\\\/en\\\/produit\\\/cachou-lajaunie-2\\\/\",\"name\":\"Cachou Lajaunie - Catalogue Raisonn\u00e9 de Leonetto Cappiello\",\"isPartOf\":{\"@id\":\"https:\\\/\\\/cappiello.fr\\\/en\\\/#website\"},\"primaryImageOfPage\":{\"@id\":\"https:\\\/\\\/cappiello.fr\\\/en\\\/produit\\\/cachou-lajaunie-2\\\/#primaryimage\"},\"image\":{\"@id\":\"https:\\\/\\\/cappiello.fr\\\/en\\\/produit\\\/cachou-lajaunie-2\\\/#primaryimage\"},\"thumbnailUrl\":\"https:\\\/\\\/cappiello.fr\\\/wp-content\\\/uploads\\\/2024\\\/10\\\/Lithographie-affiche-publicitaire-cachou-lajaunie-cappiello-1900.jpg\",\"datePublished\":\"1899-12-31T23:50:39+00:00\",\"dateModified\":\"2025-08-09T14:32:28+00:00\",\"description\":\"A woman dressed in a refined gown with a black feathered hat, holds a lit cigarette in one hand and a tin of cachou to eliminate bad breath in the other.\",\"breadcrumb\":{\"@id\":\"https:\\\/\\\/cappiello.fr\\\/en\\\/produit\\\/cachou-lajaunie-2\\\/#breadcrumb\"},\"inLanguage\":\"en-US\",\"potentialAction\":[{\"@type\":\"ReadAction\",\"target\":[\"https:\\\/\\\/cappiello.fr\\\/en\\\/produit\\\/cachou-lajaunie-2\\\/\"]}]},{\"@type\":\"ImageObject\",\"inLanguage\":\"en-US\",\"@id\":\"https:\\\/\\\/cappiello.fr\\\/en\\\/produit\\\/cachou-lajaunie-2\\\/#primaryimage\",\"url\":\"https:\\\/\\\/cappiello.fr\\\/wp-content\\\/uploads\\\/2024\\\/10\\\/Lithographie-affiche-publicitaire-cachou-lajaunie-cappiello-1900.jpg\",\"contentUrl\":\"https:\\\/\\\/cappiello.fr\\\/wp-content\\\/uploads\\\/2024\\\/10\\\/Lithographie-affiche-publicitaire-cachou-lajaunie-cappiello-1900.jpg\",\"width\":567,\"height\":800,\"caption\":\"Cachou\"},{\"@type\":\"BreadcrumbList\",\"@id\":\"https:\\\/\\\/cappiello.fr\\\/en\\\/produit\\\/cachou-lajaunie-2\\\/#breadcrumb\",\"itemListElement\":[{\"@type\":\"ListItem\",\"position\":1,\"name\":\"Accueil\",\"item\":\"https:\\\/\\\/cappiello.fr\\\/en\\\/\"},{\"@type\":\"ListItem\",\"position\":2,\"name\":\"The works\",\"item\":\"https:\\\/\\\/cappiello.fr\\\/en\\\/the-works\\\/\"},{\"@type\":\"ListItem\",\"position\":3,\"name\":\"Cachou Lajaunie\"}]},{\"@type\":\"WebSite\",\"@id\":\"https:\\\/\\\/cappiello.fr\\\/en\\\/#website\",\"url\":\"https:\\\/\\\/cappiello.fr\\\/en\\\/\",\"name\":\"Catalogue raisonn\u00e9 de Leonetto Cappiello\",\"description\":\"Plongez dans l&#039;univers de Leonetto Cappiello, le p\u00e8re de la publicit\u00e9 moderne\",\"potentialAction\":[{\"@type\":\"SearchAction\",\"target\":{\"@type\":\"EntryPoint\",\"urlTemplate\":\"https:\\\/\\\/cappiello.fr\\\/en\\\/?s={search_term_string}\"},\"query-input\":{\"@type\":\"PropertyValueSpecification\",\"valueRequired\":true,\"valueName\":\"search_term_string\"}}],\"inLanguage\":\"en-US\"}]}<\/script>\n<meta property=\"product:price:currency\" content=\"EUR\" \/>\n<meta property=\"og:availability\" content=\"instock\" \/>\n<meta property=\"product:availability\" content=\"instock\" \/>\n<meta property=\"product:retailer_item_id\" content=\"1900003Z0, 1900003Z1, 1900003Z2 et 1900003Z3\" \/>\n<meta property=\"product:condition\" content=\"new\" \/>\n<!-- \/ Yoast SEO Premium plugin. -->","yoast_head_json":{"title":"Cachou Lajaunie - Catalogue Raisonn\u00e9 de Leonetto Cappiello","description":"A woman dressed in a refined gown with a black feathered hat, holds a lit cigarette in one hand and a tin of cachou to eliminate bad breath in the other.","robots":{"index":"index","follow":"follow","max-snippet":"max-snippet:-1","max-image-preview":"max-image-preview:large","max-video-preview":"max-video-preview:-1"},"canonical":"https:\/\/cappiello.fr\/en\/produit\/cachou-lajaunie-2\/","og_locale":"en_US","og_type":"article","og_title":"Cachou Lajaunie","og_description":"A woman dressed in a refined gown with a black feathered hat, holds a lit cigarette in one hand and a tin of cachou to eliminate bad breath in the other.","og_url":"https:\/\/cappiello.fr\/en\/produit\/cachou-lajaunie-2\/","og_site_name":"Catalogue raisonn\u00e9 de Leonetto Cappiello","article_modified_time":"2025-08-09T14:32:28+00:00","og_image":[{"width":567,"height":800,"url":"https:\/\/cappiello.fr\/wp-content\/uploads\/2024\/10\/Lithographie-affiche-publicitaire-cachou-lajaunie-cappiello-1900.jpg","type":"image\/jpeg"}],"twitter_card":"summary_large_image","twitter_title":"Cachou Lajaunie","twitter_description":"A woman dressed in a refined gown with a black feathered hat, holds a lit cigarette in one hand and a tin of cachou to eliminate bad breath in the other.","twitter_misc":{"Price":"","Availability":"In stock"},"schema":{"@context":"https:\/\/schema.org","@graph":[{"@type":["WebPage","ItemPage"],"@id":"https:\/\/cappiello.fr\/en\/produit\/cachou-lajaunie-2\/","url":"https:\/\/cappiello.fr\/en\/produit\/cachou-lajaunie-2\/","name":"Cachou Lajaunie - Catalogue Raisonn\u00e9 de Leonetto Cappiello","isPartOf":{"@id":"https:\/\/cappiello.fr\/en\/#website"},"primaryImageOfPage":{"@id":"https:\/\/cappiello.fr\/en\/produit\/cachou-lajaunie-2\/#primaryimage"},"image":{"@id":"https:\/\/cappiello.fr\/en\/produit\/cachou-lajaunie-2\/#primaryimage"},"thumbnailUrl":"https:\/\/cappiello.fr\/wp-content\/uploads\/2024\/10\/Lithographie-affiche-publicitaire-cachou-lajaunie-cappiello-1900.jpg","datePublished":"1899-12-31T23:50:39+00:00","dateModified":"2025-08-09T14:32:28+00:00","description":"A woman dressed in a refined gown with a black feathered hat, holds a lit cigarette in one hand and a tin of cachou to eliminate bad breath in the other.","breadcrumb":{"@id":"https:\/\/cappiello.fr\/en\/produit\/cachou-lajaunie-2\/#breadcrumb"},"inLanguage":"en-US","potentialAction":[{"@type":"ReadAction","target":["https:\/\/cappiello.fr\/en\/produit\/cachou-lajaunie-2\/"]}]},{"@type":"ImageObject","inLanguage":"en-US","@id":"https:\/\/cappiello.fr\/en\/produit\/cachou-lajaunie-2\/#primaryimage","url":"https:\/\/cappiello.fr\/wp-content\/uploads\/2024\/10\/Lithographie-affiche-publicitaire-cachou-lajaunie-cappiello-1900.jpg","contentUrl":"https:\/\/cappiello.fr\/wp-content\/uploads\/2024\/10\/Lithographie-affiche-publicitaire-cachou-lajaunie-cappiello-1900.jpg","width":567,"height":800,"caption":"Cachou"},{"@type":"BreadcrumbList","@id":"https:\/\/cappiello.fr\/en\/produit\/cachou-lajaunie-2\/#breadcrumb","itemListElement":[{"@type":"ListItem","position":1,"name":"Accueil","item":"https:\/\/cappiello.fr\/en\/"},{"@type":"ListItem","position":2,"name":"The works","item":"https:\/\/cappiello.fr\/en\/the-works\/"},{"@type":"ListItem","position":3,"name":"Cachou Lajaunie"}]},{"@type":"WebSite","@id":"https:\/\/cappiello.fr\/en\/#website","url":"https:\/\/cappiello.fr\/en\/","name":"Catalogue raisonn\u00e9 de Leonetto Cappiello","description":"Plongez dans l&#039;univers de Leonetto Cappiello, le p\u00e8re de la publicit\u00e9 moderne","potentialAction":[{"@type":"SearchAction","target":{"@type":"EntryPoint","urlTemplate":"https:\/\/cappiello.fr\/en\/?s={search_term_string}"},"query-input":{"@type":"PropertyValueSpecification","valueRequired":true,"valueName":"search_term_string"}}],"inLanguage":"en-US"}]},"product_price_currency":"EUR","og_availability":"instock","product_availability":"instock","product_retailer_item_id":"1900003Z0, 1900003Z1, 1900003Z2 et 1900003Z3","product_condition":"new"},"_links":{"self":[{"href":"https:\/\/cappiello.fr\/en\/wp-json\/wp\/v2\/product\/131922","targetHints":{"allow":["GET"]}}],"collection":[{"href":"https:\/\/cappiello.fr\/en\/wp-json\/wp\/v2\/product"}],"about":[{"href":"https:\/\/cappiello.fr\/en\/wp-json\/wp\/v2\/types\/product"}],"wp:featuredmedia":[{"embeddable":true,"href":"https:\/\/cappiello.fr\/en\/wp-json\/wp\/v2\/media\/134986"}],"wp:attachment":[{"href":"https:\/\/cappiello.fr\/en\/wp-json\/wp\/v2\/media?parent=131922"}],"wp:term":[{"taxonomy":"type-doeuvre","embeddable":true,"href":"https:\/\/cappiello.fr\/en\/wp-json\/wp\/v2\/type-doeuvre?post=131922"},{"taxonomy":"product_brand","embeddable":true,"href":"https:\/\/cappiello.fr\/en\/wp-json\/wp\/v2\/product_brand?post=131922"},{"taxonomy":"product_cat","embeddable":true,"href":"https:\/\/cappiello.fr\/en\/wp-json\/wp\/v2\/product_cat?post=131922"},{"taxonomy":"product_tag","embeddable":true,"href":"https:\/\/cappiello.fr\/en\/wp-json\/wp\/v2\/product_tag?post=131922"}],"curies":[{"name":"wp","href":"https:\/\/api.w.org\/{rel}","templated":true}]}}