{"id":131944,"date":"1932-01-01T00:00:00","date_gmt":"1932-01-01T00:00:00","guid":{"rendered":"https:\/\/cappiello.fr\/produit\/lampes-ccc\/"},"modified":"2025-05-14T08:05:11","modified_gmt":"2025-05-14T06:05:11","slug":"lampes-ccc","status":"publish","type":"product","link":"https:\/\/cappiello.fr\/en\/produit\/lampes-ccc\/","title":{"rendered":"Lampes CCC"},"content":{"rendered":"<p>A black butterfly, symbol of night and darkness, is set against a bright light bulb.<br \/>\nThe letters under the bulb seem to indicate that the brand is CCC or CC.<br \/>\nOriginally the sketch was made for Osram Lamps (see black and white photo).<\/p>\n","protected":false},"excerpt":{"rendered":"<p>Electric light bulbs.<\/p>\n","protected":false},"featured_media":134380,"template":"","meta":{"_acf_changed":false},"type-doeuvre":[4057],"product_brand":[],"product_cat":[3399],"product_tag":[3400,3509],"class_list":{"0":"post-131944","1":"product","2":"type-product","3":"status-publish","4":"has-post-thumbnail","6":"type-doeuvre-affiches","7":"product_cat-electrical-equipment","8":"product_tag-sun-en-13","9":"product_tag-glass-en-10","10":"pa_periode-1930-1940-en","11":"pa_type-de-contenu-maquette-en","13":"first","14":"instock","15":"virtual","16":"product-type-simple"},"acf":[],"yoast_head":"<!-- This site is optimized with the Yoast SEO Premium plugin v27.0 (Yoast SEO v27.4) - https:\/\/yoast.com\/product\/yoast-seo-premium-wordpress\/ -->\n<title>Lampes CCC - Catalogue Raisonn\u00e9 de Leonetto Cappiello<\/title>\n<meta name=\"description\" content=\"A black butterfly, symbol of night and darkness, is contrasted with a bright light bulb. The letters under the bulb seem to say that the brand is CCC or CC. Initially the sketch was made for Osram Lamps (see black and white photo).\" \/>\n<meta name=\"robots\" content=\"index, follow, max-snippet:-1, max-image-preview:large, max-video-preview:-1\" \/>\n<link rel=\"canonical\" href=\"https:\/\/cappiello.fr\/en\/produit\/lampes-ccc\/\" \/>\n<meta property=\"og:locale\" content=\"en_US\" \/>\n<meta property=\"og:type\" content=\"article\" \/>\n<meta property=\"og:title\" content=\"Lampes CCC\" \/>\n<meta property=\"og:description\" content=\"A black butterfly, symbolizing night and darkness, is contrasted with a bright light bulb. The letters beneath the bulb appear to say that the brand is CCC or CC. Initially, the sketch was made for Osram Lamps (see black and white photo).\" \/>\n<meta property=\"og:url\" content=\"https:\/\/cappiello.fr\/en\/produit\/lampes-ccc\/\" \/>\n<meta property=\"og:site_name\" content=\"Catalogue raisonn\u00e9 de Leonetto Cappiello\" \/>\n<meta property=\"article:modified_time\" content=\"2025-05-14T06:05:11+00:00\" \/>\n<meta property=\"og:image\" content=\"https:\/\/cappiello.fr\/wp-content\/uploads\/2024\/10\/Maquette-affiche-publicitaire-lampes-ccc-cappiello-1932.jpg\" \/>\n\t<meta property=\"og:image:width\" content=\"532\" \/>\n\t<meta property=\"og:image:height\" content=\"800\" \/>\n\t<meta property=\"og:image:type\" content=\"image\/jpeg\" \/>\n<meta name=\"twitter:card\" content=\"summary_large_image\" \/>\n<meta name=\"twitter:title\" content=\"Lampes CCC\" \/>\n<meta name=\"twitter:description\" content=\"A black butterfly, symbol of night and darkness, is contrasted with a bright light bulb. The letters beneath the bulb appear to say that the brand is CCC or CC. Initially the sketch was made for Osram Lamps (see black and white photo).\" \/>\n<meta name=\"twitter:label1\" content=\"Price\" \/>\n\t<meta name=\"twitter:data1\" content=\"\" \/>\n\t<meta name=\"twitter:label2\" content=\"Availability\" \/>\n\t<meta name=\"twitter:data2\" content=\"In stock\" \/>\n<script type=\"application\/ld+json\" class=\"yoast-schema-graph\">{\"@context\":\"https:\\\/\\\/schema.org\",\"@graph\":[{\"@type\":[\"WebPage\",\"ItemPage\"],\"@id\":\"https:\\\/\\\/cappiello.fr\\\/en\\\/produit\\\/lampes-ccc\\\/\",\"url\":\"https:\\\/\\\/cappiello.fr\\\/en\\\/produit\\\/lampes-ccc\\\/\",\"name\":\"Lampes CCC - Catalogue Raisonn\u00e9 de Leonetto Cappiello\",\"isPartOf\":{\"@id\":\"https:\\\/\\\/cappiello.fr\\\/en\\\/#website\"},\"primaryImageOfPage\":{\"@id\":\"https:\\\/\\\/cappiello.fr\\\/en\\\/produit\\\/lampes-ccc\\\/#primaryimage\"},\"image\":{\"@id\":\"https:\\\/\\\/cappiello.fr\\\/en\\\/produit\\\/lampes-ccc\\\/#primaryimage\"},\"thumbnailUrl\":\"https:\\\/\\\/cappiello.fr\\\/wp-content\\\/uploads\\\/2024\\\/10\\\/Maquette-affiche-publicitaire-lampes-ccc-cappiello-1932.jpg\",\"datePublished\":\"1932-01-01T00:00:00+00:00\",\"dateModified\":\"2025-05-14T06:05:11+00:00\",\"description\":\"A black butterfly, symbol of night and darkness, is contrasted with a bright light bulb. The letters under the bulb seem to say that the brand is CCC or CC. Initially the sketch was made for Osram Lamps (see black and white photo).\",\"breadcrumb\":{\"@id\":\"https:\\\/\\\/cappiello.fr\\\/en\\\/produit\\\/lampes-ccc\\\/#breadcrumb\"},\"inLanguage\":\"en-US\",\"potentialAction\":[{\"@type\":\"ReadAction\",\"target\":[\"https:\\\/\\\/cappiello.fr\\\/en\\\/produit\\\/lampes-ccc\\\/\"]}]},{\"@type\":\"ImageObject\",\"inLanguage\":\"en-US\",\"@id\":\"https:\\\/\\\/cappiello.fr\\\/en\\\/produit\\\/lampes-ccc\\\/#primaryimage\",\"url\":\"https:\\\/\\\/cappiello.fr\\\/wp-content\\\/uploads\\\/2024\\\/10\\\/Maquette-affiche-publicitaire-lampes-ccc-cappiello-1932.jpg\",\"contentUrl\":\"https:\\\/\\\/cappiello.fr\\\/wp-content\\\/uploads\\\/2024\\\/10\\\/Maquette-affiche-publicitaire-lampes-ccc-cappiello-1932.jpg\",\"width\":532,\"height\":800,\"caption\":\"Ampoules \u00e9lectriques.\"},{\"@type\":\"BreadcrumbList\",\"@id\":\"https:\\\/\\\/cappiello.fr\\\/en\\\/produit\\\/lampes-ccc\\\/#breadcrumb\",\"itemListElement\":[{\"@type\":\"ListItem\",\"position\":1,\"name\":\"Accueil\",\"item\":\"https:\\\/\\\/cappiello.fr\\\/en\\\/\"},{\"@type\":\"ListItem\",\"position\":2,\"name\":\"The works\",\"item\":\"https:\\\/\\\/cappiello.fr\\\/en\\\/the-works\\\/\"},{\"@type\":\"ListItem\",\"position\":3,\"name\":\"Lampes CCC\"}]},{\"@type\":\"WebSite\",\"@id\":\"https:\\\/\\\/cappiello.fr\\\/en\\\/#website\",\"url\":\"https:\\\/\\\/cappiello.fr\\\/en\\\/\",\"name\":\"Catalogue raisonn\u00e9 de Leonetto Cappiello\",\"description\":\"Plongez dans l&#039;univers de Leonetto Cappiello, le p\u00e8re de la publicit\u00e9 moderne\",\"potentialAction\":[{\"@type\":\"SearchAction\",\"target\":{\"@type\":\"EntryPoint\",\"urlTemplate\":\"https:\\\/\\\/cappiello.fr\\\/en\\\/?s={search_term_string}\"},\"query-input\":{\"@type\":\"PropertyValueSpecification\",\"valueRequired\":true,\"valueName\":\"search_term_string\"}}],\"inLanguage\":\"en-US\"}]}<\/script>\n<meta property=\"product:price:currency\" content=\"EUR\" \/>\n<meta property=\"og:availability\" content=\"instock\" \/>\n<meta property=\"product:availability\" content=\"instock\" \/>\n<meta property=\"product:retailer_item_id\" content=\"1932021M0\" \/>\n<meta property=\"product:condition\" content=\"new\" \/>\n<!-- \/ Yoast SEO Premium plugin. -->","yoast_head_json":{"title":"Lampes CCC - Catalogue Raisonn\u00e9 de Leonetto Cappiello","description":"A black butterfly, symbol of night and darkness, is contrasted with a bright light bulb. The letters under the bulb seem to say that the brand is CCC or CC. Initially the sketch was made for Osram Lamps (see black and white photo).","robots":{"index":"index","follow":"follow","max-snippet":"max-snippet:-1","max-image-preview":"max-image-preview:large","max-video-preview":"max-video-preview:-1"},"canonical":"https:\/\/cappiello.fr\/en\/produit\/lampes-ccc\/","og_locale":"en_US","og_type":"article","og_title":"Lampes CCC","og_description":"A black butterfly, symbolizing night and darkness, is contrasted with a bright light bulb. The letters beneath the bulb appear to say that the brand is CCC or CC. Initially, the sketch was made for Osram Lamps (see black and white photo).","og_url":"https:\/\/cappiello.fr\/en\/produit\/lampes-ccc\/","og_site_name":"Catalogue raisonn\u00e9 de Leonetto Cappiello","article_modified_time":"2025-05-14T06:05:11+00:00","og_image":[{"width":532,"height":800,"url":"https:\/\/cappiello.fr\/wp-content\/uploads\/2024\/10\/Maquette-affiche-publicitaire-lampes-ccc-cappiello-1932.jpg","type":"image\/jpeg"}],"twitter_card":"summary_large_image","twitter_title":"Lampes CCC","twitter_description":"A black butterfly, symbol of night and darkness, is contrasted with a bright light bulb. The letters beneath the bulb appear to say that the brand is CCC or CC. Initially the sketch was made for Osram Lamps (see black and white photo).","twitter_misc":{"Price":"","Availability":"In stock"},"schema":{"@context":"https:\/\/schema.org","@graph":[{"@type":["WebPage","ItemPage"],"@id":"https:\/\/cappiello.fr\/en\/produit\/lampes-ccc\/","url":"https:\/\/cappiello.fr\/en\/produit\/lampes-ccc\/","name":"Lampes CCC - Catalogue Raisonn\u00e9 de Leonetto Cappiello","isPartOf":{"@id":"https:\/\/cappiello.fr\/en\/#website"},"primaryImageOfPage":{"@id":"https:\/\/cappiello.fr\/en\/produit\/lampes-ccc\/#primaryimage"},"image":{"@id":"https:\/\/cappiello.fr\/en\/produit\/lampes-ccc\/#primaryimage"},"thumbnailUrl":"https:\/\/cappiello.fr\/wp-content\/uploads\/2024\/10\/Maquette-affiche-publicitaire-lampes-ccc-cappiello-1932.jpg","datePublished":"1932-01-01T00:00:00+00:00","dateModified":"2025-05-14T06:05:11+00:00","description":"A black butterfly, symbol of night and darkness, is contrasted with a bright light bulb. The letters under the bulb seem to say that the brand is CCC or CC. Initially the sketch was made for Osram Lamps (see black and white photo).","breadcrumb":{"@id":"https:\/\/cappiello.fr\/en\/produit\/lampes-ccc\/#breadcrumb"},"inLanguage":"en-US","potentialAction":[{"@type":"ReadAction","target":["https:\/\/cappiello.fr\/en\/produit\/lampes-ccc\/"]}]},{"@type":"ImageObject","inLanguage":"en-US","@id":"https:\/\/cappiello.fr\/en\/produit\/lampes-ccc\/#primaryimage","url":"https:\/\/cappiello.fr\/wp-content\/uploads\/2024\/10\/Maquette-affiche-publicitaire-lampes-ccc-cappiello-1932.jpg","contentUrl":"https:\/\/cappiello.fr\/wp-content\/uploads\/2024\/10\/Maquette-affiche-publicitaire-lampes-ccc-cappiello-1932.jpg","width":532,"height":800,"caption":"Ampoules \u00e9lectriques."},{"@type":"BreadcrumbList","@id":"https:\/\/cappiello.fr\/en\/produit\/lampes-ccc\/#breadcrumb","itemListElement":[{"@type":"ListItem","position":1,"name":"Accueil","item":"https:\/\/cappiello.fr\/en\/"},{"@type":"ListItem","position":2,"name":"The works","item":"https:\/\/cappiello.fr\/en\/the-works\/"},{"@type":"ListItem","position":3,"name":"Lampes CCC"}]},{"@type":"WebSite","@id":"https:\/\/cappiello.fr\/en\/#website","url":"https:\/\/cappiello.fr\/en\/","name":"Catalogue raisonn\u00e9 de Leonetto Cappiello","description":"Plongez dans l&#039;univers de Leonetto Cappiello, le p\u00e8re de la publicit\u00e9 moderne","potentialAction":[{"@type":"SearchAction","target":{"@type":"EntryPoint","urlTemplate":"https:\/\/cappiello.fr\/en\/?s={search_term_string}"},"query-input":{"@type":"PropertyValueSpecification","valueRequired":true,"valueName":"search_term_string"}}],"inLanguage":"en-US"}]},"product_price_currency":"EUR","og_availability":"instock","product_availability":"instock","product_retailer_item_id":"1932021M0","product_condition":"new"},"_links":{"self":[{"href":"https:\/\/cappiello.fr\/en\/wp-json\/wp\/v2\/product\/131944","targetHints":{"allow":["GET"]}}],"collection":[{"href":"https:\/\/cappiello.fr\/en\/wp-json\/wp\/v2\/product"}],"about":[{"href":"https:\/\/cappiello.fr\/en\/wp-json\/wp\/v2\/types\/product"}],"wp:featuredmedia":[{"embeddable":true,"href":"https:\/\/cappiello.fr\/en\/wp-json\/wp\/v2\/media\/134380"}],"wp:attachment":[{"href":"https:\/\/cappiello.fr\/en\/wp-json\/wp\/v2\/media?parent=131944"}],"wp:term":[{"taxonomy":"type-doeuvre","embeddable":true,"href":"https:\/\/cappiello.fr\/en\/wp-json\/wp\/v2\/type-doeuvre?post=131944"},{"taxonomy":"product_brand","embeddable":true,"href":"https:\/\/cappiello.fr\/en\/wp-json\/wp\/v2\/product_brand?post=131944"},{"taxonomy":"product_cat","embeddable":true,"href":"https:\/\/cappiello.fr\/en\/wp-json\/wp\/v2\/product_cat?post=131944"},{"taxonomy":"product_tag","embeddable":true,"href":"https:\/\/cappiello.fr\/en\/wp-json\/wp\/v2\/product_tag?post=131944"}],"curies":[{"name":"wp","href":"https:\/\/api.w.org\/{rel}","templated":true}]}}