{"id":131945,"date":"1913-01-01T00:00:00","date_gmt":"1913-01-01T00:00:00","guid":{"rendered":"https:\/\/cappiello.fr\/produit\/noel-1913\/"},"modified":"2025-05-14T23:39:58","modified_gmt":"2025-05-14T21:39:58","slug":"noel-1913","status":"publish","type":"product","link":"https:\/\/cappiello.fr\/en\/produit\/noel-1913\/","title":{"rendered":"Noel 1913"},"content":{"rendered":"<p>A Gallic rooster at the top of a staircase sings in front of warlike flags, in a blue, white, and red atmosphere.<br \/>\nOriginally (Cf. black and white photo), the letters RF were inscribed in the white.<br \/>\n<br \/>This maquette was sold by Vercasson to La Revue Fran\u00e7aise for the cover of issue No. 9, 9th year, dated 30\/11\/1913.<\/p>\n","protected":false},"excerpt":{"rendered":"<p>Christmas 1913<\/p>\n","protected":false},"featured_media":134713,"template":"","meta":{"_acf_changed":false},"type-doeuvre":[4057],"product_brand":[],"product_cat":[3249],"product_tag":[3452,3521,3593,3437],"class_list":{"0":"post-131945","1":"product","2":"type-product","3":"status-publish","4":"has-post-thumbnail","6":"type-doeuvre-affiches","7":"product_cat-events","8":"product_tag-king-en-2","9":"product_tag-flag","10":"product_tag-smile-en-9","11":"product_tag-walk-en-2","12":"pa_periode-1900-1918-en","13":"pa_type-de-contenu-esquisse-en","15":"first","16":"instock","17":"virtual","18":"product-type-simple"},"acf":[],"yoast_head":"<!-- This site is optimized with the Yoast SEO Premium plugin v27.0 (Yoast SEO v27.4) - https:\/\/yoast.com\/product\/yoast-seo-premium-wordpress\/ -->\n<title>Noel 1913 - Catalogue Raisonn\u00e9 de Leonetto Cappiello<\/title>\n<meta name=\"description\" content=\"A Gallic rooster at the top of a staircase sings in front of war flags, in a blue, white, and red atmosphere. Initially (see black and white photo), the letters RF were inscribed in the white. This model was sold by Vercasson to La Revue Fran\u00e7aise for the cover of issue No. 9, 9th year, dated 30\/11\/1913.\" \/>\n<meta name=\"robots\" content=\"index, follow, max-snippet:-1, max-image-preview:large, max-video-preview:-1\" \/>\n<link rel=\"canonical\" href=\"https:\/\/cappiello.fr\/en\/produit\/noel-1913\/\" \/>\n<meta property=\"og:locale\" content=\"en_US\" \/>\n<meta property=\"og:type\" content=\"article\" \/>\n<meta property=\"og:title\" content=\"Noel 1913\" \/>\n<meta property=\"og:description\" content=\"A Gallic rooster at the top of a staircase sings in front of war flags, in a blue, white, and red atmosphere. Initially (see black and white photo), the letters RF were inscribed in the white. This model was sold by Vercasson to La Revue Fran\u00e7aise for the cover of issue No. 9, 9th year, dated 30\/11\/1913.\" \/>\n<meta property=\"og:url\" content=\"https:\/\/cappiello.fr\/en\/produit\/noel-1913\/\" \/>\n<meta property=\"og:site_name\" content=\"Catalogue raisonn\u00e9 de Leonetto Cappiello\" \/>\n<meta property=\"article:modified_time\" content=\"2025-05-14T21:39:58+00:00\" \/>\n<meta property=\"og:image\" content=\"https:\/\/cappiello.fr\/wp-content\/uploads\/2024\/10\/Esquisse-affiche-publicitaire-noel-1913-cappiello-1913.jpg\" \/>\n\t<meta property=\"og:image:width\" content=\"544\" \/>\n\t<meta property=\"og:image:height\" content=\"800\" \/>\n\t<meta property=\"og:image:type\" content=\"image\/jpeg\" \/>\n<meta name=\"twitter:card\" content=\"summary_large_image\" \/>\n<meta name=\"twitter:title\" content=\"Noel 1913\" \/>\n<meta name=\"twitter:description\" content=\"A Gallic rooster at the top of a staircase sings in front of war flags, in a blue, white, and red atmosphere. Initially (see black and white photo), the letters RF were inscribed in the white. This model was sold by Vercasson to La Revue Fran\u00e7aise for the cover of issue No. 9, 9th year, dated 30\/11\/1913.\" \/>\n<meta name=\"twitter:label1\" content=\"Price\" \/>\n\t<meta name=\"twitter:data1\" content=\"\" \/>\n\t<meta name=\"twitter:label2\" content=\"Availability\" \/>\n\t<meta name=\"twitter:data2\" content=\"In stock\" \/>\n<script type=\"application\/ld+json\" class=\"yoast-schema-graph\">{\"@context\":\"https:\\\/\\\/schema.org\",\"@graph\":[{\"@type\":[\"WebPage\",\"ItemPage\"],\"@id\":\"https:\\\/\\\/cappiello.fr\\\/en\\\/produit\\\/noel-1913\\\/\",\"url\":\"https:\\\/\\\/cappiello.fr\\\/en\\\/produit\\\/noel-1913\\\/\",\"name\":\"Noel 1913 - Catalogue Raisonn\u00e9 de Leonetto Cappiello\",\"isPartOf\":{\"@id\":\"https:\\\/\\\/cappiello.fr\\\/en\\\/#website\"},\"primaryImageOfPage\":{\"@id\":\"https:\\\/\\\/cappiello.fr\\\/en\\\/produit\\\/noel-1913\\\/#primaryimage\"},\"image\":{\"@id\":\"https:\\\/\\\/cappiello.fr\\\/en\\\/produit\\\/noel-1913\\\/#primaryimage\"},\"thumbnailUrl\":\"https:\\\/\\\/cappiello.fr\\\/wp-content\\\/uploads\\\/2024\\\/10\\\/Esquisse-affiche-publicitaire-noel-1913-cappiello-1913.jpg\",\"datePublished\":\"1913-01-01T00:00:00+00:00\",\"dateModified\":\"2025-05-14T21:39:58+00:00\",\"description\":\"A Gallic rooster at the top of a staircase sings in front of war flags, in a blue, white, and red atmosphere. Initially (see black and white photo), the letters RF were inscribed in the white. This model was sold by Vercasson to La Revue Fran\u00e7aise for the cover of issue No. 9, 9th year, dated 30\\\/11\\\/1913.\",\"breadcrumb\":{\"@id\":\"https:\\\/\\\/cappiello.fr\\\/en\\\/produit\\\/noel-1913\\\/#breadcrumb\"},\"inLanguage\":\"en-US\",\"potentialAction\":[{\"@type\":\"ReadAction\",\"target\":[\"https:\\\/\\\/cappiello.fr\\\/en\\\/produit\\\/noel-1913\\\/\"]}]},{\"@type\":\"ImageObject\",\"inLanguage\":\"en-US\",\"@id\":\"https:\\\/\\\/cappiello.fr\\\/en\\\/produit\\\/noel-1913\\\/#primaryimage\",\"url\":\"https:\\\/\\\/cappiello.fr\\\/wp-content\\\/uploads\\\/2024\\\/10\\\/Esquisse-affiche-publicitaire-noel-1913-cappiello-1913.jpg\",\"contentUrl\":\"https:\\\/\\\/cappiello.fr\\\/wp-content\\\/uploads\\\/2024\\\/10\\\/Esquisse-affiche-publicitaire-noel-1913-cappiello-1913.jpg\",\"width\":544,\"height\":800,\"caption\":\"Noel 1913\"},{\"@type\":\"BreadcrumbList\",\"@id\":\"https:\\\/\\\/cappiello.fr\\\/en\\\/produit\\\/noel-1913\\\/#breadcrumb\",\"itemListElement\":[{\"@type\":\"ListItem\",\"position\":1,\"name\":\"Accueil\",\"item\":\"https:\\\/\\\/cappiello.fr\\\/en\\\/\"},{\"@type\":\"ListItem\",\"position\":2,\"name\":\"The works\",\"item\":\"https:\\\/\\\/cappiello.fr\\\/en\\\/the-works\\\/\"},{\"@type\":\"ListItem\",\"position\":3,\"name\":\"Noel 1913\"}]},{\"@type\":\"WebSite\",\"@id\":\"https:\\\/\\\/cappiello.fr\\\/en\\\/#website\",\"url\":\"https:\\\/\\\/cappiello.fr\\\/en\\\/\",\"name\":\"Catalogue raisonn\u00e9 de Leonetto Cappiello\",\"description\":\"Plongez dans l&#039;univers de Leonetto Cappiello, le p\u00e8re de la publicit\u00e9 moderne\",\"potentialAction\":[{\"@type\":\"SearchAction\",\"target\":{\"@type\":\"EntryPoint\",\"urlTemplate\":\"https:\\\/\\\/cappiello.fr\\\/en\\\/?s={search_term_string}\"},\"query-input\":{\"@type\":\"PropertyValueSpecification\",\"valueRequired\":true,\"valueName\":\"search_term_string\"}}],\"inLanguage\":\"en-US\"}]}<\/script>\n<meta property=\"product:price:currency\" content=\"EUR\" \/>\n<meta property=\"og:availability\" content=\"instock\" \/>\n<meta property=\"product:availability\" content=\"instock\" \/>\n<meta property=\"product:retailer_item_id\" content=\"1913012EO\" \/>\n<meta property=\"product:condition\" content=\"new\" \/>\n<!-- \/ Yoast SEO Premium plugin. -->","yoast_head_json":{"title":"Noel 1913 - Catalogue Raisonn\u00e9 de Leonetto Cappiello","description":"A Gallic rooster at the top of a staircase sings in front of war flags, in a blue, white, and red atmosphere. Initially (see black and white photo), the letters RF were inscribed in the white. This model was sold by Vercasson to La Revue Fran\u00e7aise for the cover of issue No. 9, 9th year, dated 30\/11\/1913.","robots":{"index":"index","follow":"follow","max-snippet":"max-snippet:-1","max-image-preview":"max-image-preview:large","max-video-preview":"max-video-preview:-1"},"canonical":"https:\/\/cappiello.fr\/en\/produit\/noel-1913\/","og_locale":"en_US","og_type":"article","og_title":"Noel 1913","og_description":"A Gallic rooster at the top of a staircase sings in front of war flags, in a blue, white, and red atmosphere. Initially (see black and white photo), the letters RF were inscribed in the white. This model was sold by Vercasson to La Revue Fran\u00e7aise for the cover of issue No. 9, 9th year, dated 30\/11\/1913.","og_url":"https:\/\/cappiello.fr\/en\/produit\/noel-1913\/","og_site_name":"Catalogue raisonn\u00e9 de Leonetto Cappiello","article_modified_time":"2025-05-14T21:39:58+00:00","og_image":[{"width":544,"height":800,"url":"https:\/\/cappiello.fr\/wp-content\/uploads\/2024\/10\/Esquisse-affiche-publicitaire-noel-1913-cappiello-1913.jpg","type":"image\/jpeg"}],"twitter_card":"summary_large_image","twitter_title":"Noel 1913","twitter_description":"A Gallic rooster at the top of a staircase sings in front of war flags, in a blue, white, and red atmosphere. Initially (see black and white photo), the letters RF were inscribed in the white. This model was sold by Vercasson to La Revue Fran\u00e7aise for the cover of issue No. 9, 9th year, dated 30\/11\/1913.","twitter_misc":{"Price":"","Availability":"In stock"},"schema":{"@context":"https:\/\/schema.org","@graph":[{"@type":["WebPage","ItemPage"],"@id":"https:\/\/cappiello.fr\/en\/produit\/noel-1913\/","url":"https:\/\/cappiello.fr\/en\/produit\/noel-1913\/","name":"Noel 1913 - Catalogue Raisonn\u00e9 de Leonetto Cappiello","isPartOf":{"@id":"https:\/\/cappiello.fr\/en\/#website"},"primaryImageOfPage":{"@id":"https:\/\/cappiello.fr\/en\/produit\/noel-1913\/#primaryimage"},"image":{"@id":"https:\/\/cappiello.fr\/en\/produit\/noel-1913\/#primaryimage"},"thumbnailUrl":"https:\/\/cappiello.fr\/wp-content\/uploads\/2024\/10\/Esquisse-affiche-publicitaire-noel-1913-cappiello-1913.jpg","datePublished":"1913-01-01T00:00:00+00:00","dateModified":"2025-05-14T21:39:58+00:00","description":"A Gallic rooster at the top of a staircase sings in front of war flags, in a blue, white, and red atmosphere. Initially (see black and white photo), the letters RF were inscribed in the white. This model was sold by Vercasson to La Revue Fran\u00e7aise for the cover of issue No. 9, 9th year, dated 30\/11\/1913.","breadcrumb":{"@id":"https:\/\/cappiello.fr\/en\/produit\/noel-1913\/#breadcrumb"},"inLanguage":"en-US","potentialAction":[{"@type":"ReadAction","target":["https:\/\/cappiello.fr\/en\/produit\/noel-1913\/"]}]},{"@type":"ImageObject","inLanguage":"en-US","@id":"https:\/\/cappiello.fr\/en\/produit\/noel-1913\/#primaryimage","url":"https:\/\/cappiello.fr\/wp-content\/uploads\/2024\/10\/Esquisse-affiche-publicitaire-noel-1913-cappiello-1913.jpg","contentUrl":"https:\/\/cappiello.fr\/wp-content\/uploads\/2024\/10\/Esquisse-affiche-publicitaire-noel-1913-cappiello-1913.jpg","width":544,"height":800,"caption":"Noel 1913"},{"@type":"BreadcrumbList","@id":"https:\/\/cappiello.fr\/en\/produit\/noel-1913\/#breadcrumb","itemListElement":[{"@type":"ListItem","position":1,"name":"Accueil","item":"https:\/\/cappiello.fr\/en\/"},{"@type":"ListItem","position":2,"name":"The works","item":"https:\/\/cappiello.fr\/en\/the-works\/"},{"@type":"ListItem","position":3,"name":"Noel 1913"}]},{"@type":"WebSite","@id":"https:\/\/cappiello.fr\/en\/#website","url":"https:\/\/cappiello.fr\/en\/","name":"Catalogue raisonn\u00e9 de Leonetto Cappiello","description":"Plongez dans l&#039;univers de Leonetto Cappiello, le p\u00e8re de la publicit\u00e9 moderne","potentialAction":[{"@type":"SearchAction","target":{"@type":"EntryPoint","urlTemplate":"https:\/\/cappiello.fr\/en\/?s={search_term_string}"},"query-input":{"@type":"PropertyValueSpecification","valueRequired":true,"valueName":"search_term_string"}}],"inLanguage":"en-US"}]},"product_price_currency":"EUR","og_availability":"instock","product_availability":"instock","product_retailer_item_id":"1913012EO","product_condition":"new"},"_links":{"self":[{"href":"https:\/\/cappiello.fr\/en\/wp-json\/wp\/v2\/product\/131945","targetHints":{"allow":["GET"]}}],"collection":[{"href":"https:\/\/cappiello.fr\/en\/wp-json\/wp\/v2\/product"}],"about":[{"href":"https:\/\/cappiello.fr\/en\/wp-json\/wp\/v2\/types\/product"}],"wp:featuredmedia":[{"embeddable":true,"href":"https:\/\/cappiello.fr\/en\/wp-json\/wp\/v2\/media\/134713"}],"wp:attachment":[{"href":"https:\/\/cappiello.fr\/en\/wp-json\/wp\/v2\/media?parent=131945"}],"wp:term":[{"taxonomy":"type-doeuvre","embeddable":true,"href":"https:\/\/cappiello.fr\/en\/wp-json\/wp\/v2\/type-doeuvre?post=131945"},{"taxonomy":"product_brand","embeddable":true,"href":"https:\/\/cappiello.fr\/en\/wp-json\/wp\/v2\/product_brand?post=131945"},{"taxonomy":"product_cat","embeddable":true,"href":"https:\/\/cappiello.fr\/en\/wp-json\/wp\/v2\/product_cat?post=131945"},{"taxonomy":"product_tag","embeddable":true,"href":"https:\/\/cappiello.fr\/en\/wp-json\/wp\/v2\/product_tag?post=131945"}],"curies":[{"name":"wp","href":"https:\/\/api.w.org\/{rel}","templated":true}]}}