{"id":132020,"date":"1912-01-01T00:00:00","date_gmt":"1912-01-01T00:00:00","guid":{"rendered":"https:\/\/cappiello.fr\/produit\/savon-extra-la-vierge\/"},"modified":"2025-05-14T23:40:46","modified_gmt":"2025-05-14T21:40:46","slug":"savon-extra-la-vierge","status":"publish","type":"product","link":"https:\/\/cappiello.fr\/en\/produit\/savon-extra-la-vierge\/","title":{"rendered":"Savon Extra \/ La Vierge"},"content":{"rendered":"<p>The poster features the logo molded on the soap, namely the Virgin placing her foot on a serpent. But Cappiello modernized the image of the Virgin and made it even more &#8220;pure.&#8221;<\/p>\n","protected":false},"excerpt":{"rendered":"<p>The Felix Eydoux soap factory was founded in 1855 in Marseille. It produced up to 50 tons of soap per day of exceptional quality. Made with the finest oils, it won numerous awards.<br \/>\nTo prevent counterfeiting, the soap featured on one side the Virgin Mary stepping on a snake and on the other the inscription: &#8220;Felix Eydoux, Marseille, Olive oil.&#8221;<br \/>\nThe soap factory still exists today.<\/p>\n","protected":false},"featured_media":134093,"template":"","meta":{"_acf_changed":false},"type-doeuvre":[4057],"product_brand":[],"product_cat":[3263],"product_tag":[3298,3782,3281,3546,3657],"class_list":{"0":"post-132020","1":"product","2":"type-product","3":"status-publish","4":"has-post-thumbnail","6":"type-doeuvre-affiches","7":"product_cat-cosmetics","8":"product_tag-show","9":"product_tag-long-dress-en-4","10":"product_tag-turban-en-4","11":"product_tag-smile-en-6","12":"product_tag-sun-en-19","13":"pa_periode-1900-1918-en","14":"pa_type-de-contenu-lithography","16":"first","17":"instock","18":"virtual","19":"product-type-simple"},"acf":[],"yoast_head":"<!-- This site is optimized with the Yoast SEO Premium plugin v27.0 (Yoast SEO v27.4) - https:\/\/yoast.com\/product\/yoast-seo-premium-wordpress\/ -->\n<title>Savon Extra \/ La Vierge - Catalogue Raisonn\u00e9 de Leonetto Cappiello<\/title>\n<meta name=\"description\" content=\"The poster reproduces the logo molded on the soap bar, namely the Virgin stepping on a snake. But Cappiello modernized the Virgin&#039;s image and made it even more &quot;pure&quot;.\" \/>\n<meta name=\"robots\" content=\"index, follow, max-snippet:-1, max-image-preview:large, max-video-preview:-1\" \/>\n<link rel=\"canonical\" href=\"https:\/\/cappiello.fr\/en\/produit\/savon-extra-la-vierge\/\" \/>\n<meta property=\"og:locale\" content=\"en_US\" \/>\n<meta property=\"og:type\" content=\"article\" \/>\n<meta property=\"og:title\" content=\"Savon Extra \/ La Vierge\" \/>\n<meta property=\"og:description\" content=\"The poster reproduces the logo molded on the soap bar, namely the Virgin stepping on a snake. But Cappiello modernized the Virgin&#039;s image and made it even more &quot;pure&quot;.\" \/>\n<meta property=\"og:url\" content=\"https:\/\/cappiello.fr\/en\/produit\/savon-extra-la-vierge\/\" \/>\n<meta property=\"og:site_name\" content=\"Catalogue raisonn\u00e9 de Leonetto Cappiello\" \/>\n<meta property=\"article:modified_time\" content=\"2025-05-14T21:40:46+00:00\" \/>\n<meta property=\"og:image\" content=\"https:\/\/cappiello.fr\/wp-content\/uploads\/2024\/10\/Lithographie-affiche-publicitaire-savon-extra-la-vierge-cappiello-1912.jpg\" \/>\n\t<meta property=\"og:image:width\" content=\"603\" \/>\n\t<meta property=\"og:image:height\" content=\"800\" \/>\n\t<meta property=\"og:image:type\" content=\"image\/jpeg\" \/>\n<meta name=\"twitter:card\" content=\"summary_large_image\" \/>\n<meta name=\"twitter:title\" content=\"Savon Extra \/ La Vierge\" \/>\n<meta name=\"twitter:description\" content=\"The poster reproduces the logo molded on the soap bar, namely the Virgin stepping on a snake. But Cappiello modernized the Virgin&#039;s image and made it even more &quot;pure&quot;.\" \/>\n<meta name=\"twitter:label1\" content=\"Price\" \/>\n\t<meta name=\"twitter:data1\" content=\"\" \/>\n\t<meta name=\"twitter:label2\" content=\"Availability\" \/>\n\t<meta name=\"twitter:data2\" content=\"In stock\" \/>\n<script type=\"application\/ld+json\" class=\"yoast-schema-graph\">{\"@context\":\"https:\\\/\\\/schema.org\",\"@graph\":[{\"@type\":[\"WebPage\",\"ItemPage\"],\"@id\":\"https:\\\/\\\/cappiello.fr\\\/en\\\/produit\\\/savon-extra-la-vierge\\\/\",\"url\":\"https:\\\/\\\/cappiello.fr\\\/en\\\/produit\\\/savon-extra-la-vierge\\\/\",\"name\":\"Savon Extra \\\/ La Vierge - Catalogue Raisonn\u00e9 de Leonetto Cappiello\",\"isPartOf\":{\"@id\":\"https:\\\/\\\/cappiello.fr\\\/en\\\/#website\"},\"primaryImageOfPage\":{\"@id\":\"https:\\\/\\\/cappiello.fr\\\/en\\\/produit\\\/savon-extra-la-vierge\\\/#primaryimage\"},\"image\":{\"@id\":\"https:\\\/\\\/cappiello.fr\\\/en\\\/produit\\\/savon-extra-la-vierge\\\/#primaryimage\"},\"thumbnailUrl\":\"https:\\\/\\\/cappiello.fr\\\/wp-content\\\/uploads\\\/2024\\\/10\\\/Lithographie-affiche-publicitaire-savon-extra-la-vierge-cappiello-1912.jpg\",\"datePublished\":\"1912-01-01T00:00:00+00:00\",\"dateModified\":\"2025-05-14T21:40:46+00:00\",\"description\":\"The poster reproduces the logo molded on the soap bar, namely the Virgin stepping on a snake. But Cappiello modernized the Virgin's image and made it even more \\\"pure\\\".\",\"breadcrumb\":{\"@id\":\"https:\\\/\\\/cappiello.fr\\\/en\\\/produit\\\/savon-extra-la-vierge\\\/#breadcrumb\"},\"inLanguage\":\"en-US\",\"potentialAction\":[{\"@type\":\"ReadAction\",\"target\":[\"https:\\\/\\\/cappiello.fr\\\/en\\\/produit\\\/savon-extra-la-vierge\\\/\"]}]},{\"@type\":\"ImageObject\",\"inLanguage\":\"en-US\",\"@id\":\"https:\\\/\\\/cappiello.fr\\\/en\\\/produit\\\/savon-extra-la-vierge\\\/#primaryimage\",\"url\":\"https:\\\/\\\/cappiello.fr\\\/wp-content\\\/uploads\\\/2024\\\/10\\\/Lithographie-affiche-publicitaire-savon-extra-la-vierge-cappiello-1912.jpg\",\"contentUrl\":\"https:\\\/\\\/cappiello.fr\\\/wp-content\\\/uploads\\\/2024\\\/10\\\/Lithographie-affiche-publicitaire-savon-extra-la-vierge-cappiello-1912.jpg\",\"width\":603,\"height\":800,\"caption\":\"La savonnerie Felix Eydoux a \u00e9t\u00e9 fond\u00e9e en 1855 \u00e0 Marseille. Elle a produit jusqu'\u00e0 50 tonnes de savon par jour d'une qualit\u00e9 exceptionnelle. Fabriqu\u00e9 avec les meilleures huiles\"},{\"@type\":\"BreadcrumbList\",\"@id\":\"https:\\\/\\\/cappiello.fr\\\/en\\\/produit\\\/savon-extra-la-vierge\\\/#breadcrumb\",\"itemListElement\":[{\"@type\":\"ListItem\",\"position\":1,\"name\":\"Accueil\",\"item\":\"https:\\\/\\\/cappiello.fr\\\/en\\\/\"},{\"@type\":\"ListItem\",\"position\":2,\"name\":\"The works\",\"item\":\"https:\\\/\\\/cappiello.fr\\\/en\\\/the-works\\\/\"},{\"@type\":\"ListItem\",\"position\":3,\"name\":\"Savon Extra \\\/ La Vierge\"}]},{\"@type\":\"WebSite\",\"@id\":\"https:\\\/\\\/cappiello.fr\\\/en\\\/#website\",\"url\":\"https:\\\/\\\/cappiello.fr\\\/en\\\/\",\"name\":\"Catalogue raisonn\u00e9 de Leonetto Cappiello\",\"description\":\"Plongez dans l&#039;univers de Leonetto Cappiello, le p\u00e8re de la publicit\u00e9 moderne\",\"potentialAction\":[{\"@type\":\"SearchAction\",\"target\":{\"@type\":\"EntryPoint\",\"urlTemplate\":\"https:\\\/\\\/cappiello.fr\\\/en\\\/?s={search_term_string}\"},\"query-input\":{\"@type\":\"PropertyValueSpecification\",\"valueRequired\":true,\"valueName\":\"search_term_string\"}}],\"inLanguage\":\"en-US\"}]}<\/script>\n<meta property=\"product:price:currency\" content=\"EUR\" \/>\n<meta property=\"og:availability\" content=\"instock\" \/>\n<meta property=\"product:availability\" content=\"instock\" \/>\n<meta property=\"product:retailer_item_id\" content=\"1912215Z0\" \/>\n<meta property=\"product:condition\" content=\"new\" \/>\n<!-- \/ Yoast SEO Premium plugin. -->","yoast_head_json":{"title":"Savon Extra \/ La Vierge - Catalogue Raisonn\u00e9 de Leonetto Cappiello","description":"The poster reproduces the logo molded on the soap bar, namely the Virgin stepping on a snake. But Cappiello modernized the Virgin's image and made it even more \"pure\".","robots":{"index":"index","follow":"follow","max-snippet":"max-snippet:-1","max-image-preview":"max-image-preview:large","max-video-preview":"max-video-preview:-1"},"canonical":"https:\/\/cappiello.fr\/en\/produit\/savon-extra-la-vierge\/","og_locale":"en_US","og_type":"article","og_title":"Savon Extra \/ La Vierge","og_description":"The poster reproduces the logo molded on the soap bar, namely the Virgin stepping on a snake. But Cappiello modernized the Virgin's image and made it even more \"pure\".","og_url":"https:\/\/cappiello.fr\/en\/produit\/savon-extra-la-vierge\/","og_site_name":"Catalogue raisonn\u00e9 de Leonetto Cappiello","article_modified_time":"2025-05-14T21:40:46+00:00","og_image":[{"width":603,"height":800,"url":"https:\/\/cappiello.fr\/wp-content\/uploads\/2024\/10\/Lithographie-affiche-publicitaire-savon-extra-la-vierge-cappiello-1912.jpg","type":"image\/jpeg"}],"twitter_card":"summary_large_image","twitter_title":"Savon Extra \/ La Vierge","twitter_description":"The poster reproduces the logo molded on the soap bar, namely the Virgin stepping on a snake. But Cappiello modernized the Virgin's image and made it even more \"pure\".","twitter_misc":{"Price":"","Availability":"In stock"},"schema":{"@context":"https:\/\/schema.org","@graph":[{"@type":["WebPage","ItemPage"],"@id":"https:\/\/cappiello.fr\/en\/produit\/savon-extra-la-vierge\/","url":"https:\/\/cappiello.fr\/en\/produit\/savon-extra-la-vierge\/","name":"Savon Extra \/ La Vierge - Catalogue Raisonn\u00e9 de Leonetto Cappiello","isPartOf":{"@id":"https:\/\/cappiello.fr\/en\/#website"},"primaryImageOfPage":{"@id":"https:\/\/cappiello.fr\/en\/produit\/savon-extra-la-vierge\/#primaryimage"},"image":{"@id":"https:\/\/cappiello.fr\/en\/produit\/savon-extra-la-vierge\/#primaryimage"},"thumbnailUrl":"https:\/\/cappiello.fr\/wp-content\/uploads\/2024\/10\/Lithographie-affiche-publicitaire-savon-extra-la-vierge-cappiello-1912.jpg","datePublished":"1912-01-01T00:00:00+00:00","dateModified":"2025-05-14T21:40:46+00:00","description":"The poster reproduces the logo molded on the soap bar, namely the Virgin stepping on a snake. But Cappiello modernized the Virgin's image and made it even more \"pure\".","breadcrumb":{"@id":"https:\/\/cappiello.fr\/en\/produit\/savon-extra-la-vierge\/#breadcrumb"},"inLanguage":"en-US","potentialAction":[{"@type":"ReadAction","target":["https:\/\/cappiello.fr\/en\/produit\/savon-extra-la-vierge\/"]}]},{"@type":"ImageObject","inLanguage":"en-US","@id":"https:\/\/cappiello.fr\/en\/produit\/savon-extra-la-vierge\/#primaryimage","url":"https:\/\/cappiello.fr\/wp-content\/uploads\/2024\/10\/Lithographie-affiche-publicitaire-savon-extra-la-vierge-cappiello-1912.jpg","contentUrl":"https:\/\/cappiello.fr\/wp-content\/uploads\/2024\/10\/Lithographie-affiche-publicitaire-savon-extra-la-vierge-cappiello-1912.jpg","width":603,"height":800,"caption":"La savonnerie Felix Eydoux a \u00e9t\u00e9 fond\u00e9e en 1855 \u00e0 Marseille. Elle a produit jusqu'\u00e0 50 tonnes de savon par jour d'une qualit\u00e9 exceptionnelle. Fabriqu\u00e9 avec les meilleures huiles"},{"@type":"BreadcrumbList","@id":"https:\/\/cappiello.fr\/en\/produit\/savon-extra-la-vierge\/#breadcrumb","itemListElement":[{"@type":"ListItem","position":1,"name":"Accueil","item":"https:\/\/cappiello.fr\/en\/"},{"@type":"ListItem","position":2,"name":"The works","item":"https:\/\/cappiello.fr\/en\/the-works\/"},{"@type":"ListItem","position":3,"name":"Savon Extra \/ La Vierge"}]},{"@type":"WebSite","@id":"https:\/\/cappiello.fr\/en\/#website","url":"https:\/\/cappiello.fr\/en\/","name":"Catalogue raisonn\u00e9 de Leonetto Cappiello","description":"Plongez dans l&#039;univers de Leonetto Cappiello, le p\u00e8re de la publicit\u00e9 moderne","potentialAction":[{"@type":"SearchAction","target":{"@type":"EntryPoint","urlTemplate":"https:\/\/cappiello.fr\/en\/?s={search_term_string}"},"query-input":{"@type":"PropertyValueSpecification","valueRequired":true,"valueName":"search_term_string"}}],"inLanguage":"en-US"}]},"product_price_currency":"EUR","og_availability":"instock","product_availability":"instock","product_retailer_item_id":"1912215Z0","product_condition":"new"},"_links":{"self":[{"href":"https:\/\/cappiello.fr\/en\/wp-json\/wp\/v2\/product\/132020","targetHints":{"allow":["GET"]}}],"collection":[{"href":"https:\/\/cappiello.fr\/en\/wp-json\/wp\/v2\/product"}],"about":[{"href":"https:\/\/cappiello.fr\/en\/wp-json\/wp\/v2\/types\/product"}],"wp:featuredmedia":[{"embeddable":true,"href":"https:\/\/cappiello.fr\/en\/wp-json\/wp\/v2\/media\/134093"}],"wp:attachment":[{"href":"https:\/\/cappiello.fr\/en\/wp-json\/wp\/v2\/media?parent=132020"}],"wp:term":[{"taxonomy":"type-doeuvre","embeddable":true,"href":"https:\/\/cappiello.fr\/en\/wp-json\/wp\/v2\/type-doeuvre?post=132020"},{"taxonomy":"product_brand","embeddable":true,"href":"https:\/\/cappiello.fr\/en\/wp-json\/wp\/v2\/product_brand?post=132020"},{"taxonomy":"product_cat","embeddable":true,"href":"https:\/\/cappiello.fr\/en\/wp-json\/wp\/v2\/product_cat?post=132020"},{"taxonomy":"product_tag","embeddable":true,"href":"https:\/\/cappiello.fr\/en\/wp-json\/wp\/v2\/product_tag?post=132020"}],"curies":[{"name":"wp","href":"https:\/\/api.w.org\/{rel}","templated":true}]}}